{"id":2970,"date":"2026-01-06T15:17:26","date_gmt":"2026-01-06T14:17:26","guid":{"rendered":"https:\/\/www.planete-sciences.org\/vendee\/?page_id=2970"},"modified":"2026-03-05T15:37:43","modified_gmt":"2026-03-05T14:37:43","slug":"bienvenue-sur-egali-sciences","status":"publish","type":"page","link":"https:\/\/www.planete-sciences.org\/vendee\/bienvenue-sur-egali-sciences\/","title":{"rendered":"\ud83d\ude80Bienvenue sur Egali Sciences &#8211; D\u00e9fi ALSH !"},"content":{"rendered":"<div class=\"wp-block-image\">\n<figure class=\"aligncenter size-large is-resized\"><a href=\"https:\/\/www.planete-sciences.org\/vendee\/wp-content\/uploads\/2026\/03\/Egali-sciences.pdf\" target=\"_blank\" rel=\"noreferrer noopener\"><img loading=\"lazy\" decoding=\"async\" width=\"724\" height=\"1024\" src=\"https:\/\/www.planete-sciences.org\/vendee\/wp-content\/uploads\/2026\/03\/Votre-texte-de-paragraphe-724x1024.png\" alt=\"\" class=\"wp-image-3052\" style=\"width:440px;height:auto\" srcset=\"https:\/\/www.planete-sciences.org\/vendee\/wp-content\/uploads\/2026\/03\/Votre-texte-de-paragraphe-724x1024.png 724w, https:\/\/www.planete-sciences.org\/vendee\/wp-content\/uploads\/2026\/03\/Votre-texte-de-paragraphe-212x300.png 212w, https:\/\/www.planete-sciences.org\/vendee\/wp-content\/uploads\/2026\/03\/Votre-texte-de-paragraphe-768x1086.png 768w, https:\/\/www.planete-sciences.org\/vendee\/wp-content\/uploads\/2026\/03\/Votre-texte-de-paragraphe-1086x1536.png 1086w, https:\/\/www.planete-sciences.org\/vendee\/wp-content\/uploads\/2026\/03\/Votre-texte-de-paragraphe-1x1.png 1w, https:\/\/www.planete-sciences.org\/vendee\/wp-content\/uploads\/2026\/03\/Votre-texte-de-paragraphe.png 1414w\" sizes=\"(max-width: 724px) 100vw, 724px\" \/><\/a><\/figure><\/div>\n\n\n<h2 class=\"wp-block-heading\">Pr\u00eats \u00e0 transformer votre centre de loisirs en laboratoire d\u2019exploration ?<\/h2>\n\n\n\n<p>\u00c0 l\u2019occasion du <strong>8 mars<\/strong>, Plan\u00e8te Sciences Vend\u00e9e lance le d\u00e9fi <strong>Egali Sciences<\/strong>. Pas besoin d&rsquo;\u00eatre un expert ou d&rsquo;avoir un laboratoire de pointe : avec du mat\u00e9riel de tous les jours et une bonne dose de curiosit\u00e9, tout devient possible !<\/p>\n\n\n\n<hr class=\"wp-block-separator has-alpha-channel-opacity\"\/>\n\n\n\n<h3 class=\"wp-block-heading\">\ud83d\udca1 Le concept : 4 jours, 4 d\u00e9fis, 8 visages<\/h3>\n\n\n\n<p>Chaque fiche d\u00e9fi vous propose une exp\u00e9rience fun \u00e0 r\u00e9aliser avec les enfants et met en lumi\u00e8re <strong>un homme et une femme scientifiques<\/strong> qui ont marqu\u00e9 l&rsquo;histoire dans leur domaine. Parce que la science est une aventure qui appartient \u00e0 tout le monde !<\/p>\n\n\n\n<h3 class=\"wp-block-heading\"><a href=\"https:\/\/drive.google.com\/drive\/folders\/1kDvLpCjEXhN3sXusS_hTUU7mVJR3wquf?usp=sharing\">\ud83d\udc47 T\u00e9l\u00e9chargez ici vos fiches d\u00e9fis (PDF)<\/a><\/h3>\n\n\n\n<hr class=\"wp-block-separator has-alpha-channel-opacity\"\/>\n\n\n\n<h2 class=\"wp-block-heading\">\ud83c\udfc6 Participez au Grand Concours !<\/h2>\n\n\n\n<p><strong>Faites briller votre centre et gagnez une journ\u00e9e d&rsquo;animation !<\/strong> \ud83c\udf81<\/p>\n\n\n\n<p>Nous voulons voir vos futurs g\u00e9nies en action. Participez \u00e0 notre concours pour tenter de remporter un <strong>atelier scientifique GRATUIT<\/strong> anim\u00e9 directement chez vous par l&rsquo;\u00e9quipe de Plan\u00e8te Sciences Vend\u00e9e ! (\u00c0 r\u00e9aliser d&rsquo;ici fin 2026).<\/p>\n\n\n\n<h3 class=\"wp-block-heading\">Comment jouer ?<\/h3>\n\n\n\n<p>\ud83e\uddea <strong>R\u00e9alisez<\/strong> l&rsquo;un des 4 d\u00e9fis avec votre groupe.<\/p>\n\n\n\n<p>\ud83d\udcf8 <strong>Capturez<\/strong> l&rsquo;instant : prenez une photo ou une vid\u00e9o fun de l&rsquo;exp\u00e9rience en cours.<\/p>\n\n\n\n<p>\ud83d\udce9 <strong>Envoyez<\/strong> votre cr\u00e9ation \u00e0 : <strong>larochesuryon@planete-sciences.org<\/strong><\/p>\n\n\n\n<hr class=\"wp-block-separator has-alpha-channel-opacity\"\/>\n\n\n\n<h2 class=\"wp-block-heading\">\ud83d\udee0\ufe0f Le mat\u00e9riel n\u00e9cessaire<\/h2>\n\n\n\n<p>Rassurez-vous, vous avez d\u00e9j\u00e0 tout dans vos placards ! \ud83d\udce6<\/p>\n\n\n\n<p>\ud83d\udd8d\ufe0f <strong>Objets vari\u00e9s<\/strong> (crayons, gommes, billes)<\/p>\n\n\n\n<p>\ud83e\udd5b <strong>Lait &amp; liquide vaisselle<\/strong><\/p>\n\n\n\n<p>\ud83c\udfbe <strong>Balles de diff\u00e9rentes tailles<\/strong> (Soleil &amp; Plan\u00e8tes)<\/p>\n\n\n\n<p>\ud83e\uddf6 <strong>Ficelle &amp; supports rigides<\/strong><\/p>\n\n\n\n<hr class=\"wp-block-separator has-alpha-channel-opacity\"\/>\n\n\n\n<h3 class=\"wp-block-heading\">\ud83d\udcde Besoin d&rsquo;un coup de pouce ?<\/h3>\n\n\n\n<p>Une question sur une exp\u00e9rience ? Contactez l&rsquo;\u00e9quipe de <strong>Plan\u00e8te Sciences Vend\u00e9e<\/strong> ! Nous sommes l\u00e0 pour vous accompagner dans cette aventure scientifique et \u00e9galitaire.<\/p>\n\n\n\n<p>06 27 19 89 53 ou larochesuryon@planete-sciences.org<\/p>\n","protected":false},"excerpt":{"rendered":"<p>Pr\u00eats \u00e0 transformer votre centre de loisirs en laboratoire d\u2019exploration ? \u00c0 l\u2019occasion du 8 mars, Plan\u00e8te Sciences Vend\u00e9e lance le d\u00e9fi Egali Sciences. Pas besoin d&rsquo;\u00eatre un expert ou d&rsquo;avoir un laboratoire de pointe : avec du mat\u00e9riel de tous les jours et une bonne dose de curiosit\u00e9, tout devient possible ! \ud83d\udca1 Le [&hellip;]<\/p>\n","protected":false},"author":2,"featured_media":0,"parent":0,"menu_order":0,"comment_status":"closed","ping_status":"closed","template":"","meta":{"footnotes":""},"jetpack_sharing_enabled":true,"_links":{"self":[{"href":"https:\/\/www.planete-sciences.org\/vendee\/wp-json\/wp\/v2\/pages\/2970"}],"collection":[{"href":"https:\/\/www.planete-sciences.org\/vendee\/wp-json\/wp\/v2\/pages"}],"about":[{"href":"https:\/\/www.planete-sciences.org\/vendee\/wp-json\/wp\/v2\/types\/page"}],"author":[{"embeddable":true,"href":"https:\/\/www.planete-sciences.org\/vendee\/wp-json\/wp\/v2\/users\/2"}],"replies":[{"embeddable":true,"href":"https:\/\/www.planete-sciences.org\/vendee\/wp-json\/wp\/v2\/comments?post=2970"}],"version-history":[{"count":13,"href":"https:\/\/www.planete-sciences.org\/vendee\/wp-json\/wp\/v2\/pages\/2970\/revisions"}],"predecessor-version":[{"id":3057,"href":"https:\/\/www.planete-sciences.org\/vendee\/wp-json\/wp\/v2\/pages\/2970\/revisions\/3057"}],"wp:attachment":[{"href":"https:\/\/www.planete-sciences.org\/vendee\/wp-json\/wp\/v2\/media?parent=2970"}],"curies":[{"name":"wp","href":"https:\/\/api.w.org\/{rel}","templated":true}]}}