{"id":2751,"date":"2025-06-02T16:18:19","date_gmt":"2025-06-02T14:18:19","guid":{"rendered":"https:\/\/www.planete-sciences.org\/vendee\/?page_id=2751"},"modified":"2025-06-11T18:20:42","modified_gmt":"2025-06-11T16:20:42","slug":"nuit-du-code","status":"publish","type":"page","link":"https:\/\/www.planete-sciences.org\/vendee\/nuit-du-code\/","title":{"rendered":"Nuit du Code"},"content":{"rendered":"\n<figure class=\"wp-block-gallery has-nested-images columns-default is-cropped wp-block-gallery-1 is-layout-flex wp-block-gallery-is-layout-flex\">\n<figure class=\"wp-block-image size-large is-style-default\"><img loading=\"lazy\" decoding=\"async\" width=\"724\" height=\"1024\" data-id=\"2769\" src=\"https:\/\/www.planete-sciences.org\/vendee\/wp-content\/uploads\/2025\/06\/Mv-724x1024.jpg\" alt=\"\" class=\"wp-image-2769\" srcset=\"https:\/\/www.planete-sciences.org\/vendee\/wp-content\/uploads\/2025\/06\/Mv-724x1024.jpg 724w, https:\/\/www.planete-sciences.org\/vendee\/wp-content\/uploads\/2025\/06\/Mv-212x300.jpg 212w, https:\/\/www.planete-sciences.org\/vendee\/wp-content\/uploads\/2025\/06\/Mv-768x1086.jpg 768w, https:\/\/www.planete-sciences.org\/vendee\/wp-content\/uploads\/2025\/06\/Mv-1086x1536.jpg 1086w, https:\/\/www.planete-sciences.org\/vendee\/wp-content\/uploads\/2025\/06\/Mv-1x1.jpg 1w, https:\/\/www.planete-sciences.org\/vendee\/wp-content\/uploads\/2025\/06\/Mv.jpg 1414w\" sizes=\"(max-width: 724px) 100vw, 724px\" \/><\/figure>\n<\/figure>\n\n\n\n<h2 class=\"wp-block-heading\"><strong>La Nuit du Code c&rsquo;est quoi ? <\/strong><\/h2>\n\n\n\n<p>La Nuit du Code est un marathon de programmation organis\u00e9 par le Lyc\u00e9e Fran\u00e7ais International de Tokyo. Par \u00e9quipes de deux ou trois, les jeunes ont <strong>6 heures pour programmer enti\u00e8rement un jeu avec Scratch, \u00e0 partir d&rsquo;un univers de jeu fourni. <\/strong><\/p>\n\n\n\n<h2 class=\"wp-block-heading\"><strong>Comment \u00e7a se passe ? <\/strong><\/h2>\n\n\n\n<p>Les jeunes viennes avec leur pique-nique \u00e0 partir de 18h au local de l&rsquo;association. Ils auront jusqu&rsquo;\u00e0 minuit pour programmer et coder le jeux vid\u00e9o le plus abouti possible, encadr\u00e9s par une animatrice et des b\u00e9n\u00e9voles. L&rsquo;association offrira les boissons et une collation. <\/p>\n\n\n\n<h2 class=\"wp-block-heading\"><strong>O\u00f9 s&rsquo;inscrire ? <\/strong><\/h2>\n\n\n\n<p><a href=\"https:\/\/www.helloasso.com\/associations\/planete-sciences-vendee\/evenements\/nuit-du-code-2025\">https:\/\/www.helloasso.com\/associations\/planete-sciences-vendee\/evenements\/nuit-du-code-2025<\/a><\/p>\n\n\n\n<h2 class=\"wp-block-heading\"><strong>Dois-je ramener mon ordinateur ? <\/strong><\/h2>\n\n\n\n<p>Nous mettons \u00e0 dispositions des ordinateurs pour les participants, mais ils peuvent apporter le leur s&rsquo;ils le souhaitent. <\/p>\n\n\n\n<p><strong>Si vous avez des questions sur l&rsquo;organisation de l&rsquo;\u00e9v\u00e8nement, vous pouvez nous contacter par mail \u00e0 larochesuryon@planete-sciences.org ou par t\u00e9l\u00e9phone au 02 72 71 89 28.<\/strong><\/p>\n\n\n\n<p><\/p>\n","protected":false},"excerpt":{"rendered":"<p>La Nuit du Code c&rsquo;est quoi ? La Nuit du Code est un marathon de programmation organis\u00e9 par le Lyc\u00e9e Fran\u00e7ais International de Tokyo. Par \u00e9quipes de deux ou trois, les jeunes ont 6 heures pour programmer enti\u00e8rement un jeu avec Scratch, \u00e0 partir d&rsquo;un univers de jeu fourni. Comment \u00e7a se passe ? Les [&hellip;]<\/p>\n","protected":false},"author":2,"featured_media":0,"parent":0,"menu_order":0,"comment_status":"closed","ping_status":"closed","template":"","meta":{"footnotes":""},"jetpack_sharing_enabled":true,"_links":{"self":[{"href":"https:\/\/www.planete-sciences.org\/vendee\/wp-json\/wp\/v2\/pages\/2751"}],"collection":[{"href":"https:\/\/www.planete-sciences.org\/vendee\/wp-json\/wp\/v2\/pages"}],"about":[{"href":"https:\/\/www.planete-sciences.org\/vendee\/wp-json\/wp\/v2\/types\/page"}],"author":[{"embeddable":true,"href":"https:\/\/www.planete-sciences.org\/vendee\/wp-json\/wp\/v2\/users\/2"}],"replies":[{"embeddable":true,"href":"https:\/\/www.planete-sciences.org\/vendee\/wp-json\/wp\/v2\/comments?post=2751"}],"version-history":[{"count":7,"href":"https:\/\/www.planete-sciences.org\/vendee\/wp-json\/wp\/v2\/pages\/2751\/revisions"}],"predecessor-version":[{"id":2773,"href":"https:\/\/www.planete-sciences.org\/vendee\/wp-json\/wp\/v2\/pages\/2751\/revisions\/2773"}],"wp:attachment":[{"href":"https:\/\/www.planete-sciences.org\/vendee\/wp-json\/wp\/v2\/media?parent=2751"}],"curies":[{"name":"wp","href":"https:\/\/api.w.org\/{rel}","templated":true}]}}