{"id":2693,"date":"2025-05-09T11:05:37","date_gmt":"2025-05-09T09:05:37","guid":{"rendered":"https:\/\/www.planete-sciences.org\/vendee\/?page_id=2693"},"modified":"2025-05-09T12:38:31","modified_gmt":"2025-05-09T10:38:31","slug":"invitation-conferences","status":"publish","type":"page","link":"https:\/\/www.planete-sciences.org\/vendee\/invitation-conferences\/","title":{"rendered":"CONF\u00c9RENCES"},"content":{"rendered":"<div class=\"wp-block-image\">\n<figure class=\"aligncenter size-large\"><img loading=\"lazy\" decoding=\"async\" width=\"1024\" height=\"724\" src=\"https:\/\/www.planete-sciences.org\/vendee\/wp-content\/uploads\/2025\/05\/Conference-25-juin-1024x724.jpg\" alt=\"\" class=\"wp-image-2699\" srcset=\"https:\/\/www.planete-sciences.org\/vendee\/wp-content\/uploads\/2025\/05\/Conference-25-juin-1024x724.jpg 1024w, https:\/\/www.planete-sciences.org\/vendee\/wp-content\/uploads\/2025\/05\/Conference-25-juin-300x212.jpg 300w, https:\/\/www.planete-sciences.org\/vendee\/wp-content\/uploads\/2025\/05\/Conference-25-juin-768x543.jpg 768w, https:\/\/www.planete-sciences.org\/vendee\/wp-content\/uploads\/2025\/05\/Conference-25-juin-1536x1086.jpg 1536w, https:\/\/www.planete-sciences.org\/vendee\/wp-content\/uploads\/2025\/05\/Conference-25-juin-1x1.jpg 1w, https:\/\/www.planete-sciences.org\/vendee\/wp-content\/uploads\/2025\/05\/Conference-25-juin.jpg 2000w\" sizes=\"(max-width: 1024px) 100vw, 1024px\" \/><\/figure><\/div>\n\n\n<div class=\"wp-block-group is-layout-constrained wp-block-group-is-layout-constrained\"><div class=\"wp-block-group__inner-container\">\n<p class=\"has-text-color has-link-color has-small-font-size wp-elements-a2421764213767be6f879cb99d694a0d\" style=\"color:#00008b\"><em>Les microplastiques sont souvent cit\u00e9s comme les principaux responsables de la pollution des eaux. Mais la r\u00e9alit\u00e9 est plus complexe\u2026 et elle n\u2019est pas forc\u00e9ment \u00e0 l\u2019autre bout du monde.<\/em><\/p>\n\n\n\n<p class=\"has-text-color has-link-color wp-elements-c9286883996287085d7cfd0053c11f30\" style=\"color:#00008b\"><em>Pr\u00e8s de chez vous, les r\u00e9seaux de cours d\u2019eau, appel\u00e9s Trame bleue, jouent un r\u00f4le essentiel en reliant les activit\u00e9s humaines aux milieux marins. Leur d\u00e9gradation a des r\u00e9percussions souvent m\u00e9connues sur les \u00e9cosyst\u00e8mes aquatiques.<\/em><\/p>\n\n\n\n<p class=\"has-text-color has-link-color wp-elements-bb3d8dd40dd1b87a3dbc53a36e742311\" style=\"color:#00008b\">L\u2019Ifremer et Plan\u00e8te Sciences, en collaboration avec la MAIF et l\u2019OSUNA, vous invitent \u00e0 deux conf\u00e9rences sur la pollution invisible dans le continuum Terre-Mer.<\/p>\n<\/div><\/div>\n\n\n\n<figure class=\"wp-block-table\"><table><tbody><tr><td class=\"has-text-align-center\" data-align=\"center\"><strong>Lundi 2 juin 2025<\/strong> de <strong>18h00 <\/strong>\u00e0 <strong>20h00<\/strong><br>Salle panoramique des Noues<br>Hippodrome<br><strong>85300 CHALLANS<\/strong><\/td><td class=\"has-text-align-center\" data-align=\"center\"><strong>Jeudi 5 juin 2025<\/strong> de <strong>19h00 <\/strong>\u00e0 <strong>21h00<\/strong><br>Lyc\u00e9e G\u00e9n\u00e9ral et Technologique Agricole <br>Jules Rieffel<br><strong>44800  SAINT-HERBLAIN<\/strong><\/td><\/tr><tr><td class=\"has-text-align-center\" data-align=\"center\"><a href=\"https:\/\/www.planete-sciences.org\/vendee\/wp-content\/uploads\/2025\/05\/Programme-Challans.pdf\" data-type=\"link\" data-id=\"https:\/\/www.planete-sciences.org\/vendee\/wp-content\/uploads\/2025\/05\/Programme-Challans.pdf\" target=\"_blank\" rel=\"noreferrer noopener\"><img loading=\"lazy\" decoding=\"async\" width=\"1414\" height=\"2000\" class=\"wp-image-2701\" style=\"width: 150px;\" src=\"https:\/\/www.planete-sciences.org\/vendee\/wp-content\/uploads\/2025\/05\/Programme-Challans.jpg\" alt=\"\" srcset=\"https:\/\/www.planete-sciences.org\/vendee\/wp-content\/uploads\/2025\/05\/Programme-Challans.jpg 1414w, https:\/\/www.planete-sciences.org\/vendee\/wp-content\/uploads\/2025\/05\/Programme-Challans-212x300.jpg 212w, https:\/\/www.planete-sciences.org\/vendee\/wp-content\/uploads\/2025\/05\/Programme-Challans-724x1024.jpg 724w, https:\/\/www.planete-sciences.org\/vendee\/wp-content\/uploads\/2025\/05\/Programme-Challans-768x1086.jpg 768w, https:\/\/www.planete-sciences.org\/vendee\/wp-content\/uploads\/2025\/05\/Programme-Challans-1086x1536.jpg 1086w, https:\/\/www.planete-sciences.org\/vendee\/wp-content\/uploads\/2025\/05\/Programme-Challans-1x1.jpg 1w\" sizes=\"(max-width: 1414px) 100vw, 1414px\" \/><\/a><br><em><strong>Yann AMINOT<\/strong> \u2014 Chercheur en biog\u00e9ochimie des contaminants organiques, Ifremer<br><br><strong>Johnny GASPERI<\/strong> \u2014 Directeur de Recherche au laboratoire Eau et Environnement, Universit\u00e9 Gustave Eiffel<\/em><br><\/td><td class=\"has-text-align-center\" data-align=\"center\"><a href=\"https:\/\/www.planete-sciences.org\/vendee\/wp-content\/uploads\/2025\/05\/Programme-STHerblain.pdf\" data-type=\"link\" data-id=\"https:\/\/www.planete-sciences.org\/vendee\/wp-content\/uploads\/2025\/05\/Programme-STHerblain.pdf\" target=\"_blank\" rel=\"noreferrer noopener\"><img loading=\"lazy\" decoding=\"async\" width=\"1414\" height=\"2000\" class=\"wp-image-2702\" style=\"width: 150px;\" src=\"https:\/\/www.planete-sciences.org\/vendee\/wp-content\/uploads\/2025\/05\/Programme-STHerblain.jpg\" alt=\"\" srcset=\"https:\/\/www.planete-sciences.org\/vendee\/wp-content\/uploads\/2025\/05\/Programme-STHerblain.jpg 1414w, https:\/\/www.planete-sciences.org\/vendee\/wp-content\/uploads\/2025\/05\/Programme-STHerblain-212x300.jpg 212w, https:\/\/www.planete-sciences.org\/vendee\/wp-content\/uploads\/2025\/05\/Programme-STHerblain-724x1024.jpg 724w, https:\/\/www.planete-sciences.org\/vendee\/wp-content\/uploads\/2025\/05\/Programme-STHerblain-768x1086.jpg 768w, https:\/\/www.planete-sciences.org\/vendee\/wp-content\/uploads\/2025\/05\/Programme-STHerblain-1086x1536.jpg 1086w, https:\/\/www.planete-sciences.org\/vendee\/wp-content\/uploads\/2025\/05\/Programme-STHerblain-1x1.jpg 1w\" sizes=\"(max-width: 1414px) 100vw, 1414px\" \/><\/a><br><em><strong>Jo\u00ebl KNOERY <\/strong>\u2014<strong> <\/strong>Chercheur en biog\u00e9ochimie des contaminants m\u00e9talliques, Ifremer<br><br><strong>Thierry LEBEAU<\/strong> \u2014 Professeur en pollution des sols au Laboratoire de Plan\u00e9tologie et G\u00e9osciences, Nantes Universit\u00e9<\/em><\/td><\/tr><tr><td class=\"has-text-align-center\" data-align=\"center\"><a href=\"https:\/\/www.helloasso.com\/associations\/planete-sciences-vendee\/evenements\/conferences-trame-bleue-enquete-sur-les-pollutions-invisibles?_gl=1%2aqrghrq%2a_gcl_au%2aMjYwNzUwOTg2LjE3NDAzOTMxNTIuMTc0NzcxMzk1NS4xNzQ2Nzg1NTk1LjE3NDY3ODU1OTU.\" data-type=\"link\" data-id=\"https:\/\/www.helloasso.com\/associations\/planete-sciences-vendee\/evenements\/conferences-trame-bleue-enquete-sur-les-pollutions-invisibles?_gl=1%2aqrghrq%2a_gcl_au%2aMjYwNzUwOTg2LjE3NDAzOTMxNTIuMTc0NzcxMzk1NS4xNzQ2Nzg1NTk1LjE3NDY3ODU1OTU.\" target=\"_blank\" rel=\"noreferrer noopener\"><img loading=\"lazy\" decoding=\"async\" width=\"150\" height=\"45\" class=\"wp-image-217\" style=\"width: 150px;\" src=\"https:\/\/www.planete-sciences.org\/vendee\/wp-content\/uploads\/2019\/10\/picto_bouton-JeMinscris-e1664197599417.png\" alt=\"\"><\/a><\/td><td class=\"has-text-align-center\" data-align=\"center\"><a href=\"https:\/\/www.helloasso.com\/associations\/planete-sciences-vendee\/evenements\/conferences-trame-bleue-enquete-sur-les-pollutions-invisibles-jeudi-5-juin?_gl=1%2a17fzgrl%2a_gcl_au%2aMjYwNzUwOTg2LjE3NDAzOTMxNTIuMTc0NzcxMzk1NS4xNzQ2Nzg1NTk1LjE3NDY3ODU1OTU.\" data-type=\"link\" data-id=\"https:\/\/www.helloasso.com\/associations\/planete-sciences-vendee\/evenements\/conferences-trame-bleue-enquete-sur-les-pollutions-invisibles-jeudi-5-juin?_gl=1%2a17fzgrl%2a_gcl_au%2aMjYwNzUwOTg2LjE3NDAzOTMxNTIuMTc0NzcxMzk1NS4xNzQ2Nzg1NTk1LjE3NDY3ODU1OTU.\" target=\"_blank\" rel=\"noreferrer noopener\"><img loading=\"lazy\" decoding=\"async\" width=\"150\" height=\"45\" class=\"wp-image-217\" style=\"width: 150px;\" src=\"https:\/\/www.planete-sciences.org\/vendee\/wp-content\/uploads\/2019\/10\/picto_bouton-JeMinscris-e1664197599417.png\" alt=\"\"><\/a><\/td><\/tr><\/tbody><\/table><\/figure>\n","protected":false},"excerpt":{"rendered":"<p>Les microplastiques sont souvent cit\u00e9s comme les principaux responsables de la pollution des eaux. Mais la r\u00e9alit\u00e9 est plus complexe\u2026 et elle n\u2019est pas forc\u00e9ment \u00e0 l\u2019autre bout du monde. Pr\u00e8s de chez vous, les r\u00e9seaux de cours d\u2019eau, appel\u00e9s Trame bleue, jouent un r\u00f4le essentiel en reliant les activit\u00e9s humaines aux milieux marins. Leur [&hellip;]<\/p>\n","protected":false},"author":1,"featured_media":0,"parent":0,"menu_order":0,"comment_status":"closed","ping_status":"closed","template":"","meta":{"footnotes":""},"jetpack_sharing_enabled":true,"_links":{"self":[{"href":"https:\/\/www.planete-sciences.org\/vendee\/wp-json\/wp\/v2\/pages\/2693"}],"collection":[{"href":"https:\/\/www.planete-sciences.org\/vendee\/wp-json\/wp\/v2\/pages"}],"about":[{"href":"https:\/\/www.planete-sciences.org\/vendee\/wp-json\/wp\/v2\/types\/page"}],"author":[{"embeddable":true,"href":"https:\/\/www.planete-sciences.org\/vendee\/wp-json\/wp\/v2\/users\/1"}],"replies":[{"embeddable":true,"href":"https:\/\/www.planete-sciences.org\/vendee\/wp-json\/wp\/v2\/comments?post=2693"}],"version-history":[{"count":6,"href":"https:\/\/www.planete-sciences.org\/vendee\/wp-json\/wp\/v2\/pages\/2693\/revisions"}],"predecessor-version":[{"id":2711,"href":"https:\/\/www.planete-sciences.org\/vendee\/wp-json\/wp\/v2\/pages\/2693\/revisions\/2711"}],"wp:attachment":[{"href":"https:\/\/www.planete-sciences.org\/vendee\/wp-json\/wp\/v2\/media?parent=2693"}],"curies":[{"name":"wp","href":"https:\/\/api.w.org\/{rel}","templated":true}]}}