{"id":1746,"date":"2023-03-07T09:41:48","date_gmt":"2023-03-07T08:41:48","guid":{"rendered":"https:\/\/www.planete-sciences.org\/vendee\/?page_id=1746"},"modified":"2023-10-04T22:34:58","modified_gmt":"2023-10-04T20:34:58","slug":"les-defis-hydrogene","status":"publish","type":"page","link":"https:\/\/www.planete-sciences.org\/vendee\/les-defis-hydrogene\/","title":{"rendered":"Les D\u00e9fis Hydrog\u00e8ne"},"content":{"rendered":"\n<figure class=\"wp-block-image\" id=\"block-0844d79f-741c-4dd8-99fc-868dd2e9dfb9\"><img decoding=\"async\" src=\"https:\/\/www.planete-sciences.org\/vendee\/wp-content\/uploads\/2022\/12\/bandeau-devis-hydrogene-1024x158.png\" alt=\"L\u2019attribut alt de cette image est vide, son nom de fichier est bandeau-devis-hydrogene-1024x158.png.\"\/><\/figure>\n\n\n\n<figure class=\"wp-block-image size-full\"><img loading=\"lazy\" decoding=\"async\" width=\"1024\" height=\"469\" src=\"https:\/\/www.planete-sciences.org\/vendee\/wp-content\/uploads\/2023\/03\/image.png\" alt=\"\" class=\"wp-image-1747\" srcset=\"https:\/\/www.planete-sciences.org\/vendee\/wp-content\/uploads\/2023\/03\/image.png 1024w, https:\/\/www.planete-sciences.org\/vendee\/wp-content\/uploads\/2023\/03\/image-300x137.png 300w, https:\/\/www.planete-sciences.org\/vendee\/wp-content\/uploads\/2023\/03\/image-768x352.png 768w, https:\/\/www.planete-sciences.org\/vendee\/wp-content\/uploads\/2023\/03\/image-2x1.png 2w\" sizes=\"(max-width: 1024px) 100vw, 1024px\" \/><\/figure>\n\n\n\n<p class=\"has-medium-font-size\"><strong>Les D\u00e9fis Hydrog\u00e8ne de Plan\u00e8te Sciences<\/strong><\/p>\n\n\n\n<p>L\u2019hydrog\u00e8ne est r\u00e9guli\u00e8rement cit\u00e9 comme un axe de la transition \u00e9cologique. Malgr\u00e9 sa pr\u00e9sence m\u00e9diatique et les quelques signes visibles dans notre quotidien, il reste m\u00e9connu.<\/p>\n\n\n\n<p>De la m\u00eame mani\u00e8re que Plan\u00e8te Sciences a accompagn\u00e9 l\u2019essor de l\u2019\u00e9nergie photovolta\u00efque avec ses D\u00e9fis Solaires, elle se propose d\u2019accompagner l\u2019arriv\u00e9e&nbsp;de ce nouvel acteur de notre mix \u00e9nerg\u00e9tique avec les D\u00e9fis Hydrog\u00e8ne,&nbsp;un projet soutenu&nbsp;par la fondation Air France, et la r\u00e9gion Pays de la Loire.<\/p>\n\n\n\n<p><strong>Objectif&nbsp;<\/strong><\/p>\n\n\n\n<p>Aborder\u00a0de mani\u00e8re originale et ludique les notions d\u2019\u00e9nergie et de mobilit\u00e9 au diapason de la transition \u00e9cologique, le tout en mobilisant des comp\u00e9tences techniques, de la cr\u00e9ativit\u00e9 et la\u00a0m\u00e9thodologie\u00a0de projet.<\/p>\n\n\n\n<iframe loading=\"lazy\" width=\"560\" height=\"315\" src=\"https:\/\/www.youtube.com\/embed\/wlCYrCMnkyo?si=_T5-jD6yqf_BR2mN\" title=\"YouTube video player\" frameborder=\"0\" allow=\"accelerometer; autoplay; clipboard-write; encrypted-media; gyroscope; picture-in-picture; web-share\" allowfullscreen><\/iframe>\n\n\n\n<p><strong>Condition<\/strong><\/p>\n\n\n\n<p>Le projet peut se faire en milieu scolaire, avec un groupe&nbsp;classe&nbsp;ou sur le temps p\u00e9riscolaire.<\/p>\n\n\n\n<p><strong>D\u00e9roulement<\/strong><\/p>\n\n\n\n<p>Dans un premier temps, les jeunes r\u00e9alisent des activit\u00e9s pour d\u00e9couvrir l\u2019hydrog\u00e8ne, son histoire, sa chimie, la fili\u00e8re industrielle et la mani\u00e8re de l\u2019utiliser comme source d\u2019\u00e9nergie. Dans un deuxi\u00e8me temps, ils con\u00e7oivent leur v\u00e9hicule fonctionnant \u00e0 l\u2019hydrog\u00e8ne \u00ab&nbsp;vert&nbsp;\u00bb.<\/p>\n\n\n\n<p>Les v\u00e9hicules sont con\u00e7us au moyen d\u2019un kit fourni par Plan\u00e8te Sciences. Ce mat\u00e9riel est pr\u00eat\u00e9 le temps des activit\u00e9s: une classe compl\u00e8te disposera de 6 kits, et 2 groupes&nbsp;pourront&nbsp;le garder dans l\u2019optique de participer \u00e0 la rencontre r\u00e9gionale des D\u00e9fis Hydrog\u00e8ne. Ces groupes sont d\u00e9sign\u00e9s lors d\u2019un challenge organis\u00e9 en interne \u00e0 l\u2019issue des activit\u00e9s.<\/p>\n\n\n\n<p><strong>Le mat\u00e9riel<\/strong><\/p>\n\n\n\n<p>Le kit de conception de v\u00e9hicule \u00e0 hydrog\u00e8ne vert fourni par Plan\u00e8te Sciences est d\u2019une valeur de 200 \u20ac. Il comprend: 1 \u00e9lectrolyseur PEM permettant de transformer l\u2019eau en hydrog\u00e8ne, un panneau photovolta\u00efque pour l&rsquo;alimenter en \u00e9lectricit\u00e9, 2 piles \u00e0 combustible qui vont produire de l\u2019\u00e9lectricit\u00e9 \u00e0 partir de l\u2019hydrog\u00e8ne, un moteur adapt\u00e9 \u00e0 la puissance d\u00e9livr\u00e9e par les piles, un r\u00e9servoir, un ch\u00e2ssis, et divers \u00e9l\u00e9ments de construction de v\u00e9hicules (essieux, roues, courroies&nbsp;etc.).<\/p>\n\n\n\n<p><strong>La rencontre<\/strong><\/p>\n\n\n\n<p>Le projet se cl\u00f4ture lors des D\u00e9fis hydrog\u00e8nes qui regroupent tous les participants afin de tester les voitures dans des courses de vitesse et d\u2019endurance. C\u2019est l\u2019occasion de pr\u00e9senter les projets r\u00e9alis\u00e9s devant un jury et de r\u00e9compenser les participants pour leur travail et leur investissement.<\/p>\n\n\n\n<p><strong>Avenir du projet<\/strong><\/p>\n\n\n\n<p>L\u2019ann\u00e9e 2023 verra la premi\u00e8re rencontre se d\u00e9rouler et 8 structures se mesureront dans des courses de vitesse et d\u2019endurance. L\u2019ambition est de reproposer ce projet de mani\u00e8re r\u00e9guli\u00e8re.<\/p>\n\n\n<div class=\"wp-block-image\">\n<figure class=\"aligncenter size-full is-resized\"><img loading=\"lazy\" decoding=\"async\" src=\"https:\/\/www.planete-sciences.org\/vendee\/wp-content\/uploads\/2022\/12\/vehicule-hydrogene.png\" alt=\"\" class=\"wp-image-1687\" width=\"371\" height=\"338\" srcset=\"https:\/\/www.planete-sciences.org\/vendee\/wp-content\/uploads\/2022\/12\/vehicule-hydrogene.png 930w, https:\/\/www.planete-sciences.org\/vendee\/wp-content\/uploads\/2022\/12\/vehicule-hydrogene-300x274.png 300w, https:\/\/www.planete-sciences.org\/vendee\/wp-content\/uploads\/2022\/12\/vehicule-hydrogene-768x701.png 768w, https:\/\/www.planete-sciences.org\/vendee\/wp-content\/uploads\/2022\/12\/vehicule-hydrogene-1x1.png 1w\" sizes=\"(max-width: 371px) 100vw, 371px\" \/><\/figure><\/div>","protected":false},"excerpt":{"rendered":"<p>Les D\u00e9fis Hydrog\u00e8ne de Plan\u00e8te Sciences L\u2019hydrog\u00e8ne est r\u00e9guli\u00e8rement cit\u00e9 comme un axe de la transition \u00e9cologique. Malgr\u00e9 sa pr\u00e9sence m\u00e9diatique et les quelques signes visibles dans notre quotidien, il reste m\u00e9connu. De la m\u00eame mani\u00e8re que Plan\u00e8te Sciences a accompagn\u00e9 l\u2019essor de l\u2019\u00e9nergie photovolta\u00efque avec ses D\u00e9fis Solaires, elle se propose d\u2019accompagner l\u2019arriv\u00e9e&nbsp;de ce [&hellip;]<\/p>\n","protected":false},"author":2,"featured_media":0,"parent":0,"menu_order":0,"comment_status":"closed","ping_status":"closed","template":"","meta":{"footnotes":""},"jetpack_sharing_enabled":true,"_links":{"self":[{"href":"https:\/\/www.planete-sciences.org\/vendee\/wp-json\/wp\/v2\/pages\/1746"}],"collection":[{"href":"https:\/\/www.planete-sciences.org\/vendee\/wp-json\/wp\/v2\/pages"}],"about":[{"href":"https:\/\/www.planete-sciences.org\/vendee\/wp-json\/wp\/v2\/types\/page"}],"author":[{"embeddable":true,"href":"https:\/\/www.planete-sciences.org\/vendee\/wp-json\/wp\/v2\/users\/2"}],"replies":[{"embeddable":true,"href":"https:\/\/www.planete-sciences.org\/vendee\/wp-json\/wp\/v2\/comments?post=1746"}],"version-history":[{"count":4,"href":"https:\/\/www.planete-sciences.org\/vendee\/wp-json\/wp\/v2\/pages\/1746\/revisions"}],"predecessor-version":[{"id":1916,"href":"https:\/\/www.planete-sciences.org\/vendee\/wp-json\/wp\/v2\/pages\/1746\/revisions\/1916"}],"wp:attachment":[{"href":"https:\/\/www.planete-sciences.org\/vendee\/wp-json\/wp\/v2\/media?parent=1746"}],"curies":[{"name":"wp","href":"https:\/\/api.w.org\/{rel}","templated":true}]}}