{"id":129,"date":"2019-09-30T11:59:30","date_gmt":"2019-09-30T09:59:30","guid":{"rendered":"https:\/\/www.planete-sciences.org\/vendee\/?page_id=129"},"modified":"2026-03-27T12:01:02","modified_gmt":"2026-03-27T11:01:02","slug":"loisirs","status":"publish","type":"page","link":"https:\/\/www.planete-sciences.org\/vendee\/loisirs\/","title":{"rendered":"Loisirs et p\u00e9ri-scolaire"},"content":{"rendered":"\n<figure class=\"wp-block-gallery has-nested-images columns-default is-cropped wp-block-gallery-1 is-layout-flex wp-block-gallery-is-layout-flex\">\n<figure class=\"wp-block-image size-large\"><img loading=\"lazy\" decoding=\"async\" width=\"1024\" height=\"576\" data-id=\"2377\" src=\"https:\/\/www.planete-sciences.org\/vendee\/wp-content\/uploads\/2024\/11\/465837050_27579410585039135_4416905737581449232_n-1024x576.jpg\" alt=\"\" class=\"wp-image-2377\" srcset=\"https:\/\/www.planete-sciences.org\/vendee\/wp-content\/uploads\/2024\/11\/465837050_27579410585039135_4416905737581449232_n-1024x576.jpg 1024w, https:\/\/www.planete-sciences.org\/vendee\/wp-content\/uploads\/2024\/11\/465837050_27579410585039135_4416905737581449232_n-300x169.jpg 300w, https:\/\/www.planete-sciences.org\/vendee\/wp-content\/uploads\/2024\/11\/465837050_27579410585039135_4416905737581449232_n-768x432.jpg 768w, https:\/\/www.planete-sciences.org\/vendee\/wp-content\/uploads\/2024\/11\/465837050_27579410585039135_4416905737581449232_n-1536x864.jpg 1536w, https:\/\/www.planete-sciences.org\/vendee\/wp-content\/uploads\/2024\/11\/465837050_27579410585039135_4416905737581449232_n-2x1.jpg 2w, https:\/\/www.planete-sciences.org\/vendee\/wp-content\/uploads\/2024\/11\/465837050_27579410585039135_4416905737581449232_n-700x394.jpg 700w, https:\/\/www.planete-sciences.org\/vendee\/wp-content\/uploads\/2024\/11\/465837050_27579410585039135_4416905737581449232_n.jpg 2000w\" sizes=\"(max-width: 1024px) 100vw, 1024px\" \/><\/figure>\n\n\n\n<figure class=\"wp-block-image size-large\"><img loading=\"lazy\" decoding=\"async\" width=\"1024\" height=\"576\" data-id=\"2376\" src=\"https:\/\/www.planete-sciences.org\/vendee\/wp-content\/uploads\/2024\/11\/456038187_848754910720826_7786329224212016879_n-1024x576.jpg\" alt=\"\" class=\"wp-image-2376\" srcset=\"https:\/\/www.planete-sciences.org\/vendee\/wp-content\/uploads\/2024\/11\/456038187_848754910720826_7786329224212016879_n-1024x576.jpg 1024w, https:\/\/www.planete-sciences.org\/vendee\/wp-content\/uploads\/2024\/11\/456038187_848754910720826_7786329224212016879_n-300x169.jpg 300w, https:\/\/www.planete-sciences.org\/vendee\/wp-content\/uploads\/2024\/11\/456038187_848754910720826_7786329224212016879_n-768x432.jpg 768w, https:\/\/www.planete-sciences.org\/vendee\/wp-content\/uploads\/2024\/11\/456038187_848754910720826_7786329224212016879_n-1536x864.jpg 1536w, https:\/\/www.planete-sciences.org\/vendee\/wp-content\/uploads\/2024\/11\/456038187_848754910720826_7786329224212016879_n-2x1.jpg 2w, https:\/\/www.planete-sciences.org\/vendee\/wp-content\/uploads\/2024\/11\/456038187_848754910720826_7786329224212016879_n-700x394.jpg 700w, https:\/\/www.planete-sciences.org\/vendee\/wp-content\/uploads\/2024\/11\/456038187_848754910720826_7786329224212016879_n.jpg 2000w\" sizes=\"(max-width: 1024px) 100vw, 1024px\" \/><\/figure>\n\n\n\n<figure class=\"wp-block-image size-large\"><img loading=\"lazy\" decoding=\"async\" width=\"405\" height=\"621\" data-id=\"2375\" src=\"https:\/\/www.planete-sciences.org\/vendee\/wp-content\/uploads\/2024\/11\/Image6-1.jpg\" alt=\"\" class=\"wp-image-2375\" srcset=\"https:\/\/www.planete-sciences.org\/vendee\/wp-content\/uploads\/2024\/11\/Image6-1.jpg 405w, https:\/\/www.planete-sciences.org\/vendee\/wp-content\/uploads\/2024\/11\/Image6-1-196x300.jpg 196w, https:\/\/www.planete-sciences.org\/vendee\/wp-content\/uploads\/2024\/11\/Image6-1-1x1.jpg 1w\" sizes=\"(max-width: 405px) 100vw, 405px\" \/><\/figure>\n<\/figure>\n\n\n\n<p>Dans l\u2019optique de diffuser la culture scientifique \u00e0 un large public, Plan\u00e8te Sciences Vend\u00e9e intervient dans les ACM, clubs jeunes, centres sociaux et structures \u00e9quivalentes, ainsi qu&rsquo;en m\u00e9diath\u00e8ques, mus\u00e9es ou toute structure \u00e0 vocation culturelle ou sociale. <\/p>\n\n\n\n<p>Nos ateliers, tous con\u00e7us de mani\u00e8re ludique, peuvent prendre diff\u00e9rentes formes : ateliers et stages, ateliers parents\/enfants ou encore \u00e9v\u00e8nementiel. <\/p>\n\n\n\n<p>Nous proposons des ateliers th\u00e9matiques, en astronomie, a\u00e9ronautique, \u00e9lectricit\u00e9, chimie, physique et m\u00e9canique, espace, \u00e9nergie, num\u00e9rique et programmation, sciences du vivant, histoire et patrimoine, ou en robotique. <\/p>\n\n\n\n<h2 class=\"wp-block-heading\">Egali-Sciences<\/h2>\n\n\n\n<div class=\"wp-block-media-text is-stacked-on-mobile\"><figure class=\"wp-block-media-text__media\"><a href=\"https:\/\/www.planete-sciences.org\/vendee\/wp-content\/uploads\/2026\/03\/Egali-sciences.pdf\" target=\"_blank\" rel=\"noreferrer noopener\"><img loading=\"lazy\" decoding=\"async\" width=\"724\" height=\"1024\" src=\"https:\/\/www.planete-sciences.org\/vendee\/wp-content\/uploads\/2026\/03\/Votre-texte-de-paragraphe-724x1024.png\" alt=\"\" class=\"wp-image-3052 size-full\" srcset=\"https:\/\/www.planete-sciences.org\/vendee\/wp-content\/uploads\/2026\/03\/Votre-texte-de-paragraphe-724x1024.png 724w, https:\/\/www.planete-sciences.org\/vendee\/wp-content\/uploads\/2026\/03\/Votre-texte-de-paragraphe-212x300.png 212w, https:\/\/www.planete-sciences.org\/vendee\/wp-content\/uploads\/2026\/03\/Votre-texte-de-paragraphe-768x1086.png 768w, https:\/\/www.planete-sciences.org\/vendee\/wp-content\/uploads\/2026\/03\/Votre-texte-de-paragraphe-1086x1536.png 1086w, https:\/\/www.planete-sciences.org\/vendee\/wp-content\/uploads\/2026\/03\/Votre-texte-de-paragraphe-1x1.png 1w, https:\/\/www.planete-sciences.org\/vendee\/wp-content\/uploads\/2026\/03\/Votre-texte-de-paragraphe.png 1414w\" sizes=\"(max-width: 724px) 100vw, 724px\" \/><\/a><\/figure><div class=\"wp-block-media-text__content\">\n<p>Nous lan\u00e7ons <strong>Egali-Sciences<\/strong>, une semaine de d\u00e9fis sciences clef en main pour votre ALSH. Des exp\u00e9riences gratuites, faciles et fun, \u00e0 mettre en place en toute simplicit\u00e9 avec du mat\u00e9riel et des notions accessibles. <\/p>\n\n\n\n<p><a href=\"https:\/\/www.planete-sciences.org\/vendee\/bienvenue-sur-egali-sciences\/\" target=\"_blank\" rel=\"noreferrer noopener\">Plus d&rsquo;infos ici! <\/a><\/p>\n<\/div><\/div>\n\n\n\n<h2 class=\"wp-block-heading\">Nos ateliers itin\u00e9rants<\/h2>\n\n\n\n<div class=\"wp-block-columns is-layout-flex wp-container-core-columns-layout-1 wp-block-columns-is-layout-flex\">\n<div class=\"wp-block-column is-layout-flow wp-block-column-is-layout-flow\"><div class=\"wp-block-image\">\n<figure class=\"aligncenter size-large is-resized\"><a href=\"https:\/\/www.planete-sciences.org\/vendee\/wp-content\/uploads\/2026\/03\/CATALOGUE-2026-1.pdf\" target=\"_blank\" rel=\"noreferrer noopener\"><img loading=\"lazy\" decoding=\"async\" width=\"724\" height=\"1024\" src=\"https:\/\/www.planete-sciences.org\/vendee\/wp-content\/uploads\/2026\/03\/CATALOGUE-2026-724x1024.jpg\" alt=\"\" class=\"wp-image-3108\" style=\"width:242px;height:auto\" srcset=\"https:\/\/www.planete-sciences.org\/vendee\/wp-content\/uploads\/2026\/03\/CATALOGUE-2026-724x1024.jpg 724w, https:\/\/www.planete-sciences.org\/vendee\/wp-content\/uploads\/2026\/03\/CATALOGUE-2026-212x300.jpg 212w, https:\/\/www.planete-sciences.org\/vendee\/wp-content\/uploads\/2026\/03\/CATALOGUE-2026-768x1086.jpg 768w, https:\/\/www.planete-sciences.org\/vendee\/wp-content\/uploads\/2026\/03\/CATALOGUE-2026-1086x1536.jpg 1086w, https:\/\/www.planete-sciences.org\/vendee\/wp-content\/uploads\/2026\/03\/CATALOGUE-2026-1x1.jpg 1w, https:\/\/www.planete-sciences.org\/vendee\/wp-content\/uploads\/2026\/03\/CATALOGUE-2026.jpg 1414w\" sizes=\"(max-width: 724px) 100vw, 724px\" \/><\/a><figcaption class=\"wp-element-caption\">CATALOGUE GENERAL<\/figcaption><\/figure><\/div><\/div>\n\n\n\n<div class=\"wp-block-column is-layout-flow wp-block-column-is-layout-flow\"><div class=\"wp-block-image\">\n<figure class=\"aligncenter size-large is-resized\"><a href=\"https:\/\/www.planete-sciences.org\/vendee\/wp-content\/uploads\/2026\/03\/CATALOGUE-ACM-2026-4.pdf\" target=\"_blank\" rel=\"noreferrer noopener\"><img loading=\"lazy\" decoding=\"async\" width=\"724\" height=\"1024\" src=\"https:\/\/www.planete-sciences.org\/vendee\/wp-content\/uploads\/2026\/03\/CATALOGUE-ACM-2026-724x1024.jpg\" alt=\"\" class=\"wp-image-3110\" style=\"width:239px;height:auto\" srcset=\"https:\/\/www.planete-sciences.org\/vendee\/wp-content\/uploads\/2026\/03\/CATALOGUE-ACM-2026-724x1024.jpg 724w, https:\/\/www.planete-sciences.org\/vendee\/wp-content\/uploads\/2026\/03\/CATALOGUE-ACM-2026-212x300.jpg 212w, https:\/\/www.planete-sciences.org\/vendee\/wp-content\/uploads\/2026\/03\/CATALOGUE-ACM-2026-768x1086.jpg 768w, https:\/\/www.planete-sciences.org\/vendee\/wp-content\/uploads\/2026\/03\/CATALOGUE-ACM-2026-1086x1536.jpg 1086w, https:\/\/www.planete-sciences.org\/vendee\/wp-content\/uploads\/2026\/03\/CATALOGUE-ACM-2026-1x1.jpg 1w, https:\/\/www.planete-sciences.org\/vendee\/wp-content\/uploads\/2026\/03\/CATALOGUE-ACM-2026.jpg 1414w\" sizes=\"(max-width: 724px) 100vw, 724px\" \/><\/a><figcaption class=\"wp-element-caption\">SPECIAL ACM 2026<\/figcaption><\/figure><\/div><\/div>\n<\/div>\n\n\n\n<h2 class=\"wp-block-heading\">ATELIERS SPECIFIQUES POUR LES ACM<\/h2>\n\n\n\n<p>Nous \u00e9toffons notre offre \u00e0 destination des Accueils Collectifs de Mineurs, pour vous proposer des activit\u00e9s r\u00e9ellement adapt\u00e9es \u00e0 ces temps de loisirs sp\u00e9cifiques, pour tous les mercredis et les vacances. Nos th\u00e9matiques vari\u00e9es nous permettent de nous adapter \u00e0 tous vos projets. Par ailleurs, nous b\u00e9n\u00e9ficions de subventions qui nous permettent d&rsquo;adapter r\u00e9ellement nos co\u00fbts. Retrouvez les ateliers de notre dispositif Coup de Pouce mis \u00e0 jour chaque saison! <\/p>\n\n\n\n<p><a href=\"https:\/\/www.planete-sciences.org\/vendee\/wp-content\/uploads\/2026\/03\/LES-ECO-CURIEUX-1.pdf\" target=\"_blank\" rel=\"noreferrer noopener\">D\u00e9couvrez notre s\u00e9lection de saison :<\/a><\/p>\n\n\n<div class=\"wp-block-image\">\n<figure class=\"aligncenter size-large is-resized\"><a href=\"https:\/\/www.planete-sciences.org\/vendee\/wp-content\/uploads\/2026\/03\/LES-ECO-CURIEUX-1.pdf\" target=\"_blank\" rel=\"noreferrer noopener\"><img loading=\"lazy\" decoding=\"async\" width=\"724\" height=\"1024\" src=\"https:\/\/www.planete-sciences.org\/vendee\/wp-content\/uploads\/2026\/03\/LES-ECO-CURIEUX-724x1024.jpg\" alt=\"\" class=\"wp-image-3113\" style=\"width:431px;height:auto\" srcset=\"https:\/\/www.planete-sciences.org\/vendee\/wp-content\/uploads\/2026\/03\/LES-ECO-CURIEUX-724x1024.jpg 724w, https:\/\/www.planete-sciences.org\/vendee\/wp-content\/uploads\/2026\/03\/LES-ECO-CURIEUX-212x300.jpg 212w, https:\/\/www.planete-sciences.org\/vendee\/wp-content\/uploads\/2026\/03\/LES-ECO-CURIEUX-768x1086.jpg 768w, https:\/\/www.planete-sciences.org\/vendee\/wp-content\/uploads\/2026\/03\/LES-ECO-CURIEUX-1086x1536.jpg 1086w, https:\/\/www.planete-sciences.org\/vendee\/wp-content\/uploads\/2026\/03\/LES-ECO-CURIEUX-1x1.jpg 1w, https:\/\/www.planete-sciences.org\/vendee\/wp-content\/uploads\/2026\/03\/LES-ECO-CURIEUX.jpg 1414w\" sizes=\"(max-width: 724px) 100vw, 724px\" \/><\/a><\/figure><\/div>\n\n\n<div class=\"wp-block-columns is-layout-flex wp-container-core-columns-layout-2 wp-block-columns-is-layout-flex\">\n<div class=\"wp-block-column is-layout-flow wp-block-column-is-layout-flow\">\n<p><\/p>\n\n\n\n<div class=\"wp-block-media-text is-stacked-on-mobile\" style=\"grid-template-columns:51% auto\"><figure class=\"wp-block-media-text__media\"><a href=\"https:\/\/www.planete-sciences.org\/vendee\/wp-content\/uploads\/2025\/09\/Heroines-du-numerique-4.pdf\" target=\"_blank\" rel=\"noreferrer noopener\"><img loading=\"lazy\" decoding=\"async\" width=\"724\" height=\"1024\" src=\"https:\/\/www.planete-sciences.org\/vendee\/wp-content\/uploads\/2025\/09\/Heroines-724x1024.png\" alt=\"\" class=\"wp-image-2875 size-full\" srcset=\"https:\/\/www.planete-sciences.org\/vendee\/wp-content\/uploads\/2025\/09\/Heroines-724x1024.png 724w, https:\/\/www.planete-sciences.org\/vendee\/wp-content\/uploads\/2025\/09\/Heroines-212x300.png 212w, https:\/\/www.planete-sciences.org\/vendee\/wp-content\/uploads\/2025\/09\/Heroines-768x1086.png 768w, https:\/\/www.planete-sciences.org\/vendee\/wp-content\/uploads\/2025\/09\/Heroines-1086x1536.png 1086w, https:\/\/www.planete-sciences.org\/vendee\/wp-content\/uploads\/2025\/09\/Heroines-1x1.png 1w, https:\/\/www.planete-sciences.org\/vendee\/wp-content\/uploads\/2025\/09\/Heroines.png 1414w\" sizes=\"(max-width: 724px) 100vw, 724px\" \/><\/a><\/figure><div class=\"wp-block-media-text__content\">\n<p><a href=\"https:\/\/www.planete-sciences.org\/vendee\/wp-content\/uploads\/2025\/09\/Heroines-numeriques-PDF.pdf\">Notre malle \u00ab\u00a0H\u00e9ro\u00efnes du Num\u00e9rique\u00a0\u00bb est pr\u00eate! Con\u00e7ue pour initier tous les enfants, gar\u00e7ons et filles, au num\u00e9rique, elle est disponible en location en autonomie ou avec un animateur.<\/a><\/p>\n<\/div><\/div>\n<\/div>\n<\/div>\n","protected":false},"excerpt":{"rendered":"<p>Dans l\u2019optique de diffuser la culture scientifique \u00e0 un large public, Plan\u00e8te Sciences Vend\u00e9e intervient dans les ACM, clubs jeunes, centres sociaux et structures \u00e9quivalentes, ainsi qu&rsquo;en m\u00e9diath\u00e8ques, mus\u00e9es ou toute structure \u00e0 vocation culturelle ou sociale. Nos ateliers, tous con\u00e7us de mani\u00e8re ludique, peuvent prendre diff\u00e9rentes formes : ateliers et stages, ateliers parents\/enfants ou [&hellip;]<\/p>\n","protected":false},"author":1,"featured_media":0,"parent":0,"menu_order":0,"comment_status":"closed","ping_status":"closed","template":"","meta":{"footnotes":""},"jetpack_sharing_enabled":true,"_links":{"self":[{"href":"https:\/\/www.planete-sciences.org\/vendee\/wp-json\/wp\/v2\/pages\/129"}],"collection":[{"href":"https:\/\/www.planete-sciences.org\/vendee\/wp-json\/wp\/v2\/pages"}],"about":[{"href":"https:\/\/www.planete-sciences.org\/vendee\/wp-json\/wp\/v2\/types\/page"}],"author":[{"embeddable":true,"href":"https:\/\/www.planete-sciences.org\/vendee\/wp-json\/wp\/v2\/users\/1"}],"replies":[{"embeddable":true,"href":"https:\/\/www.planete-sciences.org\/vendee\/wp-json\/wp\/v2\/comments?post=129"}],"version-history":[{"count":78,"href":"https:\/\/www.planete-sciences.org\/vendee\/wp-json\/wp\/v2\/pages\/129\/revisions"}],"predecessor-version":[{"id":3131,"href":"https:\/\/www.planete-sciences.org\/vendee\/wp-json\/wp\/v2\/pages\/129\/revisions\/3131"}],"wp:attachment":[{"href":"https:\/\/www.planete-sciences.org\/vendee\/wp-json\/wp\/v2\/media?parent=129"}],"curies":[{"name":"wp","href":"https:\/\/api.w.org\/{rel}","templated":true}]}}