{"id":127,"date":"2019-09-30T11:58:08","date_gmt":"2019-09-30T09:58:08","guid":{"rendered":"https:\/\/www.planete-sciences.org\/vendee\/?page_id=127"},"modified":"2026-03-27T11:27:00","modified_gmt":"2026-03-27T10:27:00","slug":"scolaire","status":"publish","type":"page","link":"https:\/\/www.planete-sciences.org\/vendee\/scolaire\/","title":{"rendered":"Scolaire"},"content":{"rendered":"\n<div class=\"wp-block-jetpack-tiled-gallery aligncenter is-style-rectangular\"><div class=\"\"><div class=\"tiled-gallery__gallery\"><div class=\"tiled-gallery__row\"><div class=\"tiled-gallery__col\" style=\"flex-basis:33.23424%\"><figure class=\"tiled-gallery__item\"><img decoding=\"async\" srcset=\"https:\/\/i1.wp.com\/www.planete-sciences.org\/vendee\/wp-content\/uploads\/2024\/11\/462639850_565891779481094_5050997629780617136_n-1024x576.jpg?strip=info&#038;w=600&#038;ssl=1 600w,https:\/\/i1.wp.com\/www.planete-sciences.org\/vendee\/wp-content\/uploads\/2024\/11\/462639850_565891779481094_5050997629780617136_n-1024x576.jpg?strip=info&#038;w=900&#038;ssl=1 900w,https:\/\/i1.wp.com\/www.planete-sciences.org\/vendee\/wp-content\/uploads\/2024\/11\/462639850_565891779481094_5050997629780617136_n-1024x576.jpg?strip=info&#038;w=1200&#038;ssl=1 1200w,https:\/\/i1.wp.com\/www.planete-sciences.org\/vendee\/wp-content\/uploads\/2024\/11\/462639850_565891779481094_5050997629780617136_n-1024x576.jpg?strip=info&#038;w=1500&#038;ssl=1 1500w,https:\/\/i1.wp.com\/www.planete-sciences.org\/vendee\/wp-content\/uploads\/2024\/11\/462639850_565891779481094_5050997629780617136_n-1024x576.jpg?strip=info&#038;w=1800&#038;ssl=1 1800w,https:\/\/i1.wp.com\/www.planete-sciences.org\/vendee\/wp-content\/uploads\/2024\/11\/462639850_565891779481094_5050997629780617136_n-1024x576.jpg?strip=info&#038;w=2000&#038;ssl=1 2000w\" alt=\"\" data-height=\"1125\" data-id=\"2366\" data-link=\"https:\/\/www.planete-sciences.org\/vendee\/scolaire\/462639850_565891779481094_5050997629780617136_n\/#main\" data-url=\"https:\/\/www.planete-sciences.org\/vendee\/wp-content\/uploads\/2024\/11\/462639850_565891779481094_5050997629780617136_n-1024x576.jpg\" data-width=\"2000\" src=\"https:\/\/i1.wp.com\/www.planete-sciences.org\/vendee\/wp-content\/uploads\/2024\/11\/462639850_565891779481094_5050997629780617136_n-1024x576.jpg?ssl=1\" data-amp-layout=\"responsive\" tabindex=\"0\" role=\"button\" aria-label=\"Ouvrir l\u2019image 1 sur 3 en plein \u00e9cran\"\/><\/figure><\/div><div class=\"tiled-gallery__col\" style=\"flex-basis:28.04042%\"><figure class=\"tiled-gallery__item\"><img decoding=\"async\" srcset=\"https:\/\/i1.wp.com\/www.planete-sciences.org\/vendee\/wp-content\/uploads\/2020\/03\/20171125_RB_VillageEcoAttitude_0035.jpg?strip=info&#038;w=400&#038;ssl=1 400w\" alt=\"\" data-height=\"267\" data-id=\"437\" data-link=\"https:\/\/www.planete-sciences.org\/vendee\/scolaire\/20171125_rb_villageecoattitude_0035\/#main\" data-url=\"https:\/\/www.planete-sciences.org\/vendee\/wp-content\/uploads\/2020\/03\/20171125_RB_VillageEcoAttitude_0035.jpg\" data-width=\"400\" src=\"https:\/\/i1.wp.com\/www.planete-sciences.org\/vendee\/wp-content\/uploads\/2020\/03\/20171125_RB_VillageEcoAttitude_0035.jpg?ssl=1\" data-amp-layout=\"responsive\" tabindex=\"0\" role=\"button\" aria-label=\"Ouvrir l\u2019image 2 sur 3 en plein \u00e9cran\"\/><\/figure><\/div><div class=\"tiled-gallery__col\" style=\"flex-basis:38.72533%\"><figure class=\"tiled-gallery__item\"><img decoding=\"async\" srcset=\"https:\/\/i2.wp.com\/www.planete-sciences.org\/vendee\/wp-content\/uploads\/2024\/11\/Image5-2.jpg?strip=info&#038;w=600&#038;ssl=1 600w,https:\/\/i2.wp.com\/www.planete-sciences.org\/vendee\/wp-content\/uploads\/2024\/11\/Image5-2.jpg?strip=info&#038;w=900&#038;ssl=1 900w,https:\/\/i2.wp.com\/www.planete-sciences.org\/vendee\/wp-content\/uploads\/2024\/11\/Image5-2.jpg?strip=info&#038;w=960&#038;ssl=1 960w\" alt=\"\" data-height=\"463\" data-id=\"2367\" data-link=\"https:\/\/www.planete-sciences.org\/vendee\/scolaire\/image5-2\/#main\" data-url=\"https:\/\/www.planete-sciences.org\/vendee\/wp-content\/uploads\/2024\/11\/Image5-2.jpg\" data-width=\"960\" src=\"https:\/\/i2.wp.com\/www.planete-sciences.org\/vendee\/wp-content\/uploads\/2024\/11\/Image5-2.jpg?ssl=1\" data-amp-layout=\"responsive\" tabindex=\"0\" role=\"button\" aria-label=\"Ouvrir l\u2019image 3 sur 3 en plein \u00e9cran\"\/><\/figure><\/div><\/div><\/div><\/div><\/div>\n\n\n\n<div class=\"wp-block-columns is-layout-flex wp-container-core-columns-layout-1 wp-block-columns-is-layout-flex\">\n<div class=\"wp-block-column is-layout-flow wp-block-column-is-layout-flow\" style=\"flex-basis:100%\">\n<figure class=\"wp-block-gallery has-nested-images columns-default is-cropped wp-block-gallery-1 is-layout-flex wp-block-gallery-is-layout-flex\"><\/figure>\n<\/div>\n<\/div>\n\n\n\n<h3 class=\"wp-block-heading\"><em>Des interventions sur le temps scolaire dans tout le d\u00e9partement<\/em><\/h3>\n\n\n\n<p class=\"has-text-align-left\">Plan\u00e8te Sciences travaille en \u00e9troite collaboration avec les&nbsp;enseignants, depuis la maternelle jusqu&rsquo;au lyc\u00e9e, pour mettre au point des activit\u00e9s \u00e0 la fois p\u00e9dagogiques et ludiques en sciences et techniques. <\/p>\n\n\n\n<p class=\"has-text-align-left\">Nous intervenons en classe dans le cadre d&rsquo;ateliers th\u00e9matiques, en astronomie, a\u00e9ronautique, \u00e9lectricit\u00e9, chimie, physique et m\u00e9canique, espace, \u00e9nergie, num\u00e9rique et programmation, sciences du vivant, histoire et patrimoine, ou encore en robotique. <\/p>\n\n\n\n<p class=\"has-text-align-left\">Consultez notre plaquette et notre catalogue pour plus d&rsquo;informations :<\/p>\n\n\n\n<div class=\"wp-block-columns is-layout-flex wp-container-core-columns-layout-2 wp-block-columns-is-layout-flex\">\n<div class=\"wp-block-column is-layout-flow wp-block-column-is-layout-flow\"><div class=\"wp-block-image\">\n<figure class=\"aligncenter size-large is-resized\"><a href=\"https:\/\/www.planete-sciences.org\/vendee\/wp-content\/uploads\/2024\/06\/planete-science-brochure.pdf\" target=\"_blank\" rel=\"noreferrer noopener\"><img loading=\"lazy\" decoding=\"async\" width=\"724\" height=\"1024\" src=\"https:\/\/www.planete-sciences.org\/vendee\/wp-content\/uploads\/2023\/07\/planete-sciences-brochure2023-light-724x1024.jpg\" alt=\"\" class=\"wp-image-1862\" style=\"width:194px;height:auto\" srcset=\"https:\/\/www.planete-sciences.org\/vendee\/wp-content\/uploads\/2023\/07\/planete-sciences-brochure2023-light-724x1024.jpg 724w, https:\/\/www.planete-sciences.org\/vendee\/wp-content\/uploads\/2023\/07\/planete-sciences-brochure2023-light-212x300.jpg 212w, https:\/\/www.planete-sciences.org\/vendee\/wp-content\/uploads\/2023\/07\/planete-sciences-brochure2023-light-768x1086.jpg 768w, https:\/\/www.planete-sciences.org\/vendee\/wp-content\/uploads\/2023\/07\/planete-sciences-brochure2023-light-1086x1536.jpg 1086w, https:\/\/www.planete-sciences.org\/vendee\/wp-content\/uploads\/2023\/07\/planete-sciences-brochure2023-light-1448x2048.jpg 1448w, https:\/\/www.planete-sciences.org\/vendee\/wp-content\/uploads\/2023\/07\/planete-sciences-brochure2023-light-1x1.jpg 1w, https:\/\/www.planete-sciences.org\/vendee\/wp-content\/uploads\/2023\/07\/planete-sciences-brochure2023-light-315x447.jpg 315w, https:\/\/www.planete-sciences.org\/vendee\/wp-content\/uploads\/2023\/07\/planete-sciences-brochure2023-light.jpg 1653w\" sizes=\"(max-width: 724px) 100vw, 724px\" \/><\/a><figcaption class=\"wp-element-caption\">PLAQUETTE DE PRESENTATION<\/figcaption><\/figure><\/div><\/div>\n\n\n\n<div class=\"wp-block-column is-layout-flow wp-block-column-is-layout-flow\"><div class=\"wp-block-image\">\n<figure class=\"aligncenter size-large is-resized\"><a href=\"https:\/\/www.planete-sciences.org\/vendee\/wp-content\/uploads\/2026\/03\/CATALOGUE-2026-1.pdf\" target=\"_blank\" rel=\"noreferrer noopener\"><img loading=\"lazy\" decoding=\"async\" width=\"724\" height=\"1024\" src=\"https:\/\/www.planete-sciences.org\/vendee\/wp-content\/uploads\/2026\/03\/CATALOGUE-2026-724x1024.jpg\" alt=\"\" class=\"wp-image-3108\" style=\"width:187px;height:auto\" srcset=\"https:\/\/www.planete-sciences.org\/vendee\/wp-content\/uploads\/2026\/03\/CATALOGUE-2026-724x1024.jpg 724w, https:\/\/www.planete-sciences.org\/vendee\/wp-content\/uploads\/2026\/03\/CATALOGUE-2026-212x300.jpg 212w, https:\/\/www.planete-sciences.org\/vendee\/wp-content\/uploads\/2026\/03\/CATALOGUE-2026-768x1086.jpg 768w, https:\/\/www.planete-sciences.org\/vendee\/wp-content\/uploads\/2026\/03\/CATALOGUE-2026-1086x1536.jpg 1086w, https:\/\/www.planete-sciences.org\/vendee\/wp-content\/uploads\/2026\/03\/CATALOGUE-2026-1x1.jpg 1w, https:\/\/www.planete-sciences.org\/vendee\/wp-content\/uploads\/2026\/03\/CATALOGUE-2026.jpg 1414w\" sizes=\"(max-width: 724px) 100vw, 724px\" \/><\/a><figcaption class=\"wp-element-caption\">CATALOGUE<\/figcaption><\/figure><\/div><\/div>\n<\/div>\n\n\n\n<h3 class=\"wp-block-heading\"><em>En classe nous proposons aussi des accompagnements sur des projets nationaux : <\/em><\/h3>\n\n\n\n<h2 class=\"wp-block-heading\">Un Ballon pour l&rsquo;\u00e9cole<\/h2>\n\n\n\n<figure class=\"wp-block-embed aligncenter is-type-video is-provider-youtube wp-block-embed-youtube wp-embed-aspect-16-9 wp-has-aspect-ratio\"><div class=\"wp-block-embed__wrapper\">\n<iframe loading=\"lazy\" title=\"30 ans | un ballon pour l&#039;\u00e9cole\" width=\"654\" height=\"368\" src=\"https:\/\/www.youtube.com\/embed\/2rCispcONLo?feature=oembed\" frameborder=\"0\" allow=\"accelerometer; autoplay; clipboard-write; encrypted-media; gyroscope; picture-in-picture; web-share\" referrerpolicy=\"strict-origin-when-cross-origin\" allowfullscreen><\/iframe>\n<\/div><\/figure>\n\n\n\n<p>Depuis 1992, le&nbsp;CNES&nbsp;et Plan\u00e8te Sciences organisent durant l\u2019ann\u00e9e scolaire l\u2019op\u00e9ration \u00ab<small>&nbsp;<\/small>Un ballon pour l\u2019\u00e9cole<small>&nbsp;<\/small>\u00bb. L\u2019op\u00e9ration consiste \u00e0 mettre \u00e0 leur disposition des ballons sondes pour permettre aux \u00e9l\u00e8ves (\u00e9coliers, coll\u00e9giens ou lyc\u00e9ens) de concevoir et r\u00e9aliser des nacelles exp\u00e9rimentales qui seront embarqu\u00e9es sous ces ballons.<\/p>\n\n\n\n<p>Les nacelles exp\u00e9rimentales, pr\u00e9texte \u00e0 l\u2019initiation aux sciences et aux techniques, doivent \u00eatre le fruit du travail des jeunes, encadr\u00e9s par leurs enseignants. Les nacelles sont pr\u00e9par\u00e9es au cours de l\u2019ann\u00e9e scolaire et les l\u00e2chers des ballons ont lieu avant la fin de l\u2019ann\u00e9e scolaire, effectu\u00e9s par des personnes habilit\u00e9es. Plan\u00e8te Sciences se voit confier par le&nbsp;CNES&nbsp;l\u2019encadrement des projets. Un b\u00e9n\u00e9vole (traditionnellement surnomm\u00e9 \u00ab\u00a0suiveur\u00a0\u00bb) sera d\u00e9sign\u00e9 pour chaque classe retenue et intervient au moins trois fois dans l\u2019ann\u00e9e.<\/p>\n\n\n\n<p>Le mat\u00e9riel de l\u00e2cher (cha\u00eene de vol et h\u00e9lium) est financ\u00e9 par le&nbsp;CNES&nbsp;et mis \u00e0 disposition par Plan\u00e8te Sciences le jour du l\u00e2cher.&nbsp;<\/p>\n\n\n\n<p><\/p>\n\n\n\n<h2 class=\"wp-block-heading\">Des Robots et des Hommes<\/h2>\n\n\n\n<figure class=\"wp-block-embed aligncenter is-type-video is-provider-youtube wp-block-embed-youtube wp-embed-aspect-16-9 wp-has-aspect-ratio\"><div class=\"wp-block-embed__wrapper\">\n<iframe loading=\"lazy\" title=\"Des coll\u00e9giens invit\u00e9s \u00e0 d\u00e9couvrir la fili\u00e8re Robotique\" width=\"654\" height=\"368\" src=\"https:\/\/www.youtube.com\/embed\/gi197cW-R1s?feature=oembed\" frameborder=\"0\" allow=\"accelerometer; autoplay; clipboard-write; encrypted-media; gyroscope; picture-in-picture; web-share\" referrerpolicy=\"strict-origin-when-cross-origin\" allowfullscreen><\/iframe>\n<\/div><\/figure>\n\n\n\n<p>\u00ab&nbsp;<em>Des Robots et des Hommes<\/em>&nbsp;\u00bb, initi\u00e9 par&nbsp;l&rsquo;agglom\u00e9ration de la Roche-sur-Yon et mis en \u0153uvre par&nbsp;Oryon avec la Direction Acad\u00e9mique de la Vend\u00e9e et Plan\u00e8te Sciences Vend\u00e9e, a pour objectifs de faire d\u00e9couvrir la robotique aux coll\u00e9giens agglo-yonnais et de les sensibiliser aux m\u00e9tiers d\u2019avenir de cette fili\u00e8re d\u2019excellence. Un programme p\u00e9dagogique de plusieurs mois rendu possible gr\u00e2ce \u00e0 la mobilisation des \u00e9tablissements scolaires ainsi que des acteurs de la robotique.<\/p>\n\n\n\n<p>Concr\u00e8tement \u00ab&nbsp;<em>Des Robots et des Hommes<\/em>&nbsp;\u00bb permet aux \u00e9l\u00e8ves de 3<sup>\u00e8me<\/sup>&nbsp;des coll\u00e8ges inscrits, de&nbsp;:<\/p>\n\n\n\n<ul>\n<li>D\u00e9couvrir les centres de ressources de robotique,<\/li>\n\n\n\n<li>Visiter des entreprises et \u00e9changer avec des professionnels sur leurs m\u00e9tiers,<\/li>\n\n\n\n<li>Participer \u00e0 un challenge inter-coll\u00e8ges.<\/li>\n<\/ul>\n\n\n\n<p><\/p>\n\n\n\n<h2 class=\"wp-block-heading\">Rocketry Challenge<\/h2>\n\n\n\n<figure class=\"wp-block-embed aligncenter is-type-video is-provider-youtube wp-block-embed-youtube wp-embed-aspect-16-9 wp-has-aspect-ratio\"><div class=\"wp-block-embed__wrapper\">\n<iframe loading=\"lazy\" title=\"Rocketry 2021\" width=\"654\" height=\"368\" src=\"https:\/\/www.youtube.com\/embed\/_yawLt6VmYs?feature=oembed\" frameborder=\"0\" allow=\"accelerometer; autoplay; clipboard-write; encrypted-media; gyroscope; picture-in-picture; web-share\" referrerpolicy=\"strict-origin-when-cross-origin\" allowfullscreen><\/iframe>\n<\/div><\/figure>\n\n\n\n<p>Le Rocketry Challenge est un concours, organis\u00e9 par Plan\u00e8te Sciences et le&nbsp;GIFAS, propos\u00e9 pour les jeunes de la 6<sup>e<\/sup>&nbsp;\u00e0 la Terminale, en club ou dans le cadre scolaire. La finale nationale est co-organis\u00e9e avec notre relais Lacq Odyss\u00e9e. L\u2019objectif est de construire une minifus\u00e9e avec 5 missions \u00e0 accomplir&nbsp;:<\/p>\n\n\n\n<ul>\n<li>La charge utile est constitu\u00e9e&nbsp;<strong>d\u2019un \u0153uf cru<\/strong>&nbsp;de 55 \u00e0 61g qui doit revenir sans aucune fissure ni dommage externe apr\u00e8s le vol (orientation libre).<\/li>\n\n\n\n<li>L\u2019\u0153uf doit atteindre le plus pr\u00e9cis\u00e9ment possible&nbsp;<strong>l\u2019altitude de 250 m<\/strong>&nbsp;(soit 820 pieds) pour le vol de qualification. <\/li>\n\n\n\n<li>La fus\u00e9e doit avoir un&nbsp;<strong>temps de vol total se situant entre 43 et 46 secondes<\/strong>. <\/li>\n\n\n\n<li>La fus\u00e9e doit avoir une longueur de plus de 650 mm. Son corps doit \u00eatre constitu\u00e9 de&nbsp;<strong>deux tubes de diam\u00e8tres ext\u00e9rieurs diff\u00e9rents<\/strong>&nbsp;et de longueur apparente sup\u00e9rieure ou \u00e9gale \u00e0 150 mm chacun.<\/li>\n\n\n\n<li>La fus\u00e9e doit contenir un&nbsp;<strong>syst\u00e8me de r\u00e9cup\u00e9ration<\/strong>&nbsp;capable de la faire revenir au sol de fa\u00e7on non dangereuse. Toutes les parties de la fus\u00e9e devront rester connect\u00e9es ou attach\u00e9es ensemble du d\u00e9collage \u00e0 l\u2019atterrissage et la fus\u00e9e doit redescendre sous un ou plusieurs parachutes.<\/li>\n<\/ul>\n\n\n\n<p>Plan\u00e8te Sciences Vend\u00e9e vous accompagne sur ce projet.<\/p>\n","protected":false},"excerpt":{"rendered":"<p>Des interventions sur le temps scolaire dans tout le d\u00e9partement Plan\u00e8te Sciences travaille en \u00e9troite collaboration avec les&nbsp;enseignants, depuis la maternelle jusqu&rsquo;au lyc\u00e9e, pour mettre au point des activit\u00e9s \u00e0 la fois p\u00e9dagogiques et ludiques en sciences et techniques. Nous intervenons en classe dans le cadre d&rsquo;ateliers th\u00e9matiques, en astronomie, a\u00e9ronautique, \u00e9lectricit\u00e9, chimie, physique et [&hellip;]<\/p>\n","protected":false},"author":1,"featured_media":0,"parent":0,"menu_order":0,"comment_status":"closed","ping_status":"closed","template":"","meta":{"footnotes":""},"jetpack_sharing_enabled":true,"_links":{"self":[{"href":"https:\/\/www.planete-sciences.org\/vendee\/wp-json\/wp\/v2\/pages\/127"}],"collection":[{"href":"https:\/\/www.planete-sciences.org\/vendee\/wp-json\/wp\/v2\/pages"}],"about":[{"href":"https:\/\/www.planete-sciences.org\/vendee\/wp-json\/wp\/v2\/types\/page"}],"author":[{"embeddable":true,"href":"https:\/\/www.planete-sciences.org\/vendee\/wp-json\/wp\/v2\/users\/1"}],"replies":[{"embeddable":true,"href":"https:\/\/www.planete-sciences.org\/vendee\/wp-json\/wp\/v2\/comments?post=127"}],"version-history":[{"count":37,"href":"https:\/\/www.planete-sciences.org\/vendee\/wp-json\/wp\/v2\/pages\/127\/revisions"}],"predecessor-version":[{"id":3116,"href":"https:\/\/www.planete-sciences.org\/vendee\/wp-json\/wp\/v2\/pages\/127\/revisions\/3116"}],"wp:attachment":[{"href":"https:\/\/www.planete-sciences.org\/vendee\/wp-json\/wp\/v2\/media?parent=127"}],"curies":[{"name":"wp","href":"https:\/\/api.w.org\/{rel}","templated":true}]}}