{"id":125,"date":"2019-09-30T11:57:20","date_gmt":"2019-09-30T09:57:20","guid":{"rendered":"https:\/\/www.planete-sciences.org\/vendee\/?page_id=125"},"modified":"2026-03-12T17:09:36","modified_gmt":"2026-03-12T16:09:36","slug":"ateliers-stages","status":"publish","type":"page","link":"https:\/\/www.planete-sciences.org\/vendee\/ateliers-stages\/","title":{"rendered":"Ateliers\/ Stages pendant les vacances"},"content":{"rendered":"<div class=\"wp-block-image\">\n<figure class=\"aligncenter size-full is-resized\"><img loading=\"lazy\" decoding=\"async\" width=\"605\" height=\"440\" src=\"https:\/\/www.planete-sciences.org\/vendee\/wp-content\/uploads\/2025\/05\/Image2.jpg\" alt=\"\" class=\"wp-image-2661\" style=\"width:auto;height:250px\" srcset=\"https:\/\/www.planete-sciences.org\/vendee\/wp-content\/uploads\/2025\/05\/Image2.jpg 605w, https:\/\/www.planete-sciences.org\/vendee\/wp-content\/uploads\/2025\/05\/Image2-300x218.jpg 300w, https:\/\/www.planete-sciences.org\/vendee\/wp-content\/uploads\/2025\/05\/Image2-1x1.jpg 1w\" sizes=\"(max-width: 605px) 100vw, 605px\" \/><\/figure><\/div>\n\n\n<h2 class=\"wp-block-heading\">Nos ateliers <\/h2>\n\n\n\n<p class=\"has-text-align-justify\">Pendant les vacances, ou certains samedis, Plan\u00e8te Sciences Vend\u00e9e propose aux jeunes des activit\u00e9s scientifiques. Ces ateliers ludiques sont encadr\u00e9s par des animateurs professionnels et des passionn\u00e9s. <strong>Ils se d\u00e9roulent \u00e0 la Roche-sur-Yon dans notre local<\/strong>.<\/p>\n\n\n\n<p><strong>Afin de pouvoir continuer \u00e0 vous proposer des ateliers de qualit\u00e9 avec du mat\u00e9riel adapt\u00e9, nous devons cette ann\u00e9e, pour la premi\u00e8re fois, revoir nos tarifs. <\/strong><\/p>\n\n\n\n<p><strong>D\u00e9sormais, l\u2019adh\u00e9sion \u00e0 l\u2019association n&rsquo;est plus obligatoire pour participer \u00e0 un atelier, mais elle permet l&rsquo;acc\u00e8s \u00e0 des tarifs pr\u00e9f\u00e9rentiels<\/strong> :<\/p>\n\n\n\n<div class=\"wp-block-columns is-layout-flex wp-container-core-columns-layout-1 wp-block-columns-is-layout-flex\">\n<div class=\"wp-block-column is-layout-flow wp-block-column-is-layout-flow\" style=\"flex-basis:100%\">\n<figure class=\"wp-block-table\"><table><tbody><tr><td class=\"has-text-align-center\" data-align=\"center\"><strong>TARIFS ATELIERS<\/strong> <\/td><td class=\"has-text-align-center\" data-align=\"center\"><strong>Ateliers 3h<\/strong><\/td><td class=\"has-text-align-center\" data-align=\"center\"><strong>Ateliers 1h30<\/strong><\/td><\/tr><tr><td class=\"has-text-align-center\" data-align=\"center\">Tarif atelier pour les adh\u00e9rents<\/td><td class=\"has-text-align-center\" data-align=\"center\">15\u20ac <\/td><td class=\"has-text-align-center\" data-align=\"center\">8\u20ac<\/td><\/tr><tr><td class=\"has-text-align-center\" data-align=\"center\">Tarif atelier pour les non adh\u00e9rents<\/td><td class=\"has-text-align-center\" data-align=\"center\">25\u20ac<\/td><td class=\"has-text-align-center\" data-align=\"center\">8\u20ac<\/td><\/tr><\/tbody><\/table><\/figure>\n<\/div>\n<\/div>\n\n\n\n<figure class=\"wp-block-table\"><table><tbody><tr><td class=\"has-text-align-center\" data-align=\"center\"><strong>TARIFS ADHESIONS<\/strong><\/td><td class=\"has-text-align-center\" data-align=\"center\">15 \u20ac \/ personne<\/td><\/tr><\/tbody><\/table><\/figure>\n\n\n<div class=\"wp-block-image is-style-default\">\n<figure class=\"aligncenter size-medium\"><a href=\"https:\/\/www.planete-sciences.org\/vendee\/wp-content\/uploads\/2026\/03\/Ateliers-Avril-2026-4.pdf\" target=\"_blank\" rel=\"noreferrer noopener\"><img loading=\"lazy\" decoding=\"async\" width=\"212\" height=\"300\" src=\"https:\/\/www.planete-sciences.org\/vendee\/wp-content\/uploads\/2026\/03\/Ateliers-Avril-2026-212x300.png\" alt=\"\" class=\"wp-image-3068\" srcset=\"https:\/\/www.planete-sciences.org\/vendee\/wp-content\/uploads\/2026\/03\/Ateliers-Avril-2026-212x300.png 212w, https:\/\/www.planete-sciences.org\/vendee\/wp-content\/uploads\/2026\/03\/Ateliers-Avril-2026-724x1024.png 724w, https:\/\/www.planete-sciences.org\/vendee\/wp-content\/uploads\/2026\/03\/Ateliers-Avril-2026-768x1086.png 768w, https:\/\/www.planete-sciences.org\/vendee\/wp-content\/uploads\/2026\/03\/Ateliers-Avril-2026-1086x1536.png 1086w, https:\/\/www.planete-sciences.org\/vendee\/wp-content\/uploads\/2026\/03\/Ateliers-Avril-2026-1x1.png 1w, https:\/\/www.planete-sciences.org\/vendee\/wp-content\/uploads\/2026\/03\/Ateliers-Avril-2026.png 1414w\" sizes=\"(max-width: 212px) 100vw, 212px\" \/><\/a><\/figure><\/div>\n\n\n<p><\/p>\n\n\n\n<div class=\"wp-block-buttons is-horizontal is-content-justification-center is-layout-flex wp-container-core-buttons-layout-1 wp-block-buttons-is-layout-flex\">\n<div class=\"wp-block-button\"><a class=\"wp-block-button__link has-white-color has-luminous-vivid-amber-background-color has-text-color has-background has-link-color wp-element-button\" href=\"https:\/\/www.planete-sciences.org\/vendee\/wp-content\/uploads\/2026\/03\/Ateliers-Avril-2026-4.pdf\" target=\"_blank\" rel=\"noreferrer noopener\"><strong>T\u00c9L\u00c9CHARGER LE PROGRAM<\/strong><strong>ME DES VACANCES<\/strong><\/a><\/div>\n<\/div>\n\n\n\n<div class=\"wp-block-columns is-layout-flex wp-container-core-columns-layout-3 wp-block-columns-is-layout-flex\">\n<div class=\"wp-block-column is-layout-flow wp-block-column-is-layout-flow\" style=\"flex-basis:90%\">\n<div class=\"wp-block-columns is-layout-flex wp-container-core-columns-layout-2 wp-block-columns-is-layout-flex\">\n<div class=\"wp-block-column is-layout-flow wp-block-column-is-layout-flow\" style=\"flex-basis:120%\"><\/div>\n<\/div>\n<\/div>\n<\/div>\n\n\n\n<h2 class=\"wp-block-heading\">Inscriptions<\/h2>\n\n\n\n<p>Les inscriptions se font en ligne via le portail \u00ab\u00a0Helloasso\u00a0\u00bb. Ce portail est gratuit mais propose un participation aux frais d&rsquo;inscription, <strong>facultative<\/strong>, pour soutenir la plateforme :<\/p>\n\n\n\n<div class=\"wp-block-buttons is-layout-flex wp-block-buttons-is-layout-flex\">\n<div class=\"wp-block-button is-style-fill aligncenter\"><a class=\"wp-block-button__link has-white-color has-luminous-vivid-amber-background-color has-text-color has-background wp-element-button\" href=\"https:\/\/www.helloasso.com\/associations\/planete-sciences-vendee\/boutiques\/ateliers-vacances-avril-2026\" target=\"_blank\" rel=\"noreferrer noopener\"><strong>Inscriptions Avril<\/strong><\/a><\/div>\n<\/div>\n\n\n\n<h2 class=\"wp-block-heading\">Adh\u00e9sions<\/h2>\n\n\n\n<p>Les adh\u00e9sions se font sur un lien diff\u00e9rent, via la m\u00eame plateforme : <\/p>\n\n\n\n<div class=\"wp-block-buttons is-layout-flex wp-block-buttons-is-layout-flex\">\n<div class=\"wp-block-button aligncenter\"><a class=\"wp-block-button__link has-white-color has-luminous-vivid-amber-background-color has-text-color has-background wp-element-button\" href=\"https:\/\/www.helloasso.com\/associations\/planete-sciences-vendee\/adhesions\/adhesions-2026\" target=\"_blank\" rel=\"noreferrer noopener\"><strong>Adh\u00e9sions 2026<\/strong><\/a><\/div>\n<\/div>\n\n\n\n<p class=\"has-text-align-center\"><a href=\"https:\/\/www.planete-sciences.org\/vendee\/les-samedi-bidouille\/\" data-type=\"page\" data-id=\"1176\">Pour les ateliers (grands) parents-enfants, c&rsquo;est ici<\/a><\/p>\n\n\n\n<h2 class=\"wp-block-heading\">Renseignements<\/h2>\n\n\n<div class=\"wp-block-image\">\n<figure class=\"aligncenter size-large is-resized\"><img loading=\"lazy\" decoding=\"async\" width=\"1024\" height=\"707\" src=\"https:\/\/www.planete-sciences.org\/vendee\/wp-content\/uploads\/2024\/11\/Image2-1-1024x707.png\" alt=\"\" class=\"wp-image-2418\" style=\"width:514px;height:auto\" srcset=\"https:\/\/www.planete-sciences.org\/vendee\/wp-content\/uploads\/2024\/11\/Image2-1-1024x707.png 1024w, https:\/\/www.planete-sciences.org\/vendee\/wp-content\/uploads\/2024\/11\/Image2-1-300x207.png 300w, https:\/\/www.planete-sciences.org\/vendee\/wp-content\/uploads\/2024\/11\/Image2-1-768x530.png 768w, https:\/\/www.planete-sciences.org\/vendee\/wp-content\/uploads\/2024\/11\/Image2-1-1536x1060.png 1536w, https:\/\/www.planete-sciences.org\/vendee\/wp-content\/uploads\/2024\/11\/Image2-1-2048x1413.png 2048w, https:\/\/www.planete-sciences.org\/vendee\/wp-content\/uploads\/2024\/11\/Image2-1-1x1.png 1w\" sizes=\"(max-width: 1024px) 100vw, 1024px\" \/><\/figure><\/div>","protected":false},"excerpt":{"rendered":"<p>Nos ateliers Pendant les vacances, ou certains samedis, Plan\u00e8te Sciences Vend\u00e9e propose aux jeunes des activit\u00e9s scientifiques. Ces ateliers ludiques sont encadr\u00e9s par des animateurs professionnels et des passionn\u00e9s. Ils se d\u00e9roulent \u00e0 la Roche-sur-Yon dans notre local. Afin de pouvoir continuer \u00e0 vous proposer des ateliers de qualit\u00e9 avec du mat\u00e9riel adapt\u00e9, nous devons [&hellip;]<\/p>\n","protected":false},"author":1,"featured_media":0,"parent":0,"menu_order":0,"comment_status":"closed","ping_status":"closed","template":"","meta":{"footnotes":""},"jetpack_sharing_enabled":true,"_links":{"self":[{"href":"https:\/\/www.planete-sciences.org\/vendee\/wp-json\/wp\/v2\/pages\/125"}],"collection":[{"href":"https:\/\/www.planete-sciences.org\/vendee\/wp-json\/wp\/v2\/pages"}],"about":[{"href":"https:\/\/www.planete-sciences.org\/vendee\/wp-json\/wp\/v2\/types\/page"}],"author":[{"embeddable":true,"href":"https:\/\/www.planete-sciences.org\/vendee\/wp-json\/wp\/v2\/users\/1"}],"replies":[{"embeddable":true,"href":"https:\/\/www.planete-sciences.org\/vendee\/wp-json\/wp\/v2\/comments?post=125"}],"version-history":[{"count":562,"href":"https:\/\/www.planete-sciences.org\/vendee\/wp-json\/wp\/v2\/pages\/125\/revisions"}],"predecessor-version":[{"id":3104,"href":"https:\/\/www.planete-sciences.org\/vendee\/wp-json\/wp\/v2\/pages\/125\/revisions\/3104"}],"wp:attachment":[{"href":"https:\/\/www.planete-sciences.org\/vendee\/wp-json\/wp\/v2\/media?parent=125"}],"curies":[{"name":"wp","href":"https:\/\/api.w.org\/{rel}","templated":true}]}}