{"id":123,"date":"2019-09-30T11:55:41","date_gmt":"2019-09-30T09:55:41","guid":{"rendered":"https:\/\/www.planete-sciences.org\/vendee\/?page_id=123"},"modified":"2025-08-25T09:38:38","modified_gmt":"2025-08-25T07:38:38","slug":"clubs","status":"publish","type":"page","link":"https:\/\/www.planete-sciences.org\/vendee\/clubs\/","title":{"rendered":"Nos clubs 2025-2026"},"content":{"rendered":"\n<p class=\"has-text-align-center has-vivid-red-color has-text-color has-link-color wp-elements-7517fe12b8c113646bfed6763b3ab93c\"><strong>Les clubs d\u00e9buteront les 9, 10 et 11 septembre 2025<\/strong><\/p>\n\n\n\n<p class=\"has-text-align-left\">Nos clubs ont pour objectif de permettre aux jeunes la pratique et la d\u00e9couverte d\u2019activit\u00e9s scientifiques et techniques tout au long de l&rsquo;ann\u00e9e. De septembre \u00e0 juin, autour d\u2019une session hebdomadaire d&rsquo;1h30, les jeunes pourront mener des projets en lien avec la robotique, le num\u00e9rique, l&rsquo;optique, l\u2019espace, l\u2019astronomie, l\u2019environnement, les \u00e9nergies, la chimie, l&rsquo;histoire et le patrimoine&#8230;<\/p>\n\n\n\n<h3 class=\"wp-block-heading\">Clubs Multi D\u00e9couverte des Sciences 7-11 ans<\/h3>\n\n\n\n<div class=\"wp-block-jetpack-tiled-gallery aligncenter is-style-rectangular\"><div class=\"\"><div class=\"tiled-gallery__gallery\"><div class=\"tiled-gallery__row\"><div class=\"tiled-gallery__col\" style=\"flex-basis:31.09736%\"><figure class=\"tiled-gallery__item\"><img decoding=\"async\" srcset=\"https:\/\/i2.wp.com\/www.planete-sciences.org\/vendee\/wp-content\/uploads\/2024\/11\/456290463_453472430991424_390099127872336053_n-576x1024.jpg?strip=info&#038;w=600&#038;ssl=1 600w,https:\/\/i2.wp.com\/www.planete-sciences.org\/vendee\/wp-content\/uploads\/2024\/11\/456290463_453472430991424_390099127872336053_n-576x1024.jpg?strip=info&#038;w=900&#038;ssl=1 900w,https:\/\/i2.wp.com\/www.planete-sciences.org\/vendee\/wp-content\/uploads\/2024\/11\/456290463_453472430991424_390099127872336053_n-576x1024.jpg?strip=info&#038;w=1125&#038;ssl=1 1125w\" alt=\"\" data-height=\"2000\" data-id=\"2426\" data-link=\"https:\/\/www.planete-sciences.org\/vendee\/clubs\/456290463_453472430991424_390099127872336053_n\/#main\" data-url=\"https:\/\/www.planete-sciences.org\/vendee\/wp-content\/uploads\/2024\/11\/456290463_453472430991424_390099127872336053_n-576x1024.jpg\" data-width=\"1125\" src=\"https:\/\/i2.wp.com\/www.planete-sciences.org\/vendee\/wp-content\/uploads\/2024\/11\/456290463_453472430991424_390099127872336053_n-576x1024.jpg?ssl=1\" data-amp-layout=\"responsive\" tabindex=\"0\" role=\"button\" aria-label=\"Ouvrir l\u2019image 1 sur 3 en plein \u00e9cran\"\/><\/figure><\/div><div class=\"tiled-gallery__col\" style=\"flex-basis:37.80529%\"><figure class=\"tiled-gallery__item\"><img decoding=\"async\" srcset=\"https:\/\/i1.wp.com\/www.planete-sciences.org\/vendee\/wp-content\/uploads\/2024\/11\/bdfg.jpg?strip=info&#038;w=405&#038;ssl=1 405w\" alt=\"\" data-height=\"592\" data-id=\"2425\" data-link=\"https:\/\/www.planete-sciences.org\/vendee\/clubs\/bdfg\/#main\" data-url=\"https:\/\/www.planete-sciences.org\/vendee\/wp-content\/uploads\/2024\/11\/bdfg.jpg\" data-width=\"405\" src=\"https:\/\/i1.wp.com\/www.planete-sciences.org\/vendee\/wp-content\/uploads\/2024\/11\/bdfg.jpg?ssl=1\" data-amp-layout=\"responsive\" tabindex=\"0\" role=\"button\" aria-label=\"Ouvrir l\u2019image 2 sur 3 en plein \u00e9cran\"\/><\/figure><\/div><div class=\"tiled-gallery__col\" style=\"flex-basis:31.09736%\"><figure class=\"tiled-gallery__item\"><img decoding=\"async\" srcset=\"https:\/\/i0.wp.com\/www.planete-sciences.org\/vendee\/wp-content\/uploads\/2024\/11\/456238366_1541866569747234_6629151399876238282_n-1-576x1024.jpg?strip=info&#038;w=600&#038;ssl=1 600w,https:\/\/i0.wp.com\/www.planete-sciences.org\/vendee\/wp-content\/uploads\/2024\/11\/456238366_1541866569747234_6629151399876238282_n-1-576x1024.jpg?strip=info&#038;w=900&#038;ssl=1 900w,https:\/\/i0.wp.com\/www.planete-sciences.org\/vendee\/wp-content\/uploads\/2024\/11\/456238366_1541866569747234_6629151399876238282_n-1-576x1024.jpg?strip=info&#038;w=1125&#038;ssl=1 1125w\" alt=\"\" data-height=\"2000\" data-id=\"2427\" data-link=\"https:\/\/www.planete-sciences.org\/vendee\/clubs\/456238366_1541866569747234_6629151399876238282_n-1\/#main\" data-url=\"https:\/\/www.planete-sciences.org\/vendee\/wp-content\/uploads\/2024\/11\/456238366_1541866569747234_6629151399876238282_n-1-576x1024.jpg\" data-width=\"1125\" src=\"https:\/\/i0.wp.com\/www.planete-sciences.org\/vendee\/wp-content\/uploads\/2024\/11\/456238366_1541866569747234_6629151399876238282_n-1-576x1024.jpg?ssl=1\" data-amp-layout=\"responsive\" tabindex=\"0\" role=\"button\" aria-label=\"Ouvrir l\u2019image 3 sur 3 en plein \u00e9cran\"\/><\/figure><\/div><\/div><\/div><\/div><\/div>\n\n\n\n<p>Ce club multith\u00e9matique aborde diff\u00e9rents sujets. Les jeunes de 7 \u00e0 11 ans sont accompagn\u00e9s dans des constructions de plus en plus abouties tout en d\u00e9couvrant diff\u00e9rents domaines des sciences et techniques (chimie, m\u00e9canique, espace, \u00e9lectricit\u00e9, sciences du vivant\u2026).<\/p>\n\n\n\n<p class=\"has-text-align-left has-vivid-cyan-blue-color has-text-color\"><strong><strong>Deux cr\u00e9neaux possibles<\/strong>  : <\/strong><\/p>\n\n\n\n<ul>\n<li><strong><mark style=\"background-color:rgba(0, 0, 0, 0)\" class=\"has-inline-color has-vivid-cyan-blue-color\">Le mercredi de 13h30 \u00e0 15h pour les 7 \u2013 9 ans<\/mark><\/strong> <strong>(d\u00e9marrage le mercredi 10 septembre) <\/strong><\/li>\n\n\n\n<li><strong><mark style=\"background-color:rgba(0, 0, 0, 0)\" class=\"has-inline-color has-vivid-cyan-blue-color\">Le mercredi de 15h \u00e0 16h30 pour les 9 ans et plus<\/mark><\/strong> <strong>(d\u00e9marrage le mercredi 10 septembre) <\/strong><\/li>\n<\/ul>\n\n\n\n<h3 class=\"wp-block-heading\">Clubs Multi D\u00e9couverte Tech 9-13 ans<\/h3>\n\n\n\n<div class=\"wp-block-jetpack-tiled-gallery aligncenter is-style-rectangular\"><div class=\"\"><div class=\"tiled-gallery__gallery\"><div class=\"tiled-gallery__row\"><div class=\"tiled-gallery__col\" style=\"flex-basis:48.64417%\"><figure class=\"tiled-gallery__item\"><img decoding=\"async\" srcset=\"https:\/\/i1.wp.com\/www.planete-sciences.org\/vendee\/wp-content\/uploads\/2024\/11\/451445161_1005845167681844_1965599944046205526_n.jpg?strip=info&#038;w=600&#038;ssl=1 600w,https:\/\/i1.wp.com\/www.planete-sciences.org\/vendee\/wp-content\/uploads\/2024\/11\/451445161_1005845167681844_1965599944046205526_n.jpg?strip=info&#038;w=720&#038;ssl=1 720w\" alt=\"\" data-height=\"960\" data-id=\"2428\" data-link=\"https:\/\/www.planete-sciences.org\/vendee\/clubs\/451445161_1005845167681844_1965599944046205526_n\/#main\" data-url=\"https:\/\/www.planete-sciences.org\/vendee\/wp-content\/uploads\/2024\/11\/451445161_1005845167681844_1965599944046205526_n.jpg\" data-width=\"720\" src=\"https:\/\/i1.wp.com\/www.planete-sciences.org\/vendee\/wp-content\/uploads\/2024\/11\/451445161_1005845167681844_1965599944046205526_n.jpg?ssl=1\" data-amp-layout=\"responsive\" tabindex=\"0\" role=\"button\" aria-label=\"Ouvrir l\u2019image 1 sur 3 en plein \u00e9cran\"\/><\/figure><\/div><div class=\"tiled-gallery__col\" style=\"flex-basis:51.35583%\"><figure class=\"tiled-gallery__item\"><img decoding=\"async\" srcset=\"https:\/\/i0.wp.com\/www.planete-sciences.org\/vendee\/wp-content\/uploads\/2024\/11\/462547510_950222263677738_1474985237930187148_n-1024x576.jpg?strip=info&#038;w=600&#038;ssl=1 600w,https:\/\/i0.wp.com\/www.planete-sciences.org\/vendee\/wp-content\/uploads\/2024\/11\/462547510_950222263677738_1474985237930187148_n-1024x576.jpg?strip=info&#038;w=900&#038;ssl=1 900w,https:\/\/i0.wp.com\/www.planete-sciences.org\/vendee\/wp-content\/uploads\/2024\/11\/462547510_950222263677738_1474985237930187148_n-1024x576.jpg?strip=info&#038;w=1200&#038;ssl=1 1200w,https:\/\/i0.wp.com\/www.planete-sciences.org\/vendee\/wp-content\/uploads\/2024\/11\/462547510_950222263677738_1474985237930187148_n-1024x576.jpg?strip=info&#038;w=1500&#038;ssl=1 1500w,https:\/\/i0.wp.com\/www.planete-sciences.org\/vendee\/wp-content\/uploads\/2024\/11\/462547510_950222263677738_1474985237930187148_n-1024x576.jpg?strip=info&#038;w=1800&#038;ssl=1 1800w,https:\/\/i0.wp.com\/www.planete-sciences.org\/vendee\/wp-content\/uploads\/2024\/11\/462547510_950222263677738_1474985237930187148_n-1024x576.jpg?strip=info&#038;w=2000&#038;ssl=1 2000w\" alt=\"\" data-height=\"1125\" data-id=\"2429\" data-link=\"https:\/\/www.planete-sciences.org\/vendee\/clubs\/462547510_950222263677738_1474985237930187148_n\/#main\" data-url=\"https:\/\/www.planete-sciences.org\/vendee\/wp-content\/uploads\/2024\/11\/462547510_950222263677738_1474985237930187148_n-1024x576.jpg\" data-width=\"2000\" src=\"https:\/\/i0.wp.com\/www.planete-sciences.org\/vendee\/wp-content\/uploads\/2024\/11\/462547510_950222263677738_1474985237930187148_n-1024x576.jpg?ssl=1\" data-amp-layout=\"responsive\" tabindex=\"0\" role=\"button\" aria-label=\"Ouvrir l\u2019image 2 sur 3 en plein \u00e9cran\"\/><\/figure><figure class=\"tiled-gallery__item\"><img decoding=\"async\" srcset=\"https:\/\/i1.wp.com\/www.planete-sciences.org\/vendee\/wp-content\/uploads\/2024\/11\/guju.jpg?strip=info&#038;w=600&#038;ssl=1 600w,https:\/\/i1.wp.com\/www.planete-sciences.org\/vendee\/wp-content\/uploads\/2024\/11\/guju.jpg?strip=info&#038;w=900&#038;ssl=1 900w,https:\/\/i1.wp.com\/www.planete-sciences.org\/vendee\/wp-content\/uploads\/2024\/11\/guju.jpg?strip=info&#038;w=937&#038;ssl=1 937w\" alt=\"\" data-height=\"647\" data-id=\"2430\" data-link=\"https:\/\/www.planete-sciences.org\/vendee\/clubs\/guju\/#main\" data-url=\"https:\/\/www.planete-sciences.org\/vendee\/wp-content\/uploads\/2024\/11\/guju.jpg\" data-width=\"937\" src=\"https:\/\/i1.wp.com\/www.planete-sciences.org\/vendee\/wp-content\/uploads\/2024\/11\/guju.jpg?ssl=1\" data-amp-layout=\"responsive\" tabindex=\"0\" role=\"button\" aria-label=\"Ouvrir l\u2019image 3 sur 3 en plein \u00e9cran\"\/><\/figure><\/div><\/div><\/div><\/div><\/div>\n\n\n\n<p>Ce club \u00ab Tech \u00bb aborde diff\u00e9rents domaines de la technologie : \u00e9lectricit\u00e9, robotique, programmation et impression 3D. Les jeunes de 9 \u00e0 13 ans explorent chaque domaine sur plusieurs semaines \u00e0 travers des constructions individuelles de plus en plus abouties.<\/p>\n\n\n\n<div class=\"wp-block-group is-layout-constrained wp-block-group-is-layout-constrained\"><div class=\"wp-block-group__inner-container\">\n<p class=\"has-text-align-left has-vivid-cyan-blue-color has-text-color\"><strong>Deux cr\u00e9neaux possibles  : <\/strong><\/p>\n\n\n\n<ul>\n<li><strong><mark style=\"background-color:rgba(0, 0, 0, 0)\" class=\"has-inline-color has-vivid-cyan-blue-color\">Le mercredi de 16h45 \u00e0 18h15<\/mark><\/strong> <strong>(d\u00e9marrage le mercredi 10 septembre) <\/strong><\/li>\n\n\n\n<li><strong><mark style=\"background-color:rgba(0, 0, 0, 0)\" class=\"has-inline-color has-vivid-cyan-blue-color\">Le jeudi de 17h15 \u00e0 18h45<\/mark><\/strong> <strong>(d\u00e9marrage le jeudi 11 septembre) <\/strong><\/li>\n<\/ul>\n<\/div><\/div>\n\n\n\n<h3 class=\"wp-block-heading\">Club Robotiques et Concours 13-17 ans<\/h3>\n\n\n\n<div class=\"wp-block-jetpack-tiled-gallery aligncenter is-style-rectangular\"><div class=\"\"><div class=\"tiled-gallery__gallery\"><div class=\"tiled-gallery__row\"><div class=\"tiled-gallery__col\" style=\"flex-basis:27.52611%\"><figure class=\"tiled-gallery__item\"><img decoding=\"async\" srcset=\"https:\/\/i2.wp.com\/www.planete-sciences.org\/vendee\/wp-content\/uploads\/2024\/11\/462637057_2123540128049210_8035109695743750553_n-1024x766.jpg?strip=info&#038;w=600&#038;ssl=1 600w,https:\/\/i2.wp.com\/www.planete-sciences.org\/vendee\/wp-content\/uploads\/2024\/11\/462637057_2123540128049210_8035109695743750553_n-1024x766.jpg?strip=info&#038;w=900&#038;ssl=1 900w,https:\/\/i2.wp.com\/www.planete-sciences.org\/vendee\/wp-content\/uploads\/2024\/11\/462637057_2123540128049210_8035109695743750553_n-1024x766.jpg?strip=info&#038;w=1200&#038;ssl=1 1200w,https:\/\/i2.wp.com\/www.planete-sciences.org\/vendee\/wp-content\/uploads\/2024\/11\/462637057_2123540128049210_8035109695743750553_n-1024x766.jpg?strip=info&#038;w=1500&#038;ssl=1 1500w,https:\/\/i2.wp.com\/www.planete-sciences.org\/vendee\/wp-content\/uploads\/2024\/11\/462637057_2123540128049210_8035109695743750553_n-1024x766.jpg?strip=info&#038;w=1800&#038;ssl=1 1800w,https:\/\/i2.wp.com\/www.planete-sciences.org\/vendee\/wp-content\/uploads\/2024\/11\/462637057_2123540128049210_8035109695743750553_n-1024x766.jpg?strip=info&#038;w=2000&#038;ssl=1 2000w\" alt=\"\" data-height=\"1496\" data-id=\"2431\" data-link=\"https:\/\/www.planete-sciences.org\/vendee\/clubs\/462637057_2123540128049210_8035109695743750553_n\/#main\" data-url=\"https:\/\/www.planete-sciences.org\/vendee\/wp-content\/uploads\/2024\/11\/462637057_2123540128049210_8035109695743750553_n-1024x766.jpg\" data-width=\"2000\" src=\"https:\/\/i2.wp.com\/www.planete-sciences.org\/vendee\/wp-content\/uploads\/2024\/11\/462637057_2123540128049210_8035109695743750553_n-1024x766.jpg?ssl=1\" data-amp-layout=\"responsive\" tabindex=\"0\" role=\"button\" aria-label=\"Ouvrir l\u2019image 1 sur 4 en plein \u00e9cran\"\/><\/figure><\/div><div class=\"tiled-gallery__col\" style=\"flex-basis:36.28876%\"><figure class=\"tiled-gallery__item\"><img decoding=\"async\" srcset=\"https:\/\/i0.wp.com\/www.planete-sciences.org\/vendee\/wp-content\/uploads\/2024\/11\/Image5-1024x580.png?strip=info&#038;w=600&#038;ssl=1 600w,https:\/\/i0.wp.com\/www.planete-sciences.org\/vendee\/wp-content\/uploads\/2024\/11\/Image5-1024x580.png?strip=info&#038;w=900&#038;ssl=1 900w,https:\/\/i0.wp.com\/www.planete-sciences.org\/vendee\/wp-content\/uploads\/2024\/11\/Image5-1024x580.png?strip=info&#038;w=1200&#038;ssl=1 1200w,https:\/\/i0.wp.com\/www.planete-sciences.org\/vendee\/wp-content\/uploads\/2024\/11\/Image5-1024x580.png?strip=info&#038;w=1283&#038;ssl=1 1283w\" alt=\"\" data-height=\"727\" data-id=\"2432\" data-link=\"https:\/\/www.planete-sciences.org\/vendee\/clubs\/image5-3\/#main\" data-url=\"https:\/\/www.planete-sciences.org\/vendee\/wp-content\/uploads\/2024\/11\/Image5-1024x580.png\" data-width=\"1283\" src=\"https:\/\/i0.wp.com\/www.planete-sciences.org\/vendee\/wp-content\/uploads\/2024\/11\/Image5-1024x580.png?ssl=1\" data-amp-layout=\"responsive\" tabindex=\"0\" role=\"button\" aria-label=\"Ouvrir l\u2019image 2 sur 4 en plein \u00e9cran\"\/><\/figure><\/div><div class=\"tiled-gallery__col\" style=\"flex-basis:15.55831%\"><figure class=\"tiled-gallery__item\"><img decoding=\"async\" srcset=\"https:\/\/i2.wp.com\/www.planete-sciences.org\/vendee\/wp-content\/uploads\/2024\/11\/462541710_461579343234609_193570116991031552_n-771x1024.jpg?strip=info&#038;w=600&#038;ssl=1 600w,https:\/\/i2.wp.com\/www.planete-sciences.org\/vendee\/wp-content\/uploads\/2024\/11\/462541710_461579343234609_193570116991031552_n-771x1024.jpg?strip=info&#038;w=900&#038;ssl=1 900w,https:\/\/i2.wp.com\/www.planete-sciences.org\/vendee\/wp-content\/uploads\/2024\/11\/462541710_461579343234609_193570116991031552_n-771x1024.jpg?strip=info&#038;w=1200&#038;ssl=1 1200w,https:\/\/i2.wp.com\/www.planete-sciences.org\/vendee\/wp-content\/uploads\/2024\/11\/462541710_461579343234609_193570116991031552_n-771x1024.jpg?strip=info&#038;w=1204&#038;ssl=1 1204w\" alt=\"\" data-height=\"1600\" data-id=\"2433\" data-link=\"https:\/\/www.planete-sciences.org\/vendee\/clubs\/462541710_461579343234609_193570116991031552_n\/#main\" data-url=\"https:\/\/www.planete-sciences.org\/vendee\/wp-content\/uploads\/2024\/11\/462541710_461579343234609_193570116991031552_n-771x1024.jpg\" data-width=\"1204\" src=\"https:\/\/i2.wp.com\/www.planete-sciences.org\/vendee\/wp-content\/uploads\/2024\/11\/462541710_461579343234609_193570116991031552_n-771x1024.jpg?ssl=1\" data-amp-layout=\"responsive\" tabindex=\"0\" role=\"button\" aria-label=\"Ouvrir l\u2019image 3 sur 4 en plein \u00e9cran\"\/><\/figure><\/div><div class=\"tiled-gallery__col\" style=\"flex-basis:20.62682%\"><figure class=\"tiled-gallery__item\"><img decoding=\"async\" srcset=\"https:\/\/i2.wp.com\/www.planete-sciences.org\/vendee\/wp-content\/uploads\/2024\/11\/441525529_842334007938571_5254753423457237678_nlow.jpg?strip=info&#038;w=320&#038;ssl=1 320w\" alt=\"\" data-height=\"320\" data-id=\"2434\" data-link=\"https:\/\/www.planete-sciences.org\/vendee\/clubs\/441525529_842334007938571_5254753423457237678_nlow\/#main\" data-url=\"https:\/\/www.planete-sciences.org\/vendee\/wp-content\/uploads\/2024\/11\/441525529_842334007938571_5254753423457237678_nlow.jpg\" data-width=\"320\" src=\"https:\/\/i2.wp.com\/www.planete-sciences.org\/vendee\/wp-content\/uploads\/2024\/11\/441525529_842334007938571_5254753423457237678_nlow.jpg?ssl=1\" data-amp-layout=\"responsive\" tabindex=\"0\" role=\"button\" aria-label=\"Ouvrir l\u2019image 4 sur 4 en plein \u00e9cran\"\/><\/figure><\/div><\/div><\/div><\/div><\/div>\n\n\n\n<p>\u00c0 travers la participation \u00e0 la Coupe de Robotique Junior, ce club propose \u00e0 des jeunes de 12 \u00e0 17 ans d\u2019explorer diff\u00e9rents domaines de la robotique&nbsp;: \u00e9lectricit\u00e9, m\u00e9canique et programmation. Ensemble, ils r\u00e9alisent leur propre robot pour la participation en \u00e9quipe \u00e0 la Coupe.<\/p>\n\n\n\n<p>La Coupe de Robotique Junior a lieu tous les ans au printemps, elle se d\u00e9roule en deux temps : s\u00e9lections r\u00e9gionales Pays de la Loire en mars, puis Coup de France en Mai.<\/p>\n\n\n\n<p>Ce club est ouvert \u00e0 tous les niveaux, mais la participation au concours implique un travail collectif sur plusieurs mois. Aussi, avant toute inscription, un \u00e9change pr\u00e9alable avec le jeune est n\u00e9cessaire pour pr\u00e9senter le fonctionnement de l\u2019ann\u00e9e.<\/p>\n\n\n\n<p class=\"has-vivid-cyan-blue-color has-text-color has-link-color wp-elements-bf2932730bbebdaa927961dd66db93dd\"><strong>Un cr\u00e9neau possible : <\/strong><\/p>\n\n\n\n<ul>\n<li><mark style=\"background-color:rgba(0, 0, 0, 0)\" class=\"has-inline-color has-vivid-cyan-blue-color\"><strong>Le mardi de 17h15 \u00e0 18h45 pour les 13 &#8211; 17 ans<\/strong><\/mark> <strong>(d\u00e9marrage le mardi 9 septembre) <\/strong><\/li>\n<\/ul>\n\n\n\n<h3 class=\"wp-block-heading\">Tarifs : <\/h3>\n\n\n\n<ul>\n<li><mark style=\"background-color:rgba(0, 0, 0, 0)\" class=\"has-inline-color has-vivid-cyan-blue-color\"><strong>Pour tous les clubs : 185 \u20ac l\u2019ann\u00e9e (comprend l&rsquo;adh\u00e9sion individuelle 2026 \u00e0 l&rsquo;association et les frais de participation au club)<\/strong><\/mark><\/li>\n<\/ul>\n\n\n\n<h4 class=\"wp-block-heading\">Si le club sur lequel vous souhaitez inscrire votre enfant est plein, n&rsquo;h\u00e9sitez pas \u00e0 nous envoyer un mail sur larochesuryon@planete-sciences.org afin de vous mettre sur liste d&rsquo;attente. <\/h4>\n\n\n\n<p class=\"has-text-align-center is-style-fill aligncenter has-white-color has-luminous-vivid-amber-background-color has-text-color has-background\"><strong><a href=\"https:\/\/www.helloasso.com\/associations\/planete-sciences-vendee\/boutiques\/inscriptions-aux-clubs-2025-2026\">Inscriptions<\/a><\/strong><\/p>\n\n\n<div class=\"wp-block-image\">\n<figure class=\"aligncenter size-medium is-resized\"><a href=\"https:\/\/www.planete-sciences.org\/vendee\/wp-content\/uploads\/2025\/06\/Flyers-clubs-2025_light.pdf\" target=\"_blank\" rel=\"noreferrer noopener\"><img loading=\"lazy\" decoding=\"async\" width=\"212\" height=\"300\" src=\"https:\/\/www.planete-sciences.org\/vendee\/wp-content\/uploads\/2025\/06\/Flyers-clubs-2025-1_page-0001-212x300.jpg\" alt=\"\" class=\"wp-image-2764\" style=\"width:163px;height:auto\" srcset=\"https:\/\/www.planete-sciences.org\/vendee\/wp-content\/uploads\/2025\/06\/Flyers-clubs-2025-1_page-0001-212x300.jpg 212w, https:\/\/www.planete-sciences.org\/vendee\/wp-content\/uploads\/2025\/06\/Flyers-clubs-2025-1_page-0001-725x1024.jpg 725w, https:\/\/www.planete-sciences.org\/vendee\/wp-content\/uploads\/2025\/06\/Flyers-clubs-2025-1_page-0001-768x1085.jpg 768w, https:\/\/www.planete-sciences.org\/vendee\/wp-content\/uploads\/2025\/06\/Flyers-clubs-2025-1_page-0001-1087x1536.jpg 1087w, https:\/\/www.planete-sciences.org\/vendee\/wp-content\/uploads\/2025\/06\/Flyers-clubs-2025-1_page-0001-1x1.jpg 1w, https:\/\/www.planete-sciences.org\/vendee\/wp-content\/uploads\/2025\/06\/Flyers-clubs-2025-1_page-0001.jpg 1240w\" sizes=\"(max-width: 212px) 100vw, 212px\" \/><\/a><\/figure><\/div>\n\n\n<div class=\"wp-block-group is-layout-constrained wp-block-group-is-layout-constrained\"><div class=\"wp-block-group__inner-container\">\n<div class=\"wp-block-file aligncenter\"><a id=\"wp-block-file--media-3604f919-2912-433e-86fd-e54a03624408\" href=\"https:\/\/www.planete-sciences.org\/vendee\/wp-content\/uploads\/2025\/06\/Flyers-clubs-2025_light.pdf\">Flyers-clubs-2025_light<\/a><a href=\"https:\/\/www.planete-sciences.org\/vendee\/wp-content\/uploads\/2025\/06\/Flyers-clubs-2025_light.pdf\" class=\"wp-block-file__button wp-element-button\" download aria-describedby=\"wp-block-file--media-3604f919-2912-433e-86fd-e54a03624408\">T\u00e9l\u00e9charger<\/a><\/div>\n<\/div><\/div>\n","protected":false},"excerpt":{"rendered":"<p>Les clubs d\u00e9buteront les 9, 10 et 11 septembre 2025 Nos clubs ont pour objectif de permettre aux jeunes la pratique et la d\u00e9couverte d\u2019activit\u00e9s scientifiques et techniques tout au long de l&rsquo;ann\u00e9e. De septembre \u00e0 juin, autour d\u2019une session hebdomadaire d&rsquo;1h30, les jeunes pourront mener des projets en lien avec la robotique, le num\u00e9rique, [&hellip;]<\/p>\n","protected":false},"author":1,"featured_media":0,"parent":0,"menu_order":0,"comment_status":"closed","ping_status":"closed","template":"","meta":{"footnotes":""},"jetpack_sharing_enabled":true,"_links":{"self":[{"href":"https:\/\/www.planete-sciences.org\/vendee\/wp-json\/wp\/v2\/pages\/123"}],"collection":[{"href":"https:\/\/www.planete-sciences.org\/vendee\/wp-json\/wp\/v2\/pages"}],"about":[{"href":"https:\/\/www.planete-sciences.org\/vendee\/wp-json\/wp\/v2\/types\/page"}],"author":[{"embeddable":true,"href":"https:\/\/www.planete-sciences.org\/vendee\/wp-json\/wp\/v2\/users\/1"}],"replies":[{"embeddable":true,"href":"https:\/\/www.planete-sciences.org\/vendee\/wp-json\/wp\/v2\/comments?post=123"}],"version-history":[{"count":61,"href":"https:\/\/www.planete-sciences.org\/vendee\/wp-json\/wp\/v2\/pages\/123\/revisions"}],"predecessor-version":[{"id":2791,"href":"https:\/\/www.planete-sciences.org\/vendee\/wp-json\/wp\/v2\/pages\/123\/revisions\/2791"}],"wp:attachment":[{"href":"https:\/\/www.planete-sciences.org\/vendee\/wp-json\/wp\/v2\/media?parent=123"}],"curies":[{"name":"wp","href":"https:\/\/api.w.org\/{rel}","templated":true}]}}