{"id":1176,"date":"2021-10-06T10:29:37","date_gmt":"2021-10-06T08:29:37","guid":{"rendered":"https:\/\/www.planete-sciences.org\/vendee\/?page_id=1176"},"modified":"2025-09-16T15:05:28","modified_gmt":"2025-09-16T13:05:28","slug":"les-samedi-bidouille","status":"publish","type":"page","link":"https:\/\/www.planete-sciences.org\/vendee\/les-samedi-bidouille\/","title":{"rendered":"Les ateliers (grands-)parents &#8211; enfants"},"content":{"rendered":"<div class=\"wp-block-image\">\n<figure class=\"aligncenter size-large is-resized\"><img loading=\"lazy\" decoding=\"async\" width=\"1024\" height=\"576\" src=\"https:\/\/www.planete-sciences.org\/vendee\/wp-content\/uploads\/2024\/11\/465563301_1374705193502013_7727321663481950538_n-2-1024x576.jpg\" alt=\"\" class=\"wp-image-2442\" style=\"width:642px;height:auto\" srcset=\"https:\/\/www.planete-sciences.org\/vendee\/wp-content\/uploads\/2024\/11\/465563301_1374705193502013_7727321663481950538_n-2-1024x576.jpg 1024w, https:\/\/www.planete-sciences.org\/vendee\/wp-content\/uploads\/2024\/11\/465563301_1374705193502013_7727321663481950538_n-2-300x169.jpg 300w, https:\/\/www.planete-sciences.org\/vendee\/wp-content\/uploads\/2024\/11\/465563301_1374705193502013_7727321663481950538_n-2-768x432.jpg 768w, https:\/\/www.planete-sciences.org\/vendee\/wp-content\/uploads\/2024\/11\/465563301_1374705193502013_7727321663481950538_n-2-1536x864.jpg 1536w, https:\/\/www.planete-sciences.org\/vendee\/wp-content\/uploads\/2024\/11\/465563301_1374705193502013_7727321663481950538_n-2-2x1.jpg 2w, https:\/\/www.planete-sciences.org\/vendee\/wp-content\/uploads\/2024\/11\/465563301_1374705193502013_7727321663481950538_n-2-700x394.jpg 700w, https:\/\/www.planete-sciences.org\/vendee\/wp-content\/uploads\/2024\/11\/465563301_1374705193502013_7727321663481950538_n-2.jpg 2000w\" sizes=\"(max-width: 1024px) 100vw, 1024px\" \/><\/figure><\/div>\n\n\n<p class=\"has-text-align-justify\">Pour d\u00e9couvrir et exp\u00e9rimenter les sciences en famille, nous proposons des ateliers en duo : un enfant et un adulte. Un samedi par mois, nous vous accompagnons dans une construction diff\u00e9rente que vous ram\u00e8nerez ensuite \u00e0 la maison. <\/p>\n\n\n\n<p><strong>Horaires : <\/strong>9h30 \u00e0 12h. <\/p>\n\n\n\n<p><strong>Tarifs :<\/strong> 10\u20ac pour les adh\u00e9rents \/ 20 \u20ac pour les non adh\u00e9rents. Gratuit pour l\u2019adulte accompagnateur.<\/p>\n\n\n<div class=\"wp-block-image\">\n<figure class=\"aligncenter size-large is-resized\"><a href=\"https:\/\/www.planete-sciences.org\/vendee\/wp-content\/uploads\/2025\/09\/Flyer-ateliers-parents-enfants-1.pdf\" target=\"_blank\" rel=\"noreferrer noopener\"><img loading=\"lazy\" decoding=\"async\" width=\"724\" height=\"1024\" src=\"https:\/\/www.planete-sciences.org\/vendee\/wp-content\/uploads\/2025\/09\/Flyer-ateliers-parents-enfants-3-724x1024.png\" alt=\"\" class=\"wp-image-2828\" style=\"width:262px;height:auto\" srcset=\"https:\/\/www.planete-sciences.org\/vendee\/wp-content\/uploads\/2025\/09\/Flyer-ateliers-parents-enfants-3-724x1024.png 724w, https:\/\/www.planete-sciences.org\/vendee\/wp-content\/uploads\/2025\/09\/Flyer-ateliers-parents-enfants-3-212x300.png 212w, https:\/\/www.planete-sciences.org\/vendee\/wp-content\/uploads\/2025\/09\/Flyer-ateliers-parents-enfants-3-768x1086.png 768w, https:\/\/www.planete-sciences.org\/vendee\/wp-content\/uploads\/2025\/09\/Flyer-ateliers-parents-enfants-3-1086x1536.png 1086w, https:\/\/www.planete-sciences.org\/vendee\/wp-content\/uploads\/2025\/09\/Flyer-ateliers-parents-enfants-3-1x1.png 1w, https:\/\/www.planete-sciences.org\/vendee\/wp-content\/uploads\/2025\/09\/Flyer-ateliers-parents-enfants-3.png 1414w\" sizes=\"(max-width: 724px) 100vw, 724px\" \/><\/a><figcaption class=\"wp-element-caption\">T\u00e9l\u00e9charger le programme <a href=\"https:\/\/www.planete-sciences.org\/vendee\/wp-content\/uploads\/2025\/09\/Flyer-ateliers-parents-enfants-1.pdf\" data-type=\"link\" data-id=\"https:\/\/www.planete-sciences.org\/vendee\/wp-content\/uploads\/2025\/09\/Flyer-ateliers-parents-enfants-1.pdf\" target=\"_blank\" rel=\"noreferrer noopener\">ici<\/a> !<\/figcaption><\/figure><\/div>\n\n\n<h2 class=\"wp-block-heading\">Inscriptions<\/h2>\n\n\n\n<div class=\"wp-block-group is-layout-constrained wp-block-group-is-layout-constrained\"><div class=\"wp-block-group__inner-container\">\n<div class=\"wp-block-columns is-layout-flex wp-container-core-columns-layout-1 wp-block-columns-is-layout-flex\">\n<div class=\"wp-block-column is-layout-flow wp-block-column-is-layout-flow\" style=\"flex-basis:100%\">\n<figure class=\"wp-block-table aligncenter\"><table><tbody><tr><td><strong>Sam. 4 Oct.<\/strong><\/td><td>Confectionne ton miroir personnalis\u00e9 \u00e0 la d\u00e9coupe laser<\/td><\/tr><tr><td><strong>Sam. 8 Nov.<\/strong><\/td><td>Illumine un tableau LED<\/td><\/tr><tr><td><strong>Sam. 6 D\u00e9c.<\/strong><\/td><td>Fabrique des bougies parfum\u00e9es et color\u00e9es<\/td><\/tr><tr><td><strong>Sam. 10 Janv.<\/strong><\/td><td>R\u00e9alise un robot skieur<\/td><\/tr><tr><td><strong>Sam. 7 Fev.<\/strong><\/td><td>D\u00e9couvre la programmation<\/td><\/tr><tr><td><strong>Sam. 7 Mars<\/strong><\/td><td>A la d\u00e9couverte des momies<\/td><\/tr><tr><td><strong>Sam. 4 Avr.<\/strong><\/td><td>La fabrique \u00e0 plastique<\/td><\/tr><tr><td><strong>Du 13 au 16 mai<\/strong><\/td><td>Coupe de France de Robotique<\/td><\/tr><tr><td><strong>Sam. 6 Juin<\/strong><\/td><td>Cr\u00e9er ton hologramme<\/td><\/tr><tr><td><strong>Sam. 4 Juil.<\/strong><\/td><td>Lance une fus\u00e9e \u00e0 eau<\/td><\/tr><\/tbody><\/table><\/figure>\n<\/div>\n<\/div>\n<\/div><\/div>\n\n\n\n<h2 class=\"wp-block-heading\">Inscriptions<\/h2>\n\n\n\n<p>Les inscriptions aux ateliers se font en ligne via le portail \u00ab&nbsp;Helloasso&nbsp;\u00bb. Ce portail est gratuit mais propose un participation aux frais d\u2019inscription,&nbsp;<strong>facultative<\/strong>, pour soutenir la plateforme.<\/p>\n\n\n\n<div class=\"wp-block-buttons is-layout-flex wp-block-buttons-is-layout-flex\">\n<div class=\"wp-block-button is-style-fill aligncenter\"><a class=\"wp-block-button__link has-white-color has-luminous-vivid-orange-background-color has-text-color has-background wp-element-button\" href=\"https:\/\/www.helloasso.com\/associations\/planete-sciences-vendee\/boutiques\/ateliers-grands-parents-enfants-2025-2026\">Inscription aux ateliers (grands) parents-enfants<\/a><\/div>\n<\/div>\n","protected":false},"excerpt":{"rendered":"<p>Pour d\u00e9couvrir et exp\u00e9rimenter les sciences en famille, nous proposons des ateliers en duo : un enfant et un adulte. Un samedi par mois, nous vous accompagnons dans une construction diff\u00e9rente que vous ram\u00e8nerez ensuite \u00e0 la maison. Horaires : 9h30 \u00e0 12h. Tarifs : 10\u20ac pour les adh\u00e9rents \/ 20 \u20ac pour les non [&hellip;]<\/p>\n","protected":false},"author":2,"featured_media":0,"parent":0,"menu_order":0,"comment_status":"closed","ping_status":"closed","template":"","meta":{"footnotes":""},"jetpack_sharing_enabled":true,"_links":{"self":[{"href":"https:\/\/www.planete-sciences.org\/vendee\/wp-json\/wp\/v2\/pages\/1176"}],"collection":[{"href":"https:\/\/www.planete-sciences.org\/vendee\/wp-json\/wp\/v2\/pages"}],"about":[{"href":"https:\/\/www.planete-sciences.org\/vendee\/wp-json\/wp\/v2\/types\/page"}],"author":[{"embeddable":true,"href":"https:\/\/www.planete-sciences.org\/vendee\/wp-json\/wp\/v2\/users\/2"}],"replies":[{"embeddable":true,"href":"https:\/\/www.planete-sciences.org\/vendee\/wp-json\/wp\/v2\/comments?post=1176"}],"version-history":[{"count":34,"href":"https:\/\/www.planete-sciences.org\/vendee\/wp-json\/wp\/v2\/pages\/1176\/revisions"}],"predecessor-version":[{"id":2849,"href":"https:\/\/www.planete-sciences.org\/vendee\/wp-json\/wp\/v2\/pages\/1176\/revisions\/2849"}],"wp:attachment":[{"href":"https:\/\/www.planete-sciences.org\/vendee\/wp-json\/wp\/v2\/media?parent=1176"}],"curies":[{"name":"wp","href":"https:\/\/api.w.org\/{rel}","templated":true}]}}