{"id":78,"date":"2022-11-25T14:07:39","date_gmt":"2022-11-25T13:07:39","guid":{"rendered":"http:\/\/pso\/?page_id=78"},"modified":"2024-09-02T11:47:14","modified_gmt":"2024-09-02T09:47:14","slug":"un-projet-pourquoi","status":"publish","type":"page","link":"https:\/\/www.planete-sciences.org\/occitanie\/web\/projets-scolaires-scientifiques\/un-projet-pourquoi\/","title":{"rendered":"Un projet, pourquoi"},"content":{"rendered":"\t\t<div data-elementor-type=\"wp-page\" data-elementor-id=\"78\" class=\"elementor elementor-78\">\n\t\t\t\t\t\t<section class=\"elementor-section elementor-top-section elementor-element elementor-element-10a2b66 elementor-section-boxed elementor-section-height-default elementor-section-height-default\" data-id=\"10a2b66\" data-element_type=\"section\">\n\t\t\t\t\t\t<div class=\"elementor-container elementor-column-gap-default\">\n\t\t\t\t\t<div class=\"elementor-column elementor-col-100 elementor-top-column elementor-element elementor-element-0dcce52\" data-id=\"0dcce52\" data-element_type=\"column\">\n\t\t\t<div class=\"elementor-widget-wrap elementor-element-populated\">\n\t\t\t\t\t\t<div class=\"elementor-element elementor-element-871f3bc elementor-widget elementor-widget-text-editor\" data-id=\"871f3bc\" data-element_type=\"widget\" data-widget_type=\"text-editor.default\">\n\t\t\t\t<div class=\"elementor-widget-container\">\n\t\t\t\t\t\t\t\t\t<h1>Un <strong>projet scolaire scientifique, pourquoi<\/strong> ? Plan\u00e8te Sciences Occitanie vous explique !<\/h1>\t\t\t\t\t\t\t\t<\/div>\n\t\t\t\t<\/div>\n\t\t\t\t\t<\/div>\n\t\t<\/div>\n\t\t\t\t\t<\/div>\n\t\t<\/section>\n\t\t\t\t<section class=\"elementor-section elementor-top-section elementor-element elementor-element-6dec39e elementor-section-boxed elementor-section-height-default elementor-section-height-default\" data-id=\"6dec39e\" data-element_type=\"section\">\n\t\t\t\t\t\t<div class=\"elementor-container elementor-column-gap-default\">\n\t\t\t\t\t<div class=\"elementor-column elementor-col-50 elementor-top-column elementor-element elementor-element-1fed4a1\" data-id=\"1fed4a1\" data-element_type=\"column\">\n\t\t\t<div class=\"elementor-widget-wrap elementor-element-populated\">\n\t\t\t\t\t\t<div class=\"elementor-element elementor-element-9b86531 elementor-widget elementor-widget-text-editor\" data-id=\"9b86531\" data-element_type=\"widget\" data-widget_type=\"text-editor.default\">\n\t\t\t\t<div class=\"elementor-widget-container\">\n\t\t\t\t\t\t\t\t\t<p>Notre association propose aux <b>enseignants <\/b>de mener des projets scientifiques et techniques adapt\u00e9s aux programmes scolaires des \u00e9coles (cycle 3), coll\u00e8ges et lyc\u00e9es. A travers la r\u00e9alisation des projets pr\u00e9sent\u00e9s sur ce site, vous pourrez favoriser :<\/p><ul><li><strong>la m\u00e9thodologie de projet<\/strong>,<\/li><li><strong>le travail en \u00e9quipe<\/strong>,<\/li><li><strong>la d\u00e9marche exp\u00e9rimentale<\/strong> avec votre classe.<\/li><\/ul><p>Ces projets permettent des applications transversales en math\u00e9matiques, technologie, Sciences de la Vie et de la Terre, physique-chimie, langues, g\u00e9ographie, histoire, informatique,\u2026<br \/>Au-del\u00e0 de l\u2019aspect scientifique, la dimension de projet appara\u00eet primordiale et permet \u00e9galement de favoriser :<\/p><ul><li>l&rsquo;acquisition de la <strong>d\u00e9marche d\u2019investigation<\/strong> par les \u00e9l\u00e8ves,<\/li><li>la stimulation de la <strong>motivation<\/strong> et de la <strong>curiosit\u00e9<\/strong> face \u00e0 des probl\u00e8mes scientifiques (\u201cd\u00e9dramatisation\u201d des sciences) voire de soci\u00e9t\u00e9, le d\u00e9veloppement de l\u2019<strong>esprit critique du futur citoyen<\/strong>,<\/li><li><strong>la confiance en soi<\/strong>, via la valorisation notamment.<\/li><\/ul>\t\t\t\t\t\t\t\t<\/div>\n\t\t\t\t<\/div>\n\t\t\t\t\t<\/div>\n\t\t<\/div>\n\t\t\t\t<div class=\"elementor-column elementor-col-50 elementor-top-column elementor-element elementor-element-3ebf621\" data-id=\"3ebf621\" data-element_type=\"column\">\n\t\t\t<div class=\"elementor-widget-wrap elementor-element-populated\">\n\t\t\t\t\t\t<div class=\"elementor-element elementor-element-4e3a563 elementor-widget elementor-widget-image\" data-id=\"4e3a563\" data-element_type=\"widget\" data-widget_type=\"image.default\">\n\t\t\t\t<div class=\"elementor-widget-container\">\n\t\t\t\t\t\t\t\t\t\t\t\t\t\t\t<img fetchpriority=\"high\" decoding=\"async\" width=\"908\" height=\"666\" src=\"https:\/\/www.planete-sciences.org\/occitanie\/web\/wp-content\/uploads\/2023\/06\/DS1.jpg\" class=\"attachment-large size-large wp-image-2254132\" alt=\"Projet scolaire scientifique avec Plan\u00e8te Sciences Occitanie\" srcset=\"https:\/\/www.planete-sciences.org\/occitanie\/web\/wp-content\/uploads\/2023\/06\/DS1.jpg 908w, https:\/\/www.planete-sciences.org\/occitanie\/web\/wp-content\/uploads\/2023\/06\/DS1-300x220.jpg 300w, https:\/\/www.planete-sciences.org\/occitanie\/web\/wp-content\/uploads\/2023\/06\/DS1-768x563.jpg 768w\" sizes=\"(max-width: 908px) 100vw, 908px\" \/>\t\t\t\t\t\t\t\t\t\t\t\t\t\t\t<\/div>\n\t\t\t\t<\/div>\n\t\t\t\t\t<\/div>\n\t\t<\/div>\n\t\t\t\t\t<\/div>\n\t\t<\/section>\n\t\t\t\t<section class=\"elementor-section elementor-top-section elementor-element elementor-element-7360b3b elementor-section-boxed elementor-section-height-default elementor-section-height-default\" data-id=\"7360b3b\" data-element_type=\"section\">\n\t\t\t\t\t\t<div class=\"elementor-container elementor-column-gap-default\">\n\t\t\t\t\t<div class=\"elementor-column elementor-col-100 elementor-top-column elementor-element elementor-element-f0856d8\" data-id=\"f0856d8\" data-element_type=\"column\">\n\t\t\t<div class=\"elementor-widget-wrap elementor-element-populated\">\n\t\t\t\t\t\t\t<\/div>\n\t\t<\/div>\n\t\t\t\t\t<\/div>\n\t\t<\/section>\n\t\t\t\t<section class=\"elementor-section elementor-top-section elementor-element elementor-element-aa77949 elementor-section-boxed elementor-section-height-default elementor-section-height-default\" data-id=\"aa77949\" data-element_type=\"section\">\n\t\t\t\t\t\t<div class=\"elementor-container elementor-column-gap-default\">\n\t\t\t\t\t<div class=\"elementor-column elementor-col-100 elementor-top-column elementor-element elementor-element-f9e35d5\" data-id=\"f9e35d5\" data-element_type=\"column\">\n\t\t\t<div class=\"elementor-widget-wrap elementor-element-populated\">\n\t\t\t\t\t\t<div class=\"elementor-element elementor-element-232e866 elementor-widget elementor-widget-text-editor\" data-id=\"232e866\" data-element_type=\"widget\" data-widget_type=\"text-editor.default\">\n\t\t\t\t<div class=\"elementor-widget-container\">\n\t\t\t\t\t\t\t\t\t<h2>Les <strong>atouts<\/strong> pour la r\u00e9ussite de votre projet scolaire scientifique<\/h2><p>L&rsquo;association b\u00e9n\u00e9ficie de plusieurs agr\u00e9ments et habilitations :<\/p><ul><li>de l&rsquo;<strong>agr\u00e9ment Jeunesse Education Populaire<\/strong> d\u00e9livr\u00e9 par le Minist\u00e8re de la Jeunesse et des Sports en 1967.<\/li><li>de l\u2019<strong>habilitation BAFA<\/strong> depuis 2003.<br \/>de l\u2019agr\u00e9ment d<strong>\u2019Association compl\u00e9mentaire \u00e0 l\u2019Education Nationale<\/strong> d\u00e9livr\u00e9 par le Minist\u00e8re de l\u2019Education Nationale et de la Recherche d\u00e8s 1991.<\/li><li>d&rsquo;un <strong>r\u00e9seau de 8 d\u00e9l\u00e9gations r\u00e9gionales<\/strong>, lui permettant d&rsquo;\u00eatre pr\u00e9sente \u00e0 travers toute la France.<\/li><li>d&rsquo;une <strong>convention cadre<\/strong> avec les acad\u00e9mies de Toulouse et de Montpellier<\/li><\/ul><p>Nos projets et ateliers scolaires sont disponibles sur le <strong>portail Adage<\/strong> et peuvent \u00eatre financ\u00e9s via le\u00a0<a href=\"https:\/\/pass.culture.fr\/\" target=\"_blank\" rel=\"noopener\">Pass Culture<\/a>.\u00a0<\/p>\t\t\t\t\t\t\t\t<\/div>\n\t\t\t\t<\/div>\n\t\t\t\t<div class=\"elementor-element elementor-element-74244af elementor-widget elementor-widget-spacer\" data-id=\"74244af\" data-element_type=\"widget\" data-widget_type=\"spacer.default\">\n\t\t\t\t<div class=\"elementor-widget-container\">\n\t\t\t\t\t\t\t<div class=\"elementor-spacer\">\n\t\t\t<div class=\"elementor-spacer-inner\"><\/div>\n\t\t<\/div>\n\t\t\t\t\t\t<\/div>\n\t\t\t\t<\/div>\n\t\t\t\t\t<\/div>\n\t\t<\/div>\n\t\t\t\t\t<\/div>\n\t\t<\/section>\n\t\t\t\t<section class=\"elementor-section elementor-top-section elementor-element elementor-element-57feec2 elementor-section-boxed elementor-section-height-default elementor-section-height-default\" data-id=\"57feec2\" data-element_type=\"section\">\n\t\t\t\t\t\t<div class=\"elementor-container elementor-column-gap-default\">\n\t\t\t\t\t<div class=\"elementor-column elementor-col-33 elementor-top-column elementor-element elementor-element-3c68c88\" data-id=\"3c68c88\" data-element_type=\"column\">\n\t\t\t<div class=\"elementor-widget-wrap elementor-element-populated\">\n\t\t\t\t\t\t<div class=\"elementor-element elementor-element-3520b4f elementor-widget elementor-widget-image\" data-id=\"3520b4f\" data-element_type=\"widget\" data-widget_type=\"image.default\">\n\t\t\t\t<div class=\"elementor-widget-container\">\n\t\t\t\t\t\t\t\t\t\t\t\t\t\t\t<img decoding=\"async\" width=\"280\" height=\"174\" src=\"https:\/\/www.planete-sciences.org\/occitanie\/web\/wp-content\/uploads\/2023\/07\/projets-scolaires-pass-culture.png\" class=\"attachment-large size-large wp-image-2254610\" alt=\"Projets scolaires avec Pass Culture\" \/>\t\t\t\t\t\t\t\t\t\t\t\t\t\t\t<\/div>\n\t\t\t\t<\/div>\n\t\t\t\t\t<\/div>\n\t\t<\/div>\n\t\t\t\t<div class=\"elementor-column elementor-col-33 elementor-top-column elementor-element elementor-element-ba65663\" data-id=\"ba65663\" data-element_type=\"column\">\n\t\t\t<div class=\"elementor-widget-wrap elementor-element-populated\">\n\t\t\t\t\t\t<div class=\"elementor-element elementor-element-c3bdc54 elementor-widget elementor-widget-image\" data-id=\"c3bdc54\" data-element_type=\"widget\" data-widget_type=\"image.default\">\n\t\t\t\t<div class=\"elementor-widget-container\">\n\t\t\t\t\t\t\t\t\t\t\t\t\t\t\t<img decoding=\"async\" width=\"280\" height=\"174\" src=\"https:\/\/www.planete-sciences.org\/occitanie\/web\/wp-content\/uploads\/2023\/07\/projets-scolaires-academie-de-toulouse.png\" class=\"attachment-large size-large wp-image-2254609\" alt=\"Acad\u00e9mie de Toulouse\" \/>\t\t\t\t\t\t\t\t\t\t\t\t\t\t\t<\/div>\n\t\t\t\t<\/div>\n\t\t\t\t\t<\/div>\n\t\t<\/div>\n\t\t\t\t<div class=\"elementor-column elementor-col-33 elementor-top-column elementor-element elementor-element-9c0920a\" data-id=\"9c0920a\" data-element_type=\"column\">\n\t\t\t<div class=\"elementor-widget-wrap elementor-element-populated\">\n\t\t\t\t\t\t<div class=\"elementor-element elementor-element-a9306fa elementor-widget elementor-widget-image\" data-id=\"a9306fa\" data-element_type=\"widget\" data-widget_type=\"image.default\">\n\t\t\t\t<div class=\"elementor-widget-container\">\n\t\t\t\t\t\t\t\t\t\t\t\t\t\t\t<img loading=\"lazy\" decoding=\"async\" width=\"280\" height=\"174\" src=\"https:\/\/www.planete-sciences.org\/occitanie\/web\/wp-content\/uploads\/2023\/07\/projets-scolaires-academie-de-montpellier.png\" class=\"attachment-large size-large wp-image-2254608\" alt=\"Acad\u00e9mie de Montpellier\" \/>\t\t\t\t\t\t\t\t\t\t\t\t\t\t\t<\/div>\n\t\t\t\t<\/div>\n\t\t\t\t\t<\/div>\n\t\t<\/div>\n\t\t\t\t\t<\/div>\n\t\t<\/section>\n\t\t\t\t<section class=\"elementor-section elementor-top-section elementor-element elementor-element-6aa8bf5 elementor-section-boxed elementor-section-height-default elementor-section-height-default\" data-id=\"6aa8bf5\" data-element_type=\"section\">\n\t\t\t\t\t\t<div class=\"elementor-container elementor-column-gap-default\">\n\t\t\t\t\t<div class=\"elementor-column elementor-col-100 elementor-top-column elementor-element elementor-element-684a4b0\" data-id=\"684a4b0\" data-element_type=\"column\">\n\t\t\t<div class=\"elementor-widget-wrap elementor-element-populated\">\n\t\t\t\t\t\t<div class=\"elementor-element elementor-element-ea95e7b elementor-widget elementor-widget-spacer\" data-id=\"ea95e7b\" data-element_type=\"widget\" data-widget_type=\"spacer.default\">\n\t\t\t\t<div class=\"elementor-widget-container\">\n\t\t\t\t\t\t\t<div class=\"elementor-spacer\">\n\t\t\t<div class=\"elementor-spacer-inner\"><\/div>\n\t\t<\/div>\n\t\t\t\t\t\t<\/div>\n\t\t\t\t<\/div>\n\t\t\t\t<section class=\"elementor-section elementor-inner-section elementor-element elementor-element-5ca2a4f elementor-section-boxed elementor-section-height-default elementor-section-height-default\" data-id=\"5ca2a4f\" data-element_type=\"section\">\n\t\t\t\t\t\t<div class=\"elementor-container elementor-column-gap-default\">\n\t\t\t\t\t<div class=\"elementor-column elementor-col-50 elementor-inner-column elementor-element elementor-element-31574d5\" data-id=\"31574d5\" data-element_type=\"column\">\n\t\t\t<div class=\"elementor-widget-wrap elementor-element-populated\">\n\t\t\t\t\t\t<div class=\"elementor-element elementor-element-03b651c elementor-widget elementor-widget-text-editor\" data-id=\"03b651c\" data-element_type=\"widget\" data-widget_type=\"text-editor.default\">\n\t\t\t\t<div class=\"elementor-widget-container\">\n\t\t\t\t\t\t\t\t\t<h2>Plan\u00e8te Sciences Occitanie <strong>vous accompagne<\/strong> dans votre projet scolaire<\/h2><p>Nous proposons aux enseignants :<\/p><ul><li>un <strong>suivi technique r\u00e9gulier<\/strong> avec diff\u00e9rentes formation, de la documentation p\u00e9dagogique, des visites par des \u00ab\u00a0suiveurs\u00a0\u00bb selon les projets ;<\/li><li>un <strong>moment de valorisation<\/strong> de vos projets au travers de manifestations, rencontres, pr\u00e9sentations, etc.<\/li><\/ul>\t\t\t\t\t\t\t\t<\/div>\n\t\t\t\t<\/div>\n\t\t\t\t\t<\/div>\n\t\t<\/div>\n\t\t\t\t<div class=\"elementor-column elementor-col-50 elementor-inner-column elementor-element elementor-element-d848dfe\" data-id=\"d848dfe\" data-element_type=\"column\">\n\t\t\t<div class=\"elementor-widget-wrap elementor-element-populated\">\n\t\t\t\t\t\t<div class=\"elementor-element elementor-element-ae7ca50 elementor-widget elementor-widget-image\" data-id=\"ae7ca50\" data-element_type=\"widget\" data-widget_type=\"image.default\">\n\t\t\t\t<div class=\"elementor-widget-container\">\n\t\t\t\t\t\t\t\t\t\t\t\t\t\t\t<img loading=\"lazy\" decoding=\"async\" width=\"1024\" height=\"768\" src=\"https:\/\/www.planete-sciences.org\/occitanie\/web\/wp-content\/uploads\/2023\/06\/20230125_162655-1024x768.jpg\" class=\"attachment-large size-large wp-image-2254151\" alt=\"\" srcset=\"https:\/\/www.planete-sciences.org\/occitanie\/web\/wp-content\/uploads\/2023\/06\/20230125_162655-1024x768.jpg 1024w, https:\/\/www.planete-sciences.org\/occitanie\/web\/wp-content\/uploads\/2023\/06\/20230125_162655-300x225.jpg 300w, https:\/\/www.planete-sciences.org\/occitanie\/web\/wp-content\/uploads\/2023\/06\/20230125_162655-768x576.jpg 768w, https:\/\/www.planete-sciences.org\/occitanie\/web\/wp-content\/uploads\/2023\/06\/20230125_162655-1536x1152.jpg 1536w, https:\/\/www.planete-sciences.org\/occitanie\/web\/wp-content\/uploads\/2023\/06\/20230125_162655-2048x1536.jpg 2048w, https:\/\/www.planete-sciences.org\/occitanie\/web\/wp-content\/uploads\/2023\/06\/20230125_162655-1320x990.jpg 1320w\" sizes=\"(max-width: 1024px) 100vw, 1024px\" \/>\t\t\t\t\t\t\t\t\t\t\t\t\t\t\t<\/div>\n\t\t\t\t<\/div>\n\t\t\t\t\t<\/div>\n\t\t<\/div>\n\t\t\t\t\t<\/div>\n\t\t<\/section>\n\t\t\t\t\t<\/div>\n\t\t<\/div>\n\t\t\t\t\t<\/div>\n\t\t<\/section>\n\t\t\t\t<section class=\"elementor-section elementor-top-section elementor-element elementor-element-e32252c elementor-section-boxed elementor-section-height-default elementor-section-height-default\" data-id=\"e32252c\" data-element_type=\"section\">\n\t\t\t\t\t\t<div class=\"elementor-container elementor-column-gap-default\">\n\t\t\t\t\t<div class=\"elementor-column elementor-col-100 elementor-top-column elementor-element elementor-element-9c38549\" data-id=\"9c38549\" data-element_type=\"column\">\n\t\t\t<div class=\"elementor-widget-wrap elementor-element-populated\">\n\t\t\t\t\t\t<div class=\"elementor-element elementor-element-12670c0 elementor-widget elementor-widget-spacer\" data-id=\"12670c0\" data-element_type=\"widget\" data-widget_type=\"spacer.default\">\n\t\t\t\t<div class=\"elementor-widget-container\">\n\t\t\t\t\t\t\t<div class=\"elementor-spacer\">\n\t\t\t<div class=\"elementor-spacer-inner\"><\/div>\n\t\t<\/div>\n\t\t\t\t\t\t<\/div>\n\t\t\t\t<\/div>\n\t\t\t\t<div class=\"elementor-element elementor-element-28c08ed elementor-align-center elementor-widget elementor-widget-button\" data-id=\"28c08ed\" data-element_type=\"widget\" data-widget_type=\"button.default\">\n\t\t\t\t<div class=\"elementor-widget-container\">\n\t\t\t\t\t\t\t\t\t<div class=\"elementor-button-wrapper\">\n\t\t\t\t\t<a class=\"elementor-button elementor-button-link elementor-size-sm\" href=\"https:\/\/www.planete-sciences.org\/occitanie\/web\/projets-scolaires-scientifiques\/\">\n\t\t\t\t\t\t<span class=\"elementor-button-content-wrapper\">\n\t\t\t\t\t\t<span class=\"elementor-button-icon\">\n\t\t\t\t<i aria-hidden=\"true\" class=\"fas fa-plus\"><\/i>\t\t\t<\/span>\n\t\t\t\t\t\t\t\t\t<span class=\"elementor-button-text\">Les projets scolaires propos\u00e9s par Plan\u00e8te Sciences Occitanie<\/span>\n\t\t\t\t\t<\/span>\n\t\t\t\t\t<\/a>\n\t\t\t\t<\/div>\n\t\t\t\t\t\t\t\t<\/div>\n\t\t\t\t<\/div>\n\t\t\t\t<div class=\"elementor-element elementor-element-14f7463 elementor-widget elementor-widget-spacer\" data-id=\"14f7463\" data-element_type=\"widget\" data-widget_type=\"spacer.default\">\n\t\t\t\t<div class=\"elementor-widget-container\">\n\t\t\t\t\t\t\t<div class=\"elementor-spacer\">\n\t\t\t<div class=\"elementor-spacer-inner\"><\/div>\n\t\t<\/div>\n\t\t\t\t\t\t<\/div>\n\t\t\t\t<\/div>\n\t\t\t\t<div class=\"elementor-element elementor-element-41251ab elementor-align-center elementor-widget elementor-widget-button\" data-id=\"41251ab\" data-element_type=\"widget\" data-widget_type=\"button.default\">\n\t\t\t\t<div class=\"elementor-widget-container\">\n\t\t\t\t\t\t\t\t\t<div class=\"elementor-button-wrapper\">\n\t\t\t\t\t<a class=\"elementor-button elementor-button-link elementor-size-sm\" href=\"https:\/\/www.planete-sciences.org\/occitanie\/web\/wp-content\/uploads\/2024\/09\/Document-projets-scolaires_V2-2.pdf\" target=\"_blank\">\n\t\t\t\t\t\t<span class=\"elementor-button-content-wrapper\">\n\t\t\t\t\t\t<span class=\"elementor-button-icon\">\n\t\t\t\t<i aria-hidden=\"true\" class=\"fas fa-arrow-down\"><\/i>\t\t\t<\/span>\n\t\t\t\t\t\t\t\t\t<span class=\"elementor-button-text\">T\u00e9l\u00e9charchez la plaquette Projets scolaires de Plan\u00e8te Sciences Occitanie<\/span>\n\t\t\t\t\t<\/span>\n\t\t\t\t\t<\/a>\n\t\t\t\t<\/div>\n\t\t\t\t\t\t\t\t<\/div>\n\t\t\t\t<\/div>\n\t\t\t\t\t<\/div>\n\t\t<\/div>\n\t\t\t\t\t<\/div>\n\t\t<\/section>\n\t\t\t\t<\/div>\n\t\t","protected":false},"excerpt":{"rendered":"<p>Un projet scolaire scientifique, pourquoi ? Plan\u00e8te Sciences Occitanie vous explique ! Notre association propose aux enseignants de mener des projets scientifiques et techniques adapt\u00e9s aux programmes scolaires des \u00e9coles (cycle 3), coll\u00e8ges et lyc\u00e9es. A travers la r\u00e9alisation des projets pr\u00e9sent\u00e9s sur ce site, vous pourrez favoriser : la m\u00e9thodologie de projet, le travail [&hellip;]<\/p>\n","protected":false},"author":1,"featured_media":0,"parent":34,"menu_order":0,"comment_status":"closed","ping_status":"closed","template":"","meta":{"ocean_post_layout":"","ocean_both_sidebars_style":"","ocean_both_sidebars_content_width":0,"ocean_both_sidebars_sidebars_width":0,"ocean_sidebar":"","ocean_second_sidebar":"","ocean_disable_margins":"enable","ocean_add_body_class":"","ocean_shortcode_before_top_bar":"","ocean_shortcode_after_top_bar":"","ocean_shortcode_before_header":"","ocean_shortcode_after_header":"","ocean_has_shortcode":"","ocean_shortcode_after_title":"","ocean_shortcode_before_footer_widgets":"","ocean_shortcode_after_footer_widgets":"","ocean_shortcode_before_footer_bottom":"","ocean_shortcode_after_footer_bottom":"","ocean_display_top_bar":"default","ocean_display_header":"default","ocean_header_style":"","ocean_center_header_left_menu":"","ocean_custom_header_template":"","ocean_custom_logo":0,"ocean_custom_retina_logo":0,"ocean_custom_logo_max_width":0,"ocean_custom_logo_tablet_max_width":0,"ocean_custom_logo_mobile_max_width":0,"ocean_custom_logo_max_height":0,"ocean_custom_logo_tablet_max_height":0,"ocean_custom_logo_mobile_max_height":0,"ocean_header_custom_menu":"","ocean_menu_typo_font_family":"","ocean_menu_typo_font_subset":"","ocean_menu_typo_font_size":0,"ocean_menu_typo_font_size_tablet":0,"ocean_menu_typo_font_size_mobile":0,"ocean_menu_typo_font_size_unit":"px","ocean_menu_typo_font_weight":"","ocean_menu_typo_font_weight_tablet":"","ocean_menu_typo_font_weight_mobile":"","ocean_menu_typo_transform":"","ocean_menu_typo_transform_tablet":"","ocean_menu_typo_transform_mobile":"","ocean_menu_typo_line_height":0,"ocean_menu_typo_line_height_tablet":0,"ocean_menu_typo_line_height_mobile":0,"ocean_menu_typo_line_height_unit":"","ocean_menu_typo_spacing":0,"ocean_menu_typo_spacing_tablet":0,"ocean_menu_typo_spacing_mobile":0,"ocean_menu_typo_spacing_unit":"","ocean_menu_link_color":"","ocean_menu_link_color_hover":"","ocean_menu_link_color_active":"","ocean_menu_link_background":"","ocean_menu_link_hover_background":"","ocean_menu_link_active_background":"","ocean_menu_social_links_bg":"","ocean_menu_social_hover_links_bg":"","ocean_menu_social_links_color":"","ocean_menu_social_hover_links_color":"","ocean_disable_title":"default","ocean_disable_heading":"default","ocean_post_title":"","ocean_post_subheading":"","ocean_post_title_style":"","ocean_post_title_background_color":"","ocean_post_title_background":0,"ocean_post_title_bg_image_position":"","ocean_post_title_bg_image_attachment":"","ocean_post_title_bg_image_repeat":"","ocean_post_title_bg_image_size":"","ocean_post_title_height":0,"ocean_post_title_bg_overlay":0.5,"ocean_post_title_bg_overlay_color":"","ocean_disable_breadcrumbs":"default","ocean_breadcrumbs_color":"","ocean_breadcrumbs_separator_color":"","ocean_breadcrumbs_links_color":"","ocean_breadcrumbs_links_hover_color":"","ocean_display_footer_widgets":"default","ocean_display_footer_bottom":"default","ocean_custom_footer_template":"","_vp_format_video_url":"","_vp_image_focal_point":[],"footnotes":""},"class_list":["post-78","page","type-page","status-publish","hentry","entry"],"_links":{"self":[{"href":"https:\/\/www.planete-sciences.org\/occitanie\/web\/wp-json\/wp\/v2\/pages\/78","targetHints":{"allow":["GET"]}}],"collection":[{"href":"https:\/\/www.planete-sciences.org\/occitanie\/web\/wp-json\/wp\/v2\/pages"}],"about":[{"href":"https:\/\/www.planete-sciences.org\/occitanie\/web\/wp-json\/wp\/v2\/types\/page"}],"author":[{"embeddable":true,"href":"https:\/\/www.planete-sciences.org\/occitanie\/web\/wp-json\/wp\/v2\/users\/1"}],"replies":[{"embeddable":true,"href":"https:\/\/www.planete-sciences.org\/occitanie\/web\/wp-json\/wp\/v2\/comments?post=78"}],"version-history":[{"count":88,"href":"https:\/\/www.planete-sciences.org\/occitanie\/web\/wp-json\/wp\/v2\/pages\/78\/revisions"}],"predecessor-version":[{"id":2257904,"href":"https:\/\/www.planete-sciences.org\/occitanie\/web\/wp-json\/wp\/v2\/pages\/78\/revisions\/2257904"}],"up":[{"embeddable":true,"href":"https:\/\/www.planete-sciences.org\/occitanie\/web\/wp-json\/wp\/v2\/pages\/34"}],"wp:attachment":[{"href":"https:\/\/www.planete-sciences.org\/occitanie\/web\/wp-json\/wp\/v2\/media?parent=78"}],"curies":[{"name":"wp","href":"https:\/\/api.w.org\/{rel}","templated":true}]}}