{"id":73,"date":"2022-11-25T14:06:15","date_gmt":"2022-11-25T13:06:15","guid":{"rendered":"http:\/\/pso\/?page_id=73"},"modified":"2026-01-21T10:40:22","modified_gmt":"2026-01-21T09:40:22","slug":"une-fusee-a-lecole","status":"publish","type":"page","link":"https:\/\/www.planete-sciences.org\/occitanie\/web\/projets-scolaires-scientifiques\/une-fusee-a-lecole\/","title":{"rendered":"Une fus\u00e9e \u00e0 l&rsquo;\u00e9cole"},"content":{"rendered":"\t\t<div data-elementor-type=\"wp-page\" data-elementor-id=\"73\" class=\"elementor elementor-73\">\n\t\t\t\t\t\t<section class=\"elementor-section elementor-top-section elementor-element elementor-element-d3a201a elementor-section-boxed elementor-section-height-default elementor-section-height-default\" data-id=\"d3a201a\" data-element_type=\"section\">\n\t\t\t\t\t\t<div class=\"elementor-container elementor-column-gap-default\">\n\t\t\t\t\t<div class=\"elementor-column elementor-col-100 elementor-top-column elementor-element elementor-element-742d4e7\" data-id=\"742d4e7\" data-element_type=\"column\">\n\t\t\t<div class=\"elementor-widget-wrap elementor-element-populated\">\n\t\t\t\t\t\t<div class=\"elementor-element elementor-element-b81bb49 elementor-widget elementor-widget-heading\" data-id=\"b81bb49\" data-element_type=\"widget\" data-widget_type=\"heading.default\">\n\t\t\t\t<div class=\"elementor-widget-container\">\n\t\t\t\t\t<h1 class=\"elementor-heading-title elementor-size-default\">Une fus\u00e9e \u00e0 l'\u00e9cole<\/h1>\t\t\t\t<\/div>\n\t\t\t\t<\/div>\n\t\t\t\t<div class=\"elementor-element elementor-element-56c6a51 elementor-widget elementor-widget-heading\" data-id=\"56c6a51\" data-element_type=\"widget\" data-widget_type=\"heading.default\">\n\t\t\t\t<div class=\"elementor-widget-container\">\n\t\t\t\t\t<p class=\"elementor-heading-title elementor-size-default\">Coll\u00e8ge 3 et +<\/p>\t\t\t\t<\/div>\n\t\t\t\t<\/div>\n\t\t\t\t<div class=\"elementor-element elementor-element-8323382 elementor-widget elementor-widget-spacer\" data-id=\"8323382\" data-element_type=\"widget\" data-widget_type=\"spacer.default\">\n\t\t\t\t<div class=\"elementor-widget-container\">\n\t\t\t\t\t\t\t<div class=\"elementor-spacer\">\n\t\t\t<div class=\"elementor-spacer-inner\"><\/div>\n\t\t<\/div>\n\t\t\t\t\t\t<\/div>\n\t\t\t\t<\/div>\n\t\t\t\t\t<\/div>\n\t\t<\/div>\n\t\t\t\t\t<\/div>\n\t\t<\/section>\n\t\t\t\t<section class=\"elementor-section elementor-top-section elementor-element elementor-element-c6ab70c elementor-section-boxed elementor-section-height-default elementor-section-height-default\" data-id=\"c6ab70c\" data-element_type=\"section\">\n\t\t\t\t\t\t<div class=\"elementor-container elementor-column-gap-default\">\n\t\t\t\t\t<div class=\"elementor-column elementor-col-66 elementor-top-column elementor-element elementor-element-3e022ff\" data-id=\"3e022ff\" data-element_type=\"column\">\n\t\t\t<div class=\"elementor-widget-wrap elementor-element-populated\">\n\t\t\t\t\t\t<div class=\"elementor-element elementor-element-fd002c6 elementor-widget elementor-widget-text-editor\" data-id=\"fd002c6\" data-element_type=\"widget\" data-widget_type=\"text-editor.default\">\n\t\t\t\t<div class=\"elementor-widget-container\">\n\t\t\t\t\t\t\t\t\t<p>L\u2019op\u00e9ration \u00ab Une Fus\u00e9e \u00e0 l\u2019\u00e9cole \u00bb propose aux coll\u00e9giens et lyc\u00e9ens de concevoir et r\u00e9aliser une fus\u00e9e durant l\u2019ann\u00e9e scolaire. Ces r\u00e9alisations permettent d\u2019aborder des <strong>notions de m\u00e9canique et d\u2019\u00e9lectricit\u00e9<\/strong>.<\/p><p>Des outils tels que les logiciels de CAO ou d\u2019aide \u00e0 la trajectographie peuvent \u00eatre utilis\u00e9s en soutien au projet. Le travail des \u00e9l\u00e8ves regroup\u00e9s en \u00e9quipes les am\u00e8ne \u00e0 s\u2019initier aux sciences et techniques et d\u2019<strong>exp\u00e9rimenter une d\u00e9marche de projet<\/strong>. La fus\u00e9e doit disposer d\u2019un syst\u00e8me autonome permettant de lib\u00e9rer, \u00e0 l\u2019apog\u00e9e, le parachute qui permettra une redescente en douceur !<\/p><p>Un animateur (appel\u00e9 \u00ab\u00a0suiveur\u00a0\u00bb) sera d\u00e9sign\u00e9 pour chaque classe retenue dans laquelle il interviendra plusieurs fois au cours de l&rsquo;ann\u00e9e pour assurer un soutien technique des \u00e9l\u00e8ves et enseignants.<\/p><p>Ce projet est propos\u00e9 en partenariat avec le CNES (Centre National d\u2019\u00c9tudes Spatiales).<\/p>\t\t\t\t\t\t\t\t<\/div>\n\t\t\t\t<\/div>\n\t\t\t\t\t<\/div>\n\t\t<\/div>\n\t\t\t\t<div class=\"elementor-column elementor-col-33 elementor-top-column elementor-element elementor-element-5430166\" data-id=\"5430166\" data-element_type=\"column\">\n\t\t\t<div class=\"elementor-widget-wrap elementor-element-populated\">\n\t\t\t\t\t\t<div class=\"elementor-element elementor-element-e28e27f elementor-widget elementor-widget-text-editor\" data-id=\"e28e27f\" data-element_type=\"widget\" data-widget_type=\"text-editor.default\">\n\t\t\t\t<div class=\"elementor-widget-container\">\n\t\t\t\t\t\t\t\t\t<h3>+ d&rsquo;infos sur le projet Une fus\u00e9e \u00e0 l&rsquo;\u00e9cole<\/h3><div><p>Contacter Erick Pitard :<\/p><ul><li><a href=\"mailto:erick.pitard@planete-sciences.org\">erick.pitard@planete-sciences.org<\/a><\/li><li>06 10 74 83 36 \/\/ 05 61 73 10 22<\/li><\/ul><\/div>\t\t\t\t\t\t\t\t<\/div>\n\t\t\t\t<\/div>\n\t\t\t\t\t<\/div>\n\t\t<\/div>\n\t\t\t\t\t<\/div>\n\t\t<\/section>\n\t\t\t\t<section class=\"elementor-section elementor-top-section elementor-element elementor-element-0106c8d elementor-section-boxed elementor-section-height-default elementor-section-height-default\" data-id=\"0106c8d\" data-element_type=\"section\">\n\t\t\t\t\t\t<div class=\"elementor-container elementor-column-gap-default\">\n\t\t\t\t\t<div class=\"elementor-column elementor-col-100 elementor-top-column elementor-element elementor-element-4d29775\" data-id=\"4d29775\" data-element_type=\"column\">\n\t\t\t<div class=\"elementor-widget-wrap elementor-element-populated\">\n\t\t\t\t\t\t<div class=\"elementor-element elementor-element-d23a488 elementor-widget elementor-widget-heading\" data-id=\"d23a488\" data-element_type=\"widget\" data-widget_type=\"heading.default\">\n\t\t\t\t<div class=\"elementor-widget-container\">\n\t\t\t\t\t<h3 class=\"elementor-heading-title elementor-size-default\">Constructions et lancement de fus\u00e9es : une fus\u00e9e \u00e0 l'\u00e9cole<\/h3>\t\t\t\t<\/div>\n\t\t\t\t<\/div>\n\t\t\t\t<div class=\"elementor-element elementor-element-1d53b30 elementor-arrows-position-inside elementor-pagination-position-outside elementor-widget elementor-widget-image-carousel\" data-id=\"1d53b30\" data-element_type=\"widget\" data-settings=\"{&quot;slides_to_show&quot;:&quot;2&quot;,&quot;navigation&quot;:&quot;both&quot;,&quot;autoplay&quot;:&quot;yes&quot;,&quot;pause_on_hover&quot;:&quot;yes&quot;,&quot;pause_on_interaction&quot;:&quot;yes&quot;,&quot;autoplay_speed&quot;:5000,&quot;infinite&quot;:&quot;yes&quot;,&quot;speed&quot;:500}\" data-widget_type=\"image-carousel.default\">\n\t\t\t\t<div class=\"elementor-widget-container\">\n\t\t\t\t\t\t\t<div class=\"elementor-image-carousel-wrapper swiper\" role=\"region\" aria-roledescription=\"carousel\" aria-label=\"Carrousel d\u2019images\" dir=\"ltr\">\n\t\t\t<div class=\"elementor-image-carousel swiper-wrapper\" aria-live=\"off\">\n\t\t\t\t\t\t\t\t<div class=\"swiper-slide\" role=\"group\" aria-roledescription=\"slide\" aria-label=\"1 sur 5\"><a data-elementor-open-lightbox=\"yes\" data-elementor-lightbox-slideshow=\"1d53b30\" data-elementor-lightbox-title=\"Une fus\u00e9e \u00e0 l&#039;\u00e9cole Plan\u00e8te Scciences Occitanie\" data-e-action-hash=\"#elementor-action%3Aaction%3Dlightbox%26settings%3DeyJpZCI6MjI1NTI4MSwidXJsIjoiaHR0cHM6XC9cL3d3dy5wbGFuZXRlLXNjaWVuY2VzLm9yZ1wvb2NjaXRhbmllXC93ZWJcL3dwLWNvbnRlbnRcL3VwbG9hZHNcLzIwMjNcLzA3XC91bmUtZnVzZWUtYS1sLWVjb2xlLTEuanBnIiwic2xpZGVzaG93IjoiMWQ1M2IzMCJ9\" href=\"https:\/\/www.planete-sciences.org\/occitanie\/web\/wp-content\/uploads\/2023\/07\/une-fusee-a-l-ecole-1.jpg\"><figure class=\"swiper-slide-inner\"><img decoding=\"async\" class=\"swiper-slide-image\" src=\"https:\/\/www.planete-sciences.org\/occitanie\/web\/wp-content\/uploads\/2023\/07\/une-fusee-a-l-ecole-1.jpg\" alt=\"Une fus\u00e9e \u00e0 l&#039;\u00e9cole Plan\u00e8te Scciences Occitanie\" \/><\/figure><\/a><\/div><div class=\"swiper-slide\" role=\"group\" aria-roledescription=\"slide\" aria-label=\"2 sur 5\"><a data-elementor-open-lightbox=\"yes\" data-elementor-lightbox-slideshow=\"1d53b30\" data-elementor-lightbox-title=\"Une fus\u00e9e \u00e0 l&#039;\u00e9cole Plan\u00e8te Scciences Occitanie\" data-e-action-hash=\"#elementor-action%3Aaction%3Dlightbox%26settings%3DeyJpZCI6MjI1NTI4MiwidXJsIjoiaHR0cHM6XC9cL3d3dy5wbGFuZXRlLXNjaWVuY2VzLm9yZ1wvb2NjaXRhbmllXC93ZWJcL3dwLWNvbnRlbnRcL3VwbG9hZHNcLzIwMjNcLzA3XC91bmUtZnVzZWUtYS1sLWVjb2xlLTIuanBnIiwic2xpZGVzaG93IjoiMWQ1M2IzMCJ9\" href=\"https:\/\/www.planete-sciences.org\/occitanie\/web\/wp-content\/uploads\/2023\/07\/une-fusee-a-l-ecole-2.jpg\"><figure class=\"swiper-slide-inner\"><img decoding=\"async\" class=\"swiper-slide-image\" src=\"https:\/\/www.planete-sciences.org\/occitanie\/web\/wp-content\/uploads\/2023\/07\/une-fusee-a-l-ecole-2.jpg\" alt=\"Une fus\u00e9e \u00e0 l&#039;\u00e9cole Plan\u00e8te Scciences Occitanie\" \/><\/figure><\/a><\/div><div class=\"swiper-slide\" role=\"group\" aria-roledescription=\"slide\" aria-label=\"3 sur 5\"><a data-elementor-open-lightbox=\"yes\" data-elementor-lightbox-slideshow=\"1d53b30\" data-elementor-lightbox-title=\"Une fus\u00e9e \u00e0 l&#039;\u00e9cole Plan\u00e8te Scciences Occitanie\" data-e-action-hash=\"#elementor-action%3Aaction%3Dlightbox%26settings%3DeyJpZCI6MjI1NTI4MywidXJsIjoiaHR0cHM6XC9cL3d3dy5wbGFuZXRlLXNjaWVuY2VzLm9yZ1wvb2NjaXRhbmllXC93ZWJcL3dwLWNvbnRlbnRcL3VwbG9hZHNcLzIwMjNcLzA3XC91bmUtZnVzZWUtYS1sLWVjb2xlLTMuanBnIiwic2xpZGVzaG93IjoiMWQ1M2IzMCJ9\" href=\"https:\/\/www.planete-sciences.org\/occitanie\/web\/wp-content\/uploads\/2023\/07\/une-fusee-a-l-ecole-3.jpg\"><figure class=\"swiper-slide-inner\"><img decoding=\"async\" class=\"swiper-slide-image\" src=\"https:\/\/www.planete-sciences.org\/occitanie\/web\/wp-content\/uploads\/2023\/07\/une-fusee-a-l-ecole-3.jpg\" alt=\"Une fus\u00e9e \u00e0 l&#039;\u00e9cole Plan\u00e8te Scciences Occitanie\" \/><\/figure><\/a><\/div><div class=\"swiper-slide\" role=\"group\" aria-roledescription=\"slide\" aria-label=\"4 sur 5\"><a data-elementor-open-lightbox=\"yes\" data-elementor-lightbox-slideshow=\"1d53b30\" data-elementor-lightbox-title=\"Une fus\u00e9e \u00e0 l&#039;\u00e9cole Plan\u00e8te Scciences Occitanie\" data-e-action-hash=\"#elementor-action%3Aaction%3Dlightbox%26settings%3DeyJpZCI6MjI1NTI4NCwidXJsIjoiaHR0cHM6XC9cL3d3dy5wbGFuZXRlLXNjaWVuY2VzLm9yZ1wvb2NjaXRhbmllXC93ZWJcL3dwLWNvbnRlbnRcL3VwbG9hZHNcLzIwMjNcLzA3XC91bmUtZnVzZWUtYS1sLWVjb2xlLTQuanBnIiwic2xpZGVzaG93IjoiMWQ1M2IzMCJ9\" href=\"https:\/\/www.planete-sciences.org\/occitanie\/web\/wp-content\/uploads\/2023\/07\/une-fusee-a-l-ecole-4.jpg\"><figure class=\"swiper-slide-inner\"><img decoding=\"async\" class=\"swiper-slide-image\" src=\"https:\/\/www.planete-sciences.org\/occitanie\/web\/wp-content\/uploads\/2023\/07\/une-fusee-a-l-ecole-4.jpg\" alt=\"Une fus\u00e9e \u00e0 l&#039;\u00e9cole Plan\u00e8te Scciences Occitanie\" \/><\/figure><\/a><\/div><div class=\"swiper-slide\" role=\"group\" aria-roledescription=\"slide\" aria-label=\"5 sur 5\"><a data-elementor-open-lightbox=\"yes\" data-elementor-lightbox-slideshow=\"1d53b30\" data-elementor-lightbox-title=\"Une fus\u00e9e \u00e0 l&#039;\u00e9cole Plan\u00e8te Scciences Occitanie\" data-e-action-hash=\"#elementor-action%3Aaction%3Dlightbox%26settings%3DeyJpZCI6MjI1NTI4NSwidXJsIjoiaHR0cHM6XC9cL3d3dy5wbGFuZXRlLXNjaWVuY2VzLm9yZ1wvb2NjaXRhbmllXC93ZWJcL3dwLWNvbnRlbnRcL3VwbG9hZHNcLzIwMjNcLzA3XC91bmUtZnVzZWUtYS1sLWVjb2xlLTUuanBnIiwic2xpZGVzaG93IjoiMWQ1M2IzMCJ9\" href=\"https:\/\/www.planete-sciences.org\/occitanie\/web\/wp-content\/uploads\/2023\/07\/une-fusee-a-l-ecole-5.jpg\"><figure class=\"swiper-slide-inner\"><img decoding=\"async\" class=\"swiper-slide-image\" src=\"https:\/\/www.planete-sciences.org\/occitanie\/web\/wp-content\/uploads\/2023\/07\/une-fusee-a-l-ecole-5.jpg\" alt=\"Une fus\u00e9e \u00e0 l&#039;\u00e9cole Plan\u00e8te Scciences Occitanie\" \/><\/figure><\/a><\/div>\t\t\t<\/div>\n\t\t\t\t\t\t\t\t\t\t\t\t<div class=\"elementor-swiper-button elementor-swiper-button-prev\" role=\"button\" tabindex=\"0\">\n\t\t\t\t\t\t<i aria-hidden=\"true\" class=\"eicon-chevron-left\"><\/i>\t\t\t\t\t<\/div>\n\t\t\t\t\t<div class=\"elementor-swiper-button elementor-swiper-button-next\" role=\"button\" tabindex=\"0\">\n\t\t\t\t\t\t<i aria-hidden=\"true\" class=\"eicon-chevron-right\"><\/i>\t\t\t\t\t<\/div>\n\t\t\t\t\n\t\t\t\t\t\t\t\t\t<div class=\"swiper-pagination\"><\/div>\n\t\t\t\t\t\t\t\t\t<\/div>\n\t\t\t\t\t\t<\/div>\n\t\t\t\t<\/div>\n\t\t\t\t\t<\/div>\n\t\t<\/div>\n\t\t\t\t\t<\/div>\n\t\t<\/section>\n\t\t\t\t<section class=\"elementor-section elementor-top-section elementor-element elementor-element-edf337b elementor-section-boxed elementor-section-height-default elementor-section-height-default\" data-id=\"edf337b\" data-element_type=\"section\">\n\t\t\t\t\t\t<div class=\"elementor-container elementor-column-gap-default\">\n\t\t\t\t\t<div class=\"elementor-column elementor-col-100 elementor-top-column elementor-element elementor-element-598442e\" data-id=\"598442e\" data-element_type=\"column\">\n\t\t\t<div class=\"elementor-widget-wrap elementor-element-populated\">\n\t\t\t\t\t\t<div class=\"elementor-element elementor-element-4b5406a elementor-widget elementor-widget-spacer\" data-id=\"4b5406a\" data-element_type=\"widget\" data-widget_type=\"spacer.default\">\n\t\t\t\t<div class=\"elementor-widget-container\">\n\t\t\t\t\t\t\t<div class=\"elementor-spacer\">\n\t\t\t<div class=\"elementor-spacer-inner\"><\/div>\n\t\t<\/div>\n\t\t\t\t\t\t<\/div>\n\t\t\t\t<\/div>\n\t\t\t\t<div class=\"elementor-element elementor-element-609dccc elementor-align-center elementor-widget elementor-widget-button\" data-id=\"609dccc\" data-element_type=\"widget\" data-widget_type=\"button.default\">\n\t\t\t\t<div class=\"elementor-widget-container\">\n\t\t\t\t\t\t\t\t\t<div class=\"elementor-button-wrapper\">\n\t\t\t\t\t<a class=\"elementor-button elementor-button-link elementor-size-sm\" href=\"https:\/\/www.planete-sciences.org\/occitanie\/web\/projets-scolaires\/\">\n\t\t\t\t\t\t<span class=\"elementor-button-content-wrapper\">\n\t\t\t\t\t\t<span class=\"elementor-button-icon\">\n\t\t\t\t<i aria-hidden=\"true\" class=\"fas fa-plus\"><\/i>\t\t\t<\/span>\n\t\t\t\t\t\t\t\t\t<span class=\"elementor-button-text\">Tous les projets scolaires propos\u00e9s par Plan\u00e8te Sciences Occitanie<\/span>\n\t\t\t\t\t<\/span>\n\t\t\t\t\t<\/a>\n\t\t\t\t<\/div>\n\t\t\t\t\t\t\t\t<\/div>\n\t\t\t\t<\/div>\n\t\t\t\t\t<\/div>\n\t\t<\/div>\n\t\t\t\t\t<\/div>\n\t\t<\/section>\n\t\t\t\t<\/div>\n\t\t","protected":false},"excerpt":{"rendered":"<p>Une fus\u00e9e \u00e0 l&rsquo;\u00e9cole Coll\u00e8ge 3 et + L\u2019op\u00e9ration \u00ab Une Fus\u00e9e \u00e0 l\u2019\u00e9cole \u00bb propose aux coll\u00e9giens et lyc\u00e9ens de concevoir et r\u00e9aliser une fus\u00e9e durant l\u2019ann\u00e9e scolaire. Ces r\u00e9alisations permettent d\u2019aborder des notions de m\u00e9canique et d\u2019\u00e9lectricit\u00e9. Des outils tels que les logiciels de CAO ou d\u2019aide \u00e0 la trajectographie peuvent \u00eatre utilis\u00e9s [&hellip;]<\/p>\n","protected":false},"author":1,"featured_media":0,"parent":34,"menu_order":0,"comment_status":"closed","ping_status":"closed","template":"","meta":{"ocean_post_layout":"","ocean_both_sidebars_style":"","ocean_both_sidebars_content_width":0,"ocean_both_sidebars_sidebars_width":0,"ocean_sidebar":"","ocean_second_sidebar":"","ocean_disable_margins":"enable","ocean_add_body_class":"","ocean_shortcode_before_top_bar":"","ocean_shortcode_after_top_bar":"","ocean_shortcode_before_header":"","ocean_shortcode_after_header":"","ocean_has_shortcode":"","ocean_shortcode_after_title":"","ocean_shortcode_before_footer_widgets":"","ocean_shortcode_after_footer_widgets":"","ocean_shortcode_before_footer_bottom":"","ocean_shortcode_after_footer_bottom":"","ocean_display_top_bar":"default","ocean_display_header":"default","ocean_header_style":"","ocean_center_header_left_menu":"","ocean_custom_header_template":"","ocean_custom_logo":0,"ocean_custom_retina_logo":0,"ocean_custom_logo_max_width":0,"ocean_custom_logo_tablet_max_width":0,"ocean_custom_logo_mobile_max_width":0,"ocean_custom_logo_max_height":0,"ocean_custom_logo_tablet_max_height":0,"ocean_custom_logo_mobile_max_height":0,"ocean_header_custom_menu":"","ocean_menu_typo_font_family":"","ocean_menu_typo_font_subset":"","ocean_menu_typo_font_size":0,"ocean_menu_typo_font_size_tablet":0,"ocean_menu_typo_font_size_mobile":0,"ocean_menu_typo_font_size_unit":"px","ocean_menu_typo_font_weight":"","ocean_menu_typo_font_weight_tablet":"","ocean_menu_typo_font_weight_mobile":"","ocean_menu_typo_transform":"","ocean_menu_typo_transform_tablet":"","ocean_menu_typo_transform_mobile":"","ocean_menu_typo_line_height":0,"ocean_menu_typo_line_height_tablet":0,"ocean_menu_typo_line_height_mobile":0,"ocean_menu_typo_line_height_unit":"","ocean_menu_typo_spacing":0,"ocean_menu_typo_spacing_tablet":0,"ocean_menu_typo_spacing_mobile":0,"ocean_menu_typo_spacing_unit":"","ocean_menu_link_color":"","ocean_menu_link_color_hover":"","ocean_menu_link_color_active":"","ocean_menu_link_background":"","ocean_menu_link_hover_background":"","ocean_menu_link_active_background":"","ocean_menu_social_links_bg":"","ocean_menu_social_hover_links_bg":"","ocean_menu_social_links_color":"","ocean_menu_social_hover_links_color":"","ocean_disable_title":"default","ocean_disable_heading":"default","ocean_post_title":"","ocean_post_subheading":"","ocean_post_title_style":"","ocean_post_title_background_color":"","ocean_post_title_background":0,"ocean_post_title_bg_image_position":"","ocean_post_title_bg_image_attachment":"","ocean_post_title_bg_image_repeat":"","ocean_post_title_bg_image_size":"","ocean_post_title_height":0,"ocean_post_title_bg_overlay":0.5,"ocean_post_title_bg_overlay_color":"","ocean_disable_breadcrumbs":"default","ocean_breadcrumbs_color":"","ocean_breadcrumbs_separator_color":"","ocean_breadcrumbs_links_color":"","ocean_breadcrumbs_links_hover_color":"","ocean_display_footer_widgets":"default","ocean_display_footer_bottom":"default","ocean_custom_footer_template":"","_vp_format_video_url":"","_vp_image_focal_point":[],"footnotes":""},"class_list":["post-73","page","type-page","status-publish","hentry","entry"],"_links":{"self":[{"href":"https:\/\/www.planete-sciences.org\/occitanie\/web\/wp-json\/wp\/v2\/pages\/73","targetHints":{"allow":["GET"]}}],"collection":[{"href":"https:\/\/www.planete-sciences.org\/occitanie\/web\/wp-json\/wp\/v2\/pages"}],"about":[{"href":"https:\/\/www.planete-sciences.org\/occitanie\/web\/wp-json\/wp\/v2\/types\/page"}],"author":[{"embeddable":true,"href":"https:\/\/www.planete-sciences.org\/occitanie\/web\/wp-json\/wp\/v2\/users\/1"}],"replies":[{"embeddable":true,"href":"https:\/\/www.planete-sciences.org\/occitanie\/web\/wp-json\/wp\/v2\/comments?post=73"}],"version-history":[{"count":37,"href":"https:\/\/www.planete-sciences.org\/occitanie\/web\/wp-json\/wp\/v2\/pages\/73\/revisions"}],"predecessor-version":[{"id":2261206,"href":"https:\/\/www.planete-sciences.org\/occitanie\/web\/wp-json\/wp\/v2\/pages\/73\/revisions\/2261206"}],"up":[{"embeddable":true,"href":"https:\/\/www.planete-sciences.org\/occitanie\/web\/wp-json\/wp\/v2\/pages\/34"}],"wp:attachment":[{"href":"https:\/\/www.planete-sciences.org\/occitanie\/web\/wp-json\/wp\/v2\/media?parent=73"}],"curies":[{"name":"wp","href":"https:\/\/api.w.org\/{rel}","templated":true}]}}