{"id":67,"date":"2022-11-25T14:04:27","date_gmt":"2022-11-25T13:04:27","guid":{"rendered":"http:\/\/pso\/?page_id=67"},"modified":"2026-01-21T10:37:23","modified_gmt":"2026-01-21T09:37:23","slug":"defis-solaires","status":"publish","type":"page","link":"https:\/\/www.planete-sciences.org\/occitanie\/web\/projets-scolaires-scientifiques\/defis-solaires\/","title":{"rendered":"D\u00e9fis solaires"},"content":{"rendered":"\t\t<div data-elementor-type=\"wp-page\" data-elementor-id=\"67\" class=\"elementor elementor-67\">\n\t\t\t\t\t\t<section class=\"elementor-section elementor-top-section elementor-element elementor-element-4cbe40c elementor-section-boxed elementor-section-height-default elementor-section-height-default\" data-id=\"4cbe40c\" data-element_type=\"section\">\n\t\t\t\t\t\t<div class=\"elementor-container elementor-column-gap-default\">\n\t\t\t\t\t<div class=\"elementor-column elementor-col-100 elementor-top-column elementor-element elementor-element-a5fd6e3\" data-id=\"a5fd6e3\" data-element_type=\"column\">\n\t\t\t<div class=\"elementor-widget-wrap elementor-element-populated\">\n\t\t\t\t\t\t<div class=\"elementor-element elementor-element-31be46c elementor-widget elementor-widget-heading\" data-id=\"31be46c\" data-element_type=\"widget\" data-widget_type=\"heading.default\">\n\t\t\t\t<div class=\"elementor-widget-container\">\n\t\t\t\t\t<h1 class=\"elementor-heading-title elementor-size-default\">Les D\u00e9fis solaires<\/h1>\t\t\t\t<\/div>\n\t\t\t\t<\/div>\n\t\t\t\t<div class=\"elementor-element elementor-element-2d6efb9 elementor-widget elementor-widget-heading\" data-id=\"2d6efb9\" data-element_type=\"widget\" data-widget_type=\"heading.default\">\n\t\t\t\t<div class=\"elementor-widget-container\">\n\t\t\t\t\t<p class=\"elementor-heading-title elementor-size-default\">Cycle 3 et +<\/p>\t\t\t\t<\/div>\n\t\t\t\t<\/div>\n\t\t\t\t<div class=\"elementor-element elementor-element-4e43212 elementor-widget elementor-widget-spacer\" data-id=\"4e43212\" data-element_type=\"widget\" data-widget_type=\"spacer.default\">\n\t\t\t\t<div class=\"elementor-widget-container\">\n\t\t\t\t\t\t\t<div class=\"elementor-spacer\">\n\t\t\t<div class=\"elementor-spacer-inner\"><\/div>\n\t\t<\/div>\n\t\t\t\t\t\t<\/div>\n\t\t\t\t<\/div>\n\t\t\t\t\t<\/div>\n\t\t<\/div>\n\t\t\t\t\t<\/div>\n\t\t<\/section>\n\t\t\t\t<section class=\"elementor-section elementor-top-section elementor-element elementor-element-b52246b elementor-section-boxed elementor-section-height-default elementor-section-height-default\" data-id=\"b52246b\" data-element_type=\"section\">\n\t\t\t\t\t\t<div class=\"elementor-container elementor-column-gap-default\">\n\t\t\t\t\t<div class=\"elementor-column elementor-col-66 elementor-top-column elementor-element elementor-element-381ec05\" data-id=\"381ec05\" data-element_type=\"column\">\n\t\t\t<div class=\"elementor-widget-wrap elementor-element-populated\">\n\t\t\t\t\t\t<div class=\"elementor-element elementor-element-1be69ad elementor-widget elementor-widget-text-editor\" data-id=\"1be69ad\" data-element_type=\"widget\" data-widget_type=\"text-editor.default\">\n\t\t\t\t<div class=\"elementor-widget-container\">\n\t\t\t\t\t\t\t\t\t<h2>Les D\u00e9fis solaires \u00e0 l\u2019\u00e9cole (Cycle 3)<\/h2><p>Permettent de <strong>sensibiliser les plus jeunes<\/strong> aux <strong>\u00e9nergies renouvelables<\/strong> et d\u2019aborder les notions de circuits \u00e9lectriques d\u2019une mani\u00e8re originale et concr\u00e8te : en construisant de petits v\u00e9hicules \u00e9lectriques qui utilisent l\u2019\u00e9nergie solaire pour se mouvoir en ligne droite. Les \u00e9quipes se retrouvent lors des rencontres des D\u00e9fis Solaires en faisant des courses \u00e0 la Cit\u00e9 de l\u2019Espace.<\/p><h2>Les D\u00e9fis solaires coll\u00e8ge\/lyc\u00e9e\/clubs<\/h2><p>Permettent aux jeunes de s\u2019<strong>initier \u00e0 la conception et la r\u00e9alisation d\u2019un v\u00e9hicule filoguid\u00e9 ou radiocommand\u00e9<\/strong> utilisant exclusivement l\u2019\u00e9nergie solaire pour se d\u00e9placer et \u00eatre pilot\u00e9. \u00c0 partir d\u2019un v\u00e9hicule de base dont certaines caract\u00e9ristiques sont impos\u00e9es (voir cahier des charges), les jeunes suivent les diff\u00e9rentes \u00e9tapes de r\u00e9alisation du projet. Les \u00e9quipes sont ensuite invit\u00e9es \u00e0 se rencontrer lors des \u00e9preuves des D\u00e9fis Solaires \u00e0 la Cit\u00e9 de l\u2019Espace.<\/p><p>L\u2019\u00e9nergie utile au fonctionnement et au d\u00e9placement du v\u00e9hicule doit \u00eatre <strong>exclusivement issue du solaire<\/strong>. Ces v\u00e9hicules respectent un cahier des charges afin de se mesurer entre eux lors des \u00e9preuves pendant cette journ\u00e9e festive et ludique.<\/p><p><strong>Projet soutenu par :\u00a0<\/strong><\/p>\t\t\t\t\t\t\t\t<\/div>\n\t\t\t\t<\/div>\n\t\t\t\t<div class=\"elementor-element elementor-element-e1f691c elementor-widget elementor-widget-image\" data-id=\"e1f691c\" data-element_type=\"widget\" data-widget_type=\"image.default\">\n\t\t\t\t<div class=\"elementor-widget-container\">\n\t\t\t\t\t\t\t\t\t\t\t\t\t\t\t<img fetchpriority=\"high\" decoding=\"async\" width=\"1024\" height=\"237\" src=\"https:\/\/www.planete-sciences.org\/occitanie\/web\/wp-content\/uploads\/2025\/07\/bloc-marque-1-1024x237.jpg\" class=\"attachment-large size-large wp-image-2260248\" alt=\"\" srcset=\"https:\/\/www.planete-sciences.org\/occitanie\/web\/wp-content\/uploads\/2025\/07\/bloc-marque-1-1024x237.jpg 1024w, https:\/\/www.planete-sciences.org\/occitanie\/web\/wp-content\/uploads\/2025\/07\/bloc-marque-1-300x69.jpg 300w, https:\/\/www.planete-sciences.org\/occitanie\/web\/wp-content\/uploads\/2025\/07\/bloc-marque-1-768x178.jpg 768w, https:\/\/www.planete-sciences.org\/occitanie\/web\/wp-content\/uploads\/2025\/07\/bloc-marque-1-1536x355.jpg 1536w, https:\/\/www.planete-sciences.org\/occitanie\/web\/wp-content\/uploads\/2025\/07\/bloc-marque-1-500x116.jpg 500w, https:\/\/www.planete-sciences.org\/occitanie\/web\/wp-content\/uploads\/2025\/07\/bloc-marque-1-800x185.jpg 800w, https:\/\/www.planete-sciences.org\/occitanie\/web\/wp-content\/uploads\/2025\/07\/bloc-marque-1-1280x296.jpg 1280w, https:\/\/www.planete-sciences.org\/occitanie\/web\/wp-content\/uploads\/2025\/07\/bloc-marque-1-1920x444.jpg 1920w, https:\/\/www.planete-sciences.org\/occitanie\/web\/wp-content\/uploads\/2025\/07\/bloc-marque-1-1320x305.jpg 1320w, https:\/\/www.planete-sciences.org\/occitanie\/web\/wp-content\/uploads\/2025\/07\/bloc-marque-1.jpg 2018w\" sizes=\"(max-width: 1024px) 100vw, 1024px\" \/>\t\t\t\t\t\t\t\t\t\t\t\t\t\t\t<\/div>\n\t\t\t\t<\/div>\n\t\t\t\t\t<\/div>\n\t\t<\/div>\n\t\t\t\t<div class=\"elementor-column elementor-col-33 elementor-top-column elementor-element elementor-element-8ee08ba\" data-id=\"8ee08ba\" data-element_type=\"column\">\n\t\t\t<div class=\"elementor-widget-wrap elementor-element-populated\">\n\t\t\t\t\t\t<div class=\"elementor-element elementor-element-d7bbb9d elementor-widget elementor-widget-text-editor\" data-id=\"d7bbb9d\" data-element_type=\"widget\" data-widget_type=\"text-editor.default\">\n\t\t\t\t<div class=\"elementor-widget-container\">\n\t\t\t\t\t\t\t\t\t<h3>+ d&rsquo;infos sur les D\u00e9fis solaires<\/h3><p>Contacter Julien Serrano :<\/p><ul><li><a href=\"mailto:julien.serrano@planete-sciences.org\">julien.serrano@planete-sciences.org<\/a><\/li><li>06 74 49 42 92 \/\/ 05\u00a061 73 10 22\u00a0<\/li><\/ul>\t\t\t\t\t\t\t\t<\/div>\n\t\t\t\t<\/div>\n\t\t\t\t\t<\/div>\n\t\t<\/div>\n\t\t\t\t\t<\/div>\n\t\t<\/section>\n\t\t\t\t<section class=\"elementor-section elementor-top-section elementor-element elementor-element-9454f44 elementor-section-boxed elementor-section-height-default elementor-section-height-default\" data-id=\"9454f44\" data-element_type=\"section\">\n\t\t\t\t\t\t<div class=\"elementor-container elementor-column-gap-default\">\n\t\t\t\t\t<div class=\"elementor-column elementor-col-100 elementor-top-column elementor-element elementor-element-3be62ec\" data-id=\"3be62ec\" data-element_type=\"column\">\n\t\t\t<div class=\"elementor-widget-wrap elementor-element-populated\">\n\t\t\t\t\t\t<div class=\"elementor-element elementor-element-5f823dd elementor-widget elementor-widget-heading\" data-id=\"5f823dd\" data-element_type=\"widget\" data-widget_type=\"heading.default\">\n\t\t\t\t<div class=\"elementor-widget-container\">\n\t\t\t\t\t<h3 class=\"elementor-heading-title elementor-size-default\">Les D\u00e9fis solaires en images<\/h3>\t\t\t\t<\/div>\n\t\t\t\t<\/div>\n\t\t\t\t<div class=\"elementor-element elementor-element-93cb781 elementor-arrows-position-inside elementor-pagination-position-outside elementor-widget elementor-widget-image-carousel\" data-id=\"93cb781\" data-element_type=\"widget\" data-settings=\"{&quot;slides_to_show&quot;:&quot;2&quot;,&quot;navigation&quot;:&quot;both&quot;,&quot;autoplay&quot;:&quot;yes&quot;,&quot;pause_on_hover&quot;:&quot;yes&quot;,&quot;pause_on_interaction&quot;:&quot;yes&quot;,&quot;autoplay_speed&quot;:5000,&quot;infinite&quot;:&quot;yes&quot;,&quot;speed&quot;:500}\" data-widget_type=\"image-carousel.default\">\n\t\t\t\t<div class=\"elementor-widget-container\">\n\t\t\t\t\t\t\t<div class=\"elementor-image-carousel-wrapper swiper\" role=\"region\" aria-roledescription=\"carousel\" aria-label=\"Carrousel d\u2019images\" dir=\"ltr\">\n\t\t\t<div class=\"elementor-image-carousel swiper-wrapper\" aria-live=\"off\">\n\t\t\t\t\t\t\t\t<div class=\"swiper-slide\" role=\"group\" aria-roledescription=\"slide\" aria-label=\"1 sur 7\"><a data-elementor-open-lightbox=\"yes\" data-elementor-lightbox-slideshow=\"93cb781\" data-elementor-lightbox-title=\"D\u00e9fis solaires Plan\u00e8te Sciences Occitanie\" data-e-action-hash=\"#elementor-action%3Aaction%3Dlightbox%26settings%3DeyJpZCI6MjI1NDg1OSwidXJsIjoiaHR0cHM6XC9cL3d3dy5wbGFuZXRlLXNjaWVuY2VzLm9yZ1wvb2NjaXRhbmllXC93ZWJcL3dwLWNvbnRlbnRcL3VwbG9hZHNcLzIwMjNcLzA3XC9kZWZpcy1zb2xhaXJlcy1wbGFuZXRlLXNjaWVuY2VzLW9jY2l0YW5pZS0xLmpwZyIsInNsaWRlc2hvdyI6IjkzY2I3ODEifQ%3D%3D\" href=\"https:\/\/www.planete-sciences.org\/occitanie\/web\/wp-content\/uploads\/2023\/07\/defis-solaires-planete-sciences-occitanie-1.jpg\"><figure class=\"swiper-slide-inner\"><img decoding=\"async\" class=\"swiper-slide-image\" src=\"https:\/\/www.planete-sciences.org\/occitanie\/web\/wp-content\/uploads\/2023\/07\/defis-solaires-planete-sciences-occitanie-1.jpg\" alt=\"D\u00e9fis solaires Plan\u00e8te Sciences Occitanie\" \/><\/figure><\/a><\/div><div class=\"swiper-slide\" role=\"group\" aria-roledescription=\"slide\" aria-label=\"2 sur 7\"><a data-elementor-open-lightbox=\"yes\" data-elementor-lightbox-slideshow=\"93cb781\" data-elementor-lightbox-title=\"D\u00e9fis solaires Plan\u00e8te Sciences Occitanie\" data-e-action-hash=\"#elementor-action%3Aaction%3Dlightbox%26settings%3DeyJpZCI6MjI1NDg2MCwidXJsIjoiaHR0cHM6XC9cL3d3dy5wbGFuZXRlLXNjaWVuY2VzLm9yZ1wvb2NjaXRhbmllXC93ZWJcL3dwLWNvbnRlbnRcL3VwbG9hZHNcLzIwMjNcLzA3XC9kZWZpcy1zb2xhaXJlcy1wbGFuZXRlLXNjaWVuY2VzLW9jY2l0YW5pZS0yLmpwZyIsInNsaWRlc2hvdyI6IjkzY2I3ODEifQ%3D%3D\" href=\"https:\/\/www.planete-sciences.org\/occitanie\/web\/wp-content\/uploads\/2023\/07\/defis-solaires-planete-sciences-occitanie-2.jpg\"><figure class=\"swiper-slide-inner\"><img decoding=\"async\" class=\"swiper-slide-image\" src=\"https:\/\/www.planete-sciences.org\/occitanie\/web\/wp-content\/uploads\/2023\/07\/defis-solaires-planete-sciences-occitanie-2.jpg\" alt=\"D\u00e9fis solaires Plan\u00e8te Sciences Occitanie\" \/><\/figure><\/a><\/div><div class=\"swiper-slide\" role=\"group\" aria-roledescription=\"slide\" aria-label=\"3 sur 7\"><a data-elementor-open-lightbox=\"yes\" data-elementor-lightbox-slideshow=\"93cb781\" data-elementor-lightbox-title=\"D\u00e9fis solaires Plan\u00e8te Sciences Occitanie\" data-e-action-hash=\"#elementor-action%3Aaction%3Dlightbox%26settings%3DeyJpZCI6MjI1NDg2MSwidXJsIjoiaHR0cHM6XC9cL3d3dy5wbGFuZXRlLXNjaWVuY2VzLm9yZ1wvb2NjaXRhbmllXC93ZWJcL3dwLWNvbnRlbnRcL3VwbG9hZHNcLzIwMjNcLzA3XC9kZWZpcy1zb2xhaXJlcy1wbGFuZXRlLXNjaWVuY2VzLW9jY2l0YW5pZS0zLmpwZyIsInNsaWRlc2hvdyI6IjkzY2I3ODEifQ%3D%3D\" href=\"https:\/\/www.planete-sciences.org\/occitanie\/web\/wp-content\/uploads\/2023\/07\/defis-solaires-planete-sciences-occitanie-3.jpg\"><figure class=\"swiper-slide-inner\"><img decoding=\"async\" class=\"swiper-slide-image\" src=\"https:\/\/www.planete-sciences.org\/occitanie\/web\/wp-content\/uploads\/2023\/07\/defis-solaires-planete-sciences-occitanie-3.jpg\" alt=\"D\u00e9fis solaires Plan\u00e8te Sciences Occitanie\" \/><\/figure><\/a><\/div><div class=\"swiper-slide\" role=\"group\" aria-roledescription=\"slide\" aria-label=\"4 sur 7\"><a data-elementor-open-lightbox=\"yes\" data-elementor-lightbox-slideshow=\"93cb781\" data-elementor-lightbox-title=\"D\u00e9fis solaires Plan\u00e8te Sciences Occitanie\" data-e-action-hash=\"#elementor-action%3Aaction%3Dlightbox%26settings%3DeyJpZCI6MjI1NDg2MiwidXJsIjoiaHR0cHM6XC9cL3d3dy5wbGFuZXRlLXNjaWVuY2VzLm9yZ1wvb2NjaXRhbmllXC93ZWJcL3dwLWNvbnRlbnRcL3VwbG9hZHNcLzIwMjNcLzA3XC9kZWZpcy1zb2xhaXJlcy1wbGFuZXRlLXNjaWVuY2VzLW9jY2l0YW5pZS00LmpwZyIsInNsaWRlc2hvdyI6IjkzY2I3ODEifQ%3D%3D\" href=\"https:\/\/www.planete-sciences.org\/occitanie\/web\/wp-content\/uploads\/2023\/07\/defis-solaires-planete-sciences-occitanie-4.jpg\"><figure class=\"swiper-slide-inner\"><img decoding=\"async\" class=\"swiper-slide-image\" src=\"https:\/\/www.planete-sciences.org\/occitanie\/web\/wp-content\/uploads\/2023\/07\/defis-solaires-planete-sciences-occitanie-4.jpg\" alt=\"D\u00e9fis solaires Plan\u00e8te Sciences Occitanie\" \/><\/figure><\/a><\/div><div class=\"swiper-slide\" role=\"group\" aria-roledescription=\"slide\" aria-label=\"5 sur 7\"><a data-elementor-open-lightbox=\"yes\" data-elementor-lightbox-slideshow=\"93cb781\" data-elementor-lightbox-title=\"D\u00e9fis solaires Plan\u00e8te Sciences Occitanie\" data-e-action-hash=\"#elementor-action%3Aaction%3Dlightbox%26settings%3DeyJpZCI6MjI1NDg2MywidXJsIjoiaHR0cHM6XC9cL3d3dy5wbGFuZXRlLXNjaWVuY2VzLm9yZ1wvb2NjaXRhbmllXC93ZWJcL3dwLWNvbnRlbnRcL3VwbG9hZHNcLzIwMjNcLzA3XC9kZWZpcy1zb2xhaXJlcy1wbGFuZXRlLXNjaWVuY2VzLW9jY2l0YW5pZS01LmpwZyIsInNsaWRlc2hvdyI6IjkzY2I3ODEifQ%3D%3D\" href=\"https:\/\/www.planete-sciences.org\/occitanie\/web\/wp-content\/uploads\/2023\/07\/defis-solaires-planete-sciences-occitanie-5.jpg\"><figure class=\"swiper-slide-inner\"><img decoding=\"async\" class=\"swiper-slide-image\" src=\"https:\/\/www.planete-sciences.org\/occitanie\/web\/wp-content\/uploads\/2023\/07\/defis-solaires-planete-sciences-occitanie-5.jpg\" alt=\"D\u00e9fis solaires Plan\u00e8te Sciences Occitanie\" \/><\/figure><\/a><\/div><div class=\"swiper-slide\" role=\"group\" aria-roledescription=\"slide\" aria-label=\"6 sur 7\"><a data-elementor-open-lightbox=\"yes\" data-elementor-lightbox-slideshow=\"93cb781\" data-elementor-lightbox-title=\"D\u00e9fis solaires Plan\u00e8te Sciences Occitanie\" data-e-action-hash=\"#elementor-action%3Aaction%3Dlightbox%26settings%3DeyJpZCI6MjI1NDg2NCwidXJsIjoiaHR0cHM6XC9cL3d3dy5wbGFuZXRlLXNjaWVuY2VzLm9yZ1wvb2NjaXRhbmllXC93ZWJcL3dwLWNvbnRlbnRcL3VwbG9hZHNcLzIwMjNcLzA3XC9kZWZpcy1zb2xhaXJlcy1wbGFuZXRlLXNjaWVuY2VzLW9jY2l0YW5pZS02LmpwZyIsInNsaWRlc2hvdyI6IjkzY2I3ODEifQ%3D%3D\" href=\"https:\/\/www.planete-sciences.org\/occitanie\/web\/wp-content\/uploads\/2023\/07\/defis-solaires-planete-sciences-occitanie-6.jpg\"><figure class=\"swiper-slide-inner\"><img decoding=\"async\" class=\"swiper-slide-image\" src=\"https:\/\/www.planete-sciences.org\/occitanie\/web\/wp-content\/uploads\/2023\/07\/defis-solaires-planete-sciences-occitanie-6.jpg\" alt=\"D\u00e9fis solaires Plan\u00e8te Sciences Occitanie\" \/><\/figure><\/a><\/div><div class=\"swiper-slide\" role=\"group\" aria-roledescription=\"slide\" aria-label=\"7 sur 7\"><a data-elementor-open-lightbox=\"yes\" data-elementor-lightbox-slideshow=\"93cb781\" data-elementor-lightbox-title=\"D\u00e9fis solaires Plan\u00e8te Sciences Occitanie\" data-e-action-hash=\"#elementor-action%3Aaction%3Dlightbox%26settings%3DeyJpZCI6MjI1NDg2NSwidXJsIjoiaHR0cHM6XC9cL3d3dy5wbGFuZXRlLXNjaWVuY2VzLm9yZ1wvb2NjaXRhbmllXC93ZWJcL3dwLWNvbnRlbnRcL3VwbG9hZHNcLzIwMjNcLzA3XC9kZWZpcy1zb2xhaXJlcy1wbGFuZXRlLXNjaWVuY2VzLW9jY2l0YW5pZS03LmpwZyIsInNsaWRlc2hvdyI6IjkzY2I3ODEifQ%3D%3D\" href=\"https:\/\/www.planete-sciences.org\/occitanie\/web\/wp-content\/uploads\/2023\/07\/defis-solaires-planete-sciences-occitanie-7.jpg\"><figure class=\"swiper-slide-inner\"><img decoding=\"async\" class=\"swiper-slide-image\" src=\"https:\/\/www.planete-sciences.org\/occitanie\/web\/wp-content\/uploads\/2023\/07\/defis-solaires-planete-sciences-occitanie-7.jpg\" alt=\"D\u00e9fis solaires Plan\u00e8te Sciences Occitanie\" \/><\/figure><\/a><\/div>\t\t\t<\/div>\n\t\t\t\t\t\t\t\t\t\t\t\t<div class=\"elementor-swiper-button elementor-swiper-button-prev\" role=\"button\" tabindex=\"0\">\n\t\t\t\t\t\t<i aria-hidden=\"true\" class=\"eicon-chevron-left\"><\/i>\t\t\t\t\t<\/div>\n\t\t\t\t\t<div class=\"elementor-swiper-button elementor-swiper-button-next\" role=\"button\" tabindex=\"0\">\n\t\t\t\t\t\t<i aria-hidden=\"true\" class=\"eicon-chevron-right\"><\/i>\t\t\t\t\t<\/div>\n\t\t\t\t\n\t\t\t\t\t\t\t\t\t<div class=\"swiper-pagination\"><\/div>\n\t\t\t\t\t\t\t\t\t<\/div>\n\t\t\t\t\t\t<\/div>\n\t\t\t\t<\/div>\n\t\t\t\t\t<\/div>\n\t\t<\/div>\n\t\t\t\t\t<\/div>\n\t\t<\/section>\n\t\t\t\t<section class=\"elementor-section elementor-top-section elementor-element elementor-element-f3da24c elementor-section-boxed elementor-section-height-default elementor-section-height-default\" data-id=\"f3da24c\" data-element_type=\"section\">\n\t\t\t\t\t\t<div class=\"elementor-container elementor-column-gap-default\">\n\t\t\t\t\t<div class=\"elementor-column elementor-col-100 elementor-top-column elementor-element elementor-element-75cbc1a\" data-id=\"75cbc1a\" data-element_type=\"column\">\n\t\t\t<div class=\"elementor-widget-wrap elementor-element-populated\">\n\t\t\t\t\t\t<div class=\"elementor-element elementor-element-28a1ad8 elementor-widget elementor-widget-spacer\" data-id=\"28a1ad8\" data-element_type=\"widget\" data-widget_type=\"spacer.default\">\n\t\t\t\t<div class=\"elementor-widget-container\">\n\t\t\t\t\t\t\t<div class=\"elementor-spacer\">\n\t\t\t<div class=\"elementor-spacer-inner\"><\/div>\n\t\t<\/div>\n\t\t\t\t\t\t<\/div>\n\t\t\t\t<\/div>\n\t\t\t\t<div class=\"elementor-element elementor-element-7912554 elementor-align-center elementor-widget elementor-widget-button\" data-id=\"7912554\" data-element_type=\"widget\" data-widget_type=\"button.default\">\n\t\t\t\t<div class=\"elementor-widget-container\">\n\t\t\t\t\t\t\t\t\t<div class=\"elementor-button-wrapper\">\n\t\t\t\t\t<a class=\"elementor-button elementor-button-link elementor-size-sm\" href=\"https:\/\/www.planete-sciences.org\/occitanie\/web\/projets-scolaires\/\">\n\t\t\t\t\t\t<span class=\"elementor-button-content-wrapper\">\n\t\t\t\t\t\t<span class=\"elementor-button-icon\">\n\t\t\t\t<i aria-hidden=\"true\" class=\"fas fa-plus\"><\/i>\t\t\t<\/span>\n\t\t\t\t\t\t\t\t\t<span class=\"elementor-button-text\">Les projets scolaires propos\u00e9s par Plan\u00e8te Sciences Occitanie<\/span>\n\t\t\t\t\t<\/span>\n\t\t\t\t\t<\/a>\n\t\t\t\t<\/div>\n\t\t\t\t\t\t\t\t<\/div>\n\t\t\t\t<\/div>\n\t\t\t\t\t<\/div>\n\t\t<\/div>\n\t\t\t\t\t<\/div>\n\t\t<\/section>\n\t\t\t\t<\/div>\n\t\t","protected":false},"excerpt":{"rendered":"<p>Les D\u00e9fis solaires Cycle 3 et + Les D\u00e9fis solaires \u00e0 l\u2019\u00e9cole (Cycle 3) Permettent de sensibiliser les plus jeunes aux \u00e9nergies renouvelables et d\u2019aborder les notions de circuits \u00e9lectriques d\u2019une mani\u00e8re originale et concr\u00e8te : en construisant de petits v\u00e9hicules \u00e9lectriques qui utilisent l\u2019\u00e9nergie solaire pour se mouvoir en ligne droite. Les \u00e9quipes se [&hellip;]<\/p>\n","protected":false},"author":1,"featured_media":0,"parent":34,"menu_order":0,"comment_status":"closed","ping_status":"closed","template":"","meta":{"ocean_post_layout":"","ocean_both_sidebars_style":"","ocean_both_sidebars_content_width":0,"ocean_both_sidebars_sidebars_width":0,"ocean_sidebar":"","ocean_second_sidebar":"","ocean_disable_margins":"enable","ocean_add_body_class":"","ocean_shortcode_before_top_bar":"","ocean_shortcode_after_top_bar":"","ocean_shortcode_before_header":"","ocean_shortcode_after_header":"","ocean_has_shortcode":"","ocean_shortcode_after_title":"","ocean_shortcode_before_footer_widgets":"","ocean_shortcode_after_footer_widgets":"","ocean_shortcode_before_footer_bottom":"","ocean_shortcode_after_footer_bottom":"","ocean_display_top_bar":"default","ocean_display_header":"default","ocean_header_style":"","ocean_center_header_left_menu":"","ocean_custom_header_template":"","ocean_custom_logo":0,"ocean_custom_retina_logo":0,"ocean_custom_logo_max_width":0,"ocean_custom_logo_tablet_max_width":0,"ocean_custom_logo_mobile_max_width":0,"ocean_custom_logo_max_height":0,"ocean_custom_logo_tablet_max_height":0,"ocean_custom_logo_mobile_max_height":0,"ocean_header_custom_menu":"","ocean_menu_typo_font_family":"","ocean_menu_typo_font_subset":"","ocean_menu_typo_font_size":0,"ocean_menu_typo_font_size_tablet":0,"ocean_menu_typo_font_size_mobile":0,"ocean_menu_typo_font_size_unit":"px","ocean_menu_typo_font_weight":"","ocean_menu_typo_font_weight_tablet":"","ocean_menu_typo_font_weight_mobile":"","ocean_menu_typo_transform":"","ocean_menu_typo_transform_tablet":"","ocean_menu_typo_transform_mobile":"","ocean_menu_typo_line_height":0,"ocean_menu_typo_line_height_tablet":0,"ocean_menu_typo_line_height_mobile":0,"ocean_menu_typo_line_height_unit":"","ocean_menu_typo_spacing":0,"ocean_menu_typo_spacing_tablet":0,"ocean_menu_typo_spacing_mobile":0,"ocean_menu_typo_spacing_unit":"","ocean_menu_link_color":"","ocean_menu_link_color_hover":"","ocean_menu_link_color_active":"","ocean_menu_link_background":"","ocean_menu_link_hover_background":"","ocean_menu_link_active_background":"","ocean_menu_social_links_bg":"","ocean_menu_social_hover_links_bg":"","ocean_menu_social_links_color":"","ocean_menu_social_hover_links_color":"","ocean_disable_title":"default","ocean_disable_heading":"default","ocean_post_title":"","ocean_post_subheading":"","ocean_post_title_style":"","ocean_post_title_background_color":"","ocean_post_title_background":0,"ocean_post_title_bg_image_position":"","ocean_post_title_bg_image_attachment":"","ocean_post_title_bg_image_repeat":"","ocean_post_title_bg_image_size":"","ocean_post_title_height":0,"ocean_post_title_bg_overlay":0.5,"ocean_post_title_bg_overlay_color":"","ocean_disable_breadcrumbs":"default","ocean_breadcrumbs_color":"","ocean_breadcrumbs_separator_color":"","ocean_breadcrumbs_links_color":"","ocean_breadcrumbs_links_hover_color":"","ocean_display_footer_widgets":"default","ocean_display_footer_bottom":"default","ocean_custom_footer_template":"","_vp_format_video_url":"","_vp_image_focal_point":[],"footnotes":""},"class_list":["post-67","page","type-page","status-publish","hentry","entry"],"_links":{"self":[{"href":"https:\/\/www.planete-sciences.org\/occitanie\/web\/wp-json\/wp\/v2\/pages\/67","targetHints":{"allow":["GET"]}}],"collection":[{"href":"https:\/\/www.planete-sciences.org\/occitanie\/web\/wp-json\/wp\/v2\/pages"}],"about":[{"href":"https:\/\/www.planete-sciences.org\/occitanie\/web\/wp-json\/wp\/v2\/types\/page"}],"author":[{"embeddable":true,"href":"https:\/\/www.planete-sciences.org\/occitanie\/web\/wp-json\/wp\/v2\/users\/1"}],"replies":[{"embeddable":true,"href":"https:\/\/www.planete-sciences.org\/occitanie\/web\/wp-json\/wp\/v2\/comments?post=67"}],"version-history":[{"count":67,"href":"https:\/\/www.planete-sciences.org\/occitanie\/web\/wp-json\/wp\/v2\/pages\/67\/revisions"}],"predecessor-version":[{"id":2261200,"href":"https:\/\/www.planete-sciences.org\/occitanie\/web\/wp-json\/wp\/v2\/pages\/67\/revisions\/2261200"}],"up":[{"embeddable":true,"href":"https:\/\/www.planete-sciences.org\/occitanie\/web\/wp-json\/wp\/v2\/pages\/34"}],"wp:attachment":[{"href":"https:\/\/www.planete-sciences.org\/occitanie\/web\/wp-json\/wp\/v2\/media?parent=67"}],"curies":[{"name":"wp","href":"https:\/\/api.w.org\/{rel}","templated":true}]}}