{"id":57,"date":"2022-11-25T14:02:08","date_gmt":"2022-11-25T13:02:08","guid":{"rendered":"http:\/\/pso\/?page_id=57"},"modified":"2026-04-17T15:00:07","modified_gmt":"2026-04-17T13:00:07","slug":"emplois-stages","status":"publish","type":"page","link":"https:\/\/www.planete-sciences.org\/occitanie\/web\/lassociation\/emplois-stages\/","title":{"rendered":"Emplois et stages"},"content":{"rendered":"\t\t<div data-elementor-type=\"wp-page\" data-elementor-id=\"57\" class=\"elementor elementor-57\">\n\t\t\t\t\t\t<section class=\"elementor-section elementor-top-section elementor-element elementor-element-2a6992dd elementor-section-boxed elementor-section-height-default elementor-section-height-default\" data-id=\"2a6992dd\" data-element_type=\"section\">\n\t\t\t\t\t\t<div class=\"elementor-container elementor-column-gap-default\">\n\t\t\t\t\t<div class=\"elementor-column elementor-col-100 elementor-top-column elementor-element elementor-element-4ac57c3\" data-id=\"4ac57c3\" data-element_type=\"column\">\n\t\t\t<div class=\"elementor-widget-wrap elementor-element-populated\">\n\t\t\t\t\t\t<div class=\"elementor-element elementor-element-6696aa5 elementor-widget__width-initial elementor-widget elementor-widget-text-editor\" data-id=\"6696aa5\" data-element_type=\"widget\" data-widget_type=\"text-editor.default\">\n\t\t\t\t<div class=\"elementor-widget-container\">\n\t\t\t\t\t\t\t\t\t<h1 class=\"wp-block-heading\">Plan\u00e8te Sciences Occitanie emplois et stages<\/h1>\n<p><!-- \/wp:heading --><!-- wp:paragraph --><\/p>\n<p>Envie de renforcer nos \u00e9quipes au service de la culture scientifique et technique des jeunes\u00a0?<\/p>\n<p>Plan\u00e8te Sciences Occitanie recherche r\u00e9guli\u00e8rement de nouvelles personnes pour des activit\u00e9s ponctuelles ou de plus longues dur\u00e9es sur de nombreux profils (m\u00e9diateurs, formateurs, coordinateurs\u2026) vacataires ou permanents.<\/p>\n<p>N\u2019h\u00e9sitez pas \u00e0 prendre contact avec l\u2019\u00e9quipe op\u00e9rationnelle aupr\u00e8s de notre secr\u00e9tariat occitanie@planete-sciences.org ou 05 61 73 10 22.<\/p>\n<p><!-- \/wp:paragraph --><!-- wp:heading --><\/p>\n<p><!-- \/wp:paragraph --><!-- wp:heading --><\/p>\n<p><!-- \/wp:paragraph --><\/p>\t\t\t\t\t\t\t\t<\/div>\n\t\t\t\t<\/div>\n\t\t\t\t\t<\/div>\n\t\t<\/div>\n\t\t\t\t\t<\/div>\n\t\t<\/section>\n\t\t\t\t<section class=\"elementor-section elementor-top-section elementor-element elementor-element-c2e9322 elementor-section-boxed elementor-section-height-default elementor-section-height-default\" data-id=\"c2e9322\" data-element_type=\"section\">\n\t\t\t\t\t\t<div class=\"elementor-container elementor-column-gap-default\">\n\t\t\t\t\t<div class=\"elementor-column elementor-col-100 elementor-top-column elementor-element elementor-element-0dc9f98\" data-id=\"0dc9f98\" data-element_type=\"column\">\n\t\t\t<div class=\"elementor-widget-wrap elementor-element-populated\">\n\t\t\t\t\t\t<div class=\"elementor-element elementor-element-f29056c elementor-widget elementor-widget-heading\" data-id=\"f29056c\" data-element_type=\"widget\" data-widget_type=\"heading.default\">\n\t\t\t\t<div class=\"elementor-widget-container\">\n\t\t\t\t\t<h2 class=\"elementor-heading-title elementor-size-default\">Emplois en CDD<\/h2>\t\t\t\t<\/div>\n\t\t\t\t<\/div>\n\t\t\t\t<div class=\"elementor-element elementor-element-0006f85 elementor-align-left elementor-widget elementor-widget-button\" data-id=\"0006f85\" data-element_type=\"widget\" data-widget_type=\"button.default\">\n\t\t\t\t<div class=\"elementor-widget-container\">\n\t\t\t\t\t\t\t\t\t<div class=\"elementor-button-wrapper\">\n\t\t\t\t\t<a class=\"elementor-button elementor-button-link elementor-size-sm\" href=\"https:\/\/www.planete-sciences.org\/occitanie\/web\/wp-content\/uploads\/2023\/07\/recrutement-animateurs-ALSH-vacances-planete-sciences-occitanie.pdf\" target=\"_blank\">\n\t\t\t\t\t\t<span class=\"elementor-button-content-wrapper\">\n\t\t\t\t\t\t<span class=\"elementor-button-icon\">\n\t\t\t\t<i aria-hidden=\"true\" class=\"fas fa-arrow-circle-down\"><\/i>\t\t\t<\/span>\n\t\t\t\t\t\t\t\t\t<span class=\"elementor-button-text\">Des animateurs-rices BAFA (centre de loisirs)<\/span>\n\t\t\t\t\t<\/span>\n\t\t\t\t\t<\/a>\n\t\t\t\t<\/div>\n\t\t\t\t\t\t\t\t<\/div>\n\t\t\t\t<\/div>\n\t\t\t\t<div class=\"elementor-element elementor-element-66babb6 elementor-align-left elementor-widget elementor-widget-button\" data-id=\"66babb6\" data-element_type=\"widget\" data-widget_type=\"button.default\">\n\t\t\t\t<div class=\"elementor-widget-container\">\n\t\t\t\t\t\t\t\t\t<div class=\"elementor-button-wrapper\">\n\t\t\t\t\t<a class=\"elementor-button elementor-button-link elementor-size-sm\" href=\"https:\/\/www.planete-sciences.org\/occitanie\/web\/wp-content\/uploads\/2026\/04\/Directeur-Directrice-Centre-de-loisirs.pdf\" target=\"_blank\">\n\t\t\t\t\t\t<span class=\"elementor-button-content-wrapper\">\n\t\t\t\t\t\t<span class=\"elementor-button-icon\">\n\t\t\t\t<i aria-hidden=\"true\" class=\"fas fa-arrow-circle-down\"><\/i>\t\t\t<\/span>\n\t\t\t\t\t\t\t\t\t<span class=\"elementor-button-text\">Directeur\u00b7ice centre de loisirs avec BAFD - \u00e9t\u00e9 2026<\/span>\n\t\t\t\t\t<\/span>\n\t\t\t\t\t<\/a>\n\t\t\t\t<\/div>\n\t\t\t\t\t\t\t\t<\/div>\n\t\t\t\t<\/div>\n\t\t\t\t<div class=\"elementor-element elementor-element-4295e52 elementor-align-left elementor-widget elementor-widget-button\" data-id=\"4295e52\" data-element_type=\"widget\" data-widget_type=\"button.default\">\n\t\t\t\t<div class=\"elementor-widget-container\">\n\t\t\t\t\t\t\t\t\t<div class=\"elementor-button-wrapper\">\n\t\t\t\t\t<a class=\"elementor-button elementor-button-link elementor-size-sm\" href=\"mailto:occitanie@planete-sciences.org\" target=\"_blank\">\n\t\t\t\t\t\t<span class=\"elementor-button-content-wrapper\">\n\t\t\t\t\t\t<span class=\"elementor-button-icon\">\n\t\t\t\t<i aria-hidden=\"true\" class=\"fas fa-pen\"><\/i>\t\t\t<\/span>\n\t\t\t\t\t\t\t\t\t<span class=\"elementor-button-text\">Envoyez-nous vos candidatures !<\/span>\n\t\t\t\t\t<\/span>\n\t\t\t\t\t<\/a>\n\t\t\t\t<\/div>\n\t\t\t\t\t\t\t\t<\/div>\n\t\t\t\t<\/div>\n\t\t\t\t\t<\/div>\n\t\t<\/div>\n\t\t\t\t\t<\/div>\n\t\t<\/section>\n\t\t\t\t<section class=\"elementor-section elementor-top-section elementor-element elementor-element-287ccdd elementor-section-boxed elementor-section-height-default elementor-section-height-default\" data-id=\"287ccdd\" data-element_type=\"section\">\n\t\t\t\t\t\t<div class=\"elementor-container elementor-column-gap-default\">\n\t\t\t\t\t<div class=\"elementor-column elementor-col-100 elementor-top-column elementor-element elementor-element-ddf9fa3\" data-id=\"ddf9fa3\" data-element_type=\"column\">\n\t\t\t<div class=\"elementor-widget-wrap elementor-element-populated\">\n\t\t\t\t\t\t<div class=\"elementor-element elementor-element-c827f4f elementor-widget__width-initial elementor-widget elementor-widget-text-editor\" data-id=\"c827f4f\" data-element_type=\"widget\" data-widget_type=\"text-editor.default\">\n\t\t\t\t<div class=\"elementor-widget-container\">\n\t\t\t\t\t\t\t\t\t<h2>Service Civique<\/h2>\n<div>\n<p><b style=\"font-size: 14px;\">En quelques mots&#8230;<\/b><\/p>\n<p style=\"font-variant-ligatures: normal; font-variant-caps: normal; font-family: Oxygen; font-size: 14px; font-style: normal; font-weight: 400;\">Une mission transversale et multi-projets. Elle peut prendre une forme vari\u00e9e en fonction des attentes, des projets des jeunes volontaires et de notre actualit\u00e9.<br \/><span style=\"font-size: 14px;\">Depuis 2017, l&rsquo;association\u00a0Plan\u00e8te Sciences Occitanie accueille des volontaires en service civique et depuis 3 ans, elle poss\u00e8de un agr\u00e9ment.\u00a0<\/span><span style=\"font-size: 14px;\">Elle propose chaque ann\u00e9e, 2 missions de volontariat, destin\u00e9es aux\u00a0<\/span><span style=\"font-size: 14px;\">jeunes qui souhaitent s&rsquo;engager \u00e0 nos c\u00f4t\u00e9s, sur deux volets :<\/span><\/p>\n<ul>\n<li>\n<p>une partie action terrain, en lien avec nos projets<\/p>\n<\/li>\n<li>\n<p><span style=\"font-size: 14px;\">une partie sur la communication et l&rsquo;\u00e9v\u00e9nementiel li\u00e9 \u00e0 nos manifestations.\u00a0<\/span><\/p>\n<\/li>\n<\/ul>\n<p><b style=\"font-size: 14px;\">Objectifs :\u00a0<\/b><\/p>\n<p><span style=\"font-size: 14px;\">Accueillir un.e volontaire dans notre association, c&rsquo;est enrichir notre capacit\u00e9 \u00e0 toucher notre public cible.\u00a0<\/span><span style=\"font-size: 14px;\">Gr\u00e2ce aux interactions mises en place, aux comp\u00e9tences de ces <\/span><span style=\"font-size: 14px;\">volontaires, nous pouvons d\u00e9velopper de nouvelles pistes d&rsquo;actions, <\/span><span style=\"font-size: 14px;\">cr\u00e9er de nouveaux formats de communication et partager<\/span><span style=\"font-family: Oxygen; font-size: 14px; font-style: normal; font-variant-ligatures: normal; font-variant-caps: normal;\">\u00a0les activit\u00e9s de culture scientifique et technique.<\/span><\/p>\n<p><b>Actions :\u00a0<\/b><\/p>\n<p>La mission permettra aux volontaires d&rsquo;accompagner diff\u00e9rent.es charg\u00e9.es de projets et b\u00e9n\u00e9voles de l&rsquo;association dans nos diff\u00e9rentes missions. <br \/>En fonction des app\u00e9tences des volontaires, ils peuvent s&rsquo;investir et participer \u00e0 :<\/p>\n<ul>\n<li>l&rsquo;organisation des \u00e9v\u00e9nements organis\u00e9e par l&rsquo;association : D\u00e9fis Solaires, Coupe de Robotique, Rencontres M\u00e9t\u00e9o et Espace, Nuit des \u00e9toiles&#8230;<\/li>\n<li>l&rsquo;animation de nos outils de communication : page Facebook, compte Twitter, Instagram, LinkedIn, Site Web<\/li>\n<li>la cr\u00e9ation de \u00ab\u00a0post\u00a0\u00bb ludiques qui \u00e9veillent la curiosit\u00e9 de nos publics pour les sciences et techniques (photos, anecdotes, vid\u00e9o,<\/li>\n<li>dessins, etc), \u00ab\u00a0post\u00a0\u00bb qui alimenteront nos outilset enrichiront notre ligne \u00e9ditoriale de communication<\/li>\n<li>la vie quotidienne de l&rsquo;\u00e9quipe : participer aux r\u00e9unions et moments de convivialit\u00e9<\/li>\n<\/ul>\n<p><b>Capacit\u00e9 d&rsquo;initiative<\/b><\/p>\n<p>La seule chose : \u00eatre curieux et avoir envie de partager !<\/p>\n<\/div>\n<p><span style=\"color: rgba(0, 0, 0, 0.9); font-family: -apple-system, system-ui, BlinkMacSystemFont, 'Segoe UI', Roboto, 'Helvetica Neue', 'Fira Sans', Ubuntu, Oxygen, 'Oxygen Sans', Cantarell, 'Droid Sans', 'Apple Color Emoji', 'Segoe UI Emoji', 'Segoe UI Emoji', 'Segoe UI Symbol', 'Lucida Grande', Helvetica, Arial, sans-serif; font-size: 14px; font-style: normal; font-variant-ligatures: normal; font-variant-caps: normal;\"><b>Les missions en service civique ne sont pas disponibles pour le moment.\u00a0<\/b><\/span><\/p>\n<h2>Stages<\/h2>\n<p>Plan\u00e8te Sciences Occitanie accueille chaque ann\u00e9e quelques stagiaires.<\/p>\n<h4>Les stages de 3\u00e8me<\/h4>\n<p>Sur demande, contactez nous.\u00a0<\/p>\n<h4>Les stages \u00e9tudiants<\/h4>\n<p>N\u2019h\u00e9sitez pas \u00e0 nous pr\u00e9senter votre projet pour voir s\u2019il peut s\u2019inscrire dans nos actions et notre planning. <br \/>Nous sommes toujours \u00e0 l\u2019\u00e9coute de diff\u00e9rentes sollicitations, notamment en m\u00e9diation scientifique et culturelle, en ing\u00e9nierie ou en communication.<\/p>\n<h2>\u00a0<\/h2>\n<h2>M\u00e9c\u00e9nat de comp\u00e9tences<\/h2>\n<p>En fonction des besoins, des p\u00e9riodes de m\u00e9c\u00e9nat de comp\u00e9tences peuvent \u00eatre envisag\u00e9es.\u00a0<\/p>\t\t\t\t\t\t\t\t<\/div>\n\t\t\t\t<\/div>\n\t\t\t\t\t<\/div>\n\t\t<\/div>\n\t\t\t\t\t<\/div>\n\t\t<\/section>\n\t\t\t\t<\/div>\n\t\t","protected":false},"excerpt":{"rendered":"<p>Plan\u00e8te Sciences Occitanie emplois et stages Envie de renforcer nos \u00e9quipes au service de la culture scientifique et technique des jeunes\u00a0? Plan\u00e8te Sciences Occitanie recherche r\u00e9guli\u00e8rement de nouvelles personnes pour des activit\u00e9s ponctuelles ou de plus longues dur\u00e9es sur de nombreux profils (m\u00e9diateurs, formateurs, coordinateurs\u2026) vacataires ou permanents. N\u2019h\u00e9sitez pas \u00e0 prendre contact avec l\u2019\u00e9quipe [&hellip;]<\/p>\n","protected":false},"author":1,"featured_media":0,"parent":45,"menu_order":0,"comment_status":"closed","ping_status":"closed","template":"","meta":{"ocean_post_layout":"","ocean_both_sidebars_style":"","ocean_both_sidebars_content_width":0,"ocean_both_sidebars_sidebars_width":0,"ocean_sidebar":"0","ocean_second_sidebar":"0","ocean_disable_margins":"enable","ocean_add_body_class":"","ocean_shortcode_before_top_bar":"","ocean_shortcode_after_top_bar":"","ocean_shortcode_before_header":"","ocean_shortcode_after_header":"","ocean_has_shortcode":"","ocean_shortcode_after_title":"","ocean_shortcode_before_footer_widgets":"","ocean_shortcode_after_footer_widgets":"","ocean_shortcode_before_footer_bottom":"","ocean_shortcode_after_footer_bottom":"","ocean_display_top_bar":"default","ocean_display_header":"default","ocean_header_style":"","ocean_center_header_left_menu":"0","ocean_custom_header_template":"0","ocean_custom_logo":0,"ocean_custom_retina_logo":0,"ocean_custom_logo_max_width":0,"ocean_custom_logo_tablet_max_width":0,"ocean_custom_logo_mobile_max_width":0,"ocean_custom_logo_max_height":0,"ocean_custom_logo_tablet_max_height":0,"ocean_custom_logo_mobile_max_height":0,"ocean_header_custom_menu":"0","ocean_menu_typo_font_family":"0","ocean_menu_typo_font_subset":"","ocean_menu_typo_font_size":0,"ocean_menu_typo_font_size_tablet":0,"ocean_menu_typo_font_size_mobile":0,"ocean_menu_typo_font_size_unit":"px","ocean_menu_typo_font_weight":"","ocean_menu_typo_font_weight_tablet":"","ocean_menu_typo_font_weight_mobile":"","ocean_menu_typo_transform":"","ocean_menu_typo_transform_tablet":"","ocean_menu_typo_transform_mobile":"","ocean_menu_typo_line_height":0,"ocean_menu_typo_line_height_tablet":0,"ocean_menu_typo_line_height_mobile":0,"ocean_menu_typo_line_height_unit":"","ocean_menu_typo_spacing":0,"ocean_menu_typo_spacing_tablet":0,"ocean_menu_typo_spacing_mobile":0,"ocean_menu_typo_spacing_unit":"","ocean_menu_link_color":"","ocean_menu_link_color_hover":"","ocean_menu_link_color_active":"","ocean_menu_link_background":"","ocean_menu_link_hover_background":"","ocean_menu_link_active_background":"","ocean_menu_social_links_bg":"","ocean_menu_social_hover_links_bg":"","ocean_menu_social_links_color":"","ocean_menu_social_hover_links_color":"","ocean_disable_title":"default","ocean_disable_heading":"default","ocean_post_title":"","ocean_post_subheading":"","ocean_post_title_style":"","ocean_post_title_background_color":"","ocean_post_title_background":0,"ocean_post_title_bg_image_position":"","ocean_post_title_bg_image_attachment":"","ocean_post_title_bg_image_repeat":"","ocean_post_title_bg_image_size":"","ocean_post_title_height":0,"ocean_post_title_bg_overlay":0.5,"ocean_post_title_bg_overlay_color":"","ocean_disable_breadcrumbs":"default","ocean_breadcrumbs_color":"","ocean_breadcrumbs_separator_color":"","ocean_breadcrumbs_links_color":"","ocean_breadcrumbs_links_hover_color":"","ocean_display_footer_widgets":"default","ocean_display_footer_bottom":"default","ocean_custom_footer_template":"0","_vp_format_video_url":"","_vp_image_focal_point":[],"footnotes":""},"class_list":["post-57","page","type-page","status-publish","hentry","entry"],"_links":{"self":[{"href":"https:\/\/www.planete-sciences.org\/occitanie\/web\/wp-json\/wp\/v2\/pages\/57","targetHints":{"allow":["GET"]}}],"collection":[{"href":"https:\/\/www.planete-sciences.org\/occitanie\/web\/wp-json\/wp\/v2\/pages"}],"about":[{"href":"https:\/\/www.planete-sciences.org\/occitanie\/web\/wp-json\/wp\/v2\/types\/page"}],"author":[{"embeddable":true,"href":"https:\/\/www.planete-sciences.org\/occitanie\/web\/wp-json\/wp\/v2\/users\/1"}],"replies":[{"embeddable":true,"href":"https:\/\/www.planete-sciences.org\/occitanie\/web\/wp-json\/wp\/v2\/comments?post=57"}],"version-history":[{"count":250,"href":"https:\/\/www.planete-sciences.org\/occitanie\/web\/wp-json\/wp\/v2\/pages\/57\/revisions"}],"predecessor-version":[{"id":2261629,"href":"https:\/\/www.planete-sciences.org\/occitanie\/web\/wp-json\/wp\/v2\/pages\/57\/revisions\/2261629"}],"up":[{"embeddable":true,"href":"https:\/\/www.planete-sciences.org\/occitanie\/web\/wp-json\/wp\/v2\/pages\/45"}],"wp:attachment":[{"href":"https:\/\/www.planete-sciences.org\/occitanie\/web\/wp-json\/wp\/v2\/media?parent=57"}],"curies":[{"name":"wp","href":"https:\/\/api.w.org\/{rel}","templated":true}]}}