{"id":47,"date":"2022-11-25T13:59:15","date_gmt":"2022-11-25T12:59:15","guid":{"rendered":"http:\/\/pso\/?page_id=47"},"modified":"2025-07-18T11:29:10","modified_gmt":"2025-07-18T09:29:10","slug":"qui-sommes-nous","status":"publish","type":"page","link":"https:\/\/www.planete-sciences.org\/occitanie\/web\/lassociation\/qui-sommes-nous\/","title":{"rendered":"Qui sommes-nous ?"},"content":{"rendered":"\t\t<div data-elementor-type=\"wp-page\" data-elementor-id=\"47\" class=\"elementor elementor-47\">\n\t\t\t\t\t\t<section class=\"elementor-section elementor-top-section elementor-element elementor-element-5ab002b elementor-section-boxed elementor-section-height-default elementor-section-height-default\" data-id=\"5ab002b\" data-element_type=\"section\">\n\t\t\t\t\t\t<div class=\"elementor-container elementor-column-gap-default\">\n\t\t\t\t\t<div class=\"elementor-column elementor-col-100 elementor-top-column elementor-element elementor-element-e2492ae\" data-id=\"e2492ae\" data-element_type=\"column\">\n\t\t\t<div class=\"elementor-widget-wrap elementor-element-populated\">\n\t\t\t\t\t\t<div class=\"elementor-element elementor-element-d7ba512 elementor-widget elementor-widget-heading\" data-id=\"d7ba512\" data-element_type=\"widget\" data-widget_type=\"heading.default\">\n\t\t\t\t<div class=\"elementor-widget-container\">\n\t\t\t\t\t<h1 class=\"elementor-heading-title elementor-size-default\">Plan\u00e8te Sciences Occitanie, qui sommes-nous ?<\/h1>\t\t\t\t<\/div>\n\t\t\t\t<\/div>\n\t\t\t\t<div class=\"elementor-element elementor-element-e95c00f elementor-widget elementor-widget-heading\" data-id=\"e95c00f\" data-element_type=\"widget\" data-widget_type=\"heading.default\">\n\t\t\t\t<div class=\"elementor-widget-container\">\n\t\t\t\t\t<h2 class=\"elementor-heading-title elementor-size-default\">Plan\u00e8te Sciences Occitanie est une association loi 1901<\/h2>\t\t\t\t<\/div>\n\t\t\t\t<\/div>\n\t\t\t\t\t<\/div>\n\t\t<\/div>\n\t\t\t\t\t<\/div>\n\t\t<\/section>\n\t\t\t\t<section class=\"elementor-section elementor-top-section elementor-element elementor-element-a92a494 elementor-section-boxed elementor-section-height-default elementor-section-height-default\" data-id=\"a92a494\" data-element_type=\"section\">\n\t\t\t\t\t\t<div class=\"elementor-container elementor-column-gap-default\">\n\t\t\t\t\t<div class=\"elementor-column elementor-col-50 elementor-top-column elementor-element elementor-element-efb34a3\" data-id=\"efb34a3\" data-element_type=\"column\">\n\t\t\t<div class=\"elementor-widget-wrap elementor-element-populated\">\n\t\t\t\t\t\t<div class=\"elementor-element elementor-element-3547ac7 elementor-widget elementor-widget-text-editor\" data-id=\"3547ac7\" data-element_type=\"widget\" data-widget_type=\"text-editor.default\">\n\t\t\t\t<div class=\"elementor-widget-container\">\n\t\t\t\t\t\t\t\t\t<p>Notre mission principale est de <strong>promouvoir la culture scientifique, technique et industrielle<\/strong> (CSTI) aupr\u00e8s des jeunes de 7 \u00e0 25 ans en les incitant \u00e0 d\u00e9couvrir les activit\u00e9s scientifiques et techniques par la pratique exp\u00e9rimentale et la m\u00e9thode de projets.<\/p><p>Depuis sa cr\u00e9ation en 1994, actuellement bas\u00e9s \u00e0 Ramonville pr\u00e8s de Toulouse, nous y proposons des activit\u00e9s sur les th\u00e8mes de l\u2019<strong>espace<\/strong>, de l\u2019<strong>astronomie<\/strong>, de la <strong>robotique<\/strong>, du <strong>num\u00e9rique<\/strong>, de l\u2019<strong>environnement<\/strong>, de la <strong>m\u00e9t\u00e9orologie<\/strong> et des <strong>\u00e9nergies<\/strong>.<\/p><p>L\u2019approche exp\u00e9rimentale et le d\u00e9veloppement de projets en \u00e9quipe sont au c\u0153ur de nos actions, que ce soit aupr\u00e8s de scolaires, de familles et\/ou de passionn\u00e9.es. Nos activit\u00e9s peuvent se d\u00e9rouler hors les murs ou dans nos 2 locaux : la maison des sciences de Ramonville et le Fabriquet, le fablab de l\u2019association mettant \u00e0 disposition du grand public des machines-outils \u00e0 commande num\u00e9rique.<\/p><p>Plan\u00e8te Sciences Occitanie constitue une <strong>d\u00e9l\u00e9gation r\u00e9gionale du r\u00e9seau Plan\u00e8te Sciences. <\/strong>Elle est agr\u00e9\u00e9e :\u00a0<\/p><ul><li>par le minist\u00e8re de la Jeunesse, comme association d\u2019\u00e9ducation populaire et comme association habilit\u00e9e \u00e0 dispenser les formations BAFA ;<\/li><li>et par le minist\u00e8re de l\u2019\u00c9ducation Nationale comme Association compl\u00e9mentaire \u00e0 l\u2019enseignement public.<\/li><\/ul>\t\t\t\t\t\t\t\t<\/div>\n\t\t\t\t<\/div>\n\t\t\t\t\t<\/div>\n\t\t<\/div>\n\t\t\t\t<div class=\"elementor-column elementor-col-50 elementor-top-column elementor-element elementor-element-c99d289\" data-id=\"c99d289\" data-element_type=\"column\">\n\t\t\t<div class=\"elementor-widget-wrap elementor-element-populated\">\n\t\t\t\t\t\t<div class=\"elementor-element elementor-element-8286f1f elementor-widget elementor-widget-image\" data-id=\"8286f1f\" data-element_type=\"widget\" data-widget_type=\"image.default\">\n\t\t\t\t<div class=\"elementor-widget-container\">\n\t\t\t\t\t\t\t\t\t\t\t\t\t\t\t<img fetchpriority=\"high\" decoding=\"async\" width=\"670\" height=\"620\" src=\"https:\/\/www.planete-sciences.org\/occitanie\/web\/wp-content\/uploads\/2023\/05\/association-pso-promotion-culture-scientifique.jpg\" class=\"attachment-full size-full wp-image-2253349\" alt=\"Qui sommes nous ? Plan\u00e8te sciences Occitanie\" srcset=\"https:\/\/www.planete-sciences.org\/occitanie\/web\/wp-content\/uploads\/2023\/05\/association-pso-promotion-culture-scientifique.jpg 670w, https:\/\/www.planete-sciences.org\/occitanie\/web\/wp-content\/uploads\/2023\/05\/association-pso-promotion-culture-scientifique-300x278.jpg 300w\" sizes=\"(max-width: 670px) 100vw, 670px\" \/>\t\t\t\t\t\t\t\t\t\t\t\t\t\t\t<\/div>\n\t\t\t\t<\/div>\n\t\t\t\t\t<\/div>\n\t\t<\/div>\n\t\t\t\t\t<\/div>\n\t\t<\/section>\n\t\t\t\t<section class=\"elementor-section elementor-top-section elementor-element elementor-element-19d2bf1 elementor-section-boxed elementor-section-height-default elementor-section-height-default\" data-id=\"19d2bf1\" data-element_type=\"section\">\n\t\t\t\t\t\t<div class=\"elementor-container elementor-column-gap-default\">\n\t\t\t\t\t<div class=\"elementor-column elementor-col-100 elementor-top-column elementor-element elementor-element-bc59b67\" data-id=\"bc59b67\" data-element_type=\"column\">\n\t\t\t<div class=\"elementor-widget-wrap elementor-element-populated\">\n\t\t\t\t\t\t<div class=\"elementor-element elementor-element-59570d6 elementor-widget elementor-widget-text-editor\" data-id=\"59570d6\" data-element_type=\"widget\" data-widget_type=\"text-editor.default\">\n\t\t\t\t<div class=\"elementor-widget-container\">\n\t\t\t\t\t\t\t\t\t<h3>Les activit\u00e9s de l&rsquo;association<\/h3><ul><li><strong>des ateliers et op\u00e9rations scolaires :<\/strong> un ballon pour l\u2019\u00e9cole, les D\u00e9fis solaires, la Coupe de la robotique, la Tourn\u00e9e des Robots et de l&rsquo;IA, etc.<\/li><li><strong>des centres de vacances et de loisirs pour les enfants :<\/strong> pendant l\u2019\u00e9t\u00e9, les petites vacances, en soir\u00e9e,&#8230;<\/li><li><strong>des op\u00e9rations grand public :<\/strong>\u00a0F\u00eate de la science, Nuit des \u00e9toiles, Nuit des chercheur.es, Toulouse Space Festival, etc.<\/li><li><strong>des formations :<\/strong> animation scientifique, agr\u00e9ments micro-fus\u00e9es, a\u00e9rotechnicien, BAFA, etc.<\/li><\/ul>\t\t\t\t\t\t\t\t<\/div>\n\t\t\t\t<\/div>\n\t\t\t\t\t<\/div>\n\t\t<\/div>\n\t\t\t\t\t<\/div>\n\t\t<\/section>\n\t\t\t\t<section class=\"elementor-section elementor-top-section elementor-element elementor-element-200d1b4 elementor-section-boxed elementor-section-height-default elementor-section-height-default\" data-id=\"200d1b4\" data-element_type=\"section\">\n\t\t\t\t\t\t<div class=\"elementor-container elementor-column-gap-default\">\n\t\t\t\t\t<div class=\"elementor-column elementor-col-100 elementor-top-column elementor-element elementor-element-61c482ac\" data-id=\"61c482ac\" data-element_type=\"column\">\n\t\t\t<div class=\"elementor-widget-wrap elementor-element-populated\">\n\t\t\t\t\t\t<div class=\"elementor-element elementor-element-62e40123 elementor-align-center elementor-widget elementor-widget-button\" data-id=\"62e40123\" data-element_type=\"widget\" data-widget_type=\"button.default\">\n\t\t\t\t<div class=\"elementor-widget-container\">\n\t\t\t\t\t\t\t\t\t<div class=\"elementor-button-wrapper\">\n\t\t\t\t\t<a class=\"elementor-button elementor-button-link elementor-size-sm\" href=\"https:\/\/www.planete-sciences.org\/occitanie\/web\/lassociation\/historique-de-planete-sciences-occitanie\/\">\n\t\t\t\t\t\t<span class=\"elementor-button-content-wrapper\">\n\t\t\t\t\t\t<span class=\"elementor-button-icon\">\n\t\t\t\t<i aria-hidden=\"true\" class=\"fas fa-arrow-right\"><\/i>\t\t\t<\/span>\n\t\t\t\t\t\t\t\t\t<span class=\"elementor-button-text\">L'historique de Plan\u00e8te Sciences Occitanie<\/span>\n\t\t\t\t\t<\/span>\n\t\t\t\t\t<\/a>\n\t\t\t\t<\/div>\n\t\t\t\t\t\t\t\t<\/div>\n\t\t\t\t<\/div>\n\t\t\t\t\t<\/div>\n\t\t<\/div>\n\t\t\t\t\t<\/div>\n\t\t<\/section>\n\t\t\t\t<\/div>\n\t\t","protected":false},"excerpt":{"rendered":"<p>Plan\u00e8te Sciences Occitanie, qui sommes-nous ? Plan\u00e8te Sciences Occitanie est une association loi 1901 Notre mission principale est de promouvoir la culture scientifique, technique et industrielle (CSTI) aupr\u00e8s des jeunes de 7 \u00e0 25 ans en les incitant \u00e0 d\u00e9couvrir les activit\u00e9s scientifiques et techniques par la pratique exp\u00e9rimentale et la m\u00e9thode de projets. Depuis [&hellip;]<\/p>\n","protected":false},"author":1,"featured_media":0,"parent":45,"menu_order":0,"comment_status":"closed","ping_status":"closed","template":"","meta":{"ocean_post_layout":"","ocean_both_sidebars_style":"","ocean_both_sidebars_content_width":0,"ocean_both_sidebars_sidebars_width":0,"ocean_sidebar":"0","ocean_second_sidebar":"0","ocean_disable_margins":"enable","ocean_add_body_class":"","ocean_shortcode_before_top_bar":"","ocean_shortcode_after_top_bar":"","ocean_shortcode_before_header":"","ocean_shortcode_after_header":"","ocean_has_shortcode":"","ocean_shortcode_after_title":"","ocean_shortcode_before_footer_widgets":"","ocean_shortcode_after_footer_widgets":"","ocean_shortcode_before_footer_bottom":"","ocean_shortcode_after_footer_bottom":"","ocean_display_top_bar":"default","ocean_display_header":"default","ocean_header_style":"","ocean_center_header_left_menu":"0","ocean_custom_header_template":"0","ocean_custom_logo":0,"ocean_custom_retina_logo":0,"ocean_custom_logo_max_width":0,"ocean_custom_logo_tablet_max_width":0,"ocean_custom_logo_mobile_max_width":0,"ocean_custom_logo_max_height":0,"ocean_custom_logo_tablet_max_height":0,"ocean_custom_logo_mobile_max_height":0,"ocean_header_custom_menu":"0","ocean_menu_typo_font_family":"0","ocean_menu_typo_font_subset":"","ocean_menu_typo_font_size":0,"ocean_menu_typo_font_size_tablet":0,"ocean_menu_typo_font_size_mobile":0,"ocean_menu_typo_font_size_unit":"px","ocean_menu_typo_font_weight":"","ocean_menu_typo_font_weight_tablet":"","ocean_menu_typo_font_weight_mobile":"","ocean_menu_typo_transform":"","ocean_menu_typo_transform_tablet":"","ocean_menu_typo_transform_mobile":"","ocean_menu_typo_line_height":0,"ocean_menu_typo_line_height_tablet":0,"ocean_menu_typo_line_height_mobile":0,"ocean_menu_typo_line_height_unit":"","ocean_menu_typo_spacing":0,"ocean_menu_typo_spacing_tablet":0,"ocean_menu_typo_spacing_mobile":0,"ocean_menu_typo_spacing_unit":"","ocean_menu_link_color":"","ocean_menu_link_color_hover":"","ocean_menu_link_color_active":"","ocean_menu_link_background":"","ocean_menu_link_hover_background":"","ocean_menu_link_active_background":"","ocean_menu_social_links_bg":"","ocean_menu_social_hover_links_bg":"","ocean_menu_social_links_color":"","ocean_menu_social_hover_links_color":"","ocean_disable_title":"default","ocean_disable_heading":"default","ocean_post_title":"","ocean_post_subheading":"","ocean_post_title_style":"","ocean_post_title_background_color":"","ocean_post_title_background":0,"ocean_post_title_bg_image_position":"","ocean_post_title_bg_image_attachment":"","ocean_post_title_bg_image_repeat":"","ocean_post_title_bg_image_size":"","ocean_post_title_height":0,"ocean_post_title_bg_overlay":0.5,"ocean_post_title_bg_overlay_color":"","ocean_disable_breadcrumbs":"default","ocean_breadcrumbs_color":"","ocean_breadcrumbs_separator_color":"","ocean_breadcrumbs_links_color":"","ocean_breadcrumbs_links_hover_color":"","ocean_display_footer_widgets":"default","ocean_display_footer_bottom":"default","ocean_custom_footer_template":"0","_vp_format_video_url":"","_vp_image_focal_point":[],"footnotes":""},"class_list":["post-47","page","type-page","status-publish","hentry","entry"],"_links":{"self":[{"href":"https:\/\/www.planete-sciences.org\/occitanie\/web\/wp-json\/wp\/v2\/pages\/47","targetHints":{"allow":["GET"]}}],"collection":[{"href":"https:\/\/www.planete-sciences.org\/occitanie\/web\/wp-json\/wp\/v2\/pages"}],"about":[{"href":"https:\/\/www.planete-sciences.org\/occitanie\/web\/wp-json\/wp\/v2\/types\/page"}],"author":[{"embeddable":true,"href":"https:\/\/www.planete-sciences.org\/occitanie\/web\/wp-json\/wp\/v2\/users\/1"}],"replies":[{"embeddable":true,"href":"https:\/\/www.planete-sciences.org\/occitanie\/web\/wp-json\/wp\/v2\/comments?post=47"}],"version-history":[{"count":142,"href":"https:\/\/www.planete-sciences.org\/occitanie\/web\/wp-json\/wp\/v2\/pages\/47\/revisions"}],"predecessor-version":[{"id":2260162,"href":"https:\/\/www.planete-sciences.org\/occitanie\/web\/wp-json\/wp\/v2\/pages\/47\/revisions\/2260162"}],"up":[{"embeddable":true,"href":"https:\/\/www.planete-sciences.org\/occitanie\/web\/wp-json\/wp\/v2\/pages\/45"}],"wp:attachment":[{"href":"https:\/\/www.planete-sciences.org\/occitanie\/web\/wp-json\/wp\/v2\/media?parent=47"}],"curies":[{"name":"wp","href":"https:\/\/api.w.org\/{rel}","templated":true}]}}