{"id":32,"date":"2022-11-25T13:44:40","date_gmt":"2022-11-25T12:44:40","guid":{"rendered":"http:\/\/pso\/?page_id=32"},"modified":"2026-03-20T12:45:35","modified_gmt":"2026-03-20T11:45:35","slug":"stages-sejours-scientifiques","status":"publish","type":"page","link":"https:\/\/www.planete-sciences.org\/occitanie\/web\/stages-sejours-scientifiques\/","title":{"rendered":"Stages &#8211; S\u00e9jours"},"content":{"rendered":"\t\t<div data-elementor-type=\"wp-page\" data-elementor-id=\"32\" class=\"elementor elementor-32\">\n\t\t\t\t\t\t<section class=\"elementor-section elementor-top-section elementor-element elementor-element-7a9e6b4 elementor-section-boxed elementor-section-height-default elementor-section-height-default\" data-id=\"7a9e6b4\" data-element_type=\"section\">\n\t\t\t\t\t\t<div class=\"elementor-container elementor-column-gap-default\">\n\t\t\t\t\t<div class=\"elementor-column elementor-col-100 elementor-top-column elementor-element elementor-element-3ebc580\" data-id=\"3ebc580\" data-element_type=\"column\">\n\t\t\t<div class=\"elementor-widget-wrap elementor-element-populated\">\n\t\t\t\t\t\t<div class=\"elementor-element elementor-element-8712d75 elementor-widget elementor-widget-heading\" data-id=\"8712d75\" data-element_type=\"widget\" data-widget_type=\"heading.default\">\n\t\t\t\t<div class=\"elementor-widget-container\">\n\t\t\t\t\t<h1 class=\"elementor-heading-title elementor-size-default\">Stages et s\u00e9jours scientifiques de Plan\u00e8te Sciences Occitanie<\/h1>\t\t\t\t<\/div>\n\t\t\t\t<\/div>\n\t\t\t\t<div class=\"elementor-element elementor-element-791ec19 elementor-widget elementor-widget-spacer\" data-id=\"791ec19\" data-element_type=\"widget\" data-widget_type=\"spacer.default\">\n\t\t\t\t<div class=\"elementor-widget-container\">\n\t\t\t\t\t\t\t<div class=\"elementor-spacer\">\n\t\t\t<div class=\"elementor-spacer-inner\"><\/div>\n\t\t<\/div>\n\t\t\t\t\t\t<\/div>\n\t\t\t\t<\/div>\n\t\t\t\t<div class=\"elementor-element elementor-element-ba75665 elementor-widget elementor-widget-heading\" data-id=\"ba75665\" data-element_type=\"widget\" data-widget_type=\"heading.default\">\n\t\t\t\t<div class=\"elementor-widget-container\">\n\t\t\t\t\t<h2 class=\"elementor-heading-title elementor-size-default\"><a href=\"https:\/\/www.planete-sciences.org\/occitanie\/web\/stages-sejours\/stages-scientifiques-a-ramonville\/\">Stages scientifiques \u00e0 Ramonville - La Maison des Sciences<\/a><\/h2>\t\t\t\t<\/div>\n\t\t\t\t<\/div>\n\t\t\t\t<div class=\"elementor-element elementor-element-58efcd5 elementor-widget elementor-widget-image\" data-id=\"58efcd5\" data-element_type=\"widget\" data-widget_type=\"image.default\">\n\t\t\t\t<div class=\"elementor-widget-container\">\n\t\t\t\t\t\t\t\t\t\t\t\t\t\t\t\t<a href=\"https:\/\/www.planete-sciences.org\/occitanie\/web\/stages-sejours-scientifiques\/stages-scientifiques-a-ramonville\/\">\n\t\t\t\t\t\t\t<img fetchpriority=\"high\" decoding=\"async\" width=\"800\" height=\"390\" src=\"https:\/\/www.planete-sciences.org\/occitanie\/web\/wp-content\/uploads\/2023\/07\/stages-sejours-maison-des-sciences-800x390.jpg\" class=\"attachment-vp_md_popup size-vp_md_popup wp-image-2254574\" alt=\"\" srcset=\"https:\/\/www.planete-sciences.org\/occitanie\/web\/wp-content\/uploads\/2023\/07\/stages-sejours-maison-des-sciences-800x390.jpg 800w, https:\/\/www.planete-sciences.org\/occitanie\/web\/wp-content\/uploads\/2023\/07\/stages-sejours-maison-des-sciences-300x146.jpg 300w, https:\/\/www.planete-sciences.org\/occitanie\/web\/wp-content\/uploads\/2023\/07\/stages-sejours-maison-des-sciences-1024x499.jpg 1024w, https:\/\/www.planete-sciences.org\/occitanie\/web\/wp-content\/uploads\/2023\/07\/stages-sejours-maison-des-sciences-768x374.jpg 768w, https:\/\/www.planete-sciences.org\/occitanie\/web\/wp-content\/uploads\/2023\/07\/stages-sejours-maison-des-sciences-500x243.jpg 500w, https:\/\/www.planete-sciences.org\/occitanie\/web\/wp-content\/uploads\/2023\/07\/stages-sejours-maison-des-sciences.jpg 1220w\" sizes=\"(max-width: 800px) 100vw, 800px\" \/>\t\t\t\t\t\t\t\t<\/a>\n\t\t\t\t\t\t\t\t\t\t\t\t\t\t\t<\/div>\n\t\t\t\t<\/div>\n\t\t\t\t<div class=\"elementor-element elementor-element-79c272d elementor-widget elementor-widget-spacer\" data-id=\"79c272d\" data-element_type=\"widget\" data-widget_type=\"spacer.default\">\n\t\t\t\t<div class=\"elementor-widget-container\">\n\t\t\t\t\t\t\t<div class=\"elementor-spacer\">\n\t\t\t<div class=\"elementor-spacer-inner\"><\/div>\n\t\t<\/div>\n\t\t\t\t\t\t<\/div>\n\t\t\t\t<\/div>\n\t\t\t\t<div class=\"elementor-element elementor-element-7901fc0 elementor-widget elementor-widget-heading\" data-id=\"7901fc0\" data-element_type=\"widget\" data-widget_type=\"heading.default\">\n\t\t\t\t<div class=\"elementor-widget-container\">\n\t\t\t\t\t<h2 class=\"elementor-heading-title elementor-size-default\"><a href=\"https:\/\/www.planete-sciences.org\/occitanie\/web\/stages-sejours\/stages-scientifiques-a-toulouse\/\">Stages scientifiques \u00e0 Toulouse - Quai des Savoirs<\/a><\/h2>\t\t\t\t<\/div>\n\t\t\t\t<\/div>\n\t\t\t\t<div class=\"elementor-element elementor-element-a3250fe elementor-widget elementor-widget-image\" data-id=\"a3250fe\" data-element_type=\"widget\" data-widget_type=\"image.default\">\n\t\t\t\t<div class=\"elementor-widget-container\">\n\t\t\t\t\t\t\t\t\t\t\t\t\t\t\t\t<a href=\"https:\/\/www.planete-sciences.org\/occitanie\/web\/stages-sejours-scientifiques\/stages-scientifiques-a-toulouse\/\">\n\t\t\t\t\t\t\t<img decoding=\"async\" width=\"800\" height=\"450\" src=\"https:\/\/www.planete-sciences.org\/occitanie\/web\/wp-content\/uploads\/2023\/12\/IMG-20220801-WA0032-800x450.jpg\" class=\"attachment-vp_md_popup size-vp_md_popup wp-image-2255763\" alt=\"\" srcset=\"https:\/\/www.planete-sciences.org\/occitanie\/web\/wp-content\/uploads\/2023\/12\/IMG-20220801-WA0032-800x450.jpg 800w, https:\/\/www.planete-sciences.org\/occitanie\/web\/wp-content\/uploads\/2023\/12\/IMG-20220801-WA0032-300x169.jpg 300w, https:\/\/www.planete-sciences.org\/occitanie\/web\/wp-content\/uploads\/2023\/12\/IMG-20220801-WA0032-1024x576.jpg 1024w, https:\/\/www.planete-sciences.org\/occitanie\/web\/wp-content\/uploads\/2023\/12\/IMG-20220801-WA0032-768x432.jpg 768w, https:\/\/www.planete-sciences.org\/occitanie\/web\/wp-content\/uploads\/2023\/12\/IMG-20220801-WA0032-1536x864.jpg 1536w, https:\/\/www.planete-sciences.org\/occitanie\/web\/wp-content\/uploads\/2023\/12\/IMG-20220801-WA0032-500x281.jpg 500w, https:\/\/www.planete-sciences.org\/occitanie\/web\/wp-content\/uploads\/2023\/12\/IMG-20220801-WA0032-1280x720.jpg 1280w, https:\/\/www.planete-sciences.org\/occitanie\/web\/wp-content\/uploads\/2023\/12\/IMG-20220801-WA0032-1320x743.jpg 1320w, https:\/\/www.planete-sciences.org\/occitanie\/web\/wp-content\/uploads\/2023\/12\/IMG-20220801-WA0032.jpg 1920w\" sizes=\"(max-width: 800px) 100vw, 800px\" \/>\t\t\t\t\t\t\t\t<\/a>\n\t\t\t\t\t\t\t\t\t\t\t\t\t\t\t<\/div>\n\t\t\t\t<\/div>\n\t\t\t\t<div class=\"elementor-element elementor-element-9416c60 elementor-widget elementor-widget-spacer\" data-id=\"9416c60\" data-element_type=\"widget\" data-widget_type=\"spacer.default\">\n\t\t\t\t<div class=\"elementor-widget-container\">\n\t\t\t\t\t\t\t<div class=\"elementor-spacer\">\n\t\t\t<div class=\"elementor-spacer-inner\"><\/div>\n\t\t<\/div>\n\t\t\t\t\t\t<\/div>\n\t\t\t\t<\/div>\n\t\t\t\t<div class=\"elementor-element elementor-element-49ba4f5 elementor-widget elementor-widget-heading\" data-id=\"49ba4f5\" data-element_type=\"widget\" data-widget_type=\"heading.default\">\n\t\t\t\t<div class=\"elementor-widget-container\">\n\t\t\t\t\t<h2 class=\"elementor-heading-title elementor-size-default\">S\u00e9jours scientifiques : aucune programmation pour 2026 !<\/h2>\t\t\t\t<\/div>\n\t\t\t\t<\/div>\n\t\t\t\t<div class=\"elementor-element elementor-element-c979fa0 elementor-widget elementor-widget-image\" data-id=\"c979fa0\" data-element_type=\"widget\" data-widget_type=\"image.default\">\n\t\t\t\t<div class=\"elementor-widget-container\">\n\t\t\t\t\t\t\t\t\t\t\t\t\t\t\t<img decoding=\"async\" width=\"800\" height=\"390\" src=\"https:\/\/www.planete-sciences.org\/occitanie\/web\/wp-content\/uploads\/2023\/07\/stages-sejours-fusees-800x390.jpg\" class=\"attachment-vp_md_popup size-vp_md_popup wp-image-2254566\" alt=\"\" srcset=\"https:\/\/www.planete-sciences.org\/occitanie\/web\/wp-content\/uploads\/2023\/07\/stages-sejours-fusees-800x390.jpg 800w, https:\/\/www.planete-sciences.org\/occitanie\/web\/wp-content\/uploads\/2023\/07\/stages-sejours-fusees-300x146.jpg 300w, https:\/\/www.planete-sciences.org\/occitanie\/web\/wp-content\/uploads\/2023\/07\/stages-sejours-fusees-1024x499.jpg 1024w, https:\/\/www.planete-sciences.org\/occitanie\/web\/wp-content\/uploads\/2023\/07\/stages-sejours-fusees-768x374.jpg 768w, https:\/\/www.planete-sciences.org\/occitanie\/web\/wp-content\/uploads\/2023\/07\/stages-sejours-fusees-500x243.jpg 500w, https:\/\/www.planete-sciences.org\/occitanie\/web\/wp-content\/uploads\/2023\/07\/stages-sejours-fusees.jpg 1220w\" sizes=\"(max-width: 800px) 100vw, 800px\" \/>\t\t\t\t\t\t\t\t\t\t\t\t\t\t\t<\/div>\n\t\t\t\t<\/div>\n\t\t\t\t\t<\/div>\n\t\t<\/div>\n\t\t\t\t\t<\/div>\n\t\t<\/section>\n\t\t\t\t<\/div>\n\t\t","protected":false},"excerpt":{"rendered":"<p>Stages et s\u00e9jours scientifiques de Plan\u00e8te Sciences Occitanie Stages scientifiques \u00e0 Ramonville &#8211; La Maison des Sciences Stages scientifiques \u00e0 Toulouse &#8211; Quai des Savoirs S\u00e9jours scientifiques : aucune programmation pour 2026 !<\/p>\n","protected":false},"author":1,"featured_media":0,"parent":0,"menu_order":2,"comment_status":"closed","ping_status":"closed","template":"","meta":{"ocean_post_layout":"","ocean_both_sidebars_style":"","ocean_both_sidebars_content_width":0,"ocean_both_sidebars_sidebars_width":0,"ocean_sidebar":"","ocean_second_sidebar":"","ocean_disable_margins":"enable","ocean_add_body_class":"","ocean_shortcode_before_top_bar":"","ocean_shortcode_after_top_bar":"","ocean_shortcode_before_header":"","ocean_shortcode_after_header":"","ocean_has_shortcode":"","ocean_shortcode_after_title":"","ocean_shortcode_before_footer_widgets":"","ocean_shortcode_after_footer_widgets":"","ocean_shortcode_before_footer_bottom":"","ocean_shortcode_after_footer_bottom":"","ocean_display_top_bar":"default","ocean_display_header":"default","ocean_header_style":"","ocean_center_header_left_menu":"","ocean_custom_header_template":"","ocean_custom_logo":0,"ocean_custom_retina_logo":0,"ocean_custom_logo_max_width":0,"ocean_custom_logo_tablet_max_width":0,"ocean_custom_logo_mobile_max_width":0,"ocean_custom_logo_max_height":0,"ocean_custom_logo_tablet_max_height":0,"ocean_custom_logo_mobile_max_height":0,"ocean_header_custom_menu":"","ocean_menu_typo_font_family":"","ocean_menu_typo_font_subset":"","ocean_menu_typo_font_size":0,"ocean_menu_typo_font_size_tablet":0,"ocean_menu_typo_font_size_mobile":0,"ocean_menu_typo_font_size_unit":"px","ocean_menu_typo_font_weight":"","ocean_menu_typo_font_weight_tablet":"","ocean_menu_typo_font_weight_mobile":"","ocean_menu_typo_transform":"","ocean_menu_typo_transform_tablet":"","ocean_menu_typo_transform_mobile":"","ocean_menu_typo_line_height":0,"ocean_menu_typo_line_height_tablet":0,"ocean_menu_typo_line_height_mobile":0,"ocean_menu_typo_line_height_unit":"","ocean_menu_typo_spacing":0,"ocean_menu_typo_spacing_tablet":0,"ocean_menu_typo_spacing_mobile":0,"ocean_menu_typo_spacing_unit":"","ocean_menu_link_color":"","ocean_menu_link_color_hover":"","ocean_menu_link_color_active":"","ocean_menu_link_background":"","ocean_menu_link_hover_background":"","ocean_menu_link_active_background":"","ocean_menu_social_links_bg":"","ocean_menu_social_hover_links_bg":"","ocean_menu_social_links_color":"","ocean_menu_social_hover_links_color":"","ocean_disable_title":"default","ocean_disable_heading":"default","ocean_post_title":"","ocean_post_subheading":"","ocean_post_title_style":"","ocean_post_title_background_color":"","ocean_post_title_background":0,"ocean_post_title_bg_image_position":"","ocean_post_title_bg_image_attachment":"","ocean_post_title_bg_image_repeat":"","ocean_post_title_bg_image_size":"","ocean_post_title_height":0,"ocean_post_title_bg_overlay":0.5,"ocean_post_title_bg_overlay_color":"","ocean_disable_breadcrumbs":"default","ocean_breadcrumbs_color":"","ocean_breadcrumbs_separator_color":"","ocean_breadcrumbs_links_color":"","ocean_breadcrumbs_links_hover_color":"","ocean_display_footer_widgets":"default","ocean_display_footer_bottom":"default","ocean_custom_footer_template":"","_vp_format_video_url":"","_vp_image_focal_point":[],"footnotes":""},"class_list":["post-32","page","type-page","status-publish","hentry","entry"],"_links":{"self":[{"href":"https:\/\/www.planete-sciences.org\/occitanie\/web\/wp-json\/wp\/v2\/pages\/32","targetHints":{"allow":["GET"]}}],"collection":[{"href":"https:\/\/www.planete-sciences.org\/occitanie\/web\/wp-json\/wp\/v2\/pages"}],"about":[{"href":"https:\/\/www.planete-sciences.org\/occitanie\/web\/wp-json\/wp\/v2\/types\/page"}],"author":[{"embeddable":true,"href":"https:\/\/www.planete-sciences.org\/occitanie\/web\/wp-json\/wp\/v2\/users\/1"}],"replies":[{"embeddable":true,"href":"https:\/\/www.planete-sciences.org\/occitanie\/web\/wp-json\/wp\/v2\/comments?post=32"}],"version-history":[{"count":55,"href":"https:\/\/www.planete-sciences.org\/occitanie\/web\/wp-json\/wp\/v2\/pages\/32\/revisions"}],"predecessor-version":[{"id":2261410,"href":"https:\/\/www.planete-sciences.org\/occitanie\/web\/wp-json\/wp\/v2\/pages\/32\/revisions\/2261410"}],"wp:attachment":[{"href":"https:\/\/www.planete-sciences.org\/occitanie\/web\/wp-json\/wp\/v2\/media?parent=32"}],"curies":[{"name":"wp","href":"https:\/\/api.w.org\/{rel}","templated":true}]}}