{"id":2257759,"date":"2024-07-02T12:14:08","date_gmt":"2024-07-02T10:14:08","guid":{"rendered":"https:\/\/www.planete-sciences.org\/occitanie\/web\/?page_id=2257759"},"modified":"2026-02-11T15:54:14","modified_gmt":"2026-02-11T14:54:14","slug":"coupe-de-robotique-junior-copy","status":"publish","type":"page","link":"https:\/\/www.planete-sciences.org\/occitanie\/web\/projets-scolaires-scientifiques\/coupe-de-robotique-junior-copy\/","title":{"rendered":"D\u00e9fis Marins d&rsquo;Eau Douce"},"content":{"rendered":"\t\t<div data-elementor-type=\"wp-page\" data-elementor-id=\"2257759\" class=\"elementor elementor-2257759\">\n\t\t\t\t\t\t<section class=\"elementor-section elementor-top-section elementor-element elementor-element-761a760 elementor-section-boxed elementor-section-height-default elementor-section-height-default\" data-id=\"761a760\" data-element_type=\"section\">\n\t\t\t\t\t\t<div class=\"elementor-container elementor-column-gap-default\">\n\t\t\t\t\t<div class=\"elementor-column elementor-col-100 elementor-top-column elementor-element elementor-element-68f3b92\" data-id=\"68f3b92\" data-element_type=\"column\">\n\t\t\t<div class=\"elementor-widget-wrap elementor-element-populated\">\n\t\t\t\t\t\t<div class=\"elementor-element elementor-element-782e682 elementor-widget elementor-widget-heading\" data-id=\"782e682\" data-element_type=\"widget\" data-widget_type=\"heading.default\">\n\t\t\t\t<div class=\"elementor-widget-container\">\n\t\t\t\t\t<h1 class=\"elementor-heading-title elementor-size-default\">D\u00e9fis Marins d'Eau Douce<\/h1>\t\t\t\t<\/div>\n\t\t\t\t<\/div>\n\t\t\t\t<div class=\"elementor-element elementor-element-2e945c8 elementor-widget elementor-widget-heading\" data-id=\"2e945c8\" data-element_type=\"widget\" data-widget_type=\"heading.default\">\n\t\t\t\t<div class=\"elementor-widget-container\">\n\t\t\t\t\t<p class=\"elementor-heading-title elementor-size-default\">Cycle 3 et 4<\/p>\t\t\t\t<\/div>\n\t\t\t\t<\/div>\n\t\t\t\t<div class=\"elementor-element elementor-element-242e366 elementor-widget elementor-widget-spacer\" data-id=\"242e366\" data-element_type=\"widget\" data-widget_type=\"spacer.default\">\n\t\t\t\t<div class=\"elementor-widget-container\">\n\t\t\t\t\t\t\t<div class=\"elementor-spacer\">\n\t\t\t<div class=\"elementor-spacer-inner\"><\/div>\n\t\t<\/div>\n\t\t\t\t\t\t<\/div>\n\t\t\t\t<\/div>\n\t\t\t\t\t<\/div>\n\t\t<\/div>\n\t\t\t\t\t<\/div>\n\t\t<\/section>\n\t\t\t\t<section class=\"elementor-section elementor-top-section elementor-element elementor-element-68aacff elementor-section-boxed elementor-section-height-default elementor-section-height-default\" data-id=\"68aacff\" data-element_type=\"section\">\n\t\t\t\t\t\t<div class=\"elementor-container elementor-column-gap-default\">\n\t\t\t\t\t<div class=\"elementor-column elementor-col-66 elementor-top-column elementor-element elementor-element-498b451\" data-id=\"498b451\" data-element_type=\"column\">\n\t\t\t<div class=\"elementor-widget-wrap elementor-element-populated\">\n\t\t\t\t\t\t<div class=\"elementor-element elementor-element-21f0b48 elementor-widget__width-initial elementor-widget elementor-widget-text-editor\" data-id=\"21f0b48\" data-element_type=\"widget\" data-widget_type=\"text-editor.default\">\n\t\t\t\t<div class=\"elementor-widget-container\">\n\t\t\t\t\t\t\t\t\t<p><span style=\"font-size: 14px; color: var( --e-global-color-text );\">A l\u2019initiative du Rectorat de l\u2019Acad\u00e9mie de Montpellier,\u00a0l\u2019<b>op\u00e9ration Marins d\u2019Eau Douce<\/b> est destin\u00e9e \u00e0 faire r\u00e9fl\u00e9chir les \u00e9l\u00e8ves du\u00a0BIMER aux activit\u00e9s marines et plus sp\u00e9cifiquement \u00e0 la construction de\u00a0bateaux. A la suite de la conception et de la r\u00e9alisation des projets\u00a0en petits groupes et selon un cahier des charges pr\u00e9cis, <b>une journ\u00e9e de rencontre est organis\u00e9e durant laquelle les \u00e9quipes s&rsquo;affrontent autour de 3 \u00e9preuves : transport de charge, flottabilit\u00e9, vitesse<\/b>.<\/span><\/p><h3 style=\"font-variant-ligatures: normal; font-variant-caps: normal; font-style: normal;\" data-elementor-setting-key=\"title\" data-pen-placeholder=\"\u00c9crivez ici...\">Le contenu du projet<\/h3><p><span style=\"font-family: Oxygen; font-size: 14px; font-style: normal; font-variant-ligatures: normal; font-variant-caps: normal; font-weight: 400;\">Les \u00e9l\u00e8ves devront<\/span><span style=\"font-family: Oxygen; font-size: 14px; font-style: normal; font-variant-ligatures: normal; font-variant-caps: normal;\"><b> concevoir<\/b><\/span><span style=\"font-family: Oxygen; font-size: 14px; font-style: normal; font-variant-ligatures: normal; font-variant-caps: normal; font-weight: 400;\"> et <\/span><span style=\"font-family: Oxygen; font-size: 14px; font-style: normal; font-variant-ligatures: normal; font-variant-caps: normal;\"><b>r\u00e9aliser<\/b><\/span><span style=\"font-family: Oxygen; font-size: 14px; font-style: normal; font-variant-ligatures: normal; font-variant-caps: normal; font-weight: 400;\"> les diff\u00e9rents \u00e9l\u00e9ments du bateau ainsi que son <\/span><span style=\"font-family: Oxygen; font-size: 14px; font-style: normal; font-variant-ligatures: normal; font-variant-caps: normal;\"><b>mode de propulsion<\/b><\/span><span style=\"font-family: Oxygen; font-size: 14px; font-style: normal; font-variant-ligatures: normal; font-variant-caps: normal; font-weight: 400;\"> (h\u00e9lice dans l\u2019eau ou a\u00e9roglisseur) pour \u00eatre \u00e0 m\u00eame de relever le d\u00e9fi.<\/span><\/p><p><span style=\"font-size: 14px; color: var( --e-global-color-text );\">Gr\u00e2ce aux conseils et aux rencontres en fin d\u2019ann\u00e9e, les \u00e9l\u00e8ves pourront <b>\u00e9changer entre eux mais aussi avec des ing\u00e9nieur.es et des scientifiques<\/b> passionn\u00e9.es par l\u2019enjeu du d\u00e9fi.\u00a0<\/span><\/p><p><span style=\"font-size: 14px; color: var( --e-global-color-text );\">Les \u00e9l\u00e8ves<b> appliquent et approfondissent les connaissances abord\u00e9es dans les programmes scolaires<\/b><\/span><span style=\"color: var( --e-global-color-text ); font-size: 8pt; line-height: 107%; font-family: Marianne;\"><b>.<\/b><\/span><\/p>\t\t\t\t\t\t\t\t<\/div>\n\t\t\t\t<\/div>\n\t\t\t\t\t<\/div>\n\t\t<\/div>\n\t\t\t\t<div class=\"elementor-column elementor-col-33 elementor-top-column elementor-element elementor-element-4c8c5e9\" data-id=\"4c8c5e9\" data-element_type=\"column\">\n\t\t\t<div class=\"elementor-widget-wrap elementor-element-populated\">\n\t\t\t\t\t\t<div class=\"elementor-element elementor-element-683a0bb elementor-widget elementor-widget-text-editor\" data-id=\"683a0bb\" data-element_type=\"widget\" data-widget_type=\"text-editor.default\">\n\t\t\t\t<div class=\"elementor-widget-container\">\n\t\t\t\t\t\t\t\t\t<h3>+ d&rsquo;infos sur les D\u00e9fis Marins d&rsquo;Eau Douce<\/h3><p>Contacter Sophie Vicente de Gouveia :<\/p><ul><li style=\"font-size: 14px;\"><a href=\"mailto:sophie.vicente-de-gouveia@planete-sciences.org\">sophie.vicente-de-gouveia@planete-sciences.org<\/a><\/li><li style=\"font-size: 14px;\">07 43 60 27 34 <strong>\/\/\u00a0<\/strong>05 61 73 10 22\u00a0<\/li><\/ul><div><b>Projet finan\u00e7able via Pass Culture pro.<\/b><\/div>\t\t\t\t\t\t\t\t<\/div>\n\t\t\t\t<\/div>\n\t\t\t\t\t<\/div>\n\t\t<\/div>\n\t\t\t\t\t<\/div>\n\t\t<\/section>\n\t\t\t\t<section class=\"elementor-section elementor-top-section elementor-element elementor-element-43a611a elementor-section-boxed elementor-section-height-default elementor-section-height-default\" data-id=\"43a611a\" data-element_type=\"section\">\n\t\t\t\t\t\t<div class=\"elementor-container elementor-column-gap-default\">\n\t\t\t\t\t<div class=\"elementor-column elementor-col-100 elementor-top-column elementor-element elementor-element-dcbf5b5\" data-id=\"dcbf5b5\" data-element_type=\"column\">\n\t\t\t<div class=\"elementor-widget-wrap elementor-element-populated\">\n\t\t\t\t\t\t<div class=\"elementor-element elementor-element-d721835 elementor-widget elementor-widget-heading\" data-id=\"d721835\" data-element_type=\"widget\" data-widget_type=\"heading.default\">\n\t\t\t\t<div class=\"elementor-widget-container\">\n\t\t\t\t\t<h3 class=\"elementor-heading-title elementor-size-default\">Petit aper\u00e7u d'un d\u00e9fi Marins d'Eau Douce<\/h3>\t\t\t\t<\/div>\n\t\t\t\t<\/div>\n\t\t\t\t<div class=\"elementor-element elementor-element-348c4d9 elementor-arrows-position-inside elementor-pagination-position-outside elementor-widget elementor-widget-image-carousel\" data-id=\"348c4d9\" data-element_type=\"widget\" data-settings=\"{&quot;slides_to_show&quot;:&quot;2&quot;,&quot;navigation&quot;:&quot;both&quot;,&quot;autoplay&quot;:&quot;yes&quot;,&quot;pause_on_hover&quot;:&quot;yes&quot;,&quot;pause_on_interaction&quot;:&quot;yes&quot;,&quot;autoplay_speed&quot;:5000,&quot;infinite&quot;:&quot;yes&quot;,&quot;speed&quot;:500}\" data-widget_type=\"image-carousel.default\">\n\t\t\t\t<div class=\"elementor-widget-container\">\n\t\t\t\t\t\t\t<div class=\"elementor-image-carousel-wrapper swiper\" role=\"region\" aria-roledescription=\"carousel\" aria-label=\"Carrousel d\u2019images\" dir=\"ltr\">\n\t\t\t<div class=\"elementor-image-carousel swiper-wrapper\" aria-live=\"off\">\n\t\t\t\t\t\t\t\t<div class=\"swiper-slide\" role=\"group\" aria-roledescription=\"slide\" aria-label=\"1 sur 5\"><a data-elementor-open-lightbox=\"yes\" data-elementor-lightbox-slideshow=\"348c4d9\" data-elementor-lightbox-title=\"20240613_092857\" data-e-action-hash=\"#elementor-action%3Aaction%3Dlightbox%26settings%3DeyJpZCI6MjI1Nzc2MCwidXJsIjoiaHR0cHM6XC9cL3d3dy5wbGFuZXRlLXNjaWVuY2VzLm9yZ1wvb2NjaXRhbmllXC93ZWJcL3dwLWNvbnRlbnRcL3VwbG9hZHNcLzIwMjRcLzA3XC8yMDI0MDYxM18wOTI4NTctc2NhbGVkLmpwZyIsInNsaWRlc2hvdyI6IjM0OGM0ZDkifQ%3D%3D\" href=\"https:\/\/www.planete-sciences.org\/occitanie\/web\/wp-content\/uploads\/2024\/07\/20240613_092857-scaled.jpg\"><figure class=\"swiper-slide-inner\"><img decoding=\"async\" class=\"swiper-slide-image\" src=\"https:\/\/www.planete-sciences.org\/occitanie\/web\/wp-content\/uploads\/2024\/07\/20240613_092857-scaled.jpg\" alt=\"20240613_092857\" \/><\/figure><\/a><\/div><div class=\"swiper-slide\" role=\"group\" aria-roledescription=\"slide\" aria-label=\"2 sur 5\"><a data-elementor-open-lightbox=\"yes\" data-elementor-lightbox-slideshow=\"348c4d9\" data-elementor-lightbox-title=\"198705987902111857\" data-e-action-hash=\"#elementor-action%3Aaction%3Dlightbox%26settings%3DeyJpZCI6MjI1Nzc2NiwidXJsIjoiaHR0cHM6XC9cL3d3dy5wbGFuZXRlLXNjaWVuY2VzLm9yZ1wvb2NjaXRhbmllXC93ZWJcL3dwLWNvbnRlbnRcL3VwbG9hZHNcLzIwMjRcLzA3XC8xOTg3MDU5ODc5MDIxMTE4NTcuanBnIiwic2xpZGVzaG93IjoiMzQ4YzRkOSJ9\" href=\"https:\/\/www.planete-sciences.org\/occitanie\/web\/wp-content\/uploads\/2024\/07\/198705987902111857.jpg\"><figure class=\"swiper-slide-inner\"><img decoding=\"async\" class=\"swiper-slide-image\" src=\"https:\/\/www.planete-sciences.org\/occitanie\/web\/wp-content\/uploads\/2024\/07\/198705987902111857.jpg\" alt=\"198705987902111857\" \/><\/figure><\/a><\/div><div class=\"swiper-slide\" role=\"group\" aria-roledescription=\"slide\" aria-label=\"3 sur 5\"><a data-elementor-open-lightbox=\"yes\" data-elementor-lightbox-slideshow=\"348c4d9\" data-elementor-lightbox-title=\"20240613_093106\" data-e-action-hash=\"#elementor-action%3Aaction%3Dlightbox%26settings%3DeyJpZCI6MjI1Nzc2MSwidXJsIjoiaHR0cHM6XC9cL3d3dy5wbGFuZXRlLXNjaWVuY2VzLm9yZ1wvb2NjaXRhbmllXC93ZWJcL3dwLWNvbnRlbnRcL3VwbG9hZHNcLzIwMjRcLzA3XC8yMDI0MDYxM18wOTMxMDYtc2NhbGVkLmpwZyIsInNsaWRlc2hvdyI6IjM0OGM0ZDkifQ%3D%3D\" href=\"https:\/\/www.planete-sciences.org\/occitanie\/web\/wp-content\/uploads\/2024\/07\/20240613_093106-scaled.jpg\"><figure class=\"swiper-slide-inner\"><img decoding=\"async\" class=\"swiper-slide-image\" src=\"https:\/\/www.planete-sciences.org\/occitanie\/web\/wp-content\/uploads\/2024\/07\/20240613_093106-scaled.jpg\" alt=\"20240613_093106\" \/><\/figure><\/a><\/div><div class=\"swiper-slide\" role=\"group\" aria-roledescription=\"slide\" aria-label=\"4 sur 5\"><a data-elementor-open-lightbox=\"yes\" data-elementor-lightbox-slideshow=\"348c4d9\" data-elementor-lightbox-title=\"20240613_102916\" data-e-action-hash=\"#elementor-action%3Aaction%3Dlightbox%26settings%3DeyJpZCI6MjI1Nzc2NCwidXJsIjoiaHR0cHM6XC9cL3d3dy5wbGFuZXRlLXNjaWVuY2VzLm9yZ1wvb2NjaXRhbmllXC93ZWJcL3dwLWNvbnRlbnRcL3VwbG9hZHNcLzIwMjRcLzA3XC8yMDI0MDYxM18xMDI5MTYtc2NhbGVkLmpwZyIsInNsaWRlc2hvdyI6IjM0OGM0ZDkifQ%3D%3D\" href=\"https:\/\/www.planete-sciences.org\/occitanie\/web\/wp-content\/uploads\/2024\/07\/20240613_102916-scaled.jpg\"><figure class=\"swiper-slide-inner\"><img decoding=\"async\" class=\"swiper-slide-image\" src=\"https:\/\/www.planete-sciences.org\/occitanie\/web\/wp-content\/uploads\/2024\/07\/20240613_102916-scaled.jpg\" alt=\"20240613_102916\" \/><\/figure><\/a><\/div><div class=\"swiper-slide\" role=\"group\" aria-roledescription=\"slide\" aria-label=\"5 sur 5\"><a data-elementor-open-lightbox=\"yes\" data-elementor-lightbox-slideshow=\"348c4d9\" data-elementor-lightbox-title=\"20240613_144112\" data-e-action-hash=\"#elementor-action%3Aaction%3Dlightbox%26settings%3DeyJpZCI6MjI1Nzc2NSwidXJsIjoiaHR0cHM6XC9cL3d3dy5wbGFuZXRlLXNjaWVuY2VzLm9yZ1wvb2NjaXRhbmllXC93ZWJcL3dwLWNvbnRlbnRcL3VwbG9hZHNcLzIwMjRcLzA3XC8yMDI0MDYxM18xNDQxMTItc2NhbGVkLmpwZyIsInNsaWRlc2hvdyI6IjM0OGM0ZDkifQ%3D%3D\" href=\"https:\/\/www.planete-sciences.org\/occitanie\/web\/wp-content\/uploads\/2024\/07\/20240613_144112-scaled.jpg\"><figure class=\"swiper-slide-inner\"><img decoding=\"async\" class=\"swiper-slide-image\" src=\"https:\/\/www.planete-sciences.org\/occitanie\/web\/wp-content\/uploads\/2024\/07\/20240613_144112-scaled.jpg\" alt=\"20240613_144112\" \/><\/figure><\/a><\/div>\t\t\t<\/div>\n\t\t\t\t\t\t\t\t\t\t\t\t<div class=\"elementor-swiper-button elementor-swiper-button-prev\" role=\"button\" tabindex=\"0\">\n\t\t\t\t\t\t<i aria-hidden=\"true\" class=\"eicon-chevron-left\"><\/i>\t\t\t\t\t<\/div>\n\t\t\t\t\t<div class=\"elementor-swiper-button elementor-swiper-button-next\" role=\"button\" tabindex=\"0\">\n\t\t\t\t\t\t<i aria-hidden=\"true\" class=\"eicon-chevron-right\"><\/i>\t\t\t\t\t<\/div>\n\t\t\t\t\n\t\t\t\t\t\t\t\t\t<div class=\"swiper-pagination\"><\/div>\n\t\t\t\t\t\t\t\t\t<\/div>\n\t\t\t\t\t\t<\/div>\n\t\t\t\t<\/div>\n\t\t\t\t<div class=\"elementor-element elementor-element-e075b0c elementor-widget elementor-widget-spacer\" data-id=\"e075b0c\" data-element_type=\"widget\" data-widget_type=\"spacer.default\">\n\t\t\t\t<div class=\"elementor-widget-container\">\n\t\t\t\t\t\t\t<div class=\"elementor-spacer\">\n\t\t\t<div class=\"elementor-spacer-inner\"><\/div>\n\t\t<\/div>\n\t\t\t\t\t\t<\/div>\n\t\t\t\t<\/div>\n\t\t\t\t\t<\/div>\n\t\t<\/div>\n\t\t\t\t\t<\/div>\n\t\t<\/section>\n\t\t\t\t<section class=\"elementor-section elementor-top-section elementor-element elementor-element-72b30d2 elementor-section-boxed elementor-section-height-default elementor-section-height-default\" data-id=\"72b30d2\" data-element_type=\"section\">\n\t\t\t\t\t\t<div class=\"elementor-container elementor-column-gap-default\">\n\t\t\t\t\t<div class=\"elementor-column elementor-col-100 elementor-top-column elementor-element elementor-element-96bb17f\" data-id=\"96bb17f\" data-element_type=\"column\">\n\t\t\t<div class=\"elementor-widget-wrap elementor-element-populated\">\n\t\t\t\t\t\t<div class=\"elementor-element elementor-element-3d09aec elementor-widget elementor-widget-spacer\" data-id=\"3d09aec\" data-element_type=\"widget\" data-widget_type=\"spacer.default\">\n\t\t\t\t<div class=\"elementor-widget-container\">\n\t\t\t\t\t\t\t<div class=\"elementor-spacer\">\n\t\t\t<div class=\"elementor-spacer-inner\"><\/div>\n\t\t<\/div>\n\t\t\t\t\t\t<\/div>\n\t\t\t\t<\/div>\n\t\t\t\t<div class=\"elementor-element elementor-element-a2d8c6c elementor-align-center elementor-widget elementor-widget-button\" data-id=\"a2d8c6c\" data-element_type=\"widget\" data-widget_type=\"button.default\">\n\t\t\t\t<div class=\"elementor-widget-container\">\n\t\t\t\t\t\t\t\t\t<div class=\"elementor-button-wrapper\">\n\t\t\t\t\t<a class=\"elementor-button elementor-button-link elementor-size-sm\" href=\"https:\/\/www.planete-sciences.org\/occitanie\/web\/projets-scolaires-scientifiques\/\">\n\t\t\t\t\t\t<span class=\"elementor-button-content-wrapper\">\n\t\t\t\t\t\t<span class=\"elementor-button-icon\">\n\t\t\t\t<i aria-hidden=\"true\" class=\"fas fa-plus\"><\/i>\t\t\t<\/span>\n\t\t\t\t\t\t\t\t\t<span class=\"elementor-button-text\">Tous les projets scolaires propos\u00e9s par Plan\u00e8te Sciences Occitanie<\/span>\n\t\t\t\t\t<\/span>\n\t\t\t\t\t<\/a>\n\t\t\t\t<\/div>\n\t\t\t\t\t\t\t\t<\/div>\n\t\t\t\t<\/div>\n\t\t\t\t\t<\/div>\n\t\t<\/div>\n\t\t\t\t\t<\/div>\n\t\t<\/section>\n\t\t\t\t<\/div>\n\t\t","protected":false},"excerpt":{"rendered":"<p>D\u00e9fis Marins d&rsquo;Eau Douce Cycle 3 et 4 A l\u2019initiative du Rectorat de l\u2019Acad\u00e9mie de Montpellier,\u00a0l\u2019op\u00e9ration Marins d\u2019Eau Douce est destin\u00e9e \u00e0 faire r\u00e9fl\u00e9chir les \u00e9l\u00e8ves du\u00a0BIMER aux activit\u00e9s marines et plus sp\u00e9cifiquement \u00e0 la construction de\u00a0bateaux. A la suite de la conception et de la r\u00e9alisation des projets\u00a0en petits groupes et selon un cahier [&hellip;]<\/p>\n","protected":false},"author":9,"featured_media":0,"parent":34,"menu_order":0,"comment_status":"closed","ping_status":"closed","template":"","meta":{"ocean_post_layout":"","ocean_both_sidebars_style":"","ocean_both_sidebars_content_width":0,"ocean_both_sidebars_sidebars_width":0,"ocean_sidebar":"","ocean_second_sidebar":"","ocean_disable_margins":"enable","ocean_add_body_class":"","ocean_shortcode_before_top_bar":"","ocean_shortcode_after_top_bar":"","ocean_shortcode_before_header":"","ocean_shortcode_after_header":"","ocean_has_shortcode":"","ocean_shortcode_after_title":"","ocean_shortcode_before_footer_widgets":"","ocean_shortcode_after_footer_widgets":"","ocean_shortcode_before_footer_bottom":"","ocean_shortcode_after_footer_bottom":"","ocean_display_top_bar":"default","ocean_display_header":"default","ocean_header_style":"","ocean_center_header_left_menu":"","ocean_custom_header_template":"","ocean_custom_logo":0,"ocean_custom_retina_logo":0,"ocean_custom_logo_max_width":0,"ocean_custom_logo_tablet_max_width":0,"ocean_custom_logo_mobile_max_width":0,"ocean_custom_logo_max_height":0,"ocean_custom_logo_tablet_max_height":0,"ocean_custom_logo_mobile_max_height":0,"ocean_header_custom_menu":"","ocean_menu_typo_font_family":"","ocean_menu_typo_font_subset":"","ocean_menu_typo_font_size":0,"ocean_menu_typo_font_size_tablet":0,"ocean_menu_typo_font_size_mobile":0,"ocean_menu_typo_font_size_unit":"px","ocean_menu_typo_font_weight":"","ocean_menu_typo_font_weight_tablet":"","ocean_menu_typo_font_weight_mobile":"","ocean_menu_typo_transform":"","ocean_menu_typo_transform_tablet":"","ocean_menu_typo_transform_mobile":"","ocean_menu_typo_line_height":0,"ocean_menu_typo_line_height_tablet":0,"ocean_menu_typo_line_height_mobile":0,"ocean_menu_typo_line_height_unit":"","ocean_menu_typo_spacing":0,"ocean_menu_typo_spacing_tablet":0,"ocean_menu_typo_spacing_mobile":0,"ocean_menu_typo_spacing_unit":"","ocean_menu_link_color":"","ocean_menu_link_color_hover":"","ocean_menu_link_color_active":"","ocean_menu_link_background":"","ocean_menu_link_hover_background":"","ocean_menu_link_active_background":"","ocean_menu_social_links_bg":"","ocean_menu_social_hover_links_bg":"","ocean_menu_social_links_color":"","ocean_menu_social_hover_links_color":"","ocean_disable_title":"default","ocean_disable_heading":"default","ocean_post_title":"","ocean_post_subheading":"","ocean_post_title_style":"","ocean_post_title_background_color":"","ocean_post_title_background":0,"ocean_post_title_bg_image_position":"","ocean_post_title_bg_image_attachment":"","ocean_post_title_bg_image_repeat":"","ocean_post_title_bg_image_size":"","ocean_post_title_height":0,"ocean_post_title_bg_overlay":0.5,"ocean_post_title_bg_overlay_color":"","ocean_disable_breadcrumbs":"default","ocean_breadcrumbs_color":"","ocean_breadcrumbs_separator_color":"","ocean_breadcrumbs_links_color":"","ocean_breadcrumbs_links_hover_color":"","ocean_display_footer_widgets":"default","ocean_display_footer_bottom":"default","ocean_custom_footer_template":"","_vp_format_video_url":"","_vp_image_focal_point":[],"footnotes":""},"class_list":["post-2257759","page","type-page","status-publish","hentry","entry"],"_links":{"self":[{"href":"https:\/\/www.planete-sciences.org\/occitanie\/web\/wp-json\/wp\/v2\/pages\/2257759","targetHints":{"allow":["GET"]}}],"collection":[{"href":"https:\/\/www.planete-sciences.org\/occitanie\/web\/wp-json\/wp\/v2\/pages"}],"about":[{"href":"https:\/\/www.planete-sciences.org\/occitanie\/web\/wp-json\/wp\/v2\/types\/page"}],"author":[{"embeddable":true,"href":"https:\/\/www.planete-sciences.org\/occitanie\/web\/wp-json\/wp\/v2\/users\/9"}],"replies":[{"embeddable":true,"href":"https:\/\/www.planete-sciences.org\/occitanie\/web\/wp-json\/wp\/v2\/comments?post=2257759"}],"version-history":[{"count":26,"href":"https:\/\/www.planete-sciences.org\/occitanie\/web\/wp-json\/wp\/v2\/pages\/2257759\/revisions"}],"predecessor-version":[{"id":2261263,"href":"https:\/\/www.planete-sciences.org\/occitanie\/web\/wp-json\/wp\/v2\/pages\/2257759\/revisions\/2261263"}],"up":[{"embeddable":true,"href":"https:\/\/www.planete-sciences.org\/occitanie\/web\/wp-json\/wp\/v2\/pages\/34"}],"wp:attachment":[{"href":"https:\/\/www.planete-sciences.org\/occitanie\/web\/wp-json\/wp\/v2\/media?parent=2257759"}],"curies":[{"name":"wp","href":"https:\/\/api.w.org\/{rel}","templated":true}]}}