{"id":2255852,"date":"2023-12-18T17:19:29","date_gmt":"2023-12-18T16:19:29","guid":{"rendered":"https:\/\/www.planete-sciences.org\/occitanie\/web\/?page_id=2255852"},"modified":"2024-06-24T16:59:12","modified_gmt":"2024-06-24T14:59:12","slug":"hydrogen-oc","status":"publish","type":"page","link":"https:\/\/www.planete-sciences.org\/occitanie\/web\/projets-scolaires-scientifiques\/hydrogen-oc\/","title":{"rendered":"Hydrogen&rsquo;Oc"},"content":{"rendered":"\t\t<div data-elementor-type=\"wp-page\" data-elementor-id=\"2255852\" class=\"elementor elementor-2255852\">\n\t\t\t\t\t\t<section class=\"elementor-section elementor-top-section elementor-element elementor-element-761a760 elementor-section-boxed elementor-section-height-default elementor-section-height-default\" data-id=\"761a760\" data-element_type=\"section\">\n\t\t\t\t\t\t<div class=\"elementor-container elementor-column-gap-default\">\n\t\t\t\t\t<div class=\"elementor-column elementor-col-100 elementor-top-column elementor-element elementor-element-68f3b92\" data-id=\"68f3b92\" data-element_type=\"column\">\n\t\t\t<div class=\"elementor-widget-wrap elementor-element-populated\">\n\t\t\t\t\t\t<div class=\"elementor-element elementor-element-782e682 elementor-widget elementor-widget-heading\" data-id=\"782e682\" data-element_type=\"widget\" data-widget_type=\"heading.default\">\n\t\t\t\t<div class=\"elementor-widget-container\">\n\t\t\t\t\t<h1 class=\"elementor-heading-title elementor-size-default\">Hydrogen'Oc, des activit\u00e9s scientifiques de sensibilisation \u00e0 l'hydrog\u00e8ne vert<\/h1>\t\t\t\t<\/div>\n\t\t\t\t<\/div>\n\t\t\t\t<div class=\"elementor-element elementor-element-2e945c8 elementor-widget elementor-widget-heading\" data-id=\"2e945c8\" data-element_type=\"widget\" data-widget_type=\"heading.default\">\n\t\t\t\t<div class=\"elementor-widget-container\">\n\t\t\t\t\t<p class=\"elementor-heading-title elementor-size-default\">3\u00e8me et lyc\u00e9e<\/p>\t\t\t\t<\/div>\n\t\t\t\t<\/div>\n\t\t\t\t<div class=\"elementor-element elementor-element-242e366 elementor-widget elementor-widget-spacer\" data-id=\"242e366\" data-element_type=\"widget\" data-widget_type=\"spacer.default\">\n\t\t\t\t<div class=\"elementor-widget-container\">\n\t\t\t\t\t\t\t<div class=\"elementor-spacer\">\n\t\t\t<div class=\"elementor-spacer-inner\"><\/div>\n\t\t<\/div>\n\t\t\t\t\t\t<\/div>\n\t\t\t\t<\/div>\n\t\t\t\t\t<\/div>\n\t\t<\/div>\n\t\t\t\t\t<\/div>\n\t\t<\/section>\n\t\t\t\t<section class=\"elementor-section elementor-top-section elementor-element elementor-element-68aacff elementor-section-boxed elementor-section-height-default elementor-section-height-default\" data-id=\"68aacff\" data-element_type=\"section\">\n\t\t\t\t\t\t<div class=\"elementor-container elementor-column-gap-default\">\n\t\t\t\t\t<div class=\"elementor-column elementor-col-66 elementor-top-column elementor-element elementor-element-498b451\" data-id=\"498b451\" data-element_type=\"column\">\n\t\t\t<div class=\"elementor-widget-wrap elementor-element-populated\">\n\t\t\t\t\t\t<div class=\"elementor-element elementor-element-21f0b48 elementor-widget elementor-widget-text-editor\" data-id=\"21f0b48\" data-element_type=\"widget\" data-widget_type=\"text-editor.default\">\n\t\t\t\t<div class=\"elementor-widget-container\">\n\t\t\t\t\t\t\t\t\t<p>Financ\u00e9e par la R\u00e9gion Occitanie \/ Pyr\u00e9n\u00e9es-M\u00e9diterran\u00e9e, <b>\u00ab Hydrog\u00e8n\u2019Oc \u00bb<\/b> est le nom donn\u00e9 \u00e0 la <b>tourn\u00e9e scolaire gratuite \u00e0 destination de la 3\u00e8me au lyc\u00e9e<\/b>. Elle propose un\u00a0ensemble d\u2019animations scientifiques en lien avec l\u2019hydrog\u00e8ne\u00a0vert associ\u00e9 aux \u00e9nergies renouvelables.<\/p><p>D\u2019o\u00f9 vient l\u2019hydrog\u00e8ne ? Pourquoi \u00ab vert \u00bb ? Comment le stocke-t-on ? L\u2019utilise-t-on d\u00e9j\u00e0 dans la r\u00e9gion ? Quels en sont les m\u00e9tiers ?\u2026 Autant de questions auxquelles nous r\u00e9pondons \u00e0 travers les diff\u00e9rentes animations propos\u00e9es dans le catalogue d\u2019activit\u00e9s ci-dessous.<\/p><h2>La tourn\u00e9e Hydrogen&rsquo;Oc, pourquoi ?<\/h2><ul><li>Sensibiliser et informer les citoyens sur les technologies de l\u2019hydrog\u00e8ne vert,<\/li><li>D\u00e9couvrir les applications et les m\u00e9tiers li\u00e9s \u00e0 cette technologie,<\/li><li>Pratiquer la d\u00e9marche scientifique,<\/li><li>Lever les id\u00e9es re\u00e7ues sur l\u2019hydrog\u00e8ne vert et anticiper de nouveaux usages.<\/li><\/ul><p>Cette op\u00e9ration permet de traiter de nombreuses discipline du programme de la 3\u00e8me et du lyc\u00e9e (enseignement g\u00e9n\u00e9ral et technologique\/professionnel), comme l&rsquo;enseignement scientifique, la physique-chimie. Les apprentissages traitent entre autre de\u00a0 :<\/p><ul><li>la constitution et des transformations de la mati\u00e8re,<\/li><li>l&rsquo;identification des esp\u00e8ces chimiques,<\/li><li>la mod\u00e9lisation d&rsquo;une transformation par un r\u00e9action chimique,<\/li><li>les r\u00e9actions d&rsquo;oxydo-r\u00e9duction,<\/li><li>des sciences du climat et de la soci\u00e9t\u00e9.<\/li><\/ul><p>Un projet en partenariat avec Instant Science, le C.I.S.T, la R\u00e9gion Occitanie et Plan\u00e8te Sciences Occitanie.<\/p>\t\t\t\t\t\t\t\t<\/div>\n\t\t\t\t<\/div>\n\t\t\t\t\t<\/div>\n\t\t<\/div>\n\t\t\t\t<div class=\"elementor-column elementor-col-33 elementor-top-column elementor-element elementor-element-4c8c5e9\" data-id=\"4c8c5e9\" data-element_type=\"column\">\n\t\t\t<div class=\"elementor-widget-wrap elementor-element-populated\">\n\t\t\t\t\t\t<div class=\"elementor-element elementor-element-683a0bb elementor-widget elementor-widget-text-editor\" data-id=\"683a0bb\" data-element_type=\"widget\" data-widget_type=\"text-editor.default\">\n\t\t\t\t<div class=\"elementor-widget-container\">\n\t\t\t\t\t\t\t\t\t<h3>+ d&rsquo;infos sur le projet\u00a0 Hydrogen&rsquo;Oc<\/h3><p>Contacter No\u00e9mie Lamoureux :<\/p><ul><li>07 67 32 13 20 \/\/ 05 61 73 10 22<\/li><li><a href=\"mailto:noemie.lamoureux@planete-sciences.org\">noemie.lamoureux@planete-sciences.org<\/a><\/li><\/ul>\t\t\t\t\t\t\t\t<\/div>\n\t\t\t\t<\/div>\n\t\t\t\t<div class=\"elementor-element elementor-element-2a2db83b elementor-align-center elementor-widget elementor-widget-button\" data-id=\"2a2db83b\" data-element_type=\"widget\" data-widget_type=\"button.default\">\n\t\t\t\t<div class=\"elementor-widget-container\">\n\t\t\t\t\t\t\t\t\t<div class=\"elementor-button-wrapper\">\n\t\t\t\t\t<a class=\"elementor-button elementor-button-link elementor-size-sm\" href=\"https:\/\/www.planete-sciences.org\/occitanie\/web\/wp-content\/uploads\/2023\/12\/Dossier-de-presentation-HydrogenOc_compressed.pdf\" target=\"_blank\">\n\t\t\t\t\t\t<span class=\"elementor-button-content-wrapper\">\n\t\t\t\t\t\t<span class=\"elementor-button-icon\">\n\t\t\t\t<i aria-hidden=\"true\" class=\"fas fa-arrow-down\"><\/i>\t\t\t<\/span>\n\t\t\t\t\t\t\t\t\t<span class=\"elementor-button-text\">Toutes les infos Hydrogen'Oc<\/span>\n\t\t\t\t\t<\/span>\n\t\t\t\t\t<\/a>\n\t\t\t\t<\/div>\n\t\t\t\t\t\t\t\t<\/div>\n\t\t\t\t<\/div>\n\t\t\t\t\t<\/div>\n\t\t<\/div>\n\t\t\t\t\t<\/div>\n\t\t<\/section>\n\t\t\t\t<section class=\"elementor-section elementor-top-section elementor-element elementor-element-43a611a elementor-section-boxed elementor-section-height-default elementor-section-height-default\" data-id=\"43a611a\" data-element_type=\"section\">\n\t\t\t\t\t\t<div class=\"elementor-container elementor-column-gap-default\">\n\t\t\t\t\t<div class=\"elementor-column elementor-col-100 elementor-top-column elementor-element elementor-element-dcbf5b5\" data-id=\"dcbf5b5\" data-element_type=\"column\">\n\t\t\t<div class=\"elementor-widget-wrap elementor-element-populated\">\n\t\t\t\t\t\t<div class=\"elementor-element elementor-element-3bab989 elementor-widget elementor-widget-spacer\" data-id=\"3bab989\" data-element_type=\"widget\" data-widget_type=\"spacer.default\">\n\t\t\t\t<div class=\"elementor-widget-container\">\n\t\t\t\t\t\t\t<div class=\"elementor-spacer\">\n\t\t\t<div class=\"elementor-spacer-inner\"><\/div>\n\t\t<\/div>\n\t\t\t\t\t\t<\/div>\n\t\t\t\t<\/div>\n\t\t\t\t<div class=\"elementor-element elementor-element-d721835 elementor-widget elementor-widget-heading\" data-id=\"d721835\" data-element_type=\"widget\" data-widget_type=\"heading.default\">\n\t\t\t\t<div class=\"elementor-widget-container\">\n\t\t\t\t\t<h3 class=\"elementor-heading-title elementor-size-default\">Petit aper\u00e7u du projet Hydrogen'Oc<\/h3>\t\t\t\t<\/div>\n\t\t\t\t<\/div>\n\t\t\t\t<div class=\"elementor-element elementor-element-348c4d9 elementor-arrows-position-inside elementor-pagination-position-outside elementor-widget elementor-widget-image-carousel\" data-id=\"348c4d9\" data-element_type=\"widget\" data-settings=\"{&quot;slides_to_show&quot;:&quot;2&quot;,&quot;navigation&quot;:&quot;both&quot;,&quot;autoplay&quot;:&quot;yes&quot;,&quot;pause_on_hover&quot;:&quot;yes&quot;,&quot;pause_on_interaction&quot;:&quot;yes&quot;,&quot;autoplay_speed&quot;:5000,&quot;infinite&quot;:&quot;yes&quot;,&quot;speed&quot;:500}\" data-widget_type=\"image-carousel.default\">\n\t\t\t\t<div class=\"elementor-widget-container\">\n\t\t\t\t\t\t\t<div class=\"elementor-image-carousel-wrapper swiper\" role=\"region\" aria-roledescription=\"carousel\" aria-label=\"Carrousel d\u2019images\" dir=\"ltr\">\n\t\t\t<div class=\"elementor-image-carousel swiper-wrapper\" aria-live=\"off\">\n\t\t\t\t\t\t\t\t<div class=\"swiper-slide\" role=\"group\" aria-roledescription=\"slide\" aria-label=\"1 sur 4\"><a data-elementor-open-lightbox=\"yes\" data-elementor-lightbox-slideshow=\"348c4d9\" data-elementor-lightbox-title=\"Hydrogen&#039;Oc\" data-e-action-hash=\"#elementor-action%3Aaction%3Dlightbox%26settings%3DeyJpZCI6MjI1NTgwNiwidXJsIjoiaHR0cHM6XC9cL3d3dy5wbGFuZXRlLXNjaWVuY2VzLm9yZ1wvb2NjaXRhbmllXC93ZWJcL3dwLWNvbnRlbnRcL3VwbG9hZHNcLzIwMjNcLzEyXC9tb250YWdlLWF2ZWMtdW4tZWxldmUtZTE3MDY1NDc1ODg3MjUucG5nIiwic2xpZGVzaG93IjoiMzQ4YzRkOSJ9\" href=\"https:\/\/www.planete-sciences.org\/occitanie\/web\/wp-content\/uploads\/2023\/12\/montage-avec-un-eleve-e1706547588725.png\"><figure class=\"swiper-slide-inner\"><img decoding=\"async\" class=\"swiper-slide-image\" src=\"https:\/\/www.planete-sciences.org\/occitanie\/web\/wp-content\/uploads\/2023\/12\/montage-avec-un-eleve-e1706547588725.png\" alt=\"Hydrogen&#039;Oc\" \/><\/figure><\/a><\/div><div class=\"swiper-slide\" role=\"group\" aria-roledescription=\"slide\" aria-label=\"2 sur 4\"><a data-elementor-open-lightbox=\"yes\" data-elementor-lightbox-slideshow=\"348c4d9\" data-elementor-lightbox-title=\"HydrogenOc_07\" data-e-action-hash=\"#elementor-action%3Aaction%3Dlightbox%26settings%3DeyJpZCI6MjI1NTg2MywidXJsIjoiaHR0cHM6XC9cL3d3dy5wbGFuZXRlLXNjaWVuY2VzLm9yZ1wvb2NjaXRhbmllXC93ZWJcL3dwLWNvbnRlbnRcL3VwbG9hZHNcLzIwMjNcLzEyXC9IeWRyb2dlbk9jXzA3LXNjYWxlZC1lMTcwNjU0NzU3MTM3OC5qcGciLCJzbGlkZXNob3ciOiIzNDhjNGQ5In0%3D\" href=\"https:\/\/www.planete-sciences.org\/occitanie\/web\/wp-content\/uploads\/2023\/12\/HydrogenOc_07-scaled-e1706547571378.jpg\"><figure class=\"swiper-slide-inner\"><img decoding=\"async\" class=\"swiper-slide-image\" src=\"https:\/\/www.planete-sciences.org\/occitanie\/web\/wp-content\/uploads\/2023\/12\/HydrogenOc_07-scaled-e1706547571378.jpg\" alt=\"HydrogenOc_07\" \/><\/figure><\/a><\/div><div class=\"swiper-slide\" role=\"group\" aria-roledescription=\"slide\" aria-label=\"3 sur 4\"><a data-elementor-open-lightbox=\"yes\" data-elementor-lightbox-slideshow=\"348c4d9\" data-elementor-lightbox-title=\"mini-v\u00e9hicule 2\" data-e-action-hash=\"#elementor-action%3Aaction%3Dlightbox%26settings%3DeyJpZCI6MjI1NTg1NSwidXJsIjoiaHR0cHM6XC9cL3d3dy5wbGFuZXRlLXNjaWVuY2VzLm9yZ1wvb2NjaXRhbmllXC93ZWJcL3dwLWNvbnRlbnRcL3VwbG9hZHNcLzIwMjNcLzEyXC9taW5pLXZlaGljdWxlLTItZTE3MDY1NDc1NDAxMjEucG5nIiwic2xpZGVzaG93IjoiMzQ4YzRkOSJ9\" href=\"https:\/\/www.planete-sciences.org\/occitanie\/web\/wp-content\/uploads\/2023\/12\/mini-vehicule-2-e1706547540121.png\"><figure class=\"swiper-slide-inner\"><img decoding=\"async\" class=\"swiper-slide-image\" src=\"https:\/\/www.planete-sciences.org\/occitanie\/web\/wp-content\/uploads\/2023\/12\/mini-vehicule-2-e1706547540121.png\" alt=\"mini-v\u00e9hicule 2\" \/><\/figure><\/a><\/div><div class=\"swiper-slide\" role=\"group\" aria-roledescription=\"slide\" aria-label=\"4 sur 4\"><a data-elementor-open-lightbox=\"yes\" data-elementor-lightbox-slideshow=\"348c4d9\" data-elementor-lightbox-title=\"mini-v\u00e9hicule 3\" data-e-action-hash=\"#elementor-action%3Aaction%3Dlightbox%26settings%3DeyJpZCI6MjI1NTg1NiwidXJsIjoiaHR0cHM6XC9cL3d3dy5wbGFuZXRlLXNjaWVuY2VzLm9yZ1wvb2NjaXRhbmllXC93ZWJcL3dwLWNvbnRlbnRcL3VwbG9hZHNcLzIwMjNcLzEyXC9taW5pLXZlaGljdWxlLTMucG5nIiwic2xpZGVzaG93IjoiMzQ4YzRkOSJ9\" href=\"https:\/\/www.planete-sciences.org\/occitanie\/web\/wp-content\/uploads\/2023\/12\/mini-vehicule-3.png\"><figure class=\"swiper-slide-inner\"><img decoding=\"async\" class=\"swiper-slide-image\" src=\"https:\/\/www.planete-sciences.org\/occitanie\/web\/wp-content\/uploads\/2023\/12\/mini-vehicule-3.png\" alt=\"mini-v\u00e9hicule 3\" \/><\/figure><\/a><\/div>\t\t\t<\/div>\n\t\t\t\t\t\t\t\t\t\t\t\t<div class=\"elementor-swiper-button elementor-swiper-button-prev\" role=\"button\" tabindex=\"0\">\n\t\t\t\t\t\t<i aria-hidden=\"true\" class=\"eicon-chevron-left\"><\/i>\t\t\t\t\t<\/div>\n\t\t\t\t\t<div class=\"elementor-swiper-button elementor-swiper-button-next\" role=\"button\" tabindex=\"0\">\n\t\t\t\t\t\t<i aria-hidden=\"true\" class=\"eicon-chevron-right\"><\/i>\t\t\t\t\t<\/div>\n\t\t\t\t\n\t\t\t\t\t\t\t\t\t<div class=\"swiper-pagination\"><\/div>\n\t\t\t\t\t\t\t\t\t<\/div>\n\t\t\t\t\t\t<\/div>\n\t\t\t\t<\/div>\n\t\t\t\t<div class=\"elementor-element elementor-element-e075b0c elementor-widget elementor-widget-spacer\" data-id=\"e075b0c\" data-element_type=\"widget\" data-widget_type=\"spacer.default\">\n\t\t\t\t<div class=\"elementor-widget-container\">\n\t\t\t\t\t\t\t<div class=\"elementor-spacer\">\n\t\t\t<div class=\"elementor-spacer-inner\"><\/div>\n\t\t<\/div>\n\t\t\t\t\t\t<\/div>\n\t\t\t\t<\/div>\n\t\t\t\t\t<\/div>\n\t\t<\/div>\n\t\t\t\t\t<\/div>\n\t\t<\/section>\n\t\t\t\t<section class=\"elementor-section elementor-top-section elementor-element elementor-element-72b30d2 elementor-section-boxed elementor-section-height-default elementor-section-height-default\" data-id=\"72b30d2\" data-element_type=\"section\">\n\t\t\t\t\t\t<div class=\"elementor-container elementor-column-gap-default\">\n\t\t\t\t\t<div class=\"elementor-column elementor-col-100 elementor-top-column elementor-element elementor-element-96bb17f\" data-id=\"96bb17f\" data-element_type=\"column\">\n\t\t\t<div class=\"elementor-widget-wrap elementor-element-populated\">\n\t\t\t\t\t\t<div class=\"elementor-element elementor-element-3d09aec elementor-widget elementor-widget-spacer\" data-id=\"3d09aec\" data-element_type=\"widget\" data-widget_type=\"spacer.default\">\n\t\t\t\t<div class=\"elementor-widget-container\">\n\t\t\t\t\t\t\t<div class=\"elementor-spacer\">\n\t\t\t<div class=\"elementor-spacer-inner\"><\/div>\n\t\t<\/div>\n\t\t\t\t\t\t<\/div>\n\t\t\t\t<\/div>\n\t\t\t\t<div class=\"elementor-element elementor-element-a2d8c6c elementor-align-center elementor-widget elementor-widget-button\" data-id=\"a2d8c6c\" data-element_type=\"widget\" data-widget_type=\"button.default\">\n\t\t\t\t<div class=\"elementor-widget-container\">\n\t\t\t\t\t\t\t\t\t<div class=\"elementor-button-wrapper\">\n\t\t\t\t\t<a class=\"elementor-button elementor-button-link elementor-size-sm\" href=\"https:\/\/www.planete-sciences.org\/occitanie\/web\/projets-scolaires\/\">\n\t\t\t\t\t\t<span class=\"elementor-button-content-wrapper\">\n\t\t\t\t\t\t<span class=\"elementor-button-icon\">\n\t\t\t\t<i aria-hidden=\"true\" class=\"fas fa-plus\"><\/i>\t\t\t<\/span>\n\t\t\t\t\t\t\t\t\t<span class=\"elementor-button-text\">Tous les projets scolaires propos\u00e9s par Plan\u00e8te Sciences Occitanie<\/span>\n\t\t\t\t\t<\/span>\n\t\t\t\t\t<\/a>\n\t\t\t\t<\/div>\n\t\t\t\t\t\t\t\t<\/div>\n\t\t\t\t<\/div>\n\t\t\t\t\t<\/div>\n\t\t<\/div>\n\t\t\t\t\t<\/div>\n\t\t<\/section>\n\t\t\t\t<section class=\"elementor-section elementor-top-section elementor-element elementor-element-39cbbe53 elementor-section-boxed elementor-section-height-default elementor-section-height-default\" data-id=\"39cbbe53\" data-element_type=\"section\">\n\t\t\t\t\t\t<div class=\"elementor-container elementor-column-gap-default\">\n\t\t\t\t\t<div class=\"elementor-column elementor-col-100 elementor-top-column elementor-element elementor-element-4be656a7\" data-id=\"4be656a7\" data-element_type=\"column\">\n\t\t\t<div class=\"elementor-widget-wrap elementor-element-populated\">\n\t\t\t\t\t\t<div class=\"elementor-element elementor-element-3426d913 elementor-widget elementor-widget-spacer\" data-id=\"3426d913\" data-element_type=\"widget\" data-widget_type=\"spacer.default\">\n\t\t\t\t<div class=\"elementor-widget-container\">\n\t\t\t\t\t\t\t<div class=\"elementor-spacer\">\n\t\t\t<div class=\"elementor-spacer-inner\"><\/div>\n\t\t<\/div>\n\t\t\t\t\t\t<\/div>\n\t\t\t\t<\/div>\n\t\t\t\t\t<\/div>\n\t\t<\/div>\n\t\t\t\t\t<\/div>\n\t\t<\/section>\n\t\t\t\t<\/div>\n\t\t","protected":false},"excerpt":{"rendered":"<p>Hydrogen&rsquo;Oc, des activit\u00e9s scientifiques de sensibilisation \u00e0 l&rsquo;hydrog\u00e8ne vert 3\u00e8me et lyc\u00e9e Financ\u00e9e par la R\u00e9gion Occitanie \/ Pyr\u00e9n\u00e9es-M\u00e9diterran\u00e9e, \u00ab Hydrog\u00e8n\u2019Oc \u00bb est le nom donn\u00e9 \u00e0 la tourn\u00e9e scolaire gratuite \u00e0 destination de la 3\u00e8me au lyc\u00e9e. Elle propose un\u00a0ensemble d\u2019animations scientifiques en lien avec l\u2019hydrog\u00e8ne\u00a0vert associ\u00e9 aux \u00e9nergies renouvelables. D\u2019o\u00f9 vient l\u2019hydrog\u00e8ne ? [&hellip;]<\/p>\n","protected":false},"author":9,"featured_media":0,"parent":34,"menu_order":0,"comment_status":"closed","ping_status":"closed","template":"","meta":{"ocean_post_layout":"","ocean_both_sidebars_style":"","ocean_both_sidebars_content_width":0,"ocean_both_sidebars_sidebars_width":0,"ocean_sidebar":"","ocean_second_sidebar":"","ocean_disable_margins":"enable","ocean_add_body_class":"","ocean_shortcode_before_top_bar":"","ocean_shortcode_after_top_bar":"","ocean_shortcode_before_header":"","ocean_shortcode_after_header":"","ocean_has_shortcode":"","ocean_shortcode_after_title":"","ocean_shortcode_before_footer_widgets":"","ocean_shortcode_after_footer_widgets":"","ocean_shortcode_before_footer_bottom":"","ocean_shortcode_after_footer_bottom":"","ocean_display_top_bar":"default","ocean_display_header":"default","ocean_header_style":"","ocean_center_header_left_menu":"","ocean_custom_header_template":"","ocean_custom_logo":0,"ocean_custom_retina_logo":0,"ocean_custom_logo_max_width":0,"ocean_custom_logo_tablet_max_width":0,"ocean_custom_logo_mobile_max_width":0,"ocean_custom_logo_max_height":0,"ocean_custom_logo_tablet_max_height":0,"ocean_custom_logo_mobile_max_height":0,"ocean_header_custom_menu":"","ocean_menu_typo_font_family":"","ocean_menu_typo_font_subset":"","ocean_menu_typo_font_size":0,"ocean_menu_typo_font_size_tablet":0,"ocean_menu_typo_font_size_mobile":0,"ocean_menu_typo_font_size_unit":"px","ocean_menu_typo_font_weight":"","ocean_menu_typo_font_weight_tablet":"","ocean_menu_typo_font_weight_mobile":"","ocean_menu_typo_transform":"","ocean_menu_typo_transform_tablet":"","ocean_menu_typo_transform_mobile":"","ocean_menu_typo_line_height":0,"ocean_menu_typo_line_height_tablet":0,"ocean_menu_typo_line_height_mobile":0,"ocean_menu_typo_line_height_unit":"","ocean_menu_typo_spacing":0,"ocean_menu_typo_spacing_tablet":0,"ocean_menu_typo_spacing_mobile":0,"ocean_menu_typo_spacing_unit":"","ocean_menu_link_color":"","ocean_menu_link_color_hover":"","ocean_menu_link_color_active":"","ocean_menu_link_background":"","ocean_menu_link_hover_background":"","ocean_menu_link_active_background":"","ocean_menu_social_links_bg":"","ocean_menu_social_hover_links_bg":"","ocean_menu_social_links_color":"","ocean_menu_social_hover_links_color":"","ocean_disable_title":"default","ocean_disable_heading":"default","ocean_post_title":"","ocean_post_subheading":"","ocean_post_title_style":"","ocean_post_title_background_color":"","ocean_post_title_background":0,"ocean_post_title_bg_image_position":"","ocean_post_title_bg_image_attachment":"","ocean_post_title_bg_image_repeat":"","ocean_post_title_bg_image_size":"","ocean_post_title_height":0,"ocean_post_title_bg_overlay":0.5,"ocean_post_title_bg_overlay_color":"","ocean_disable_breadcrumbs":"default","ocean_breadcrumbs_color":"","ocean_breadcrumbs_separator_color":"","ocean_breadcrumbs_links_color":"","ocean_breadcrumbs_links_hover_color":"","ocean_display_footer_widgets":"default","ocean_display_footer_bottom":"default","ocean_custom_footer_template":"","_vp_format_video_url":"","_vp_image_focal_point":[],"footnotes":""},"class_list":["post-2255852","page","type-page","status-publish","hentry","entry"],"_links":{"self":[{"href":"https:\/\/www.planete-sciences.org\/occitanie\/web\/wp-json\/wp\/v2\/pages\/2255852","targetHints":{"allow":["GET"]}}],"collection":[{"href":"https:\/\/www.planete-sciences.org\/occitanie\/web\/wp-json\/wp\/v2\/pages"}],"about":[{"href":"https:\/\/www.planete-sciences.org\/occitanie\/web\/wp-json\/wp\/v2\/types\/page"}],"author":[{"embeddable":true,"href":"https:\/\/www.planete-sciences.org\/occitanie\/web\/wp-json\/wp\/v2\/users\/9"}],"replies":[{"embeddable":true,"href":"https:\/\/www.planete-sciences.org\/occitanie\/web\/wp-json\/wp\/v2\/comments?post=2255852"}],"version-history":[{"count":31,"href":"https:\/\/www.planete-sciences.org\/occitanie\/web\/wp-json\/wp\/v2\/pages\/2255852\/revisions"}],"predecessor-version":[{"id":2257749,"href":"https:\/\/www.planete-sciences.org\/occitanie\/web\/wp-json\/wp\/v2\/pages\/2255852\/revisions\/2257749"}],"up":[{"embeddable":true,"href":"https:\/\/www.planete-sciences.org\/occitanie\/web\/wp-json\/wp\/v2\/pages\/34"}],"wp:attachment":[{"href":"https:\/\/www.planete-sciences.org\/occitanie\/web\/wp-json\/wp\/v2\/media?parent=2255852"}],"curies":[{"name":"wp","href":"https:\/\/api.w.org\/{rel}","templated":true}]}}