{"id":2255404,"date":"2023-07-19T14:04:47","date_gmt":"2023-07-19T12:04:47","guid":{"rendered":"https:\/\/www.planete-sciences.org\/occitanie\/web\/?page_id=2255404"},"modified":"2024-01-31T11:39:50","modified_gmt":"2024-01-31T10:39:50","slug":"charte-qualite-sejours-scientifiques","status":"publish","type":"page","link":"https:\/\/www.planete-sciences.org\/occitanie\/web\/stages-sejours-scientifiques\/sejours-scientifiques\/charte-qualite-sejours-scientifiques\/","title":{"rendered":"Charte qualit\u00e9 des s\u00e9jours scientifiques"},"content":{"rendered":"\t\t<div data-elementor-type=\"wp-page\" data-elementor-id=\"2255404\" class=\"elementor elementor-2255404\">\n\t\t\t\t\t\t<section class=\"elementor-section elementor-top-section elementor-element elementor-element-5a9a3c9 elementor-section-boxed elementor-section-height-default elementor-section-height-default\" data-id=\"5a9a3c9\" data-element_type=\"section\">\n\t\t\t\t\t\t<div class=\"elementor-container elementor-column-gap-default\">\n\t\t\t\t\t<div class=\"elementor-column elementor-col-100 elementor-top-column elementor-element elementor-element-34a8ba3\" data-id=\"34a8ba3\" data-element_type=\"column\">\n\t\t\t<div class=\"elementor-widget-wrap elementor-element-populated\">\n\t\t\t\t\t\t<div class=\"elementor-element elementor-element-82cbd5d elementor-widget elementor-widget-heading\" data-id=\"82cbd5d\" data-element_type=\"widget\" data-widget_type=\"heading.default\">\n\t\t\t\t<div class=\"elementor-widget-container\">\n\t\t\t\t\t<h1 class=\"elementor-heading-title elementor-size-default\">Charte qualit\u00e9 s\u00e9jours scientifiques<\/h1>\t\t\t\t<\/div>\n\t\t\t\t<\/div>\n\t\t\t\t<div class=\"elementor-element elementor-element-3b97ff4 elementor-widget elementor-widget-heading\" data-id=\"3b97ff4\" data-element_type=\"widget\" data-widget_type=\"heading.default\">\n\t\t\t\t<div class=\"elementor-widget-container\">\n\t\t\t\t\t<h2 class=\"elementor-heading-title elementor-size-default\"> Plan\u00e8te Sciences Occitanie met en place une d\u00e9marche de recherche de qualit\u00e9 optimale<\/h2>\t\t\t\t<\/div>\n\t\t\t\t<\/div>\n\t\t\t\t<div class=\"elementor-element elementor-element-f94a920 elementor-widget elementor-widget-text-editor\" data-id=\"f94a920\" data-element_type=\"widget\" data-widget_type=\"text-editor.default\">\n\t\t\t\t<div class=\"elementor-widget-container\">\n\t\t\t\t\t\t\t\t\t<p>Les<strong> engagements qualit\u00e9 de Plan\u00e8te Sciences<\/strong> font l\u2019objet d\u2019un\u00a0<strong>Charte qualit\u00e9 s\u00e9jours scientifiques. <\/strong>Elle d\u00e9crit nos engagements qualit\u00e9 g\u00e9n\u00e9raux et nos engagements particuliers vis \u00e0 vis des b\u00e9n\u00e9ficiaires de nos s\u00e9jours de vacances (encadrement, dur\u00e9e, rythmes, locaux).<br \/>Cette charte qualit\u00e9 formalise l\u2019ensemble des responsabilit\u00e9s des structures ou des personnes charg\u00e9es de l\u2019organisation des s\u00e9jours, \u00e0 toutes les \u00e9tapes.\u00a0<\/p>\t\t\t\t\t\t\t\t<\/div>\n\t\t\t\t<\/div>\n\t\t\t\t<div class=\"elementor-element elementor-element-5b5ed88 elementor-widget elementor-widget-heading\" data-id=\"5b5ed88\" data-element_type=\"widget\" data-widget_type=\"heading.default\">\n\t\t\t\t<div class=\"elementor-widget-container\">\n\t\t\t\t\t<h2 class=\"elementor-heading-title elementor-size-default\">Principaux engagements sp\u00e9cifiques de la charte qualit\u00e9 s\u00e9jours  scientifiques de vacances<\/h2>\t\t\t\t<\/div>\n\t\t\t\t<\/div>\n\t\t\t\t<div class=\"elementor-element elementor-element-ce18e55 elementor-widget elementor-widget-text-editor\" data-id=\"ce18e55\" data-element_type=\"widget\" data-widget_type=\"text-editor.default\">\n\t\t\t\t<div class=\"elementor-widget-container\">\n\t\t\t\t\t\t\t\t\t<h3>Assurer la s\u00e9curit\u00e9 et le bien-\u00eatre des enfants<\/h3><p>Notre premier engagement est d\u2019assurer la s\u00e9curit\u00e9 (physique, morale et affective) des participants \u00e0 nos s\u00e9jours.\u00a0Cet engagement commence d\u00e8s la prise en charge de l\u2019enfant et se poursuit jusqu\u2019\u00e0 ce qu\u2019il soit remis \u00e0 sa famille. Cette responsabilit\u00e9 s\u2019exerce 24 heures sur 24, 7 jours sur 7, \u00e0 l\u2019image du r\u00f4le des parents.\u00a0Les pratiques techniques que nous proposons garantissent la s\u00e9curit\u00e9 de tous. Nous appliquons, et nous renfor\u00e7ons les r\u00e8gles d\u00e9finies par le Minist\u00e8re de la Jeunesse et des sports.<\/p><h3>Proposer des vacances agr\u00e9ables et \u00e9panouissantes pour d\u00e9couvrir et pratiquer les sciences et techniques<\/h3><p><strong>Nous proposons la d\u00e9couverte des sciences par l\u2019exp\u00e9rience,<\/strong>\u00a0dans le cadre d\u2019une p\u00e9dagogie de projet.\u00a0Nous voulons que, par cette d\u00e9marche active, les jeunes vivent les sciences et techniques comme les ing\u00e9nieurs et les chercheurs. Passionn\u00e9s et motiv\u00e9s par leur projet, ils vont tout tenter pour le mener \u00e0 bien. Notre d\u00e9marche s\u2019appuie avant tout sur la\u00a0<strong>pratique exp\u00e9rimentale des sciences<\/strong>\u00a0et\u00a0<strong>la r\u00e9alisation de projets scientifiques ou techniques en \u00e9quipe.<\/strong><\/p><p>Plan\u00e8te Sciences garantit\u00a0<strong>un rythme adapt\u00e9<\/strong>\u00a0des activit\u00e9s, la\u00a0<strong>diversit\u00e9<\/strong>\u00a0et\u00a0<strong>vari\u00e9t\u00e9 des activit\u00e9s<\/strong>\u00a0propos\u00e9es.<br \/>Le programme de chaque s\u00e9jour met en oeuvre les objectifs g\u00e9n\u00e9raux de Plan\u00e8te Sciences, tels qu\u2019ils sont d\u00e9finis dans notre projet \u00e9ducatif et \u00e0 l\u2019article 2 des statuts de Plan\u00e8te Sciences.<\/p><p><strong>Les principales valeurs cl\u00e9s sont :<\/strong><\/p><ul><li>pratique des sciences et techniques,<\/li><li>d\u00e9marche exp\u00e9rimentale,<\/li><li>projets en \u00e9quipes,<\/li><li>\u00e9ducation populaire,<\/li><li>citoyennet\u00e9,<\/li><li>autonomie<\/li><li>et confiance individuelle.<\/li><\/ul><h3>Mettre en place un encadrement et des moyens adapt\u00e9s dans un environnement de qualit\u00e9<\/h3><ul><li>Un <strong>taux d\u2019encadrement d\u2019un animateur pour sept enfants<\/strong> sur nos s\u00e9jours de vacances et sur\u00a0notre centre de loisirs, sup\u00e9rieur aux obligations l\u00e9gales, avec une formation de nos animateurs adapt\u00e9e aux activit\u00e9s propos\u00e9es (formation scientifique, BAFA, agr\u00e9ments microfus\u00e9es, AFPS, etc.)<\/li><li>Du mat\u00e9riel de qualit\u00e9 adapt\u00e9 \u00e0 l\u2019\u00e2ge et aux projets des enfants.<\/li><li>Des implantations s\u00e9lectionn\u00e9es pour leur confort int\u00e9rieur et un environnement agr\u00e9able.<\/li><\/ul><h3>Assurer le lien avec les familles<\/h3><p>C\u2019est un \u00e9l\u00e9ment essentiel de la qualit\u00e9 de nos s\u00e9jours, avant, pendant, apr\u00e8s.\u00a0Les actions mise en place pour assurer ce lien.<br \/><strong>Plan\u00e8te Sciences et les \u00e9quipes d\u2019encadrement s\u2019engagent \u00e0 assurer le lien avec les enfants et leurs familles.\u00a0<\/strong>Ce lien est assur\u00e9 pendant les s\u00e9jours par l\u2019\u00e9quipe d\u2019encadrement. Plan\u00e8te Sciences met \u00e9galement en place un dispositif de communication avec les familles.<\/p><h3>De multiples moyens mis en place :<\/h3><ul><li>Des r\u00e9unions d\u2019information et de pr\u00e9sentation des s\u00e9jours de vacances.<\/li><li>Des outils d\u2019informations et de communication avec les familles.\u00a0Courriers, messagerie vocale, courrier \u00e9lectronique ou m\u00eame site internet mis \u00e0 jour par les participants et les \u00e9quipes d\u2019animations.<\/li><li>Journ\u00e9es de bilan et d\u2019exposition des projets r\u00e9alis\u00e9s pendant les s\u00e9jours<span style=\"color: #00ff00;\">.<\/span><\/li><\/ul>\t\t\t\t\t\t\t\t<\/div>\n\t\t\t\t<\/div>\n\t\t\t\t<div class=\"elementor-element elementor-element-d7222c2 elementor-widget elementor-widget-image\" data-id=\"d7222c2\" data-element_type=\"widget\" data-widget_type=\"image.default\">\n\t\t\t\t<div class=\"elementor-widget-container\">\n\t\t\t\t\t\t\t\t\t\t\t\t\t\t\t<img fetchpriority=\"high\" decoding=\"async\" width=\"900\" height=\"539\" src=\"https:\/\/www.planete-sciences.org\/occitanie\/web\/wp-content\/uploads\/2023\/08\/charte-qualite-sejours-scientifiques.jpg\" class=\"attachment-large size-large wp-image-2255710\" alt=\"Charte qualit\u00e9 s\u00e9jours scientifiques\" srcset=\"https:\/\/www.planete-sciences.org\/occitanie\/web\/wp-content\/uploads\/2023\/08\/charte-qualite-sejours-scientifiques.jpg 900w, https:\/\/www.planete-sciences.org\/occitanie\/web\/wp-content\/uploads\/2023\/08\/charte-qualite-sejours-scientifiques-300x180.jpg 300w, https:\/\/www.planete-sciences.org\/occitanie\/web\/wp-content\/uploads\/2023\/08\/charte-qualite-sejours-scientifiques-768x460.jpg 768w, https:\/\/www.planete-sciences.org\/occitanie\/web\/wp-content\/uploads\/2023\/08\/charte-qualite-sejours-scientifiques-500x299.jpg 500w, https:\/\/www.planete-sciences.org\/occitanie\/web\/wp-content\/uploads\/2023\/08\/charte-qualite-sejours-scientifiques-800x479.jpg 800w\" sizes=\"(max-width: 900px) 100vw, 900px\" \/>\t\t\t\t\t\t\t\t\t\t\t\t\t\t\t<\/div>\n\t\t\t\t<\/div>\n\t\t\t\t<div class=\"elementor-element elementor-element-14bf05a elementor-widget elementor-widget-heading\" data-id=\"14bf05a\" data-element_type=\"widget\" data-widget_type=\"heading.default\">\n\t\t\t\t<div class=\"elementor-widget-container\">\n\t\t\t\t\t<h2 class=\"elementor-heading-title elementor-size-default\">Les agr\u00e9ments de Plan\u00e8te Sciences<\/h2>\t\t\t\t<\/div>\n\t\t\t\t<\/div>\n\t\t\t\t<div class=\"elementor-element elementor-element-b912e2f elementor-widget elementor-widget-text-editor\" data-id=\"b912e2f\" data-element_type=\"widget\" data-widget_type=\"text-editor.default\">\n\t\t\t\t<div class=\"elementor-widget-container\">\n\t\t\t\t\t\t\t\t\t<p><strong>Agr\u00e9ment \u00ab \u00c9ducation populaire \u00bb<\/strong> attribu\u00e9 par le Minist\u00e8re de la Jeunesse (depuis 1967)<\/p><p><strong>Agr\u00e9ment \u00ab \u00c9ducation Nationale \u00bb<\/strong> attribu\u00e9 par le Minist\u00e8re de l\u2019\u00c9ducation (depuis 1990)<\/p><p><strong>Habilitation \u00e0 dispenser des formations BAFA<\/strong> attribu\u00e9es par le Minist\u00e8re de la Jeunesse (depuis 2003)<\/p><p>Num\u00e9ro de formation professionnelle : 11752982175.<\/p><p>Depuis 1963, Plan\u00e8te Sciences b\u00e9n\u00e9ficie du <strong>partenariat et de l\u2019agr\u00e9ment du CNES<\/strong> pour les actions spatiales destin\u00e9es aux jeunes.<\/p>\t\t\t\t\t\t\t\t<\/div>\n\t\t\t\t<\/div>\n\t\t\t\t<div class=\"elementor-element elementor-element-6db1798 elementor-widget elementor-widget-spacer\" data-id=\"6db1798\" data-element_type=\"widget\" data-widget_type=\"spacer.default\">\n\t\t\t\t<div class=\"elementor-widget-container\">\n\t\t\t\t\t\t\t<div class=\"elementor-spacer\">\n\t\t\t<div class=\"elementor-spacer-inner\"><\/div>\n\t\t<\/div>\n\t\t\t\t\t\t<\/div>\n\t\t\t\t<\/div>\n\t\t\t\t<div class=\"elementor-element elementor-element-e9c002b elementor-align-center elementor-widget elementor-widget-button\" data-id=\"e9c002b\" data-element_type=\"widget\" data-widget_type=\"button.default\">\n\t\t\t\t<div class=\"elementor-widget-container\">\n\t\t\t\t\t\t\t\t\t<div class=\"elementor-button-wrapper\">\n\t\t\t\t\t<a class=\"elementor-button elementor-button-link elementor-size-sm\" href=\"https:\/\/www.planete-sciences.org\/occitanie\/web\/stages-sejours-scientifiques\/sejours-scientifiques\/\">\n\t\t\t\t\t\t<span class=\"elementor-button-content-wrapper\">\n\t\t\t\t\t\t<span class=\"elementor-button-icon\">\n\t\t\t\t<i aria-hidden=\"true\" class=\"fas fa-plus\"><\/i>\t\t\t<\/span>\n\t\t\t\t\t\t\t\t\t<span class=\"elementor-button-text\">Tous les s\u00e9jours scientifiques de Plan\u00e8te Sciences Occitanie<\/span>\n\t\t\t\t\t<\/span>\n\t\t\t\t\t<\/a>\n\t\t\t\t<\/div>\n\t\t\t\t\t\t\t\t<\/div>\n\t\t\t\t<\/div>\n\t\t\t\t\t<\/div>\n\t\t<\/div>\n\t\t\t\t\t<\/div>\n\t\t<\/section>\n\t\t\t\t<section class=\"elementor-section elementor-top-section elementor-element elementor-element-72de1954 elementor-section-boxed elementor-section-height-default elementor-section-height-default\" data-id=\"72de1954\" data-element_type=\"section\">\n\t\t\t\t\t\t<div class=\"elementor-container elementor-column-gap-default\">\n\t\t\t\t\t<div class=\"elementor-column elementor-col-100 elementor-top-column elementor-element elementor-element-6320f440\" data-id=\"6320f440\" data-element_type=\"column\">\n\t\t\t<div class=\"elementor-widget-wrap\">\n\t\t\t\t\t\t\t<\/div>\n\t\t<\/div>\n\t\t\t\t\t<\/div>\n\t\t<\/section>\n\t\t\t\t<\/div>\n\t\t","protected":false},"excerpt":{"rendered":"<p>Charte qualit\u00e9 s\u00e9jours scientifiques Plan\u00e8te Sciences Occitanie met en place une d\u00e9marche de recherche de qualit\u00e9 optimale Les engagements qualit\u00e9 de Plan\u00e8te Sciences font l\u2019objet d\u2019un\u00a0Charte qualit\u00e9 s\u00e9jours scientifiques. Elle d\u00e9crit nos engagements qualit\u00e9 g\u00e9n\u00e9raux et nos engagements particuliers vis \u00e0 vis des b\u00e9n\u00e9ficiaires de nos s\u00e9jours de vacances (encadrement, dur\u00e9e, rythmes, locaux).Cette charte qualit\u00e9 [&hellip;]<\/p>\n","protected":false},"author":1,"featured_media":0,"parent":61,"menu_order":0,"comment_status":"closed","ping_status":"closed","template":"","meta":{"ocean_post_layout":"full-width","ocean_both_sidebars_style":"","ocean_both_sidebars_content_width":0,"ocean_both_sidebars_sidebars_width":0,"ocean_sidebar":"0","ocean_second_sidebar":"0","ocean_disable_margins":"enable","ocean_add_body_class":"","ocean_shortcode_before_top_bar":"","ocean_shortcode_after_top_bar":"","ocean_shortcode_before_header":"","ocean_shortcode_after_header":"","ocean_has_shortcode":"","ocean_shortcode_after_title":"","ocean_shortcode_before_footer_widgets":"","ocean_shortcode_after_footer_widgets":"","ocean_shortcode_before_footer_bottom":"","ocean_shortcode_after_footer_bottom":"","ocean_display_top_bar":"default","ocean_display_header":"default","ocean_header_style":"","ocean_center_header_left_menu":"0","ocean_custom_header_template":"0","ocean_custom_logo":0,"ocean_custom_retina_logo":0,"ocean_custom_logo_max_width":0,"ocean_custom_logo_tablet_max_width":0,"ocean_custom_logo_mobile_max_width":0,"ocean_custom_logo_max_height":0,"ocean_custom_logo_tablet_max_height":0,"ocean_custom_logo_mobile_max_height":0,"ocean_header_custom_menu":"0","ocean_menu_typo_font_family":"0","ocean_menu_typo_font_subset":"","ocean_menu_typo_font_size":0,"ocean_menu_typo_font_size_tablet":0,"ocean_menu_typo_font_size_mobile":0,"ocean_menu_typo_font_size_unit":"px","ocean_menu_typo_font_weight":"","ocean_menu_typo_font_weight_tablet":"","ocean_menu_typo_font_weight_mobile":"","ocean_menu_typo_transform":"","ocean_menu_typo_transform_tablet":"","ocean_menu_typo_transform_mobile":"","ocean_menu_typo_line_height":0,"ocean_menu_typo_line_height_tablet":0,"ocean_menu_typo_line_height_mobile":0,"ocean_menu_typo_line_height_unit":"","ocean_menu_typo_spacing":0,"ocean_menu_typo_spacing_tablet":0,"ocean_menu_typo_spacing_mobile":0,"ocean_menu_typo_spacing_unit":"","ocean_menu_link_color":"","ocean_menu_link_color_hover":"","ocean_menu_link_color_active":"","ocean_menu_link_background":"","ocean_menu_link_hover_background":"","ocean_menu_link_active_background":"","ocean_menu_social_links_bg":"","ocean_menu_social_hover_links_bg":"","ocean_menu_social_links_color":"","ocean_menu_social_hover_links_color":"","ocean_disable_title":"default","ocean_disable_heading":"default","ocean_post_title":"","ocean_post_subheading":"","ocean_post_title_style":"","ocean_post_title_background_color":"","ocean_post_title_background":0,"ocean_post_title_bg_image_position":"","ocean_post_title_bg_image_attachment":"","ocean_post_title_bg_image_repeat":"","ocean_post_title_bg_image_size":"","ocean_post_title_height":0,"ocean_post_title_bg_overlay":0.5,"ocean_post_title_bg_overlay_color":"","ocean_disable_breadcrumbs":"default","ocean_breadcrumbs_color":"","ocean_breadcrumbs_separator_color":"","ocean_breadcrumbs_links_color":"","ocean_breadcrumbs_links_hover_color":"","ocean_display_footer_widgets":"default","ocean_display_footer_bottom":"default","ocean_custom_footer_template":"0","_vp_format_video_url":"","_vp_image_focal_point":[],"footnotes":""},"class_list":["post-2255404","page","type-page","status-publish","hentry","entry"],"_links":{"self":[{"href":"https:\/\/www.planete-sciences.org\/occitanie\/web\/wp-json\/wp\/v2\/pages\/2255404","targetHints":{"allow":["GET"]}}],"collection":[{"href":"https:\/\/www.planete-sciences.org\/occitanie\/web\/wp-json\/wp\/v2\/pages"}],"about":[{"href":"https:\/\/www.planete-sciences.org\/occitanie\/web\/wp-json\/wp\/v2\/types\/page"}],"author":[{"embeddable":true,"href":"https:\/\/www.planete-sciences.org\/occitanie\/web\/wp-json\/wp\/v2\/users\/1"}],"replies":[{"embeddable":true,"href":"https:\/\/www.planete-sciences.org\/occitanie\/web\/wp-json\/wp\/v2\/comments?post=2255404"}],"version-history":[{"count":52,"href":"https:\/\/www.planete-sciences.org\/occitanie\/web\/wp-json\/wp\/v2\/pages\/2255404\/revisions"}],"predecessor-version":[{"id":2257077,"href":"https:\/\/www.planete-sciences.org\/occitanie\/web\/wp-json\/wp\/v2\/pages\/2255404\/revisions\/2257077"}],"up":[{"embeddable":true,"href":"https:\/\/www.planete-sciences.org\/occitanie\/web\/wp-json\/wp\/v2\/pages\/61"}],"wp:attachment":[{"href":"https:\/\/www.planete-sciences.org\/occitanie\/web\/wp-json\/wp\/v2\/media?parent=2255404"}],"curies":[{"name":"wp","href":"https:\/\/api.w.org\/{rel}","templated":true}]}}