{"id":130,"date":"2022-11-25T16:21:58","date_gmt":"2022-11-25T15:21:58","guid":{"rendered":"http:\/\/pso\/?page_id=130"},"modified":"2024-02-05T17:50:36","modified_gmt":"2024-02-05T16:50:36","slug":"plan-du-site","status":"publish","type":"page","link":"https:\/\/www.planete-sciences.org\/occitanie\/web\/plan-du-site\/","title":{"rendered":"Plan du site"},"content":{"rendered":"\t\t<div data-elementor-type=\"wp-page\" data-elementor-id=\"130\" class=\"elementor elementor-130\">\n\t\t\t\t\t\t<section class=\"elementor-section elementor-top-section elementor-element elementor-element-0975f82 elementor-section-boxed elementor-section-height-default elementor-section-height-default\" data-id=\"0975f82\" data-element_type=\"section\">\n\t\t\t\t\t\t<div class=\"elementor-container elementor-column-gap-default\">\n\t\t\t\t\t<div class=\"elementor-column elementor-col-100 elementor-top-column elementor-element elementor-element-6746ff0\" data-id=\"6746ff0\" data-element_type=\"column\">\n\t\t\t<div class=\"elementor-widget-wrap elementor-element-populated\">\n\t\t\t\t\t\t<div class=\"elementor-element elementor-element-e8e2be8 elementor-widget elementor-widget-heading\" data-id=\"e8e2be8\" data-element_type=\"widget\" data-widget_type=\"heading.default\">\n\t\t\t\t<div class=\"elementor-widget-container\">\n\t\t\t\t\t<h1 class=\"elementor-heading-title elementor-size-default\">Plan du site<\/h1>\t\t\t\t<\/div>\n\t\t\t\t<\/div>\n\t\t\t\t\t<\/div>\n\t\t<\/div>\n\t\t\t\t\t<\/div>\n\t\t<\/section>\n\t\t\t\t<section class=\"elementor-section elementor-top-section elementor-element elementor-element-6d462d5 elementor-section-boxed elementor-section-height-default elementor-section-height-default\" data-id=\"6d462d5\" data-element_type=\"section\">\n\t\t\t\t\t\t<div class=\"elementor-container elementor-column-gap-default\">\n\t\t\t\t\t<div class=\"elementor-column elementor-col-50 elementor-top-column elementor-element elementor-element-52e3f22\" data-id=\"52e3f22\" data-element_type=\"column\">\n\t\t\t<div class=\"elementor-widget-wrap elementor-element-populated\">\n\t\t\t\t\t\t<div class=\"elementor-element elementor-element-53627d8 elementor-widget elementor-widget-shortcode\" data-id=\"53627d8\" data-element_type=\"widget\" data-widget_type=\"shortcode.default\">\n\t\t\t\t<div class=\"elementor-widget-container\">\n\t\t\t\t\t\t\t<div class=\"elementor-shortcode\"><div class=\"wsp-container\"><h2 class=\"wsp-pages-title\">Pages<\/h2>\n<ul class=\"wsp-pages-list\">\n<li class=\"page_item page-item-2257586\"><a href=\"https:\/\/www.planete-sciences.org\/occitanie\/web\/abonnement-newsletter\/\">Abonnement Newsletter<\/a><\/li>\n<li class=\"page_item page-item-7\"><a href=\"https:\/\/www.planete-sciences.org\/occitanie\/web\/\">Home<\/a><\/li>\n<li class=\"page_item page-item-32 page_item_has_children\"><a href=\"https:\/\/www.planete-sciences.org\/occitanie\/web\/stages-sejours-scientifiques\/\">Stages &#8211; S\u00e9jours<\/a>\n<ul class='children'>\n\t<li class=\"page_item page-item-2254078\"><a href=\"https:\/\/www.planete-sciences.org\/occitanie\/web\/stages-sejours-scientifiques\/stages-scientifiques-a-ramonville\/\">Stages scientifiques &#8211; Maison des Sciences<\/a><\/li>\n\t<li class=\"page_item page-item-2254080\"><a href=\"https:\/\/www.planete-sciences.org\/occitanie\/web\/stages-sejours-scientifiques\/stages-scientifiques-a-toulouse\/\">Stages scientifiques &#8211; Quai des Savoirs<\/a><\/li>\n<\/ul>\n<\/li>\n<li class=\"page_item page-item-34 page_item_has_children\"><a href=\"https:\/\/www.planete-sciences.org\/occitanie\/web\/projets-scolaires-scientifiques\/\">Projets scolaires<\/a>\n<ul class='children'>\n\t<li class=\"page_item page-item-65\"><a href=\"https:\/\/www.planete-sciences.org\/occitanie\/web\/projets-scolaires-scientifiques\/coupe-de-robotique-junior\/\">Coupe de robotique junior<\/a><\/li>\n\t<li class=\"page_item page-item-67\"><a href=\"https:\/\/www.planete-sciences.org\/occitanie\/web\/projets-scolaires-scientifiques\/defis-solaires\/\">D\u00e9fis solaires<\/a><\/li>\n\t<li class=\"page_item page-item-69\"><a href=\"https:\/\/www.planete-sciences.org\/occitanie\/web\/projets-scolaires-scientifiques\/un-ballon-pour-lecole\/\">Un ballon pour l&rsquo;\u00e9cole<\/a><\/li>\n\t<li class=\"page_item page-item-71\"><a href=\"https:\/\/www.planete-sciences.org\/occitanie\/web\/projets-scolaires-scientifiques\/rencontres-meteo-espace\/\">Rencontres M\u00e9t\u00e9o- Espace<\/a><\/li>\n\t<li class=\"page_item page-item-73\"><a href=\"https:\/\/www.planete-sciences.org\/occitanie\/web\/projets-scolaires-scientifiques\/une-fusee-a-lecole\/\">Une fus\u00e9e \u00e0 l&rsquo;\u00e9cole<\/a><\/li>\n\t<li class=\"page_item page-item-76\"><a href=\"https:\/\/www.planete-sciences.org\/occitanie\/web\/projets-scolaires-scientifiques\/tournee-des-robots-et-de-lia\/\">Tourn\u00e9e des robots et de l&rsquo;IA<\/a><\/li>\n\t<li class=\"page_item page-item-78\"><a href=\"https:\/\/www.planete-sciences.org\/occitanie\/web\/projets-scolaires-scientifiques\/un-projet-pourquoi\/\">Un projet, pourquoi<\/a><\/li>\n\t<li class=\"page_item page-item-2255852\"><a href=\"https:\/\/www.planete-sciences.org\/occitanie\/web\/projets-scolaires-scientifiques\/hydrogen-oc\/\">Hydrogen&rsquo;Oc<\/a><\/li>\n\t<li class=\"page_item page-item-2254882\"><a href=\"https:\/\/www.planete-sciences.org\/occitanie\/web\/projets-scolaires-scientifiques\/parcours-laique-et-citoyen\/\">Parcours La\u00efque et Citoyen<\/a><\/li>\n\t<li class=\"page_item page-item-2257759\"><a href=\"https:\/\/www.planete-sciences.org\/occitanie\/web\/projets-scolaires-scientifiques\/coupe-de-robotique-junior-copy\/\">D\u00e9fis Marins d&rsquo;Eau Douce<\/a><\/li>\n<\/ul>\n<\/li>\n<li class=\"page_item page-item-36\"><a href=\"https:\/\/www.planete-sciences.org\/occitanie\/web\/ateliers-scientifiques-a-la-demande\/\">Ateliers scientifiques<\/a><\/li>\n<li class=\"page_item page-item-39\"><a href=\"https:\/\/www.planete-sciences.org\/occitanie\/web\/formations-en-animation-scientifique\/\">Formations en animation scientifique<\/a><\/li>\n<li class=\"page_item page-item-2255884\"><a href=\"https:\/\/www.planete-sciences.org\/occitanie\/web\/fabriquet-fablab\/\">Le FabRiquet<\/a><\/li>\n<li class=\"page_item page-item-2257574\"><a href=\"https:\/\/www.planete-sciences.org\/occitanie\/web\/le-camion-numerique\/\">Le Camion Num\u00e9rique<\/a><\/li>\n<li class=\"page_item page-item-45 page_item_has_children\"><a href=\"https:\/\/www.planete-sciences.org\/occitanie\/web\/lassociation\/\">L&rsquo;association<\/a>\n<ul class='children'>\n\t<li class=\"page_item page-item-47\"><a href=\"https:\/\/www.planete-sciences.org\/occitanie\/web\/lassociation\/qui-sommes-nous\/\">Qui sommes-nous ?<\/a><\/li>\n\t<li class=\"page_item page-item-49\"><a href=\"https:\/\/www.planete-sciences.org\/occitanie\/web\/lassociation\/soutenir-lassociation\/\">Soutenir l&rsquo;association Plan\u00e8te Sciences Occitanie<\/a><\/li>\n\t<li class=\"page_item page-item-51\"><a href=\"https:\/\/www.planete-sciences.org\/occitanie\/web\/lassociation\/grands-evenements\/\">Les grands \u00e9v\u00e9nements<\/a><\/li>\n\t<li class=\"page_item page-item-53\"><a href=\"https:\/\/www.planete-sciences.org\/occitanie\/web\/lassociation\/partenaires\/\">Partenaires<\/a><\/li>\n\t<li class=\"page_item page-item-55\"><a href=\"https:\/\/www.planete-sciences.org\/occitanie\/web\/lassociation\/equipes\/\">Les \u00e9quipes<\/a><\/li>\n\t<li class=\"page_item page-item-57\"><a href=\"https:\/\/www.planete-sciences.org\/occitanie\/web\/lassociation\/emplois-stages\/\">Emplois et stages<\/a><\/li>\n\t<li class=\"page_item page-item-2254711\"><a href=\"https:\/\/www.planete-sciences.org\/occitanie\/web\/lassociation\/historique-de-planete-sciences-occitanie\/\">Historique de Plan\u00e8te Sciences Occitanie<\/a><\/li>\n<\/ul>\n<\/li>\n<li class=\"page_item page-item-41\"><a href=\"https:\/\/www.planete-sciences.org\/occitanie\/web\/contacts\/\">Contacts<\/a><\/li>\n<li class=\"page_item page-item-43 current_page_parent\"><a href=\"https:\/\/www.planete-sciences.org\/occitanie\/web\/actualites\/\">Actualit\u00e9s<\/a><\/li>\n<li class=\"page_item page-item-91\"><a href=\"https:\/\/www.planete-sciences.org\/occitanie\/web\/espacepresse\/\">Presse<\/a><\/li>\n<li class=\"page_item page-item-3\"><a href=\"https:\/\/www.planete-sciences.org\/occitanie\/web\/mentions-legales-politique-de-confidentialite\/\">Mentions l\u00e9gales &#8211; Politique de confidentialit\u00e9<\/a><\/li>\n<li class=\"page_item page-item-2255404\"><a href=\"https:\/\/www.planete-sciences.org\/occitanie\/web\/stages-sejours-scientifiques\/sejours-scientifiques\/charte-qualite-sejours-scientifiques\/\">Charte qualit\u00e9 des s\u00e9jours scientifiques<\/a><\/li>\n<li class=\"page_item page-item-2257288\"><a href=\"https:\/\/www.planete-sciences.org\/occitanie\/web\/lassociation\/assemblees-generales\/assemblee-generale-du-9-mars-2024\/\">Assembl\u00e9e g\u00e9n\u00e9rale du 9 mars 2024<\/a><\/li>\n<li class=\"page_item page-item-2259176\"><a href=\"https:\/\/www.planete-sciences.org\/occitanie\/web\/lassociation\/assemblees-generales\/assemblee-generale-du-15-mars-2025\/\">Assembl\u00e9e g\u00e9n\u00e9rale du 15 mars 2025<\/a><\/li>\n<li class=\"page_item page-item-2261312\"><a href=\"https:\/\/www.planete-sciences.org\/occitanie\/web\/lassociation\/assemblees-generales\/assemblee-generale-du-14-mars-2026\/\">Assembl\u00e9e g\u00e9n\u00e9rale du 14 mars 2026<\/a><\/li>\n<\/ul>\n<\/div><\/div>\n\t\t\t\t\t\t<\/div>\n\t\t\t\t<\/div>\n\t\t\t\t\t<\/div>\n\t\t<\/div>\n\t\t\t\t<div class=\"elementor-column elementor-col-50 elementor-top-column elementor-element elementor-element-9354ae6\" data-id=\"9354ae6\" data-element_type=\"column\">\n\t\t\t<div class=\"elementor-widget-wrap elementor-element-populated\">\n\t\t\t\t\t\t<div class=\"elementor-element elementor-element-3abfc49 elementor-widget elementor-widget-shortcode\" data-id=\"3abfc49\" data-element_type=\"widget\" data-widget_type=\"shortcode.default\">\n\t\t\t\t<div class=\"elementor-widget-container\">\n\t\t\t\t\t\t\t<div class=\"elementor-shortcode\"><!--[wp_sitemap_page only=\"post\" sort=\"count\"] --><\/div>\n\t\t\t\t\t\t<\/div>\n\t\t\t\t<\/div>\n\t\t\t\t\t<\/div>\n\t\t<\/div>\n\t\t\t\t\t<\/div>\n\t\t<\/section>\n\t\t\t\t<\/div>\n\t\t","protected":false},"excerpt":{"rendered":"<p>Plan du site<\/p>\n","protected":false},"author":1,"featured_media":0,"parent":0,"menu_order":0,"comment_status":"closed","ping_status":"closed","template":"","meta":{"ocean_post_layout":"","ocean_both_sidebars_style":"","ocean_both_sidebars_content_width":0,"ocean_both_sidebars_sidebars_width":0,"ocean_sidebar":"0","ocean_second_sidebar":"0","ocean_disable_margins":"enable","ocean_add_body_class":"","ocean_shortcode_before_top_bar":"","ocean_shortcode_after_top_bar":"","ocean_shortcode_before_header":"","ocean_shortcode_after_header":"","ocean_has_shortcode":"","ocean_shortcode_after_title":"","ocean_shortcode_before_footer_widgets":"","ocean_shortcode_after_footer_widgets":"","ocean_shortcode_before_footer_bottom":"","ocean_shortcode_after_footer_bottom":"","ocean_display_top_bar":"default","ocean_display_header":"default","ocean_header_style":"","ocean_center_header_left_menu":"0","ocean_custom_header_template":"0","ocean_custom_logo":0,"ocean_custom_retina_logo":0,"ocean_custom_logo_max_width":0,"ocean_custom_logo_tablet_max_width":0,"ocean_custom_logo_mobile_max_width":0,"ocean_custom_logo_max_height":0,"ocean_custom_logo_tablet_max_height":0,"ocean_custom_logo_mobile_max_height":0,"ocean_header_custom_menu":"0","ocean_menu_typo_font_family":"0","ocean_menu_typo_font_subset":"","ocean_menu_typo_font_size":0,"ocean_menu_typo_font_size_tablet":0,"ocean_menu_typo_font_size_mobile":0,"ocean_menu_typo_font_size_unit":"px","ocean_menu_typo_font_weight":"","ocean_menu_typo_font_weight_tablet":"","ocean_menu_typo_font_weight_mobile":"","ocean_menu_typo_transform":"","ocean_menu_typo_transform_tablet":"","ocean_menu_typo_transform_mobile":"","ocean_menu_typo_line_height":0,"ocean_menu_typo_line_height_tablet":0,"ocean_menu_typo_line_height_mobile":0,"ocean_menu_typo_line_height_unit":"","ocean_menu_typo_spacing":0,"ocean_menu_typo_spacing_tablet":0,"ocean_menu_typo_spacing_mobile":0,"ocean_menu_typo_spacing_unit":"","ocean_menu_link_color":"","ocean_menu_link_color_hover":"","ocean_menu_link_color_active":"","ocean_menu_link_background":"","ocean_menu_link_hover_background":"","ocean_menu_link_active_background":"","ocean_menu_social_links_bg":"","ocean_menu_social_hover_links_bg":"","ocean_menu_social_links_color":"","ocean_menu_social_hover_links_color":"","ocean_disable_title":"default","ocean_disable_heading":"default","ocean_post_title":"","ocean_post_subheading":"","ocean_post_title_style":"","ocean_post_title_background_color":"","ocean_post_title_background":0,"ocean_post_title_bg_image_position":"","ocean_post_title_bg_image_attachment":"","ocean_post_title_bg_image_repeat":"","ocean_post_title_bg_image_size":"","ocean_post_title_height":0,"ocean_post_title_bg_overlay":0.5,"ocean_post_title_bg_overlay_color":"","ocean_disable_breadcrumbs":"default","ocean_breadcrumbs_color":"","ocean_breadcrumbs_separator_color":"","ocean_breadcrumbs_links_color":"","ocean_breadcrumbs_links_hover_color":"","ocean_display_footer_widgets":"default","ocean_display_footer_bottom":"default","ocean_custom_footer_template":"0","_vp_format_video_url":"","_vp_image_focal_point":[],"footnotes":""},"class_list":["post-130","page","type-page","status-publish","hentry","entry"],"_links":{"self":[{"href":"https:\/\/www.planete-sciences.org\/occitanie\/web\/wp-json\/wp\/v2\/pages\/130","targetHints":{"allow":["GET"]}}],"collection":[{"href":"https:\/\/www.planete-sciences.org\/occitanie\/web\/wp-json\/wp\/v2\/pages"}],"about":[{"href":"https:\/\/www.planete-sciences.org\/occitanie\/web\/wp-json\/wp\/v2\/types\/page"}],"author":[{"embeddable":true,"href":"https:\/\/www.planete-sciences.org\/occitanie\/web\/wp-json\/wp\/v2\/users\/1"}],"replies":[{"embeddable":true,"href":"https:\/\/www.planete-sciences.org\/occitanie\/web\/wp-json\/wp\/v2\/comments?post=130"}],"version-history":[{"count":35,"href":"https:\/\/www.planete-sciences.org\/occitanie\/web\/wp-json\/wp\/v2\/pages\/130\/revisions"}],"predecessor-version":[{"id":2257183,"href":"https:\/\/www.planete-sciences.org\/occitanie\/web\/wp-json\/wp\/v2\/pages\/130\/revisions\/2257183"}],"wp:attachment":[{"href":"https:\/\/www.planete-sciences.org\/occitanie\/web\/wp-json\/wp\/v2\/media?parent=130"}],"curies":[{"name":"wp","href":"https:\/\/api.w.org\/{rel}","templated":true}]}}