{"id":446,"date":"2016-01-18T16:49:48","date_gmt":"2016-01-18T15:49:48","guid":{"rendered":"http:\/\/www.planete-sciences.org\/normandie\/?page_id=446"},"modified":"2024-03-12T17:16:40","modified_gmt":"2024-03-12T16:16:40","slug":"qui-sommes-nous","status":"publish","type":"page","link":"https:\/\/www.planete-sciences.org\/normandie\/qui-sommes-nous\/","title":{"rendered":"Qui sommes-nous ?"},"content":{"rendered":"<div>\n<p style=\"text-align: justify;\"><a href=\"http:\/\/www.planete-sciences.org\/normandie\/wp-content\/uploads\/2012\/09\/logo-transparent.png\" rel=\"attachment wp-att-544\"><img loading=\"lazy\" decoding=\"async\" class=\" wp-image-544 alignleft\" src=\"http:\/\/www.planete-sciences.org\/normandie\/wp-content\/uploads\/2012\/09\/logo-transparent-300x148.png\" alt=\"logo transparent\" width=\"114\" height=\"56\" srcset=\"https:\/\/www.planete-sciences.org\/normandie\/wp-content\/uploads\/2012\/09\/logo-transparent-300x148.png 300w, https:\/\/www.planete-sciences.org\/normandie\/wp-content\/uploads\/2012\/09\/logo-transparent-768x378.png 768w, https:\/\/www.planete-sciences.org\/normandie\/wp-content\/uploads\/2012\/09\/logo-transparent-1024x504.png 1024w, https:\/\/www.planete-sciences.org\/normandie\/wp-content\/uploads\/2012\/09\/logo-transparent.png 1290w\" sizes=\"auto, (max-width: 114px) 85vw, 114px\" \/><\/a>Plan\u00e8te Sciences est association \u00e0 but non-lucratif, cr\u00e9\u00e9e en 1962. Organis\u00e9e en r\u00e9seau comportant 11 d\u00e9l\u00e9gations r\u00e9gionales, elle s\u2019appuie sur 1 000 b\u00e9n\u00e9voles et 80 permanents.<\/p>\n<\/div>\n<div style=\"text-align: justify;\">\n<h2><u>Nos objectifs<\/u><\/h2>\n<p>Plan\u00e8te Sciences a pour objectifs de <strong>favoriser, aupr\u00e8s des jeunes de 8 \u00e0 <a href=\"http:\/\/www.planete-sciences.org\/normandie\/wp-content\/uploads\/2016\/01\/DSC00218.jpg\" rel=\"attachment wp-att-614\"><img loading=\"lazy\" decoding=\"async\" class=\"size-medium wp-image-614 alignright\" src=\"http:\/\/www.planete-sciences.org\/normandie\/wp-content\/uploads\/2016\/01\/DSC00218-300x225.jpg\" alt=\"DSC00218\" width=\"300\" height=\"225\" srcset=\"https:\/\/www.planete-sciences.org\/normandie\/wp-content\/uploads\/2016\/01\/DSC00218-300x225.jpg 300w, https:\/\/www.planete-sciences.org\/normandie\/wp-content\/uploads\/2016\/01\/DSC00218-768x576.jpg 768w, https:\/\/www.planete-sciences.org\/normandie\/wp-content\/uploads\/2016\/01\/DSC00218-1024x768.jpg 1024w\" sizes=\"auto, (max-width: 300px) 85vw, 300px\" \/><\/a>25 ans, l\u2019int\u00e9r\u00eat, la d\u00e9couverte, la pratique des sciences et des techniques<\/strong>. Nous aidons aussi les enseignants, les animateurs, les \u00e9ducateurs, les chercheurs et les parents dans leurs activit\u00e9s vers les jeunes. Chaque ann\u00e9e, environ 100 000 jeunes participent \u00e0 nos activit\u00e9s.<\/p>\n<\/div>\n<div style=\"text-align: justify;\">\n<h2><\/h2>\n<h2><u>Notre d\u00e9marche<\/u><\/h2>\n<p>Plan\u00e8te Sciences propose aux jeunes de participer \u00e0 un projet \u00e9ducatif global, avec une <strong>approche ludique<\/strong>, favorisant la <strong>pratique exp\u00e9rimentale<\/strong> des sciences et des techniques. Nous allons au-del\u00e0 d\u2019une d\u00e9couverte et d\u2019une meilleure compr\u00e9hension des sciences et techniques.<\/p>\n<p>Notre d\u00e9marche leur permet, par une <strong>participation active<\/strong>, de passer de la th\u00e9orie \u00e0 la pratique, de l\u2019id\u00e9e projet\u00e9e \u00e0 sa concr\u00e9tisation, \u00e0 l\u2019exp\u00e9rimentation. Le pari est, qu\u2019autour d\u2019un projet men\u00e9 en \u00e9quipe, ils le r\u00e9alisent de bout en bout.<\/p>\n<p>Ces \u00e9tapes s\u2019inspirent des pratiques utilis\u00e9es dans les laboratoires de recherche et l\u2019industrie.<\/p>\n<\/div>\n<div>\n<h2 style=\"text-align: justify;\"><\/h2>\n<h2 style=\"text-align: left;\"><u>Nos domaines et lieux d\u2019activit\u00e9s, nos partenaires<\/u><\/h2>\n<p style=\"text-align: justify;\">Plan\u00e8te Sciences intervient dans diff\u00e9rents cadres : des \u00e9coles primaires, secondaires, l\u2019enseignement sup\u00e9rieur, des clubs, des centres de loisirs et de vacances, dans les quartiers, d\u2019\u00e9v\u00e9nements auxquels elle participe (la F\u00eate de la Sciences) ou qu\u2019elle organise seule ou en partenariat (les Troph\u00e9es de robotique, la Nuit des \u00e9toiles ou le C\u2019Space).<\/p>\n<p style=\"text-align: justify;\">Pour proposer des activit\u00e9s toujours plus diverses et am\u00e9lior\u00e9es, Plan\u00e8te Sciences a des <strong>liens \u00e9troits avec les chercheurs et les ing\u00e9nieurs<\/strong>. L\u2019Association offre <strong>diff\u00e9rents types de formation<\/strong> (BAFA ou stages techniques), r\u00e9alise des documents (ouvrages, fiches\u2026) et des outils p\u00e9dagogiques.<\/p>\n<p style=\"text-align: justify;\">Plan\u00e8te Sciences r\u00e9alise souvent ses activit\u00e9s dans le cadre de partenariat. Elles s\u2019inscrivent dans des actions de collectivit\u00e9s territoriales, de l\u2019\u00e9ducation nationale, de minist\u00e8res, d\u2019organismes de recherche, d\u2019entreprises et de fondations, destin\u00e9es aux jeunes et au grand public.<\/p>\n<\/div>\n","protected":false},"excerpt":{"rendered":"<p>Plan\u00e8te Sciences est association \u00e0 but non-lucratif, cr\u00e9\u00e9e en 1962. Organis\u00e9e en r\u00e9seau comportant 11 d\u00e9l\u00e9gations r\u00e9gionales, elle s\u2019appuie sur 1 000 b\u00e9n\u00e9voles et 80 permanents. Nos objectifs Plan\u00e8te Sciences a pour objectifs de favoriser, aupr\u00e8s des jeunes de 8 \u00e0 25 ans, l\u2019int\u00e9r\u00eat, la d\u00e9couverte, la pratique des sciences et des techniques. Nous aidons &hellip; <a href=\"https:\/\/www.planete-sciences.org\/normandie\/qui-sommes-nous\/\" class=\"more-link\">Continuer la lecture<span class=\"screen-reader-text\"> de &laquo;&nbsp;Qui sommes-nous ?&nbsp;&raquo;<\/span><\/a><\/p>\n","protected":false},"author":8,"featured_media":0,"parent":0,"menu_order":0,"comment_status":"closed","ping_status":"open","template":"","meta":{"footnotes":""},"class_list":["post-446","page","type-page","status-publish","hentry"],"_links":{"self":[{"href":"https:\/\/www.planete-sciences.org\/normandie\/wp-json\/wp\/v2\/pages\/446","targetHints":{"allow":["GET"]}}],"collection":[{"href":"https:\/\/www.planete-sciences.org\/normandie\/wp-json\/wp\/v2\/pages"}],"about":[{"href":"https:\/\/www.planete-sciences.org\/normandie\/wp-json\/wp\/v2\/types\/page"}],"author":[{"embeddable":true,"href":"https:\/\/www.planete-sciences.org\/normandie\/wp-json\/wp\/v2\/users\/8"}],"replies":[{"embeddable":true,"href":"https:\/\/www.planete-sciences.org\/normandie\/wp-json\/wp\/v2\/comments?post=446"}],"version-history":[{"count":5,"href":"https:\/\/www.planete-sciences.org\/normandie\/wp-json\/wp\/v2\/pages\/446\/revisions"}],"predecessor-version":[{"id":1249,"href":"https:\/\/www.planete-sciences.org\/normandie\/wp-json\/wp\/v2\/pages\/446\/revisions\/1249"}],"wp:attachment":[{"href":"https:\/\/www.planete-sciences.org\/normandie\/wp-json\/wp\/v2\/media?parent=446"}],"curies":[{"name":"wp","href":"https:\/\/api.w.org\/{rel}","templated":true}]}}