{"id":1456,"date":"2026-01-15T19:47:28","date_gmt":"2026-01-15T18:47:28","guid":{"rendered":"https:\/\/www.planete-sciences.org\/normandie\/?page_id=1456"},"modified":"2026-01-16T11:17:12","modified_gmt":"2026-01-16T10:17:12","slug":"louez-ou-empruntez-du-materiel","status":"publish","type":"page","link":"https:\/\/www.planete-sciences.org\/normandie\/louez-ou-empruntez-du-materiel\/","title":{"rendered":"Louez ou empruntez du mat\u00e9riel"},"content":{"rendered":"\n<p>Retrouvez ici notre boutique emprunt \/ location, o\u00f9 vous pouvez facilement r\u00e9server le mat\u00e9riel dont vous avez besoin pour vos \u00e9v\u00e9nements, ateliers ou projets. Que ce soit pour une courte dur\u00e9e ou une utilisation prolong\u00e9e, notre s\u00e9lection s\u2019adapte \u00e0 vos besoins. D\u00e9couvrez nos disponibilit\u00e9s, comparez les tarifs et profitez d\u2019un service simple et pratique pour acc\u00e9der rapidement au bon \u00e9quipement.<\/p>\n\n\n\n<div class=\"large-padding wp-block-embed-rentle-shop-block\">\n\t\t\t<rentle-store  shop=\"3AHIwTdXXn2PUaNt5R5M\" lang=\"fr\" \/>\n\t\t<\/div>\n\n\n\n<p><\/p>\n","protected":false},"excerpt":{"rendered":"<p>Retrouvez ici notre boutique emprunt \/ location, o\u00f9 vous pouvez facilement r\u00e9server le mat\u00e9riel dont vous avez besoin pour vos \u00e9v\u00e9nements, ateliers ou projets. Que ce soit pour une courte dur\u00e9e ou une utilisation prolong\u00e9e, notre s\u00e9lection s\u2019adapte \u00e0 vos besoins. D\u00e9couvrez nos disponibilit\u00e9s, comparez les tarifs et profitez d\u2019un service simple et pratique pour &hellip; <a href=\"https:\/\/www.planete-sciences.org\/normandie\/louez-ou-empruntez-du-materiel\/\" class=\"more-link\">Continuer la lecture<span class=\"screen-reader-text\"> de &laquo;&nbsp;Louez ou empruntez du mat\u00e9riel&nbsp;&raquo;<\/span><\/a><\/p>\n","protected":false},"author":8,"featured_media":0,"parent":0,"menu_order":0,"comment_status":"closed","ping_status":"closed","template":"","meta":{"footnotes":""},"class_list":["post-1456","page","type-page","status-publish","hentry"],"_links":{"self":[{"href":"https:\/\/www.planete-sciences.org\/normandie\/wp-json\/wp\/v2\/pages\/1456","targetHints":{"allow":["GET"]}}],"collection":[{"href":"https:\/\/www.planete-sciences.org\/normandie\/wp-json\/wp\/v2\/pages"}],"about":[{"href":"https:\/\/www.planete-sciences.org\/normandie\/wp-json\/wp\/v2\/types\/page"}],"author":[{"embeddable":true,"href":"https:\/\/www.planete-sciences.org\/normandie\/wp-json\/wp\/v2\/users\/8"}],"replies":[{"embeddable":true,"href":"https:\/\/www.planete-sciences.org\/normandie\/wp-json\/wp\/v2\/comments?post=1456"}],"version-history":[{"count":19,"href":"https:\/\/www.planete-sciences.org\/normandie\/wp-json\/wp\/v2\/pages\/1456\/revisions"}],"predecessor-version":[{"id":1486,"href":"https:\/\/www.planete-sciences.org\/normandie\/wp-json\/wp\/v2\/pages\/1456\/revisions\/1486"}],"wp:attachment":[{"href":"https:\/\/www.planete-sciences.org\/normandie\/wp-json\/wp\/v2\/media?parent=1456"}],"curies":[{"name":"wp","href":"https:\/\/api.w.org\/{rel}","templated":true}]}}