{"id":660,"date":"2019-01-09T17:06:05","date_gmt":"2019-01-09T16:06:05","guid":{"rendered":"https:\/\/www.planete-sciences.org\/national\/?page_id=660"},"modified":"2025-03-11T12:27:03","modified_gmt":"2025-03-11T11:27:03","slug":"nos-engagements","status":"publish","type":"page","link":"https:\/\/www.planete-sciences.org\/national\/nos-engagements\/","title":{"rendered":"Nos engagements"},"content":{"rendered":"<p><div class=\"fusion-fullwidth fullwidth-box fusion-builder-row-1 fusion-flex-container fusion-parallax-none nonhundred-percent-fullwidth non-hundred-percent-height-scrolling\" style=\"--awb-border-radius-top-left:0px;--awb-border-radius-top-right:0px;--awb-border-radius-bottom-right:0px;--awb-border-radius-bottom-left:0px;--awb-padding-top:0px;--awb-padding-right:0px;--awb-padding-bottom:0px;--awb-padding-left:0px;--awb-margin-top:0px;--awb-margin-bottom:0px;--awb-background-image:url(&quot;https:\/\/www.planete-sciences.org\/national\/wp-content\/uploads\/2019\/01\/DSC_8895-1200x675.jpg&quot;);--awb-background-size:cover;--awb-flex-wrap:wrap;\" ><div class=\"fusion-builder-row fusion-row fusion-flex-align-items-stretch fusion-flex-content-wrap\" style=\"max-width:calc( 1024px + 0px );margin-left: calc(-0px \/ 2 );margin-right: calc(-0px \/ 2 );\"><div class=\"fusion-layout-column fusion_builder_column fusion-builder-column-0 fusion_builder_column_1_2 1_2 fusion-flex-column\" style=\"--awb-padding-top:80px;--awb-padding-right:100px;--awb-padding-bottom:80px;--awb-padding-left:100px;--awb-bg-position:center center;--awb-bg-size:cover;--awb-width-large:50%;--awb-margin-top-large:0px;--awb-spacing-right-large:0px;--awb-margin-bottom-large:0px;--awb-spacing-left-large:0px;--awb-width-medium:50%;--awb-spacing-right-medium:0px;--awb-spacing-left-medium:0px;--awb-width-small:100%;--awb-spacing-right-small:0px;--awb-spacing-left-small:0px;\"><div class=\"fusion-column-wrapper fusion-flex-justify-content-center fusion-content-layout-column\"><\/div><\/div><div class=\"fusion-layout-column fusion_builder_column fusion-builder-column-1 fusion_builder_column_1_2 1_2 fusion-flex-column fusion-animated\" style=\"--awb-padding-top:20%;--awb-padding-right:100px;--awb-padding-bottom:20%;--awb-padding-left:100px;--awb-bg-color:rgba(255,255,255,0.85);--awb-bg-color-hover:rgba(255,255,255,0.85);--awb-bg-size:cover;--awb-width-large:50%;--awb-margin-top-large:0px;--awb-spacing-right-large:0px;--awb-margin-bottom-large:0px;--awb-spacing-left-large:0px;--awb-width-medium:50%;--awb-spacing-right-medium:0px;--awb-spacing-left-medium:0px;--awb-width-small:100%;--awb-spacing-right-small:0px;--awb-spacing-left-small:0px;\" data-animationType=\"slideInLeft\" data-animationDuration=\"0.3\" data-animationOffset=\"top-into-view\"><div class=\"fusion-column-wrapper fusion-flex-justify-content-center fusion-content-layout-column\"><div class=\"fusion-image-element \" style=\"text-align:center;--awb-caption-title-font-family:var(--h2_typography-font-family);--awb-caption-title-font-weight:var(--h2_typography-font-weight);--awb-caption-title-font-style:var(--h2_typography-font-style);--awb-caption-title-size:var(--h2_typography-font-size);--awb-caption-title-transform:var(--h2_typography-text-transform);--awb-caption-title-line-height:var(--h2_typography-line-height);--awb-caption-title-letter-spacing:var(--h2_typography-letter-spacing);\"><span class=\" fusion-imageframe imageframe-none imageframe-1 hover-type-none\"><img decoding=\"async\" width=\"120\" height=\"120\" title=\"Plasci-Website-Iconography_securite-avant-tout\" src=\"https:\/\/www.planete-sciences.org\/national\/wp-content\/uploads\/2019\/01\/Plasci-Website-Iconography_securite-avant-tout.png\" alt class=\"img-responsive wp-image-371\" srcset=\"https:\/\/www.planete-sciences.org\/national\/wp-content\/uploads\/2019\/01\/Plasci-Website-Iconography_securite-avant-tout-66x66.png 66w, https:\/\/www.planete-sciences.org\/national\/wp-content\/uploads\/2019\/01\/Plasci-Website-Iconography_securite-avant-tout.png 120w\" sizes=\"(max-width: 120px) 100vw, 120px\" \/><\/span><\/div><div class=\"fusion-title title fusion-title-1 fusion-sep-none fusion-title-center fusion-title-text fusion-title-size-two\"><h2 class=\"fusion-title-heading title-heading-center\" style=\"margin:0;\">La s\u00e9curit\u00e9 avant tout<\/h2><\/div><div class=\"fusion-text fusion-text-1\"><p>La pratique scientifique et technique peut comporter des risques, Mais plut\u00f4t que d\u2019interdire, Plan\u00e8te Sciences accompagne les jeunes et les encadre. Pour cela, Plan\u00e8te Sciences veille \u00e0\u00a0:<\/p>\n<ul>\n<li>la mise en place de formations\u00a0;<\/li>\n<li>la d\u00e9finition et le respect de cahiers des charges pr\u00e9cis\u00a0;<\/li>\n<li>la mise en \u0153uvre d\u2019un encadrement rigoureux\u00a0;<\/li>\n<li>la fourniture de mat\u00e9riel habilit\u00e9\u00a0;<\/li>\n<li>la manipulation de mat\u00e9riel dangereux exclusivement par des personnes form\u00e9es.<\/li>\n<\/ul>\n<\/div><\/div><\/div><\/div><\/div><div class=\"fusion-fullwidth fullwidth-box fusion-builder-row-2 fusion-flex-container fusion-parallax-none nonhundred-percent-fullwidth non-hundred-percent-height-scrolling\" style=\"--awb-border-radius-top-left:0px;--awb-border-radius-top-right:0px;--awb-border-radius-bottom-right:0px;--awb-border-radius-bottom-left:0px;--awb-padding-top:0px;--awb-padding-right:0px;--awb-padding-bottom:0px;--awb-padding-left:0px;--awb-margin-top:0px;--awb-margin-bottom:0px;--awb-background-image:url(&quot;https:\/\/www.planete-sciences.org\/national\/wp-content\/uploads\/2019\/01\/20180609_135351-1200x675.jpg&quot;);--awb-background-size:cover;--awb-flex-wrap:wrap;\" ><div class=\"fusion-builder-row fusion-row fusion-flex-align-items-stretch fusion-flex-content-wrap\" style=\"max-width:calc( 1024px + 0px );margin-left: calc(-0px \/ 2 );margin-right: calc(-0px \/ 2 );\"><div class=\"fusion-layout-column fusion_builder_column fusion-builder-column-2 fusion_builder_column_1_2 1_2 fusion-flex-column fusion-animated\" style=\"--awb-padding-top:20%;--awb-padding-right:100px;--awb-padding-bottom:20%;--awb-padding-left:100px;--awb-bg-color:rgba(234,234,234,0.85);--awb-bg-color-hover:rgba(234,234,234,0.85);--awb-bg-size:cover;--awb-width-large:50%;--awb-margin-top-large:0px;--awb-spacing-right-large:0px;--awb-margin-bottom-large:0px;--awb-spacing-left-large:0px;--awb-width-medium:50%;--awb-spacing-right-medium:0px;--awb-spacing-left-medium:0px;--awb-width-small:100%;--awb-spacing-right-small:0px;--awb-spacing-left-small:0px;\" data-animationType=\"slideInRight\" data-animationDuration=\"0.3\" data-animationOffset=\"top-into-view\"><div class=\"fusion-column-wrapper fusion-flex-justify-content-center fusion-content-layout-column\"><div class=\"fusion-image-element \" style=\"text-align:center;--awb-caption-title-font-family:var(--h2_typography-font-family);--awb-caption-title-font-weight:var(--h2_typography-font-weight);--awb-caption-title-font-style:var(--h2_typography-font-style);--awb-caption-title-size:var(--h2_typography-font-size);--awb-caption-title-transform:var(--h2_typography-text-transform);--awb-caption-title-line-height:var(--h2_typography-line-height);--awb-caption-title-letter-spacing:var(--h2_typography-letter-spacing);\"><span class=\" fusion-imageframe imageframe-none imageframe-2 hover-type-none\"><img decoding=\"async\" width=\"120\" height=\"120\" title=\"Plasci-Website-Iconography_animateurs-specialise\" src=\"https:\/\/www.planete-sciences.org\/national\/wp-content\/uploads\/2019\/01\/Plasci-Website-Iconography_animateurs-specialise.png\" alt class=\"img-responsive wp-image-369\" srcset=\"https:\/\/www.planete-sciences.org\/national\/wp-content\/uploads\/2019\/01\/Plasci-Website-Iconography_animateurs-specialise-66x66.png 66w, https:\/\/www.planete-sciences.org\/national\/wp-content\/uploads\/2019\/01\/Plasci-Website-Iconography_animateurs-specialise.png 120w\" sizes=\"(max-width: 120px) 100vw, 120px\" \/><\/span><\/div><div class=\"fusion-title title fusion-title-2 fusion-sep-none fusion-title-center fusion-title-text fusion-title-size-two\"><h2 class=\"fusion-title-heading title-heading-center\" style=\"margin:0;\">Des animateurs\u00b7trices sp\u00e9cialis\u00e9s\u00b7\u00e9es<\/h2><\/div><div class=\"fusion-text fusion-text-2\"><p>Etudiants\u00b7es en science ou professionnels\u00b7elles dipl\u00f4m\u00e9s\u00b7\u00e9es, nos animateurs\u00b7trices savent partager leur culture scientifique et technique avec des d\u00e9marches p\u00e9dagogiques et m\u00e9thodologiques adapt\u00e9es aux jeunes de 5 \u00e0 25 ans et au grand public.\u00a0 Plan\u00e8te Sciences offre des formations initiales et de perfectionnement et un accompagnement permanent qui garantissent la qualit\u00e9 et la p\u00e9rennit\u00e9 de nos actions.<\/p>\n<\/div><\/div><\/div><div class=\"fusion-layout-column fusion_builder_column fusion-builder-column-3 fusion_builder_column_1_2 1_2 fusion-flex-column\" style=\"--awb-padding-top:80px;--awb-padding-right:100px;--awb-padding-bottom:80px;--awb-padding-left:100px;--awb-bg-size:cover;--awb-width-large:50%;--awb-margin-top-large:0px;--awb-spacing-right-large:0px;--awb-margin-bottom-large:0px;--awb-spacing-left-large:0px;--awb-width-medium:50%;--awb-spacing-right-medium:0px;--awb-spacing-left-medium:0px;--awb-width-small:100%;--awb-spacing-right-small:0px;--awb-spacing-left-small:0px;\"><div class=\"fusion-column-wrapper fusion-flex-justify-content-center fusion-content-layout-column\"><\/div><\/div><\/div><\/div><div class=\"fusion-fullwidth fullwidth-box fusion-builder-row-3 fusion-flex-container fusion-parallax-none nonhundred-percent-fullwidth non-hundred-percent-height-scrolling\" style=\"--awb-border-radius-top-left:0px;--awb-border-radius-top-right:0px;--awb-border-radius-bottom-right:0px;--awb-border-radius-bottom-left:0px;--awb-padding-top:0px;--awb-padding-right:0px;--awb-padding-bottom:0px;--awb-padding-left:0px;--awb-margin-top:0px;--awb-margin-bottom:0px;--awb-background-image:url(&quot;https:\/\/www.planete-sciences.org\/national\/wp-content\/uploads\/2019\/01\/20180111_112302-1200x675.jpg&quot;);--awb-background-size:cover;--awb-flex-wrap:wrap;\" ><div class=\"fusion-builder-row fusion-row fusion-flex-align-items-stretch fusion-flex-content-wrap\" style=\"max-width:calc( 1024px + 0px );margin-left: calc(-0px \/ 2 );margin-right: calc(-0px \/ 2 );\"><div class=\"fusion-layout-column fusion_builder_column fusion-builder-column-4 fusion_builder_column_1_2 1_2 fusion-flex-column\" style=\"--awb-padding-top:40px;--awb-padding-right:100px;--awb-padding-bottom:40px;--awb-padding-left:100px;--awb-bg-size:cover;--awb-width-large:50%;--awb-margin-top-large:0px;--awb-spacing-right-large:0px;--awb-margin-bottom-large:0px;--awb-spacing-left-large:0px;--awb-width-medium:50%;--awb-spacing-right-medium:0px;--awb-spacing-left-medium:0px;--awb-width-small:100%;--awb-spacing-right-small:0px;--awb-spacing-left-small:0px;\"><div class=\"fusion-column-wrapper fusion-flex-justify-content-center fusion-content-layout-column\"><\/div><\/div><div class=\"fusion-layout-column fusion_builder_column fusion-builder-column-5 fusion_builder_column_1_2 1_2 fusion-flex-column fusion-animated\" style=\"--awb-padding-top:20%;--awb-padding-right:100px;--awb-padding-bottom:20%;--awb-padding-left:100px;--awb-bg-color:rgba(234,234,234,0.85);--awb-bg-color-hover:rgba(234,234,234,0.85);--awb-bg-size:cover;--awb-width-large:50%;--awb-margin-top-large:0px;--awb-spacing-right-large:0px;--awb-margin-bottom-large:0px;--awb-spacing-left-large:0px;--awb-width-medium:50%;--awb-spacing-right-medium:0px;--awb-spacing-left-medium:0px;--awb-width-small:100%;--awb-spacing-right-small:0px;--awb-spacing-left-small:0px;\" data-animationType=\"slideInLeft\" data-animationDuration=\"0.3\" data-animationOffset=\"top-into-view\"><div class=\"fusion-column-wrapper fusion-flex-justify-content-center fusion-content-layout-column\"><div class=\"fusion-image-element \" style=\"text-align:center;--awb-caption-title-font-family:var(--h2_typography-font-family);--awb-caption-title-font-weight:var(--h2_typography-font-weight);--awb-caption-title-font-style:var(--h2_typography-font-style);--awb-caption-title-size:var(--h2_typography-font-size);--awb-caption-title-transform:var(--h2_typography-text-transform);--awb-caption-title-line-height:var(--h2_typography-line-height);--awb-caption-title-letter-spacing:var(--h2_typography-letter-spacing);\"><span class=\" fusion-imageframe imageframe-none imageframe-3 hover-type-none\"><img decoding=\"async\" width=\"120\" height=\"120\" title=\"Plasci-Website-Iconography_materiel-qualite\" src=\"https:\/\/www.planete-sciences.org\/national\/wp-content\/uploads\/2019\/01\/Plasci-Website-Iconography_materiel-qualite.png\" alt class=\"img-responsive wp-image-370\" srcset=\"https:\/\/www.planete-sciences.org\/national\/wp-content\/uploads\/2019\/01\/Plasci-Website-Iconography_materiel-qualite-66x66.png 66w, https:\/\/www.planete-sciences.org\/national\/wp-content\/uploads\/2019\/01\/Plasci-Website-Iconography_materiel-qualite.png 120w\" sizes=\"(max-width: 120px) 100vw, 120px\" \/><\/span><\/div><div class=\"fusion-title title fusion-title-3 fusion-sep-none fusion-title-center fusion-title-text fusion-title-size-two\"><h2 class=\"fusion-title-heading title-heading-center\" style=\"margin:0;\">Du mat\u00e9riel de qualit\u00e9<\/h2><\/div><div class=\"fusion-text fusion-text-3\"><p>Du propulseur de fus\u00e9e habilit\u00e9 par le Cnes, l\u2019agence spatiale fran\u00e7aise, au mat\u00e9riel informatique, m\u00e9canique, \u00e9lectronique, de mesures ou d\u2019observation, notre parc de mat\u00e9riel est \u00e0 la pointe de la technologie et adapt\u00e9 aux besoins sp\u00e9cifiques de chaque jeune et du grand public.<\/p>\n<\/div><\/div><\/div><\/div><\/div><div class=\"fusion-fullwidth fullwidth-box fusion-builder-row-4 fusion-flex-container fusion-parallax-none nonhundred-percent-fullwidth non-hundred-percent-height-scrolling\" style=\"--awb-border-radius-top-left:0px;--awb-border-radius-top-right:0px;--awb-border-radius-bottom-right:0px;--awb-border-radius-bottom-left:0px;--awb-padding-top:0px;--awb-padding-right:0px;--awb-padding-bottom:0px;--awb-padding-left:0px;--awb-margin-top:0px;--awb-margin-bottom:0px;--awb-background-image:url(&quot;https:\/\/www.planete-sciences.org\/national\/wp-content\/uploads\/2019\/01\/IMG_20180310_123324-1200x900.jpg&quot;);--awb-background-size:cover;--awb-flex-wrap:wrap;\" ><div class=\"fusion-builder-row fusion-row fusion-flex-align-items-stretch fusion-flex-content-wrap\" style=\"max-width:calc( 1024px + 0px );margin-left: calc(-0px \/ 2 );margin-right: calc(-0px \/ 2 );\"><div class=\"fusion-layout-column fusion_builder_column fusion-builder-column-6 fusion_builder_column_1_2 1_2 fusion-flex-column fusion-animated\" style=\"--awb-padding-top:20%;--awb-padding-right:100px;--awb-padding-bottom:20%;--awb-padding-left:100px;--awb-bg-color:rgba(255,255,255,0.85);--awb-bg-color-hover:rgba(255,255,255,0.85);--awb-bg-size:cover;--awb-width-large:50%;--awb-margin-top-large:0px;--awb-spacing-right-large:0px;--awb-margin-bottom-large:0px;--awb-spacing-left-large:0px;--awb-width-medium:50%;--awb-spacing-right-medium:0px;--awb-spacing-left-medium:0px;--awb-width-small:100%;--awb-spacing-right-small:0px;--awb-spacing-left-small:0px;\" data-animationType=\"slideInRight\" data-animationDuration=\"0.3\" data-animationOffset=\"top-into-view\"><div class=\"fusion-column-wrapper fusion-flex-justify-content-center fusion-content-layout-column\"><div class=\"fusion-image-element \" style=\"text-align:center;--awb-caption-title-font-family:var(--h2_typography-font-family);--awb-caption-title-font-weight:var(--h2_typography-font-weight);--awb-caption-title-font-style:var(--h2_typography-font-style);--awb-caption-title-size:var(--h2_typography-font-size);--awb-caption-title-transform:var(--h2_typography-text-transform);--awb-caption-title-line-height:var(--h2_typography-line-height);--awb-caption-title-letter-spacing:var(--h2_typography-letter-spacing);\"><span class=\" fusion-imageframe imageframe-none imageframe-4 hover-type-none\"><img decoding=\"async\" width=\"120\" height=\"120\" title=\"Plasci-Website-Iconography_accompagnement-projet\" src=\"https:\/\/www.planete-sciences.org\/national\/wp-content\/uploads\/2019\/01\/Plasci-Website-Iconography_accompagnement-projet.png\" alt class=\"img-responsive wp-image-368\" srcset=\"https:\/\/www.planete-sciences.org\/national\/wp-content\/uploads\/2019\/01\/Plasci-Website-Iconography_accompagnement-projet-66x66.png 66w, https:\/\/www.planete-sciences.org\/national\/wp-content\/uploads\/2019\/01\/Plasci-Website-Iconography_accompagnement-projet.png 120w\" sizes=\"(max-width: 120px) 100vw, 120px\" \/><\/span><\/div><div class=\"fusion-title title fusion-title-4 fusion-sep-none fusion-title-center fusion-title-text fusion-title-size-two\"><h2 class=\"fusion-title-heading title-heading-center\" style=\"margin:0;\">Un accompagnement de projets<\/h2><\/div><div class=\"fusion-text fusion-text-4\"><p>L\u2019accompagnement de Plan\u00e8te Sciences peut rev\u00eatir diverses formes : mise \u00e0 disposition ou pr\u00eat de mat\u00e9riel, aide \u00e0 la conception, \u00e0 la r\u00e9alisation et la valorisation de projets, fourniture de documentation technique et p\u00e9dagogique, suivi permanents par des b\u00e9n\u00e9voles et les salari\u00e9s\u00b7\u00e9es.<\/p>\n<\/div><\/div><\/div><div class=\"fusion-layout-column fusion_builder_column fusion-builder-column-7 fusion_builder_column_1_2 1_2 fusion-flex-column\" style=\"--awb-padding-top:80px;--awb-padding-right:100px;--awb-padding-bottom:80px;--awb-padding-left:100px;--awb-bg-size:cover;--awb-width-large:50%;--awb-margin-top-large:0px;--awb-spacing-right-large:0px;--awb-margin-bottom-large:0px;--awb-spacing-left-large:0px;--awb-width-medium:50%;--awb-spacing-right-medium:0px;--awb-spacing-left-medium:0px;--awb-width-small:100%;--awb-spacing-right-small:0px;--awb-spacing-left-small:0px;\"><div class=\"fusion-column-wrapper fusion-flex-justify-content-center fusion-content-layout-column\"><\/div><\/div><\/div><\/div><\/p>\n","protected":false},"excerpt":{"rendered":"","protected":false},"author":1,"featured_media":0,"parent":0,"menu_order":0,"comment_status":"closed","ping_status":"closed","template":"","meta":{"_bbp_topic_count":0,"_bbp_reply_count":0,"_bbp_total_topic_count":0,"_bbp_total_reply_count":0,"_bbp_voice_count":0,"_bbp_anonymous_reply_count":0,"_bbp_topic_count_hidden":0,"_bbp_reply_count_hidden":0,"_bbp_forum_subforum_count":0,"ngg_post_thumbnail":0,"footnotes":""},"class_list":["post-660","page","type-page","status-publish","hentry"],"_links":{"self":[{"href":"https:\/\/www.planete-sciences.org\/national\/wp-json\/wp\/v2\/pages\/660","targetHints":{"allow":["GET"]}}],"collection":[{"href":"https:\/\/www.planete-sciences.org\/national\/wp-json\/wp\/v2\/pages"}],"about":[{"href":"https:\/\/www.planete-sciences.org\/national\/wp-json\/wp\/v2\/types\/page"}],"author":[{"embeddable":true,"href":"https:\/\/www.planete-sciences.org\/national\/wp-json\/wp\/v2\/users\/1"}],"replies":[{"embeddable":true,"href":"https:\/\/www.planete-sciences.org\/national\/wp-json\/wp\/v2\/comments?post=660"}],"version-history":[{"count":17,"href":"https:\/\/www.planete-sciences.org\/national\/wp-json\/wp\/v2\/pages\/660\/revisions"}],"predecessor-version":[{"id":7110,"href":"https:\/\/www.planete-sciences.org\/national\/wp-json\/wp\/v2\/pages\/660\/revisions\/7110"}],"wp:attachment":[{"href":"https:\/\/www.planete-sciences.org\/national\/wp-json\/wp\/v2\/media?parent=660"}],"curies":[{"name":"wp","href":"https:\/\/api.w.org\/{rel}","templated":true}]}}