{"id":6591,"date":"2026-02-02T17:18:33","date_gmt":"2026-02-02T16:18:33","guid":{"rendered":"https:\/\/www.planete-sciences.org\/national\/?page_id=6591"},"modified":"2026-02-02T17:35:18","modified_gmt":"2026-02-02T16:35:18","slug":"nos-partenaires","status":"publish","type":"page","link":"https:\/\/www.planete-sciences.org\/national\/nos-partenaires\/","title":{"rendered":"Nos partenaires"},"content":{"rendered":"<div class=\"fusion-fullwidth fullwidth-box fusion-builder-row-1 fusion-flex-container nonhundred-percent-fullwidth non-hundred-percent-height-scrolling\" style=\"--awb-border-radius-top-left:0px;--awb-border-radius-top-right:0px;--awb-border-radius-bottom-right:0px;--awb-border-radius-bottom-left:0px;--awb-flex-wrap:wrap;\" ><div class=\"fusion-builder-row fusion-row fusion-flex-align-items-flex-start fusion-flex-content-wrap\" style=\"max-width:1064.96px;margin-left: calc(-4% \/ 2 );margin-right: calc(-4% \/ 2 );\"><div class=\"fusion-layout-column fusion_builder_column fusion-builder-column-0 fusion_builder_column_1_1 1_1 fusion-flex-column\" style=\"--awb-bg-size:cover;--awb-width-large:100%;--awb-margin-top-large:0px;--awb-spacing-right-large:1.92%;--awb-margin-bottom-large:20px;--awb-spacing-left-large:1.92%;--awb-width-medium:100%;--awb-order-medium:0;--awb-spacing-right-medium:1.92%;--awb-spacing-left-medium:1.92%;--awb-width-small:100%;--awb-order-small:0;--awb-spacing-right-small:1.92%;--awb-spacing-left-small:1.92%;\"><div class=\"fusion-column-wrapper fusion-column-has-shadow fusion-flex-justify-content-flex-start fusion-content-layout-column\"><div class=\"fusion-text fusion-text-1\"><p>La diversit\u00e9 des partenaires de Plan\u00e8te Sciences atteste de l\u2019int\u00e9r\u00eat port\u00e9 par diff\u00e9rents acteurs publics et priv\u00e9s \u00e0 ses valeurs, sa d\u00e9marche \u00e9ducative et ses activit\u00e9s et plus g\u00e9n\u00e9ralement \u00e0 l\u2019\u00e9ducation populaire. Leurs soutiens financiers et de comp\u00e9tences s\u2019inscrivent dans le cadre de leurs actions vers les jeunes et le grand public. Les premiers sont attribu\u00e9s majoritairement dans le cadre d\u2019appels \u00e0 projets. Aujourd\u2019hui, les principaux partenaires de notre association sont des instances publiques (minist\u00e8res, collectivit\u00e9s territoriales, organismes de recherche, structures culturelles, \u00e9tablissements scolaires et d\u2019enseignement professionnel et sup\u00e9rieur et associations) et priv\u00e9es (industriels, organisations professionnelles et fondations). Leur accompagnement permanent traduit la reconnaissance qu\u2019ils accordent \u00e0 notre association pour offrir au plus grand nombre de jeunes des possibilit\u00e9s de d\u00e9couvrir et pratiquer la science et la technique dans le cadre d\u2019activit\u00e9s adapt\u00e9es \u00e0 leur situation et lieu et situation de vie. Les partenaires de la recherche et de l\u2019industrie offrent \u00e9galement aux jeunes la possibilit\u00e9 de d\u00e9couvrir leurs diff\u00e9rents m\u00e9tiers.<\/p>\n<\/div><\/div><\/div><div class=\"fusion-layout-column fusion_builder_column fusion-builder-column-1 fusion_builder_column_1_5 1_5 fusion-flex-column\" style=\"--awb-bg-size:cover;--awb-width-large:20%;--awb-margin-top-large:0px;--awb-spacing-right-large:3.84%;--awb-margin-bottom-large:0px;--awb-spacing-left-large:9.6%;--awb-width-medium:20%;--awb-spacing-right-medium:3.84%;--awb-spacing-left-medium:9.6%;--awb-width-small:100%;--awb-spacing-right-small:1.92%;--awb-spacing-left-small:1.92%;\"><div class=\"fusion-column-wrapper fusion-flex-justify-content-flex-start fusion-content-layout-column\"><div class=\"fusion-image-element \" style=\"--awb-caption-title-font-family:var(--h2_typography-font-family);--awb-caption-title-font-weight:var(--h2_typography-font-weight);--awb-caption-title-font-style:var(--h2_typography-font-style);--awb-caption-title-size:var(--h2_typography-font-size);--awb-caption-title-transform:var(--h2_typography-text-transform);--awb-caption-title-line-height:var(--h2_typography-line-height);--awb-caption-title-letter-spacing:var(--h2_typography-letter-spacing);\"><span class=\" fusion-imageframe imageframe-none imageframe-1 hover-type-none\"><img decoding=\"async\" width=\"227\" height=\"247\" title=\"CNEScentr\u00e91m\" src=\"https:\/\/www.planete-sciences.org\/national\/wp-content\/uploads\/2026\/02\/CNEScentre1m-1.png\" alt class=\"img-responsive wp-image-6981\" srcset=\"https:\/\/www.planete-sciences.org\/national\/wp-content\/uploads\/2026\/02\/CNEScentre1m-1-200x218.png 200w, https:\/\/www.planete-sciences.org\/national\/wp-content\/uploads\/2026\/02\/CNEScentre1m-1.png 227w\" sizes=\"(max-width: 640px) 100vw, 200px\" \/><\/span><\/div><\/div><\/div><div class=\"fusion-layout-column fusion_builder_column fusion-builder-column-2 fusion_builder_column_4_5 4_5 fusion-flex-column\" style=\"--awb-bg-size:cover;--awb-width-large:80%;--awb-margin-top-large:0px;--awb-spacing-right-large:2.4%;--awb-margin-bottom-large:20px;--awb-spacing-left-large:3.84%;--awb-width-medium:80%;--awb-order-medium:0;--awb-spacing-right-medium:2.4%;--awb-spacing-left-medium:3.84%;--awb-width-small:100%;--awb-order-small:0;--awb-spacing-right-small:1.92%;--awb-spacing-left-small:1.92%;\"><div class=\"fusion-column-wrapper fusion-column-has-shadow fusion-flex-justify-content-flex-start fusion-content-layout-column\"><div class=\"fusion-text fusion-text-2\"><p><strong>LE CNES<\/strong><\/p>\n<p>Il est notre partenaire historique, exactement depuis 1962, dans le cadre de son programme d\u2019actions destin\u00e9es aux jeunes pour leur faire d\u00e9couvrir tous les aspects des activit\u00e9s techniques et scientifiques spatiales et les r\u00e9sultats obtenus en termes de nouvelles connaissances et d\u2019utilisations, d\u00e9sormais quotidiennes, dans de nombreux domaines tels que les communications, le num\u00e9rique, l\u2019environnement, l\u2019\u00e9conomie et bien d\u2019autres. Outre son soutien financier, il nous apporte une expertise technique pour des animations et projets tels qu\u2019Un ballon pour l\u2019\u00e9cole, ProxiMars, Rocketry Challenge, C\u2019Space,&nbsp; ou BallonBus.<\/p>\n<\/div><div class=\"fusion-text fusion-text-3\"><p>Aujourd\u2019hui, les principaux partenaires de Plan\u00e8te Sciences sont&nbsp;:<\/p>\n<ul>\n<li>Des minist\u00e8res, et des agences nationales et leurs structures d\u00e9concentr\u00e9es&nbsp;: \u00e9ducation nationale, culture, \u00e9cologie et d\u00e9veloppement durable, jeunesse, transition \u00e9nerg\u00e9tique, enseignement sup\u00e9rieur, de la recherche et de l\u2019innovation, D\u00e9fense (Arm\u00e9e de Terre), politique de la ville et Cit\u00e9s \u00e9ducatives, \u2026<\/li>\n<li>Des collectivit\u00e9s territoriales&nbsp;: conseils r\u00e9gionaux, d\u00e9partementaux, villes, agglom\u00e9rations, \u2026<\/li>\n<li>Des institutions de recherche et techniques&nbsp;: CNES, ESA\/ESERO IFPEN, IRSN, MHHN, IFFO-RME, Universit\u00e9s, Observatoire de Paris-Meudon, \u2026<\/li>\n<li>Des structures culturelles&nbsp;: Universcience , Base de loisirs de Buthiers (77), CCSTI, m\u00e9diath\u00e8ques, centres de loisirs, \u2026<\/li>\n<li>Des organisations professionnelles, des entreprises et des agences de d\u00e9veloppement \u00e9conomique : GIFAS, MBDA, Airbus Defense &amp; Space, SAFRAN, EDF, &nbsp;Orion, \u2026 Des associations : AMCSTI, AFA, Les Francas, M\u00e9t\u00e9o et Climat, Petits D\u00e9brouillards, Tela Botanica, &nbsp;R\u00e9seau Net\u2019Labs Innovation, \u2026.<\/li>\n<li>Des fondations : Orange, Air France, SNCF, &nbsp;Thal\u00e8s Solidarity, Nature et D\u00e9couverte , , Jean-Marc Salomon, \u2026<\/li>\n<\/ul>\n<p>&nbsp;<\/p>\n<\/div><\/div><\/div><\/div><\/div>\n","protected":false},"excerpt":{"rendered":"","protected":false},"author":16,"featured_media":0,"parent":0,"menu_order":0,"comment_status":"closed","ping_status":"closed","template":"","meta":{"_bbp_topic_count":0,"_bbp_reply_count":0,"_bbp_total_topic_count":0,"_bbp_total_reply_count":0,"_bbp_voice_count":0,"_bbp_anonymous_reply_count":0,"_bbp_topic_count_hidden":0,"_bbp_reply_count_hidden":0,"_bbp_forum_subforum_count":0,"ngg_post_thumbnail":0,"footnotes":""},"class_list":["post-6591","page","type-page","status-publish","hentry"],"_links":{"self":[{"href":"https:\/\/www.planete-sciences.org\/national\/wp-json\/wp\/v2\/pages\/6591","targetHints":{"allow":["GET"]}}],"collection":[{"href":"https:\/\/www.planete-sciences.org\/national\/wp-json\/wp\/v2\/pages"}],"about":[{"href":"https:\/\/www.planete-sciences.org\/national\/wp-json\/wp\/v2\/types\/page"}],"author":[{"embeddable":true,"href":"https:\/\/www.planete-sciences.org\/national\/wp-json\/wp\/v2\/users\/16"}],"replies":[{"embeddable":true,"href":"https:\/\/www.planete-sciences.org\/national\/wp-json\/wp\/v2\/comments?post=6591"}],"version-history":[{"count":13,"href":"https:\/\/www.planete-sciences.org\/national\/wp-json\/wp\/v2\/pages\/6591\/revisions"}],"predecessor-version":[{"id":6983,"href":"https:\/\/www.planete-sciences.org\/national\/wp-json\/wp\/v2\/pages\/6591\/revisions\/6983"}],"wp:attachment":[{"href":"https:\/\/www.planete-sciences.org\/national\/wp-json\/wp\/v2\/media?parent=6591"}],"curies":[{"name":"wp","href":"https:\/\/api.w.org\/{rel}","templated":true}]}}