{"id":65,"date":"2018-10-16T16:29:06","date_gmt":"2018-10-16T14:29:06","guid":{"rendered":"https:\/\/www.planete-sciences.org\/national\/?page_id=65"},"modified":"2026-04-22T17:35:44","modified_gmt":"2026-04-22T15:35:44","slug":"qui-sommes-nous","status":"publish","type":"page","link":"https:\/\/www.planete-sciences.org\/national\/qui-sommes-nous\/","title":{"rendered":"L&rsquo;association"},"content":{"rendered":"<p><div class=\"fusion-fullwidth fullwidth-box fusion-builder-row-1 fusion-flex-container nonhundred-percent-fullwidth non-hundred-percent-height-scrolling\" style=\"--awb-border-radius-top-left:0px;--awb-border-radius-top-right:0px;--awb-border-radius-bottom-right:0px;--awb-border-radius-bottom-left:0px;--awb-padding-top:30px;--awb-flex-wrap:wrap;\" ><div class=\"fusion-builder-row fusion-row fusion-flex-align-items-flex-start fusion-flex-content-wrap\" style=\"max-width:1064.96px;margin-left: calc(-4% \/ 2 );margin-right: calc(-4% \/ 2 );\"><div class=\"fusion-layout-column fusion_builder_column fusion-builder-column-0 fusion_builder_column_1_1 1_1 fusion-flex-column\" style=\"--awb-padding-bottom:10px;--awb-bg-size:cover;--awb-width-large:100%;--awb-margin-top-large:0px;--awb-spacing-right-large:1.92%;--awb-margin-bottom-large:0px;--awb-spacing-left-large:1.92%;--awb-width-medium:100%;--awb-spacing-right-medium:1.92%;--awb-spacing-left-medium:1.92%;--awb-width-small:100%;--awb-spacing-right-small:1.92%;--awb-spacing-left-small:1.92%;\"><div class=\"fusion-column-wrapper fusion-flex-justify-content-flex-start fusion-content-layout-column\"><div class=\"fusion-text fusion-text-1\"><p>Cr\u00e9\u00e9e en 1962, Plan\u00e8te Sciences (association loi 1901) offre l\u2019opportunit\u00e9 \u00e0 tous les jeunes de 5 \u00e0 25 ans d\u2019aborder les sciences et technologies \u00e0 travers diff\u00e9rentes th\u00e9matiques : astronomie, espace, environnement, robotique et num\u00e9rique. Dans une ambiance ludique, conviviale et de partage, ils pourront :<\/p>\n<ul>\n<li>concevoir et r\u00e9aliser des fus\u00e9es, des exp\u00e9riences embarqu\u00e9es \u00e0 bord d\u2019un ballon stratosph\u00e9rique, des robots, des instruments d\u2019observation du ciel ou des drones&nbsp;;<\/li>\n<li>d\u00e9couvrir la diversit\u00e9 de la flore, de la faune et des milieux et comprendre la biodiversit\u00e9 pour participer \u00e0 sa protection&nbsp;;<\/li>\n<li>s\u2019initier aux probl\u00e9matiques d\u2019enjeux concernant par exemple l\u2019\u00e9nergie, l\u2019environnement, les changements climatiques ou le d\u00e9veloppement du num\u00e9rique&nbsp;;<\/li>\n<li>utiliser toutes les possibilit\u00e9s offertes par un fablab ou un observatoire astronomique&nbsp;;<\/li>\n<li>participer \u00e0 des projets nationaux, europ\u00e9ens ou internationaux tels que la Coupe de France de Robotique, Eurobot, le C\u2019Space ou le Rocketry Challenge.<\/li>\n<\/ul>\n<p>Plan\u00e8te Sciences propose aux jeunes de participer \u00e0 un projet \u00e9ducatif global donnant le go\u00fbt des sciences et de la technologie en privil\u00e9giant l\u2019approche exp\u00e9rimentale et la pratique en \u00e9quipe. Au-del\u00e0 du plaisir de la d\u00e9couverte et d\u2019une meilleure compr\u00e9hension&nbsp; du th\u00e8me choisi, cette d\u00e9marche leur permet, par une participation active, de passer de la th\u00e9orie \u00e0 la pratique, de l\u2019id\u00e9e \u00e0 sa concr\u00e9tisation et \u00e0 sa valorisation. Chacun constate ses propres capacit\u00e9s, l\u2019int\u00e9r\u00eat de faire \u00e0 plusieurs et acquiert un esprit critique. Plan\u00e8te Sciences propose diff\u00e9rents types de formations p\u00e9dagogiques (BAFA&#8230;) et techniques (microfus\u00e9es&#8230;) et produit des outils p\u00e9dagogiques.<\/p>\n<p>Plan\u00e8te Sciences accompagne les enseignants\u00b7es, les animateurs\u00b7trices, les \u00e9ducateurs\u00b7trices dans leurs actions de m\u00e9diations vers les jeunes. Ses activit\u00e9s s\u2019inscrivent dans les politiques vers les jeunes d\u2019acteurs publics et priv\u00e9s. C\u2019est dans ce cadre que ces derniers apportent \u00e0 Plan\u00e8te Sciences des soutiens financiers et de comp\u00e9tence.<\/p>\n<p>Plan\u00e8te Sciences, en milieu urbain et rural,&nbsp; intervient dans diff\u00e9rents cadres (enseignement primaire, secondaire, sup\u00e9rieur, clubs, centres de loisirs, \u00e9v\u00e9nements). Pour couvrir une large part du territoire, Plan\u00e8te Sciences, outre l\u2019association nationale (situ\u00e9e \u00e0 Evry-Courcouronnes), s\u2019appuie sur son r\u00e9seau compos\u00e9 de huit D\u00e9l\u00e9gations et de sept Relais.<\/p>\n<p>Pour innover en permanence, Plan\u00e8te Sciences a des liens \u00e9troits avec des chercheurs\u00b7ses, des ing\u00e9nieurs\u00b7es et d\u2019autres acteurs de la culture et s\u2019appuie sur le savoir-faire et le fort engagement de ses centaines de b\u00e9n\u00e9voles et de ses dizaines de salari\u00e9s\u00b7\u00e9es.<\/p>\n<\/div><\/div><\/div><\/div><\/div><div class=\"fusion-fullwidth fullwidth-box fusion-builder-row-2 fusion-flex-container nonhundred-percent-fullwidth non-hundred-percent-height-scrolling\" style=\"--awb-border-radius-top-left:0px;--awb-border-radius-top-right:0px;--awb-border-radius-bottom-right:0px;--awb-border-radius-bottom-left:0px;--awb-padding-top:0px;--awb-margin-top:0px;--awb-margin-bottom:0px;--awb-flex-wrap:wrap;\" ><div class=\"fusion-builder-row fusion-row fusion-flex-align-items-stretch fusion-flex-content-wrap\" style=\"max-width:1064.96px;margin-left: calc(-4% \/ 2 );margin-right: calc(-4% \/ 2 );\"><div class=\"fusion-layout-column fusion_builder_column fusion-builder-column-1 fusion_builder_column_1_1 1_1 fusion-flex-column\" style=\"--awb-padding-top:0px;--awb-padding-bottom:0px;--awb-bg-size:cover;--awb-width-large:100%;--awb-margin-top-large:0px;--awb-spacing-right-large:1.92%;--awb-margin-bottom-large:0px;--awb-spacing-left-large:1.92%;--awb-width-medium:100%;--awb-spacing-right-medium:1.92%;--awb-spacing-left-medium:1.92%;--awb-width-small:100%;--awb-spacing-right-small:1.92%;--awb-spacing-left-small:1.92%;\"><div class=\"fusion-column-wrapper fusion-flex-justify-content-flex-start fusion-content-layout-column\"><div class=\"fusion-section-separator section-separator curved fusion-section-separator-1\" style=\"--awb-spacer-height:99px;--awb-svg-margin-left:1.92%;--awb-svg-margin-right:1.92%;--awb-svg-margin-left-medium:1.92%;--awb-svg-margin-right-medium:1.92%;--awb-svg-margin-left-small:1.92%;--awb-svg-margin-right-small:1.92%;--awb-divider-height:99px;--awb-spacer-padding-top:inherit;--awb-sep-padding:0;--awb-svg-padding:0;\"><div class=\"fusion-section-separator-svg\"><svg class=\"fusion-curved-candy\" xmlns=\"http:\/\/www.w3.org\/2000\/svg\" version=\"1.1\" width=\"100%\" height=\"100\" viewBox=\"0 0 100 100\" preserveAspectRatio=\"none\" fill=\"rgba(0,159,227,1)\"><path d=\"M0 100 C 20 0 50 0 100 100 Z\"><\/path><\/svg><\/div><div class=\"fusion-section-separator-spacer\"><div class=\"fusion-section-separator-spacer-height\"><\/div><\/div><\/div><\/div><\/div><\/div><\/div><div class=\"fusion-fullwidth fullwidth-box fusion-builder-row-3 fusion-flex-container nonhundred-percent-fullwidth non-hundred-percent-height-scrolling\" style=\"--awb-border-radius-top-left:0px;--awb-border-radius-top-right:0px;--awb-border-radius-bottom-right:0px;--awb-border-radius-bottom-left:0px;--awb-padding-top:0px;--awb-padding-bottom:20px;--awb-margin-top:0px;--awb-margin-bottom:0px;--awb-background-color:#009fe3;--awb-flex-wrap:wrap;\" ><div class=\"fusion-builder-row fusion-row fusion-flex-align-items-stretch fusion-flex-content-wrap\" style=\"max-width:1064.96px;margin-left: calc(-4% \/ 2 );margin-right: calc(-4% \/ 2 );\"><div class=\"fusion-layout-column fusion_builder_column fusion-builder-column-2 fusion_builder_column_1_4 1_4 fusion-flex-column survol-bloc fusion-column-inner-bg-wrapper fusion-animated\" style=\"--awb-inner-bg-size:cover;--awb-width-large:25%;--awb-margin-top-large:0px;--awb-spacing-right-large:7.68%;--awb-margin-bottom-large:20px;--awb-spacing-left-large:7.68%;--awb-width-medium:25%;--awb-spacing-right-medium:7.68%;--awb-spacing-left-medium:7.68%;--awb-width-small:100%;--awb-spacing-right-small:1.92%;--awb-spacing-left-small:1.92%;\" data-animationType=\"slideInLeft\" data-animationDuration=\"0.3\" data-animationOffset=\"top-into-view\"><span class=\"fusion-column-inner-bg hover-type-none\"><a class=\"fusion-column-anchor\" href=\"https:\/\/www.planete-sciences.org\/national\/download\/statuts-planete-sciences\/?wpdmdl=1187&#038;masterkey=5de66c6c28320\"><span class=\"fusion-column-inner-bg-image\"><\/span><\/a><\/span><div class=\"fusion-column-wrapper fusion-column-has-shadow fusion-flex-justify-content-flex-start fusion-content-layout-column\"><div class=\"fusion-image-element \" style=\"text-align:center;--awb-caption-title-font-family:var(--h2_typography-font-family);--awb-caption-title-font-weight:var(--h2_typography-font-weight);--awb-caption-title-font-style:var(--h2_typography-font-style);--awb-caption-title-size:var(--h2_typography-font-size);--awb-caption-title-transform:var(--h2_typography-text-transform);--awb-caption-title-line-height:var(--h2_typography-line-height);--awb-caption-title-letter-spacing:var(--h2_typography-letter-spacing);\"><span class=\" fusion-imageframe imageframe-none imageframe-1 hover-type-none\"><img decoding=\"async\" width=\"120\" height=\"120\" title=\"Plasci-Website-Iconography_statuts\" src=\"https:\/\/www.planete-sciences.org\/national\/wp-content\/uploads\/2018\/12\/Plasci-Website-Iconography_statuts.png\" alt class=\"img-responsive wp-image-222\" srcset=\"https:\/\/www.planete-sciences.org\/national\/wp-content\/uploads\/2018\/12\/Plasci-Website-Iconography_statuts-66x66.png 66w, https:\/\/www.planete-sciences.org\/national\/wp-content\/uploads\/2018\/12\/Plasci-Website-Iconography_statuts.png 120w\" sizes=\"(max-width: 120px) 100vw, 120px\" \/><\/span><\/div><div class=\"fusion-title title fusion-title-1 fusion-sep-none fusion-title-center fusion-title-text fusion-title-size-three\" style=\"--awb-text-color:#ffffff;\"><h3 class=\"fusion-title-heading title-heading-center\" style=\"margin:0;\">Nos statuts<\/h3><\/div><\/div><\/div><div class=\"fusion-layout-column fusion_builder_column fusion-builder-column-3 fusion_builder_column_1_4 1_4 fusion-flex-column survol-bloc fusion-column-inner-bg-wrapper fusion-animated\" style=\"--awb-inner-bg-size:cover;--awb-width-large:25%;--awb-margin-top-large:0px;--awb-spacing-right-large:7.68%;--awb-margin-bottom-large:20px;--awb-spacing-left-large:7.68%;--awb-width-medium:25%;--awb-order-medium:0;--awb-spacing-right-medium:7.68%;--awb-spacing-left-medium:7.68%;--awb-width-small:100%;--awb-order-small:0;--awb-spacing-right-small:1.92%;--awb-spacing-left-small:1.92%;\" data-animationType=\"slideInLeft\" data-animationDuration=\"0.4\" data-animationOffset=\"top-into-view\" data-scroll-devices=\"small-visibility,medium-visibility,large-visibility\"><span class=\"fusion-column-inner-bg hover-type-none\"><a class=\"fusion-column-anchor\" href=\"https:\/\/www.planete-sciences.org\/national\/wp-content\/uploads\/2026\/04\/Membres-CA-au-29-mars-2026.pdf\"><span class=\"fusion-column-inner-bg-image\"><\/span><\/a><\/span><div class=\"fusion-column-wrapper fusion-column-has-shadow fusion-flex-justify-content-flex-start fusion-content-layout-column\"><div class=\"fusion-image-element \" style=\"text-align:center;--awb-caption-title-font-family:var(--h2_typography-font-family);--awb-caption-title-font-weight:var(--h2_typography-font-weight);--awb-caption-title-font-style:var(--h2_typography-font-style);--awb-caption-title-size:var(--h2_typography-font-size);--awb-caption-title-transform:var(--h2_typography-text-transform);--awb-caption-title-line-height:var(--h2_typography-line-height);--awb-caption-title-letter-spacing:var(--h2_typography-letter-spacing);\"><span class=\" fusion-imageframe imageframe-none imageframe-2 hover-type-none\"><img decoding=\"async\" width=\"120\" height=\"120\" title=\"Plasci-Website-Iconography_conseil-administration\" src=\"https:\/\/www.planete-sciences.org\/national\/wp-content\/uploads\/2018\/12\/Plasci-Website-Iconography_conseil-administration.png\" alt class=\"img-responsive wp-image-219\" srcset=\"https:\/\/www.planete-sciences.org\/national\/wp-content\/uploads\/2018\/12\/Plasci-Website-Iconography_conseil-administration-66x66.png 66w, https:\/\/www.planete-sciences.org\/national\/wp-content\/uploads\/2018\/12\/Plasci-Website-Iconography_conseil-administration.png 120w\" sizes=\"(max-width: 120px) 100vw, 120px\" \/><\/span><\/div><div class=\"fusion-title title fusion-title-2 fusion-sep-none fusion-title-center fusion-title-text fusion-title-size-three\" style=\"--awb-text-color:#ffffff;\"><h3 class=\"fusion-title-heading title-heading-center\" style=\"margin:0;\">Notre conseil d&rsquo;administration<\/h3><\/div><\/div><\/div><div class=\"fusion-layout-column fusion_builder_column fusion-builder-column-4 fusion_builder_column_1_4 1_4 fusion-flex-column survol-bloc fusion-column-inner-bg-wrapper fusion-animated\" style=\"--awb-inner-bg-size:cover;--awb-width-large:25%;--awb-margin-top-large:0px;--awb-spacing-right-large:7.68%;--awb-margin-bottom-large:20px;--awb-spacing-left-large:7.68%;--awb-width-medium:25%;--awb-spacing-right-medium:7.68%;--awb-spacing-left-medium:7.68%;--awb-width-small:100%;--awb-spacing-right-small:1.92%;--awb-spacing-left-small:1.92%;\" data-animationType=\"slideInLeft\" data-animationDuration=\"0.5\" data-animationOffset=\"top-into-view\"><span class=\"fusion-column-inner-bg hover-type-none\"><a class=\"fusion-column-anchor\" href=\"https:\/\/www.planete-sciences.org\/national\/download\/projet-educatif\/?wpdmdl=671&#038;masterkey=5c36255b96839\"><span class=\"fusion-column-inner-bg-image\"><\/span><\/a><\/span><div class=\"fusion-column-wrapper fusion-flex-justify-content-flex-start fusion-content-layout-column\"><div class=\"fusion-image-element \" style=\"text-align:center;--awb-caption-title-font-family:var(--h2_typography-font-family);--awb-caption-title-font-weight:var(--h2_typography-font-weight);--awb-caption-title-font-style:var(--h2_typography-font-style);--awb-caption-title-size:var(--h2_typography-font-size);--awb-caption-title-transform:var(--h2_typography-text-transform);--awb-caption-title-line-height:var(--h2_typography-line-height);--awb-caption-title-letter-spacing:var(--h2_typography-letter-spacing);\"><span class=\" fusion-imageframe imageframe-none imageframe-3 hover-type-none\"><img decoding=\"async\" width=\"120\" height=\"120\" title=\"Plasci-Website-Iconography_projet-educatif\" src=\"https:\/\/www.planete-sciences.org\/national\/wp-content\/uploads\/2018\/12\/Plasci-Website-Iconography_projet-educatif.png\" alt class=\"img-responsive wp-image-221\" srcset=\"https:\/\/www.planete-sciences.org\/national\/wp-content\/uploads\/2018\/12\/Plasci-Website-Iconography_projet-educatif-66x66.png 66w, https:\/\/www.planete-sciences.org\/national\/wp-content\/uploads\/2018\/12\/Plasci-Website-Iconography_projet-educatif.png 120w\" sizes=\"(max-width: 120px) 100vw, 120px\" \/><\/span><\/div><div class=\"fusion-title title fusion-title-3 fusion-sep-none fusion-title-center fusion-title-text fusion-title-size-three\" style=\"--awb-text-color:#ffffff;\"><h3 class=\"fusion-title-heading title-heading-center\" style=\"margin:0;\">Notre projet \u00e9ducatif<\/h3><\/div><\/div><\/div><div class=\"fusion-layout-column fusion_builder_column fusion-builder-column-5 fusion_builder_column_1_4 1_4 fusion-flex-column survol-bloc fusion-column-inner-bg-wrapper fusion-animated\" style=\"--awb-inner-bg-size:cover;--awb-width-large:25%;--awb-margin-top-large:0px;--awb-spacing-right-large:7.68%;--awb-margin-bottom-large:20px;--awb-spacing-left-large:7.68%;--awb-width-medium:25%;--awb-spacing-right-medium:7.68%;--awb-spacing-left-medium:7.68%;--awb-width-small:100%;--awb-spacing-right-small:1.92%;--awb-spacing-left-small:1.92%;\" data-animationType=\"slideInLeft\" data-animationDuration=\"0.6\" data-animationOffset=\"top-into-view\"><span class=\"fusion-column-inner-bg hover-type-none\"><a class=\"fusion-column-anchor\" href=\"https:\/\/www.planete-sciences.org\/national\/nos-engagements\/\"><span class=\"fusion-column-inner-bg-image\"><\/span><\/a><\/span><div class=\"fusion-column-wrapper fusion-flex-justify-content-flex-start fusion-content-layout-column\"><div class=\"fusion-image-element \" style=\"text-align:center;--awb-caption-title-font-family:var(--h2_typography-font-family);--awb-caption-title-font-weight:var(--h2_typography-font-weight);--awb-caption-title-font-style:var(--h2_typography-font-style);--awb-caption-title-size:var(--h2_typography-font-size);--awb-caption-title-transform:var(--h2_typography-text-transform);--awb-caption-title-line-height:var(--h2_typography-line-height);--awb-caption-title-letter-spacing:var(--h2_typography-letter-spacing);\"><span class=\" fusion-imageframe imageframe-none imageframe-4 hover-type-none\"><img decoding=\"async\" width=\"120\" height=\"120\" title=\"Plasci-Website-Iconography_engagements\" src=\"https:\/\/www.planete-sciences.org\/national\/wp-content\/uploads\/2018\/12\/Plasci-Website-Iconography_engagements.png\" alt class=\"img-responsive wp-image-220\" srcset=\"https:\/\/www.planete-sciences.org\/national\/wp-content\/uploads\/2018\/12\/Plasci-Website-Iconography_engagements-66x66.png 66w, https:\/\/www.planete-sciences.org\/national\/wp-content\/uploads\/2018\/12\/Plasci-Website-Iconography_engagements.png 120w\" sizes=\"(max-width: 120px) 100vw, 120px\" \/><\/span><\/div><div class=\"fusion-title title fusion-title-4 fusion-sep-none fusion-title-center fusion-title-text fusion-title-size-three\" style=\"--awb-text-color:#ffffff;\"><h3 class=\"fusion-title-heading title-heading-center\" style=\"margin:0;\">Nos engagements<\/h3><\/div><\/div><\/div><\/div><\/div><div class=\"fusion-fullwidth fullwidth-box fusion-builder-row-4 fusion-flex-container nonhundred-percent-fullwidth non-hundred-percent-height-scrolling\" style=\"--awb-border-radius-top-left:0px;--awb-border-radius-top-right:0px;--awb-border-radius-bottom-right:0px;--awb-border-radius-bottom-left:0px;--awb-padding-top:0px;--awb-margin-top:0px;--awb-margin-bottom:0px;--awb-background-color:#f9f9f9;--awb-flex-wrap:wrap;\" ><div class=\"fusion-builder-row fusion-row fusion-flex-align-items-stretch fusion-flex-content-wrap\" style=\"max-width:1064.96px;margin-left: calc(-4% \/ 2 );margin-right: calc(-4% \/ 2 );\"><div class=\"fusion-layout-column fusion_builder_column fusion-builder-column-6 fusion_builder_column_1_1 1_1 fusion-flex-column fusion-animated\" style=\"--awb-padding-top:0px;--awb-padding-bottom:500px;--awb-bg-image:url(&#039;https:\/\/www.planete-sciences.org\/national\/wp-content\/uploads\/2019\/12\/DSC_8895.jpg&#039;);--awb-bg-position:center center;--awb-bg-size:cover;--awb-width-large:100%;--awb-margin-top-large:0px;--awb-spacing-right-large:1.92%;--awb-margin-bottom-large:0px;--awb-spacing-left-large:1.92%;--awb-width-medium:100%;--awb-spacing-right-medium:1.92%;--awb-spacing-left-medium:1.92%;--awb-width-small:100%;--awb-spacing-right-small:1.92%;--awb-spacing-left-small:1.92%;\" data-animationType=\"slideInDown\" data-animationDuration=\"0.3\" data-animationOffset=\"top-into-view\"><div class=\"fusion-column-wrapper fusion-column-has-shadow fusion-flex-justify-content-flex-start fusion-content-layout-column fusion-column-has-bg-image\" data-bg-url=\"https:\/\/www.planete-sciences.org\/national\/wp-content\/uploads\/2019\/12\/DSC_8895.jpg\"><div class=\"fusion-section-separator section-separator curved fusion-section-separator-2\" style=\"--awb-spacer-height:99px;--awb-svg-margin-left:1.92%;--awb-svg-margin-right:1.92%;--awb-svg-margin-left-medium:1.92%;--awb-svg-margin-right-medium:1.92%;--awb-svg-margin-left-small:1.92%;--awb-svg-margin-right-small:1.92%;--awb-divider-height:99px;--awb-spacer-padding-top:inherit;--awb-sep-padding:0;--awb-svg-padding:0;\"><div class=\"fusion-section-separator-svg\"><svg class=\"fusion-curved-candy\" xmlns=\"http:\/\/www.w3.org\/2000\/svg\" version=\"1.1\" width=\"100%\" height=\"100\" viewBox=\"0 0 100 100\" preserveAspectRatio=\"none\" fill=\"rgba(0,159,227,1)\"><path d=\"M0 0 C 50 100 80 100 100 0 Z\"><\/path><\/svg><\/div><div class=\"fusion-section-separator-spacer\"><div class=\"fusion-section-separator-spacer-height\"><\/div><\/div><\/div><\/div><\/div><\/div><\/div><\/p>\n","protected":false},"excerpt":{"rendered":"","protected":false},"author":1,"featured_media":0,"parent":0,"menu_order":0,"comment_status":"closed","ping_status":"closed","template":"100-width.php","meta":{"_bbp_topic_count":0,"_bbp_reply_count":0,"_bbp_total_topic_count":0,"_bbp_total_reply_count":0,"_bbp_voice_count":0,"_bbp_anonymous_reply_count":0,"_bbp_topic_count_hidden":0,"_bbp_reply_count_hidden":0,"_bbp_forum_subforum_count":0,"ngg_post_thumbnail":0,"footnotes":""},"class_list":["post-65","page","type-page","status-publish","hentry"],"_links":{"self":[{"href":"https:\/\/www.planete-sciences.org\/national\/wp-json\/wp\/v2\/pages\/65","targetHints":{"allow":["GET"]}}],"collection":[{"href":"https:\/\/www.planete-sciences.org\/national\/wp-json\/wp\/v2\/pages"}],"about":[{"href":"https:\/\/www.planete-sciences.org\/national\/wp-json\/wp\/v2\/types\/page"}],"author":[{"embeddable":true,"href":"https:\/\/www.planete-sciences.org\/national\/wp-json\/wp\/v2\/users\/1"}],"replies":[{"embeddable":true,"href":"https:\/\/www.planete-sciences.org\/national\/wp-json\/wp\/v2\/comments?post=65"}],"version-history":[{"count":115,"href":"https:\/\/www.planete-sciences.org\/national\/wp-json\/wp\/v2\/pages\/65\/revisions"}],"predecessor-version":[{"id":7241,"href":"https:\/\/www.planete-sciences.org\/national\/wp-json\/wp\/v2\/pages\/65\/revisions\/7241"}],"wp:attachment":[{"href":"https:\/\/www.planete-sciences.org\/national\/wp-json\/wp\/v2\/media?parent=65"}],"curies":[{"name":"wp","href":"https:\/\/api.w.org\/{rel}","templated":true}]}}