{"id":6067,"date":"2025-06-22T16:41:58","date_gmt":"2025-06-22T14:41:58","guid":{"rendered":"https:\/\/www.planete-sciences.org\/national\/?page_id=6067"},"modified":"2025-06-22T16:41:58","modified_gmt":"2025-06-22T14:41:58","slug":"agenda","status":"publish","type":"page","link":"https:\/\/www.planete-sciences.org\/national\/agenda\/","title":{"rendered":"Agenda"},"content":{"rendered":"<div class=\"fusion-fullwidth fullwidth-box fusion-builder-row-1 fusion-flex-container nonhundred-percent-fullwidth non-hundred-percent-height-scrolling\" style=\"--awb-border-radius-top-left:0px;--awb-border-radius-top-right:0px;--awb-border-radius-bottom-right:0px;--awb-border-radius-bottom-left:0px;--awb-flex-wrap:wrap;\" ><div class=\"fusion-builder-row fusion-row fusion-flex-align-items-flex-start fusion-flex-content-wrap\" style=\"max-width:calc( 1024px + 0px );margin-left: calc(-0px \/ 2 );margin-right: calc(-0px \/ 2 );\"><div class=\"fusion-layout-column fusion_builder_column fusion-builder-column-0 fusion_builder_column_1_1 1_1 fusion-flex-column\" style=\"--awb-bg-size:cover;--awb-width-large:100%;--awb-margin-top-large:0px;--awb-spacing-right-large:0px;--awb-margin-bottom-large:20px;--awb-spacing-left-large:0px;--awb-width-medium:100%;--awb-spacing-right-medium:0px;--awb-spacing-left-medium:0px;--awb-width-small:100%;--awb-spacing-right-small:0px;--awb-spacing-left-small:0px;\"><div class=\"fusion-column-wrapper fusion-flex-justify-content-flex-start fusion-content-layout-column\"><div class=\"fusion-events-shortcode fusion-events-shortcode-1\" style=\"margin-left: -20px;margin-right: -20px;\"><div class=\"fusion-events-wrapper\" data-pages=\"1\"><div class=\"fusion-events-post fusion-spacing-no fusion-one-third fusion-layout-column\" style=\"padding:20px\"><div class=\"fusion-column-wrapper\"><div class=\"fusion-events-thumbnail hover-type-none\"><a href=\"https:\/\/www.planete-sciences.org\/national\/evenements\/les-stages-de-printemps-sont-arrives\/\" class=\"url\" rel=\"bookmark\" aria-label=\"D\u00e9couvrez la programmation des stages de printemps !\"><span class=\"tribe-events-event-image\" style=\"background-image: url(https:\/\/www.planete-sciences.org\/national\/wp-content\/uploads\/2026\/03\/Stages-ESD-printemps-1.png); -webkit-background-size: cover; background-size: cover; background-position: center center;\"><\/span><\/a><\/div><div class=\"fusion-events-content-wrapper\" style=\"padding:20px 20px 20px 20px;\"><div class=\"fusion-events-meta\"><h2><a href=\"https:\/\/www.planete-sciences.org\/national\/evenements\/les-stages-de-printemps-sont-arrives\/\" class=\"url\" rel=\"bookmark\">D\u00e9couvrez la programmation des stages de printemps !<\/a><\/h2><h4><span class=\"tribe-event-date-start\">20 avril \u00e0 8 h 00 min<\/span> - <span class=\"tribe-event-date-end\">19 juin \u00e0 17 h 00 min<\/span><\/h4><\/div><div class=\"fusion-events-content\"><p>L\u2019Espace des Sciences et de D\u00e9couverte organise, pendant les vacances de printemps de la Zone C, plusieurs stages d\u00e9di\u00e9s \u00e0  [...]<\/p><\/div><\/div><\/div><\/div><div class=\"fusion-events-post fusion-spacing-no fusion-one-third fusion-layout-column\" style=\"padding:20px\"><div class=\"fusion-column-wrapper\"><div class=\"fusion-events-thumbnail hover-type-none\"><a href=\"https:\/\/www.planete-sciences.org\/national\/evenements\/journee-de-la-terre\/\" class=\"url\" rel=\"bookmark\" aria-label=\"Journ\u00e9e de la TERRE le 22 avril 2026\"><span class=\"tribe-events-event-image\" style=\"background-image: url(https:\/\/www.planete-sciences.org\/national\/wp-content\/uploads\/2026\/04\/Journee-de-la-terre-22-avril.png); -webkit-background-size: cover; background-size: cover; background-position: center center;\"><\/span><\/a><\/div><div class=\"fusion-events-content-wrapper\" style=\"padding:20px 20px 20px 20px;\"><div class=\"fusion-events-meta\"><h2><a href=\"https:\/\/www.planete-sciences.org\/national\/evenements\/journee-de-la-terre\/\" class=\"url\" rel=\"bookmark\">Journ\u00e9e de la TERRE le 22 avril 2026<\/a><\/h2><h4><span class=\"tribe-event-date-start\">22 avril \u00e0 15 h 30 min<\/span> - <span class=\"tribe-event-time\">18 h 00 min<\/span><\/h4><\/div><div class=\"fusion-events-content\"><p><\/p><\/div><\/div><\/div><\/div><div class=\"fusion-events-post fusion-spacing-no fusion-one-third fusion-layout-column fusion-column-last\" style=\"padding:20px\"><div class=\"fusion-column-wrapper\"><div class=\"fusion-events-thumbnail hover-type-none\"><a href=\"https:\/\/www.planete-sciences.org\/national\/evenements\/coupe-de-france-de-robotique-2026\/\" class=\"url\" rel=\"bookmark\" aria-label=\"Coupe de France de Robotique 2026\"><span class=\"tribe-events-event-image\" style=\"background-image: url(https:\/\/www.planete-sciences.org\/national\/wp-content\/uploads\/2026\/02\/Bandeau-FB.png); -webkit-background-size: cover; background-size: cover; background-position: center center;\"><\/span><\/a><\/div><div class=\"fusion-events-content-wrapper\" style=\"padding:20px 20px 20px 20px;\"><div class=\"fusion-events-meta\"><h2><a href=\"https:\/\/www.planete-sciences.org\/national\/evenements\/coupe-de-france-de-robotique-2026\/\" class=\"url\" rel=\"bookmark\">Coupe de France de Robotique 2026<\/a><\/h2><h4><span class=\"tribe-event-date-start\">13 mai<\/span> - <span class=\"tribe-event-date-end\">16 mai<\/span><\/h4><\/div><div class=\"fusion-events-content\"><p>Plus d'informations : https:\/\/www.coupederobotique.fr\/infos-pratiques\/horaires-et-acces\/<\/p><\/div><\/div><\/div><\/div><div class=\"fusion-clearfix\"><\/div><div class=\"fusion-events-post fusion-spacing-no fusion-one-third fusion-layout-column\" style=\"padding:20px\"><div class=\"fusion-column-wrapper\"><div class=\"fusion-events-thumbnail hover-type-none\"><a href=\"https:\/\/www.planete-sciences.org\/national\/evenements\/finale-nationale-rocketry-challenge-2026\/\" class=\"url\" rel=\"bookmark\" aria-label=\"Finale Nationale &#8211; Rocketry Challenge 2026\"><span class=\"tribe-events-event-image\" style=\"background-image: url(https:\/\/www.planete-sciences.org\/national\/wp-content\/uploads\/2025\/08\/P5170647-scaled.jpg); -webkit-background-size: cover; background-size: cover; background-position: center center;\"><\/span><\/a><\/div><div class=\"fusion-events-content-wrapper\" style=\"padding:20px 20px 20px 20px;\"><div class=\"fusion-events-meta\"><h2><a href=\"https:\/\/www.planete-sciences.org\/national\/evenements\/finale-nationale-rocketry-challenge-2026\/\" class=\"url\" rel=\"bookmark\">Finale Nationale &#8211; Rocketry Challenge 2026<\/a><\/h2><h4><span class=\"tribe-event-date-start\">20 mai<\/span> - <span class=\"tribe-event-date-end\">24 mai<\/span><\/h4><\/div><div class=\"fusion-events-content\"><p>Plus d'informations sur le Rocketry Challenge : D\u00e9couvrir le Rocketry Challenge <\/p><\/div><\/div><\/div><\/div><div class=\"fusion-events-post fusion-spacing-no fusion-one-third fusion-layout-column\" style=\"padding:20px\"><div class=\"fusion-column-wrapper\"><div class=\"fusion-events-thumbnail hover-type-none\"><a href=\"https:\/\/www.planete-sciences.org\/national\/evenements\/sst-jeux-de-societe-pirate\/\" class=\"url\" rel=\"bookmark\" aria-label=\"SST Jeux de soci\u00e9t\u00e9 &#8211; Pirate le 20\/06\/2026\"><span class=\"tribe-events-event-image\" style=\"background-image: url(https:\/\/www.planete-sciences.org\/national\/wp-content\/uploads\/2026\/04\/SST-jeux-de-societe-Pirate-1.png); -webkit-background-size: cover; background-size: cover; background-position: center center;\"><\/span><\/a><\/div><div class=\"fusion-events-content-wrapper\" style=\"padding:20px 20px 20px 20px;\"><div class=\"fusion-events-meta\"><h2><a href=\"https:\/\/www.planete-sciences.org\/national\/evenements\/sst-jeux-de-societe-pirate\/\" class=\"url\" rel=\"bookmark\">SST Jeux de soci\u00e9t\u00e9 &#8211; Pirate le 20\/06\/2026<\/a><\/h2><h4><span class=\"tribe-event-date-start\">20 juin \u00e0 14 h 00 min<\/span> - <span class=\"tribe-event-time\">18 h 00 min<\/span><\/h4><\/div><div class=\"fusion-events-content\"><p><\/p><\/div><\/div><\/div><\/div><div class=\"fusion-events-post fusion-spacing-no fusion-one-third fusion-layout-column fusion-column-last\" style=\"padding:20px\"><div class=\"fusion-column-wrapper\"><div class=\"fusion-events-thumbnail hover-type-none\"><a href=\"https:\/\/www.planete-sciences.org\/national\/evenements\/cspace-2026\/\" class=\"url\" rel=\"bookmark\" aria-label=\"C&rsquo;Space 2026\"><span class=\"tribe-events-event-image\" style=\"background-image: url(https:\/\/www.planete-sciences.org\/national\/wp-content\/uploads\/2025\/10\/ABB-02462-scaled.jpg); -webkit-background-size: cover; background-size: cover; background-position: center center;\"><\/span><\/a><\/div><div class=\"fusion-events-content-wrapper\" style=\"padding:20px 20px 20px 20px;\"><div class=\"fusion-events-meta\"><h2><a href=\"https:\/\/www.planete-sciences.org\/national\/evenements\/cspace-2026\/\" class=\"url\" rel=\"bookmark\">C&rsquo;Space 2026<\/a><\/h2><h4><span class=\"tribe-event-date-start\">11 juillet<\/span> - <span class=\"tribe-event-date-end\">18 juillet<\/span><\/h4><\/div><div class=\"fusion-events-content\"><p><\/p><\/div><\/div><\/div><\/div><div class=\"fusion-clearfix\"><\/div><div class=\"fusion-clearfix\"><\/div><\/div><\/div><\/div><\/div><\/div><\/div>\n","protected":false},"excerpt":{"rendered":"","protected":false},"author":16,"featured_media":0,"parent":0,"menu_order":0,"comment_status":"closed","ping_status":"closed","template":"","meta":{"_bbp_topic_count":0,"_bbp_reply_count":0,"_bbp_total_topic_count":0,"_bbp_total_reply_count":0,"_bbp_voice_count":0,"_bbp_anonymous_reply_count":0,"_bbp_topic_count_hidden":0,"_bbp_reply_count_hidden":0,"_bbp_forum_subforum_count":0,"ngg_post_thumbnail":0,"footnotes":""},"class_list":["post-6067","page","type-page","status-publish","hentry","cat_campagne-de-lancement","cat_espace"],"_links":{"self":[{"href":"https:\/\/www.planete-sciences.org\/national\/wp-json\/wp\/v2\/pages\/6067","targetHints":{"allow":["GET"]}}],"collection":[{"href":"https:\/\/www.planete-sciences.org\/national\/wp-json\/wp\/v2\/pages"}],"about":[{"href":"https:\/\/www.planete-sciences.org\/national\/wp-json\/wp\/v2\/types\/page"}],"author":[{"embeddable":true,"href":"https:\/\/www.planete-sciences.org\/national\/wp-json\/wp\/v2\/users\/16"}],"replies":[{"embeddable":true,"href":"https:\/\/www.planete-sciences.org\/national\/wp-json\/wp\/v2\/comments?post=6067"}],"version-history":[{"count":1,"href":"https:\/\/www.planete-sciences.org\/national\/wp-json\/wp\/v2\/pages\/6067\/revisions"}],"predecessor-version":[{"id":6068,"href":"https:\/\/www.planete-sciences.org\/national\/wp-json\/wp\/v2\/pages\/6067\/revisions\/6068"}],"wp:attachment":[{"href":"https:\/\/www.planete-sciences.org\/national\/wp-json\/wp\/v2\/media?parent=6067"}],"curies":[{"name":"wp","href":"https:\/\/api.w.org\/{rel}","templated":true}]}}