{"id":55,"date":"2018-10-16T16:27:31","date_gmt":"2018-10-16T14:27:31","guid":{"rendered":"https:\/\/www.planete-sciences.org\/national\/?page_id=55"},"modified":"2025-03-11T12:27:03","modified_gmt":"2025-03-11T11:27:03","slug":"nos-formations","status":"publish","type":"page","link":"https:\/\/www.planete-sciences.org\/national\/nos-formations\/","title":{"rendered":"Nos formations"},"content":{"rendered":"<p><div class=\"fusion-fullwidth fullwidth-box fusion-builder-row-1 fusion-flex-container nonhundred-percent-fullwidth non-hundred-percent-height-scrolling\" style=\"--awb-border-radius-top-left:0px;--awb-border-radius-top-right:0px;--awb-border-radius-bottom-right:0px;--awb-border-radius-bottom-left:0px;--awb-flex-wrap:wrap;\" ><div class=\"fusion-builder-row fusion-row fusion-flex-align-items-flex-start fusion-flex-content-wrap\" style=\"max-width:calc( 1024px + 0px );margin-left: calc(-0px \/ 2 );margin-right: calc(-0px \/ 2 );\"><div class=\"fusion-layout-column fusion_builder_column fusion-builder-column-0 fusion_builder_column_1_1 1_1 fusion-flex-column\" style=\"--awb-bg-size:cover;--awb-width-large:100%;--awb-margin-top-large:0px;--awb-spacing-right-large:0px;--awb-margin-bottom-large:0px;--awb-spacing-left-large:0px;--awb-width-medium:100%;--awb-spacing-right-medium:0px;--awb-spacing-left-medium:0px;--awb-width-small:100%;--awb-spacing-right-small:0px;--awb-spacing-left-small:0px;\"><div class=\"fusion-column-wrapper fusion-flex-justify-content-flex-start fusion-content-layout-column\"><div class=\"fusion-text fusion-text-1\"><p>Pour Plan\u00e8te Sciences, la formation est prioritaire et fait partie de notre engagement de qualit\u00e9 de nos activit\u00e9s. Tous les animateurs\u00b7trices \u00e0 qui nous faisons appel sont form\u00e9s\u00b7\u00e9es par nos soins. Pour les formations (BAFA) accessibles \u00e0 tous \u00e0 partir de 16 ans, Plan\u00e8te Sciences a l\u2019agr\u00e9ment des autorit\u00e9s minist\u00e9rielles concern\u00e9es. Pour r\u00e9pondre aux besoins des encadrants \u00e9ducatifs (enseignants\u00b7es, \u00e9ducateurs\u00b7trices, \u2026.) qui souhaitent mettre en place et p\u00e9renniser des activit\u00e9s scientifiques et technologiques destin\u00e9es aux jeunes dans diff\u00e9rents cadres (\u00e9tablissements scolaires, centre de loisirs, m\u00e9diath\u00e8ques, centres sociaux, \u2026.) et au grand public (centres de sciences,\u2026), Plan\u00e8te Sciences organise sur demande et adapt\u00e9es \u00e0 vos besoins des formations professionnelles d\u2019initiation et de perfectionnement. Ces formations peuvent se d\u00e9rouler au sein des structures des b\u00e9n\u00e9ficiaires, dans nos lieux l&rsquo;Espace des Sciences et de D\u00e9couverte \u00e0 Evry-Courcouronnes (Essonne) ou au Centre d&rsquo;Astronomie Jean-Marc Salomon \u00e0 Buthiers (Seine-et-Marne) ou en r\u00e9sidentiel (en particulier en astronomie).<\/p>\n<\/div><\/div><\/div><\/div><\/div><div class=\"fusion-fullwidth fullwidth-box fusion-builder-row-2 fusion-flex-container nonhundred-percent-fullwidth non-hundred-percent-height-scrolling\" style=\"--awb-border-radius-top-left:0px;--awb-border-radius-top-right:0px;--awb-border-radius-bottom-right:0px;--awb-border-radius-bottom-left:0px;--awb-flex-wrap:wrap;\" ><div class=\"fusion-builder-row fusion-row fusion-flex-align-items-stretch fusion-flex-content-wrap\" style=\"max-width:1064.96px;margin-left: calc(-4% \/ 2 );margin-right: calc(-4% \/ 2 );\"><div class=\"fusion-layout-column fusion_builder_column fusion-builder-column-1 fusion_builder_column_1_4 1_4 fusion-flex-column survol-bloc fusion-column-inner-bg-wrapper\" style=\"--awb-inner-bg-size:cover;--awb-width-large:25%;--awb-margin-top-large:0px;--awb-spacing-right-large:3.84%;--awb-margin-bottom-large:0px;--awb-spacing-left-large:7.68%;--awb-width-medium:25%;--awb-spacing-right-medium:3.84%;--awb-spacing-left-medium:7.68%;--awb-width-small:100%;--awb-spacing-right-small:1.92%;--awb-spacing-left-small:1.92%;\"><span class=\"fusion-column-inner-bg hover-type-none\"><a class=\"fusion-column-anchor\" href=\"https:\/\/www.planete-sciences.org\/formations\/\"><span class=\"fusion-column-inner-bg-image\"><\/span><\/a><\/span><div class=\"fusion-column-wrapper fusion-column-has-shadow fusion-flex-justify-content-center fusion-content-layout-column\"><div class=\"fusion-image-element \" style=\"text-align:center;--awb-caption-title-font-family:var(--h2_typography-font-family);--awb-caption-title-font-weight:var(--h2_typography-font-weight);--awb-caption-title-font-style:var(--h2_typography-font-style);--awb-caption-title-size:var(--h2_typography-font-size);--awb-caption-title-transform:var(--h2_typography-text-transform);--awb-caption-title-line-height:var(--h2_typography-line-height);--awb-caption-title-letter-spacing:var(--h2_typography-letter-spacing);\"><span class=\" fusion-imageframe imageframe-none imageframe-1 hover-type-none\"><img decoding=\"async\" width=\"120\" height=\"120\" title=\"Plasci-Website-Iconography_calendrier\" src=\"https:\/\/www.planete-sciences.org\/national\/wp-content\/uploads\/2019\/12\/Plasci-Website-Iconography_calendrier.png\" alt class=\"img-responsive wp-image-1219\" srcset=\"https:\/\/www.planete-sciences.org\/national\/wp-content\/uploads\/2019\/12\/Plasci-Website-Iconography_calendrier-66x66.png 66w, https:\/\/www.planete-sciences.org\/national\/wp-content\/uploads\/2019\/12\/Plasci-Website-Iconography_calendrier.png 120w\" sizes=\"(max-width: 120px) 100vw, 120px\" \/><\/span><\/div><div ><a class=\"fusion-button button-flat fusion-button-default-size button-default fusion-button-default button-1 fusion-button-default-span fusion-button-default-type\" target=\"_self\" href=\"https:\/\/www.planete-sciences.org\/animations-formations\/professionnels\/\"><span class=\"fusion-button-text awb-button__text awb-button__text--default\">Acc\u00e9dez \u00e0 notre site sur les formations<\/span><\/a><\/div><div class=\"fusion-text fusion-text-2\"><p style=\"text-align: center;\">D\u00e9couvrez l&rsquo;int\u00e9gralit\u00e9 des formations propos\u00e9es par Plan\u00e8te Sciences<\/p>\n<\/div><div class=\"fusion-image-element \" style=\"--awb-caption-title-font-family:var(--h2_typography-font-family);--awb-caption-title-font-weight:var(--h2_typography-font-weight);--awb-caption-title-font-style:var(--h2_typography-font-style);--awb-caption-title-size:var(--h2_typography-font-size);--awb-caption-title-transform:var(--h2_typography-text-transform);--awb-caption-title-line-height:var(--h2_typography-line-height);--awb-caption-title-letter-spacing:var(--h2_typography-letter-spacing);\"><span class=\" fusion-imageframe imageframe-none imageframe-2 hover-type-none\"><img decoding=\"async\" width=\"317\" height=\"206\" title=\"LogoQualiopi-Marianne-150dpi-31\" src=\"https:\/\/www.planete-sciences.org\/national\/wp-content\/uploads\/2022\/11\/LogoQualiopi-Marianne-150dpi-31-1.jpg\" alt class=\"img-responsive wp-image-3530\" srcset=\"https:\/\/www.planete-sciences.org\/national\/wp-content\/uploads\/2022\/11\/LogoQualiopi-Marianne-150dpi-31-1-200x130.jpg 200w, https:\/\/www.planete-sciences.org\/national\/wp-content\/uploads\/2022\/11\/LogoQualiopi-Marianne-150dpi-31-1.jpg 317w\" sizes=\"(max-width: 640px) 100vw, 317px\" \/><\/span><\/div><\/div><\/div><div class=\"fusion-layout-column fusion_builder_column fusion-builder-column-2 fusion_builder_column_3_4 3_4 fusion-flex-column\" style=\"--awb-bg-size:cover;--awb-width-large:75%;--awb-margin-top-large:0px;--awb-spacing-right-large:2.56%;--awb-margin-bottom-large:0px;--awb-spacing-left-large:3.84%;--awb-width-medium:75%;--awb-spacing-right-medium:2.56%;--awb-spacing-left-medium:3.84%;--awb-width-small:100%;--awb-spacing-right-small:1.92%;--awb-spacing-left-small:1.92%;\"><div class=\"fusion-column-wrapper fusion-column-has-shadow fusion-flex-justify-content-center fusion-content-layout-column\"><div class=\"fusion-text fusion-text-3\"><p>Pendant un week-end, quelques jours ou une semaine, ces formations permettent \u00e0 chaque participant la possibilit\u00e9 :<\/p>\n<ul>\n<li>d\u2019acqu\u00e9rir des notions scientifiques et techniques, nos m\u00e9thodes \u00e9ducatives et d\u00e9marches p\u00e9dagogiques pour d\u00e9finir et mettre en \u0153uvre une animation, un projet, animer un club ou un s\u00e9jour de vacances,<\/li>\n<li>de s\u2019approprier les outils, mat\u00e9riels et mesures de s\u00e9curit\u00e9.<\/li>\n<\/ul>\n<\/div><\/div><\/div><\/div><\/div><div class=\"fusion-fullwidth fullwidth-box fusion-builder-row-3 fusion-flex-container fusion-parallax-none nonhundred-percent-fullwidth non-hundred-percent-height-scrolling\" style=\"--awb-border-radius-top-left:0px;--awb-border-radius-top-right:0px;--awb-border-radius-bottom-right:0px;--awb-border-radius-bottom-left:0px;--awb-background-image:url(&quot;https:\/\/www.planete-sciences.org\/national\/wp-content\/uploads\/2019\/12\/background-formation.jpg&quot;);--awb-background-size:cover;--awb-flex-wrap:wrap;\" ><div class=\"fusion-builder-row fusion-row fusion-flex-align-items-flex-start fusion-flex-content-wrap\" style=\"max-width:1064.96px;margin-left: calc(-4% \/ 2 );margin-right: calc(-4% \/ 2 );\"><div class=\"fusion-layout-column fusion_builder_column fusion-builder-column-3 fusion_builder_column_1_1 1_1 fusion-flex-column\" style=\"--awb-bg-size:cover;--awb-width-large:100%;--awb-margin-top-large:0px;--awb-spacing-right-large:1.92%;--awb-margin-bottom-large:0px;--awb-spacing-left-large:1.92%;--awb-width-medium:100%;--awb-spacing-right-medium:1.92%;--awb-spacing-left-medium:1.92%;--awb-width-small:100%;--awb-spacing-right-small:1.92%;--awb-spacing-left-small:1.92%;\"><div class=\"fusion-column-wrapper fusion-flex-justify-content-flex-start fusion-content-layout-column\"><div class=\"fusion-title title fusion-title-1 fusion-sep-none fusion-title-text fusion-title-size-one\"><h1 class=\"fusion-title-heading title-heading-left\" style=\"margin:0;\">Le BAFA\u00a0<span class=\"subtitle\">brevet d&rsquo;aptitude aux fonctions d&rsquo;animateur\u00b7trice<\/span><\/h1><\/div><div class=\"fusion-text fusion-text-4\"><p>Plan\u00e8te Sciences a l\u2019agr\u00e9ment minist\u00e9riel pour d\u00e9livrer le BAFA Ce dipl\u00f4me a comme objectif de pr\u00e9parer aux fonctions d\u2019animateur\u00b7trice d\u2019accueils collectifs de mineurs (s\u00e9jours de vacances, centres de loisirs\u2026.). Cette formation peut \u00eatre suivie \u00e0 partir de 16 ans. Elle se d\u00e9roule en trois \u00e9tapes : session de formation g\u00e9n\u00e9rale, stage pratique et session d\u2019approfondissement. Des aides financi\u00e8res existent : n\u2019h\u00e9sitez pas \u00e0 contacter votre caisse d\u2019allocations familiales (CAF), les services jeunesse des structures locales (d\u00e9partement, villes, \u2026), des comit\u00e9s d\u2019entreprises, p\u00f4le emploi, mission locale, \u2026.<\/p>\n<\/div><\/div><\/div><div class=\"fusion-layout-column fusion_builder_column fusion-builder-column-4 fusion_builder_column_1_2 1_2 fusion-flex-column\" style=\"--awb-bg-size:cover;--awb-width-large:50%;--awb-margin-top-large:0px;--awb-spacing-right-large:3.84%;--awb-margin-bottom-large:0px;--awb-spacing-left-large:3.84%;--awb-width-medium:50%;--awb-spacing-right-medium:3.84%;--awb-spacing-left-medium:3.84%;--awb-width-small:100%;--awb-spacing-right-small:1.92%;--awb-spacing-left-small:1.92%;\"><div class=\"fusion-column-wrapper fusion-flex-justify-content-flex-start fusion-content-layout-column\"><div class=\"fusion-text fusion-text-5\"><h3>Pour en savoir plus<\/h3>\n<p>Pour conna\u00eetre les modalit\u00e9s pratiques de nos prochaines formations : formations@planete-sciences.org<\/p>\n<p>Vous pouvez vous inscrire directement en ligne sur <a href=\"https:\/\/www.planete-sciences.org\/animations-formations\/BAFA\/presentation\">notre site.<\/a><\/p>\n<p>Acc\u00e9der aux informations fournies par le Minist\u00e8re de l&rsquo;Education Nationale et de la Jeunesse : <a href=\"http:\/\/www.bafa-bafd.gouv.fr\/\" target=\"_blank\" rel=\"noopener noreferrer\">www.bafa-bafd.gouv.fr<\/a><\/p>\n<\/div><\/div><\/div><div class=\"fusion-layout-column fusion_builder_column fusion-builder-column-5 fusion_builder_column_1_4 1_4 fusion-flex-column survol-bloc fusion-column-inner-bg-wrapper\" style=\"--awb-inner-bg-size:cover;--awb-width-large:25%;--awb-margin-top-large:0px;--awb-spacing-right-large:7.68%;--awb-margin-bottom-large:0px;--awb-spacing-left-large:7.68%;--awb-width-medium:25%;--awb-spacing-right-medium:7.68%;--awb-spacing-left-medium:7.68%;--awb-width-small:100%;--awb-spacing-right-small:1.92%;--awb-spacing-left-small:1.92%;\"><span class=\"fusion-column-inner-bg hover-type-none\"><a class=\"fusion-column-anchor\" href=\"https:\/\/www.planete-sciences.org\/formations\/spip.php?article2\"><span class=\"fusion-column-inner-bg-image\"><\/span><\/a><\/span><div class=\"fusion-column-wrapper fusion-column-has-shadow fusion-flex-justify-content-flex-start fusion-content-layout-column\"><div class=\"fusion-image-element \" style=\"text-align:center;--awb-caption-title-font-family:var(--h2_typography-font-family);--awb-caption-title-font-weight:var(--h2_typography-font-weight);--awb-caption-title-font-style:var(--h2_typography-font-style);--awb-caption-title-size:var(--h2_typography-font-size);--awb-caption-title-transform:var(--h2_typography-text-transform);--awb-caption-title-line-height:var(--h2_typography-line-height);--awb-caption-title-letter-spacing:var(--h2_typography-letter-spacing);\"><span class=\" fusion-imageframe imageframe-none imageframe-3 hover-type-none\"><img decoding=\"async\" width=\"120\" height=\"120\" title=\"Plasci-Website-Iconography_calendrier-BAFA\" src=\"https:\/\/www.planete-sciences.org\/national\/wp-content\/uploads\/2019\/12\/Plasci-Website-Iconography_calendrier-BAFA.png\" alt class=\"img-responsive wp-image-1216\" srcset=\"https:\/\/www.planete-sciences.org\/national\/wp-content\/uploads\/2019\/12\/Plasci-Website-Iconography_calendrier-BAFA-66x66.png 66w, https:\/\/www.planete-sciences.org\/national\/wp-content\/uploads\/2019\/12\/Plasci-Website-Iconography_calendrier-BAFA.png 120w\" sizes=\"(max-width: 120px) 100vw, 120px\" \/><\/span><\/div><div class=\"fusion-title title fusion-title-2 fusion-sep-none fusion-title-center fusion-title-text fusion-title-size-three\"><h3 class=\"fusion-title-heading title-heading-center\" style=\"margin:0;\"><p style=\"text-align: center;\">Nos sessions<br \/>\ng\u00e9n\u00e9rales<\/p><\/h3><\/div><\/div><\/div><div class=\"fusion-layout-column fusion_builder_column fusion-builder-column-6 fusion_builder_column_1_4 1_4 fusion-flex-column survol-bloc fusion-column-inner-bg-wrapper\" style=\"--awb-inner-bg-size:cover;--awb-width-large:25%;--awb-margin-top-large:0px;--awb-spacing-right-large:7.68%;--awb-margin-bottom-large:0px;--awb-spacing-left-large:7.68%;--awb-width-medium:25%;--awb-spacing-right-medium:7.68%;--awb-spacing-left-medium:7.68%;--awb-width-small:100%;--awb-spacing-right-small:1.92%;--awb-spacing-left-small:1.92%;\"><span class=\"fusion-column-inner-bg hover-type-none\"><a class=\"fusion-column-anchor\" href=\"https:\/\/www.planete-sciences.org\/formations\/spip.php?article13\" rel=\"noopener noreferrer\" target=\"_blank\"><span class=\"fusion-column-inner-bg-image\"><\/span><\/a><\/span><div class=\"fusion-column-wrapper fusion-column-has-shadow fusion-flex-justify-content-flex-start fusion-content-layout-column\"><div class=\"fusion-image-element \" style=\"text-align:center;--awb-caption-title-font-family:var(--h2_typography-font-family);--awb-caption-title-font-weight:var(--h2_typography-font-weight);--awb-caption-title-font-style:var(--h2_typography-font-style);--awb-caption-title-size:var(--h2_typography-font-size);--awb-caption-title-transform:var(--h2_typography-text-transform);--awb-caption-title-line-height:var(--h2_typography-line-height);--awb-caption-title-letter-spacing:var(--h2_typography-letter-spacing);\"><span class=\" fusion-imageframe imageframe-none imageframe-4 hover-type-none\"><img decoding=\"async\" width=\"120\" height=\"120\" title=\"Plasci-Website-Iconography_calendrier-BAFA\" src=\"https:\/\/www.planete-sciences.org\/national\/wp-content\/uploads\/2019\/12\/Plasci-Website-Iconography_calendrier-BAFA.png\" alt class=\"img-responsive wp-image-1216\" srcset=\"https:\/\/www.planete-sciences.org\/national\/wp-content\/uploads\/2019\/12\/Plasci-Website-Iconography_calendrier-BAFA-66x66.png 66w, https:\/\/www.planete-sciences.org\/national\/wp-content\/uploads\/2019\/12\/Plasci-Website-Iconography_calendrier-BAFA.png 120w\" sizes=\"(max-width: 120px) 100vw, 120px\" \/><\/span><\/div><div class=\"fusion-title title fusion-title-3 fusion-sep-none fusion-title-center fusion-title-text fusion-title-size-three\"><h3 class=\"fusion-title-heading title-heading-center\" style=\"margin:0;\"><p style=\"text-align: center;\">Nos sessions<br \/>\nd&rsquo;approfondissement<\/p><\/h3><\/div><\/div><\/div><div class=\"fusion-layout-column fusion_builder_column fusion-builder-column-7 fusion_builder_column_1_1 1_1 fusion-flex-column\" style=\"--awb-bg-blend:overlay;--awb-bg-size:cover;--awb-width-large:100%;--awb-margin-top-large:0px;--awb-spacing-right-large:1.92%;--awb-margin-bottom-large:20px;--awb-spacing-left-large:1.92%;--awb-width-medium:100%;--awb-spacing-right-medium:1.92%;--awb-spacing-left-medium:1.92%;--awb-width-small:100%;--awb-spacing-right-small:1.92%;--awb-spacing-left-small:1.92%;\"><div class=\"fusion-column-wrapper fusion-column-has-shadow fusion-flex-justify-content-flex-start fusion-content-layout-column\"><div class=\"fusion-section-separator section-separator curved fusion-section-separator-1\" style=\"--awb-spacer-height:99px;--awb-svg-margin-left:1.92%;--awb-svg-margin-right:1.92%;--awb-svg-margin-left-medium:1.92%;--awb-svg-margin-right-medium:1.92%;--awb-svg-margin-left-small:1.92%;--awb-svg-margin-right-small:1.92%;--awb-divider-height:99px;--awb-spacer-padding-top:inherit;--awb-sep-padding:0;--awb-svg-padding:0;\"><div class=\"fusion-section-separator-svg\"><svg class=\"fusion-curved-candy\" xmlns=\"http:\/\/www.w3.org\/2000\/svg\" version=\"1.1\" width=\"100%\" height=\"100\" viewBox=\"0 0 100 100\" preserveAspectRatio=\"none\" fill=\"rgba(255,255,255,1)\"><path d=\"M0 100 C 20 0 50 0 100 100 Z\"><\/path><\/svg><\/div><div class=\"fusion-section-separator-spacer\"><div class=\"fusion-section-separator-spacer-height\"><\/div><\/div><\/div><\/div><\/div><\/div><\/div><div class=\"fusion-fullwidth fullwidth-box fusion-builder-row-4 fusion-flex-container nonhundred-percent-fullwidth non-hundred-percent-height-scrolling\" style=\"--awb-border-radius-top-left:0px;--awb-border-radius-top-right:0px;--awb-border-radius-bottom-right:0px;--awb-border-radius-bottom-left:0px;--awb-flex-wrap:wrap;\" ><div class=\"fusion-builder-row fusion-row fusion-flex-align-items-flex-start fusion-flex-content-wrap\" style=\"max-width:calc( 1024px + 0px );margin-left: calc(-0px \/ 2 );margin-right: calc(-0px \/ 2 );\"><\/div><\/div><\/p>\n","protected":false},"excerpt":{"rendered":"","protected":false},"author":1,"featured_media":0,"parent":0,"menu_order":0,"comment_status":"closed","ping_status":"closed","template":"100-width.php","meta":{"_bbp_topic_count":0,"_bbp_reply_count":0,"_bbp_total_topic_count":0,"_bbp_total_reply_count":0,"_bbp_voice_count":0,"_bbp_anonymous_reply_count":0,"_bbp_topic_count_hidden":0,"_bbp_reply_count_hidden":0,"_bbp_forum_subforum_count":0,"ngg_post_thumbnail":0,"footnotes":""},"class_list":["post-55","page","type-page","status-publish","hentry"],"_links":{"self":[{"href":"https:\/\/www.planete-sciences.org\/national\/wp-json\/wp\/v2\/pages\/55","targetHints":{"allow":["GET"]}}],"collection":[{"href":"https:\/\/www.planete-sciences.org\/national\/wp-json\/wp\/v2\/pages"}],"about":[{"href":"https:\/\/www.planete-sciences.org\/national\/wp-json\/wp\/v2\/types\/page"}],"author":[{"embeddable":true,"href":"https:\/\/www.planete-sciences.org\/national\/wp-json\/wp\/v2\/users\/1"}],"replies":[{"embeddable":true,"href":"https:\/\/www.planete-sciences.org\/national\/wp-json\/wp\/v2\/comments?post=55"}],"version-history":[{"count":64,"href":"https:\/\/www.planete-sciences.org\/national\/wp-json\/wp\/v2\/pages\/55\/revisions"}],"predecessor-version":[{"id":5776,"href":"https:\/\/www.planete-sciences.org\/national\/wp-json\/wp\/v2\/pages\/55\/revisions\/5776"}],"wp:attachment":[{"href":"https:\/\/www.planete-sciences.org\/national\/wp-json\/wp\/v2\/media?parent=55"}],"curies":[{"name":"wp","href":"https:\/\/api.w.org\/{rel}","templated":true}]}}