{"id":2741,"date":"2022-03-30T15:59:23","date_gmt":"2022-03-30T13:59:23","guid":{"rendered":"https:\/\/www.planete-sciences.org\/national\/?page_id=2741"},"modified":"2025-03-11T12:27:03","modified_gmt":"2025-03-11T11:27:03","slug":"informations-nuage","status":"publish","type":"page","link":"https:\/\/www.planete-sciences.org\/national\/informations-nuage\/","title":{"rendered":"Informations Nuage"},"content":{"rendered":"<div class=\"fusion-fullwidth fullwidth-box fusion-builder-row-1 fusion-flex-container nonhundred-percent-fullwidth non-hundred-percent-height-scrolling\" style=\"--awb-border-radius-top-left:0px;--awb-border-radius-top-right:0px;--awb-border-radius-bottom-right:0px;--awb-border-radius-bottom-left:0px;--awb-flex-wrap:wrap;\" ><div class=\"fusion-builder-row fusion-row fusion-flex-align-items-flex-start fusion-flex-content-wrap\" style=\"max-width:1064.96px;margin-left: calc(-4% \/ 2 );margin-right: calc(-4% \/ 2 );\"><div class=\"fusion-layout-column fusion_builder_column fusion-builder-column-0 fusion_builder_column_1_3 1_3 fusion-flex-column\" style=\"--awb-bg-size:cover;--awb-width-large:33.333333333333%;--awb-margin-top-large:0px;--awb-spacing-right-large:3.8399999999999%;--awb-margin-bottom-large:20px;--awb-spacing-left-large:5.76%;--awb-width-medium:33.333333333333%;--awb-spacing-right-medium:3.8399999999999%;--awb-spacing-left-medium:5.76%;--awb-width-small:100%;--awb-spacing-right-small:1.92%;--awb-spacing-left-small:1.92%;\"><div class=\"fusion-column-wrapper fusion-column-has-shadow fusion-flex-justify-content-flex-start fusion-content-layout-column\"><div class=\"fusion-image-element \" style=\"text-align:center;--awb-caption-title-font-family:var(--h2_typography-font-family);--awb-caption-title-font-weight:var(--h2_typography-font-weight);--awb-caption-title-font-style:var(--h2_typography-font-style);--awb-caption-title-size:var(--h2_typography-font-size);--awb-caption-title-transform:var(--h2_typography-text-transform);--awb-caption-title-line-height:var(--h2_typography-line-height);--awb-caption-title-letter-spacing:var(--h2_typography-letter-spacing);\"><span class=\" fusion-imageframe imageframe-none imageframe-1 hover-type-zoomin\"><a class=\"fusion-no-lightbox\" href=\"https:\/\/nuage.planete-sciences.org\/apps\/files\/\" target=\"_self\" aria-label=\"LogoNuage_Bleu\"><img decoding=\"async\" width=\"547\" height=\"379\" alt=\"Acc\u00e9der au Nuage\" src=\"https:\/\/www.planete-sciences.org\/national\/wp-content\/uploads\/2024\/01\/LogoNuage_Bleu.png\" class=\"img-responsive wp-image-4888\" srcset=\"https:\/\/www.planete-sciences.org\/national\/wp-content\/uploads\/2024\/01\/LogoNuage_Bleu-200x139.png 200w, https:\/\/www.planete-sciences.org\/national\/wp-content\/uploads\/2024\/01\/LogoNuage_Bleu-400x277.png 400w, https:\/\/www.planete-sciences.org\/national\/wp-content\/uploads\/2024\/01\/LogoNuage_Bleu.png 547w\" sizes=\"(max-width: 640px) 100vw, 547px\" \/><\/a><\/span><\/div><div class=\"fusion-separator fusion-full-width-sep\" style=\"align-self: center;margin-left: auto;margin-right: auto;margin-top:30px;margin-bottom:30px;width:100%;\"><\/div><div class=\"fusion-text fusion-text-1\"><p><b>Nextcloud<\/b> est un <a title=\"Logiciel libre\" href=\"https:\/\/fr.wikipedia.org\/wiki\/Logiciel_libre\">logiciel libre<\/a> de <a title=\"Site d'h\u00e9bergement de fichiers\" href=\"https:\/\/fr.wikipedia.org\/wiki\/Site_d%27h%C3%A9bergement_de_fichiers\">site d&rsquo;h\u00e9bergement de fichiers<\/a> et une plateforme de collaboration. L&rsquo;instance de Plan\u00e8te Sciences est appel\u00e9e <strong>Nuage<\/strong>, elle est utilis\u00e9e pour du travail collaboratif, la gestion des agendas et du partage de fichiers.<\/p>\n<p>Afin d&rsquo;acc\u00e9der aux fonctionnalit\u00e9s du Nuage,\u00a0 la cr\u00e9ation d&rsquo;un compte est n\u00e9cessaire et se fait via le formulaire ci-contre. La demande sera trait\u00e9e dans les meilleurs d\u00e9lais par nos \u00e9quipes.<\/p>\n<\/div><div ><a class=\"fusion-button button-flat fusion-button-default-size button-default fusion-button-default button-1 fusion-button-default-span fusion-button-default-type\" target=\"_self\" href=\"https:\/\/nuage.planete-sciences.org\/apps\/files\/\"><span class=\"fusion-button-text awb-button__text awb-button__text--default\">Acc\u00e9der au Nuage<\/span><\/a><\/div><\/div><\/div><div class=\"fusion-layout-column fusion_builder_column fusion-builder-column-1 fusion_builder_column_2_3 2_3 fusion-flex-column\" style=\"--awb-bg-size:cover;--awb-width-large:66.666666666667%;--awb-margin-top-large:0px;--awb-spacing-right-large:2.88%;--awb-margin-bottom-large:20px;--awb-spacing-left-large:3.84%;--awb-width-medium:66.666666666667%;--awb-spacing-right-medium:2.88%;--awb-spacing-left-medium:3.84%;--awb-width-small:100%;--awb-spacing-right-small:1.92%;--awb-spacing-left-small:1.92%;\"><div class=\"fusion-column-wrapper fusion-column-has-shadow fusion-flex-justify-content-flex-start fusion-content-layout-column\"><div class=\"fusion-text fusion-text-2\">\n<div class=\"wpcf7 no-js\" id=\"wpcf7-f2742-o1\" lang=\"fr-FR\" dir=\"ltr\" data-wpcf7-id=\"2742\">\n<div class=\"screen-reader-response\"><p role=\"status\" aria-live=\"polite\" aria-atomic=\"true\"><\/p> <ul><\/ul><\/div>\n<form action=\"\/national\/wp-json\/wp\/v2\/pages\/2741#wpcf7-f2742-o1\" method=\"post\" class=\"wpcf7-form init\" aria-label=\"Formulaire de contact\" novalidate=\"novalidate\" data-status=\"init\">\n<fieldset class=\"hidden-fields-container\"><input type=\"hidden\" name=\"_wpcf7\" value=\"2742\" \/><input type=\"hidden\" name=\"_wpcf7_version\" value=\"6.1.5\" \/><input type=\"hidden\" name=\"_wpcf7_locale\" value=\"fr_FR\" \/><input type=\"hidden\" name=\"_wpcf7_unit_tag\" value=\"wpcf7-f2742-o1\" \/><input type=\"hidden\" name=\"_wpcf7_container_post\" value=\"0\" \/><input type=\"hidden\" name=\"_wpcf7_posted_data_hash\" value=\"\" \/><input type=\"hidden\" name=\"upload_dir\" value=\"tmp_uploads\" \/><input type=\"hidden\" name=\"generate_name\" value=\"05-13-26-6a0461a5be9a2\" \/><input type=\"hidden\" name=\"_wpcf7_recaptcha_response\" value=\"\" \/>\n<\/fieldset>\n<p><label> Votre Pr\u00e9nom<br \/>\n<span class=\"wpcf7-form-control-wrap\" data-name=\"your-name\"><input size=\"40\" maxlength=\"400\" class=\"wpcf7-form-control wpcf7-text wpcf7-validates-as-required\" aria-required=\"true\" aria-invalid=\"false\" value=\"\" type=\"text\" name=\"your-name\" \/><\/span> <\/label>\n<\/p>\n<p><label> Votre Nom<br \/>\n<span class=\"wpcf7-form-control-wrap\" data-name=\"your-surname\"><input size=\"40\" maxlength=\"400\" class=\"wpcf7-form-control wpcf7-text wpcf7-validates-as-required\" aria-required=\"true\" aria-invalid=\"false\" value=\"\" type=\"text\" name=\"your-surname\" \/><\/span> <\/label>\n<\/p>\n<p><label> Votre Mail<br \/>\n<span class=\"wpcf7-form-control-wrap\" data-name=\"your-email\"><input size=\"40\" maxlength=\"400\" class=\"wpcf7-form-control wpcf7-email wpcf7-validates-as-required wpcf7-text wpcf7-validates-as-email\" aria-required=\"true\" aria-invalid=\"false\" value=\"\" type=\"email\" name=\"your-email\" \/><\/span> <\/label>\n<\/p>\n<p><label> Groupe<br \/>\n<span class=\"wpcf7-form-control-wrap\" data-name=\"menu-groupe\"><select class=\"wpcf7-form-control wpcf7-select wpcf7-validates-as-required\" aria-required=\"true\" aria-invalid=\"false\" name=\"menu-groupe\"><option value=\"Astronomie\">Astronomie<\/option><option value=\"Environnement\">Environnement<\/option><option value=\"Espace\">Espace<\/option><option value=\"Num\u00e9rique\">Num\u00e9rique<\/option><option value=\"Robotique\">Robotique<\/option><option value=\"Autre, pr\u00e9ciser en commentaire\">Autre, pr\u00e9ciser en commentaire<\/option><\/select><\/span> <\/label>\n<\/p>\n<p><label> Commentaire (facultatif)<br \/>\n<span class=\"wpcf7-form-control-wrap\" data-name=\"your-message\"><textarea cols=\"40\" rows=\"10\" maxlength=\"2000\" class=\"wpcf7-form-control wpcf7-textarea\" aria-invalid=\"false\" name=\"your-message\"><\/textarea><\/span> <\/label>\n<\/p>\n<p><input class=\"wpcf7-form-control wpcf7-submit has-spinner\" type=\"submit\" value=\"Envoyer\" \/>\n<\/p><div class=\"fusion-alert alert custom alert-custom fusion-alert-center wpcf7-response-output awb-alert-native-link-color alert-dismissable awb-alert-close-boxed\" style=\"--awb-border-size:1px;--awb-border-top-left-radius:0px;--awb-border-top-right-radius:0px;--awb-border-bottom-left-radius:0px;--awb-border-bottom-right-radius:0px;\" role=\"alert\"><div class=\"fusion-alert-content-wrapper\"><span class=\"fusion-alert-content\"><\/span><\/div><button type=\"button\" class=\"close toggle-alert\" data-dismiss=\"alert\" aria-label=\"Close\">&times;<\/button><\/div>\n<\/form>\n<\/div>\n\n<\/div><\/div><\/div><\/div><\/div>\n","protected":false},"excerpt":{"rendered":"","protected":false},"author":10,"featured_media":0,"parent":0,"menu_order":0,"comment_status":"closed","ping_status":"closed","template":"","meta":{"_bbp_topic_count":0,"_bbp_reply_count":0,"_bbp_total_topic_count":0,"_bbp_total_reply_count":0,"_bbp_voice_count":0,"_bbp_anonymous_reply_count":0,"_bbp_topic_count_hidden":0,"_bbp_reply_count_hidden":0,"_bbp_forum_subforum_count":0,"ngg_post_thumbnail":0,"footnotes":""},"class_list":["post-2741","page","type-page","status-publish","hentry"],"_links":{"self":[{"href":"https:\/\/www.planete-sciences.org\/national\/wp-json\/wp\/v2\/pages\/2741","targetHints":{"allow":["GET"]}}],"collection":[{"href":"https:\/\/www.planete-sciences.org\/national\/wp-json\/wp\/v2\/pages"}],"about":[{"href":"https:\/\/www.planete-sciences.org\/national\/wp-json\/wp\/v2\/types\/page"}],"author":[{"embeddable":true,"href":"https:\/\/www.planete-sciences.org\/national\/wp-json\/wp\/v2\/users\/10"}],"replies":[{"embeddable":true,"href":"https:\/\/www.planete-sciences.org\/national\/wp-json\/wp\/v2\/comments?post=2741"}],"version-history":[{"count":11,"href":"https:\/\/www.planete-sciences.org\/national\/wp-json\/wp\/v2\/pages\/2741\/revisions"}],"predecessor-version":[{"id":4889,"href":"https:\/\/www.planete-sciences.org\/national\/wp-json\/wp\/v2\/pages\/2741\/revisions\/4889"}],"wp:attachment":[{"href":"https:\/\/www.planete-sciences.org\/national\/wp-json\/wp\/v2\/media?parent=2741"}],"curies":[{"name":"wp","href":"https:\/\/api.w.org\/{rel}","templated":true}]}}