{"id":1191,"date":"2019-12-03T15:23:28","date_gmt":"2019-12-03T14:23:28","guid":{"rendered":"https:\/\/www.planete-sciences.org\/national\/?page_id=1191"},"modified":"2025-03-11T12:27:03","modified_gmt":"2025-03-11T11:27:03","slug":"mentions-legales","status":"publish","type":"page","link":"https:\/\/www.planete-sciences.org\/national\/mentions-legales\/","title":{"rendered":"Mentions l\u00e9gales"},"content":{"rendered":"<h2 data-fontsize=\"40\" data-lineheight=\"60\">Pr\u00e9sentation du site.<\/h2>\n<p>En vertu de l\u2019article 6 de la loi n\u00b0 2004-575 du 21 juin 2004 pour la confiance dans l\u2019\u00e9conomie num\u00e9rique, il est pr\u00e9cis\u00e9 aux utilisateurs\u00b7trices du site <a href=\"https:\/\/www.planete-sciences.org\/\" rel=\"noopener\">planete-sciences.org<\/a>\u00a0l\u2019identit\u00e9 des diff\u00e9rents intervenants dans le cadre de sa r\u00e9alisation et de son suivi :<\/p>\n<p><strong>Propri\u00e9taire<\/strong> :<br \/>\nAssociation loi 1901<br \/>\n<b>Plan\u00e8te Sciences<\/b><br \/>\nAdresse : 10 rue du Marquis de Raies 91080 Evry-Courcouronnes \u2013 FRANCE<strong><br \/>\n<\/strong>T\u00e9l\u00e9phone : +33 (0)1 69 02 76 10<br \/>\nT\u00e9l\u00e9copie : +33 (0)1 69 43 21 43<\/p>\n<p>Si\u00e8ge social : Palais de la d\u00e9couverte, Paris<br \/>\nAgr\u00e9\u00e9e par les Minist\u00e8res de la Jeunesse, de l\u2019\u00c9ducation Nationale et de la Recherche<\/p>\n<p>SIRET : 784 363 848 00044 &#8211; APE 9499 Z<br \/>\nCapital social : nul &#8211; association \u00e0 but non lucratif<\/p>\n<p><strong>Responsable publication<\/strong> :<br \/>\nDirectrice : Elise Dard\u00e9-Filippi<br \/>\nLe responsable publication est une personne physique ou une personne morale.<\/p>\n<p><strong>H\u00e9bergeur<\/strong> :<br \/>\nAssociation Plan\u00e8te Sciences &#8211; <a href=\"mailto:secretariat@planete-sciences.org\" target=\"_blank\" rel=\"noopener noreferrer\">secretariat@planete-sciences.org<\/a><\/p>\n<p>&nbsp;<\/p>\n<h2 data-fontsize=\"40\" data-lineheight=\"60\">Conditions g\u00e9n\u00e9rales d\u2019utilisation du site et des services propos\u00e9s.<\/h2>\n<p>L\u2019utilisation du site <a href=\"https:\/\/www.planete-sciences.org\/\" rel=\"noopener\">planete-sciences.org<\/a>\u00a0implique l\u2019acceptation pleine et enti\u00e8re des conditions g\u00e9n\u00e9rales d\u2019utilisation ci-apr\u00e8s d\u00e9crites. Ces conditions d\u2019utilisation sont susceptibles d\u2019\u00eatre modifi\u00e9es ou compl\u00e9t\u00e9es \u00e0 tout moment, les utilisateurs du site <a href=\"https:\/\/www.planete-sciences.org\/\" rel=\"noopener\">planete-sciences.org<\/a>\u00a0sont donc invit\u00e9s \u00e0 les consulter de mani\u00e8re r\u00e9guli\u00e8re.<\/p>\n<p>Ce site est normalement accessible \u00e0 tout moment aux utilisateurs\u00b7trices. Une interruption pour raison de maintenance technique peut \u00eatre toutefois d\u00e9cid\u00e9e par Plan\u00e8te Sciences, qui s\u2019efforcera alors de communiquer pr\u00e9alablement aux utilisateurs\u00b7trices les dates et heures de l\u2019intervention.<\/p>\n<p>Le site <a href=\"https:\/\/www.planete-sciences.org\/\" rel=\"noopener\">planete-sciences.org<\/a> est mis \u00e0 jour r\u00e9guli\u00e8rement par Plan\u00e8te Sciences. De la m\u00eame fa\u00e7on, les mentions l\u00e9gales peuvent \u00eatre modifi\u00e9es \u00e0 tout moment : elles s\u2019imposent n\u00e9anmoins \u00e0 l\u2019utilisateur\u00b7trices qui est invit\u00e9\u00b7\u00e9e \u00e0 s\u2019y r\u00e9f\u00e9rer le plus souvent possible afin d\u2019en prendre connaissance.<\/p>\n<h2 data-fontsize=\"40\" data-lineheight=\"60\">Description des services fournis.<\/h2>\n<p>Le site <a href=\"https:\/\/www.planete-sciences.org\/\" rel=\"noopener\">planete-sciences.org<\/a>\u00a0a pour objet de fournir une information concernant l\u2019ensemble des activit\u00e9s de la soci\u00e9t\u00e9.<\/p>\n<p>Plan\u00e8te Sciences s\u2019efforce de fournir sur le site <a href=\"https:\/\/www.planete-sciences.org\/\" rel=\"noopener\">planete-sciences.org<\/a>\u00a0des informations aussi pr\u00e9cises que possible. Toutefois, elle ne pourra \u00eatre tenue responsable des omissions, des inexactitudes et des carences dans la mise \u00e0 jour, qu\u2019elles soient de son fait ou du fait des tiers partenaires qui lui fournissent ces informations.<\/p>\n<p>Tous les informations indiqu\u00e9es sur le site <a href=\"https:\/\/www.planete-sciences.org\/\" rel=\"noopener\">planete-sciences.org<\/a>\u00a0sont donn\u00e9es \u00e0 titre indicatif, et sont susceptibles d\u2019\u00e9voluer. Par ailleurs, les renseignements figurant sur le site <a href=\"https:\/\/www.planete-sciences.org\/\" rel=\"noopener\">planete-sciences.org<\/a>\u00a0ne sont pas exhaustifs. Ils sont donn\u00e9s sous r\u00e9serve de modifications ayant \u00e9t\u00e9 apport\u00e9es depuis leur mise en ligne.<\/p>\n<h2 data-fontsize=\"40\" data-lineheight=\"60\">Limitations contractuelles sur les donn\u00e9es techniques.<\/h2>\n<p>Le site utilise la technologie JavaScript.<\/p>\n<p>Le site Internet ne pourra \u00eatre tenu responsable de dommages mat\u00e9riels li\u00e9s \u00e0 l\u2019utilisation du site. De plus, l\u2019utilisateur\u00b7trice du site s\u2019engage \u00e0 acc\u00e9der au site en utilisant un mat\u00e9riel r\u00e9cent, ne contenant pas de virus et avec un navigateur de derni\u00e8re g\u00e9n\u00e9ration mis-\u00e0-jour<\/p>\n<h2 data-fontsize=\"40\" data-lineheight=\"60\">Propri\u00e9t\u00e9 intellectuelle et contrefa\u00e7ons.<\/h2>\n<p>Plan\u00e8te Sciences est propri\u00e9taire des droits de propri\u00e9t\u00e9 intellectuelle ou d\u00e9tient les droits d\u2019usage sur tous les \u00e9l\u00e9ments accessibles sur le site, notamment les textes, images, graphismes, logos, ic\u00f4nes, sons, logiciels. L\u2019ensemble des \u00e9l\u00e9ments intellectuels (concepts, originalit\u00e9 du nom, des cr\u00e9ations) et op\u00e9rationnels (principe, mat\u00e9riaux utilis\u00e9s, mode de fabrication, savoir-faire) de ce site est prot\u00e9g\u00e9 juridiquement et confidentiel. En cas de non r\u00e9alisation totale ou partielle du concept original propos\u00e9 dans ce document, celui-ci conserve son caract\u00e8re confidentiel et ne peut \u00eatre r\u00e9v\u00e9l\u00e9 ou remis \u00e0 un tiers conform\u00e9ment \u00e0 l\u2019article L121-2-CPI.<\/p>\n<p>Toute reproduction, repr\u00e9sentation, modification, publication, adaptation de tout ou partie des \u00e9l\u00e9ments du site, quel que soit le moyen ou le proc\u00e9d\u00e9 utilis\u00e9, est interdite, sauf autorisation \u00e9crite pr\u00e9alable de : Plan\u00e8te Sciences.<\/p>\n<p>Toute exploitation non autoris\u00e9e du site ou de l\u2019un quelconque des \u00e9l\u00e9ments qu\u2019il contient sera consid\u00e9r\u00e9e comme constitutive d\u2019une contrefa\u00e7on et poursuivie conform\u00e9ment aux dispositions des articles L.335-2 et suivants du Code de Propri\u00e9t\u00e9 Intellectuelle.<\/p>\n<p>La cr\u00e9ation de liens hypertextes vers le Site ne peut \u00eatre faite qu\u2019avec l\u2019autorisation \u00e9crite et pr\u00e9alable de Plan\u00e8te Sciences, laquelle autorisation peut \u00eatre r\u00e9voqu\u00e9e \u00e0 tout moment. Tous les sites ayant un lien hypertexte vers le Site ne sont pas sous le contr\u00f4le de Plan\u00e8te Sciences et celle-ci d\u00e9cline par cons\u00e9quent toute responsabilit\u00e9 (notamment \u00e9ditoriale) concernant l\u2019acc\u00e8s et le contenu \u00e0 ces sites.<\/p>\n<h2 data-fontsize=\"40\" data-lineheight=\"60\">Limitations de responsabilit\u00e9.<\/h2>\n<p>Plan\u00e8te Sciences ne pourra \u00eatre tenue responsable des dommages directs et indirects caus\u00e9s au mat\u00e9riel de l\u2019utilisateur\u00b7trice, lors de l\u2019acc\u00e8s au site <a href=\"https:\/\/www.planete-sciences.org\/\" rel=\"noopener\">planete-sciences.org<\/a>, et r\u00e9sultant soit de l\u2019utilisation d\u2019un mat\u00e9riel ne r\u00e9pondant pas aux sp\u00e9cifications indiqu\u00e9es au point 4, soit de l\u2019apparition d\u2019un bug ou d\u2019une incompatibilit\u00e9.<\/p>\n<p>Plan\u00e8te Sciences ne pourra \u00e9galement \u00eatre tenue responsable des dommages indirects (tels par exemple qu\u2019une perte de march\u00e9 ou perte d\u2019une chance) cons\u00e9cutifs \u00e0 l\u2019utilisation du site <a href=\"https:\/\/www.planete-sciences.org\/\" rel=\"noopener\">planete-sciences.org<\/a>.<\/p>\n<p>Des espaces interactifs (possibilit\u00e9 de poser des questions dans l\u2019espace contact) sont \u00e0 la disposition des utilisateurs\u00b7trices. Plan\u00e8te Sciences se r\u00e9serve le droit de supprimer, sans mise en demeure pr\u00e9alable, tout contenu d\u00e9pos\u00e9 dans cet espace qui contreviendrait \u00e0 la l\u00e9gislation applicable en France, en particulier aux dispositions relatives \u00e0 la protection des donn\u00e9es. Le cas \u00e9ch\u00e9ant, Plan\u00e8te Sciences se r\u00e9serve \u00e9galement la possibilit\u00e9 de mettre en cause la responsabilit\u00e9 civile et\/ou p\u00e9nale de l\u2019utilisateur\u00b7trice, notamment en cas de message \u00e0 caract\u00e8re raciste, injurieux, diffamant, ou pornographique, quel que soit le support utilis\u00e9 (texte, photographie\u2026).<\/p>\n<h2 data-fontsize=\"40\" data-lineheight=\"60\">Gestion des donn\u00e9es personnelles.<\/h2>\n<p>En France, les donn\u00e9es personnelles sont notamment prot\u00e9g\u00e9es par la loi n\u00b0 78-87 du 6 janvier 1978, la loi n\u00b0 2004-801 du 6 ao\u00fbt 2004, l\u2019article L. 226-13 du Code p\u00e9nal et la Directive Europ\u00e9enne du 24 octobre 1995.<\/p>\n<p>A l\u2019occasion de l\u2019utilisation du site <a href=\"https:\/\/www.planete-sciences.org\/\" rel=\"noopener\">planete-sciences.org<\/a>, peuvent \u00eatres recueillies : l\u2019URL des liens par l\u2019interm\u00e9diaire desquels l\u2019utilisateur\u00b7trice a acc\u00e9d\u00e9 au site <a href=\"https:\/\/www.planete-sciences.org\/\" rel=\"noopener\">planete-sciences.org<\/a>, le fournisseur d\u2019acc\u00e8s de l\u2019utilisateur\u00b7trice, l\u2019adresse de protocole Internet (IP) de l\u2019utilisateur\u00b7trice.<\/p>\n<p>En tout \u00e9tat de cause Plan\u00e8te Sciences ne collecte des informations personnelles relatives \u00e0 l\u2019utilisateur\u00b7trice que pour le besoin de certains services propos\u00e9s par le site <a href=\"https:\/\/www.planete-sciences.org\/\" rel=\"noopener\">planete-sciences.org<\/a>. L\u2019utilisateur\u00b7trice fournit ces informations en toute connaissance de cause, notamment lorsqu\u2019il proc\u00e8de par lui-m\u00eame \u00e0 leur saisie. Il est alors pr\u00e9cis\u00e9 \u00e0 l\u2019utilisateur\u00b7trice du site <a href=\"https:\/\/www.planete-sciences.org\/\" rel=\"noopener\">planete-sciences.org<\/a>\u00a0l\u2019obligation ou non de fournir ces informations.<\/p>\n<p>Conform\u00e9ment aux dispositions des articles 38 et suivants de la loi 78-17 du 6 janvier 1978 relative \u00e0 l\u2019informatique, aux fichiers et aux libert\u00e9s, tout utilisateur\u00b7trice dispose d\u2019un droit d\u2019acc\u00e8s, de rectification et d\u2019opposition aux donn\u00e9es personnelles le concernant, en effectuant sa demande \u00e9crite et sign\u00e9e, accompagn\u00e9e d\u2019une copie du titre d\u2019identit\u00e9 avec signature du titulaire de la pi\u00e8ce, en pr\u00e9cisant l\u2019adresse \u00e0 laquelle la r\u00e9ponse doit \u00eatre envoy\u00e9e.<\/p>\n<p>Aucune information personnelle de l\u2019utilisateur\u00b7trice du site <a href=\"https:\/\/www.planete-sciences.org\/\" rel=\"noopener\">planete-sciences.org<\/a> n\u2019est publi\u00e9e \u00e0 l\u2019insu de l\u2019utilisateur\u00b7trice, \u00e9chang\u00e9e, transf\u00e9r\u00e9e, c\u00e9d\u00e9e ou vendue sur un support quelconque \u00e0 des tiers.<\/p>\n<p>Le site n\u2019est pas d\u00e9clar\u00e9 \u00e0 la CNIL car il ne recueille pas d\u2019informations personnelles. .<\/p>\n<p>Les bases de donn\u00e9es sont prot\u00e9g\u00e9es par les dispositions de la loi du 1er juillet 1998 transposant la directive 96\/9 du 11 mars 1996 relative \u00e0 la protection juridique des bases de donn\u00e9es.<\/p>\n<h2 data-fontsize=\"40\" data-lineheight=\"60\">Droit applicable et attribution de juridiction.<\/h2>\n<p>Tout litige en relation avec l\u2019utilisation du site <a href=\"https:\/\/www.planete-sciences.org\/\" rel=\"noopener\">planete-sciences.org<\/a>\u00a0est soumis au droit fran\u00e7ais. Il est fait attribution exclusive de juridiction aux tribunaux comp\u00e9tents de Paris.<\/p>\n<h2 data-fontsize=\"40\" data-lineheight=\"60\">Les principales lois concern\u00e9es.<\/h2>\n<p>Loi n\u00b0 78-87 du 6 janvier 1978, notamment modifi\u00e9e par la loi n\u00b0 2004-801 du 6 ao\u00fbt 2004 relative \u00e0 l\u2019informatique, aux fichiers et aux libert\u00e9s.<\/p>\n<p>Loi n\u00b0 2004-575 du 21 juin 2004 pour la confiance dans l\u2019\u00e9conomie num\u00e9rique.<\/p>\n<h2 data-fontsize=\"40\" data-lineheight=\"60\">Lexique.<\/h2>\n<p>Utilisateur\u00b7trice : Internaute se connectant, utilisant le site susnomm\u00e9.<\/p>\n<p>Informations personnelles : \u00ab les informations qui permettent, sous quelque forme que ce soit, directement ou non, l\u2019identification des personnes physiques auxquelles elles s\u2019appliquent \u00bb (article 4 de la loi n\u00b0 78-17 du 6 janvier 1978).<\/p>\n<hr \/>\n<p>Mise \u00e0 jour le : 03\/12\/2019<\/p>\n","protected":false},"excerpt":{"rendered":"<p>Pr\u00e9sentation du site. En vertu de l\u2019article 6 de la  [&#8230;]<\/p>\n","protected":false},"author":1,"featured_media":0,"parent":0,"menu_order":0,"comment_status":"closed","ping_status":"closed","template":"","meta":{"_bbp_topic_count":0,"_bbp_reply_count":0,"_bbp_total_topic_count":0,"_bbp_total_reply_count":0,"_bbp_voice_count":0,"_bbp_anonymous_reply_count":0,"_bbp_topic_count_hidden":0,"_bbp_reply_count_hidden":0,"_bbp_forum_subforum_count":0,"ngg_post_thumbnail":0,"footnotes":""},"class_list":["post-1191","page","type-page","status-publish","hentry"],"_links":{"self":[{"href":"https:\/\/www.planete-sciences.org\/national\/wp-json\/wp\/v2\/pages\/1191","targetHints":{"allow":["GET"]}}],"collection":[{"href":"https:\/\/www.planete-sciences.org\/national\/wp-json\/wp\/v2\/pages"}],"about":[{"href":"https:\/\/www.planete-sciences.org\/national\/wp-json\/wp\/v2\/types\/page"}],"author":[{"embeddable":true,"href":"https:\/\/www.planete-sciences.org\/national\/wp-json\/wp\/v2\/users\/1"}],"replies":[{"embeddable":true,"href":"https:\/\/www.planete-sciences.org\/national\/wp-json\/wp\/v2\/comments?post=1191"}],"version-history":[{"count":7,"href":"https:\/\/www.planete-sciences.org\/national\/wp-json\/wp\/v2\/pages\/1191\/revisions"}],"predecessor-version":[{"id":5585,"href":"https:\/\/www.planete-sciences.org\/national\/wp-json\/wp\/v2\/pages\/1191\/revisions\/5585"}],"wp:attachment":[{"href":"https:\/\/www.planete-sciences.org\/national\/wp-json\/wp\/v2\/media?parent=1191"}],"curies":[{"name":"wp","href":"https:\/\/api.w.org\/{rel}","templated":true}]}}