{"id":96,"date":"2014-06-21T20:02:34","date_gmt":"2014-06-21T19:02:34","guid":{"rendered":"http:\/\/www.planete-sciences.org\/mediterranee\/\/?page_id=96"},"modified":"2020-05-11T15:29:49","modified_gmt":"2020-05-11T14:29:49","slug":"la-presse-en-parle","status":"publish","type":"page","link":"https:\/\/www.planete-sciences.org\/mediterranee\/la-presse-en-parle\/","title":{"rendered":"La presse en parle !"},"content":{"rendered":"<h2><span style=\"color: #00519e;\"><strong>La revue de presse de Plan\u00e8te Sciences M\u00e9diterran\u00e9e<br \/>\n<\/strong><\/span><\/h2>\n<h2><span style=\"color: #cc4e95;\">Septembre 2019<\/span><\/h2>\n<p><span style=\"color: #434343;\">Participation de Plan\u00e8te Sciences M\u00e9diterran\u00e9e \u00e0 la journ\u00e9e partenaire du parc national de Port-Cros. Une belle journ\u00e9e d&rsquo;\u00e9change et de rencontres.<\/span><\/p>\n<p><span style=\"color: #c99dbf;\">Var Matin 19 Septembre 2019&nbsp;<\/span><strong><span style=\"color: #019cdf;\"><img fetchpriority=\"high\" decoding=\"async\" class=\"alignleft size-medium wp-image-3903\" src=\"https:\/\/www.planete-sciences.org\/mediterranee\/wp-content\/uploads\/2014\/06\/19-sept-2019-VarMatin-300x217.png\" alt=\"19 sept 2019 VarMatin\" width=\"300\" height=\"217\" srcset=\"https:\/\/www.planete-sciences.org\/mediterranee\/wp-content\/uploads\/2014\/06\/19-sept-2019-VarMatin-300x217.png 300w, https:\/\/www.planete-sciences.org\/mediterranee\/wp-content\/uploads\/2014\/06\/19-sept-2019-VarMatin-768x555.png 768w, https:\/\/www.planete-sciences.org\/mediterranee\/wp-content\/uploads\/2014\/06\/19-sept-2019-VarMatin-1024x740.png 1024w, https:\/\/www.planete-sciences.org\/mediterranee\/wp-content\/uploads\/2014\/06\/19-sept-2019-VarMatin-200x144.png 200w, https:\/\/www.planete-sciences.org\/mediterranee\/wp-content\/uploads\/2014\/06\/19-sept-2019-VarMatin-600x433.png 600w, https:\/\/www.planete-sciences.org\/mediterranee\/wp-content\/uploads\/2014\/06\/19-sept-2019-VarMatin-624x451.png 624w, https:\/\/www.planete-sciences.org\/mediterranee\/wp-content\/uploads\/2014\/06\/19-sept-2019-VarMatin.png 1888w\" sizes=\"(max-width: 300px) 100vw, 300px\" \/><br \/>\n<\/span><\/strong><\/p>\n<p>&nbsp;<\/p>\n<h2><span style=\"color: #cc4e95;\">Mai 2018<\/span><\/h2>\n<p style=\"text-align: justify;\"><span style=\"color: #434343;\">Participation de Plan\u00e8te Sciences M\u00e9diterran\u00e9e \u00e0 \u00ab\u00a0Faut qu&rsquo;on en parle\u00a0\u00bb sur l\u2019Education \u00e0 l\u2019Environnement vers un D\u00e9veloppement Durable (EEDD).<\/span><\/p>\n<p style=\"text-align: justify;\"><span style=\"color: #434343;\">Mme Eve LE LUYER, responsable de l&rsquo;antenne du Var de Plan\u00e8te Sciences M\u00e9diterran\u00e9e, animatrice et formatrice en EEDD, a particip\u00e9 \u00e0 l&rsquo;\u00e9mission de radio \u00ab\u00a0Faut qu&rsquo;on en parle\u00a0\u00bb sur les sujets du d\u00e9veloppement durable.<\/span><\/p>\n<p style=\"text-align: justify;\"><span style=\"color: #434343;\">Les enjeux du D\u00e9veloppement Durable (sociaux, \u00e9conomiques, \u00e9cologiques et culturels)&nbsp; ont \u00e9t\u00e9 abord\u00e9s par plusieurs intervenants de divers milieux professionnels, associatifs et m\u00e9dical.<\/span><\/p>\n<p style=\"text-align: justify;\"><span style=\"color: #019cdf;\"><span style=\"color: #c99dbf;\">A \u00e9couter vivement :<\/span>&nbsp;<strong><a href=\"https:\/\/www.facebook.com\/fautquonenparle\/posts\/1354765424692614\" target=\"_blank\" rel=\"noopener noreferrer\">https:\/\/www.facebook.com\/fautquonenparle\/posts\/1354765424692614<\/a><\/strong><\/span><\/p>\n<p><strong><a class=\"fasc-button fasc-size-medium fasc-type-glossy fasc-rounded-medium fasc-ico-before dashicons-admin-page\" style=\"background-color: #9e338c; color: #ffffff;\" target=\"_blank\" rel=\"noopener noreferrer\" href=\"https:\/\/www.planete-sciences.org\/mediterranee\/la-presse-en-parle\/revue-de-presse-2017\/\">Voir la revue de presse 2017<\/a><br \/>\n<strong><a class=\"fasc-button fasc-size-medium fasc-type-glossy fasc-rounded-medium fasc-ico-before dashicons-admin-page\" style=\"background-color: #9e338c; color: #ffffff;\" target=\"_blank\" rel=\"noopener noreferrer\" href=\"https:\/\/www.planete-sciences.org\/mediterranee\/la-presse-en-parle\/revue-de-presse-2016\/\">Voir la revue de presse 2016<\/a><br \/>\n<a class=\"fasc-button fasc-size-medium fasc-type-glossy fasc-rounded-medium fasc-ico-before dashicons-admin-page\" style=\"background-color: #9e338c; color: #ffffff;\" target=\"_blank\" rel=\"noopener noreferrer\" href=\"https:\/\/www.planete-sciences.org\/mediterranee\/la-presse-en-parle\/revue-de-presse-2015\/\">Voir la revue de presse 2015<\/a><\/strong><\/strong><br \/>\n<strong><a class=\"fasc-button fasc-size-medium fasc-type-glossy fasc-rounded-medium fasc-ico-before dashicons-admin-page\" style=\"background-color: #9e338c; color: #ffffff;\" target=\"_blank\" rel=\"noopener noreferrer\" href=\"https:\/\/www.planete-sciences.org\/mediterranee\/la-presse-en-parle\/revue-de-presse-2014\/\">Voir la revue de presse 2014<\/a><\/p>\n","protected":false},"excerpt":{"rendered":"<p>La revue de presse de Plan\u00e8te Sciences M\u00e9diterran\u00e9e Septembre 2019 Participation de Plan\u00e8te Sciences M\u00e9diterran\u00e9e \u00e0 la journ\u00e9e partenaire du parc national de Port-Cros. Une belle journ\u00e9e d&rsquo;\u00e9change et de rencontres. Var Matin 19 Septembre 2019&nbsp; &nbsp; Mai 2018 Participation de Plan\u00e8te Sciences M\u00e9diterran\u00e9e \u00e0 \u00ab\u00a0Faut qu&rsquo;on en parle\u00a0\u00bb sur l\u2019Education \u00e0 l\u2019Environnement vers un [&hellip;]<\/p>\n","protected":false},"author":1,"featured_media":0,"parent":0,"menu_order":0,"comment_status":"closed","ping_status":"open","template":"","meta":{"_acf_changed":false,"ngg_post_thumbnail":0,"footnotes":""},"class_list":["post-96","page","type-page","status-publish","hentry"],"acf":[],"_links":{"self":[{"href":"https:\/\/www.planete-sciences.org\/mediterranee\/wp-json\/wp\/v2\/pages\/96","targetHints":{"allow":["GET"]}}],"collection":[{"href":"https:\/\/www.planete-sciences.org\/mediterranee\/wp-json\/wp\/v2\/pages"}],"about":[{"href":"https:\/\/www.planete-sciences.org\/mediterranee\/wp-json\/wp\/v2\/types\/page"}],"author":[{"embeddable":true,"href":"https:\/\/www.planete-sciences.org\/mediterranee\/wp-json\/wp\/v2\/users\/1"}],"replies":[{"embeddable":true,"href":"https:\/\/www.planete-sciences.org\/mediterranee\/wp-json\/wp\/v2\/comments?post=96"}],"version-history":[{"count":178,"href":"https:\/\/www.planete-sciences.org\/mediterranee\/wp-json\/wp\/v2\/pages\/96\/revisions"}],"predecessor-version":[{"id":4167,"href":"https:\/\/www.planete-sciences.org\/mediterranee\/wp-json\/wp\/v2\/pages\/96\/revisions\/4167"}],"wp:attachment":[{"href":"https:\/\/www.planete-sciences.org\/mediterranee\/wp-json\/wp\/v2\/media?parent=96"}],"curies":[{"name":"wp","href":"https:\/\/api.w.org\/{rel}","templated":true}]}}