{"id":886,"date":"2014-07-30T10:48:53","date_gmt":"2014-07-30T09:48:53","guid":{"rendered":"http:\/\/www.planete-sciences.org\/mediterranee\/\/?page_id=886"},"modified":"2020-05-19T08:54:56","modified_gmt":"2020-05-19T07:54:56","slug":"rivieres-mediterraneennes-en-region-paca","status":"publish","type":"page","link":"https:\/\/www.planete-sciences.org\/mediterranee\/nos-expositions\/rivieres-mediterraneennes-en-region-paca\/","title":{"rendered":"Rivi\u00e8res M\u00e9diterran\u00e9ennes en r\u00e9gion PACA&#8230;"},"content":{"rendered":"<h3><span style=\"color: #cc4e95;\">&#8230;des rivi\u00e8res sous influences<\/span><\/h3>\n<h3><span style=\"color: #00519e;\"><strong><img fetchpriority=\"high\" decoding=\"async\" class=\"alignright wp-image-865 size-medium\" src=\"https:\/\/www.planete-sciences.org\/mediterranee\/\/wp-content\/uploads\/2014\/06\/couv-a5-rivieres__titrediffrent-214x300.jpg\" alt=\"couv-a5-rivieres__titrediffrent\" width=\"214\" height=\"300\" srcset=\"https:\/\/www.planete-sciences.org\/mediterranee\/wp-content\/uploads\/2014\/06\/couv-a5-rivieres__titrediffrent-214x300.jpg 214w, https:\/\/www.planete-sciences.org\/mediterranee\/wp-content\/uploads\/2014\/06\/couv-a5-rivieres__titrediffrent-142x200.jpg 142w, https:\/\/www.planete-sciences.org\/mediterranee\/wp-content\/uploads\/2014\/06\/couv-a5-rivieres__titrediffrent.jpg 428w\" sizes=\"(max-width: 214px) 100vw, 214px\" \/>C\u2019est quoi&nbsp;?<\/strong><\/span><\/h3>\n<p style=\"text-align: justify;\">R\u00e9alis\u00e9e <strong>&nbsp;par l&rsquo;association Plan\u00e8te Sciences M\u00e9diterran\u00e9e<\/strong>, avec l&rsquo;aide de nombreux partenaires, l&rsquo;exposition&nbsp;<strong>\u00ab\u00a0Rivi\u00e8res m\u00e9diterran\u00e9ennes en r\u00e9gion Provence-Alpes-C\u00f4te d&rsquo;Azur&#8230;des rivi\u00e8res sous influences\u00a0\u00bb&nbsp;<\/strong>a pour buts de favoriser :<\/p>\n<ul>\n<li>&nbsp;la d\u00e9couverte et la compr\u00e9hension du fonctionnement global d&rsquo;une rivi\u00e8re, \u00e0 l&rsquo;\u00e9chelle de son bassin versant et au cours des saisons,<\/li>\n<li>la d\u00e9couverte et la compr\u00e9hension des perturbations qui peuvent perturber le fonctionnement de cet \u00e9cosyst\u00e8me,<\/li>\n<li>l&rsquo;observation et le questionnement du public, par le biais de p\u00f4les d&rsquo;animation.<\/li>\n<\/ul>\n<p style=\"text-align: justify;\">L&rsquo;approche concr\u00e8te, logique de ce milieu s&rsquo;effectue aux moyens de panneaux, de maquettes, de manipulations&#8230; Les visiteurs peuvent simuler une crue, am\u00e9nager un bassin versant, ou observer la petite faune aquatique, gr\u00e2ce \u00e0 une cam\u00e9ra reli\u00e9e \u00e0 une loupe binoculaire.<\/p>\n<h3><span style=\"color: #00519e;\">Pour qui ?<\/span><\/h3>\n<p style=\"text-align: justify;\">L&rsquo;exposition s&rsquo;adresse aux jeunes, \u00e0 partir de 10 ans (les supports interactifs sont utilisables \u00e0 tout \u00e2ge), aux adultes non sp\u00e9cialistes, aux utilisateurs de la rivi\u00e8re (sportifs, p\u00eacheurs), aux riverains d&rsquo;un cours d&rsquo;eau, et plus g\u00e9n\u00e9ralement \u00e0 toute personne curieuse et int\u00e9ress\u00e9e par ce sujet.<\/p>\n<h3><span style=\"color: #00519e;\"><strong>Contenu de l\u2019exposition<\/strong><\/span><\/h3>\n<p>Elle est compos\u00e9e de 4 types de supports :<\/p>\n<ul>\n<li>14 panneaux toil\u00e9s (13 panneaux de 180 x 80 cm et 1 panneau de 180 x 160 cm) pr\u00e9sentables en ext\u00e9rieur ou en int\u00e9rieur, avec leurs grilles d&rsquo;accrochage<\/li>\n<li>une maquette dynamique reconstituant le fonctionnement d&rsquo;un bassin versant<\/li>\n<li>une maquette mod\u00e9lisant le fonctionnement d&rsquo;une nappe alluviale<\/li>\n<li>un aquarium et le mat\u00e9riel d&rsquo;observation pour les invert\u00e9br\u00e9s aquatiques.<\/li>\n<\/ul>\n<p style=\"text-align: justify;\">L&rsquo;ensemble de l&rsquo;exposition occupe une surface moyenne de 150 m\u00b2 avec une disposition modulable dans l&rsquo;espace: en arc de cercle, en cercle, en carr\u00e9&#8230;<\/p>\n<p style=\"text-align: justify;\">Cette exposition est \u00e9galement propos\u00e9e en format affiche (90 x 40 cm), accompagn\u00e9e :<\/p>\n<ul>\n<li>d&rsquo;un CD-rom contenant la version \u00e9lectronique de ces panneaux<\/li>\n<li>d&rsquo;un livret d&rsquo;animation d\u00e9crivant les ateliers propos\u00e9s avec l&rsquo;exposition (objectifs, mat\u00e9riel n\u00e9cessaire, dur\u00e9e, notions abord\u00e9es&#8230;)<\/li>\n<\/ul>\n<h3><span style=\"color: #00519e;\"><strong><img decoding=\"async\" class=\"alignright wp-image-893\" src=\"https:\/\/www.planete-sciences.org\/mediterranee\/\/wp-content\/uploads\/2014\/07\/visiteurpanneaux-300x217.jpg\" alt=\"visiteurpanneaux\" width=\"249\" height=\"180\" srcset=\"https:\/\/www.planete-sciences.org\/mediterranee\/wp-content\/uploads\/2014\/07\/visiteurpanneaux-300x217.jpg 300w, https:\/\/www.planete-sciences.org\/mediterranee\/wp-content\/uploads\/2014\/07\/visiteurpanneaux-200x145.jpg 200w, https:\/\/www.planete-sciences.org\/mediterranee\/wp-content\/uploads\/2014\/07\/visiteurpanneaux.jpg 411w\" sizes=\"(max-width: 249px) 100vw, 249px\" \/>Chez vous, partout en France<\/strong><\/span><\/h3>\n<p style=\"text-align: justify;\">L&rsquo;exposition peut \u00eatre install\u00e9e partout en France. Le temps d&rsquo;un week-end, de quelques jours, d&rsquo;une ou de plusieurs semaines, elle peut investir de nombreux lieux (salles des f\u00eates, m\u00e9diath\u00e8ques, palais des congr\u00e8s, places urbaines, espaces verts&#8230;).<\/p>\n<h3><span style=\"color: #00519e;\"> <strong>Conditions de location<\/strong><\/span><\/h3>\n<p style=\"text-align: justify;\">Nous mettons \u00e0 votre disposition l&rsquo;exposition accompagn\u00e9e d&rsquo;un service d&rsquo;animation sur mesure, gr\u00e2ce \u00e0&nbsp;<strong>3 formules au choix<\/strong>&nbsp;:<\/p>\n<p style=\"text-align: justify;\">-mise \u00e0 disposition de&nbsp;<strong>2 \u00e9ducateurs \u00e0 l&rsquo;environnement<\/strong>&nbsp;de Plan\u00e8te Sciences M\u00e9diterran\u00e9e, pendant la dur\u00e9e de l&rsquo;exposition<\/p>\n<p style=\"text-align: justify;\">-mise \u00e0 disposition d<strong>&lsquo;un \u00e9ducateur \u00e0 l&rsquo;environnement&nbsp;<\/strong>de Plan\u00e8te Sciences M\u00e9diterran\u00e9e, t<strong>ravaillant en bin\u00f4me avec une personne de votre choix<\/strong><\/p>\n<p style=\"text-align: justify;\">-f<strong>ormation de 2 personnes de votre choix<\/strong>, par les animateurs de Plan\u00e8te Sciences M\u00e9diterran\u00e9e (dans ce cas, la mise \u00e0 disposition du mat\u00e9riel d&rsquo;exposition ne pourra se faire que pendant une p\u00e9riode limit\u00e9e : nous consulter)<\/p>\n<p style=\"text-align: justify;\">D&rsquo;autres formules sont envisageables au cas par cas, et des solutions nombreuses peuvent \u00eatre adopt\u00e9es. Un devis sp\u00e9cifique est propos\u00e9 pour chacune des manifestations, car il est fonction de nombreux param\u00e8tres (formule d&rsquo;animation choisie, transport de mat\u00e9riel, frais de mission&#8230;).<\/p>\n<h3 style=\"text-align: justify;\"><span style=\"color: #00519e;\"><strong>Donn\u00e9es techniques<\/strong><\/span><\/h3>\n<p style=\"text-align: justify;\">Pr\u00e9vue pour se d\u00e9ployer, de fa\u00e7on modulable, sur une&nbsp;<strong>surface totale de 150 m\u00b2&nbsp;<\/strong>(en int\u00e9rieur ou en ext\u00e9rieur, les panneaux \u00e9tant toil\u00e9s et les supports pouvant supporter un vent mod\u00e9r\u00e9), l&rsquo;exposition n\u00e9cessite de se trouver \u00e0 proximit\u00e9 d&rsquo;un point d&rsquo;eau et d&rsquo;un branchement \u00e9lectrique (branchement souhaitable mais toutefois pas indispensable : nous contacter \u00e0 ce sujet).<\/p>\n<h3 style=\"text-align: justify;\"><span style=\"color: #00519e;\"><strong>Organisation g\u00e9n\u00e9rale des panneaux<\/strong><\/span><\/h3>\n<p style=\"text-align: justify;\">L&rsquo;exposition se compose de&nbsp;<strong>14 panneaux toil\u00e9s&nbsp;<\/strong>(13 panneaux de 180 x 80 cm et 1 panneau de 180 x 160 cm), avec leurs grilles d&rsquo;accrochage, pr\u00e9sentables en ext\u00e9rieur ou en int\u00e9rieur.<\/p>\n<p>Ils pr\u00e9sentent le&nbsp;<strong>fonctionnement d&rsquo;un cours d&rsquo;eau situ\u00e9 en zone m\u00e9diterran\u00e9enne&nbsp;<\/strong>: seuls les 2 premiers panneaux abordent les caract\u00e9ristiques de la r\u00e9gion Provence Alpes C\u00f4te d&rsquo;Azur (relief, climats). Les suivants traitent de situations pouvant se rencontrer dans d&rsquo;autres r\u00e9gions soumises \u00e0 l&rsquo;influence du climat m\u00e9diterran\u00e9en.<\/p>\n<p>Ces panneaux sont organis\u00e9s de la mani\u00e8re suivante :<\/p>\n<ul>\n<li><strong>Panneau 1 :<\/strong>&nbsp;pr\u00e9sentation g\u00e9n\u00e9rale de l&rsquo;exposition<\/li>\n<li><strong>Panneau 2 et 3<\/strong>&nbsp;: climats, reliefs , caract\u00e9ristiques et r\u00e9gimes hydrologiques de la r\u00e9gion PACA<\/li>\n<li><strong>Panneau 4 :<\/strong>&nbsp;\u00e9volution des caract\u00e9ristiques physico-chimiques et biologiques d&rsquo;un cours d&rsquo;eau, de sa source \u00e0 son embouchure<\/li>\n<li><strong>Panneau 5 :<\/strong>&nbsp;pr\u00e9sentation d&rsquo;esp\u00e8ces animales et v\u00e9g\u00e9tales, rares ou sp\u00e9cifiques, des zones m\u00e9diterran\u00e9ennes<\/li>\n<li><strong>Panneau 7 :<\/strong>&nbsp;pr\u00e9sentation de plantes et d&rsquo;animaux \u00a0\u00bb ind\u00e9sirables \u00ab\u00a0<\/li>\n<li><strong>Les 8 panneaux suivants&nbsp;<\/strong>pr\u00e9sentent l&rsquo;\u00e9volution d&rsquo;un bassin versant au fil des saisons, chacune \u00e9tant repr\u00e9sent\u00e9e par 2 situations :&nbsp;un cours d&rsquo;eau peu modifi\u00e9 par les activit\u00e9s humaines (\u00a0\u00bb rivi\u00e8re \u00e9quilibr\u00e9e \u00ab\u00a0) et&nbsp;un cours d&rsquo;eau perturb\u00e9 par ces actions (\u00a0\u00bb rivi\u00e8re sous pression \u00ab\u00a0)<\/li>\n<\/ul>\n<h3><span style=\"color: #00519e;\">&nbsp;<strong>Quelques exemples de panneaux<\/strong><\/span><\/h3>\n<table>\n<tbody>\n<tr>\n<td><img decoding=\"async\" class=\"aligncenter wp-image-892 size-full\" src=\"https:\/\/www.planete-sciences.org\/mediterranee\/\/wp-content\/uploads\/2014\/07\/printemps-sspression_28x12cm.jpg\" alt=\"printemps-sspression_28x12cm\" width=\"266\" height=\"600\" srcset=\"https:\/\/www.planete-sciences.org\/mediterranee\/wp-content\/uploads\/2014\/07\/printemps-sspression_28x12cm.jpg 266w, https:\/\/www.planete-sciences.org\/mediterranee\/wp-content\/uploads\/2014\/07\/printemps-sspression_28x12cm-133x300.jpg 133w\" sizes=\"(max-width: 266px) 100vw, 266px\" \/><\/td>\n<td><img loading=\"lazy\" decoding=\"async\" class=\"aligncenter size-full wp-image-891\" src=\"https:\/\/www.planete-sciences.org\/mediterranee\/\/wp-content\/uploads\/2014\/07\/printemps-equilibre_28x12cm.jpg\" alt=\"printemps-equilibre_28x12cm\" width=\"266\" height=\"600\" srcset=\"https:\/\/www.planete-sciences.org\/mediterranee\/wp-content\/uploads\/2014\/07\/printemps-equilibre_28x12cm.jpg 266w, https:\/\/www.planete-sciences.org\/mediterranee\/wp-content\/uploads\/2014\/07\/printemps-equilibre_28x12cm-133x300.jpg 133w\" sizes=\"(max-width: 266px) 100vw, 266px\" \/><\/td>\n<td><img loading=\"lazy\" decoding=\"async\" class=\"aligncenter size-full wp-image-887\" src=\"https:\/\/www.planete-sciences.org\/mediterranee\/\/wp-content\/uploads\/2014\/07\/panneau2_28x12cm.jpg\" alt=\"panneau2_28x12cm\" width=\"266\" height=\"600\" srcset=\"https:\/\/www.planete-sciences.org\/mediterranee\/wp-content\/uploads\/2014\/07\/panneau2_28x12cm.jpg 266w, https:\/\/www.planete-sciences.org\/mediterranee\/wp-content\/uploads\/2014\/07\/panneau2_28x12cm-133x300.jpg 133w\" sizes=\"(max-width: 266px) 100vw, 266px\" \/><\/td>\n<td><img loading=\"lazy\" decoding=\"async\" class=\"aligncenter size-full wp-image-888\" src=\"https:\/\/www.planete-sciences.org\/mediterranee\/\/wp-content\/uploads\/2014\/07\/panneau6_28x12cm.jpg\" alt=\"panneau6_28x12cm\" width=\"266\" height=\"600\" srcset=\"https:\/\/www.planete-sciences.org\/mediterranee\/wp-content\/uploads\/2014\/07\/panneau6_28x12cm.jpg 266w, https:\/\/www.planete-sciences.org\/mediterranee\/wp-content\/uploads\/2014\/07\/panneau6_28x12cm-133x300.jpg 133w\" sizes=\"(max-width: 266px) 100vw, 266px\" \/><\/td>\n<\/tr>\n<\/tbody>\n<\/table>\n<h3><span style=\"color: #00519e;\"><strong>Les supports interactifs<\/strong><\/span><\/h3>\n<p style=\"text-align: justify;\">Les panneaux sont accompagn\u00e9s de 2 maquettes et d&rsquo;un p\u00f4le d&rsquo;observation des invert\u00e9br\u00e9s aquatiques.<\/p>\n<p style=\"text-align: justify;\"><img loading=\"lazy\" decoding=\"async\" class=\"alignright wp-image-889 size-medium\" src=\"https:\/\/www.planete-sciences.org\/mediterranee\/\/wp-content\/uploads\/2014\/07\/maquetteriviere-300x247.jpg\" alt=\"maquetteriviere\" width=\"300\" height=\"247\" srcset=\"https:\/\/www.planete-sciences.org\/mediterranee\/wp-content\/uploads\/2014\/07\/maquetteriviere-300x247.jpg 300w, https:\/\/www.planete-sciences.org\/mediterranee\/wp-content\/uploads\/2014\/07\/maquetteriviere-200x165.jpg 200w, https:\/\/www.planete-sciences.org\/mediterranee\/wp-content\/uploads\/2014\/07\/maquetteriviere.jpg 482w\" sizes=\"(max-width: 300px) 100vw, 300px\" \/><\/p>\n<hr>\n<p style=\"text-align: justify;\"><strong><span style=\"color: #cc4e95;\">\u00ab\u00a0Une rivi\u00e8re en mouvement \u00a0\u00bb&nbsp;<\/span><\/strong>: cette maquette de 2 m x 0.8 m reconstitue un bassin versant avec son cours d&rsquo;eau: elle permet la r\u00e9alisation de multiples manipulations et observations.<br \/>\nInteractive et p\u00e9dagogique, hydraulique et anim\u00e9e, cette maquette est \u00e9quip\u00e9e d&rsquo;une pompe en circuit ferm\u00e9, dont le d\u00e9bit peut varier \u00e0 la demande.<\/p>\n<p style=\"text-align: justify;\"><strong>Les activit\u00e9s :<\/strong>&nbsp;am\u00e9nagement du bassin versant et reconstitution d&rsquo;un paysage (ripisylve, habitations, barrages), simulation de crue et observation de leurs cons\u00e9quences, visualisation des zones d&rsquo;\u00e9rosion et de d\u00e9p\u00f4ts&#8230;<\/p>\n<hr>\n<p style=\"text-align: justify;\"><span style=\"color: #cc4e95;\"><strong>\u00ab\u00a0Les dessous de la rivi\u00e8re\u00a0\u00bb<\/strong>&nbsp;<\/span>: cette maquette de 40 cm de longueur et de 30 cm de hauteur mod\u00e9lise le fonctionnement d&rsquo;une nappe alluviale<br \/>\nGr\u00e2ce \u00e0 cette coupe reconstituant le lit d&rsquo;une rivi\u00e8re et sa berge, les participants peuvent observer, par le biais de puits de vision, les niveaux d&rsquo;eau dans les s\u00e9diments et leurs variations en fonction de diff\u00e9rents param\u00e8tres.&nbsp;<strong>&nbsp;<\/strong><\/p>\n<p>&nbsp;<strong>Les activit\u00e9s <\/strong>: visualisation des relations cours d&rsquo;eau-nappe, r\u00e9alisation de pompages ou d&rsquo;extraction de graviers (simulation d&rsquo;extraction de granulats) pour observer les cons\u00e9quences sur le niveau de la nappe &#8230;<\/p>\n<hr>\n<p style=\"text-align: justify;\"><img loading=\"lazy\" decoding=\"async\" class=\"alignleft size-medium wp-image-890\" src=\"https:\/\/www.planete-sciences.org\/mediterranee\/\/wp-content\/uploads\/2014\/07\/aquarium_plaquette-300x224.jpg\" alt=\"aquarium_plaquette\" width=\"300\" height=\"224\" srcset=\"https:\/\/www.planete-sciences.org\/mediterranee\/wp-content\/uploads\/2014\/07\/aquarium_plaquette-300x224.jpg 300w, https:\/\/www.planete-sciences.org\/mediterranee\/wp-content\/uploads\/2014\/07\/aquarium_plaquette-200x149.jpg 200w, https:\/\/www.planete-sciences.org\/mediterranee\/wp-content\/uploads\/2014\/07\/aquarium_plaquette.jpg 591w\" sizes=\"(max-width: 300px) 100vw, 300px\" \/><span style=\"color: #cc4e95;\"><strong>\u00ab\u00a0La petite faune de la rivi\u00e8re\u00a0\u00bb<\/strong>&nbsp;<\/span>: cet aquarium plat de 80 cm x 60 cm est accompagn\u00e9 du mat\u00e9riel d&rsquo;observation afin de mieux d\u00e9couvrir et conna\u00eetre les invert\u00e9br\u00e9s aquatiques.<\/p>\n<p style=\"text-align: justify;\">Il facilite l&rsquo;observation de cette petite faune, tr\u00e8s souvent m\u00e9connue du public.<\/p>\n<p>&nbsp;<strong>Les activit\u00e9s :<\/strong> observation des invert\u00e9br\u00e9s au travers de l&rsquo;aquarium (d\u00e9placements, comportements) ou d&rsquo;une loupe binoculaire pouvant \u00eatre connect\u00e9e \u00e0 une cam\u00e9ra reli\u00e9e \u00e0 un t\u00e9l\u00e9viseur (le grossissement devient alors spectaculaire), identification gr\u00e2ce \u00e0 des cl\u00e9s de d\u00e9termination simples&#8230;<\/p>\n<hr>\n<p>Cette exposition est gratuite. Pour toutes informations compl\u00e9mentaires, <a title=\"Contactez-nous\" href=\"https:\/\/www.planete-sciences.org\/mediterranee\/\/contactez-nous\/\" target=\"_blank\" rel=\"noopener noreferrer\">contactez-nous<\/a><a title=\"Contactez-nous\" href=\"https:\/\/www.planete-sciences.org\/mediterranee\/\/contactez-nous\/\" target=\"_blank\" rel=\"noopener noreferrer\">.<\/a><\/p>\n<p>&nbsp;<\/p>\n","protected":false},"excerpt":{"rendered":"<p>&#8230;des rivi\u00e8res sous influences C\u2019est quoi&nbsp;? R\u00e9alis\u00e9e &nbsp;par l&rsquo;association Plan\u00e8te Sciences M\u00e9diterran\u00e9e, avec l&rsquo;aide de nombreux partenaires, l&rsquo;exposition&nbsp;\u00ab\u00a0Rivi\u00e8res m\u00e9diterran\u00e9ennes en r\u00e9gion Provence-Alpes-C\u00f4te d&rsquo;Azur&#8230;des rivi\u00e8res sous influences\u00a0\u00bb&nbsp;a pour buts de favoriser : &nbsp;la d\u00e9couverte et la compr\u00e9hension du fonctionnement global d&rsquo;une rivi\u00e8re, \u00e0 l&rsquo;\u00e9chelle de son bassin versant et au cours des saisons, la d\u00e9couverte et [&hellip;]<\/p>\n","protected":false},"author":1,"featured_media":0,"parent":58,"menu_order":0,"comment_status":"closed","ping_status":"open","template":"","meta":{"_acf_changed":false,"ngg_post_thumbnail":0,"footnotes":""},"class_list":["post-886","page","type-page","status-publish","hentry"],"acf":[],"_links":{"self":[{"href":"https:\/\/www.planete-sciences.org\/mediterranee\/wp-json\/wp\/v2\/pages\/886","targetHints":{"allow":["GET"]}}],"collection":[{"href":"https:\/\/www.planete-sciences.org\/mediterranee\/wp-json\/wp\/v2\/pages"}],"about":[{"href":"https:\/\/www.planete-sciences.org\/mediterranee\/wp-json\/wp\/v2\/types\/page"}],"author":[{"embeddable":true,"href":"https:\/\/www.planete-sciences.org\/mediterranee\/wp-json\/wp\/v2\/users\/1"}],"replies":[{"embeddable":true,"href":"https:\/\/www.planete-sciences.org\/mediterranee\/wp-json\/wp\/v2\/comments?post=886"}],"version-history":[{"count":10,"href":"https:\/\/www.planete-sciences.org\/mediterranee\/wp-json\/wp\/v2\/pages\/886\/revisions"}],"predecessor-version":[{"id":4313,"href":"https:\/\/www.planete-sciences.org\/mediterranee\/wp-json\/wp\/v2\/pages\/886\/revisions\/4313"}],"up":[{"embeddable":true,"href":"https:\/\/www.planete-sciences.org\/mediterranee\/wp-json\/wp\/v2\/pages\/58"}],"wp:attachment":[{"href":"https:\/\/www.planete-sciences.org\/mediterranee\/wp-json\/wp\/v2\/media?parent=886"}],"curies":[{"name":"wp","href":"https:\/\/api.w.org\/{rel}","templated":true}]}}