{"id":881,"date":"2014-07-30T10:37:15","date_gmt":"2014-07-30T09:37:15","guid":{"rendered":"http:\/\/www.planete-sciences.org\/mediterranee\/\/?page_id=881"},"modified":"2020-05-14T13:55:38","modified_gmt":"2020-05-14T12:55:38","slug":"la-foret-mediterraneenne-au-bout-des-doigts","status":"publish","type":"page","link":"https:\/\/www.planete-sciences.org\/mediterranee\/nos-expositions\/la-foret-mediterraneenne-au-bout-des-doigts\/","title":{"rendered":"La for\u00eat m\u00e9diterran\u00e9enne au bout des doigts"},"content":{"rendered":"<h3><span style=\"color: #00519e;\"><strong><img decoding=\"async\" class=\"alignleft wp-image-864\" src=\"https:\/\/www.planete-sciences.org\/mediterranee\/\/wp-content\/uploads\/2014\/06\/thumbexpoforet.jpg\" alt=\"thumbexpoforet\" width=\"122\" height=\"187\">C\u2019est quoi&nbsp;?<\/strong><\/span><\/h3>\n<p style=\"text-align: justify;\">Cr\u00e9\u00e9e par l\u2019ASSEM Sciences Techniques Jeunesse (Animation Scientifique Sud Est M\u00e9diterran\u00e9e) en 1994, cette exposition interactive a pour but de donner envie aux visiteurs de d\u00e9couvrir la&nbsp;<strong>for\u00eat m\u00e9diterran\u00e9enne,<\/strong>&nbsp;en comprenant comment elle fonctionne, en s\u2019initiant petit \u00e0 petit \u00e0 sa richesse, en d\u00e9couvrant ses secrets&#8230;<\/p>\n<p style=\"text-align: justify;\">L\u2019approche concr\u00e8te, ludique, sensorielle de ce milieu s\u2019effectue au moyen de maquettes, de jeux, d\u2019exp\u00e9riences&#8230;<\/p>\n<p style=\"text-align: justify;\">Les visiteurs peuvent par ailleurs tester leurs connaissances sur la for\u00eat m\u00e9diterran\u00e9enne gr\u00e2ce \u00e0 un questionnaire informatique, ou plonger dans le monde de l\u2019infiniment petit par une cam\u00e9ra reli\u00e9e \u00e0 une loupe binoculaire.<\/p>\n<p style=\"text-align: justify;\">L\u2019animation est assur\u00e9e par deux animateurs de Plan\u00e8te Sciences M\u00e9diterran\u00e9e, sp\u00e9cialis\u00e9s en environnement.<\/p>\n<h3 style=\"text-align: justify;\"><span style=\"color: #00519e;\"><strong>Contenu de l\u2019exposition<\/strong><\/span><\/h3>\n<p style=\"text-align: justify;\">L\u2019exposition est compos\u00e9e de 11 p\u00f4les d\u2019activit\u00e9s, organis\u00e9s en 4 th\u00e8mes :<\/p>\n<ul>\n<li>le sol,<\/li>\n<li>la v\u00e9g\u00e9tation,<\/li>\n<li>la faune,<\/li>\n<li>L\u2019homme et la for\u00eat<\/li>\n<\/ul>\n<p style=\"text-align: justify;\">Chacun des ces p\u00f4les poss\u00e8de son propre mobilier compos\u00e9 de tables et de stores v\u00e9nitiens verts.<\/p>\n<p>L\u2019ensemble de cette exposition occupe une surface de 50 m2 et forme un espace relativement clos gr\u00e2ce aux stores, hauts de 185 cm, plac\u00e9s \u00e0 l\u2019arri\u00e8re des tables. Pour l\u2019utilisation de certains stands, la pr\u00e9sence d\u2019\u00e9lectricit\u00e9 est n\u00e9cessaire.<\/p>\n<h3 style=\"text-align: justify;\"><span style=\"color: #00519e;\"><strong>Les th\u00e8mes abord\u00e9s<\/strong><\/span><\/h3>\n<hr>\n<p style=\"text-align: justify;\"><span style=\"color: #cc4e95;\"><strong>Le sol<\/strong><\/span><br \/>\nSouvent m\u00e9connu du public, le sol constitue un maillon indispensable et fragile de la for\u00eat.<br \/>\nLe visiteur pourra d\u00e9couvrir les grandes composantes d\u2019un sol, son r\u00f4le et les menaces qui p\u00e8sent sur lui.<\/p>\n<p style=\"text-align: justify;\"><strong>\u00ab\u00a0De nouveaux horizons&#8230; sous les doigts\u00a0\u00bb&nbsp;<\/strong>: jeu sensoriel pour d\u00e9couvrir, par le toucher, les diff\u00e9rentes&nbsp; \u00e9paisseurs d\u2019un sol, de la liti\u00e8re \u00e0 la couche la plus profonde<\/p>\n<p style=\"text-align: justify;\"><strong> \u00ab\u00a0Cherchez la petite b\u00eate!\u00a0\u00bb&nbsp;<\/strong>: une cam\u00e9ra reli\u00e9e \u00e0 une loupe binoculaire permet l\u2019observation, en direct sur un t\u00e9l\u00e9viseur, des petits animaux qui vivent sous nos pieds&#8230; \u00e9motions garanties !<\/p>\n<p><strong>\u00ab\u00a0Les dessous de la for\u00eat avant&#8230; et apr\u00e8s l\u2019incendie\u00a0\u00bb&nbsp;<\/strong>: reconstitution, en deux maquettes, d\u2019un m\u00eame versant avant et apr\u00e8s l\u2019incendie. Des volets amovibles permettent de visualiser le sol aux diff\u00e9rents niveaux de ces versants en apportant quelques informations compl\u00e9mentaires.<\/p>\n<p><strong>\u00ab\u00a0La face cach\u00e9e du sol\u00a0\u00bb&nbsp;:<\/strong> coupe vitr\u00e9e repr\u00e9sentant l\u2019organisation du sol, les animaux qui le peuplent et le trajet des racines.<\/p>\n<hr>\n<p style=\"text-align: justify;\"><span style=\"color: #cc4e95;\"><strong>La v\u00e9g\u00e9tation&nbsp;<\/strong><\/span><\/p>\n<p style=\"text-align: justify;\">La for\u00eat m\u00e9diterran\u00e9enne \u00e9voque imm\u00e9diatement un monde de senteurs et de couleurs, peupl\u00e9 de multiples plantes&#8230;<br \/>\nDu lichen au ch\u00eane, chacun y trouve sa place et s\u2019est adapt\u00e9 aux rigueurs du climat en d\u00e9veloppant des m\u00e9canismes de r\u00e9sistance \u00e0 la s\u00e9cheresse<br \/>\nLes manipulations que nous proposons permettent de d\u00e9couvrir quelques plantes caract\u00e9ristiques du milieu m\u00e9diterran\u00e9en, leurs adaptations au climat, ainsi que leur histoire.<\/p>\n<p><strong>\u00ab\u00a0Les plantes par tous les sens\u00a0\u00bb&nbsp;<\/strong>: des bo\u00eetes \u00e0 toucher et des pots \u00e0 parfums pour appr\u00e9hender et d\u00e9couvrir les plantes \u00e0 l\u2019aide de tous ses sens&#8230;<\/p>\n<p><strong>\u00ab\u00a0Une for\u00eat qui grandit\u00a0\u00bb&nbsp;<\/strong>: un jeu bas\u00e9 sur des questions r\u00e9ponses pour d\u00e9couvrir, sous forme d\u2019un parcours, la succession des plantes qui colonisent l\u2019espace, depuis le rocher nu jusqu\u2019au stade forestier en passant par la pelouse, le maquis ou la garrigue\u2026 Mais attention, l\u2019incendie menace et les joueurs risquent de revenir au rocher du d\u00e9part !<\/p>\n<p><strong>\u00ab\u00a0Rondelle, raconte-moi ton histoire\u00a0\u00bb&nbsp;<\/strong>: une rondelle pivotante livre son histoire par le biais de questions \/ r\u00e9ponses : pourquoi est-elle form\u00e9e de \u00ab\u00a0cernes\u00a0\u00bb fonc\u00e9s et de \u00ab\u00a0cernes\u00a0\u00bb clairs ? Qui a creus\u00e9 les petites galeries sous son \u00e9corce ? &#8230;<\/p>\n<hr>\n<p style=\"text-align: justify;\"><span style=\"color: #cc4e95;\"><strong>La faune<\/strong><\/span><\/p>\n<p style=\"text-align: justify;\">Discrets, mais n\u00e9anmoins tr\u00e8s pr\u00e9sents, les animaux jouent un r\u00f4le indispensable dans l\u2019\u00e9quilibre de la for\u00eat.<br \/>\nL\u2019activit\u00e9 propos\u00e9e permet de d\u00e9couvrir quelques esp\u00e8ces, et de reconna\u00eetre leurs indices de pr\u00e9sence.<\/p>\n<p><strong>\u00ab\u00a0Les animaux \u00e0 la trace\u00a0\u00bb&nbsp;<\/strong>: un jeu sous forme d\u2019enqu\u00eate o\u00f9 l\u2019on d\u00e9couvre les indices en ouvrant des tiroirs : plumes, excr\u00e9ments et empreintes permettent de d\u00e9couvrir une cha\u00eene alimentaire o\u00f9 chacun joue un r\u00f4le compl\u00e9mentaire et utile.<\/p>\n<hr>\n<p style=\"text-align: justify;\"><span style=\"color: #cc4e95;\"><strong>L\u2019homme et la for\u00eat<\/strong><\/span><\/p>\n<p style=\"text-align: justify;\">La for\u00eat m\u00e9diterran\u00e9enne \u00ab\u00a0originelle\u00a0\u00bb n\u2019existe plus. Depuis des si\u00e8cles, elle est exploit\u00e9e et utilis\u00e9e par l\u2019homme pour ses besoins. Ces actions ont fa\u00e7onn\u00e9 et fa\u00e7onnent encore le paysage.<\/p>\n<p>Les jeux propos\u00e9s, dans le cadre de ce th\u00e8me, permettent aux visiteurs de d\u00e9couvrir les usages pass\u00e9s et actuels de quelques arbres ainsi que les principales activit\u00e9s men\u00e9es par les utilisateurs \/ gestionnaires de cette for\u00eat<\/p>\n<p><strong>\u00ab\u00a0Vivre dans la for\u00eat\u00a0\u00bb&nbsp;<\/strong>: appr\u00e9hender l\u2019exploitation foresti\u00e8re, la d\u00e9fense contre l\u2019incendie et les diff\u00e9rents usages de la for\u00eat sous forme d\u2019un jeu, bas\u00e9 sur des dessins \u00e0 replacer au bon endroit sur une carte.<\/p>\n<p><strong>\u00ab\u00a0Promenons-nous dans les bois\u00a0\u00bb<\/strong>&nbsp;: douze plaquettes de bois et d\u2019\u00e9corce dont il faut retrouver les usages par le biais d\u2019un jeu \u00e9lectrique : l\u2019occasion, par exemple, de d\u00e9couvrir que l\u2019on tirait, du gen\u00e9vrier cade, de l\u2019huile pour soigner diff\u00e9rentes maladies de peau&#8230;<br \/>\n<strong><br \/>\n\u00ab\u00a0La for\u00eat m\u00e9diterran\u00e9enne en questions\u00a0\u00bb : <\/strong>un questionnaire informatique, bas\u00e9 sur des \u00ab\u00a0questions \u00e0 choix multiples\u00a0\u00bb permet d\u2019\u00e9largir les th\u00e8mes abord\u00e9s dans l\u2019exposition et d\u2019\u00e9valuer ses connaissances sur la for\u00eat m\u00e9diterran\u00e9enne.<\/p>\n<hr>\n<h3 style=\"text-align: justify;\"><span style=\"color: #00519e;\"><strong>Conditions de location<\/strong><\/span><\/h3>\n<p style=\"text-align: justify;\">Trois formules d\u2019animations vous sont propos\u00e9es :<\/p>\n<p style=\"text-align: justify;\">-Mise \u00e0 disposition de 2 animateurs Plan\u00e8te Sciences M\u00e9diterran\u00e9e sp\u00e9cialis\u00e9s, pendant la dur\u00e9e de l\u2019exposition : cette formule vous garantie une grande qualit\u00e9 d\u2019animation mais les frais d\u2019animateur sont \u00e0 votre charge ;<\/p>\n<p style=\"text-align: justify;\">-Formation de 2 personnes de votre choix par des animateurs de Plan\u00e8te Sciences M\u00e9diterran\u00e9e<\/p>\n<p style=\"text-align: justify;\">-Un compromis entre un animateur Plan\u00e8te Sciences M\u00e9diterran\u00e9e sp\u00e9cialis\u00e9, et une personne de votre choix<\/p>\n<p style=\"text-align: justify;\">D\u2019autres formules sont envisageables au cas par cas, et des solutions nombreuses peuvent \u00eatre adopt\u00e9es.<\/p>\n<p style=\"text-align: justify;\">Un devis sp\u00e9cifique est propos\u00e9 pour chacune des manifestations, car il est fonction de nombreux param\u00e8tres (formule d\u2019animation choisie, transport de mat\u00e9riel, frais de mission&#8230;).<\/p>\n<p style=\"text-align: justify;\"><a title=\"Contactez-nous\" href=\"https:\/\/www.planete-sciences.org\/mediterranee\/\/contactez-nous\/\" target=\"_blank\" rel=\"noopener noreferrer\">Contactez-nous<\/a><\/p>\n<h3 style=\"text-align: justify;\"><span style=\"color: #00519e;\"><strong>Donn\u00e9es techniques<\/strong><\/span><\/h3>\n<p style=\"text-align: justify;\">L\u2019\u00e9lectricit\u00e9 ainsi qu\u2019un bon \u00e9clairage sont n\u00e9cessaires sur le site.<\/p>\n<p>Le mobilier de l\u2019exposition comporte :<\/p>\n<ul>\n<li>7 grandes tables (largeur : 127 cm ; profondeur : 71 cm),<\/li>\n<li>5 petites tables (largeur : 76 cm ; profondeur: 64 cm),<\/li>\n<li>2 tables sans rideaux (largeur : 123 cm ; profondeur : 82),<\/li>\n<li>Stores verts en bois plac\u00e9s \u00e0 l\u2019arri\u00e8re des tables (hauteur : 190cm)<\/li>\n<\/ul>\n<p><span style=\"background-color: initial;\">L\u2019ensemble de l\u2019exposition occupe une surface moyenne de 50 m2 avec une disposition modulable dans l\u2019espace : &nbsp;&nbsp;<\/span><\/p>\n<ul>\n<li>En arc de cercle, en demi-cercle, en carr\u00e9&#8230;;<\/li>\n<li>Par p\u00f4les th\u00e9matiques s\u00e9par\u00e9s.<\/li>\n<\/ul>\n<p>&nbsp;<\/p>\n","protected":false},"excerpt":{"rendered":"<p>C\u2019est quoi&nbsp;? Cr\u00e9\u00e9e par l\u2019ASSEM Sciences Techniques Jeunesse (Animation Scientifique Sud Est M\u00e9diterran\u00e9e) en 1994, cette exposition interactive a pour but de donner envie aux visiteurs de d\u00e9couvrir la&nbsp;for\u00eat m\u00e9diterran\u00e9enne,&nbsp;en comprenant comment elle fonctionne, en s\u2019initiant petit \u00e0 petit \u00e0 sa richesse, en d\u00e9couvrant ses secrets&#8230; L\u2019approche concr\u00e8te, ludique, sensorielle de ce milieu s\u2019effectue au [&hellip;]<\/p>\n","protected":false},"author":1,"featured_media":0,"parent":58,"menu_order":0,"comment_status":"closed","ping_status":"open","template":"","meta":{"_acf_changed":false,"ngg_post_thumbnail":0,"footnotes":""},"class_list":["post-881","page","type-page","status-publish","hentry"],"acf":[],"_links":{"self":[{"href":"https:\/\/www.planete-sciences.org\/mediterranee\/wp-json\/wp\/v2\/pages\/881","targetHints":{"allow":["GET"]}}],"collection":[{"href":"https:\/\/www.planete-sciences.org\/mediterranee\/wp-json\/wp\/v2\/pages"}],"about":[{"href":"https:\/\/www.planete-sciences.org\/mediterranee\/wp-json\/wp\/v2\/types\/page"}],"author":[{"embeddable":true,"href":"https:\/\/www.planete-sciences.org\/mediterranee\/wp-json\/wp\/v2\/users\/1"}],"replies":[{"embeddable":true,"href":"https:\/\/www.planete-sciences.org\/mediterranee\/wp-json\/wp\/v2\/comments?post=881"}],"version-history":[{"count":5,"href":"https:\/\/www.planete-sciences.org\/mediterranee\/wp-json\/wp\/v2\/pages\/881\/revisions"}],"predecessor-version":[{"id":4229,"href":"https:\/\/www.planete-sciences.org\/mediterranee\/wp-json\/wp\/v2\/pages\/881\/revisions\/4229"}],"up":[{"embeddable":true,"href":"https:\/\/www.planete-sciences.org\/mediterranee\/wp-json\/wp\/v2\/pages\/58"}],"wp:attachment":[{"href":"https:\/\/www.planete-sciences.org\/mediterranee\/wp-json\/wp\/v2\/media?parent=881"}],"curies":[{"name":"wp","href":"https:\/\/api.w.org\/{rel}","templated":true}]}}