{"id":859,"date":"2014-07-30T09:49:20","date_gmt":"2014-07-30T08:49:20","guid":{"rendered":"http:\/\/www.planete-sciences.org\/mediterranee\/\/?page_id=859"},"modified":"2020-05-19T08:55:56","modified_gmt":"2020-05-19T07:55:56","slug":"vivre-les-calanques-a-marseille","status":"publish","type":"page","link":"https:\/\/www.planete-sciences.org\/mediterranee\/nos-livres\/vivre-les-calanques-a-marseille\/","title":{"rendered":"Vivre les Calanques \u00e0 Marseille"},"content":{"rendered":"<h3><span style=\"color: #00519e;\"><strong><img decoding=\"async\" class=\"alignright  wp-image-824\" src=\"https:\/\/www.planete-sciences.org\/mediterranee\/\/wp-content\/uploads\/2014\/06\/couv-calanques-239x300.jpg\" alt=\"couv-calanques\" width=\"166\" height=\"209\" srcset=\"https:\/\/www.planete-sciences.org\/mediterranee\/wp-content\/uploads\/2014\/06\/couv-calanques-239x300.jpg 239w, https:\/\/www.planete-sciences.org\/mediterranee\/wp-content\/uploads\/2014\/06\/couv-calanques-159x200.jpg 159w, https:\/\/www.planete-sciences.org\/mediterranee\/wp-content\/uploads\/2014\/06\/couv-calanques-600x750.jpg 600w, https:\/\/www.planete-sciences.org\/mediterranee\/wp-content\/uploads\/2014\/06\/couv-calanques-624x780.jpg 624w, https:\/\/www.planete-sciences.org\/mediterranee\/wp-content\/uploads\/2014\/06\/couv-calanques.jpg 685w\" sizes=\"(max-width: 166px) 100vw, 166px\" \/>C\u2019est quoi&nbsp;?<\/strong><\/span><\/h3>\n<p style=\"text-align: justify;\"><strong>Livret p\u00e9dagogique<\/strong>&nbsp;sur un parcours repr\u00e9sentatif&nbsp;<strong>des calanques<\/strong>&nbsp;qui permettra aux jeunes de la r\u00e9gion.<\/p>\n<ul>\n<li>de d\u00e9couvrir, au fil d&rsquo;une promenade,&nbsp;<strong>le massif sous un autre angle<\/strong>.<\/li>\n<li>d&rsquo;\u00eatre sensibilis\u00e9 aux probl\u00e8mes li\u00e9s \u00e0 la fr\u00e9quentation du site (d\u00e9chets, pi\u00e9tinements, incendies&#8230;)<\/li>\n<\/ul>\n<h3><span style=\"color: #00519e;\"><strong style=\"background-color: initial;\">Pour qui&nbsp;?<\/strong><\/span><\/h3>\n<p style=\"text-align: justify;\">Ce document est destin\u00e9 aux&nbsp;<strong>enseignants<\/strong>&nbsp;(primaire et secondaires), aux&nbsp;<strong>animateurs<\/strong>(centre de loisirs et centre socioculturels) susceptibles d&rsquo;accompagner des groupes de jeunes dans le Massif des Calanques, mais aussi \u00e0 toute personnes d\u00e9sirant d\u00e9couvrir le site au cours d&rsquo;une balade.<\/p>\n<p style=\"text-align: justify;\"><span style=\"color: #cc4e95;\"><strong>Information et commande <a title=\"Contactez-nous\" href=\"https:\/\/www.planete-sciences.org\/mediterranee\/\/contactez-nous\/\" target=\"_blank\" rel=\"noopener noreferrer\">contactez-nous.<\/a><\/strong><\/span><\/p>\n","protected":false},"excerpt":{"rendered":"<p>C\u2019est quoi&nbsp;? Livret p\u00e9dagogique&nbsp;sur un parcours repr\u00e9sentatif&nbsp;des calanques&nbsp;qui permettra aux jeunes de la r\u00e9gion. de d\u00e9couvrir, au fil d&rsquo;une promenade,&nbsp;le massif sous un autre angle. d&rsquo;\u00eatre sensibilis\u00e9 aux probl\u00e8mes li\u00e9s \u00e0 la fr\u00e9quentation du site (d\u00e9chets, pi\u00e9tinements, incendies&#8230;) Pour qui&nbsp;? Ce document est destin\u00e9 aux&nbsp;enseignants&nbsp;(primaire et secondaires), aux&nbsp;animateurs(centre de loisirs et centre socioculturels) susceptibles d&rsquo;accompagner [&hellip;]<\/p>\n","protected":false},"author":1,"featured_media":0,"parent":54,"menu_order":0,"comment_status":"closed","ping_status":"open","template":"","meta":{"_acf_changed":false,"ngg_post_thumbnail":0,"footnotes":""},"class_list":["post-859","page","type-page","status-publish","hentry"],"acf":[],"_links":{"self":[{"href":"https:\/\/www.planete-sciences.org\/mediterranee\/wp-json\/wp\/v2\/pages\/859","targetHints":{"allow":["GET"]}}],"collection":[{"href":"https:\/\/www.planete-sciences.org\/mediterranee\/wp-json\/wp\/v2\/pages"}],"about":[{"href":"https:\/\/www.planete-sciences.org\/mediterranee\/wp-json\/wp\/v2\/types\/page"}],"author":[{"embeddable":true,"href":"https:\/\/www.planete-sciences.org\/mediterranee\/wp-json\/wp\/v2\/users\/1"}],"replies":[{"embeddable":true,"href":"https:\/\/www.planete-sciences.org\/mediterranee\/wp-json\/wp\/v2\/comments?post=859"}],"version-history":[{"count":3,"href":"https:\/\/www.planete-sciences.org\/mediterranee\/wp-json\/wp\/v2\/pages\/859\/revisions"}],"predecessor-version":[{"id":4315,"href":"https:\/\/www.planete-sciences.org\/mediterranee\/wp-json\/wp\/v2\/pages\/859\/revisions\/4315"}],"up":[{"embeddable":true,"href":"https:\/\/www.planete-sciences.org\/mediterranee\/wp-json\/wp\/v2\/pages\/54"}],"wp:attachment":[{"href":"https:\/\/www.planete-sciences.org\/mediterranee\/wp-json\/wp\/v2\/media?parent=859"}],"curies":[{"name":"wp","href":"https:\/\/api.w.org\/{rel}","templated":true}]}}