{"id":831,"date":"2014-07-29T13:54:19","date_gmt":"2014-07-29T12:54:19","guid":{"rendered":"http:\/\/www.planete-sciences.org\/mediterranee\/\/?page_id=831"},"modified":"2020-05-14T13:50:12","modified_gmt":"2020-05-14T12:50:12","slug":"les-energies-renouvelables-au-bout-des-doigts","status":"publish","type":"page","link":"https:\/\/www.planete-sciences.org\/mediterranee\/nos-livres\/les-energies-renouvelables-au-bout-des-doigts\/","title":{"rendered":"Les \u00e9nergies renouvelables au bout des doigts"},"content":{"rendered":"<h3><span style=\"color: #00519e;\"><strong><img fetchpriority=\"high\" decoding=\"async\" class=\"alignleft size-medium wp-image-821\" src=\"https:\/\/www.planete-sciences.org\/mediterranee\/\/wp-content\/uploads\/2014\/06\/1erepage_livretgrenouille-201x300.jpg\" alt=\"1erepage_livretgrenouille\" width=\"201\" height=\"300\" srcset=\"https:\/\/www.planete-sciences.org\/mediterranee\/wp-content\/uploads\/2014\/06\/1erepage_livretgrenouille-201x300.jpg 201w, https:\/\/www.planete-sciences.org\/mediterranee\/wp-content\/uploads\/2014\/06\/1erepage_livretgrenouille-134x200.jpg 134w, https:\/\/www.planete-sciences.org\/mediterranee\/wp-content\/uploads\/2014\/06\/1erepage_livretgrenouille.jpg 516w\" sizes=\"(max-width: 201px) 100vw, 201px\" \/>Contexte<\/strong><\/span><\/h3>\n<p style=\"text-align: justify;\">L&rsquo;\u00e9nergie est indispensable \u00e0 toute vie, mais l&rsquo;augmentation croissante de la consommation humaine a un impact cons\u00e9quent et non n\u00e9gligeable sur l&rsquo;environnement. Les r\u00e9serves de gaz et de p\u00e9trole sont limit\u00e9es, leurs prix instables, et leur utilisation produit d&rsquo;importantes quantit\u00e9s de gaz carbonique (CO2) qui, rejet\u00e9 dans l&rsquo;atmosph\u00e8re, est en partie responsable de l&rsquo;effet de serre. L&rsquo;\u00e9nergie nucl\u00e9aire qui n&rsquo;\u00e9met pas directement de CO2 , g\u00e9n\u00e8re des d\u00e9chets dangereux pendant plusieurs milliers d&rsquo;ann\u00e9es. Nos sources d&rsquo;\u00e9nergie doivent \u00eatre diversifi\u00e9es, avec une priorit\u00e9 \u00e9vidente aux \u00e9nergies renouvelables, non polluantes et in\u00e9puisables.<\/p>\n<h3>&nbsp;<\/h3>\n<h3><span style=\"color: #00519e;\"><strong>Un guide p\u00e9dagogique<\/strong><\/span><\/h3>\n<p style=\"text-align: justify;\">Cet ouvrage est un guide p\u00e9dagogique pour mener des actions d&rsquo;animation-sensibilisation aux \u00e9nergies renouvelables.<br \/>\nLes cinq th\u00e8mes, \u00ab\u00a0le soleil, l&rsquo;air, l&rsquo;eau, la biomasse et l&rsquo;\u00e9lectricit\u00e9\u00a0\u00bb sont illustr\u00e9s au fil des 208 pages couleurs en 16 x 24.<\/p>\n<h3><span style=\"color: #00519e;\"><strong>Pour qui ?<\/strong><\/span><\/h3>\n<p style=\"text-align: justify;\">Cet ouvrage est destin\u00e9 aux jeunes \u00e0 partir de 9 ans, ainsi qu&rsquo;aux enseignants, animateurs, formateurs, parents d\u00e9sireux de transmettre la culture scientifique et technique, ainsi que la notion d&rsquo;\u00e9co-citoyennet\u00e9.<\/p>\n<h3 style=\"text-align: justify;\"><span style=\"color: #00519e;\"><strong>Une m\u00e9thode active de recherche<\/strong><\/span><\/h3>\n<p style=\"text-align: justify;\">Une d\u00e9marche progressive et coh\u00e9rente qui permet \u00e0 l&rsquo;enfant de construire peu \u00e0 peu son savoir, du questionnement \u00e0 la compr\u00e9hension, en passant par la recherche et l&rsquo;exp\u00e9rimentation.<\/p>\n<p><span style=\"color: #000000;\"><strong>Prix du livre:&nbsp;<\/strong><\/span>15 euros*&nbsp;<\/p>\n<p>*frais de port en sus en cas d&rsquo;exp\u00e9dition<\/p>\n<p><span style=\"color: #cc4e95;\"><strong>Informations et commande &nbsp;<a title=\"Contactez-nous\" href=\"https:\/\/www.planete-sciences.org\/mediterranee\/\/contactez-nous\/\" target=\"_blank\" rel=\"noopener noreferrer\"><span style=\"color: #cc4e95;\">contactez-nous.<\/span><\/a><\/strong><\/span><\/p>\n","protected":false},"excerpt":{"rendered":"<p>Contexte L&rsquo;\u00e9nergie est indispensable \u00e0 toute vie, mais l&rsquo;augmentation croissante de la consommation humaine a un impact cons\u00e9quent et non n\u00e9gligeable sur l&rsquo;environnement. Les r\u00e9serves de gaz et de p\u00e9trole sont limit\u00e9es, leurs prix instables, et leur utilisation produit d&rsquo;importantes quantit\u00e9s de gaz carbonique (CO2) qui, rejet\u00e9 dans l&rsquo;atmosph\u00e8re, est en partie responsable de l&rsquo;effet [&hellip;]<\/p>\n","protected":false},"author":1,"featured_media":0,"parent":54,"menu_order":0,"comment_status":"closed","ping_status":"open","template":"","meta":{"_acf_changed":false,"ngg_post_thumbnail":0,"footnotes":""},"class_list":["post-831","page","type-page","status-publish","hentry"],"acf":[],"_links":{"self":[{"href":"https:\/\/www.planete-sciences.org\/mediterranee\/wp-json\/wp\/v2\/pages\/831","targetHints":{"allow":["GET"]}}],"collection":[{"href":"https:\/\/www.planete-sciences.org\/mediterranee\/wp-json\/wp\/v2\/pages"}],"about":[{"href":"https:\/\/www.planete-sciences.org\/mediterranee\/wp-json\/wp\/v2\/types\/page"}],"author":[{"embeddable":true,"href":"https:\/\/www.planete-sciences.org\/mediterranee\/wp-json\/wp\/v2\/users\/1"}],"replies":[{"embeddable":true,"href":"https:\/\/www.planete-sciences.org\/mediterranee\/wp-json\/wp\/v2\/comments?post=831"}],"version-history":[{"count":5,"href":"https:\/\/www.planete-sciences.org\/mediterranee\/wp-json\/wp\/v2\/pages\/831\/revisions"}],"predecessor-version":[{"id":4223,"href":"https:\/\/www.planete-sciences.org\/mediterranee\/wp-json\/wp\/v2\/pages\/831\/revisions\/4223"}],"up":[{"embeddable":true,"href":"https:\/\/www.planete-sciences.org\/mediterranee\/wp-json\/wp\/v2\/pages\/54"}],"wp:attachment":[{"href":"https:\/\/www.planete-sciences.org\/mediterranee\/wp-json\/wp\/v2\/media?parent=831"}],"curies":[{"name":"wp","href":"https:\/\/api.w.org\/{rel}","templated":true}]}}