{"id":793,"date":"2014-07-25T15:35:32","date_gmt":"2014-07-25T14:35:32","guid":{"rendered":"http:\/\/www.planete-sciences.org\/mediterranee\/\/?page_id=793"},"modified":"2014-10-27T10:41:34","modified_gmt":"2014-10-27T09:41:34","slug":"club-jardin-de-grasse","status":"publish","type":"page","link":"https:\/\/www.planete-sciences.org\/mediterranee\/les-clubs\/club-jardin-de-grasse\/","title":{"rendered":"Club Jardin de Grasse"},"content":{"rendered":"<h2><span style=\"color: #cc4e95;\"><strong>Espace Jardin\u00e9 de Roquevignon \u2013 Grasse<\/strong><\/span><\/h2>\n<h3><span style=\"color: #00519e;\"><strong>\u00a0<img fetchpriority=\"high\" decoding=\"async\" class=\"alignleft wp-image-1688 size-medium\" src=\"https:\/\/www.planete-sciences.org\/mediterranee\/wp-content\/uploads\/2014\/07\/DSC_0417-300x200.jpg\" alt=\"\" width=\"300\" height=\"200\" srcset=\"https:\/\/www.planete-sciences.org\/mediterranee\/wp-content\/uploads\/2014\/07\/DSC_0417-300x200.jpg 300w, https:\/\/www.planete-sciences.org\/mediterranee\/wp-content\/uploads\/2014\/07\/DSC_0417-1024x682.jpg 1024w, https:\/\/www.planete-sciences.org\/mediterranee\/wp-content\/uploads\/2014\/07\/DSC_0417-200x133.jpg 200w, https:\/\/www.planete-sciences.org\/mediterranee\/wp-content\/uploads\/2014\/07\/DSC_0417-600x400.jpg 600w, https:\/\/www.planete-sciences.org\/mediterranee\/wp-content\/uploads\/2014\/07\/DSC_0417-624x416.jpg 624w\" sizes=\"(max-width: 300px) 100vw, 300px\" \/><\/strong><strong>Le cadre<\/strong><\/span><\/h3>\n<p style=\"text-align: justify;\">Situ\u00e9 sur les hauteurs de la ville de Grasse, sur le plateau de Roquevignon, l\u2019Espace Jardin\u00e9 a \u00e9t\u00e9 mis \u00e0 disposition de Plan\u00e8te Sciences M\u00e9diterran\u00e9e par la ville de pour r\u00e9aliser des am\u00e9nagements et des actions d\u2019\u00e9ducation \u00e0 l\u2019environnement.<\/p>\n<p style=\"text-align: justify;\">Cet espace d\u2019un hectare correspond \u00e0 d\u2019anciennes terrasses cultiv\u00e9es. Il pr\u00e9sente diff\u00e9rents milieux (pelouse s\u00e8che peupl\u00e9e de lavande et de sarriette, garrigue buissonnante, zone foresti\u00e8re\u2026).<\/p>\n<h3><span style=\"color: #00519e;\"><strong>Le club jardin&#8230;<\/strong><\/span><\/h3>\n<p style=\"text-align: justify;\">Le Club Jardin s&rsquo;est form\u00e9 autour du potager de l&rsquo;Espace Jardin\u00e9 en 2000.<img decoding=\"async\" class=\"alignright size-medium wp-image-795\" src=\"https:\/\/www.planete-sciences.org\/mediterranee\/\/wp-content\/uploads\/2014\/07\/DSC00112-300x225.jpg\" alt=\"DSC00112\" width=\"300\" height=\"225\" srcset=\"https:\/\/www.planete-sciences.org\/mediterranee\/wp-content\/uploads\/2014\/07\/DSC00112-300x225.jpg 300w, https:\/\/www.planete-sciences.org\/mediterranee\/wp-content\/uploads\/2014\/07\/DSC00112-200x150.jpg 200w, https:\/\/www.planete-sciences.org\/mediterranee\/wp-content\/uploads\/2014\/07\/DSC00112-600x450.jpg 600w, https:\/\/www.planete-sciences.org\/mediterranee\/wp-content\/uploads\/2014\/07\/DSC00112-624x468.jpg 624w, https:\/\/www.planete-sciences.org\/mediterranee\/wp-content\/uploads\/2014\/07\/DSC00112.jpg 768w\" sizes=\"(max-width: 300px) 100vw, 300px\" \/><\/p>\n<p style=\"text-align: justify;\">Tous les membres de ce club disposent d&rsquo;une parcelle qu&rsquo;ils am\u00e9nagent \u00e0 leur fa\u00e7on. Chacun est libre de d\u00e9velopper le petit jardin qui lui convient, jardin potager traditionnel, jardin d&rsquo;artiste, de plantes aromatiques\u2026 L&rsquo;exp\u00e9rimentation est aussi autoris\u00e9e, jardin en carr\u00e9, essai de paillage, de l\u00e9gumes rares ou anciens\u2026<\/p>\n<p style=\"text-align: justify;\">Les membres de ce club se retrouvent r\u00e9guli\u00e8rement (le 1er dimanche de chaque mois) pour exp\u00e9rimenter, partager et passer un moment convivial ensemble.<\/p>\n<h3><span style=\"color: #00519e;\">\u00a0<strong>\u2026un espace \u00e0 respecter<\/strong><\/span><\/h3>\n<p style=\"text-align: justify;\">Afin de pr\u00e9server cet espace naturel et d\u2019optimiser les ressources, nous essayons tous de respecter quelques principes :<\/p>\n<ul>\n<li><strong>\u00c9conomiser\u00a0l&rsquo;eau<\/strong> en ayant recours au paillage, aux syst\u00e8mes d&rsquo;arrosage par goutte \u00e0 goutte, pose d&rsquo;ombri\u00e8res, am\u00e9lioration de la capacit\u00e9 de r\u00e9tention du sol\u2026<\/li>\n<li><strong>Eviter d&rsquo;utiliser des produits \u00a0\u00bb chimiques \u00ab\u00a0,<\/strong> recours aux rem\u00e8des traditionnels (d\u00e9coctions, bouillies, associations v\u00e9g\u00e9tales, faune auxiliaire etc)<\/li>\n<li><strong>N&rsquo;utiliser que des vari\u00e9t\u00e9s traditionnelles<\/strong> et \u00e9viter l&rsquo;utilisation de vari\u00e9t\u00e9s hybrides dont nous ne pouvons pas r\u00e9utiliser les semences.<\/li>\n<li>Dans la mesure du possible,<strong> utiliser des vari\u00e9t\u00e9s anciennes<\/strong> adapt\u00e9es \u00e0 la r\u00e9gion<\/li>\n<li><strong>Gestion de la mati\u00e8re organique<\/strong> gr\u00e2ce au compostage.<\/li>\n<\/ul>\n<h3><span style=\"color: #00519e;\"><strong><img decoding=\"async\" class=\"alignleft size-medium wp-image-796\" src=\"https:\/\/www.planete-sciences.org\/mediterranee\/\/wp-content\/uploads\/2014\/07\/SDC12134-300x225.jpg\" alt=\"SDC12134\" width=\"300\" height=\"225\" srcset=\"https:\/\/www.planete-sciences.org\/mediterranee\/wp-content\/uploads\/2014\/07\/SDC12134-300x225.jpg 300w, https:\/\/www.planete-sciences.org\/mediterranee\/wp-content\/uploads\/2014\/07\/SDC12134-200x150.jpg 200w, https:\/\/www.planete-sciences.org\/mediterranee\/wp-content\/uploads\/2014\/07\/SDC12134-600x450.jpg 600w, https:\/\/www.planete-sciences.org\/mediterranee\/wp-content\/uploads\/2014\/07\/SDC12134-624x468.jpg 624w, https:\/\/www.planete-sciences.org\/mediterranee\/wp-content\/uploads\/2014\/07\/SDC12134.jpg 768w\" sizes=\"(max-width: 300px) 100vw, 300px\" \/>Devenir membre<\/strong><\/span><\/h3>\n<p style=\"text-align: justify;\">Ce club est ouvert \u00e0 tous les passionn\u00e9s de jardinage et qui souhaitent disposer d\u2019un bout de nature en dehors de la ville.<\/p>\n<p style=\"text-align: justify;\">Si vous souhaitez rejoindre le Club (dans la limite des parcelles disponibles), <a title=\"Contactez-nous\" href=\"https:\/\/www.planete-sciences.org\/mediterranee\/\/contactez-nous\/\" target=\"_blank\">contactez-nous<\/a>.<\/p>\n<p style=\"text-align: justify;\"><strong>Cotisation annuelle\u00a0:<\/strong> 10\u20ac \/parcelle<\/p>\n<h3><span style=\"color: #00519e;\"><strong>Venir \u00e0 l\u2019Espace Jardin\u00e9<\/strong><\/span><\/h3>\n<p><a href=\"https:\/\/www.planete-sciences.org\/mediterranee\/\/wp-content\/uploads\/2014\/06\/Plan-ALSH.jpg\" class=\"mtli_attachment mtli_jpg\"><img loading=\"lazy\" decoding=\"async\" class=\"alignleft wp-image-575 size-full\" src=\"https:\/\/www.planete-sciences.org\/mediterranee\/\/wp-content\/uploads\/2014\/06\/Plan-ALSH.jpg\" alt=\"Plan ALSH\" width=\"373\" height=\"307\" srcset=\"https:\/\/www.planete-sciences.org\/mediterranee\/wp-content\/uploads\/2014\/06\/Plan-ALSH.jpg 373w, https:\/\/www.planete-sciences.org\/mediterranee\/wp-content\/uploads\/2014\/06\/Plan-ALSH-300x246.jpg 300w, https:\/\/www.planete-sciences.org\/mediterranee\/wp-content\/uploads\/2014\/06\/Plan-ALSH-200x164.jpg 200w\" sizes=\"(max-width: 373px) 100vw, 373px\" \/><\/a><\/p>\n","protected":false},"excerpt":{"rendered":"<p>Espace Jardin\u00e9 de Roquevignon \u2013 Grasse \u00a0Le cadre Situ\u00e9 sur les hauteurs de la ville de Grasse, sur le plateau de Roquevignon, l\u2019Espace Jardin\u00e9 a \u00e9t\u00e9 mis \u00e0 disposition de Plan\u00e8te Sciences M\u00e9diterran\u00e9e par la ville de pour r\u00e9aliser des am\u00e9nagements et des actions d\u2019\u00e9ducation \u00e0 l\u2019environnement. Cet espace d\u2019un hectare correspond \u00e0 d\u2019anciennes terrasses [&hellip;]<\/p>\n","protected":false},"author":1,"featured_media":0,"parent":52,"menu_order":0,"comment_status":"closed","ping_status":"open","template":"","meta":{"_acf_changed":false,"ngg_post_thumbnail":0,"footnotes":""},"class_list":["post-793","page","type-page","status-publish","hentry"],"acf":[],"_links":{"self":[{"href":"https:\/\/www.planete-sciences.org\/mediterranee\/wp-json\/wp\/v2\/pages\/793","targetHints":{"allow":["GET"]}}],"collection":[{"href":"https:\/\/www.planete-sciences.org\/mediterranee\/wp-json\/wp\/v2\/pages"}],"about":[{"href":"https:\/\/www.planete-sciences.org\/mediterranee\/wp-json\/wp\/v2\/types\/page"}],"author":[{"embeddable":true,"href":"https:\/\/www.planete-sciences.org\/mediterranee\/wp-json\/wp\/v2\/users\/1"}],"replies":[{"embeddable":true,"href":"https:\/\/www.planete-sciences.org\/mediterranee\/wp-json\/wp\/v2\/comments?post=793"}],"version-history":[{"count":6,"href":"https:\/\/www.planete-sciences.org\/mediterranee\/wp-json\/wp\/v2\/pages\/793\/revisions"}],"predecessor-version":[{"id":1689,"href":"https:\/\/www.planete-sciences.org\/mediterranee\/wp-json\/wp\/v2\/pages\/793\/revisions\/1689"}],"up":[{"embeddable":true,"href":"https:\/\/www.planete-sciences.org\/mediterranee\/wp-json\/wp\/v2\/pages\/52"}],"wp:attachment":[{"href":"https:\/\/www.planete-sciences.org\/mediterranee\/wp-json\/wp\/v2\/media?parent=793"}],"curies":[{"name":"wp","href":"https:\/\/api.w.org\/{rel}","templated":true}]}}