{"id":782,"date":"2014-07-24T16:25:54","date_gmt":"2014-07-24T15:25:54","guid":{"rendered":"http:\/\/www.planete-sciences.org\/mediterranee\/\/?page_id=782"},"modified":"2020-05-27T13:51:04","modified_gmt":"2020-05-27T12:51:04","slug":"le-club-nature-de-valbonne","status":"publish","type":"page","link":"https:\/\/www.planete-sciences.org\/mediterranee\/les-clubs\/le-club-nature-de-valbonne\/","title":{"rendered":"Le Club Nature de Valbonne"},"content":{"rendered":"<p style=\"text-align: justify;\"><span style=\"color: #cc4e95;\"><strong>La commune de Valbonne Sophia-Antipolis et Plan\u00e8te Sciences M\u00e9diterran\u00e9e d\u00e9veloppent depuis 1989, un vaste programme d&rsquo;\u00e9ducation \u00e0 l&rsquo;environnement, dans le cadre d&rsquo;une convention pluriannuelle sp\u00e9cifique.<\/strong><strong><img fetchpriority=\"high\" decoding=\"async\" class=\"alignright size-medium wp-image-786\" src=\"https:\/\/www.planete-sciences.org\/mediterranee\/\/wp-content\/uploads\/2014\/07\/Stage-Valbonne-Juillet-2009-112-300x225.jpg\" alt=\"Stage Valbonne Juillet 2009 112\" width=\"300\" height=\"225\" srcset=\"https:\/\/www.planete-sciences.org\/mediterranee\/wp-content\/uploads\/2014\/07\/Stage-Valbonne-Juillet-2009-112-300x225.jpg 300w, https:\/\/www.planete-sciences.org\/mediterranee\/wp-content\/uploads\/2014\/07\/Stage-Valbonne-Juillet-2009-112-200x150.jpg 200w, https:\/\/www.planete-sciences.org\/mediterranee\/wp-content\/uploads\/2014\/07\/Stage-Valbonne-Juillet-2009-112-600x450.jpg 600w, https:\/\/www.planete-sciences.org\/mediterranee\/wp-content\/uploads\/2014\/07\/Stage-Valbonne-Juillet-2009-112-624x468.jpg 624w, https:\/\/www.planete-sciences.org\/mediterranee\/wp-content\/uploads\/2014\/07\/Stage-Valbonne-Juillet-2009-112.jpg 768w\" sizes=\"(max-width: 300px) 100vw, 300px\" \/><\/strong><\/span><\/p>\n<p><span style=\"color: #019cdf;\"><strong>Cette action se traduit sur la commune par :<\/strong><\/span><\/p>\n<ul>\n<li>un soutien \u00e0 des projets d&rsquo;enseignants ou aux animateurs des centres de loisirs,<\/li>\n<li>l&rsquo;animation d&rsquo;un club nature,<\/li>\n<li>la mise en place des journ\u00e9es de l&rsquo;environnement,<\/li>\n<li>l&rsquo;encadrement de sorties nature pour tous.<strong style=\"background-color: initial;\">&nbsp;<\/strong><\/li>\n<\/ul>\n<h3><span style=\"color: #00519e;\"><strong>La Maison Nature Environnement (MNE)<\/strong><\/span><\/h3>\n<p style=\"text-align: justify;\">Cet ancien moulin se situe en bord de Brague pr\u00e8s de Valbonne village. La ville met \u00e0 disposition&nbsp; de ses associations partenaires cette maison et le terrain attenant. Le Club Nature dispose donc de ces locaux et de son environnement naturel tous les mercredis apr\u00e8s-midi.<\/p>\n<p><a href=\"https:\/\/www.ville-valbonne.fr\/votre-ville\/environnement\/maison-nature-environnement-mne\/\" target=\"_blank\" rel=\"noopener noreferrer\">&nbsp;Visiter le site de la MNE<\/a><\/p>\n<h3><span style=\"color: #00519e;\"><strong><img decoding=\"async\" class=\"alignleft wp-image-784\" src=\"https:\/\/www.planete-sciences.org\/mediterranee\/\/wp-content\/uploads\/2014\/07\/Stage-Valbonne-Juillet-2009-046-300x225.jpg\" alt=\"Stage Valbonne Juillet 2009 046\" width=\"287\" height=\"215\" srcset=\"https:\/\/www.planete-sciences.org\/mediterranee\/wp-content\/uploads\/2014\/07\/Stage-Valbonne-Juillet-2009-046-300x225.jpg 300w, https:\/\/www.planete-sciences.org\/mediterranee\/wp-content\/uploads\/2014\/07\/Stage-Valbonne-Juillet-2009-046-200x150.jpg 200w, https:\/\/www.planete-sciences.org\/mediterranee\/wp-content\/uploads\/2014\/07\/Stage-Valbonne-Juillet-2009-046-600x450.jpg 600w, https:\/\/www.planete-sciences.org\/mediterranee\/wp-content\/uploads\/2014\/07\/Stage-Valbonne-Juillet-2009-046-624x468.jpg 624w, https:\/\/www.planete-sciences.org\/mediterranee\/wp-content\/uploads\/2014\/07\/Stage-Valbonne-Juillet-2009-046.jpg 768w\" sizes=\"(max-width: 287px) 100vw, 287px\" \/>Le Club Nature,&nbsp;pour faire le plein d&rsquo;air pur et de verdure !<\/strong><\/span><\/h3>\n<p style=\"text-align: justify;\"><strong>Tous les mercredis de l&rsquo;ann\u00e9e<\/strong>, 12 enfants valbonnais, \u00e2g\u00e9s de 8 \u00e0 12 ans se retrouvent \u00e0 la Maison Nature Environnement (MNE) de Valbonne Sophia Antipolis pour d\u00e9couvrir la nature et enrichir leurs connaissances : petite faune du sol, les invert\u00e9br\u00e9s aquatiques de la mare et la rivi\u00e8re, les arbres de la for\u00eat, les orchid\u00e9es&#8230;enfin bref, les th\u00e8mes sont nombreux et tous aussi passionnants les uns que les autres.<\/p>\n<p style=\"text-align: justify;\"><strong>En plus de ces activit\u00e9s naturalistes,<\/strong> les enfants pourront cultiver un potager, mener des exp\u00e9riences scientifiques, d\u00e9couvrir les \u00e9nergies renouvelables, la m\u00e9t\u00e9o, l&rsquo;orientation&#8230; Des sorties pour d\u00e9couvrir de nouveaux milieux naturels du d\u00e9partement pourront aussi \u00eatre organis\u00e9es en collaboration avec les parents.<img decoding=\"async\" class=\"alignright size-medium wp-image-785\" src=\"https:\/\/www.planete-sciences.org\/mediterranee\/\/wp-content\/uploads\/2014\/07\/Stage-Valbonne-Juillet-2009-109-300x225.jpg\" alt=\"Stage Valbonne Juillet 2009 109\" width=\"300\" height=\"225\" srcset=\"https:\/\/www.planete-sciences.org\/mediterranee\/wp-content\/uploads\/2014\/07\/Stage-Valbonne-Juillet-2009-109-300x225.jpg 300w, https:\/\/www.planete-sciences.org\/mediterranee\/wp-content\/uploads\/2014\/07\/Stage-Valbonne-Juillet-2009-109-200x150.jpg 200w, https:\/\/www.planete-sciences.org\/mediterranee\/wp-content\/uploads\/2014\/07\/Stage-Valbonne-Juillet-2009-109-600x450.jpg 600w, https:\/\/www.planete-sciences.org\/mediterranee\/wp-content\/uploads\/2014\/07\/Stage-Valbonne-Juillet-2009-109-624x468.jpg 624w, https:\/\/www.planete-sciences.org\/mediterranee\/wp-content\/uploads\/2014\/07\/Stage-Valbonne-Juillet-2009-109.jpg 768w\" sizes=\"(max-width: 300px) 100vw, 300px\" \/><\/p>\n<p style=\"text-align: justify;\">Et tout ceci dans <strong>une ambiance conviviale<\/strong> ou chacun peut trouver sa place gr\u00e2ce \u00e0 un animateur \u00e0 l&rsquo;\u00e9coute des enfants, sp\u00e9cialis\u00e9 dans ce domaine et gr\u00e2ce au petit effectif.<\/p>\n<p style=\"text-align: justify;\"><strong>Des sorties<\/strong> ont lieu selon les opportunit\u00e9s et le programme de l&rsquo;ann\u00e9e (\u00e9comus\u00e9e de La Gaude, jardins de l&rsquo;histoire \u00e0 Tourettes-sur-Loup, Parc Naturel D\u00e9partemental&#8230;).<\/p>\n<hr>\n<h3><span style=\"color: #00519e;\"><strong>Horaires<\/strong><\/span><\/h3>\n<p style=\"text-align: justify;\">Le Club se r\u00e9unit tous les mercredis de 14h \u00e0 17h. Le groupe est fixe tout au long de l&rsquo;ann\u00e9e ce qui permet une coh\u00e9sion et le suivi des projets.<\/p>\n<h3 style=\"text-align: justify;\"><span style=\"color: #00519e;\"><strong>Participation aux frais&nbsp;<\/strong><\/span><\/h3>\n<p style=\"text-align: justify;\">Gr\u00e2ce \u00e0 l&rsquo;important soutien de la commune pour ce programme d&rsquo;\u00e9ducation \u00e0 l&rsquo;environnement, la participation demand\u00e9e aux parents est minime.<\/p>\n<p><strong style=\"background-color: initial;\">Co\u00fbt \u00e0 l&rsquo;ann\u00e9e<\/strong><span style=\"background-color: initial;\"> : 70 \u20ac<\/span><br \/>\n<strong style=\"background-color: initial;\">Co\u00fbt par trimestre&nbsp;: <\/strong><span style=\"background-color: initial;\">25\u20ac<\/span><\/p>\n<ul>\n<li>1er trimestre (octobre \u00e0 d\u00e9cembre)<\/li>\n<li>2\u00e8me trimestre (janvier \u00e0 mars)<\/li>\n<li>3\u00e8me trimestre (avril \u00e0 juin)<\/li>\n<\/ul>\n<p><strong>Pour plus de renseignements, n&rsquo;h\u00e9sitez pas \u00e0 <a title=\"Contactez-nous\" href=\"https:\/\/www.planete-sciences.org\/mediterranee\/\/contactez-nous\/\" target=\"_blank\" rel=\"noopener noreferrer\">nous contacter.<\/a><\/strong><a title=\"Contactez-nous\" href=\"https:\/\/www.planete-sciences.org\/mediterranee\/\/contactez-nous\/\" target=\"_blank\" rel=\"noopener noreferrer\">&nbsp;<\/a><\/p>\n","protected":false},"excerpt":{"rendered":"<p>La commune de Valbonne Sophia-Antipolis et Plan\u00e8te Sciences M\u00e9diterran\u00e9e d\u00e9veloppent depuis 1989, un vaste programme d&rsquo;\u00e9ducation \u00e0 l&rsquo;environnement, dans le cadre d&rsquo;une convention pluriannuelle sp\u00e9cifique. Cette action se traduit sur la commune par : un soutien \u00e0 des projets d&rsquo;enseignants ou aux animateurs des centres de loisirs, l&rsquo;animation d&rsquo;un club nature, la mise en place [&hellip;]<\/p>\n","protected":false},"author":1,"featured_media":0,"parent":52,"menu_order":0,"comment_status":"closed","ping_status":"closed","template":"","meta":{"_acf_changed":false,"ngg_post_thumbnail":0,"footnotes":""},"class_list":["post-782","page","type-page","status-publish","hentry"],"acf":[],"_links":{"self":[{"href":"https:\/\/www.planete-sciences.org\/mediterranee\/wp-json\/wp\/v2\/pages\/782","targetHints":{"allow":["GET"]}}],"collection":[{"href":"https:\/\/www.planete-sciences.org\/mediterranee\/wp-json\/wp\/v2\/pages"}],"about":[{"href":"https:\/\/www.planete-sciences.org\/mediterranee\/wp-json\/wp\/v2\/types\/page"}],"author":[{"embeddable":true,"href":"https:\/\/www.planete-sciences.org\/mediterranee\/wp-json\/wp\/v2\/users\/1"}],"replies":[{"embeddable":true,"href":"https:\/\/www.planete-sciences.org\/mediterranee\/wp-json\/wp\/v2\/comments?post=782"}],"version-history":[{"count":8,"href":"https:\/\/www.planete-sciences.org\/mediterranee\/wp-json\/wp\/v2\/pages\/782\/revisions"}],"predecessor-version":[{"id":4387,"href":"https:\/\/www.planete-sciences.org\/mediterranee\/wp-json\/wp\/v2\/pages\/782\/revisions\/4387"}],"up":[{"embeddable":true,"href":"https:\/\/www.planete-sciences.org\/mediterranee\/wp-json\/wp\/v2\/pages\/52"}],"wp:attachment":[{"href":"https:\/\/www.planete-sciences.org\/mediterranee\/wp-json\/wp\/v2\/media?parent=782"}],"curies":[{"name":"wp","href":"https:\/\/api.w.org\/{rel}","templated":true}]}}