{"id":669,"date":"2014-07-23T13:42:04","date_gmt":"2014-07-23T12:42:04","guid":{"rendered":"http:\/\/www.planete-sciences.org\/mediterranee\/\/?page_id=669"},"modified":"2026-03-09T11:59:45","modified_gmt":"2026-03-09T10:59:45","slug":"calendrier-formation","status":"publish","type":"page","link":"https:\/\/www.planete-sciences.org\/mediterranee\/calendrier-formation\/","title":{"rendered":"Calendrier formation"},"content":{"rendered":"<p><span style=\"color: #cc187e; font-size: medium;\">&nbsp;<\/span><\/p>\n<h2><span style=\"color: #00519e;\">Formations BAFA<\/span><\/h2>\n<table style=\"width: 91.6069%; height: 403px;\">\n<tbody>\n<tr style=\"height: 22px;\">\n<td style=\"text-align: center; width: 30.8492%; height: 22px;\"><span style=\"color: #cc4e95;\"><strong>Intitul\u00e9<\/strong><\/span><\/td>\n<td style=\"text-align: center; width: 21.8747%; height: 22px;\"><span style=\"color: #cc4e95;\"><strong>Dates<\/strong><\/span><\/td>\n<td style=\"text-align: center; width: 16.0802%; height: 22px;\"><span style=\"color: #cc4e95;\"><strong>Lieu<\/strong><\/span><\/td>\n<td style=\"text-align: center; width: 25.9134%; height: 22px;\"><span style=\"color: #cc4e95;\"><strong>Tarif<\/strong><\/span><\/td>\n<td style=\"text-align: center; width: 28.4685%; height: 22px;\"><span style=\"color: #cc4e95;\"><strong>Inscription<\/strong><\/span><\/td>\n<\/tr>\n<tr style=\"height: 46px;\">\n<td style=\"width: 30.8492%; text-align: center; height: 46px;\"><strong>BAFA session g\u00e9n\u00e9rale<\/strong><\/td>\n<td style=\"width: 21.8747%; text-align: center; height: 46px;\">du 14 au 21 f\u00e9vrier 2026<\/td>\n<td style=\"width: 16.0802%; text-align: center; height: 46px;\">Carpentras (84)<\/td>\n<td style=\"width: 25.9134%; text-align: center; height: 46px;\">Demi-pension : 395 \u20ac<\/td>\n<td style=\"width: 28.4685%; height: 46px; text-align: center;\"><a title=\"Inscription BAFA\" href=\"https:\/\/www.planete-sciences.org\/mediterranee\/activites\/formations\/inscription-bafa\/\" target=\"_blank\" rel=\"noopener noreferrer\">S&rsquo;inscrire<\/a><\/td>\n<\/tr>\n<tr style=\"height: 23px;\">\n<td style=\"width: 30.8492%; text-align: center; height: 23px;\"><strong>BAFA approfondissement \u00ab\u00a0Petite enfance et Activit\u00e9s manuelles\u00a0\u00bb<\/strong><\/td>\n<td style=\"width: 21.8747%; text-align: center; height: 23px;\">du 15 au 20 f\u00e9vrier 2026<\/td>\n<td style=\"width: 16.0802%; text-align: center; height: 23px;\">Carpentras (84)<\/td>\n<td style=\"width: 25.9134%; text-align: center; height: 23px;\">Demi-pension : 295 \u20ac<\/td>\n<td style=\"width: 28.4685%; text-align: center; height: 23px;\"><a title=\"Inscription BAFA\" href=\"https:\/\/www.planete-sciences.org\/mediterranee\/activites\/formations\/inscription-bafa\/\" target=\"_blank\" rel=\"noopener noreferrer\">S&rsquo;inscrire<\/a><\/td>\n<\/tr>\n<tr style=\"height: 60px;\">\n<td style=\"width: 30.8492%; text-align: center; height: 60px;\"><strong>BAFA session g\u00e9n\u00e9rale<\/strong><\/td>\n<td style=\"width: 21.8747%; text-align: center; height: 60px;\">du 22 f\u00e9vrier au 1er mars 2026<\/td>\n<td style=\"width: 16.0802%; text-align: center; height: 60px;\">Grasse (06)<\/td>\n<td style=\"width: 25.9134%; text-align: center; height: 60px;\">Externat : 395 \u20ac<\/td>\n<td style=\"width: 28.4685%; height: 60px; text-align: center;\">COMPLET<\/td>\n<\/tr>\n<tr style=\"height: 46px;\">\n<td style=\"text-align: center; width: 30.8492%; height: 46px;\"><strong>BAFA session g\u00e9n\u00e9rale<\/strong><\/td>\n<td style=\"text-align: center; width: 21.8747%; height: 46px;\">du 11 au 18 avril 2026<\/td>\n<td style=\"width: 16.0802%; text-align: center; height: 46px;\">Grasse (06)<\/td>\n<td style=\"width: 25.9134%; text-align: center; height: 46px;\">Externat : 395 \u20ac<\/td>\n<td style=\"width: 28.4685%;\">COMPLET<\/td>\n<\/tr>\n<tr style=\"height: 46px;\">\n<td style=\"text-align: center; width: 30.8492%; height: 46px;\"><strong>BAFA session g\u00e9n\u00e9rale<br><\/strong><\/td>\n<td style=\"text-align: center; width: 21.8747%; height: 46px;\">du 27 juin au 4 juillet 2026<\/td>\n<td style=\"width: 16.0802%; text-align: center; height: 46px;\">La Seyne\/Mer (83)<\/td>\n<td style=\"width: 25.9134%; text-align: center; height: 46px;\">Externat : 395 \u20ac<\/td>\n<td style=\"width: 28.4685%; text-align: center; height: 46px;\"><a title=\"Inscription BAFA\" href=\"https:\/\/www.planete-sciences.org\/mediterranee\/activites\/formations\/inscription-bafa\/\" target=\"_blank\" rel=\"noopener noreferrer\" data-wplink-edit=\"true\">S&rsquo;inscrire<\/a><\/td>\n<\/tr>\n<tr style=\"height: 70px;\">\n<td style=\"text-align: center; width: 30.8492%; height: 70px;\"><strong>BAFA approfondissement \u00ab\u00a0Activit\u00e9s manuelles et d\u00e9marche exp\u00e9rimentale\u00a0\u00bb<\/strong><\/td>\n<td style=\"text-align: center; width: 21.8747%; height: 70px;\">du 13 au 18 avril 2026<\/td>\n<td style=\"width: 16.0802%; text-align: center; height: 70px;\">Grasse (06)<\/td>\n<td style=\"width: 25.9134%; text-align: center; height: 70px;\">Externat : 310 \u20ac<\/td>\n<td style=\"width: 28.4685%; height: 70px; text-align: center;\"><a title=\"Inscription BAFA\" href=\"https:\/\/www.planete-sciences.org\/mediterranee\/activites\/formations\/inscription-bafa\/\" target=\"_blank\" rel=\"noopener noreferrer\">S&rsquo;inscrire<\/a><\/td>\n<\/tr>\n<tr style=\"height: 30px;\">\n<td style=\"text-align: center; width: 30.8492%; height: 30px;\"><strong>BAFA session g\u00e9n\u00e9rale<\/strong><\/td>\n<td style=\"text-align: center; width: 21.8747%; height: 30px;\">du 22 au 29 ao\u00fbt 2026<\/td>\n<td style=\"text-align: center; width: 16.0802%; height: 30px;\">Grasse (06)<\/td>\n<td style=\"text-align: center; width: 25.9134%; height: 30px;\">Externat : 395 \u20ac<\/td>\n<td style=\"text-align: center; width: 28.4685%; height: 30px;\"><a title=\"Inscription BAFA\" href=\"https:\/\/www.planete-sciences.org\/mediterranee\/activites\/formations\/inscription-bafa\/\" target=\"_blank\" rel=\"noopener noreferrer\">S&rsquo;inscrire<\/a><\/td>\n<\/tr>\n<tr style=\"height: 60px;\">\n<td style=\"text-align: center; width: 30.8492%; height: 60px;\"><strong>BAFA approfondissement \u00ab\u00a0Activit\u00e9s manuelles et d\u00e9marche exp\u00e9rimentale\u00a0\u00bb<\/strong><\/td>\n<td style=\"text-align: center; width: 21.8747%; height: 60px;\">du 24 au 29 ao\u00fbt 2026<\/td>\n<td style=\"text-align: center; width: 16.0802%; height: 60px;\">Grasse (06)<\/td>\n<td style=\"text-align: center; width: 25.9134%; height: 60px;\">&nbsp;Externat : 310 \u20ac<\/td>\n<td style=\"text-align: center; width: 28.4685%; height: 60px;\"><a title=\"Inscription BAFA\" href=\"https:\/\/www.planete-sciences.org\/mediterranee\/activites\/formations\/inscription-bafa\/\" target=\"_blank\" rel=\"noopener noreferrer\">S&rsquo;inscrire<\/a><\/td>\n<\/tr>\n<\/tbody>\n<\/table>\n<h6>Si vous habitez dans les Alpes-Maritimes, pour les allocataires CAF 06 ou si vous percevez des aides sociales, la formation est prise en charge par la CAF et vous n&rsquo;aurez aucune avance \u00e0 faire ni d&rsquo;arrhes \u00e0 payer. Se renseigner aupr\u00e8s de notre secr\u00e9tariat pour plus d&rsquo;informations.<br>Pour les stagiaires habitant dans un autre d\u00e9partement, des aides sont parfois possibles aupr\u00e8s de votre CAF (ou de la MSA si vous \u00eates affili\u00e9 \u00e0 cet organisme).<\/h6>\n<h6>Pour le stage d&rsquo;approfondissement, une aide de 200 \u20ac de la CNAF est accord\u00e9e sans conditions de ressources \u00e0 tous les stagiaires. Cette aide vous sera vers\u00e9e par votre CAF d\u00e8s votre inscription sur pr\u00e9sentation du document valid\u00e9 par les organismes de formation. Dans les Alpes-Maritimes, le solde restant d\u00fb pour la formation est pris en charge la CAF 06 si vous \u00eates allocataire ou percevez des aides sociales.<\/h6>\n<p>&nbsp;<\/p>\n<p>Les stages sont d\u00e9clar\u00e9s en externat, et les stagiaires sont pri\u00e9s d&rsquo;apporter leur pique-nique pour le d\u00e9jeuner.<\/p>\n<p>&nbsp;<\/p>\n<h2><span style=\"color: #1155cc;\">Agr\u00e9ment micro-fus\u00e9e<\/span><\/h2>\n<table style=\"width: 89.7441%; height: 48px;\">\n<tbody>\n<tr style=\"height: 24px;\">\n<td style=\"text-align: center; width: 21.9334%; height: 24px;\"><span style=\"color: #cc187e;\"><strong>Intitul\u00e9<\/strong><\/span><\/td>\n<td style=\"text-align: center; width: 18.446%; height: 24px;\"><span style=\"color: #cc187e;\"><strong>Dates<\/strong><\/span><\/td>\n<td style=\"text-align: center; width: 24.5335%; height: 24px;\"><span style=\"color: #cc187e;\"><strong>Lieu<\/strong><\/span><\/td>\n<td style=\"text-align: center; width: 16.5161%; height: 24px;\"><span style=\"color: #cc187e;\"><strong>Tarif<\/strong><\/span><\/td>\n<td style=\"text-align: center; width: 14.4143%; height: 24px;\"><span style=\"color: #cc187e;\"><strong>Inscription<\/strong><\/span><\/td>\n<\/tr>\n<tr style=\"height: 24px;\">\n<td style=\"width: 21.9334%; height: 24px;\"><strong>Agr\u00e9ment microfus\u00e9e<br><\/strong><\/td>\n<td style=\"width: 18.446%; height: 24px; text-align: center;\">Pas de dates pr\u00e9vues \u00e0 ce jour<\/td>\n<td style=\"width: 24.5335%; height: 24px; text-align: center;\">Plateau de Roquevignon <br>Grasse (06)<\/td>\n<td style=\"width: 16.5161%; height: 24px;\">Externat : 220 \u20ac<\/td>\n<td style=\"width: 14.4143%; text-align: center; height: 24px;\"><span style=\"color: #00519e;\">S&rsquo;inscrire<\/span><\/td>\n<\/tr>\n<\/tbody>\n<\/table>\n\n","protected":false},"excerpt":{"rendered":"<p>&nbsp; Formations BAFA Intitul\u00e9 Dates Lieu Tarif Inscription BAFA session g\u00e9n\u00e9rale du 14 au 21 f\u00e9vrier 2026 Carpentras (84) Demi-pension : 395 \u20ac S&rsquo;inscrire BAFA approfondissement \u00ab\u00a0Petite enfance et Activit\u00e9s manuelles\u00a0\u00bb du 15 au 20 f\u00e9vrier 2026 Carpentras (84) Demi-pension : 295 \u20ac S&rsquo;inscrire BAFA session g\u00e9n\u00e9rale du 22 f\u00e9vrier au 1er mars 2026 Grasse [&hellip;]<\/p>\n","protected":false},"author":1,"featured_media":0,"parent":0,"menu_order":0,"comment_status":"closed","ping_status":"open","template":"","meta":{"_acf_changed":false,"ngg_post_thumbnail":0,"footnotes":""},"class_list":["post-669","page","type-page","status-publish","hentry"],"acf":[],"_links":{"self":[{"href":"https:\/\/www.planete-sciences.org\/mediterranee\/wp-json\/wp\/v2\/pages\/669","targetHints":{"allow":["GET"]}}],"collection":[{"href":"https:\/\/www.planete-sciences.org\/mediterranee\/wp-json\/wp\/v2\/pages"}],"about":[{"href":"https:\/\/www.planete-sciences.org\/mediterranee\/wp-json\/wp\/v2\/types\/page"}],"author":[{"embeddable":true,"href":"https:\/\/www.planete-sciences.org\/mediterranee\/wp-json\/wp\/v2\/users\/1"}],"replies":[{"embeddable":true,"href":"https:\/\/www.planete-sciences.org\/mediterranee\/wp-json\/wp\/v2\/comments?post=669"}],"version-history":[{"count":146,"href":"https:\/\/www.planete-sciences.org\/mediterranee\/wp-json\/wp\/v2\/pages\/669\/revisions"}],"predecessor-version":[{"id":7473,"href":"https:\/\/www.planete-sciences.org\/mediterranee\/wp-json\/wp\/v2\/pages\/669\/revisions\/7473"}],"wp:attachment":[{"href":"https:\/\/www.planete-sciences.org\/mediterranee\/wp-json\/wp\/v2\/media?parent=669"}],"curies":[{"name":"wp","href":"https:\/\/api.w.org\/{rel}","templated":true}]}}