{"id":5581,"date":"2024-05-19T09:53:28","date_gmt":"2024-05-19T07:53:28","guid":{"rendered":"https:\/\/www.planete-sciences.org\/mediterranee\/?page_id=5581"},"modified":"2024-05-19T09:53:28","modified_gmt":"2024-05-19T07:53:28","slug":"adhesion-individuelle-2","status":"publish","type":"page","link":"https:\/\/www.planete-sciences.org\/mediterranee\/adhesion-individuelle-2\/","title":{"rendered":"Adh\u00e9sion individuelle"},"content":{"rendered":"<p>Pour adh\u00e9rer \u00e0 titre individuel, merci de remplir le formulaire ci-dessous avec vos coordonn\u00e9es afin que nous puissions prendre en compte votre adh\u00e9sion.<\/p>\n<p>Pour les adh\u00e9sions Famille, merci de vous rendre sur la page d\u00e9di\u00e9e.<\/p>\n<p>Pour l&rsquo;adh\u00e9sion d&rsquo;une structure (personne morale), merci de vous rendre sur la page d\u00e9di\u00e9e.<\/p>\n<p>&nbsp;<\/p>\n\n<div class=\"wpcf7 no-js\" id=\"wpcf7-f5565-o1\" lang=\"fr-FR\" dir=\"ltr\" data-wpcf7-id=\"5565\">\n<div class=\"screen-reader-response\"><p role=\"status\" aria-live=\"polite\" aria-atomic=\"true\"><\/p> <ul><\/ul><\/div>\n<form action=\"\/mediterranee\/wp-json\/wp\/v2\/pages\/5581#wpcf7-f5565-o1\" method=\"post\" class=\"wpcf7-form init\" aria-label=\"Formulaire de contact\" novalidate=\"novalidate\" data-status=\"init\">\n<fieldset class=\"hidden-fields-container\"><input type=\"hidden\" name=\"_wpcf7\" value=\"5565\" \/><input type=\"hidden\" name=\"_wpcf7_version\" value=\"6.1.5\" \/><input type=\"hidden\" name=\"_wpcf7_locale\" value=\"fr_FR\" \/><input type=\"hidden\" name=\"_wpcf7_unit_tag\" value=\"wpcf7-f5565-o1\" \/><input type=\"hidden\" name=\"_wpcf7_container_post\" value=\"0\" \/><input type=\"hidden\" name=\"_wpcf7_posted_data_hash\" value=\"\" \/>\n<\/fieldset>\n<p> Votre pr\u00e9nom : <span class=\"wpcf7-form-control-wrap\" data-name=\"your-surname\"><input size=\"40\" maxlength=\"400\" class=\"wpcf7-form-control wpcf7-text wpcf7-validates-as-required\" autocomplete=\"surname\" aria-required=\"true\" aria-invalid=\"false\" value=\"\" type=\"text\" name=\"your-surname\" \/><\/span>\n<\/p>\n<p> Votre nom : <span class=\"wpcf7-form-control-wrap\" data-name=\"your-name\"><input size=\"40\" maxlength=\"400\" class=\"wpcf7-form-control wpcf7-text wpcf7-validates-as-required\" autocomplete=\"name\" aria-required=\"true\" aria-invalid=\"false\" value=\"\" type=\"text\" name=\"your-name\" \/><\/span>\n<\/p>\n<p> Votre date de naissance : <span class=\"wpcf7-form-control-wrap\" data-name=\"date-950\"><input class=\"wpcf7-form-control wpcf7-date wpcf7-validates-as-date\" id=\"date_nais\" aria-invalid=\"false\" value=\"\" type=\"date\" name=\"date-950\" \/><\/span>\n<\/p>\n<p> Votre e-mail : <span class=\"wpcf7-form-control-wrap\" data-name=\"your-email\"><input size=\"40\" maxlength=\"400\" class=\"wpcf7-form-control wpcf7-email wpcf7-validates-as-required wpcf7-text wpcf7-validates-as-email\" autocomplete=\"email\" aria-required=\"true\" aria-invalid=\"false\" value=\"\" type=\"email\" name=\"your-email\" \/><\/span>\n<\/p>\n<p> Votre t\u00e9l\u00e9phone : <span class=\"wpcf7-form-control-wrap\" data-name=\"tel-773\"><input size=\"40\" maxlength=\"400\" class=\"wpcf7-form-control wpcf7-tel wpcf7-text wpcf7-validates-as-tel\" id=\"telephone\" aria-invalid=\"false\" value=\"\" type=\"tel\" name=\"tel-773\" \/><\/span>\n<\/p>\n<p> Adresse : <span class=\"wpcf7-form-control-wrap\" data-name=\"text-375\"><input size=\"40\" maxlength=\"400\" class=\"wpcf7-form-control wpcf7-text\" id=\"adresse\" aria-invalid=\"false\" value=\"\" type=\"text\" name=\"text-375\" \/><\/span>\n<\/p>\n<p> Code postal : <span class=\"wpcf7-form-control-wrap\" data-name=\"number-207\"><input class=\"wpcf7-form-control wpcf7-number wpcf7-validates-as-required wpcf7-validates-as-number\" id=\"code\" aria-required=\"true\" aria-invalid=\"false\" value=\"\" type=\"number\" name=\"number-207\" \/><\/span>\n<\/p>\n<p> Ville : <span class=\"wpcf7-form-control-wrap\" data-name=\"text-376\"><input size=\"40\" maxlength=\"400\" class=\"wpcf7-form-control wpcf7-text wpcf7-validates-as-required\" id=\"ville\" aria-required=\"true\" aria-invalid=\"false\" value=\"\" type=\"text\" name=\"text-376\" \/><\/span>\n<\/p>\n<p> Veuillez cocher la case ci-dessous<br \/>\n<span class=\"wpcf7-form-control-wrap\" data-name=\"acceptance-545\"><span class=\"wpcf7-form-control wpcf7-acceptance\"><span class=\"wpcf7-list-item\"><label><input type=\"checkbox\" name=\"acceptance-545\" value=\"1\" id=\"statuts\" aria-invalid=\"false\" \/><span class=\"wpcf7-list-item-label\">D\u00e9clare adh\u00e9rer aux statuts de Plan\u00e8te Sciences M\u00e9diterran\u00e9e<\/span><\/label><\/span><\/span><\/span>\n<\/p>\n<p>Votre message (facultatif)<br \/>\n<span class=\"wpcf7-form-control-wrap\" data-name=\"your-message\"><textarea cols=\"40\" rows=\"10\" maxlength=\"2000\" class=\"wpcf7-form-control wpcf7-textarea\" aria-invalid=\"false\" name=\"your-message\"><\/textarea><\/span>\n<\/p>\n<p><input class=\"wpcf7-form-control wpcf7-submit has-spinner\" type=\"submit\" value=\"Envoyer\" \/>\n<\/p><div class=\"wpcf7-response-output\" aria-hidden=\"true\"><\/div>\n<\/form>\n<\/div>\n\n<p>&nbsp;<\/p>\n<p>&nbsp;<\/p>\n<p>&nbsp;<\/p>\n<p>&nbsp;<\/p>\n","protected":false},"excerpt":{"rendered":"<p>Pour adh\u00e9rer \u00e0 titre individuel, merci de remplir le formulaire ci-dessous avec vos coordonn\u00e9es afin que nous puissions prendre en compte votre adh\u00e9sion. Pour les adh\u00e9sions Famille, merci de vous rendre sur la page d\u00e9di\u00e9e. Pour l&rsquo;adh\u00e9sion d&rsquo;une structure (personne morale), merci de vous rendre sur la page d\u00e9di\u00e9e. &nbsp; &nbsp; &nbsp; &nbsp; &nbsp;<\/p>\n","protected":false},"author":2,"featured_media":0,"parent":0,"menu_order":0,"comment_status":"closed","ping_status":"closed","template":"","meta":{"_acf_changed":false,"ngg_post_thumbnail":0,"footnotes":""},"class_list":["post-5581","page","type-page","status-publish","hentry"],"acf":[],"_links":{"self":[{"href":"https:\/\/www.planete-sciences.org\/mediterranee\/wp-json\/wp\/v2\/pages\/5581","targetHints":{"allow":["GET"]}}],"collection":[{"href":"https:\/\/www.planete-sciences.org\/mediterranee\/wp-json\/wp\/v2\/pages"}],"about":[{"href":"https:\/\/www.planete-sciences.org\/mediterranee\/wp-json\/wp\/v2\/types\/page"}],"author":[{"embeddable":true,"href":"https:\/\/www.planete-sciences.org\/mediterranee\/wp-json\/wp\/v2\/users\/2"}],"replies":[{"embeddable":true,"href":"https:\/\/www.planete-sciences.org\/mediterranee\/wp-json\/wp\/v2\/comments?post=5581"}],"version-history":[{"count":2,"href":"https:\/\/www.planete-sciences.org\/mediterranee\/wp-json\/wp\/v2\/pages\/5581\/revisions"}],"predecessor-version":[{"id":5583,"href":"https:\/\/www.planete-sciences.org\/mediterranee\/wp-json\/wp\/v2\/pages\/5581\/revisions\/5583"}],"wp:attachment":[{"href":"https:\/\/www.planete-sciences.org\/mediterranee\/wp-json\/wp\/v2\/media?parent=5581"}],"curies":[{"name":"wp","href":"https:\/\/api.w.org\/{rel}","templated":true}]}}