{"id":52,"date":"2014-06-21T18:41:55","date_gmt":"2014-06-21T17:41:55","guid":{"rendered":"http:\/\/www.planete-sciences.org\/mediterranee\/\/?page_id=52"},"modified":"2024-05-27T15:15:43","modified_gmt":"2024-05-27T13:15:43","slug":"les-clubs","status":"publish","type":"page","link":"https:\/\/www.planete-sciences.org\/mediterranee\/les-clubs\/","title":{"rendered":"Les clubs et les ateliers sciences et nature"},"content":{"rendered":"<h3 style=\"text-align: justify;\"><span style=\"color: #00519e;\">Nos clubs<\/span><\/h3>\n<p style=\"text-align: justify;\"><span style=\"color: #cc4e95;\"><strong>Envie de faire une activit\u00e9 en plein air, de partager une passion,&nbsp;de passer des moments conviviaux, de d\u00e9couvrir de nouvelles aventures&#8230; alors n&rsquo;h\u00e9sitez plus, rejoignez nos clubs !<\/strong><\/span><\/p>\n<table>\n<tbody>\n<tr>\n<td><img fetchpriority=\"high\" decoding=\"async\" class=\"aligncenter wp-image-778 \" src=\"https:\/\/www.planete-sciences.org\/mediterranee\/\/wp-content\/uploads\/2014\/06\/100_0525-300x222.jpg\" alt=\"100_0525\" width=\"268\" height=\"198\" srcset=\"https:\/\/www.planete-sciences.org\/mediterranee\/wp-content\/uploads\/2014\/06\/100_0525-300x222.jpg 300w, https:\/\/www.planete-sciences.org\/mediterranee\/wp-content\/uploads\/2014\/06\/100_0525-200x148.jpg 200w, https:\/\/www.planete-sciences.org\/mediterranee\/wp-content\/uploads\/2014\/06\/100_0525-600x445.jpg 600w, https:\/\/www.planete-sciences.org\/mediterranee\/wp-content\/uploads\/2014\/06\/100_0525-624x463.jpg 624w, https:\/\/www.planete-sciences.org\/mediterranee\/wp-content\/uploads\/2014\/06\/100_0525.jpg 768w\" sizes=\"(max-width: 268px) 100vw, 268px\" \/><\/td>\n<td><img decoding=\"async\" class=\"aligncenter wp-image-779 size-medium\" src=\"https:\/\/www.planete-sciences.org\/mediterranee\/\/wp-content\/uploads\/2014\/06\/IMGP5319-300x200.jpg\" alt=\"IMGP5319\" width=\"300\" height=\"200\" srcset=\"https:\/\/www.planete-sciences.org\/mediterranee\/wp-content\/uploads\/2014\/06\/IMGP5319-300x200.jpg 300w, https:\/\/www.planete-sciences.org\/mediterranee\/wp-content\/uploads\/2014\/06\/IMGP5319-200x133.jpg 200w, https:\/\/www.planete-sciences.org\/mediterranee\/wp-content\/uploads\/2014\/06\/IMGP5319-600x400.jpg 600w, https:\/\/www.planete-sciences.org\/mediterranee\/wp-content\/uploads\/2014\/06\/IMGP5319-624x416.jpg 624w, https:\/\/www.planete-sciences.org\/mediterranee\/wp-content\/uploads\/2014\/06\/IMGP5319.jpg 768w\" sizes=\"(max-width: 300px) 100vw, 300px\" \/><\/td>\n<td><img decoding=\"async\" class=\"aligncenter wp-image-1376 \" src=\"https:\/\/www.planete-sciences.org\/mediterranee\/wp-content\/uploads\/2014\/06\/Troph\u00e9es2005-10-300x225.jpg\" alt=\"Troph\u00e9es2005-10\" width=\"260\" height=\"195\" srcset=\"https:\/\/www.planete-sciences.org\/mediterranee\/wp-content\/uploads\/2014\/06\/Troph\u00e9es2005-10-300x225.jpg 300w, https:\/\/www.planete-sciences.org\/mediterranee\/wp-content\/uploads\/2014\/06\/Troph\u00e9es2005-10-200x150.jpg 200w, https:\/\/www.planete-sciences.org\/mediterranee\/wp-content\/uploads\/2014\/06\/Troph\u00e9es2005-10-600x450.jpg 600w, https:\/\/www.planete-sciences.org\/mediterranee\/wp-content\/uploads\/2014\/06\/Troph\u00e9es2005-10-624x468.jpg 624w, https:\/\/www.planete-sciences.org\/mediterranee\/wp-content\/uploads\/2014\/06\/Troph\u00e9es2005-10.jpg 1024w\" sizes=\"(max-width: 260px) 100vw, 260px\" \/><\/td>\n<\/tr>\n<\/tbody>\n<\/table>\n<ul>\n<li><strong><a title=\"Club Jardin de Grasse\" href=\"https:\/\/www.planete-sciences.org\/mediterranee\/\/les-clubs\/club-jardin-de-grasse\/\">Le Club Jardin \u00e0 Grasse <\/a>:&nbsp;<\/strong>pour tous les amoureux de potager<\/li>\n<li><a title=\"Le Club Nature de Valbonne\" href=\"https:\/\/www.planete-sciences.org\/mediterranee\/\/les-clubs\/le-club-nature-de-valbonne\/\"><strong>Le Club Nature de Valbonne:<\/strong><\/a> &nbsp;pour les enfants entre 8 et 12 ans<\/li>\n<\/ul>\n<h3 style=\"text-align: justify;\"><span style=\"color: #00519e;\">Nos ateliers sciences et nature<\/span><\/h3>\n<ul>\n<li><strong>Les Ateliers Sciences et Nature \u00e0 Grasse :&nbsp;<\/strong>pour les jeunes esprits scientifiques<\/li>\n<\/ul>\n<p><em><strong><span style=\"color: #cc187e; font-size: 12pt;\">Venez participer \u00e0 des journ\u00e9es d&rsquo;\u00e9ducation aux sciences et \u00e0 l&rsquo;environnement \u00e0 l&rsquo;espace jardin\u00e9 de Roquevignon dans les Alpes Maritimes !<\/span><\/strong><\/em><\/p>\n<p><em>Aucun atelier pr\u00e9vu pour l&rsquo;instant.<\/em><\/p>\n<p>&nbsp;<\/p>\n<p>&nbsp;<\/p>\n","protected":false},"excerpt":{"rendered":"<p>Nos clubs Envie de faire une activit\u00e9 en plein air, de partager une passion,&nbsp;de passer des moments conviviaux, de d\u00e9couvrir de nouvelles aventures&#8230; alors n&rsquo;h\u00e9sitez plus, rejoignez nos clubs ! Le Club Jardin \u00e0 Grasse :&nbsp;pour tous les amoureux de potager Le Club Nature de Valbonne: &nbsp;pour les enfants entre 8 et 12 ans Nos [&hellip;]<\/p>\n","protected":false},"author":1,"featured_media":0,"parent":0,"menu_order":0,"comment_status":"closed","ping_status":"closed","template":"","meta":{"_acf_changed":false,"ngg_post_thumbnail":0,"footnotes":""},"class_list":["post-52","page","type-page","status-publish","hentry"],"acf":[],"_links":{"self":[{"href":"https:\/\/www.planete-sciences.org\/mediterranee\/wp-json\/wp\/v2\/pages\/52","targetHints":{"allow":["GET"]}}],"collection":[{"href":"https:\/\/www.planete-sciences.org\/mediterranee\/wp-json\/wp\/v2\/pages"}],"about":[{"href":"https:\/\/www.planete-sciences.org\/mediterranee\/wp-json\/wp\/v2\/types\/page"}],"author":[{"embeddable":true,"href":"https:\/\/www.planete-sciences.org\/mediterranee\/wp-json\/wp\/v2\/users\/1"}],"replies":[{"embeddable":true,"href":"https:\/\/www.planete-sciences.org\/mediterranee\/wp-json\/wp\/v2\/comments?post=52"}],"version-history":[{"count":13,"href":"https:\/\/www.planete-sciences.org\/mediterranee\/wp-json\/wp\/v2\/pages\/52\/revisions"}],"predecessor-version":[{"id":5638,"href":"https:\/\/www.planete-sciences.org\/mediterranee\/wp-json\/wp\/v2\/pages\/52\/revisions\/5638"}],"wp:attachment":[{"href":"https:\/\/www.planete-sciences.org\/mediterranee\/wp-json\/wp\/v2\/media?parent=52"}],"curies":[{"name":"wp","href":"https:\/\/api.w.org\/{rel}","templated":true}]}}