{"id":48,"date":"2014-06-21T18:41:15","date_gmt":"2014-06-21T17:41:15","guid":{"rendered":"http:\/\/www.planete-sciences.org\/mediterranee\/\/?page_id=48"},"modified":"2024-05-19T11:49:10","modified_gmt":"2024-05-19T09:49:10","slug":"devenir-membre","status":"publish","type":"page","link":"https:\/\/www.planete-sciences.org\/mediterranee\/devenir-membre\/","title":{"rendered":"Devenir membre"},"content":{"rendered":"<p><span style=\"color: #cc4e95;\"><strong>Vous aimez les sciences, les techniques et l\u2019environnement et souhaitez partager, \u00e9changer vos connaissances avec des personnes tout autant passionn\u00e9es que vous dans une ambiance conviviale, alors n\u2019h\u00e9sitez plus, rejoignez nous&nbsp;!<\/strong><\/span><\/p>\n<p><strong><a class=\"fasc-button fasc-size-medium fasc-type-glossy fasc-rounded-medium fasc-ico-before dashicons-admin-page mtli_attachment mtli_pdf\" style=\"background-color: #9e338c; color: #ffffff;\" target=\"_blank\" rel=\"noopener\" href=\"https:\/\/www.planete-sciences.org\/mediterranee\/wp-content\/uploads\/2021\/09\/Bulletin_dadhesion_PSM_2021.pdf\">T\u00e9l\u00e9charger le bulletin d&rsquo;adh\u00e9sion<\/a> <a class=\"fasc-button fasc-size-medium fasc-type-glossy fasc-rounded-medium ico-fa fasc-ico-before fa-user\" style=\"background-color: #9e338c; color: #ffffff;\" href=\"https:\/\/www.planete-sciences.org\/mediterranee\/?p=2133\">Adh\u00e9rer en ligne<\/a><\/strong><\/p>\n<h3><span style=\"color: #cc4e95;\"><span style=\"color: #00519e;\"><strong>Pourquoi adh\u00e9rer \u00e0 Plan\u00e8te Sciences M\u00e9diterran\u00e9e ?<\/strong><\/span><\/span><\/h3>\n<p style=\"text-align: justify;\">Le sens d\u2019une adh\u00e9sion repose sur un engagement, qu\u2019il soit petit ou grand, discret ou visible. Adh\u00e9rer \u00e0 une association est un acte militant, volontaire et politique car c\u2019est affirmer soutenir l\u2019objet de l\u2019association ainsi que les valeurs qui y sous-tendent. Mais vous pouvez faire encore plus pour le d\u00e9veloppement de l\u2019association en vous engageant comme b\u00e9n\u00e9vole, en participant \u00e0 diverses instances.<br \/>\nL\u2019adh\u00e9sion passe par le r\u00e8glement d\u2019une cotisation symbolique dont le montant est d\u00e9fini chaque ann\u00e9e par l\u2019Assembl\u00e9e G\u00e9n\u00e9rale des membres et elle est acquise apr\u00e8s agr\u00e9ment du conseil d\u2019administration<\/p>\n<h3><span style=\"color: #00519e;\">En <a href=\"https:\/\/www.planete-sciences.org\/mediterranee\/adhesion-individuelle-2\/\" target=\"_blank\" rel=\"noopener\">devenant membre<\/a> vous aurez acc\u00e8s \u00e0 :<\/span><\/h3>\n<ul>\n<li>&nbsp;<\/li>\n<li><strong>Une information privil\u00e9gi\u00e9e<\/strong> cibl\u00e9e via les rencontres, Internet, des documents divers sur les actualit\u00e9s, la vie de l\u2019association, les offres d\u2019emploi et l\u2019actualit\u00e9 li\u00e9e \u00e0 l\u2019objet de l\u2019association.<\/li>\n<li>&nbsp;<\/li>\n<li><strong>Des activit\u00e9s&nbsp;:<\/strong> groupes de travail, actions d\u2019animation, de formation et de s\u00e9jours, encadr\u00e9es par des professionnels qualifi\u00e9s et comp\u00e9tents.<\/li>\n<li>&nbsp;<\/li>\n<li><strong>Du mat\u00e9riel de pointe<\/strong> scientifique, technique, didactique et bureautique.<\/li>\n<li>&nbsp;<\/li>\n<li><strong>Un appui administratif et technique&nbsp;<\/strong>pour concevoir, r\u00e9aliser et valoriser des projets de culture et d\u2019\u00e9ducation scientifique, technique et environnementale.<\/li>\n<li>&nbsp;<\/li>\n<li><strong>Des partenaires et des r\u00e9seaux&nbsp;<\/strong>locaux, r\u00e9gionaux, nationaux, internationaux d\u2019acteurs vari\u00e9s, publics et priv\u00e9s, qui s\u2019impliquent dans l\u2019\u00e9ducation scientifique, technique et au d\u00e9veloppement durable.<\/li>\n<li>&nbsp;<\/li>\n<li><strong>L\u2019ensemble des instances de gouvernance<\/strong> de l\u2019association (assembl\u00e9e g\u00e9n\u00e9rale, conseil d\u2019administration).<\/li>\n<li>&nbsp;<\/li>\n<li><strong>Une assurance responsabilit\u00e9 civile&nbsp;<\/strong>dans le cadre des activit\u00e9s propos\u00e9es par l\u2019association.<\/li>\n<\/ul>\n<h3><span style=\"color: #00519e;\"><strong>Devenir b\u00e9n\u00e9vole de l&rsquo;association<\/strong><\/span><\/h3>\n<p><span style=\"color: #cc4e95;\"><strong>Etre membre c&rsquo;est aussi la possibilit\u00e9 de donner de son temps aux autres et <\/strong><strong>s\u2019investir activement dans la vie de l&rsquo;association \u00e0 travers :<\/strong><\/span><\/p>\n<ul>\n<li><strong>Les groupes de travail<\/strong>&nbsp;(Nature, Energie, Espace et Astronomie, S\u00e9jours de vacances, Formations, Actions grassoises, Antennes territoriales du Var et des Bouches-du-Rh\u00f4ne).&nbsp;Compos\u00e9s de b\u00e9n\u00e9voles, soutenus par l\u2019\u00e9quipe de Plan\u00e8te Sciences M\u00e9diterran\u00e9e, ils constituent des organes de r\u00e9flexions et de propositions, pour accompagner l&rsquo;\u00e9volution des activit\u00e9s<\/li>\n<\/ul>\n<ul>\n<li><strong>Le conseil d&rsquo;administration<\/strong> : tout membre est \u00e9ligible en Assembl\u00e9e G\u00e9n\u00e9rale.<\/li>\n<li><strong>Les activit\u00e9s du r\u00e9seau <\/strong><strong>Plan\u00e8te Sciences<\/strong><\/li>\n<\/ul>\n<p>(chaque membre de Plan\u00e8te Sciences M\u00e9diterran\u00e9e est aussi membre de Plan\u00e8te Sciences).<\/p>\n<p><span style=\"color: #cc4e95;\"><strong><em>Bon \u00e0 savoir&nbsp;: <\/em><\/strong><em>l\u2019adh\u00e9sion est automatique quand vous participez \u00e0 nos activit\u00e9s (formations, s\u00e9jours de vacances, centre de loisirs). Les mineurs doivent \u00eatre repr\u00e9sent\u00e9s par un tuteur l\u00e9gal.<\/em><\/span><\/p>\n","protected":false},"excerpt":{"rendered":"<p>Vous aimez les sciences, les techniques et l\u2019environnement et souhaitez partager, \u00e9changer vos connaissances avec des personnes tout autant passionn\u00e9es que vous dans une ambiance conviviale, alors n\u2019h\u00e9sitez plus, rejoignez nous&nbsp;! T\u00e9l\u00e9charger le bulletin d&rsquo;adh\u00e9sion Adh\u00e9rer en ligne Pourquoi adh\u00e9rer \u00e0 Plan\u00e8te Sciences M\u00e9diterran\u00e9e ? Le sens d\u2019une adh\u00e9sion repose sur un engagement, qu\u2019il soit [&hellip;]<\/p>\n","protected":false},"author":1,"featured_media":0,"parent":0,"menu_order":0,"comment_status":"closed","ping_status":"open","template":"","meta":{"_acf_changed":false,"ngg_post_thumbnail":0,"footnotes":""},"class_list":["post-48","page","type-page","status-publish","hentry"],"acf":[],"_links":{"self":[{"href":"https:\/\/www.planete-sciences.org\/mediterranee\/wp-json\/wp\/v2\/pages\/48","targetHints":{"allow":["GET"]}}],"collection":[{"href":"https:\/\/www.planete-sciences.org\/mediterranee\/wp-json\/wp\/v2\/pages"}],"about":[{"href":"https:\/\/www.planete-sciences.org\/mediterranee\/wp-json\/wp\/v2\/types\/page"}],"author":[{"embeddable":true,"href":"https:\/\/www.planete-sciences.org\/mediterranee\/wp-json\/wp\/v2\/users\/1"}],"replies":[{"embeddable":true,"href":"https:\/\/www.planete-sciences.org\/mediterranee\/wp-json\/wp\/v2\/comments?post=48"}],"version-history":[{"count":15,"href":"https:\/\/www.planete-sciences.org\/mediterranee\/wp-json\/wp\/v2\/pages\/48\/revisions"}],"predecessor-version":[{"id":5599,"href":"https:\/\/www.planete-sciences.org\/mediterranee\/wp-json\/wp\/v2\/pages\/48\/revisions\/5599"}],"wp:attachment":[{"href":"https:\/\/www.planete-sciences.org\/mediterranee\/wp-json\/wp\/v2\/media?parent=48"}],"curies":[{"name":"wp","href":"https:\/\/api.w.org\/{rel}","templated":true}]}}