{"id":3285,"date":"2016-06-09T09:05:53","date_gmt":"2016-06-09T08:05:53","guid":{"rendered":"http:\/\/www.planete-sciences.org\/mediterranee\/?page_id=3285"},"modified":"2016-06-09T09:05:53","modified_gmt":"2016-06-09T08:05:53","slug":"revue-de-presse-2015","status":"publish","type":"page","link":"https:\/\/www.planete-sciences.org\/mediterranee\/la-presse-en-parle\/revue-de-presse-2015\/","title":{"rendered":"Revue de presse 2015"},"content":{"rendered":"<h3><span style=\"color: #cc4e95;\">D\u00e9cembre 2015<\/span><\/h3>\n<hr \/>\n<p><strong><span style=\"color: #019cdf;\">Robotique :<\/span><a href=\"https:\/\/www.planete-sciences.org\/mediterranee\/wp-content\/uploads\/2014\/06\/La-Provence-23-d\u00e9cembre-2015.jpg\" class=\"mtli_attachment mtli_jpg\" target=\"_blank\"> Ca bouge \u00e0 la maison de quartier<\/a>\u00a0<\/strong><br \/>\n<span style=\"color: #c99dbf;\">La Provence ed. Istres\/Martigues du 23 d\u00e9cembre 2015<\/span><\/p>\n<hr \/>\n<h3><span style=\"color: #cc4e95;\">Novembre 2015<\/span><\/h3>\n<hr \/>\n<p><span style=\"color: #019cdf;\"><strong>Environnement : <\/strong><\/span><span style=\"color: #00519e;\"><a style=\"color: #00519e;\" href=\"https:\/\/www.planete-sciences.org\/mediterranee\/wp-content\/uploads\/2015\/11\/Article-du-2-nov-2015-NM.jpg\" class=\"mtli_attachment mtli_jpg\" target=\"_blank\"><strong>Plan\u00e8te Sciences M\u00e9diterran\u00e9e lance \u00ab\u00a0l&rsquo;appel de la cabane\u00a0\u00bb<\/strong> <\/a><\/span><br \/>\n<span style=\"color: #c99dbf;\">Nice Matin du 2 novembre 2015<\/span><\/p>\n<hr \/>\n<h3><span style=\"color: #cc4e95;\">Octobre 2015<\/span><\/h3>\n<hr \/>\n<p><strong><span style=\"color: #019cdf;\">Chantier de jeunes :<\/span> <a href=\"https:\/\/www.planete-sciences.org\/mediterranee\/wp-content\/uploads\/2014\/06\/chantier-de-jeunes-Lettre-du-Maire-Chateauneuf-octobre-2015.jpg\" class=\"mtli_attachment mtli_jpg\" target=\"_blank\"><span style=\"color: #00519e;\">Cr\u00e9ation des jardins partag\u00e9s<\/span><\/a><\/strong><br \/>\n<span style=\"color: #c99dbf;\">La lettre du Maire Ch\u00e2teauneuf octobre 2015<\/span><\/p>\n<p><strong><span style=\"color: #019cdf;\">Science :<\/span> <span style=\"color: #00519e;\"><a style=\"color: #00519e;\" href=\"https:\/\/www.planete-sciences.org\/mediterranee\/wp-content\/uploads\/2014\/06\/NM-du-10-octobre-2015-F\u00eate-de-la-science.jpg\" class=\"mtli_attachment mtli_jpg\" target=\"_blank\">Valrose ram\u00e8ne sa science\u00a0<\/a>\u00a0<\/span><br \/>\n<\/strong><span style=\"color: #c99dbf;\">Nice Matin du 10 octobre 2015<\/span><\/p>\n<p><strong><span style=\"color: #019cdf;\">Science :\u00a0<span style=\"color: #00519e;\"><a style=\"color: #00519e;\" href=\"https:\/\/www.planete-sciences.org\/mediterranee\/wp-content\/uploads\/2014\/06\/Kiosque-octobre-2016-F\u00eate-de-la-Science.pdf\" class=\"mtli_attachment mtli_pdf\" target=\"_blank\">F\u00eate de la Science \u00e0 l&rsquo;Espace Jardin\u00e9 de Roquevignon\u00a0<\/a><\/span><\/span><\/strong><br \/>\n<span style=\"color: #c99dbf;\">Kiosque de Grasse octobre 2015<\/span><\/p>\n<p><strong><span style=\"color: #019cdf;\">Formation :<\/span> <span style=\"color: #00519e;\"><a style=\"color: #00519e;\" href=\"https:\/\/www.planete-sciences.org\/mediterranee\/wp-content\/uploads\/2014\/06\/NM-du-6-octobre-2015-BPJEPS.jpg\" class=\"mtli_attachment mtli_jpg\" target=\"_blank\">Plan\u00e8te Sciences M\u00e9diterran\u00e9e : fin d&rsquo;ann\u00e9e pour les animateurs<\/a><br \/>\n<\/span><\/strong><span style=\"color: #00519e;\"><span style=\"color: #c99dbf;\">Nice Matin du 6 octobre 2015<\/span><\/span><\/p>\n<hr \/>\n<h3><span style=\"color: #cc4e95;\">Septembre 2015<\/span><\/h3>\n<hr \/>\n<p><strong><span style=\"color: #019cdf;\">Environnement :<\/span> <span style=\"color: #00519e;\"><a href=\"https:\/\/www.planete-sciences.org\/mediterranee\/wp-content\/uploads\/2014\/06\/NM-du-14-septembre-2015-Sauvages-de-ma-rue.pdf\" class=\"mtli_attachment mtli_pdf\" target=\"_blank\">A la d\u00e9couverte des plantes cach\u00e9es en ville<\/a><\/span><\/strong><br \/>\n<span style=\"color: #c99dbf;\">Nice Matin du 14 septembre 2015<\/span><\/p>\n<hr \/>\n<h3><span style=\"color: #cc4e95;\">Aout 2015<\/span><\/h3>\n<hr \/>\n<p><strong><span style=\"color: #019cdf;\">S\u00e9jours de vacances :<\/span> <a href=\"https:\/\/www.youtube.com\/watch?v=BWzTwZPZuIk&amp;feature=youtu.be\" target=\"_blank\">La Nuit des Etoiles \u00e0 La chapelle en Vagaudemar<\/a><\/strong><br \/>\n<span style=\"color: #c99dbf;\">Reportage M6 du 8 ao\u00fbt 2015<\/span><\/p>\n<hr \/>\n<h3><span style=\"color: #cc4e95;\">Juillet 2015<\/span><\/h3>\n<hr \/>\n<p><strong><span style=\"color: #019cdf;\">Chantier de jeunes :<\/span> \u00a0<a href=\"https:\/\/www.planete-sciences.org\/mediterranee\/wp-content\/uploads\/2014\/06\/Chantier-de-jeunes-Lettre-du-Maire-Chateauneuf-juillet-2015.jpg\" class=\"mtli_attachment mtli_jpg\" target=\"_blank\"><span style=\"color: #00519e;\">Cr\u00e9ation de jardins familiaux<\/span><\/a><\/strong><br \/>\n<span style=\"color: #c99dbf;\">La lettre du Maire Ch\u00e2teauneuf juillet 2015<\/span><\/p>\n<p><span style=\"color: #019cdf;\"><strong>Chantier de jeunes : <\/strong><\/span><span style=\"color: #00519e;\"><a style=\"color: #00519e;\" href=\"https:\/\/www.planete-sciences.org\/mediterranee\/wp-content\/uploads\/2014\/06\/Article-Pays-des-Alpes-Maritimes-chantier-de-Vence.jpg\" class=\"mtli_attachment mtli_jpg\" target=\"_blank\"><strong>Des vacances \u00e9co-citoyennes<\/strong> <\/a><\/span><br \/>\n<span style=\"color: #c99dbf;\">Pays des Alpes-Maritimes juillet 2015<\/span><\/p>\n<p><strong><span style=\"color: #019cdf;\">Formation :<\/span><span style=\"color: #00519e;\"><a style=\"color: #00519e;\" href=\"https:\/\/www.planete-sciences.org\/mediterranee\/wp-content\/uploads\/2014\/06\/Article-Fruit-de-Graine-\u00e9t\u00e9-2015-BPEEDD.jpg\" class=\"mtli_attachment mtli_jpg\" target=\"_blank\"> BPJEPS Education \u00e0 l&rsquo;environnement vers un d\u00e9veloppement durable<\/a>\u00a0<\/span><\/strong><br \/>\n<span style=\"color: #c99dbf;\">Fruit de Graine \u00e9t\u00e9 2015<\/span><\/p>\n<p><strong><span style=\"color: #019cdf;\">Chantiers de jeunes :<\/span> <a href=\"https:\/\/www.planete-sciences.org\/mediterranee\/wp-content\/uploads\/2014\/06\/NM-du-16-juillet-2015-Chantier-Vence.pdf\" class=\"mtli_attachment mtli_pdf\" target=\"_blank\">Le chemin d\u2019acc\u00e8s \u00e0 la Lubiane fait peau neuve<\/a><br \/>\n<\/strong><span style=\"color: #c99dbf; line-height: 1.714285714; font-size: 1rem;\">Nice Matin du 16 juillet 2015<\/span><\/p>\n<p><span style=\"color: #019cdf;\"><strong>Chantiers de jeunes :<\/strong><\/span> <strong><a href=\"http:\/\/www.nice-premium.com\/actualite,42\/local,5\/des-adolescents-restaurent-le-patrimoine-vencois,17155.html\" target=\"_blank\">Des adolescents restaurent le patrimoine ven\u00e7ois<br \/>\n<\/a><\/strong><span style=\"color: #c99dbf;\">Nice Premium du 16 juillet 2015<\/span><\/p>\n<hr \/>\n<h3><span style=\"color: #cc4e95;\">Juin 2015<\/span><\/h3>\n<hr \/>\n<p><strong><span style=\"color: #019cdf;\">Environnement :<\/span> <span style=\"color: #00519e;\"><a style=\"color: #00519e;\" href=\"https:\/\/www.planete-sciences.org\/mediterranee\/wp-content\/uploads\/2014\/06\/Var-Matin-du-24-juin-Solli\u00e8s-Toucas.jpg\" class=\"mtli_attachment mtli_jpg\" target=\"_blank\">Les \u00e9coliers en voyage environnemental<\/a><br \/>\n<\/span><\/strong><span style=\"color: #c99dbf; line-height: 1.714285714; font-size: 1rem;\">Var Matin du 24 juin 2015<\/span><\/p>\n<p><strong><span style=\"color: #019cdf;\">Espace :<\/span> <span style=\"color: #00519e;\"><a style=\"color: #00519e;\" href=\"https:\/\/www.planete-sciences.org\/mediterranee\/wp-content\/uploads\/2014\/06\/La-Provence-Lacher-de-ballons-Digne-du-16-juin-2015.pdf\" class=\"mtli_attachment mtli_pdf\" target=\"_blank\">Une nacelle a d\u00e9coll\u00e9 du coll\u00e8ge Maria-Borr\u00e9ly<\/a><br \/>\n<\/span><\/strong><span style=\"color: #c99dbf;\">La Provence du 16 juin 2015<\/span><\/p>\n<p><strong><span style=\"color: #019cdf;\">Energie : <\/span><span style=\"color: #00519e;\"><a href=\"https:\/\/www.planete-sciences.org\/mediterranee\/wp-content\/uploads\/2014\/06\/NM-FAEP-du-9-mai-2015.jpg\" class=\"mtli_attachment mtli_jpg\" target=\"_blank\">Economies d&rsquo;\u00e9nergie : les Mouansois au top<\/a><br \/>\n<\/span><\/strong><span style=\"color: #c99dbf; line-height: 1.714285714; font-size: 1rem;\">Nice Matin du 9 juin 2015<\/span><\/p>\n<p><strong><span style=\"color: #019cdf;\">Changement climatique :<\/span> <a href=\"http:\/\/www.sudradio.fr\/Actualite\/Le-reportage-du-jour\/Quelles-solutions-pour-limiter-les-gaz-a-effet-de-serre\" target=\"_blank\"><span style=\"color: #00519e;\">Quelles solutions pour limiter les gaz \u00e0 effet de serre ?<\/span><\/a><\/strong><br \/>\n<span style=\"color: #c99dbf;\">Sud Radio du 5 juin 2015<\/span><\/p>\n<p><strong><span style=\"color: #019cdf;\">Animations scolaires :<\/span> <span style=\"color: #00519e;\"><a style=\"color: #00519e;\" href=\"https:\/\/www.planete-sciences.org\/mediterranee\/wp-content\/uploads\/2014\/06\/Semaine-DD-DREAL-PACA-4-juin-2015.jpg\" class=\"mtli_attachment mtli_jpg\" target=\"_blank\">La semaine europ\u00e9enne du d\u00e9veloppement durable se poursuit pour les enfants<\/a><\/span><\/strong><br \/>\n<span style=\"color: #c99dbf;\">DREAL PACA du 4 juin 2015<\/span><\/p>\n<hr \/>\n<h3><span style=\"color: #cc4e95;\">Mai 2015<\/span><\/h3>\n<hr \/>\n<p><strong><span style=\"color: #019cdf;\">Espace :<\/span> <span style=\"color: #00519e;\"><a style=\"color: #00519e;\" href=\"https:\/\/www.planete-sciences.org\/mediterranee\/wp-content\/uploads\/2014\/06\/NM-ed-Brignoles-du-29-mai-2015-Festciels.jpg\" class=\"mtli_attachment mtli_jpg\" target=\"_blank\">L\u00e2chers de ballons pour scientifiques en herbe au Luc<\/a><\/span><\/strong><br \/>\n<span style=\"color: #c99dbf;\">Nice Matin ed. Brignoles du 29 mai 2015\u00a0<\/span><\/p>\n<p><strong><span style=\"color: #019cdf;\">Energies renouvelables :<\/span> <a href=\"https:\/\/www.planete-sciences.org\/mediterranee\/wp-content\/uploads\/2014\/06\/NM-Antibes-du-23-mai-2015-\u00e9cole-Guynemer.jpg\" class=\"mtli_attachment mtli_jpg\" target=\"_blank\">Les \u00e9l\u00e8ves de Guynemer branch\u00e9s sur l&rsquo;\u00e9lectricit\u00e9 et les \u00e9nergies<\/a><br \/>\n<\/strong><span style=\"color: #c99dbf;\">Nice Matin ed. Antibes du 23 mai 2015<\/span><\/p>\n<p><span style=\"color: #019cdf;\"><strong>Formations : <\/strong><\/span><span style=\"color: #00519e;\"><strong><a href=\"https:\/\/www.planete-sciences.org\/mediterranee\/wp-content\/uploads\/2014\/06\/Kiosque-mai-2015-formations-BAFA.pdf\" class=\"mtli_attachment mtli_pdf\" target=\"_blank\">Sciences, techniques, environnement des formations pour tous<\/a><br \/>\n<\/strong><\/span><span style=\"color: #c99dbf;\">Kiosque de Grasse mai 2015<\/span><\/p>\n<p><strong><span style=\"color: #019cdf;\">Programme MEDITES :<\/span> <span style=\"color: #00519e;\"><a style=\"color: #00519e;\" href=\"https:\/\/www.planete-sciences.org\/mediterranee\/wp-content\/uploads\/2014\/06\/Pays-des-Alpes-Maritimes-mai-2015-Programme-MEDITES.jpg\" class=\"mtli_attachment mtli_jpg\" target=\"_blank\">Changement climatique. Travaux pratiques pour des coll\u00e9giens<\/a><br \/>\n<\/span><\/strong><span style=\"color: #c99dbf;\">Le Pays des Alpes-Maritimes mai 2015<\/span><\/p>\n<hr \/>\n<h3><span style=\"color: #cc4e95;\">Avril 2015<\/span><\/h3>\n<hr \/>\n<p><strong><span style=\"color: #019cdf;\">Formation : <span style=\"color: #00519e;\"><a style=\"color: #00519e;\" href=\"https:\/\/www.planete-sciences.org\/mediterranee\/wp-content\/uploads\/2014\/06\/Formation-BAFA-Pays-des-Alpes-Maritimes-avril-2015.pdf\" class=\"mtli_attachment mtli_pdf\" target=\"_blank\">Formation au BAFA<\/a><br \/>\n<\/span><\/span><\/strong><span style=\"color: #019cdf;\"><span style=\"color: #00519e;\"><span style=\"color: #c99dbf;\">Pays des Alpes-Maritimes avril 2015<\/span><\/span><\/span><\/p>\n<p><strong><span style=\"color: #019cdf;\">Energie :<\/span> <span style=\"color: #00519e;\"><a style=\"color: #00519e;\" href=\"https:\/\/www.planete-sciences.org\/mediterranee\/wp-content\/uploads\/2014\/06\/Haute-Provence-du-30-avril-2015-Les-d\u00e9fis-solaires.jpg\" class=\"mtli_attachment mtli_jpg\" target=\"_blank\">Plusieurs lyc\u00e9ens ont planch\u00e9 sur les d\u00e9fis solaires m\u00e9diterran\u00e9ens<\/a><\/span><\/strong><br \/>\n<span style=\"color: #c99dbf;\">Haute Provence du 30 avril 2015<\/span><\/p>\n<p><strong><span style=\"color: #019cdf;\">Energie :<\/span> <a href=\"https:\/\/www.planete-sciences.org\/mediterranee\/wp-content\/uploads\/2014\/06\/La-Provence-du-23-avril-2015-D\u00e9fis-solaires.pdf\" class=\"mtli_attachment mtli_pdf\" target=\"_blank\"><span style=\"color: #00519e;\">Les \u00e9l\u00e8ves des Iscles sont tomb\u00e9s dans le panneau solaire<\/span><\/a><\/strong><br \/>\n<span style=\"color: #c99dbf;\">La Provence le 23 avril 2015<\/span><\/p>\n<p><strong><span style=\"color: #019cdf;\">Energie :<\/span><span style=\"color: #00519e;\"> <a style=\"color: #00519e;\" href=\"https:\/\/www.planete-sciences.org\/mediterranee\/wp-content\/uploads\/2014\/06\/La-Provence-du-21-avril-2015-D\u00e9fis-Solaires.pdf\" class=\"mtli_attachment mtli_pdf\" target=\"_blank\">Les D\u00e9fis solaires sous le soleil des Iscles<\/a><\/span><\/strong><br \/>\n<span style=\"color: #c99dbf;\">La Provence le 21 avril 2015<\/span><\/p>\n<p><strong><span style=\"color: #019cdf;\">Programme MEDITES :<\/span> <span style=\"color: #00519e;\"><a style=\"color: #00519e;\" href=\"https:\/\/www.planete-sciences.org\/mediterranee\/wp-content\/uploads\/2014\/06\/NM-du-23-avril-2015-Programme-MEDITES.jpg\" class=\"mtli_attachment mtli_jpg\" target=\"_blank\">Les 5\u00e8me de Joseph Vernier s&rsquo;engagent dans l&rsquo;\u00e9cocitoyennet\u00e9<\/a><br \/>\n<\/span><\/strong><span style=\"color: #c99dbf;\">Nice Matin du 23 avril 2015<\/span><\/p>\n<p><strong><span style=\"color: #019cdf;\">Environnement :<\/span> <a href=\"https:\/\/www.planete-sciences.org\/mediterranee\/wp-content\/uploads\/2014\/06\/NM-du-23-avril-2015-La-Brague-\u00e0-la-loupe.jpg\" class=\"mtli_attachment mtli_jpg\" target=\"_blank\">Les\u00a0\u00e9coliers ont pass\u00e9 la Brague \u00e0 la loupe !<\/a><br \/>\n<\/strong><span style=\"color: #c99dbf;\">Nice Matin du 23 avril 2015<\/span><\/p>\n<p><strong><span style=\"color: #019cdf;\">Assembl\u00e9e g\u00e9n\u00e9rale :<\/span> <span style=\"color: #00519e;\"><a style=\"color: #00519e;\" href=\"https:\/\/www.planete-sciences.org\/mediterranee\/wp-content\/uploads\/2014\/06\/NM-du-19-avril-2015-AG-PSM.jpg\" class=\"mtli_attachment mtli_jpg\" target=\"_blank\">Plan\u00e8te Sciences M\u00e9diterran\u00e9e pr\u00e9pare l&rsquo;\u00e9t\u00e9<\/a><\/span><\/strong><br \/>\n<span style=\"color: #c99dbf;\">Nice Matin du 19 avril 2015<\/span><\/p>\n<hr \/>\n<h3><span style=\"color: #cc4e95;\">Mars 2015<\/span><\/h3>\n<hr \/>\n<p><strong><span style=\"color: #019cdf;\">Astronomie :<\/span> <span style=\"color: #00519e;\"><a style=\"color: #00519e;\" href=\"https:\/\/www.youtube.com\/watch?v=zQ6nQVsi3UU\" target=\"_blank\">L&rsquo;\u00e9clipse solaire<\/a><\/span><\/strong><br \/>\n<span style=\"color: #c99dbf;\">Reportage France 3 du 20 mars 2015<\/span><\/p>\n<p><strong><span style=\"color: #019cdf;\">Astronomie :<\/span> <span style=\"color: #00519e;\"><a style=\"color: #00519e;\" href=\"https:\/\/www.planete-sciences.org\/mediterranee\/wp-content\/uploads\/2014\/06\/Eclipse-le-mouansoismars15.pdf\" class=\"mtli_attachment mtli_pdf\" target=\"_blank\">Eclipse solaire du 20 mars\u00a0<\/a><\/span><\/strong><br \/>\n<span style=\"color: #c99dbf;\">Le Mouansois mars 2015<\/span><\/p>\n<p><strong><span style=\"color: #019cdf;\">Astronomie :<\/span><a href=\"https:\/\/www.planete-sciences.org\/mediterranee\/wp-content\/uploads\/2014\/06\/Kiosque-Grasse-mars-2015-Eclipse-solaire.pdf\" class=\"mtli_attachment mtli_pdf\" target=\"_blank\"><span style=\"color: #00519e;\"> Une \u00e9clipse solaire<\/span><\/a><\/strong><br \/>\n<span style=\"color: #c99dbf;\">Kiosque Grasse mars 2015<\/span><\/p>\n<p><strong><span style=\"color: #019cdf;\">Formations :<\/span> <a href=\"https:\/\/www.planete-sciences.org\/mediterranee\/wp-content\/uploads\/2014\/06\/Kiosque-Grasse-mars-2015-formations-PSM.pdf\" class=\"mtli_attachment mtli_pdf\" target=\"_blank\"><span style=\"color: #00519e;\">Sciences &#8211; techniques &#8211; environnement, des formations ouvertes \u00e0 tous<\/span><\/a><br \/>\n<\/strong><span style=\"color: #c99dbf;\">Kiosque Grasse mars 2015<\/span><\/p>\n<hr \/>\n<h3><span style=\"color: #cc4e95;\">F\u00e9vrier 2015<\/span><\/h3>\n<hr \/>\n<p><span style=\"color: #019cdf;\"><strong>Centre de loisirs :<\/strong> <\/span><span style=\"color: #00519e;\"><strong><a href=\"https:\/\/www.planete-sciences.org\/mediterranee\/wp-content\/uploads\/2014\/06\/NM-du-25-f\u00e9vrier-2015-ALSH.pdf\" class=\"mtli_attachment mtli_pdf\" target=\"_blank\">Sous le signe du carnaval avec Plan\u00e8te Sciences M\u00e9diterran\u00e9e<\/a><br \/>\n<\/strong><span style=\"color: #c99dbf;\">Nice Matin du 25 f\u00e9vrier 2015<\/span><\/span><\/p>\n<p><strong><span style=\"color: #019cdf;\">Ecole des oiseaux :<\/span><a href=\"https:\/\/www.planete-sciences.org\/mediterranee\/wp-content\/uploads\/2014\/06\/Article-oiseau-2015-Var-Matin-21-f\u00e9vrier-2015.jpg\" class=\"mtli_attachment mtli_jpg\" target=\"_blank\"> <span style=\"color: #00519e;\">Le\u00e7on de choses sur l&rsquo;environnement \u00e0 la Vernette<\/span><\/a><\/strong><br \/>\n<span style=\"color: #c99dbf;\">Var Matin du 21 f\u00e9vrier 2015<\/span><\/p>\n<p><strong><span style=\"color: #019cdf;\">Formation jardin :<\/span> <a href=\"https:\/\/www.planete-sciences.org\/mediterranee\/wp-content\/uploads\/2014\/06\/NM-Grasse-lancement-formations-jardins-13-02-15.pdf\" class=\"mtli_attachment mtli_pdf\" target=\"_blank\"><span style=\"color: #00519e;\">Cultiver son jardin sans terrain c&rsquo;est possible<\/span><\/a><\/strong><br \/>\n<span style=\"color: #c99dbf;\">Nice Matin du 13 f\u00e9vrier 2015<\/span><\/p>\n<p><strong><span style=\"color: #019cdf;\">Formation :<\/span><span style=\"color: #00519e;\"><a style=\"color: #00519e;\" href=\"https:\/\/www.planete-sciences.org\/mediterranee\/wp-content\/uploads\/2014\/06\/NM-Formation-BPJEPS-module-for\u00eat-du-6-f\u00e9vrier-2015.jpg\" class=\"mtli_attachment mtli_jpg\" target=\"_blank\"> Les animateurs de demain se forment \u00e0 Roquevignon<\/a><\/span><\/strong><br \/>\n<span style=\"color: #c99dbf;\">Nice Matin du 6 f\u00e9vrier 2015<\/span><\/p>\n<hr \/>\n<h3><span style=\"color: #cc4e95;\">Janvier 2015<\/span><\/h3>\n<hr \/>\n<p><strong><span style=\"color: #019cdf;\">Formation :<\/span><span style=\"color: #00519e;\"><a style=\"color: #00519e;\" href=\"https:\/\/www.planete-sciences.org\/mediterranee\/wp-content\/uploads\/2014\/06\/NM-du-26-janvier-2015-formation-sciences-et-enviro.pdf\" class=\"mtli_attachment mtli_pdf\" target=\"_blank\"> Et si on se formait aux sciences, techniques et \u00e0 l&rsquo;environnement\u00a0<\/a>?<\/span><\/strong><br \/>\n<span style=\"color: #c99dbf;\">Nice Matin du 26 janvier 2015<\/span><\/p>\n<p><strong><span style=\"color: #019cdf;\">Formation :<\/span> <span style=\"color: #00519e;\"><a style=\"color: #00519e;\" href=\"https:\/\/www.planete-sciences.org\/mediterranee\/wp-content\/uploads\/2014\/06\/Fruit-de-GRAINE-n\u00b062-janvier-2015.pdf\" class=\"mtli_attachment mtli_pdf\" target=\"_blank\">Les animateurs, partenaires incontournables de la r\u00e9forme des rythmes scolaires<\/a><\/span><\/strong><br \/>\n<span style=\"color: #c99dbf;\">Fruit de Graine n\u00b062 janvier 2015<\/span><\/p>\n","protected":false},"excerpt":{"rendered":"<p>D\u00e9cembre 2015 Robotique : Ca bouge \u00e0 la maison de quartier\u00a0 La Provence ed. Istres\/Martigues du 23 d\u00e9cembre 2015 Novembre 2015 Environnement : Plan\u00e8te Sciences M\u00e9diterran\u00e9e lance \u00ab\u00a0l&rsquo;appel de la cabane\u00a0\u00bb Nice Matin du 2 novembre 2015 Octobre 2015 Chantier de jeunes : Cr\u00e9ation des jardins partag\u00e9s La lettre du Maire Ch\u00e2teauneuf octobre 2015 Science [&hellip;]<\/p>\n","protected":false},"author":1,"featured_media":0,"parent":96,"menu_order":0,"comment_status":"closed","ping_status":"closed","template":"","meta":{"_acf_changed":false,"ngg_post_thumbnail":0,"footnotes":""},"class_list":["post-3285","page","type-page","status-publish","hentry"],"acf":[],"_links":{"self":[{"href":"https:\/\/www.planete-sciences.org\/mediterranee\/wp-json\/wp\/v2\/pages\/3285","targetHints":{"allow":["GET"]}}],"collection":[{"href":"https:\/\/www.planete-sciences.org\/mediterranee\/wp-json\/wp\/v2\/pages"}],"about":[{"href":"https:\/\/www.planete-sciences.org\/mediterranee\/wp-json\/wp\/v2\/types\/page"}],"author":[{"embeddable":true,"href":"https:\/\/www.planete-sciences.org\/mediterranee\/wp-json\/wp\/v2\/users\/1"}],"replies":[{"embeddable":true,"href":"https:\/\/www.planete-sciences.org\/mediterranee\/wp-json\/wp\/v2\/comments?post=3285"}],"version-history":[{"count":1,"href":"https:\/\/www.planete-sciences.org\/mediterranee\/wp-json\/wp\/v2\/pages\/3285\/revisions"}],"predecessor-version":[{"id":3286,"href":"https:\/\/www.planete-sciences.org\/mediterranee\/wp-json\/wp\/v2\/pages\/3285\/revisions\/3286"}],"up":[{"embeddable":true,"href":"https:\/\/www.planete-sciences.org\/mediterranee\/wp-json\/wp\/v2\/pages\/96"}],"wp:attachment":[{"href":"https:\/\/www.planete-sciences.org\/mediterranee\/wp-json\/wp\/v2\/media?parent=3285"}],"curies":[{"name":"wp","href":"https:\/\/api.w.org\/{rel}","templated":true}]}}