{"id":2516,"date":"2015-07-17T10:12:27","date_gmt":"2015-07-17T09:12:27","guid":{"rendered":"http:\/\/www.planete-sciences.org\/mediterranee\/?page_id=2516"},"modified":"2015-07-17T10:12:27","modified_gmt":"2015-07-17T09:12:27","slug":"revue-de-presse-2014","status":"publish","type":"page","link":"https:\/\/www.planete-sciences.org\/mediterranee\/la-presse-en-parle\/revue-de-presse-2014\/","title":{"rendered":"Revue de presse 2014"},"content":{"rendered":"<h3><span style=\"color: #cc4e95;\">D\u00e9cembre 2014<br \/>\n<\/span><\/h3>\n<hr \/>\n<p><strong><span style=\"color: #019cdf;\">Refuge \u00e0 insectes :<\/span> <a href=\"https:\/\/www.planete-sciences.org\/mediterranee\/wp-content\/uploads\/2014\/06\/Nice-matin-27-d\u00e9cembre-2014-Inauguration-refuges-\u00e0-insectes.jpg\" class=\"mtli_attachment mtli_jpg\" target=\"_blank\"><span style=\"color: #00519e;\">L&rsquo;h\u00f4tel \u00e0 insectes des \u00e9coliers a ouvert ses portes<\/span><\/a><\/strong><br \/>\n<span style=\"color: #c99dbf;\">Nice Matin ed. Grasse du 27 d\u00e9cembre 2014<\/span><\/p>\n<p><strong><span style=\"color: #019cdf;\">Refuge \u00e0 insectes :<\/span><a href=\"https:\/\/www.planete-sciences.org\/mediterranee\/wp-content\/uploads\/2014\/06\/h\u00f4tel-\u00e0-insectes.mp3\" class=\"mtli_attachment mtli_mp3\" target=\"_blank\"><span style=\"color: #00519e;\"> interview de Nicolas Prin (animateur Plan\u00e8te Sciences M\u00e9diterran\u00e9e)<\/span><\/a><\/strong><br \/>\n<span style=\"color: #c99dbf;\">Radio France Bleu Azur du 11 d\u00e9cembre 2014<\/span><\/p>\n<p><span style=\"color: #019cdf;\"><strong>S\u00e9minaire annuel de prospective de PSM :<\/strong><\/span> <a href=\"https:\/\/www.planete-sciences.org\/mediterranee\/wp-content\/uploads\/2014\/06\/Nice-Matin-du-8-d\u00e9cembre-2014-S\u00e9minaire-de-rentr\u00e9e.pdf\" class=\"mtli_attachment mtli_pdf\" target=\"_blank\"><span style=\"color: #00519e;\"><strong>L&rsquo;\u00e9quipe de Plan\u00e8te Sciences M\u00e9diterran\u00e9e en s\u00e9minaire annuel<\/strong><\/span><\/a><br \/>\n<span style=\"color: #c99dbf;\">Nice Matin du 8 d\u00e9cembre 2014<\/span><\/p>\n<hr \/>\n<h3><span style=\"color: #cc4e95;\">Octobre 2014<\/span><\/h3>\n<hr \/>\n<p><strong style=\"color: #019cdf;\">Programme Centre Ecoh\u00e9rent (83) : <a href=\"https:\/\/www.planete-sciences.org\/mediterranee\/wp-content\/uploads\/2014\/06\/Var-Matin-ACM-83-30-octobre-2014.jpg\" class=\"mtli_attachment mtli_jpg\" target=\"_blank\"><span style=\"color: #00519e;\">Les accueils de loisirs en plein d\u00e9veloppement durable<\/span><\/a><br \/>\n<\/strong><span style=\"color: #c99dbf;\">Var Matin du 30 octobre 2014<\/span><\/p>\n<p><strong style=\"color: #019cdf;\">Programme Centre Ecoh\u00e9rent (83) : <span style=\"color: #00519e;\"><a href=\"https:\/\/www.planete-sciences.org\/mediterranee\/wp-content\/uploads\/2014\/06\/La-Marseillaise-ACM-83-du-30-octobre-2014.jpg\" class=\"mtli_attachment mtli_jpg\" target=\"_blank\">Planter les graines du d\u00e9veloppement durable<\/a><br \/>\n<\/span><\/strong><span style=\"color: #c99dbf;\">La Marseillaise du 30 octobre 2014<\/span><\/p>\n<p><span style=\"color: #019cdf;\"><strong>Programme Centre Ecoh\u00e9rent (83) :<\/strong> <\/span><a href=\"https:\/\/www.planete-sciences.org\/mediterranee\/wp-content\/uploads\/2014\/06\/La-Marseillaise-Une-ACM-83-du-30-octobre-2014.jpg\" class=\"mtli_attachment mtli_jpg\" target=\"_blank\"><span style=\"color: #00519e;\"><strong>D\u00e9veloppement Durable, \u00e9closion de projets dans les centres de loisirs varois<\/strong><\/span><\/a><br \/>\n<span style=\"color: #c99dbf;\">Une La Marseillaise du 30 octobre 2014<\/span><\/p>\n<p><strong><span style=\"color: #019cdf;\">Centre de loisirs :<\/span> <a href=\"https:\/\/www.planete-sciences.org\/mediterranee\/wp-content\/uploads\/2014\/06\/NM-du-28-octobre-ALSH.jpg\" class=\"mtli_attachment mtli_jpg\" target=\"_blank\"><span style=\"color: #00519e;\">A Roquevignon, les enfants explorent la nature<\/span><\/a><\/strong><br \/>\n<span style=\"color: #c99dbf;\">Nice Matin du 28 octobre 2014<\/span><\/p>\n<p><strong><span style=\"color: #019cdf;\">Centre de loisirs : <\/span><a href=\"https:\/\/www.planete-sciences.org\/mediterranee\/wp-content\/uploads\/2014\/06\/ALSHNice-Matin-24-ocotobre-2014.jpg\" class=\"mtli_attachment mtli_jpg\" target=\"_blank\"><span style=\"color: #00519e;\">Centre de Roquevignon<\/span><\/a><\/strong><br \/>\n<span style=\"color: #c99dbf;\">Nice Matin du 24 octobre 2014<\/span><\/p>\n<p><strong><span style=\"color: #019cdf;\">Espace dans ma Ville :<\/span> <a href=\"https:\/\/www.planete-sciences.org\/mediterranee\/wp-content\/uploads\/2014\/06\/EMV-Bastia-Corse-info-du-20-octobre.pdf\" class=\"mtli_attachment mtli_pdf\" target=\"_blank\"><span style=\"color: #00519e;\">l&rsquo;Espace s&#8217;empare de la ville<\/span><\/a><\/strong><br \/>\n<span style=\"color: #c99dbf;\">Corse Infos du 20 octobre 2014<\/span><\/p>\n<p><strong><span style=\"color: #019cdf;\">Espace Info Energie :<\/span> <a href=\"https:\/\/www.planete-sciences.org\/mediterranee\/wp-content\/uploads\/2014\/06\/NM-du-14-oct-Visite-site-EIE.jpg\" class=\"mtli_attachment mtli_jpg\" target=\"_blank\"><span style=\"color: #00519e;\">Une maison plein de bon sens<\/span><\/a><\/strong><br \/>\n<span style=\"color: #c99dbf;\">Nice Matin du 14 octobre 2014<\/span><\/p>\n<p><strong><span style=\"color: #019cdf;\">Club Nature :<\/span> <a href=\"https:\/\/www.planete-sciences.org\/mediterranee\/wp-content\/uploads\/2014\/06\/Club-Nature-Journal-de-Valbonne-octobre-2015.jpg\" class=\"mtli_attachment mtli_jpg\" target=\"_blank\"><span style=\"color: #00519e;\">Ouverture du Club Nature de Valbonne<\/span><\/a><\/strong><br \/>\n<span style=\"color: #c99dbf;\">Journal de Valbonne octobre 2014<\/span><\/p>\n<p><strong><span style=\"color: #019cdf;\">Astronomie :<\/span><a href=\"https:\/\/www.planete-sciences.org\/mediterranee\/wp-content\/uploads\/2014\/06\/Soir\u00e9e-astro-kiosque-octobre.pdf\" class=\"mtli_attachment mtli_pdf\" target=\"_blank\"><span style=\"color: #00519e;\"> Soir\u00e9e Astro \u00ab\u00a0Astro vers tous\u00a0\u00bb<\/span><\/a><\/strong><br \/>\n<span style=\"color: #c99dbf;\">Kisoque de Grasse octobre 2014<\/span><\/p>\n<hr \/>\n<h3><span style=\"color: #cc4e95;\">Septembre 2014<\/span><\/h3>\n<hr \/>\n<p><strong><span style=\"color: #019cdf;\">Espace Info Energie :<\/span> <a href=\"https:\/\/www.planete-sciences.org\/mediterranee\/wp-content\/uploads\/2014\/06\/NM-du-30-09-14-EIE.png\" class=\"mtli_attachment mtli_png\" target=\"_blank\"><span style=\"color: #00519e;\">F\u00eate de l&rsquo;\u00e9nergie<\/span><\/a><\/strong><br \/>\n<span style=\"color: #cc4e95;\">Nice Matin du 30 septembre 2014<\/span><\/p>\n<p><strong><span style=\"color: #019cdf;\">Espace Info Energie :<\/span> <a href=\"https:\/\/www.planete-sciences.org\/mediterranee\/wp-content\/uploads\/2014\/06\/EIE-Kiosque-septembre.png\" class=\"mtli_attachment mtli_png\" target=\"_blank\"><span style=\"color: #00519e;\">Espace Info Energie de Grasse<\/span><\/a><\/strong><br \/>\n<span style=\"color: #cc4e95;\">Kiosque de Grasse septembre 2014<\/span><\/p>\n<p><strong><span style=\"color: #019cdf;\">Antenne du Var :<\/span> <a href=\"https:\/\/www.planete-sciences.org\/mediterranee\/wp-content\/uploads\/2014\/06\/Lattitude-mer-sept-2014.png\" class=\"mtli_attachment mtli_png\" target=\"_blank\"><span style=\"color: #00519e;\">Balades d\u00e9couvertes<\/span><\/a><\/strong><br \/>\n<span style=\"color: #cc4e95;\">L&rsquo;attitude Mer septembre 2014<\/span><\/p>\n<p><strong><span style=\"color: #019cdf;\">Espace Info Energie :<\/span> <span style=\"color: #00519e;\"><a href=\"https:\/\/www.planete-sciences.org\/mediterranee\/wp-content\/uploads\/2014\/06\/Article-FAEP-La-lettre-de-Med2000-sept.pdf\" class=\"mtli_attachment mtli_pdf\" target=\"_blank\">Famille \u00e0 Energie Positive<br \/>\n<\/a><\/span><\/strong><span style=\"color: #cc4e95;\">La lettre de Med2000 septembre 2014<\/span><\/p>\n<hr \/>\n<h3><span style=\"color: #cc4e95;\"><strong>Ao\u00fbt 2014<\/strong><\/span><\/h3>\n<hr \/>\n<p><span style=\"color: #00519e;\"><strong><span style=\"color: #019cdf;\">Chantiers Jeunes<\/span> :\u00a0<a href=\"https:\/\/www.planete-sciences.org\/mediterranee\/\/wp-content\/uploads\/2014\/06\/Journal-de-Valbonne-juillet.png\" class=\"mtli_attachment mtli_png\" target=\"_blank\">\u00ab\u00a0De jeunes volontaires entretiennent le patrimoine valbonnais\u00a0\u00bb<\/a><\/strong><\/span><br \/>\n<span style=\"color: #cc4e95;\">Le journal de Valbonne ao\u00fbt 2014<\/span><\/p>\n<hr \/>\n<h3><span style=\"color: #cc4e95;\"><strong>Juillet 2014<\/strong><\/span><\/h3>\n<hr \/>\n<p><span style=\"color: #00519e;\"><strong><span style=\"color: #019cdf;\">Astronomie :\u00a0<\/span><a href=\"https:\/\/www.planete-sciences.org\/mediterranee\/wp-content\/uploads\/2014\/06\/NM-du-30-juillet-2014-nuit-des-\u00e9toiles2.png\" class=\"mtli_attachment mtli_png\" target=\"_blank\">\u00ab\u00a0O\u00f9 aller pour observer le ciel avec les clubs?\u00a0\u00bb<\/a><\/strong><\/span><br \/>\n<span style=\"color: #cc4e95;\">Nice Matin du 30 juillet 2014<\/span><\/p>\n<p><span style=\"color: #00519e;\"><span style=\"color: #00519e;\"><strong><span style=\"color: #019cdf;\">Chantiers de jeunes :<\/span>\u00a0<a href=\"https:\/\/www.planete-sciences.org\/mediterranee\/\/wp-content\/uploads\/2014\/06\/NM-du-30-juillet-2014-chantier-VSA.png\" class=\"mtli_attachment mtli_png\" target=\"_blank\">\u00ab\u00a0Les futurs jardins familiaux irrigu\u00e9s gr\u00e2ce aux chantiers jeunes\u00a0\u00bb<\/a><\/strong><\/span><\/span><br \/>\n<span style=\"color: #cc4e95;\">Nice Matin du 30 juillet 2014<\/span><\/p>\n<p><span style=\"color: #00519e;\"><strong><span style=\"color: #00519e;\"><span style=\"color: #019cdf;\">Chantiers de jeunes :\u00a0<\/span><a href=\"http:\/\/videos.tf1.fr\/jt-13h\/2014\/les-vacances-autrement-le-chantier-jeune-8456944.html\" target=\"_blank\">\u00ab\u00a0Les vacances autrement: le chantier de jeunes\u00a0\u00bb<\/a><\/span><\/strong><\/span><br \/>\n<span style=\"color: #019cdf;\"><span style=\"color: #cc4e95;\">TF1 du 24 juillet 2014<\/span><br \/>\n<\/span><\/p>\n<p><span style=\"color: #00519e;\"><strong><span style=\"color: #019cdf;\">Chantiers de jeunes :\u00a0<\/span><a href=\"https:\/\/www.planete-sciences.org\/mediterranee\/\/wp-content\/uploads\/2014\/06\/Pays-des-AM-24-30-juillet.pdf\" class=\"mtli_attachment mtli_pdf\" target=\"_blank\">\u00ab\u00a0De l&rsquo;eau pour les jardins familiaux\u00a0\u00bb<\/a><\/strong><\/span><br \/>\n<span style=\"color: #cc4e95;\">Le Pays des Alpes-Maritimes du 24 au 30 juillet 2014<\/span><\/p>\n<p><span style=\"color: #00519e;\"><strong><span style=\"color: #019cdf;\">Chantiers de jeunes :\u00a0<\/span><a href=\"https:\/\/www.planete-sciences.org\/mediterranee\/\/wp-content\/uploads\/2014\/06\/NM-du-15-juillet-2014.pdf\" class=\"mtli_attachment mtli_pdf\" target=\"_blank\">\u00ab\u00a0Le lavoir du village se fait de nouveau chouchouter\u00a0\u00bb<\/a><\/strong><\/span><br \/>\n<span style=\"color: #cc4e95;\">Nice Matin du 15 juillet 2014<\/span><\/p>\n<p><span style=\"color: #00519e;\"><strong><span style=\"color: #019cdf;\">Environnement :\u00a0<\/span><a href=\"https:\/\/www.planete-sciences.org\/mediterranee\/wp-content\/uploads\/2014\/06\/Article-NM-10-juillet-2014-journ\u00e9e-enviro-.jpg\" class=\"mtli_attachment mtli_jpg\" target=\"_blank\">\u00ab\u00a0Une belle journ\u00e9e autour de l&rsquo;environnement\u00a0\u00bb<\/a><\/strong><\/span><br \/>\n<span style=\"color: #019cdf;\"><span style=\"color: #cc4e95;\">Nice Matin du 10 juillet 2014<\/span><br \/>\n<\/span><\/p>\n<p><span style=\"color: #00519e;\"><strong><span style=\"color: #019cdf;\">Espace :\u00a0<\/span><a href=\"https:\/\/www.planete-sciences.org\/mediterranee\/\/wp-content\/uploads\/2014\/06\/La-Provence-8-juillet-2014-EMV.jpg\" class=\"mtli_attachment mtli_jpg\" target=\"_blank\">\u00ab\u00a0A la Monaque, les enfants ont la t\u00eate dans les \u00e9toiles\u00a0\u00bb<\/a><\/strong><\/span><br \/>\n<span style=\"color: #cc4e95;\">La Provence du 8 juillet 2014<\/span><\/p>\n<p><strong style=\"line-height: 1.714285714; font-size: 1rem;\"><span style=\"color: #00519e;\"><span style=\"color: #019cdf;\">Projets scolaires :<\/span><a href=\"https:\/\/www.planete-sciences.org\/mediterranee\/wp-content\/uploads\/2014\/06\/NM-du-2-juillet-2014-mare-p\u00e9da.png\" class=\"mtli_attachment mtli_png\" target=\"_blank\">\u00a0\u00ab\u00a0Une marre p\u00e9dagogique \u00e0 l&rsquo;\u00e9cole\u00a0\u00bb<\/a><\/span><br \/>\n<\/strong><span style=\"color: #cc4e95;\">Nice Matin du 2 juillet 2014<\/span><\/p>\n<p><span style=\"color: #00519e;\"><strong><span style=\"color: #019cdf;\">S\u00e9jours de vacances :\u00a0<\/span><a href=\"https:\/\/www.planete-sciences.org\/mediterranee\/wp-content\/uploads\/2014\/06\/NM-du-1er-juillet-s\u00e9jours.png\" class=\"mtli_attachment mtli_png\" target=\"_blank\">\u00ab\u00a0S\u00e9jours pour les petits curieux en herbe avec Plan\u00e8te Sciences\u00a0\u00bb<\/a><\/strong><\/span><br \/>\n<span style=\"color: #cc4e95;\">Nice Matin du 1er juillet 2014<\/span><\/p>\n<p><strong><span style=\"color: #00519e;\"><span style=\"color: #019cdf;\">Formation :\u00a0<\/span><a href=\"https:\/\/www.planete-sciences.org\/mediterranee\/\/wp-content\/uploads\/2014\/06\/Article-Fruit-de-graine-juillet-2014.pdf\" class=\"mtli_attachment mtli_pdf\" target=\"_blank\">\u00ab\u00a0BPJEPS EEDD: une premi\u00e8re en PACA!\u00a0\u00bb<\/a><\/span><br \/>\n<\/strong><span style=\"color: #cc4e95;\">Fruit de Graine juillet 2014<\/span><\/p>\n<hr \/>\n<h3><span style=\"color: #cc4e95;\">Juin 2014<\/span><\/h3>\n<hr \/>\n<p><span style=\"color: #00519e;\"><strong><span style=\"color: #019cdf;\">Projets scolaires :\u00a0<\/span><a href=\"https:\/\/www.planete-sciences.org\/mediterranee\/wp-content\/uploads\/2014\/06\/NM-2-juin-2014-La-Brague-\u00e0-la-Loupe.jpg\" class=\"mtli_attachment mtli_jpg\" target=\"_blank\">\u00ab\u00a0Les enfants \u00e9tudient la Brague \u00e0 la&#8230; loupe\u00a0\u00bb<\/a><\/strong><\/span><br \/>\n<span style=\"color: #cc4e95;\">Nice Matin du 2 juin 2014<\/span><\/p>\n<p><b><span style=\"color: #00519e;\"><span style=\"color: #00519e;\"><span style=\"color: #019cdf;\">Projets scolaires :\u00a0<\/span><a href=\"https:\/\/www.youtube.com\/watch?v=dvof4lIuMXM&amp;feature=youtu.be%20\" target=\"_blank\">\u00ab\u00a0Apprendre la science hors d&rsquo;une salle de classe\u00a0\u00bb<\/a><\/span><\/span><br \/>\n<\/b><span style=\"color: #cc4e95;\">Reportage France 3\u00a0<\/span><\/p>\n<hr \/>\n<h3><span style=\"color: #cc4e95;\">Mai 2014<\/span><\/h3>\n<hr \/>\n<p><span style=\"color: #00519e;\"><strong><span style=\"color: #019cdf;\">Espace :\u00a0<\/span><a href=\"https:\/\/www.planete-sciences.org\/mediterranee\/\/wp-content\/uploads\/2014\/06\/Article-La-Provence-du-28-mai-2014.jpg\" class=\"mtli_attachment mtli_jpg\" target=\"_blank\">\u00ab\u00a0A l\u2019a\u00e9rodrome, les lyc\u00e9ens en route pour l&rsquo;espace\u00a0\u00bb<\/a><\/strong><\/span><br \/>\n<span style=\"color: #cc4e95;\">La Provence du 28 mai 2014<\/span><\/p>\n<p><span style=\"color: #00519e;\"><strong><span style=\"color: #019cdf;\">Projets scolaires :\u00a0<\/span><a href=\"https:\/\/www.planete-sciences.org\/mediterranee\/\/wp-content\/uploads\/2014\/06\/Ecole-des-oiseaux-Ouest-Var-28mai-2014.jpg\" class=\"mtli_attachment mtli_jpg\" target=\"_blank\">\u00ab\u00a0A l&rsquo;\u00e9cole des oiseaux\u00a0\u00bb<\/a><\/strong><\/span><br \/>\n<span style=\"color: #cc4e95;\">Ouest Var du 28 mai 2014<\/span><\/p>\n<p><span style=\"color: #00519e;\"><strong><span style=\"color: #019cdf;\">Projets scolaires :\u00a0<\/span><a href=\"https:\/\/www.planete-sciences.org\/mediterranee\/\/wp-content\/uploads\/2014\/06\/Ecole-des-oiseaux-VarMatin-24mai-2014.jpg\" class=\"mtli_attachment mtli_jpg\" target=\"_blank\">\u00ab\u00a0Les minots \u00e0 l&rsquo;\u00e9coles des oiseaux\u00a0\u00bb<\/a><\/strong><\/span><br \/>\n<span style=\"color: #cc4e95;\">Var Matin du 24 mai 2014<\/span><\/p>\n<p><span style=\"color: #00519e;\"><strong><span style=\"color: #019cdf;\">Robotique :\u00a0<\/span><a href=\"https:\/\/www.planete-sciences.org\/mediterranee\/\/wp-content\/uploads\/2014\/06\/Robotique-kisoque-mai-2014.jpg\" class=\"mtli_attachment mtli_jpg\">\u00ab\u00a0Fabriquer son robot, c&rsquo;est pas sorcier\u00a0\u00bb<\/a><\/strong><\/span><br \/>\n<span style=\"color: #cc4e95;\">Kiosque de Grasse mai 2014<\/span><\/p>\n<hr \/>\n<h3><span style=\"color: #cc4e95;\"><strong>Avril 2014<\/strong><\/span><\/h3>\n<hr \/>\n<p><span style=\"color: #00519e;\"><strong><span style=\"color: #019cdf;\">Centre de loisirs :<\/span>\u00a0<a href=\"https:\/\/www.planete-sciences.org\/mediterranee\/\/wp-content\/uploads\/2014\/06\/ALSH-Nice-Mat-29avril-2014.jpg\" class=\"mtli_attachment mtli_jpg\" target=\"_blank\">\u00ab\u00a0L&rsquo;aventure nature de Plan\u00e8te Sciences M\u00e9diterran\u00e9e\u00a0\u00bb<\/a><\/strong><\/span><br \/>\n<span style=\"color: #cc4e95;\">Nice Matin du 29 avr avril<\/span><\/p>\n<p><span style=\"color: #00519e;\"><strong><span style=\"color: #019cdf;\">Projets scolaires :<\/span>\u00a0<a href=\"https:\/\/www.planete-sciences.org\/mediterranee\/\/wp-content\/uploads\/2014\/06\/Article-Var-matin-avril14.jpg\" class=\"mtli_attachment mtli_jpg\" target=\"_blank\">\u00ab\u00a0Une journ\u00e9e pour mieux prot\u00e9ger l&rsquo;environnement \u00e0 Henri-Wallon\u00a0\u00bb<\/a><\/strong><\/span><br \/>\n<span style=\"color: #cc4e95;\">Var Matin du 27 avril 2014<\/span><\/p>\n<p><span style=\"color: #00519e;\"><strong><span style=\"color: #019cdf;\">Projets scolaires :\u00a0<\/span><a href=\"https:\/\/www.planete-sciences.org\/mediterranee\/\/wp-content\/uploads\/2014\/06\/Projet-ACM-Var-La-Marseillaise-27avril-2014-2.jpg\" class=\"mtli_attachment mtli_jpg\" target=\"_blank\">\u00ab\u00a0Les petits planchent sur l&rsquo;environnement\u00a0\u00bb<\/a><\/strong><\/span><br \/>\n<span style=\"color: #cc4e95;\">La Marseillaise du 27 avril 2014<\/span><\/p>\n<p><span style=\"color: #00519e;\"><strong><span style=\"color: #019cdf;\">Formation :<\/span>\u00a0<a href=\"https:\/\/www.planete-sciences.org\/mediterranee\/\/wp-content\/uploads\/2014\/06\/Formation-Kiosque-avril-2014.jpg\" class=\"mtli_attachment mtli_jpg\" target=\"_blank\">\u00ab\u00a0Formation BPJEPS et BAFA: devenez professionnels de l&rsquo;animation socioculturelle\u00a0\u00bb<\/a><\/strong><\/span><br \/>\n<span style=\"color: #cc4e95;\">Kiosque de Grasse avril 2014<\/span><\/p>\n<p><span style=\"color: #00519e;\"><strong><span style=\"color: #019cdf;\">Centre de loisirs :\u00a0<\/span><a href=\"https:\/\/www.planete-sciences.org\/mediterranee\/\/wp-content\/uploads\/2014\/06\/ALSH-Kiosque-avril-2014.jpg\" class=\"mtli_attachment mtli_jpg\" target=\"_blank\">\u00ab\u00a0Les vacances de P\u00e2ques par l&rsquo;association Plan\u00e8te Sciences M\u00e9diterran\u00e9e\u00a0\u00bb<\/a><\/strong><\/span><br \/>\n<span style=\"color: #cc4e95;\">Le Kiosque de Grasse avril 2014<\/span><\/p>\n<p><span style=\"color: #00519e;\"><strong><span style=\"color: #019cdf;\">Environnement :\u00a0<\/span><a href=\"https:\/\/www.planete-sciences.org\/mediterranee\/\/wp-content\/uploads\/2014\/06\/Article-NM-du-5-avril-2014-V2.jpg\" class=\"mtli_attachment mtli_jpg\" target=\"_blank\">\u00ab\u00a0Le D\u00e9veloppement Durable : les centres de loisirs \u00e0 la pointe\u00a0\u00bb<\/a><\/strong><\/span><br \/>\n<span style=\"color: #cc4e95;\">Nice Matin du 5 avril 2014<\/span><\/p>\n<p>&nbsp;<\/p>\n","protected":false},"excerpt":{"rendered":"<p>D\u00e9cembre 2014 Refuge \u00e0 insectes : L&rsquo;h\u00f4tel \u00e0 insectes des \u00e9coliers a ouvert ses portes Nice Matin ed. Grasse du 27 d\u00e9cembre 2014 Refuge \u00e0 insectes : interview de Nicolas Prin (animateur Plan\u00e8te Sciences M\u00e9diterran\u00e9e) Radio France Bleu Azur du 11 d\u00e9cembre 2014 S\u00e9minaire annuel de prospective de PSM : L&rsquo;\u00e9quipe de Plan\u00e8te Sciences M\u00e9diterran\u00e9e [&hellip;]<\/p>\n","protected":false},"author":1,"featured_media":0,"parent":96,"menu_order":0,"comment_status":"closed","ping_status":"open","template":"","meta":{"_acf_changed":false,"ngg_post_thumbnail":0,"footnotes":""},"class_list":["post-2516","page","type-page","status-publish","hentry"],"acf":[],"_links":{"self":[{"href":"https:\/\/www.planete-sciences.org\/mediterranee\/wp-json\/wp\/v2\/pages\/2516","targetHints":{"allow":["GET"]}}],"collection":[{"href":"https:\/\/www.planete-sciences.org\/mediterranee\/wp-json\/wp\/v2\/pages"}],"about":[{"href":"https:\/\/www.planete-sciences.org\/mediterranee\/wp-json\/wp\/v2\/types\/page"}],"author":[{"embeddable":true,"href":"https:\/\/www.planete-sciences.org\/mediterranee\/wp-json\/wp\/v2\/users\/1"}],"replies":[{"embeddable":true,"href":"https:\/\/www.planete-sciences.org\/mediterranee\/wp-json\/wp\/v2\/comments?post=2516"}],"version-history":[{"count":1,"href":"https:\/\/www.planete-sciences.org\/mediterranee\/wp-json\/wp\/v2\/pages\/2516\/revisions"}],"predecessor-version":[{"id":2517,"href":"https:\/\/www.planete-sciences.org\/mediterranee\/wp-json\/wp\/v2\/pages\/2516\/revisions\/2517"}],"up":[{"embeddable":true,"href":"https:\/\/www.planete-sciences.org\/mediterranee\/wp-json\/wp\/v2\/pages\/96"}],"wp:attachment":[{"href":"https:\/\/www.planete-sciences.org\/mediterranee\/wp-json\/wp\/v2\/media?parent=2516"}],"curies":[{"name":"wp","href":"https:\/\/api.w.org\/{rel}","templated":true}]}}