{"id":215,"date":"2014-06-25T15:48:58","date_gmt":"2014-06-25T14:48:58","guid":{"rendered":"http:\/\/www.planete-sciences.org\/mediterranee\/\/?page_id=215"},"modified":"2026-03-25T21:00:23","modified_gmt":"2026-03-25T20:00:23","slug":"lequipe-operationnelle","status":"publish","type":"page","link":"https:\/\/www.planete-sciences.org\/mediterranee\/qui-sommes-nous\/lequipe-operationnelle\/","title":{"rendered":"L&rsquo;\u00e9quipe op\u00e9rationnelle"},"content":{"rendered":"\t\t<div data-elementor-type=\"wp-page\" data-elementor-id=\"215\" class=\"elementor elementor-215\">\n\t\t\t\t<div class=\"elementor-element elementor-element-232d11ec e-flex e-con-boxed e-con e-parent\" data-id=\"232d11ec\" data-element_type=\"container\" data-e-type=\"container\">\n\t\t\t\t\t<div class=\"e-con-inner\">\n\t\t\t\t<div class=\"elementor-element elementor-element-4395878f elementor-widget elementor-widget-text-editor\" data-id=\"4395878f\" data-element_type=\"widget\" data-e-type=\"widget\" data-widget_type=\"text-editor.default\">\n\t\t\t\t<div class=\"elementor-widget-container\">\n\t\t\t\t\t\t\t\t\t<h2><span style=\"color: #cc4e95;\">Administration<\/span><\/h2><p style=\"text-align: justify;\"><strong><img decoding=\"async\" src=\"https:\/\/www.planete-sciences.org\/mediterranee\/wp-content\/uploads\/2014\/06\/guillaume2.jpg\" alt=\"guillaume2\" width=\"100\" height=\"150\" \/>Guillaume Ginisty &#8211; Comptable<\/strong><em><br \/><span style=\"color: #666666;\">Ayant d\u00e9couvert l\u2019association et ses activit\u00e9s comme participant de s\u00e9jours de vacances, j\u2019ai eu la chance d\u2019approfondir le sujet en tant qu\u2019animateur entre 1991 et 1996.\u00a0<\/span><\/em><em><span style=\"color: #666666;\">Je g\u00e8re maintenant la comptabilit\u00e9 depuis septembre 1993. Mon poste de comptable unique me permet d\u2019effectuer toutes les t\u00e2ches de la comptabilit\u00e9, gestion, suivi social et fiscal du personnel : salaires, fiches de frais, factures, \u00e9tat des paiements, suivi bancaire, tr\u00e9sorerie, \u00e9tablissement des documents financiers internes et externes \u2026\u00a0<\/span><br \/><\/em><span style=\"color: #333399;\"><strong>Email :<\/strong> guillaume.ginisty@planete-sciences.org<\/span><\/p><h2 style=\"text-align: justify;\"><span style=\"color: #cc4e95;\">P\u00f4le environnement 06<\/span><\/h2><p style=\"text-align: justify;\"><span style=\"font-kerning: none;\"><strong>Yoann Meysson &#8211; Coordinateur et Animateur<\/strong><\/span><\/p><p style=\"text-align: justify;\"><span style=\"font-kerning: none;\"><span style=\"color: #333399;\"><strong>Email<\/strong> : yoann.meysson@planete-sciences.org<\/span><\/span><\/p><h2 style=\"text-align: justify;\"><span style=\"color: #cc4e95;\">P\u00f4le s\u00e9jours, stages et centre de loisirs<\/span><\/h2><div><p style=\"text-align: justify;\"><strong>C\u00e9cile Grecco &#8211; Directrice du centre de loisirs \u00ab\u00a0Les Explorateurs en Herbe\u00a0\u00bb Espace Jardin\u00e9 de Roquevignon \u00e0 Grasse<\/strong><\/p><p><img decoding=\"async\" src=\"https:\/\/www.planete-sciences.org\/mediterranee\/wp-content\/uploads\/2022\/07\/Photo_CG-removebg-preview-300x282.png\" alt=\"\" width=\"161\" height=\"151\" \/><\/p><p style=\"text-align: justify;\"><em> 20 ans d\u2019exp\u00e9rience dans l&rsquo;animation. Aussi dipl\u00f4m\u00e9e en Tourisme, \u00c9ducatrice sportive et Pisteur-secouriste en montagne. <\/em><em>Mon parcours et l&rsquo;univers Plan\u00e8te Science sont source d&rsquo;inspiration pour \u00e9laborer et mener des projets autour de nos grandes th\u00e9matiques pour l&rsquo;apprentissage, la d\u00e9couverte et l&rsquo;\u00e9panouissement de nos\/vos\u00a0 \u00ab\u00a0Explorateurs en Herbes\u00a0\u00bb.\u00a0 <\/em><\/p><p style=\"text-align: justify;\"><em>Autonomie, citoyennet\u00e9 et respect sont aussi des valeurs d\u00e9fendues \u00e0 travers nos activit\u00e9s scientifiques, environnementales, sportives ou artistiques et accessibles d\u00e8s 6 ans! <\/em><\/p><p><span style=\"color: #333399;\"><strong>Email : <\/strong>cecile.grecco@planete-sciences.org<\/span><\/p><p style=\"text-align: justify;\"><strong>Antonin Lecron&#8211;Devauchelle &#8211; M\u00e9diateur Scientifique et Animateur<\/strong><\/p><p>Fort d\u2019une solide exp\u00e9rience dans l\u2019animation et la direction d\u2019accueils de loisirs en parall\u00e8le de mes \u00e9tudes, j&rsquo;ai choisi de rejoindre Plan\u00e8te Sciences M\u00e9diterran\u00e9e. C\u2019est une structure dont je partage pleinement les valeurs : le partage, la curiosit\u00e9 et la transmission scientifique.<\/p><\/div><div><p><span style=\"color: #333399;\"><strong>Email : <\/strong>antonin.lecron@planete-sciences.org<\/span><\/p><\/div><h2><span style=\"color: #cc4e95;\">Antenne du Var et des Bouches-du-Rh\u00f4ne<\/span><\/h2><p><strong>Anai\u0308s FERAL, salarie\u0301e, coordinatrice d\u2019antenne et charge\u0301e de mission en me\u0301diation scientifique <\/strong><\/p><p style=\"text-align: justify;\"><img decoding=\"async\" src=\"https:\/\/www.planete-sciences.org\/mediterranee\/wp-content\/uploads\/2024\/01\/Design-sans-titre-300x279.png\" alt=\"\" width=\"166\" height=\"154\" \/>Riche d&rsquo;une licence professionnelle, Biologie Applique\u0301e aux E\u0301cosyste\u0300mes Exploite\u0301s en Environnement, et d\u2019un BPJEPS, Education a\u0300 l\u2019Environnement vers un De\u0301veloppement Durable, Anai\u0308s a pour vocation de pre\u0301server la biodiversite\u0301 me\u0301diterrane\u0301enne au travers de la sensibilisation du public de la manie\u0300re la plus ludique et active possible en laissant place a\u0300 l&rsquo;expe\u0301rimentation et a\u0300 la bonne humeur !<\/p><p style=\"text-align: justify;\">Anai\u0308s anime et conc\u0327oit des animations autour du bassin versant de l\u2019Huveaune, les cours d\u2019eau et ses biotopes. Elle travaille en tant que guide naturaliste sur Porquerolles, me\u0301diatrice scientifique a\u0300 l\u2019espace naturel du plan de La Garde a\u0300 destination de scolaire, famille, ou professionnel de l\u2019environnement.<\/p><div style=\"font-size: 16px; line-height: 1.71429;\"><p style=\"margin-bottom: 1.71429rem; font-size: 16px; line-height: 1.71429;\"><span style=\"font-size: 16px; color: #333399;\"><strong style=\"font-size: 16px;\">Email :\u00a0<\/strong><span style=\"font-size: 16px;\">anais.feral@planete-sciences.org<\/span><\/span><\/p><\/div><p><strong>Fanny HUGUET, salarie\u0301e, coordinatrice d\u2019antenne et charge\u0301e de mission en me\u0301diation scientifique <\/strong><\/p><p style=\"text-align: justify;\"><img loading=\"lazy\" decoding=\"async\" src=\"https:\/\/www.planete-sciences.org\/mediterranee\/wp-content\/uploads\/2024\/01\/Design-sans-titre-1-300x281.png\" alt=\"\" width=\"172\" height=\"161\" \/>Suite a\u0300 un Master en gestion de la Biodiversite\u0301 et du De\u0301veloppement Durable, Fanny s\u2019est spe\u0301cialise\u0301e dans l\u2019animation sur le littoral me\u0301diterrane\u0301en des garrigues aux fore\u0302ts me\u0301diterrane\u0301ennes.<\/p><p style=\"text-align: justify;\">Avec un fils conducteur sur l\u2019eau des montagnes a\u0300 la mer, Fanny a su de\u0301velopper des projets pe\u0301dagogiques avec des jeux ludiques sur ces the\u0301matiques et a accompagne\u0301 en tant qu\u2019e\u0301cogarde de nombreux groupes scolaires et grand public sur des sorties natures de l\u2019e\u0301tang de Leucate au Cirque de Navacelles avec la gestion du littoral m\u00e9diterran\u00e9en. Elle anime des projets de de\u0301couverte de la biodiversite\u0301 marine aux ramassages de de\u0301chets.<\/p><div style=\"font-size: 16px; line-height: 1.71429;\"><p style=\"margin-bottom: 1.71429rem; font-size: 16px; line-height: 1.71429;\"><span style=\"font-size: 16px; color: #333399;\"><strong style=\"font-size: 16px;\">Email :\u00a0<\/strong><span style=\"font-size: 16px;\">fanny.huguet@planete-sciences.org<\/span><\/span><\/p><\/div>\t\t\t\t\t\t\t\t<\/div>\n\t\t\t\t<\/div>\n\t\t\t\t\t<\/div>\n\t\t\t\t<\/div>\n\t\t\t\t<\/div>\n\t\t","protected":false},"excerpt":{"rendered":"<p>Administration Guillaume Ginisty &#8211; ComptableAyant d\u00e9couvert l\u2019association et ses activit\u00e9s comme participant de s\u00e9jours de vacances, j\u2019ai eu la chance d\u2019approfondir le sujet en tant qu\u2019animateur entre 1991 et 1996.\u00a0Je g\u00e8re maintenant la comptabilit\u00e9 depuis septembre 1993. Mon poste de comptable unique me permet d\u2019effectuer toutes les t\u00e2ches de la comptabilit\u00e9, gestion, suivi social et [&hellip;]<\/p>\n","protected":false},"author":1,"featured_media":0,"parent":10,"menu_order":0,"comment_status":"closed","ping_status":"open","template":"","meta":{"_acf_changed":false,"ngg_post_thumbnail":0,"footnotes":""},"class_list":["post-215","page","type-page","status-publish","hentry"],"acf":[],"_links":{"self":[{"href":"https:\/\/www.planete-sciences.org\/mediterranee\/wp-json\/wp\/v2\/pages\/215","targetHints":{"allow":["GET"]}}],"collection":[{"href":"https:\/\/www.planete-sciences.org\/mediterranee\/wp-json\/wp\/v2\/pages"}],"about":[{"href":"https:\/\/www.planete-sciences.org\/mediterranee\/wp-json\/wp\/v2\/types\/page"}],"author":[{"embeddable":true,"href":"https:\/\/www.planete-sciences.org\/mediterranee\/wp-json\/wp\/v2\/users\/1"}],"replies":[{"embeddable":true,"href":"https:\/\/www.planete-sciences.org\/mediterranee\/wp-json\/wp\/v2\/comments?post=215"}],"version-history":[{"count":172,"href":"https:\/\/www.planete-sciences.org\/mediterranee\/wp-json\/wp\/v2\/pages\/215\/revisions"}],"predecessor-version":[{"id":7278,"href":"https:\/\/www.planete-sciences.org\/mediterranee\/wp-json\/wp\/v2\/pages\/215\/revisions\/7278"}],"up":[{"embeddable":true,"href":"https:\/\/www.planete-sciences.org\/mediterranee\/wp-json\/wp\/v2\/pages\/10"}],"wp:attachment":[{"href":"https:\/\/www.planete-sciences.org\/mediterranee\/wp-json\/wp\/v2\/media?parent=215"}],"curies":[{"name":"wp","href":"https:\/\/api.w.org\/{rel}","templated":true}]}}