{"id":194,"date":"2014-06-25T15:42:07","date_gmt":"2014-06-25T14:42:07","guid":{"rendered":"http:\/\/www.planete-sciences.org\/mediterranee\/\/?page_id=194"},"modified":"2020-05-14T15:46:57","modified_gmt":"2020-05-14T14:46:57","slug":"robotique","status":"publish","type":"page","link":"https:\/\/www.planete-sciences.org\/mediterranee\/thematiques\/robotique\/","title":{"rendered":"Robotique"},"content":{"rendered":"<p style=\"text-align: justify;\"><span style=\"color: #cc4e95;\"><strong><img decoding=\"async\" class=\"alignleft size-thumbnail wp-image-331\" src=\"https:\/\/www.planete-sciences.org\/mediterranee\/\/wp-content\/uploads\/2014\/06\/robotpicto-150x150.png\" alt=\"robotpicto\" width=\"150\" height=\"150\">Quel&nbsp;plaisir d&rsquo;imaginer un \u00ab\u00a0Robot\u00a0\u00bb&nbsp;et ses fonctions, concevoir et r\u00e9aliser ses \u00e9l\u00e9ments m\u00e9caniques, lui donner de l&rsquo;\u00e9nergie en r\u00e9alisant son syst\u00e8me \u00e9lectrique et enfin, \u00e0&nbsp;l&rsquo;aide de l&rsquo;informatique, le diriger, communiquer avec lui dans diff\u00e9rents langages, commander ses mouvements et pourquoi pas le rendre r\u00e9actif \u00e0 son environnement&#8230;<\/strong><\/span><\/p>\n<p><span style=\"color: #434343;\">Que la robotique vous passionne d\u00e9j\u00e0 ou que vous souhaitiez vous initier, venez partager des moments conviviaux avec notre \u00e9quipe de permanents et de b\u00e9n\u00e9voles.<\/span><\/p>\n<h3><strong>&nbsp;<span style=\"color: #019cdf;\">Les activit\u00e9s du secteur robotique&nbsp;<\/span><\/strong><\/h3>\n<ul>\n<li><a href=\"http:\/\/www.planete-sciences.org\/blogs\/trophees-robotique\/\" target=\"_blank\" rel=\"noopener noreferrer\"><strong>Les Troph\u00e9es de Robotique<\/strong><\/a><\/li>\n<li><a href=\"https:\/\/www.coupederobotique.fr\/\" target=\"_blank\" rel=\"noopener noreferrer\"><strong>La Coupe France de Robotique<\/strong><\/a><\/li>\n<li><a title=\"Formations professionnelles et stages techniques\" href=\"https:\/\/www.planete-sciences.org\/mediterranee\/\/activites\/formations\/formation-professionnelle-et-stages\/\"><strong>Weekend techniques<\/strong><\/a><\/li>\n<li><a title=\"S\u00e9jour de vacances 7-17 ans\" href=\"https:\/\/www.planete-sciences.org\/mediterranee\/\/activites\/vacances\/sejour-de-vacances-7-17-ans\/\"><strong>S\u00e9jours de vacances<\/strong><\/a><\/li>\n<\/ul>\n","protected":false},"excerpt":{"rendered":"<p>Quel&nbsp;plaisir d&rsquo;imaginer un \u00ab\u00a0Robot\u00a0\u00bb&nbsp;et ses fonctions, concevoir et r\u00e9aliser ses \u00e9l\u00e9ments m\u00e9caniques, lui donner de l&rsquo;\u00e9nergie en r\u00e9alisant son syst\u00e8me \u00e9lectrique et enfin, \u00e0&nbsp;l&rsquo;aide de l&rsquo;informatique, le diriger, communiquer avec lui dans diff\u00e9rents langages, commander ses mouvements et pourquoi pas le rendre r\u00e9actif \u00e0 son environnement&#8230; Que la robotique vous passionne d\u00e9j\u00e0 ou que vous [&hellip;]<\/p>\n","protected":false},"author":1,"featured_media":0,"parent":8,"menu_order":0,"comment_status":"closed","ping_status":"open","template":"","meta":{"_acf_changed":false,"ngg_post_thumbnail":0,"footnotes":""},"class_list":["post-194","page","type-page","status-publish","hentry"],"acf":[],"_links":{"self":[{"href":"https:\/\/www.planete-sciences.org\/mediterranee\/wp-json\/wp\/v2\/pages\/194","targetHints":{"allow":["GET"]}}],"collection":[{"href":"https:\/\/www.planete-sciences.org\/mediterranee\/wp-json\/wp\/v2\/pages"}],"about":[{"href":"https:\/\/www.planete-sciences.org\/mediterranee\/wp-json\/wp\/v2\/types\/page"}],"author":[{"embeddable":true,"href":"https:\/\/www.planete-sciences.org\/mediterranee\/wp-json\/wp\/v2\/users\/1"}],"replies":[{"embeddable":true,"href":"https:\/\/www.planete-sciences.org\/mediterranee\/wp-json\/wp\/v2\/comments?post=194"}],"version-history":[{"count":8,"href":"https:\/\/www.planete-sciences.org\/mediterranee\/wp-json\/wp\/v2\/pages\/194\/revisions"}],"predecessor-version":[{"id":4242,"href":"https:\/\/www.planete-sciences.org\/mediterranee\/wp-json\/wp\/v2\/pages\/194\/revisions\/4242"}],"up":[{"embeddable":true,"href":"https:\/\/www.planete-sciences.org\/mediterranee\/wp-json\/wp\/v2\/pages\/8"}],"wp:attachment":[{"href":"https:\/\/www.planete-sciences.org\/mediterranee\/wp-json\/wp\/v2\/media?parent=194"}],"curies":[{"name":"wp","href":"https:\/\/api.w.org\/{rel}","templated":true}]}}