{"id":192,"date":"2014-06-25T15:41:52","date_gmt":"2014-06-25T14:41:52","guid":{"rendered":"http:\/\/www.planete-sciences.org\/mediterranee\/\/?page_id=192"},"modified":"2020-05-19T08:41:59","modified_gmt":"2020-05-19T07:41:59","slug":"astronomie","status":"publish","type":"page","link":"https:\/\/www.planete-sciences.org\/mediterranee\/thematiques\/astronomie\/","title":{"rendered":"Astronomie"},"content":{"rendered":"<p style=\"text-align: justify;\"><span style=\"color: #cc4e95;\"><strong><img decoding=\"async\" class=\"alignleft size-thumbnail wp-image-330\" src=\"https:\/\/www.planete-sciences.org\/mediterranee\/\/wp-content\/uploads\/2014\/06\/astropicto-150x150.png\" alt=\"astropicto\" width=\"150\" height=\"150\" srcset=\"https:\/\/www.planete-sciences.org\/mediterranee\/wp-content\/uploads\/2014\/06\/astropicto-150x150.png 150w, https:\/\/www.planete-sciences.org\/mediterranee\/wp-content\/uploads\/2014\/06\/astropicto.png 154w\" sizes=\"(max-width: 150px) 100vw, 150px\" \/>Observer, s&rsquo;\u00e9merveiller, se poser des questions&nbsp;et mettre en \u0153uvre des exp\u00e9rimentations pour mieux comprendre notre espace est une d\u00e9marche qui n\u00e9cessite plusieurs \u00e9tapes. Ainsi, avec ses b\u00e9n\u00e9voles et ses partenaires, le secteur Astronomie de Plan\u00e8te Sciences M\u00e9diterran\u00e9e propose, pour tous et en particulier les jeunes, des&nbsp;activit\u00e9s vari\u00e9es.<\/strong><\/span><\/p>\n<p>&nbsp;<\/p>\n<p style=\"text-align: justify;\">Pour faire vos premiers pas dans la d\u00e9couverte du ciel, b\u00e9n\u00e9ficier de notre <strong>t\u00e9lescope de 400 mm<\/strong> au plateau de Calern au sein de l&rsquo;<a href=\"http:\/\/www.argetac.org\/\" target=\"_blank\" rel=\"noopener noreferrer\">ARGETAC<\/a>.<\/p>\n<h3><span style=\"color: #019cdf;\"><strong>Les activit\u00e9s du secteur astronomie&nbsp;<\/strong><\/span><\/h3>\n<ul>\n<li><a href=\"https:\/\/www.planete-sciences.org\/mediterranee\/activites\/scolaire\/arpenter-lunivers\/\"><strong>Arpenter l\u2019univers<\/strong><\/a><\/li>\n<li><a title=\"Campagne Astro\" href=\"https:\/\/www.planete-sciences.org\/mediterranee\/thematiques\/astronomie\/campagne-astro\/\"><strong>Campagne Astro<\/strong><\/a><\/li>\n<li><strong><a title=\"S\u00e9jour de vacances 7-17 ans\" href=\"https:\/\/www.planete-sciences.org\/mediterranee\/\/activites\/vacances\/sejour-de-vacances-7-17-ans\/\">S\u00e9jours de vacances<\/a><\/strong><\/li>\n<li><strong><a title=\"Formations professionnelles et stages techniques\" href=\"https:\/\/www.planete-sciences.org\/mediterranee\/\/activites\/formations\/formation-professionnelle-et-stages\/\">Week-end techniques<\/a><\/strong><\/li>\n<li><strong>Soir\u00e9es d&rsquo;observation \u00e0 l&rsquo;Observatoire de Caussols (ARGETAC)<\/strong><\/li>\n<li><strong>Nuit des Etoiles \u00e0 l&rsquo;Observatoire de Rocbaron<\/strong><\/li>\n<\/ul>\n","protected":false},"excerpt":{"rendered":"<p>Observer, s&rsquo;\u00e9merveiller, se poser des questions&nbsp;et mettre en \u0153uvre des exp\u00e9rimentations pour mieux comprendre notre espace est une d\u00e9marche qui n\u00e9cessite plusieurs \u00e9tapes. Ainsi, avec ses b\u00e9n\u00e9voles et ses partenaires, le secteur Astronomie de Plan\u00e8te Sciences M\u00e9diterran\u00e9e propose, pour tous et en particulier les jeunes, des&nbsp;activit\u00e9s vari\u00e9es. &nbsp; Pour faire vos premiers pas dans la [&hellip;]<\/p>\n","protected":false},"author":1,"featured_media":0,"parent":8,"menu_order":0,"comment_status":"closed","ping_status":"open","template":"","meta":{"_acf_changed":false,"ngg_post_thumbnail":0,"footnotes":""},"class_list":["post-192","page","type-page","status-publish","hentry"],"acf":[],"_links":{"self":[{"href":"https:\/\/www.planete-sciences.org\/mediterranee\/wp-json\/wp\/v2\/pages\/192","targetHints":{"allow":["GET"]}}],"collection":[{"href":"https:\/\/www.planete-sciences.org\/mediterranee\/wp-json\/wp\/v2\/pages"}],"about":[{"href":"https:\/\/www.planete-sciences.org\/mediterranee\/wp-json\/wp\/v2\/types\/page"}],"author":[{"embeddable":true,"href":"https:\/\/www.planete-sciences.org\/mediterranee\/wp-json\/wp\/v2\/users\/1"}],"replies":[{"embeddable":true,"href":"https:\/\/www.planete-sciences.org\/mediterranee\/wp-json\/wp\/v2\/comments?post=192"}],"version-history":[{"count":13,"href":"https:\/\/www.planete-sciences.org\/mediterranee\/wp-json\/wp\/v2\/pages\/192\/revisions"}],"predecessor-version":[{"id":4302,"href":"https:\/\/www.planete-sciences.org\/mediterranee\/wp-json\/wp\/v2\/pages\/192\/revisions\/4302"}],"up":[{"embeddable":true,"href":"https:\/\/www.planete-sciences.org\/mediterranee\/wp-json\/wp\/v2\/pages\/8"}],"wp:attachment":[{"href":"https:\/\/www.planete-sciences.org\/mediterranee\/wp-json\/wp\/v2\/media?parent=192"}],"curies":[{"name":"wp","href":"https:\/\/api.w.org\/{rel}","templated":true}]}}