{"id":188,"date":"2014-06-25T15:40:44","date_gmt":"2014-06-25T14:40:44","guid":{"rendered":"http:\/\/www.planete-sciences.org\/mediterranee\/\/?page_id=188"},"modified":"2020-05-19T09:01:02","modified_gmt":"2020-05-19T08:01:02","slug":"environnement","status":"publish","type":"page","link":"https:\/\/www.planete-sciences.org\/mediterranee\/thematiques\/environnement\/","title":{"rendered":"Environnement"},"content":{"rendered":"<p style=\"text-align: justify;\"><span style=\"color: #cc4e95;\"><strong><img decoding=\"async\" class=\"alignleft wp-image-328 size-thumbnail\" src=\"https:\/\/www.planete-sciences.org\/mediterranee\/\/wp-content\/uploads\/2014\/06\/enviropicto-150x150.png\" alt=\"enviropicto\" width=\"150\" height=\"150\" srcset=\"https:\/\/www.planete-sciences.org\/mediterranee\/wp-content\/uploads\/2014\/06\/enviropicto-150x150.png 150w, https:\/\/www.planete-sciences.org\/mediterranee\/wp-content\/uploads\/2014\/06\/enviropicto.png 154w\" sizes=\"(max-width: 150px) 100vw, 150px\" \/>D\u00e9couvrir&nbsp;les milieux naturels&nbsp;et humanis\u00e9s \u00e0 travers l&rsquo;observation et l&rsquo;\u00e9tude de leurs composantes et de leurs interrelations. Explorer les fonds marins, analyser l&rsquo;eau d&rsquo;une rivi\u00e8re, \u00e9tudier l&rsquo;\u00e9volution d&rsquo;une for\u00eat, \u00e9valuer l&rsquo;impact d&rsquo;une pollution ou restaurer une mare pour en faire un espace de d\u00e9couverte&#8230;, ce sont l\u00e0 quelques exemples de ce que l&rsquo;on peut faire au sein de notre association.<\/strong><\/span><\/p>\n<h3><span style=\"color: #cc4e95;\">&nbsp;<\/span><span style=\"color: #019cdf;\"><strong>Les activit\u00e9s du secteur environnement&nbsp;<\/strong><\/span><\/h3>\n<ul>\n<li><a title=\"Les projets scolaires\" href=\"https:\/\/www.planete-sciences.org\/mediterranee\/activites\/scolaire\/\"><strong>Projets scolaires&nbsp;<\/strong>:<\/a><\/li>\n<\/ul>\n<p><span style=\"font-size: 1rem;\">Air et Sant\u00e9, Parcours Culturel Biodiversit\u00e9 Toulon, Ecole du D\u00e9veloppement Durable, projets du PNR des pr\u00e9Alpes d&rsquo;Azur&#8230;<\/span><\/p>\n<ul>\n<li><a title=\"Les clubs\" href=\"https:\/\/www.planete-sciences.org\/mediterranee\/les-clubs\/\"><strong>Les clubs jardins et nature<\/strong><\/a><\/li>\n<li><strong><a href=\"https:\/\/www.planete-sciences.org\/mediterranee\/activites\/animations-et-loisirs-pour-tous\/sorties-nature-parcs-naturels-departementaux\/\">Sorties Nature Parcs Naturels D\u00e9partementaux<\/a><\/strong><\/li>\n<li><strong><a href=\"https:\/\/www.planete-sciences.org\/mediterranee\/activites\/animations-et-loisirs-pour-tous\/ecoferme\/\">Ateliers environnement : Ecoferme<\/a><\/strong><\/li>\n<li><a title=\"S\u00e9jour de vacances 7-17 ans\" href=\"https:\/\/www.planete-sciences.org\/mediterranee\/\/activites\/vacances\/sejour-de-vacances-7-17-ans\/\"><strong>S\u00e9jours de vacances<\/strong><\/a><\/li>\n<li><strong><a title=\"Centre de loisirs 6-12 ans\" href=\"https:\/\/www.planete-sciences.org\/mediterranee\/\/activites\/vacances\/centre-de-loisirs-6-12-ans\/\">Centre de loisirs<\/a><\/strong><\/li>\n<li><a href=\"https:\/\/www.facebook.com\/fetesdelhuveaune\" target=\"_blank\" rel=\"noopener noreferrer\"><strong>Les F\u00eates de l&rsquo;Huveaune<\/strong><\/a><\/li>\n<li><a href=\"http:\/\/www.fetedelanature.com\/\" target=\"_blank\" rel=\"noopener noreferrer\"><strong>La F\u00eate de la Nature<\/strong><\/a><\/li>\n<\/ul>\n<h3><span style=\"color: #019cdf;\">&nbsp;<strong>Les outils p\u00e9dagogiques du secteur environnement&nbsp;<\/strong><\/span><\/h3>\n<ul>\n<li><a title=\"Les Eco-Enqu\u00eates\" href=\"https:\/\/www.planete-sciences.org\/mediterranee\/\/nos-livres\/les-eco-enquetes\/\"><strong>Programme \u00e9ducatif \u00ab&nbsp;Eco-enqu\u00eates&nbsp;\u00bb<\/strong><\/a><\/li>\n<li><a title=\"Vivre les Calanques \u00e0 Marseille\" href=\"https:\/\/www.planete-sciences.org\/mediterranee\/\/nos-livres\/vivre-les-calanques-a-marseille\/\"><strong>Livret p\u00e9dagogique \u00ab&nbsp;Vivre les calanques \u00e0 Marseille&nbsp;\u00bb<\/strong><\/a><\/li>\n<li><a title=\"La for\u00eat m\u00e9diterran\u00e9enne au bout des doigts\" href=\"https:\/\/www.planete-sciences.org\/mediterranee\/\/nos-expositions\/la-foret-mediterraneenne-au-bout-des-doigts\/\"><strong>Exposition interactive \u00ab&nbsp;La for\u00eat m\u00e9diterran\u00e9enne au bout des doigts&nbsp;\u00bb<\/strong><\/a><\/li>\n<li><a title=\"Rivi\u00e8res M\u00e9diterran\u00e9ennes en r\u00e9gion PACA\u2026\" href=\"https:\/\/www.planete-sciences.org\/mediterranee\/\/nos-expositions\/rivieres-mediterraneennes-en-region-paca\/\"><strong>Exposition anim\u00e9e \u00ab&nbsp;Rivi\u00e8res M\u00e9diterran\u00e9ennes en r\u00e9gion PACA&#8230;des rivi\u00e8res sous influences&nbsp;\u00bb<\/strong><\/a><\/li>\n<\/ul>\n<p>&nbsp;<\/p>\n","protected":false},"excerpt":{"rendered":"<p>D\u00e9couvrir&nbsp;les milieux naturels&nbsp;et humanis\u00e9s \u00e0 travers l&rsquo;observation et l&rsquo;\u00e9tude de leurs composantes et de leurs interrelations. Explorer les fonds marins, analyser l&rsquo;eau d&rsquo;une rivi\u00e8re, \u00e9tudier l&rsquo;\u00e9volution d&rsquo;une for\u00eat, \u00e9valuer l&rsquo;impact d&rsquo;une pollution ou restaurer une mare pour en faire un espace de d\u00e9couverte&#8230;, ce sont l\u00e0 quelques exemples de ce que l&rsquo;on peut faire au [&hellip;]<\/p>\n","protected":false},"author":1,"featured_media":0,"parent":8,"menu_order":0,"comment_status":"closed","ping_status":"open","template":"","meta":{"_acf_changed":false,"ngg_post_thumbnail":0,"footnotes":""},"class_list":["post-188","page","type-page","status-publish","hentry"],"acf":[],"_links":{"self":[{"href":"https:\/\/www.planete-sciences.org\/mediterranee\/wp-json\/wp\/v2\/pages\/188","targetHints":{"allow":["GET"]}}],"collection":[{"href":"https:\/\/www.planete-sciences.org\/mediterranee\/wp-json\/wp\/v2\/pages"}],"about":[{"href":"https:\/\/www.planete-sciences.org\/mediterranee\/wp-json\/wp\/v2\/types\/page"}],"author":[{"embeddable":true,"href":"https:\/\/www.planete-sciences.org\/mediterranee\/wp-json\/wp\/v2\/users\/1"}],"replies":[{"embeddable":true,"href":"https:\/\/www.planete-sciences.org\/mediterranee\/wp-json\/wp\/v2\/comments?post=188"}],"version-history":[{"count":23,"href":"https:\/\/www.planete-sciences.org\/mediterranee\/wp-json\/wp\/v2\/pages\/188\/revisions"}],"predecessor-version":[{"id":360,"href":"https:\/\/www.planete-sciences.org\/mediterranee\/wp-json\/wp\/v2\/pages\/188\/revisions\/360"}],"up":[{"embeddable":true,"href":"https:\/\/www.planete-sciences.org\/mediterranee\/wp-json\/wp\/v2\/pages\/8"}],"wp:attachment":[{"href":"https:\/\/www.planete-sciences.org\/mediterranee\/wp-json\/wp\/v2\/media?parent=188"}],"curies":[{"name":"wp","href":"https:\/\/api.w.org\/{rel}","templated":true}]}}