{"id":140,"date":"2014-06-24T22:33:23","date_gmt":"2014-06-24T21:33:23","guid":{"rendered":"http:\/\/www.planete-sciences.org\/mediterranee\/\/?page_id=140"},"modified":"2025-09-10T21:36:08","modified_gmt":"2025-09-10T19:36:08","slug":"contactez-nous","status":"publish","type":"page","link":"https:\/\/www.planete-sciences.org\/mediterranee\/contactez-nous\/","title":{"rendered":"Contactez-nous"},"content":{"rendered":"<p>&nbsp;<\/p>\n<p style=\"text-align: left;\">\n<div class=\"wpcf7 no-js\" id=\"wpcf7-f139-o1\" lang=\"fr-FR\" dir=\"ltr\" data-wpcf7-id=\"139\">\n<div class=\"screen-reader-response\"><p role=\"status\" aria-live=\"polite\" aria-atomic=\"true\"><\/p> <ul><\/ul><\/div>\n<form action=\"\/mediterranee\/wp-json\/wp\/v2\/pages\/140#wpcf7-f139-o1\" method=\"post\" class=\"wpcf7-form init\" aria-label=\"Formulaire de contact\" novalidate=\"novalidate\" data-status=\"init\">\n<fieldset class=\"hidden-fields-container\"><input type=\"hidden\" name=\"_wpcf7\" value=\"139\" \/><input type=\"hidden\" name=\"_wpcf7_version\" value=\"6.1.5\" \/><input type=\"hidden\" name=\"_wpcf7_locale\" value=\"fr_FR\" \/><input type=\"hidden\" name=\"_wpcf7_unit_tag\" value=\"wpcf7-f139-o1\" \/><input type=\"hidden\" name=\"_wpcf7_container_post\" value=\"0\" \/><input type=\"hidden\" name=\"_wpcf7_posted_data_hash\" value=\"\" \/>\n<\/fieldset>\n<p>Votre nom (obligatoire)\n<\/p>\n<p><span class=\"wpcf7-form-control-wrap\" data-name=\"your-name\"><input size=\"40\" maxlength=\"400\" class=\"wpcf7-form-control wpcf7-text wpcf7-validates-as-required\" aria-required=\"true\" aria-invalid=\"false\" value=\"\" type=\"text\" name=\"your-name\" \/><\/span>\n<\/p>\n<p>Votre email (obligatoire)\n<\/p>\n<p><span class=\"wpcf7-form-control-wrap\" data-name=\"your-email\"><input size=\"40\" maxlength=\"400\" class=\"wpcf7-form-control wpcf7-email wpcf7-validates-as-required wpcf7-text wpcf7-validates-as-email\" aria-required=\"true\" aria-invalid=\"false\" value=\"\" type=\"email\" name=\"your-email\" \/><\/span>\n<\/p>\n<p>Sujet\n<\/p>\n<p><span class=\"wpcf7-form-control-wrap\" data-name=\"your-subject\"><input size=\"40\" maxlength=\"400\" class=\"wpcf7-form-control wpcf7-text\" aria-invalid=\"false\" value=\"\" type=\"text\" name=\"your-subject\" \/><\/span>\n<\/p>\n<p>Votre message\n<\/p>\n<p><span class=\"wpcf7-form-control-wrap\" data-name=\"your-message\"><textarea cols=\"40\" rows=\"10\" maxlength=\"2000\" class=\"wpcf7-form-control wpcf7-textarea\" aria-invalid=\"false\" name=\"your-message\"><\/textarea><\/span>\n<\/p>\n<p><input class=\"wpcf7-form-control wpcf7-submit has-spinner\" type=\"submit\" value=\"Envoyer\" \/>\n<\/p><div class=\"wpcf7-response-output\" aria-hidden=\"true\"><\/div>\n<\/form>\n<\/div>\n<\/p>\n<hr>\n<h3 style=\"text-align: center;\"><strong><span style=\"color: #00519e;\">Si\u00e8ge r\u00e9gional PACA<\/span><br \/>\n<\/strong><\/h3>\n<p style=\"text-align: center;\"><span style=\"font-size: 10pt;\">Association Plan\u00e8te Sciences M\u00e9diterran\u00e9e<\/span><br \/>\n<span style=\"font-size: 10pt;\">11, rue Sans Peur&nbsp;<span style=\"line-height: 1.714285714;\">06130 Grasse<br \/>\n<\/span>T\u00e9l : 04 92 60 78 70<\/span><br \/>\n<span style=\"font-size: 10pt;\">Email :<\/span>&nbsp;<span style=\"font-size: 10pt;\"><a href=\"mailto:mediterranee@planete-sciences.org\">mediterranee@planete-sciences.org<br \/>\n<\/a><\/span><\/p>\n<p style=\"text-align: center;\"><span style=\"font-size: 10pt;\"><a href=\"http:\/\/goo.gl\/maps\/qKuQv\" target=\"_blank\" rel=\"noopener noreferrer\">Voir le plan d&rsquo;acc\u00e8s&nbsp;<\/a><\/span><\/p>\n<table style=\"width: 779px;\">\n<tbody>\n<tr>\n<td style=\"width: 737px;\">\n<h3 style=\"text-align: center;\"><span style=\"color: #00519e;\">Antenne du Var et des Bouches-du-Rh\u00f4ne<\/span><\/h3>\n<p style=\"text-align: center;\"><span style=\"font-size: 10pt; color: #434343;\">Association Plan\u00e8te Sciences M\u00e9diterran\u00e9e<\/span><br \/>\n<span style=\"font-size: 10pt; color: #434343;\">6 rue Antelme, 83500 La Seyne sur Mer<\/span><br \/>\n<span style=\"font-size: 10pt; color: #434343;\">T\u00e9l : 06.41.43.01.31 (Var) \/ 06.44.73.62.35 (BdR)<\/span><br \/>\n<span style=\"font-size: 10pt;\"><span style=\"color: #434343;\">Email :<\/span>&nbsp;<a href=\"mailto:83.mediterranee@planete-sciences.org\">83.mediterranee@planete-sciences.org<\/a><\/span><\/p>\n<p style=\"text-align: center;\"><span style=\"font-size: 10pt;\"><a href=\"http:\/\/goo.gl\/maps\/p8ZQU\" target=\"_blank\" rel=\"noopener noreferrer\">Voir le plan d&rsquo;acc\u00e8s<\/a><\/span><\/p>\n<\/td>\n<td style=\"text-align: center; width: 19px;\">&nbsp;<\/td>\n<\/tr>\n<\/tbody>\n<\/table>\n<h3><span style=\"color: #cc4e95;\"><strong>Contacter directement un secteur<\/strong><\/span><\/h3>\n<ul>\n<li><strong style=\"background-color: initial;\">Secteur Environnement&nbsp;<\/strong><\/li>\n<\/ul>\n<p><span style=\"background-color: initial;\">Email : &nbsp;<span class=\"adr\">yoann.meysson@planete-sciences.org<\/span><\/span><\/p>\n<ul>\n<li><strong>Secteur Var et Bouches-du-Rh\u00f4ne<\/strong><\/li>\n<\/ul>\n<p>Email : anais.feral@planete-sciences.org<br \/>\nEmail : fanny.huguet@planete-sciences.org<\/p>\n<ul>\n<li><strong>Accueil de loisirs et p\u00e9risco<\/strong><b>laire<\/b><\/li>\n<\/ul>\n<p>Email : cecile.grecco@planete-sciences.org<\/p>\n<p><span style=\"color: #cc187e;\"><strong>Pour toutes autres informations :&nbsp;<\/strong><\/span>mediterranee@planete-sciences.org<\/p>\n","protected":false},"excerpt":{"rendered":"<p>&nbsp; Si\u00e8ge r\u00e9gional PACA Association Plan\u00e8te Sciences M\u00e9diterran\u00e9e 11, rue Sans Peur&nbsp;06130 Grasse T\u00e9l : 04 92 60 78 70 Email :&nbsp;mediterranee@planete-sciences.org Voir le plan d&rsquo;acc\u00e8s&nbsp; Antenne du Var et des Bouches-du-Rh\u00f4ne Association Plan\u00e8te Sciences M\u00e9diterran\u00e9e 6 rue Antelme, 83500 La Seyne sur Mer T\u00e9l : 06.41.43.01.31 (Var) \/ 06.44.73.62.35 (BdR) Email :&nbsp;83.mediterranee@planete-sciences.org Voir le [&hellip;]<\/p>\n","protected":false},"author":1,"featured_media":0,"parent":0,"menu_order":0,"comment_status":"closed","ping_status":"open","template":"","meta":{"_acf_changed":false,"ngg_post_thumbnail":0,"footnotes":""},"class_list":["post-140","page","type-page","status-publish","hentry"],"acf":[],"_links":{"self":[{"href":"https:\/\/www.planete-sciences.org\/mediterranee\/wp-json\/wp\/v2\/pages\/140","targetHints":{"allow":["GET"]}}],"collection":[{"href":"https:\/\/www.planete-sciences.org\/mediterranee\/wp-json\/wp\/v2\/pages"}],"about":[{"href":"https:\/\/www.planete-sciences.org\/mediterranee\/wp-json\/wp\/v2\/types\/page"}],"author":[{"embeddable":true,"href":"https:\/\/www.planete-sciences.org\/mediterranee\/wp-json\/wp\/v2\/users\/1"}],"replies":[{"embeddable":true,"href":"https:\/\/www.planete-sciences.org\/mediterranee\/wp-json\/wp\/v2\/comments?post=140"}],"version-history":[{"count":41,"href":"https:\/\/www.planete-sciences.org\/mediterranee\/wp-json\/wp\/v2\/pages\/140\/revisions"}],"predecessor-version":[{"id":5725,"href":"https:\/\/www.planete-sciences.org\/mediterranee\/wp-json\/wp\/v2\/pages\/140\/revisions\/5725"}],"wp:attachment":[{"href":"https:\/\/www.planete-sciences.org\/mediterranee\/wp-json\/wp\/v2\/media?parent=140"}],"curies":[{"name":"wp","href":"https:\/\/api.w.org\/{rel}","templated":true}]}}