{"id":10,"date":"2014-06-21T17:50:30","date_gmt":"2014-06-21T16:50:30","guid":{"rendered":"http:\/\/www.planete-sciences.org\/mediterranee\/\/?page_id=10"},"modified":"2024-01-30T11:03:45","modified_gmt":"2024-01-30T10:03:45","slug":"qui-sommes-nous","status":"publish","type":"page","link":"https:\/\/www.planete-sciences.org\/mediterranee\/qui-sommes-nous\/","title":{"rendered":"Qui sommes-nous ?"},"content":{"rendered":"<h2><a class=\"fasc-button fasc-size-medium fasc-type-glossy fasc-rounded-medium fasc-ico-before dashicons-admin-page mtli_attachment mtli_pdf\" style=\"background-color: #9e338c; color: #ffffff;\" target=\"_blank\" rel=\"noopener noreferrer\" href=\"https:\/\/www.planete-sciences.org\/mediterranee\/wp-content\/uploads\/2020\/05\/plaquette-2020.pdf\">Plaquette de pr\u00e9sentation<\/a>&nbsp;<a class=\"fasc-button fasc-size-medium fasc-type-glossy fasc-rounded-medium fasc-ico-before dashicons-admin-page mtli_attachment mtli_pdf\" style=\"background-color: #9e338c; color: #ffffff;\" target=\"_blank\" rel=\"noopener noreferrer\" href=\"https:\/\/www.planete-sciences.org\/mediterranee\/wp-content\/uploads\/2020\/07\/dossierdepresentation.pdf\">Dossier de pr\u00e9sentation<\/a><\/h2>\n<h2><span style=\"color: #00519e;\"><strong>Les sciences \u00e0 la port\u00e9e de tous!<\/strong><strong><img decoding=\"async\" class=\"alignleft wp-image-313\" src=\"https:\/\/www.planete-sciences.org\/mediterranee\/\/wp-content\/uploads\/2014\/06\/PhotoPSM3-300x225.jpg\" alt=\"OLYMPUS DIGITAL CAMERA\" width=\"215\" height=\"161\" srcset=\"https:\/\/www.planete-sciences.org\/mediterranee\/wp-content\/uploads\/2014\/06\/PhotoPSM3-300x225.jpg 300w, https:\/\/www.planete-sciences.org\/mediterranee\/wp-content\/uploads\/2014\/06\/PhotoPSM3-200x150.jpg 200w, https:\/\/www.planete-sciences.org\/mediterranee\/wp-content\/uploads\/2014\/06\/PhotoPSM3-600x450.jpg 600w, https:\/\/www.planete-sciences.org\/mediterranee\/wp-content\/uploads\/2014\/06\/PhotoPSM3-624x468.jpg 624w, https:\/\/www.planete-sciences.org\/mediterranee\/wp-content\/uploads\/2014\/06\/PhotoPSM3.jpg 1024w\" sizes=\"(max-width: 215px) 100vw, 215px\" \/><\/strong><\/span><\/h2>\n<p style=\"text-align: justify;\">Plan\u00e8te Sciences M\u00e9diterran\u00e9e est une association loi 1901, cr\u00e9\u00e9e en 1979 dont la mission est de d\u00e9velopper,&nbsp;pour les jeunes et les familles, la pratique des sciences et techniques dans une&nbsp;perspective \u00e9ducative et de d\u00e9veloppement durable, en relation avec les milieux professionnels et de la recherche.<\/p>\n<p style=\"text-align: justify;\"><strong><a title=\"Notre projet \u00e9ducatif\" href=\"https:\/\/www.planete-sciences.org\/mediterranee\/\/qui-sommes-nous\/notre-projet-educatif\/\" target=\"_blank\" rel=\"noopener noreferrer\">En savoir plus sur notre projet \u00e9ducatif<\/a><\/strong><\/p>\n<h2><span style=\"color: #00519e;\"><strong>La science sous toutes ses facettes<\/strong><\/span><\/h2>\n<p>Par la pratique d\u2019activit\u00e9s scientifiques et techniques, l\u2019association entend notamment&nbsp;:<\/p>\n<ul>\n<li>susciter l\u2019int\u00e9r\u00eat des jeunes pour la science dans un esprit de d\u00e9couverte,<\/li>\n<li>favoriser leur orientation vers les fili\u00e8res de formation scientifique, technologique, ou d\u2019animation,<\/li>\n<li>encourager les d\u00e9bats sur le r\u00f4le de la science face aux grands enjeux de soci\u00e9t\u00e9.<\/li>\n<\/ul>\n<p><span style=\"color: #cc4e95;\"><strong style=\"background-color: initial;\">Toutes les actions men\u00e9es par Plan\u00e8te Sciences M\u00e9diterran\u00e9e gravitent autour des th\u00e9matiques suivantes&nbsp;:<\/strong><\/span><\/p>\n<ul>\n<li><a style=\"background-color: initial;\" title=\"Environnement\" href=\"https:\/\/www.planete-sciences.org\/mediterranee\/\/thematiques\/environnement\/\">Environnement<\/a><\/li>\n<li><a style=\"background-color: initial;\" title=\"Energie\" href=\"https:\/\/www.planete-sciences.org\/mediterranee\/\/thematiques\/energie\/\">Energie<\/a><\/li>\n<li><a style=\"background-color: initial;\" title=\"Robotique\" href=\"https:\/\/www.planete-sciences.org\/mediterranee\/\/thematiques\/robotique\/\">Robotique<\/a><\/li>\n<li><a style=\"background-color: initial;\" title=\"Astronomie\" href=\"https:\/\/www.planete-sciences.org\/mediterranee\/\/thematiques\/astronomie\/\">Astronomie<\/a><\/li>\n<li><a style=\"background-color: initial;\" title=\"Espace\" href=\"https:\/\/www.planete-sciences.org\/mediterranee\/\/thematiques\/espace\/\">Espace<\/a><\/li>\n<\/ul>\n<h2><span style=\"color: #00519e;\"><strong>Un champ d\u2019action vari\u00e9<\/strong><\/span><\/h2>\n<p>A partir de grands th\u00e8mes d\u2019actualit\u00e9, Plan\u00e8te Sciences M\u00e9diterran\u00e9e con\u00e7oit, r\u00e9alise et anime&nbsp;:<\/p>\n<ul>\n<li>des <a title=\"Scolaire\" href=\"https:\/\/www.planete-sciences.org\/mediterranee\/\/activites\/scolaire\/\">animations\/projets scolaires<\/a><\/li>\n<li>des <a title=\"Formations\" href=\"https:\/\/www.planete-sciences.org\/mediterranee\/\/activites\/formations\/\">formations<\/a> d\u2019animateurs et d\u2019enseignements<\/li>\n<li>des <a title=\"Vacances et loisirs\" href=\"https:\/\/www.planete-sciences.org\/mediterranee\/\/activites\/vacances\/\">activit\u00e9s de loisirs<\/a>&nbsp;: s\u00e9jours de vacances, chantier de jeunes, centre de loisirs, clubs\u2026<\/li>\n<li>des manifestations grand public et des animations familiales<\/li>\n<li>des outils p\u00e9dagogiques<\/li>\n<\/ul>\n<h2><span style=\"color: #00519e;\"><strong>Une pr\u00e9sence r\u00e9gionale forte&nbsp;<\/strong><\/span><\/h2>\n<p>Pr\u00e9sents sur l\u2019ensemble de la r\u00e9gion PACA, nous sommes \u00e9galement \u00e0 votre \u00e9coute sur nos deux sites de Grasse et de La Seyne-sur-Mer.<\/p>\n<p><strong>Le si\u00e8ge social<\/strong>&nbsp;: <a href=\"https:\/\/goo.gl\/maps\/E3JvHd8gTo9w8wNcA\" target=\"_blank\" rel=\"noopener noreferrer\">11 rue Sans Peur, 06130 GRASSE<\/a><br \/>\n<strong>L\u2019antenne du Var et Bouches-du-Rh\u00f4ne<\/strong>&nbsp;: <a href=\"http:\/\/goo.gl\/maps\/p8ZQU\" target=\"_blank\" rel=\"noopener noreferrer\">6 rue Antelme, 83500 LA SEYNE-SUR-MER<\/a><\/p>\n<p><a title=\"L\u2019\u00e9quipe op\u00e9rationnelle\" href=\"https:\/\/www.planete-sciences.org\/mediterranee\/\/qui-sommes-nous\/lequipe-operationnelle\/\" target=\"_blank\" rel=\"noopener noreferrer\">D\u00e9couvrir l&rsquo;\u00e9quipe op\u00e9rationnelle de Plan\u00e8te Sciences M\u00e9diterran\u00e9e<\/a><\/p>\n<h3><span style=\"color: #019cdf;\">Gr\u00e2ce \u00e0 une \u00e9quipe de permanents, de nombreux b\u00e9n\u00e9voles et \u00e0&nbsp;une centaine d&rsquo;animateurs volontaires, Plan\u00e8te Sciences M\u00e9diterran\u00e9e&nbsp;:<\/span><\/h3>\n<ul>\n<li>touche chaque ann\u00e9e&nbsp;plus de 45 000 participants&nbsp;\u00e0 travers&nbsp;environ 300 projets<\/li>\n<li>participe \u00e0 de nombreux&nbsp;r\u00e9seaux d&rsquo;associations<\/li>\n<li><span style=\"background-color: initial;\">agit en partenariat avec plus de&nbsp;200 structures publiques&nbsp;(minist\u00e8res, conseils r\u00e9gionaux et&nbsp;<\/span><span style=\"background-color: initial;\">g\u00e9n\u00e9raux,&nbsp;<\/span><span style=\"background-color: initial;\">municipalit\u00e9s, communaut\u00e9s de communes, organismes de recherche&#8230;) et priv\u00e9es.<\/span><\/li>\n<\/ul>\n<p><span style=\"color: #cc4e95;\"><em>Plan\u00e8te Sciences M\u00e9diterran\u00e9e est membre du <a title=\"Le r\u00e9seau Plan\u00e8te Sciences\" href=\"https:\/\/www.planete-sciences.org\/mediterranee\/\/qui-sommes-nous\/le-reseau-planete-sciences\/\" target=\"_blank\" rel=\"noopener noreferrer\">r\u00e9seau national Plan\u00e8te Sciences<\/a>.<\/em><\/span><\/p>\n<h3><span style=\"color: #00519e;\"><strong>Plan\u00e8te Sciences M\u00e9diterran\u00e9e est agr\u00e9\u00e9e par&nbsp;:<\/strong><\/span><\/h3>\n<p>-le Minist\u00e8re de la Jeunesse et de l\u2019Education Populaire<br \/>\n-le Minist\u00e8re de l\u2019Education Nationale<br \/>\n-le Minist\u00e8re du Travail, de l\u2019emploi et de la Formation Professionnelle (entant qu\u2019organisme de formation)<\/p>\n<h3><span style=\"color: #00519e;\"><strong>Plan\u00e8te Sciences M\u00e9diterran\u00e9e est membre des r\u00e9seaux&nbsp;:<\/strong><\/span><\/h3>\n<ul>\n<li><strong>Ecole et Nature<\/strong>&nbsp;: r\u00e9seau national d\u2019\u00e9ducation \u00e0 l\u2019environnement&nbsp;<a href=\"http:\/\/www.ecole-et-nature.org\" target=\"_blank\" rel=\"noopener noreferrer\">www.ecole-et-nature.org<\/a><\/li>\n<\/ul>\n<ul>\n<li><strong>GRAINE PACA<\/strong> (Regroupement R\u00e9gionale d\u2019Animation et d\u2019Information sur la Nature et l\u2019Environnement)&nbsp;:&nbsp;<span style=\"background-color: initial;\">r\u00e9seau r\u00e9gional des acteurs de l\u2019\u00e9ducation \u00e0 l\u2019environnement et au d\u00e9veloppement durable en r\u00e9gion PACA&nbsp;<\/span><a href=\"http:\/\/www.grainepaca.org\/\" target=\"_blank\" rel=\"noopener noreferrer\">www.grainepaca.org<\/a><\/li>\n<\/ul>\n<ul>\n<li><strong>Culture Science PACA&nbsp;:<\/strong> r\u00e9seau r\u00e9gional des acteurs de la culture scientifique, technique&nbsp;<span style=\"background-color: initial;\">et&nbsp;<\/span><span style=\"background-color: initial;\">industrielle&nbsp;<\/span><a style=\"background-color: initial;\" href=\"https:\/\/www.echosciences-paca.fr\/\" target=\"_blank\" rel=\"noopener noreferrer\">www.echosciences-paca.fr<\/a><\/li>\n<\/ul>\n<ul>\n<li><strong>MILSET&nbsp;<\/strong>(Mouvement International pour le Loisir Scientifique et Technique)&nbsp;: r\u00e9seau international des acteurs&nbsp;de la culture scientifique et technique<\/li>\n<\/ul>\n<ul>\n<li><span style=\"background-color: initial;\"><strong>CLER<\/strong>&nbsp;: r\u00e9seau national pour la transition \u00e9nerg\u00e9tique&nbsp;<\/span><a style=\"font-size: 1rem;\" href=\"http:\/\/www.cler.org\/\" target=\"_blank\" rel=\"noopener noreferrer\">www.cler.org<\/a><\/li>\n<\/ul>\n<ul>\n<li><strong>CIRASTI <\/strong>(collectif inter associatif pour la r\u00e9alisation d\u2019activit\u00e9s scientifiques et techniques \u00e0 l\u2019international)&nbsp;:&nbsp;<span style=\"background-color: initial;\">r\u00e9seau inter associatif de l\u2019\u00e9ducation populaire et de l\u2019animation scientifique et technique.&nbsp;<\/span><a style=\"background-color: initial;\" href=\"http:\/\/www.cirasti.org\/\" target=\"_blank\" rel=\"noopener noreferrer\">www.cirasti.org<\/a><\/li>\n<\/ul>\n<ul>\n<li><strong>CIETM&nbsp;<\/strong>(Collectif&nbsp;d&rsquo;initiative pour l&rsquo;environnement du territoire des maures) <a href=\"https:\/\/cietm.fr\/\">cietm.fr<\/a><\/li>\n<\/ul>\n<p>&nbsp;<\/p>\n","protected":false},"excerpt":{"rendered":"<p>Plaquette de pr\u00e9sentation&nbsp;Dossier de pr\u00e9sentation Les sciences \u00e0 la port\u00e9e de tous! Plan\u00e8te Sciences M\u00e9diterran\u00e9e est une association loi 1901, cr\u00e9\u00e9e en 1979 dont la mission est de d\u00e9velopper,&nbsp;pour les jeunes et les familles, la pratique des sciences et techniques dans une&nbsp;perspective \u00e9ducative et de d\u00e9veloppement durable, en relation avec les milieux professionnels et de [&hellip;]<\/p>\n","protected":false},"author":1,"featured_media":0,"parent":0,"menu_order":0,"comment_status":"closed","ping_status":"open","template":"","meta":{"_acf_changed":false,"ngg_post_thumbnail":0,"footnotes":""},"class_list":["post-10","page","type-page","status-publish","hentry"],"acf":[],"_links":{"self":[{"href":"https:\/\/www.planete-sciences.org\/mediterranee\/wp-json\/wp\/v2\/pages\/10","targetHints":{"allow":["GET"]}}],"collection":[{"href":"https:\/\/www.planete-sciences.org\/mediterranee\/wp-json\/wp\/v2\/pages"}],"about":[{"href":"https:\/\/www.planete-sciences.org\/mediterranee\/wp-json\/wp\/v2\/types\/page"}],"author":[{"embeddable":true,"href":"https:\/\/www.planete-sciences.org\/mediterranee\/wp-json\/wp\/v2\/users\/1"}],"replies":[{"embeddable":true,"href":"https:\/\/www.planete-sciences.org\/mediterranee\/wp-json\/wp\/v2\/comments?post=10"}],"version-history":[{"count":33,"href":"https:\/\/www.planete-sciences.org\/mediterranee\/wp-json\/wp\/v2\/pages\/10\/revisions"}],"predecessor-version":[{"id":5475,"href":"https:\/\/www.planete-sciences.org\/mediterranee\/wp-json\/wp\/v2\/pages\/10\/revisions\/5475"}],"wp:attachment":[{"href":"https:\/\/www.planete-sciences.org\/mediterranee\/wp-json\/wp\/v2\/media?parent=10"}],"curies":[{"name":"wp","href":"https:\/\/api.w.org\/{rel}","templated":true}]}}