{"id":2960,"date":"2024-05-16T15:55:47","date_gmt":"2024-05-16T13:55:47","guid":{"rendered":"https:\/\/www.planete-sciences.org\/hautsdefrance\/?page_id=2960"},"modified":"2026-01-29T14:16:05","modified_gmt":"2026-01-29T13:16:05","slug":"nous-rejoindre","status":"publish","type":"page","link":"https:\/\/www.planete-sciences.org\/hautsdefrance\/nous-rejoindre\/","title":{"rendered":"Nous rejoindre"},"content":{"rendered":"\t\t<div data-elementor-type=\"wp-page\" data-elementor-id=\"2960\" class=\"elementor elementor-2960\">\n\t\t\t\t<div class=\"elementor-element elementor-element-b3070de e-con-full e-flex wpr-particle-no wpr-jarallax-no wpr-parallax-no wpr-sticky-section-no wpr-column-slider-no wpr-equal-height-no e-con e-parent\" data-id=\"b3070de\" data-element_type=\"container\" data-e-type=\"container\">\n\t\t<div class=\"elementor-element elementor-element-337d6322 e-con-full e-flex wpr-particle-no wpr-jarallax-no wpr-parallax-no wpr-sticky-section-no wpr-column-slider-no wpr-equal-height-no e-con e-child\" data-id=\"337d6322\" data-element_type=\"container\" data-e-type=\"container\" data-settings=\"{&quot;background_background&quot;:&quot;gradient&quot;}\">\n\t\t<div class=\"elementor-element elementor-element-2173376a e-flex e-con-boxed wpr-particle-no wpr-jarallax-no wpr-parallax-no wpr-sticky-section-no wpr-column-slider-no wpr-equal-height-no e-con e-child\" data-id=\"2173376a\" data-element_type=\"container\" data-e-type=\"container\">\n\t\t\t\t\t<div class=\"e-con-inner\">\n\t\t\t\t<div class=\"elementor-element elementor-element-21817122 elementor-widget__width-inherit elementor-widget elementor-widget-heading\" data-id=\"21817122\" data-element_type=\"widget\" data-e-type=\"widget\" data-widget_type=\"heading.default\">\n\t\t\t\t<div class=\"elementor-widget-container\">\n\t\t\t\t\t<h2 class=\"elementor-heading-title elementor-size-default\">Nous rejoindre<\/h2>\t\t\t\t<\/div>\n\t\t\t\t<\/div>\n\t\t\t\t\t<\/div>\n\t\t\t\t<\/div>\n\t\t\t\t<\/div>\n\t\t\t\t<\/div>\n\t\t<div class=\"elementor-element elementor-element-497f7d1 e-con-full e-flex wpr-particle-no wpr-jarallax-no wpr-parallax-no wpr-sticky-section-no wpr-column-slider-no wpr-equal-height-no e-con e-parent\" data-id=\"497f7d1\" data-element_type=\"container\" data-e-type=\"container\" data-settings=\"{&quot;background_background&quot;:&quot;gradient&quot;}\">\n\t\t<div class=\"elementor-element elementor-element-05765f3 e-con-full e-flex wpr-particle-no wpr-jarallax-no wpr-parallax-no wpr-sticky-section-no wpr-column-slider-no wpr-equal-height-no e-con e-child\" data-id=\"05765f3\" data-element_type=\"container\" data-e-type=\"container\" data-settings=\"{&quot;background_background&quot;:&quot;gradient&quot;}\">\n\t\t\t\t<div class=\"elementor-element elementor-element-f134cb9 elementor-widget__width-initial elementor-widget elementor-widget-heading\" data-id=\"f134cb9\" data-element_type=\"widget\" data-e-type=\"widget\" data-widget_type=\"heading.default\">\n\t\t\t\t<div class=\"elementor-widget-container\">\n\t\t\t\t\t<h2 class=\"elementor-heading-title elementor-size-default\">DEVENIR BENEVOLE CHEZ PLANETE  SCIENCES<\/h2>\t\t\t\t<\/div>\n\t\t\t\t<\/div>\n\t\t\t\t<\/div>\n\t\t\t\t<\/div>\n\t\t<div class=\"elementor-element elementor-element-5b7e32e e-grid e-con-full wpr-particle-no wpr-jarallax-no wpr-parallax-no wpr-sticky-section-no wpr-column-slider-no wpr-equal-height-no e-con e-parent\" data-id=\"5b7e32e\" data-element_type=\"container\" data-e-type=\"container\">\n\t\t\t\t<div class=\"elementor-element elementor-element-25de50c elementor-widget elementor-widget-text-editor\" data-id=\"25de50c\" data-element_type=\"widget\" data-e-type=\"widget\" data-widget_type=\"text-editor.default\">\n\t\t\t\t<div class=\"elementor-widget-container\">\n\t\t\t\t\t\t\t\t\t<p><strong>L&rsquo;implication b\u00e9n\u00e9vole est la force et la raison d&rsquo;\u00eatre de Plan\u00e8te Sciences<\/strong> depuis sa cr\u00e9ation en 1962. Aujourd&rsquo;hui ils sont plusieurs centaines. Quelques soient votre \u00e2ge, votre domaine d&rsquo;activit\u00e9s professionnelles vous serez les bienvenus. Les actions pouvant \u00eatre prises en charge par les b\u00e9n\u00e9voles sont extr\u00eamement diverses :<\/p><p>&#8211; s&rsquo;investir dans les instances de l&rsquo;association,<\/p><p>&#8211; contribuer \u00e0 la conception de nouveaux <strong>outils p\u00e9dagogiques<\/strong>, la r\u00e9alisation de mat\u00e9riel technique pour les activit\u00e9s des plus simples aux plus pointus, et aussi \u00e0 l&rsquo;organisation de nos \u00e9v\u00e8nements,<\/p><p>&#8211; participer \u00e0 des actions de communication toujours r\u00e9alis\u00e9es dans un <strong>esprit de partage<\/strong> et une <strong>ambiance conviviale<\/strong>.<\/p><p>Besoin d&rsquo;un renseignement \u00e0 propos du <strong>b\u00e9n\u00e9volat<\/strong>, n&rsquo;h\u00e9sitez pas \u00e0 nous contacter.<\/p>\t\t\t\t\t\t\t\t<\/div>\n\t\t\t\t<\/div>\n\t\t\t\t<div class=\"elementor-element elementor-element-3a30380 elementor-widget elementor-widget-image\" data-id=\"3a30380\" data-element_type=\"widget\" data-e-type=\"widget\" data-widget_type=\"image.default\">\n\t\t\t\t<div class=\"elementor-widget-container\">\n\t\t\t\t\t\t\t\t\t\t\t\t\t\t\t<img fetchpriority=\"high\" decoding=\"async\" width=\"960\" height=\"637\" src=\"https:\/\/www.planete-sciences.org\/hautsdefrance\/wp-content\/uploads\/2024\/06\/IMG_7793-1-1518x1007.jpg\" class=\"attachment-large size-large wp-image-4146\" alt=\"\" srcset=\"https:\/\/www.planete-sciences.org\/hautsdefrance\/wp-content\/uploads\/2024\/06\/IMG_7793-1-1518x1007.jpg 1518w, https:\/\/www.planete-sciences.org\/hautsdefrance\/wp-content\/uploads\/2024\/06\/IMG_7793-1-452x300.jpg 452w, https:\/\/www.planete-sciences.org\/hautsdefrance\/wp-content\/uploads\/2024\/06\/IMG_7793-1-150x100.jpg 150w, https:\/\/www.planete-sciences.org\/hautsdefrance\/wp-content\/uploads\/2024\/06\/IMG_7793-1-768x509.jpg 768w, https:\/\/www.planete-sciences.org\/hautsdefrance\/wp-content\/uploads\/2024\/06\/IMG_7793-1-1536x1019.jpg 1536w, https:\/\/www.planete-sciences.org\/hautsdefrance\/wp-content\/uploads\/2024\/06\/IMG_7793-1-2048x1359.jpg 2048w, https:\/\/www.planete-sciences.org\/hautsdefrance\/wp-content\/uploads\/2024\/06\/IMG_7793-1-624x414.jpg 624w\" sizes=\"(max-width: 960px) 100vw, 960px\" \/>\t\t\t\t\t\t\t\t\t\t\t\t\t\t\t<\/div>\n\t\t\t\t<\/div>\n\t\t\t\t<\/div>\n\t\t<div class=\"elementor-element elementor-element-afc396c e-flex e-con-boxed wpr-particle-no wpr-jarallax-no wpr-parallax-no wpr-sticky-section-no wpr-column-slider-no wpr-equal-height-no e-con e-parent\" data-id=\"afc396c\" data-element_type=\"container\" data-e-type=\"container\">\n\t\t\t\t\t<div class=\"e-con-inner\">\n\t\t\t\t<div class=\"elementor-element elementor-element-99513d1 elementor-widget elementor-widget-text-editor\" data-id=\"99513d1\" data-element_type=\"widget\" data-e-type=\"widget\" data-widget_type=\"text-editor.default\">\n\t\t\t\t<div class=\"elementor-widget-container\">\n\t\t\t\t\t\t\t\t\t<p><a href=\"mailto:contact@planete-sciences-hdf.org\">contact@planete-sciences-hdf.org<\/a><\/p>\t\t\t\t\t\t\t\t<\/div>\n\t\t\t\t<\/div>\n\t\t\t\t\t<\/div>\n\t\t\t\t<\/div>\n\t\t<div class=\"elementor-element elementor-element-6260d416 e-flex e-con-boxed wpr-particle-no wpr-jarallax-no wpr-parallax-no wpr-sticky-section-no wpr-column-slider-no wpr-equal-height-no e-con e-parent\" data-id=\"6260d416\" data-element_type=\"container\" data-e-type=\"container\">\n\t\t\t\t\t<div class=\"e-con-inner\">\n\t\t<div class=\"elementor-element elementor-element-895e686 e-flex e-con-boxed wpr-particle-no wpr-jarallax-no wpr-parallax-no wpr-sticky-section-no wpr-column-slider-no wpr-equal-height-no e-con e-child\" data-id=\"895e686\" data-element_type=\"container\" data-e-type=\"container\">\n\t\t\t\t\t<div class=\"e-con-inner\">\n\t\t<div class=\"elementor-element elementor-element-59dbccb e-con-full e-flex wpr-particle-no wpr-jarallax-no wpr-parallax-no wpr-sticky-section-no wpr-column-slider-no wpr-equal-height-no e-con e-child\" data-id=\"59dbccb\" data-element_type=\"container\" data-e-type=\"container\">\n\t\t\t\t<div class=\"elementor-element elementor-element-839842a elementor-widget elementor-widget-image\" data-id=\"839842a\" data-element_type=\"widget\" data-e-type=\"widget\" data-widget_type=\"image.default\">\n\t\t\t\t<div class=\"elementor-widget-container\">\n\t\t\t\t\t\t\t\t\t\t\t\t\t\t\t<img decoding=\"async\" width=\"800\" height=\"445\" src=\"https:\/\/www.planete-sciences.org\/hautsdefrance\/wp-content\/uploads\/2024\/06\/adherez-800x445-1.jpg\" class=\"attachment-large size-large wp-image-4153\" alt=\"\" srcset=\"https:\/\/www.planete-sciences.org\/hautsdefrance\/wp-content\/uploads\/2024\/06\/adherez-800x445-1.jpg 800w, https:\/\/www.planete-sciences.org\/hautsdefrance\/wp-content\/uploads\/2024\/06\/adherez-800x445-1-539x300.jpg 539w, https:\/\/www.planete-sciences.org\/hautsdefrance\/wp-content\/uploads\/2024\/06\/adherez-800x445-1-150x83.jpg 150w, https:\/\/www.planete-sciences.org\/hautsdefrance\/wp-content\/uploads\/2024\/06\/adherez-800x445-1-768x427.jpg 768w, https:\/\/www.planete-sciences.org\/hautsdefrance\/wp-content\/uploads\/2024\/06\/adherez-800x445-1-624x347.jpg 624w\" sizes=\"(max-width: 800px) 100vw, 800px\" \/>\t\t\t\t\t\t\t\t\t\t\t\t\t\t\t<\/div>\n\t\t\t\t<\/div>\n\t\t\t\t<\/div>\n\t\t<div class=\"elementor-element elementor-element-a2fd5af e-con-full e-flex wpr-particle-no wpr-jarallax-no wpr-parallax-no wpr-sticky-section-no wpr-column-slider-no wpr-equal-height-no e-con e-child\" data-id=\"a2fd5af\" data-element_type=\"container\" data-e-type=\"container\">\n\t\t<div class=\"elementor-element elementor-element-a605a70 elementor-hidden-mobile e-flex e-con-boxed wpr-particle-no wpr-jarallax-no wpr-parallax-no wpr-sticky-section-no wpr-column-slider-no wpr-equal-height-no e-con e-child\" data-id=\"a605a70\" data-element_type=\"container\" data-e-type=\"container\">\n\t\t\t\t\t<div class=\"e-con-inner\">\n\t\t\t\t<div class=\"elementor-element elementor-element-f88ab7f elementor-widget elementor-widget-heading\" data-id=\"f88ab7f\" data-element_type=\"widget\" data-e-type=\"widget\" data-widget_type=\"heading.default\">\n\t\t\t\t<div class=\"elementor-widget-container\">\n\t\t\t\t\t<h2 class=\"elementor-heading-title elementor-size-default\">ADHERER A PLANETE SCIENCES<\/h2>\t\t\t\t<\/div>\n\t\t\t\t<\/div>\n\t\t\t\t\t<\/div>\n\t\t\t\t<\/div>\n\t\t<div class=\"elementor-element elementor-element-dd54ad0 e-flex e-con-boxed wpr-particle-no wpr-jarallax-no wpr-parallax-no wpr-sticky-section-no wpr-column-slider-no wpr-equal-height-no e-con e-child\" data-id=\"dd54ad0\" data-element_type=\"container\" data-e-type=\"container\">\n\t\t\t\t\t<div class=\"e-con-inner\">\n\t\t\t\t<div class=\"elementor-element elementor-element-6b314e9 elementor-widget elementor-widget-text-editor\" data-id=\"6b314e9\" data-element_type=\"widget\" data-e-type=\"widget\" data-widget_type=\"text-editor.default\">\n\t\t\t\t<div class=\"elementor-widget-container\">\n\t\t\t\t\t\t\t\t\t<p><strong>Toute personne ou structure int\u00e9ress\u00e9e par nos activit\u00e9s, notre d\u00e9marche, les valeurs et l&rsquo;esprit associatif, peut adh\u00e9rer \u00e0 Plan\u00e8te Sciences.<\/strong><\/p><p>Vous aurez l&rsquo;opportunit\u00e9 de vous impliquer comme b\u00e9n\u00e9vole et\/ou dans ses instances.<\/p><p><strong>Vous souhaitez nous rejoindre ?<\/strong> T\u00e9l\u00e9chargez puis remplissez le formulaire disponible ci-dessous, fa\u00eetes un r\u00e8glement par ch\u00e8que \u00e0 l&rsquo;ordre de Plan\u00e8te Sciences Hauts-de-France et envoyez le tout \u00e0 :<\/p>\t\t\t\t\t\t\t\t<\/div>\n\t\t\t\t<\/div>\n\t\t\t\t<div class=\"elementor-element elementor-element-73a24f5 elementor-widget elementor-widget-text-editor\" data-id=\"73a24f5\" data-element_type=\"widget\" data-e-type=\"widget\" data-widget_type=\"text-editor.default\">\n\t\t\t\t<div class=\"elementor-widget-container\">\n\t\t\t\t\t\t\t\t\t<p>PLANETE SCIENCES Hauts-de-France<\/p>\n<p>27 rue Pierre B\u00e9riot<\/p>\n<p>59220 DENAIN<\/p>\t\t\t\t\t\t\t\t<\/div>\n\t\t\t\t<\/div>\n\t\t\t\t<div class=\"elementor-element elementor-element-3963208 elementor-align-center elementor-widget__width-initial elementor-widget elementor-widget-button\" data-id=\"3963208\" data-element_type=\"widget\" data-e-type=\"widget\" data-widget_type=\"button.default\">\n\t\t\t\t<div class=\"elementor-widget-container\">\n\t\t\t\t\t\t\t\t\t<div class=\"elementor-button-wrapper\">\n\t\t\t\t\t<a class=\"elementor-button elementor-button-link elementor-size-sm\" href=\"https:\/\/www.planete-sciences.org\/hautsdefrance\/wp-content\/uploads\/2026\/01\/bulletin-adhesion-PSHDF-2026.pdf\" target=\"_blank\" sdm_download_counter=\"\">\n\t\t\t\t\t\t<span class=\"elementor-button-content-wrapper\">\n\t\t\t\t\t\t<span class=\"elementor-button-icon\">\n\t\t\t\t<svg aria-hidden=\"true\" class=\"e-font-icon-svg e-fas-arrow-circle-down\" viewBox=\"0 0 512 512\" xmlns=\"http:\/\/www.w3.org\/2000\/svg\"><path d=\"M504 256c0 137-111 248-248 248S8 393 8 256 119 8 256 8s248 111 248 248zm-143.6-28.9L288 302.6V120c0-13.3-10.7-24-24-24h-16c-13.3 0-24 10.7-24 24v182.6l-72.4-75.5c-9.3-9.7-24.8-9.9-34.3-.4l-10.9 11c-9.4 9.4-9.4 24.6 0 33.9L239 404.3c9.4 9.4 24.6 9.4 33.9 0l132.7-132.7c9.4-9.4 9.4-24.6 0-33.9l-10.9-11c-9.5-9.5-25-9.3-34.3.4z\"><\/path><\/svg>\t\t\t<\/span>\n\t\t\t\t\t\t\t\t\t<span class=\"elementor-button-text\">T\u00e9l\u00e9charger le formulaire d'adh\u00e9sion<\/span>\n\t\t\t\t\t<\/span>\n\t\t\t\t\t<\/a>\n\t\t\t\t<\/div>\n\t\t\t\t\t\t\t\t<\/div>\n\t\t\t\t<\/div>\n\t\t\t\t\t<\/div>\n\t\t\t\t<\/div>\n\t\t\t\t<\/div>\n\t\t\t\t\t<\/div>\n\t\t\t\t<\/div>\n\t\t\t\t\t<\/div>\n\t\t\t\t<\/div>\n\t\t<div class=\"elementor-element elementor-element-7363c6a e-con-full e-flex wpr-particle-no wpr-jarallax-no wpr-parallax-no wpr-sticky-section-no wpr-column-slider-no wpr-equal-height-no e-con e-parent\" data-id=\"7363c6a\" data-element_type=\"container\" data-e-type=\"container\" data-settings=\"{&quot;background_background&quot;:&quot;gradient&quot;}\">\n\t\t<div class=\"elementor-element elementor-element-0dba090 e-con-full e-flex wpr-particle-no wpr-jarallax-no wpr-parallax-no wpr-sticky-section-no wpr-column-slider-no wpr-equal-height-no e-con e-child\" data-id=\"0dba090\" data-element_type=\"container\" data-e-type=\"container\" data-settings=\"{&quot;background_background&quot;:&quot;gradient&quot;}\">\n\t\t\t\t<div class=\"elementor-element elementor-element-1524aed elementor-widget__width-initial elementor-widget elementor-widget-heading\" data-id=\"1524aed\" data-element_type=\"widget\" data-e-type=\"widget\" data-widget_type=\"heading.default\">\n\t\t\t\t<div class=\"elementor-widget-container\">\n\t\t\t\t\t<h2 class=\"elementor-heading-title elementor-size-default\">FAIRE UN DON EN FAVEUR DE PLANETE  SCIENCES<\/h2>\t\t\t\t<\/div>\n\t\t\t\t<\/div>\n\t\t\t\t<\/div>\n\t\t\t\t<\/div>\n\t\t<div class=\"elementor-element elementor-element-3464e49 e-flex e-con-boxed wpr-particle-no wpr-jarallax-no wpr-parallax-no wpr-sticky-section-no wpr-column-slider-no wpr-equal-height-no e-con e-parent\" data-id=\"3464e49\" data-element_type=\"container\" data-e-type=\"container\">\n\t\t\t\t\t<div class=\"e-con-inner\">\n\t\t\t\t<div class=\"elementor-element elementor-element-d191c35 elementor-widget elementor-widget-text-editor\" data-id=\"d191c35\" data-element_type=\"widget\" data-e-type=\"widget\" data-widget_type=\"text-editor.default\">\n\t\t\t\t<div class=\"elementor-widget-container\">\n\t\t\t\t\t\t\t\t\t<p>Vous souhaitez nous aider \u00e0 d\u00e9velopper notre association ? Vous partagez nos valeurs, nos id\u00e9es mais vous n&rsquo;avez pas le temps de vous investir physiquement ? <strong>Vous pouvez \u00eatre donateur<\/strong> !<\/p><p>Que vous\u00a0 soyez particulier ou entreprise, faire un don \u00e0 Plan\u00e8te Sciences Hauts-de-France vous permet de <strong>b\u00e9n\u00e9ficier d&rsquo;une r\u00e9duction fiscale,<\/strong> selon les conditions g\u00e9n\u00e9rales pr\u00e9vus aux articles 200 et 238 bis du code g\u00e9n\u00e9ral des imp\u00f4ts.<\/p><p>Le don peut s&rsquo;effectuer en esp\u00e8ces, en passant\u00a0 dans l&rsquo;une de nos antennes, ou par ch\u00e8que \u00e0 l&rsquo;ordre de <strong>Plan\u00e8te Sciences Hauts-de-France,<\/strong>\u00a0en l&rsquo;envoyant au si\u00e8ge social.<\/p>\t\t\t\t\t\t\t\t<\/div>\n\t\t\t\t<\/div>\n\t\t\t\t\t<\/div>\n\t\t\t\t<\/div>\n\t\t<div class=\"elementor-element elementor-element-72d00f8 e-flex e-con-boxed wpr-particle-no wpr-jarallax-no wpr-parallax-no wpr-sticky-section-no wpr-column-slider-no wpr-equal-height-no e-con e-parent\" data-id=\"72d00f8\" data-element_type=\"container\" data-e-type=\"container\">\n\t\t\t\t\t<div class=\"e-con-inner\">\n\t\t\t\t<div class=\"elementor-element elementor-element-6af0230 elementor-widget elementor-widget-text-editor\" data-id=\"6af0230\" data-element_type=\"widget\" data-e-type=\"widget\" data-widget_type=\"text-editor.default\">\n\t\t\t\t<div class=\"elementor-widget-container\">\n\t\t\t\t\t\t\t\t\t<p>PLANETE SCIENCES Hauts-de-France \u00a0 \u00a0 \u00a0\u00a0 27 rue Pierre B\u00e9riot 59220 DENAIN<\/p>\t\t\t\t\t\t\t\t<\/div>\n\t\t\t\t<\/div>\n\t\t\t\t\t<\/div>\n\t\t\t\t<\/div>\n\t\t<div class=\"elementor-element elementor-element-8d29225 e-flex e-con-boxed wpr-particle-no wpr-jarallax-no wpr-parallax-no wpr-sticky-section-no wpr-column-slider-no wpr-equal-height-no e-con e-parent\" data-id=\"8d29225\" data-element_type=\"container\" data-e-type=\"container\">\n\t\t\t\t\t<div class=\"e-con-inner\">\n\t\t\t\t<div class=\"elementor-element elementor-element-90329be elementor-widget elementor-widget-text-editor\" data-id=\"90329be\" data-element_type=\"widget\" data-e-type=\"widget\" data-widget_type=\"text-editor.default\">\n\t\t\t\t<div class=\"elementor-widget-container\">\n\t\t\t\t\t\t\t\t\t<p>Cliquez sur le lien ci-dessous pour consulter le montant de vos r\u00e9ductions d&rsquo;imp\u00f4ts possible, ainsi que les modalit\u00e9s de dons.<\/p>\t\t\t\t\t\t\t\t<\/div>\n\t\t\t\t<\/div>\n\t\t\t\t\t<\/div>\n\t\t\t\t<\/div>\n\t\t<div class=\"elementor-element elementor-element-ad897f4 e-flex e-con-boxed wpr-particle-no wpr-jarallax-no wpr-parallax-no wpr-sticky-section-no wpr-column-slider-no wpr-equal-height-no e-con e-parent\" data-id=\"ad897f4\" data-element_type=\"container\" data-e-type=\"container\">\n\t\t\t\t\t<div class=\"e-con-inner\">\n\t\t\t\t<div class=\"elementor-element elementor-element-61183d8 elementor-align-center elementor-widget__width-initial elementor-widget elementor-widget-button\" data-id=\"61183d8\" data-element_type=\"widget\" data-e-type=\"widget\" data-widget_type=\"button.default\">\n\t\t\t\t<div class=\"elementor-widget-container\">\n\t\t\t\t\t\t\t\t\t<div class=\"elementor-button-wrapper\">\n\t\t\t\t\t<a class=\"elementor-button elementor-button-link elementor-size-sm\" href=\"https:\/\/www.economie.gouv.fr\/particuliers\/prelevement-a-la-source-reductions-fiscales-dons-associations\" target=\"_blank\" sdm_download_counter=\"\">\n\t\t\t\t\t\t<span class=\"elementor-button-content-wrapper\">\n\t\t\t\t\t\t<span class=\"elementor-button-icon\">\n\t\t\t\t<svg aria-hidden=\"true\" class=\"e-font-icon-svg e-fas-arrow-circle-down\" viewBox=\"0 0 512 512\" xmlns=\"http:\/\/www.w3.org\/2000\/svg\"><path d=\"M504 256c0 137-111 248-248 248S8 393 8 256 119 8 256 8s248 111 248 248zm-143.6-28.9L288 302.6V120c0-13.3-10.7-24-24-24h-16c-13.3 0-24 10.7-24 24v182.6l-72.4-75.5c-9.3-9.7-24.8-9.9-34.3-.4l-10.9 11c-9.4 9.4-9.4 24.6 0 33.9L239 404.3c9.4 9.4 24.6 9.4 33.9 0l132.7-132.7c9.4-9.4 9.4-24.6 0-33.9l-10.9-11c-9.5-9.5-25-9.3-34.3.4z\"><\/path><\/svg>\t\t\t<\/span>\n\t\t\t\t\t\t\t\t\t<span class=\"elementor-button-text\">R\u00e9ductions d'imp\u00f4ts et modalit\u00e9s de dons<\/span>\n\t\t\t\t\t<\/span>\n\t\t\t\t\t<\/a>\n\t\t\t\t<\/div>\n\t\t\t\t\t\t\t\t<\/div>\n\t\t\t\t<\/div>\n\t\t\t\t\t<\/div>\n\t\t\t\t<\/div>\n\t\t\t\t<\/div>\n\t\t","protected":false},"excerpt":{"rendered":"<p>Nous rejoindre DEVENIR BENEVOLE CHEZ PLANETE SCIENCES L&rsquo;implication b\u00e9n\u00e9vole est la force et la raison d&rsquo;\u00eatre de Plan\u00e8te Sciences depuis sa cr\u00e9ation en 1962. Aujourd&rsquo;hui ils sont plusieurs centaines. Quelques soient votre \u00e2ge, votre domaine d&rsquo;activit\u00e9s professionnelles vous serez les bienvenus. Les actions pouvant \u00eatre prises en charge par les b\u00e9n\u00e9voles sont extr\u00eamement diverses : &#8211; s&rsquo;investir dans les instances de l&rsquo;association, &#8211; contribuer \u00e0 la conception de nouveaux outils p\u00e9dagogiques, la r\u00e9alisation de mat\u00e9riel technique pour les activit\u00e9s des plus simples aux plus pointus, et aussi \u00e0 l&rsquo;organisation de nos \u00e9v\u00e8nements, &#8211; participer \u00e0 des actions de communication toujours r\u00e9alis\u00e9es dans un esprit de partage et une ambiance conviviale. Besoin d&rsquo;un renseignement \u00e0 propos du b\u00e9n\u00e9volat, n&rsquo;h\u00e9sitez pas \u00e0 nous contacter. contact@planete-sciences-hdf.org ADHERER A PLANETE SCIENCES Toute personne ou structure int\u00e9ress\u00e9e par nos activit\u00e9s, notre d\u00e9marche, les valeurs et l&rsquo;esprit associatif, peut adh\u00e9rer \u00e0 Plan\u00e8te Sciences. Vous aurez l&rsquo;opportunit\u00e9 de vous impliquer comme b\u00e9n\u00e9vole et\/ou dans ses instances. Vous souhaitez nous rejoindre ? T\u00e9l\u00e9chargez puis remplissez le formulaire disponible ci-dessous, fa\u00eetes un r\u00e8glement par ch\u00e8que \u00e0 l&rsquo;ordre de Plan\u00e8te Sciences Hauts-de-France et envoyez le tout \u00e0 : PLANETE SCIENCES Hauts-de-France 27 rue Pierre B\u00e9riot 59220 DENAIN T\u00e9l\u00e9charger le formulaire d&rsquo;adh\u00e9sion FAIRE UN DON EN FAVEUR DE PLANETE SCIENCES Vous souhaitez nous aider \u00e0 d\u00e9velopper notre association ? Vous partagez nos valeurs, nos id\u00e9es mais vous n&rsquo;avez pas le temps de vous investir physiquement ? Vous pouvez \u00eatre donateur ! Que vous\u00a0 soyez particulier ou entreprise, faire un don \u00e0 Plan\u00e8te Sciences Hauts-de-France vous permet de b\u00e9n\u00e9ficier d&rsquo;une r\u00e9duction fiscale, selon les conditions g\u00e9n\u00e9rales pr\u00e9vus aux articles 200 et 238 bis du code g\u00e9n\u00e9ral des imp\u00f4ts. Le don peut s&rsquo;effectuer en esp\u00e8ces, en passant\u00a0 dans l&rsquo;une de nos antennes, ou par ch\u00e8que \u00e0 l&rsquo;ordre de Plan\u00e8te Sciences Hauts-de-France,\u00a0en l&rsquo;envoyant au si\u00e8ge social. PLANETE SCIENCES Hauts-de-France \u00a0 \u00a0 \u00a0\u00a0 27 rue Pierre B\u00e9riot 59220 DENAIN Cliquez sur le lien ci-dessous pour consulter le montant de vos r\u00e9ductions d&rsquo;imp\u00f4ts possible, ainsi que les modalit\u00e9s de dons. R\u00e9ductions d&rsquo;imp\u00f4ts et modalit\u00e9s de dons<\/p>\n","protected":false},"author":8,"featured_media":0,"parent":0,"menu_order":0,"comment_status":"closed","ping_status":"closed","template":"","meta":{"footnotes":""},"class_list":["post-2960","page","type-page","status-publish","hentry"],"_links":{"self":[{"href":"https:\/\/www.planete-sciences.org\/hautsdefrance\/wp-json\/wp\/v2\/pages\/2960","targetHints":{"allow":["GET"]}}],"collection":[{"href":"https:\/\/www.planete-sciences.org\/hautsdefrance\/wp-json\/wp\/v2\/pages"}],"about":[{"href":"https:\/\/www.planete-sciences.org\/hautsdefrance\/wp-json\/wp\/v2\/types\/page"}],"author":[{"embeddable":true,"href":"https:\/\/www.planete-sciences.org\/hautsdefrance\/wp-json\/wp\/v2\/users\/8"}],"replies":[{"embeddable":true,"href":"https:\/\/www.planete-sciences.org\/hautsdefrance\/wp-json\/wp\/v2\/comments?post=2960"}],"version-history":[{"count":224,"href":"https:\/\/www.planete-sciences.org\/hautsdefrance\/wp-json\/wp\/v2\/pages\/2960\/revisions"}],"predecessor-version":[{"id":5752,"href":"https:\/\/www.planete-sciences.org\/hautsdefrance\/wp-json\/wp\/v2\/pages\/2960\/revisions\/5752"}],"wp:attachment":[{"href":"https:\/\/www.planete-sciences.org\/hautsdefrance\/wp-json\/wp\/v2\/media?parent=2960"}],"curies":[{"name":"wp","href":"https:\/\/api.w.org\/{rel}","templated":true}]}}