{"id":1927,"date":"2024-04-25T23:26:54","date_gmt":"2024-04-25T21:26:54","guid":{"rendered":"http:\/\/www.planete-sciences.org\/hautsdefrance\/?page_id=1927"},"modified":"2024-06-17T15:28:15","modified_gmt":"2024-06-17T13:28:15","slug":"nos-antennes","status":"publish","type":"page","link":"https:\/\/www.planete-sciences.org\/hautsdefrance\/nos-antennes\/","title":{"rendered":"Nos antennes"},"content":{"rendered":"\t\t<div data-elementor-type=\"wp-page\" data-elementor-id=\"1927\" class=\"elementor elementor-1927\">\n\t\t\t\t<div class=\"elementor-element elementor-element-404b85b7 e-con-full e-flex wpr-particle-no wpr-jarallax-no wpr-parallax-no wpr-sticky-section-no wpr-equal-height-no e-con e-parent\" data-id=\"404b85b7\" data-element_type=\"container\" data-e-type=\"container\" data-settings=\"{&quot;background_background&quot;:&quot;classic&quot;,&quot;shape_divider_top&quot;:&quot;tilt&quot;,&quot;shape_divider_bottom&quot;:&quot;tilt&quot;}\">\n\t\t\t\t<div class=\"elementor-shape elementor-shape-top\" aria-hidden=\"true\" data-negative=\"false\">\n\t\t\t<svg xmlns=\"http:\/\/www.w3.org\/2000\/svg\" viewBox=\"0 0 1000 100\" preserveAspectRatio=\"none\">\n\t<path class=\"elementor-shape-fill\" d=\"M0,6V0h1000v100L0,6z\"\/>\n<\/svg>\t\t<\/div>\n\t\t\t\t<div class=\"elementor-shape elementor-shape-bottom\" aria-hidden=\"true\" data-negative=\"false\">\n\t\t\t<svg xmlns=\"http:\/\/www.w3.org\/2000\/svg\" viewBox=\"0 0 1000 100\" preserveAspectRatio=\"none\">\n\t<path class=\"elementor-shape-fill\" d=\"M0,6V0h1000v100L0,6z\"\/>\n<\/svg>\t\t<\/div>\n\t\t<div class=\"elementor-element elementor-element-59c43fbd e-con-full e-flex wpr-particle-no wpr-jarallax-no wpr-parallax-no wpr-sticky-section-no wpr-equal-height-no e-con e-child\" data-id=\"59c43fbd\" data-element_type=\"container\" data-e-type=\"container\" data-settings=\"{&quot;background_background&quot;:&quot;gradient&quot;}\">\n\t\t<div class=\"elementor-element elementor-element-36714a10 e-flex e-con-boxed wpr-particle-no wpr-jarallax-no wpr-parallax-no wpr-sticky-section-no wpr-equal-height-no e-con e-child\" data-id=\"36714a10\" data-element_type=\"container\" data-e-type=\"container\">\n\t\t\t\t\t<div class=\"e-con-inner\">\n\t\t\t\t<div class=\"elementor-element elementor-element-7a3d4f89 elementor-widget__width-inherit elementor-widget elementor-widget-heading\" data-id=\"7a3d4f89\" data-element_type=\"widget\" data-e-type=\"widget\" data-widget_type=\"heading.default\">\n\t\t\t\t<div class=\"elementor-widget-container\">\n\t\t\t\t\t<h2 class=\"elementor-heading-title elementor-size-default\">Nos antennes<\/h2>\t\t\t\t<\/div>\n\t\t\t\t<\/div>\n\t\t\t\t\t<\/div>\n\t\t\t\t<\/div>\n\t\t\t\t<\/div>\n\t\t\t\t<\/div>\n\t\t<div class=\"elementor-element elementor-element-85150d7 e-flex e-con-boxed wpr-particle-no wpr-jarallax-no wpr-parallax-no wpr-sticky-section-no wpr-equal-height-no e-con e-parent\" data-id=\"85150d7\" data-element_type=\"container\" data-e-type=\"container\">\n\t\t\t\t\t<div class=\"e-con-inner\">\n\t\t\t\t<div class=\"elementor-element elementor-element-4b0d83e elementor-widget elementor-widget-text-editor\" data-id=\"4b0d83e\" data-element_type=\"widget\" data-e-type=\"widget\" data-widget_type=\"text-editor.default\">\n\t\t\t\t<div class=\"elementor-widget-container\">\n\t\t\t\t\t\t\t\t\t<blockquote>\n<p style=\"text-align: center;\"><span style=\"color: #ec008c;\"><strong>L&rsquo;association Plan\u00e8te Sciences Hauts de France<\/strong><\/span> a \u00e9t\u00e9 cr\u00e9\u00e9e le 20 septembre 2017, suite \u00e0 la fusion des deux d\u00e9l\u00e9gations <strong>Picardie<\/strong> et <strong>Nord Pas de Calais.<\/strong><\/p>\n<p style=\"text-align: center;\">Elle est d\u00e9ploy\u00e9e sur le territoire \u00e0 travers <span style=\"color: #ec008c;\"><b>3 antennes <\/b><\/span>qui ont pour vocation d&rsquo;animer chaque d\u00e9partement.<span style=\"color: #e97132; font-size: 10pt;\"><br><\/span><\/p>\n<p style=\"margin-bottom: 19.2pt; line-height: normal; background-image: initial; background-position: initial; background-size: initial; background-repeat: initial; background-attachment: initial; background-origin: initial; background-clip: initial;\">\n<\/p><\/blockquote>\t\t\t\t\t\t\t\t<\/div>\n\t\t\t\t<\/div>\n\t\t\t\t\t<\/div>\n\t\t\t\t<\/div>\n\t\t<div class=\"elementor-element elementor-element-2ea5950 e-flex e-con-boxed wpr-particle-no wpr-jarallax-no wpr-parallax-no wpr-sticky-section-no wpr-equal-height-no e-con e-parent\" data-id=\"2ea5950\" data-element_type=\"container\" data-e-type=\"container\">\n\t\t\t\t\t<div class=\"e-con-inner\">\n\t\t\t\t<div class=\"elementor-element elementor-element-d46fdd1 elementor-hidden-mobile elementor-invisible elementor-widget elementor-widget-image\" data-id=\"d46fdd1\" data-element_type=\"widget\" data-e-type=\"widget\" data-settings=\"{&quot;_animation&quot;:&quot;fadeIn&quot;}\" data-widget_type=\"image.default\">\n\t\t\t\t<div class=\"elementor-widget-container\">\n\t\t\t\t\t\t\t\t\t\t\t\t\t\t\t<img fetchpriority=\"high\" decoding=\"async\" width=\"2560\" height=\"1520\" src=\"https:\/\/www.planete-sciences.org\/hautsdefrance\/wp-content\/uploads\/2024\/05\/block-adresse-1-scaled.jpg\" class=\"attachment-full size-full wp-image-3524\" alt=\"\" srcset=\"https:\/\/www.planete-sciences.org\/hautsdefrance\/wp-content\/uploads\/2024\/05\/block-adresse-1-scaled.jpg 2560w, https:\/\/www.planete-sciences.org\/hautsdefrance\/wp-content\/uploads\/2024\/05\/block-adresse-1-505x300.jpg 505w, https:\/\/www.planete-sciences.org\/hautsdefrance\/wp-content\/uploads\/2024\/05\/block-adresse-1-1518x901.jpg 1518w, https:\/\/www.planete-sciences.org\/hautsdefrance\/wp-content\/uploads\/2024\/05\/block-adresse-1-150x89.jpg 150w, https:\/\/www.planete-sciences.org\/hautsdefrance\/wp-content\/uploads\/2024\/05\/block-adresse-1-768x456.jpg 768w, https:\/\/www.planete-sciences.org\/hautsdefrance\/wp-content\/uploads\/2024\/05\/block-adresse-1-1536x912.jpg 1536w, https:\/\/www.planete-sciences.org\/hautsdefrance\/wp-content\/uploads\/2024\/05\/block-adresse-1-2048x1216.jpg 2048w, https:\/\/www.planete-sciences.org\/hautsdefrance\/wp-content\/uploads\/2024\/05\/block-adresse-1-624x371.jpg 624w\" sizes=\"(max-width: 2560px) 100vw, 2560px\" \/>\t\t\t\t\t\t\t\t\t\t\t\t\t\t\t<\/div>\n\t\t\t\t<\/div>\n\t\t\t\t\t<\/div>\n\t\t\t\t<\/div>\n\t\t<div class=\"elementor-element elementor-element-b4c79df e-flex e-con-boxed wpr-particle-no wpr-jarallax-no wpr-parallax-no wpr-sticky-section-no wpr-equal-height-no e-con e-parent\" data-id=\"b4c79df\" data-element_type=\"container\" data-e-type=\"container\">\n\t\t\t\t\t<div class=\"e-con-inner\">\n\t\t\t\t<div class=\"elementor-element elementor-element-5a926a6 elementor-hidden-desktop elementor-hidden-laptop elementor-hidden-tablet elementor-invisible elementor-widget elementor-widget-image\" data-id=\"5a926a6\" data-element_type=\"widget\" data-e-type=\"widget\" data-settings=\"{&quot;_animation&quot;:&quot;fadeIn&quot;}\" data-widget_type=\"image.default\">\n\t\t\t\t<div class=\"elementor-widget-container\">\n\t\t\t\t\t\t\t\t\t\t\t\t\t\t\t<img decoding=\"async\" width=\"1104\" height=\"2560\" src=\"https:\/\/www.planete-sciences.org\/hautsdefrance\/wp-content\/uploads\/2024\/06\/block-adresse-portable-scaled.jpg\" class=\"attachment-full size-full wp-image-4362\" alt=\"\" srcset=\"https:\/\/www.planete-sciences.org\/hautsdefrance\/wp-content\/uploads\/2024\/06\/block-adresse-portable-scaled.jpg 1104w, https:\/\/www.planete-sciences.org\/hautsdefrance\/wp-content\/uploads\/2024\/06\/block-adresse-portable-129x300.jpg 129w, https:\/\/www.planete-sciences.org\/hautsdefrance\/wp-content\/uploads\/2024\/06\/block-adresse-portable-441x1024.jpg 441w, https:\/\/www.planete-sciences.org\/hautsdefrance\/wp-content\/uploads\/2024\/06\/block-adresse-portable-65x150.jpg 65w, https:\/\/www.planete-sciences.org\/hautsdefrance\/wp-content\/uploads\/2024\/06\/block-adresse-portable-768x1781.jpg 768w, https:\/\/www.planete-sciences.org\/hautsdefrance\/wp-content\/uploads\/2024\/06\/block-adresse-portable-662x1536.jpg 662w, https:\/\/www.planete-sciences.org\/hautsdefrance\/wp-content\/uploads\/2024\/06\/block-adresse-portable-883x2048.jpg 883w, https:\/\/www.planete-sciences.org\/hautsdefrance\/wp-content\/uploads\/2024\/06\/block-adresse-portable-624x1447.jpg 624w\" sizes=\"(max-width: 1104px) 100vw, 1104px\" \/>\t\t\t\t\t\t\t\t\t\t\t\t\t\t\t<\/div>\n\t\t\t\t<\/div>\n\t\t\t\t\t<\/div>\n\t\t\t\t<\/div>\n\t\t\t\t<\/div>\n\t\t","protected":false},"excerpt":{"rendered":"<p>Nos antennes L&rsquo;association Plan\u00e8te Sciences Hauts de France a \u00e9t\u00e9 cr\u00e9\u00e9e le 20 septembre 2017, suite \u00e0 la fusion des deux d\u00e9l\u00e9gations Picardie et Nord Pas de Calais. Elle est d\u00e9ploy\u00e9e sur le territoire \u00e0 travers 3 antennes qui ont pour vocation d&rsquo;animer chaque d\u00e9partement.<\/p>\n","protected":false},"author":1,"featured_media":0,"parent":0,"menu_order":0,"comment_status":"closed","ping_status":"closed","template":"","meta":{"footnotes":""},"class_list":["post-1927","page","type-page","status-publish","hentry"],"_links":{"self":[{"href":"https:\/\/www.planete-sciences.org\/hautsdefrance\/wp-json\/wp\/v2\/pages\/1927","targetHints":{"allow":["GET"]}}],"collection":[{"href":"https:\/\/www.planete-sciences.org\/hautsdefrance\/wp-json\/wp\/v2\/pages"}],"about":[{"href":"https:\/\/www.planete-sciences.org\/hautsdefrance\/wp-json\/wp\/v2\/types\/page"}],"author":[{"embeddable":true,"href":"https:\/\/www.planete-sciences.org\/hautsdefrance\/wp-json\/wp\/v2\/users\/1"}],"replies":[{"embeddable":true,"href":"https:\/\/www.planete-sciences.org\/hautsdefrance\/wp-json\/wp\/v2\/comments?post=1927"}],"version-history":[{"count":74,"href":"https:\/\/www.planete-sciences.org\/hautsdefrance\/wp-json\/wp\/v2\/pages\/1927\/revisions"}],"predecessor-version":[{"id":4413,"href":"https:\/\/www.planete-sciences.org\/hautsdefrance\/wp-json\/wp\/v2\/pages\/1927\/revisions\/4413"}],"wp:attachment":[{"href":"https:\/\/www.planete-sciences.org\/hautsdefrance\/wp-json\/wp\/v2\/media?parent=1927"}],"curies":[{"name":"wp","href":"https:\/\/api.w.org\/{rel}","templated":true}]}}