{"id":883,"date":"2016-09-18T17:29:53","date_gmt":"2016-09-18T17:29:53","guid":{"rendered":"http:\/\/monpc-120416357:81\/wordpress\/?page_id=883"},"modified":"2020-09-10T09:46:10","modified_gmt":"2020-09-10T09:46:10","slug":"pour-les-adultes-vaulx-en-velin","status":"publish","type":"page","link":"https:\/\/www.planete-sciences.org\/aura\/animations\/individuel\/a-vaulx-en-velin\/pour-les-adultes-vaulx-en-velin\/","title":{"rendered":"Pour les adultes (Vaulx-en-Velin)"},"content":{"rendered":"<p>Des rendez-vous B\u00e9n\u00e9voles ont lieu chaque mois en soir\u00e9e dans les locaux de l&rsquo;association pour permettre aux b\u00e9n\u00e9voles de pratiquer et d\u00e9couvrir les activit\u00e9s des l&rsquo;association, de s&rsquo;impliquer sur certains projets existants ou d&rsquo;en proposer de nouveaux.<\/p>\n<p>Cela permet \u00e9galement aux nouveaux b\u00e9n\u00e9voles de rencontrer des membres actifs dans l&rsquo;association depuis plus longtemps et d&rsquo;\u00e9changer ainsi sur des sujets techniques, scientifiques ou p\u00e9dagogiques.<\/p>\n<p>Si vous souhaitez y participer pour mieux d\u00e9couvrir l&rsquo;association ou vous investir sur l&rsquo;un de nos projet ou \u00e9v\u00e9nement n&rsquo;h\u00e9sitez pas \u00e0 nous contacter. aura@planete-sciences.org<\/p>\n<p>&nbsp;<\/p>\n","protected":false},"excerpt":{"rendered":"<p>Des rendez-vous B\u00e9n\u00e9voles ont lieu chaque mois en soir\u00e9e dans les locaux de l&rsquo;association pour permettre aux b\u00e9n\u00e9voles de pratiquer et d\u00e9couvrir les activit\u00e9s des l&rsquo;association, de s&rsquo;impliquer sur certains <a class=\"more-link\" href=\"https:\/\/www.planete-sciences.org\/aura\/animations\/individuel\/a-vaulx-en-velin\/pour-les-adultes-vaulx-en-velin\/\">Lire la suite \u2192<\/a><\/p>\n","protected":false},"author":1,"featured_media":0,"parent":875,"menu_order":0,"comment_status":"closed","ping_status":"closed","template":"","meta":{"footnotes":""},"class_list":["post-883","page","type-page","status-publish","hentry"],"_links":{"self":[{"href":"https:\/\/www.planete-sciences.org\/aura\/wp-json\/wp\/v2\/pages\/883","targetHints":{"allow":["GET"]}}],"collection":[{"href":"https:\/\/www.planete-sciences.org\/aura\/wp-json\/wp\/v2\/pages"}],"about":[{"href":"https:\/\/www.planete-sciences.org\/aura\/wp-json\/wp\/v2\/types\/page"}],"author":[{"embeddable":true,"href":"https:\/\/www.planete-sciences.org\/aura\/wp-json\/wp\/v2\/users\/1"}],"replies":[{"embeddable":true,"href":"https:\/\/www.planete-sciences.org\/aura\/wp-json\/wp\/v2\/comments?post=883"}],"version-history":[{"count":4,"href":"https:\/\/www.planete-sciences.org\/aura\/wp-json\/wp\/v2\/pages\/883\/revisions"}],"predecessor-version":[{"id":1931,"href":"https:\/\/www.planete-sciences.org\/aura\/wp-json\/wp\/v2\/pages\/883\/revisions\/1931"}],"up":[{"embeddable":true,"href":"https:\/\/www.planete-sciences.org\/aura\/wp-json\/wp\/v2\/pages\/875"}],"wp:attachment":[{"href":"https:\/\/www.planete-sciences.org\/aura\/wp-json\/wp\/v2\/media?parent=883"}],"curies":[{"name":"wp","href":"https:\/\/api.w.org\/{rel}","templated":true}]}}